{"id":927,"date":"2022-11-02T12:16:33","date_gmt":"2022-11-02T15:16:33","guid":{"rendered":"https:\/\/sbrc.sbc.org.br\/2026\/?page_id=927"},"modified":"2026-03-11T19:43:35","modified_gmt":"2026-03-11T22:43:35","slug":"local-do-evento","status":"publish","type":"page","link":"https:\/\/sbrc.sbc.org.br\/2026\/local-do-evento\/","title":{"rendered":"Local do Evento"},"content":{"rendered":"<div data-colibri-id=\"927-c1\" class=\"style-630 style-local-927-c1 position-relative\">\n  <!---->\n  <div data-colibri-component=\"section\" data-colibri-id=\"927-c2\" id=\"custom\" class=\"h-section h-section-global-spacing d-flex align-items-lg-center align-items-md-center align-items-center style-631 style-local-927-c2 position-relative\">\n    <!---->\n    <!---->\n    <div class=\"h-section-grid-container h-section-boxed-container\">\n      <!---->\n      <div data-colibri-id=\"927-c3\" class=\"h-row-container gutters-row-lg-2 gutters-row-md-2 gutters-row-0 gutters-row-v-lg-2 gutters-row-v-md-2 gutters-row-v-2 style-645 style-local-927-c3 position-relative\">\n        <!---->\n        <div class=\"h-row justify-content-lg-center justify-content-md-center justify-content-center align-items-lg-stretch align-items-md-stretch align-items-stretch gutters-col-lg-2 gutters-col-md-2 gutters-col-0 gutters-col-v-lg-2 gutters-col-v-md-2 gutters-col-v-2\">\n          <!---->\n          <div class=\"h-column h-column-container d-flex h-col-lg-auto h-col-md-auto h-col-auto style-646-outer style-local-927-c4-outer\">\n            <div data-colibri-id=\"927-c4\" class=\"d-flex h-flex-basis h-column__inner h-px-lg-2 h-px-md-2 h-px-2 v-inner-lg-2 v-inner-md-2 v-inner-2 style-646 style-local-927-c4 position-relative\">\n              <!---->\n              <!---->\n              <div class=\"w-100 h-y-container h-column__content h-column__v-align flex-basis-100 align-self-lg-start align-self-md-start align-self-start\">\n                <!---->\n                <div data-colibri-id=\"927-c5\" class=\"h-global-transition-all h-heading style-647 style-local-927-c5 position-relative h-element\">\n                  <!---->\n                  <div class=\"h-heading__outer style-647 style-local-927-c5\">\n                    <!---->\n                    <!---->\n                    <h1 class=\"\">Local do Evento<\/h1>\n                  <\/div>\n                <\/div>\n              <\/div>\n            <\/div>\n          <\/div>\n        <\/div>\n      <\/div>\n      <div data-colibri-id=\"927-c6\" class=\"h-row-container gutters-row-lg-2 gutters-row-md-2 gutters-row-0 gutters-row-v-lg-2 gutters-row-v-md-2 gutters-row-v-2 style-632 style-local-927-c6 position-relative\">\n        <!---->\n        <div class=\"h-row justify-content-lg-center justify-content-md-center justify-content-center align-items-lg-stretch align-items-md-stretch align-items-stretch gutters-col-lg-2 gutters-col-md-2 gutters-col-0 gutters-col-v-lg-2 gutters-col-v-md-2 gutters-col-v-2\">\n          <!---->\n          <div class=\"h-column h-column-container d-flex h-col-lg-auto h-col-md-auto h-col-auto style-633-outer style-local-927-c7-outer\">\n            <div data-colibri-id=\"927-c7\" class=\"d-flex h-flex-basis h-column__inner h-px-lg-2 h-px-md-2 h-px-2 v-inner-lg-2 v-inner-md-2 v-inner-2 style-633 style-local-927-c7 position-relative\">\n              <!---->\n              <!---->\n              <div class=\"w-100 h-y-container h-column__content h-column__v-align flex-basis-100 align-self-lg-start align-self-md-start align-self-start\">\n                <!---->\n                <div data-colibri-id=\"927-c8\" class=\"h-text h-text-component style-634 style-local-927-c8 position-relative h-element\">\n                  <!---->\n                  <!---->\n                  <div class=\"\">\n                    <p>A&nbsp;<strong>44\u00aa edi\u00e7\u00e3o do Simp\u00f3sio Brasileiro de Redes de Computadores e Sistemas Distribu\u00eddos (SBRC)<\/strong>&nbsp;ser\u00e1 realizada em Praia do Forte, Mata de S\u00e3o Jo\u00e3o, Bahia, distante 1h do Aeroporto de Salvador.<\/p>\n                    <p>O local do evento proporciona uma integra\u00e7\u00e3o com a natureza no Litoral Norte da Bahia, integrado com a Vila de Praia do Forte com uma ampla rede hoteleira e onde se concentram diversos restaurantes, que servir\u00e3o de base para almo\u00e7os\n                      e jantares, al\u00e9m de outros atrativos, como atividades de Ecoturismo, e o \u00fanico&nbsp;\n                      <a href=\"https:\/\/fgd.org.br\" style=\"color: rgb(3, 169, 244); font-size: 1em; font-weight: 400; font-family: Poppins;\" class=\"customize-unpreviewable\">castelo medieval das Am\u00e9ricas<\/a>.&nbsp;<\/p>\n                    <p><span style=\"color: rgb(23, 37, 42); font-family: Poppins; font-size: 16px; font-weight: 300;\">Uma das premissas desta edi\u00e7\u00e3o \u00e9 a integra\u00e7\u00e3o com a Comunidade Local em especial com parcerias com a escola da regi\u00e3o,&nbsp;<\/span>\n                      <strong\n                        style=\"font-weight: 400;\">Escola Municipal Angelina Rodrigues, localizada&nbsp;<\/strong><span style=\"font-weight: 400;\">ao lado do Centro de Conven\u00e7\u00f5es.<\/span><span style=\"font-weight: 300; color: rgb(23, 37, 42); font-family: Poppins; font-size: 16px;\">&nbsp;Com plena integra\u00e7\u00e3o \u00e0s comunidades tradicionais e associa\u00e7\u00f5es locais em a\u00e7\u00f5es de populariza\u00e7\u00e3o da ci\u00eancia e tecnologia, entendendo o papel social da comunidade cient\u00edfica brasileira.<\/span><\/p>\n                    <p><span style=\"font-weight: 300; font-size: 16px; font-family: Poppins; color: rgb(23, 37, 42);\">Praia do Forte combina natureza, hist\u00f3ria e comodidade para melhor receber toda a comunidade do SBRC e&nbsp;ofereceremos aos participantes op\u00e7\u00f5es de log\u00edstica adequadas entre a Vila e o Centro de Conven\u00e7\u00f5es com toda comodidade que o p\u00fablico do evento merece.<\/span><\/p>\n                  <\/div>\n                <\/div>\n              <\/div>\n            <\/div>\n          <\/div>\n        <\/div>\n      <\/div>\n      <div data-colibri-id=\"927-c9\" class=\"h-row-container gutters-row-lg-2 gutters-row-md-2 gutters-row-0 gutters-row-v-lg-2 gutters-row-v-md-2 gutters-row-v-2 style-635 style-local-927-c9 position-relative\">\n        <!---->\n        <div class=\"h-row justify-content-lg-center justify-content-md-center justify-content-center align-items-lg-stretch align-items-md-stretch align-items-stretch gutters-col-lg-2 gutters-col-md-2 gutters-col-0 gutters-col-v-lg-2 gutters-col-v-md-2 gutters-col-v-2\">\n          <!---->\n          <div class=\"h-column h-column-container d-flex h-col-lg-auto h-col-md-auto h-col-auto style-636-outer style-local-927-c10-outer\">\n            <div data-colibri-id=\"927-c10\" class=\"d-flex h-flex-basis h-column__inner h-px-lg-2 h-px-md-2 h-px-2 v-inner-lg-2 v-inner-md-2 v-inner-2 style-636 style-local-927-c10 position-relative\">\n              <!---->\n              <!---->\n              <div class=\"w-100 h-y-container h-column__content h-column__v-align flex-basis-100 align-self-lg-start align-self-md-start align-self-start\">\n                <!---->\n                <div data-colibri-id=\"927-c11\" class=\"d-block style-637 style-local-927-c11 position-relative h-element\">\n                  <!---->\n                  <div class=\"h-image__frame-container-outer\">\n                    <div class=\"h-image__frame-container\">\n                      <!---->\n                      <!---->\n                      <img fetchpriority=\"high\" decoding=\"async\" width=\"2560\" height=\"1440\" src=\"https:\/\/sbrc.sbc.org.br\/2026\/wp-content\/uploads\/2025\/05\/litoral-01-scaled.jpg\" class=\"wp-image-3998 style-637-image style-local-927-c11-image\" alt=\"\" srcset=\"https:\/\/sbrc.sbc.org.br\/2026\/wp-content\/uploads\/2025\/05\/litoral-01-scaled.jpg 2560w, https:\/\/sbrc.sbc.org.br\/2026\/wp-content\/uploads\/2025\/05\/litoral-01-300x169.jpg 300w, https:\/\/sbrc.sbc.org.br\/2026\/wp-content\/uploads\/2025\/05\/litoral-01-1024x576.jpg 1024w, https:\/\/sbrc.sbc.org.br\/2026\/wp-content\/uploads\/2025\/05\/litoral-01-768x432.jpg 768w, https:\/\/sbrc.sbc.org.br\/2026\/wp-content\/uploads\/2025\/05\/litoral-01-1536x864.jpg 1536w, https:\/\/sbrc.sbc.org.br\/2026\/wp-content\/uploads\/2025\/05\/litoral-01-2048x1152.jpg 2048w\" sizes=\"(max-width: 2560px) 100vw, 2560px\" \/>\n                      <div class=\"h-image__frame h-hide-lg h-hide-md h-hide-sm style-637-frameImage style-local-927-c11-frameImage\"><\/div>\n                    <\/div>\n                  <\/div>\n                <\/div>\n                <div data-colibri-id=\"927-c12\" class=\"h-x-container style-638 style-local-927-c12 position-relative h-element\">\n                  <!---->\n                  <div class=\"h-x-container-inner style-dynamic-927-c12-group style-638-spacing style-local-927-c12-spacing\"><span class=\"h-link__outer style-639-outer style-local-927-c13-outer d-inline-flex h-element\"><a h-use-smooth-scroll=\"true\" href=\"https:\/\/youtu.be\/9WWZWnwqwNQ\"  data-colibri-id=\"927-c13\" class=\"d-flex w-100 align-items-center h-link style-639 style-local-927-c13 position-relative\"><!----><!----> <span>Conhe\u00e7am a Praia do Forte e os arredores<\/span><\/a>\n                    <\/span>\n                  <\/div>\n                <\/div>\n                <div data-colibri-id=\"927-c14\" class=\"d-block style-640 style-local-927-c14 position-relative h-element\">\n                  <!---->\n                  <div class=\"h-image__frame-container-outer\">\n                    <div class=\"h-image__frame-container\">\n                      <!---->\n                      <!---->\n                      <img decoding=\"async\" width=\"2560\" height=\"1707\" src=\"https:\/\/sbrc.sbc.org.br\/2026\/wp-content\/uploads\/2025\/05\/Centro-de-Convenc\u0327a\u0303o-8-1-scaled.jpg\" class=\"wp-image-3997 style-640-image style-local-927-c14-image\" alt=\"\" srcset=\"https:\/\/sbrc.sbc.org.br\/2026\/wp-content\/uploads\/2025\/05\/Centro-de-Convenc\u0327a\u0303o-8-1-scaled.jpg 2560w, https:\/\/sbrc.sbc.org.br\/2026\/wp-content\/uploads\/2025\/05\/Centro-de-Convenc\u0327a\u0303o-8-1-300x200.jpg 300w, https:\/\/sbrc.sbc.org.br\/2026\/wp-content\/uploads\/2025\/05\/Centro-de-Convenc\u0327a\u0303o-8-1-1024x683.jpg 1024w, https:\/\/sbrc.sbc.org.br\/2026\/wp-content\/uploads\/2025\/05\/Centro-de-Convenc\u0327a\u0303o-8-1-768x512.jpg 768w, https:\/\/sbrc.sbc.org.br\/2026\/wp-content\/uploads\/2025\/05\/Centro-de-Convenc\u0327a\u0303o-8-1-1536x1024.jpg 1536w, https:\/\/sbrc.sbc.org.br\/2026\/wp-content\/uploads\/2025\/05\/Centro-de-Convenc\u0327a\u0303o-8-1-2048x1365.jpg 2048w\" sizes=\"(max-width: 2560px) 100vw, 2560px\" \/>\n                      <div class=\"h-image__frame h-hide-lg h-hide-md h-hide-sm style-640-frameImage style-local-927-c14-frameImage\"><\/div>\n                    <\/div>\n                  <\/div>\n                <\/div>\n              <\/div>\n            <\/div>\n          <\/div>\n        <\/div>\n      <\/div>\n      <div data-colibri-id=\"927-c15\" class=\"h-row-container gutters-row-lg-2 gutters-row-md-2 gutters-row-0 gutters-row-v-lg-2 gutters-row-v-md-2 gutters-row-v-2 style-641 style-local-927-c15 position-relative\">\n        <!---->\n        <div class=\"h-row justify-content-lg-center justify-content-md-center justify-content-center align-items-lg-stretch align-items-md-stretch align-items-stretch gutters-col-lg-2 gutters-col-md-2 gutters-col-0 gutters-col-v-lg-2 gutters-col-v-md-2 gutters-col-v-2\">\n          <!---->\n          <div class=\"h-column h-column-container d-flex h-col-lg-auto h-col-md-auto h-col-auto style-642-outer style-local-927-c16-outer\">\n            <div data-colibri-id=\"927-c16\" class=\"d-flex h-flex-basis h-column__inner h-px-lg-2 h-px-md-2 h-px-2 v-inner-lg-2 v-inner-md-2 v-inner-2 style-642 style-local-927-c16 position-relative\">\n              <!---->\n              <!---->\n              <div class=\"w-100 h-y-container h-column__content h-column__v-align flex-basis-100 align-self-lg-start align-self-md-start align-self-start\">\n                <!---->\n                <div data-colibri-id=\"927-c17\" class=\"h-x-container style-643 style-local-927-c17 position-relative h-element\">\n                  <!---->\n                  <div class=\"h-x-container-inner style-dynamic-927-c17-group style-643-spacing style-local-927-c17-spacing\"><span class=\"h-link__outer style-644-outer style-local-927-c18-outer d-inline-flex h-element\"><a h-use-smooth-scroll=\"true\" href=\"https:\/\/youtu.be\/qfJ-4GXT9JI\"  data-colibri-id=\"927-c18\" class=\"d-flex w-100 align-items-center h-link style-644 style-local-927-c18 position-relative\"><!----><!----> <span>Veja em detalhes o Centro de Conven\u00e7\u00f5es<\/span><\/a>\n                    <\/span>\n                  <\/div>\n                <\/div>\n              <\/div>\n            <\/div>\n          <\/div>\n        <\/div>\n      <\/div>\n      <div data-colibri-id=\"927-c19\" class=\"h-row-container gutters-row-lg-2 gutters-row-md-2 gutters-row-0 gutters-row-v-lg-2 gutters-row-v-md-2 gutters-row-v-2 style-663 style-local-927-c19 position-relative\">\n        <!---->\n        <div class=\"h-row justify-content-lg-center justify-content-md-center justify-content-center align-items-lg-stretch align-items-md-stretch align-items-stretch gutters-col-lg-2 gutters-col-md-2 gutters-col-0 gutters-col-v-lg-2 gutters-col-v-md-2 gutters-col-v-2\">\n          <!---->\n          <div class=\"h-column h-column-container d-flex h-col-lg-auto h-col-md-auto h-col-auto style-664-outer style-local-927-c20-outer\">\n            <div data-colibri-id=\"927-c20\" class=\"d-flex h-flex-basis h-column__inner h-px-lg-2 h-px-md-2 h-px-2 v-inner-lg-2 v-inner-md-2 v-inner-2 style-664 style-local-927-c20 position-relative\">\n              <!---->\n              <!---->\n              <div class=\"w-100 h-y-container h-column__content h-column__v-align flex-basis-100 align-self-lg-start align-self-md-start align-self-start\">\n                <!---->\n                <div data-colibri-id=\"927-c21\" class=\"d-block style-665 style-local-927-c21 position-relative h-element\">\n                  <!---->\n                  <div class=\"h-image__frame-container-outer\">\n                    <div class=\"h-image__frame-container\">\n                      <!---->\n                      <!---->\n                      <img decoding=\"async\" width=\"2560\" height=\"1440\" src=\"https:\/\/sbrc.sbc.org.br\/2026\/wp-content\/uploads\/2026\/03\/escola-local.jpg\" class=\"wp-image-5190 style-665-image style-local-927-c21-image\" alt=\"\" srcset=\"https:\/\/sbrc.sbc.org.br\/2026\/wp-content\/uploads\/2026\/03\/escola-local.jpg 2560w, https:\/\/sbrc.sbc.org.br\/2026\/wp-content\/uploads\/2026\/03\/escola-local-300x169.jpg 300w, https:\/\/sbrc.sbc.org.br\/2026\/wp-content\/uploads\/2026\/03\/escola-local-1024x576.jpg 1024w, https:\/\/sbrc.sbc.org.br\/2026\/wp-content\/uploads\/2026\/03\/escola-local-768x432.jpg 768w, https:\/\/sbrc.sbc.org.br\/2026\/wp-content\/uploads\/2026\/03\/escola-local-1536x864.jpg 1536w, https:\/\/sbrc.sbc.org.br\/2026\/wp-content\/uploads\/2026\/03\/escola-local-2048x1152.jpg 2048w\" sizes=\"(max-width: 2560px) 100vw, 2560px\" \/>\n                      <div class=\"h-image__frame h-hide-lg h-hide-md h-hide-sm style-665-frameImage style-local-927-c21-frameImage\"><\/div>\n                    <\/div>\n                  <\/div>\n                <\/div>\n                <div data-colibri-id=\"927-c22\" class=\"h-x-container style-666 style-local-927-c22 position-relative h-element\">\n                  <!---->\n                  <div class=\"h-x-container-inner style-dynamic-927-c22-group style-666-spacing style-local-927-c22-spacing\"><span class=\"h-link__outer style-667-outer style-local-927-c23-outer d-inline-flex h-element\"><a h-use-smooth-scroll=\"true\" href=\"https:\/\/www.google.com\/maps\/place\/Escola+Municipal+Professora+Angelina+Rodrigues+do+Nascimento\/@-12.566313,-38.0193599,1100m\/data=!3m2!1e3!4b1!4m6!3m5!1s0x716558803ab3deb:0x23d479bd44545daf!8m2!3d-12.5663182!4d-38.016785!16s%2Fg%2F11j3lqk5bq?entry=ttu&amp;g_ep=EgoyMDI2MDMwOS4wIKXMDSoASAFQAw%3D%3D\"  data-colibri-id=\"927-c23\" class=\"d-flex w-100 align-items-center h-link style-667 style-local-927-c23 position-relative\"><!----><!----> <span> Escola Municipal Prof. Angelina Rodrigues<\/span><\/a>\n                    <\/span>\n                  <\/div>\n                <\/div>\n                <div data-colibri-id=\"927-c24\" class=\"d-block style-668 style-local-927-c24 position-relative h-element\">\n                  <!---->\n                  <div class=\"h-image__frame-container-outer\">\n                    <div class=\"h-image__frame-container\">\n                      <!---->\n                      <!---->\n                      <img loading=\"lazy\" decoding=\"async\" width=\"2560\" height=\"1256\" src=\"https:\/\/sbrc.sbc.org.br\/2026\/wp-content\/uploads\/2026\/03\/map-sbrc26.jpg\" class=\"wp-image-5191 style-668-image style-local-927-c24-image\" alt=\"\" srcset=\"https:\/\/sbrc.sbc.org.br\/2026\/wp-content\/uploads\/2026\/03\/map-sbrc26.jpg 2560w, https:\/\/sbrc.sbc.org.br\/2026\/wp-content\/uploads\/2026\/03\/map-sbrc26-300x147.jpg 300w, https:\/\/sbrc.sbc.org.br\/2026\/wp-content\/uploads\/2026\/03\/map-sbrc26-1024x502.jpg 1024w, https:\/\/sbrc.sbc.org.br\/2026\/wp-content\/uploads\/2026\/03\/map-sbrc26-768x377.jpg 768w, https:\/\/sbrc.sbc.org.br\/2026\/wp-content\/uploads\/2026\/03\/map-sbrc26-1536x754.jpg 1536w, https:\/\/sbrc.sbc.org.br\/2026\/wp-content\/uploads\/2026\/03\/map-sbrc26-2048x1005.jpg 2048w\" sizes=\"(max-width: 2560px) 100vw, 2560px\" \/>\n                      <div class=\"h-image__frame h-hide-lg h-hide-md h-hide-sm style-668-frameImage style-local-927-c24-frameImage\"><\/div>\n                    <\/div>\n                  <\/div>\n                <\/div>\n                <div data-colibri-id=\"927-c25\" class=\"h-x-container style-669 style-local-927-c25 position-relative h-element\">\n                  <!---->\n                  <div class=\"h-x-container-inner style-dynamic-927-c25-group style-669-spacing style-local-927-c25-spacing\"><span class=\"h-link__outer style-670-outer style-local-927-c26-outer d-inline-flex h-element\"><a h-use-smooth-scroll=\"true\" href=\"https:\/\/www.google.com\/maps\/dir\/Escola+Municipal+Professora+Angelina+Rodrigues+do+Nascimento+-+A%C3%A7u+da+Torre,+Mata+de+S%C3%A3o+Jo%C3%A3o+-+BA,+48280-000\/-12.563257,-38.0160001\/@-12.5644481,-38.0177581,550m\/data=!3m1!1e3!4m9!4m8!1m5!1m1!1s0x716558803ab3deb:0x23d479bd44545daf!2m2!1d-38.0167869!2d-12.566326!1m0!3e2?entry=ttu&amp;g_ep=EgoyMDI2MDMwOS4wIKXMDSoASAFQAw%3D%3D\"  data-colibri-id=\"927-c26\" class=\"d-flex w-100 align-items-center h-link style-670 style-local-927-c26 position-relative\"><!----><!----> <span>Dist\u00e2ncia entre o centro de conven\u00e7\u00f5es e a escola<\/span><\/a>\n                    <\/span>\n                  <\/div>\n                <\/div>\n              <\/div>\n            <\/div>\n          <\/div>\n        <\/div>\n      <\/div>\n    <\/div>\n  <\/div>\n<\/div>","protected":false},"excerpt":{"rendered":"<p>Local do Evento A&nbsp;44\u00aa edi\u00e7\u00e3o do Simp\u00f3sio Brasileiro de Redes de Computadores e Sistemas Distribu\u00eddos (SBRC)&nbsp;ser\u00e1 realizada em Praia do Forte, Mata de S\u00e3o Jo\u00e3o, Bahia, distante 1h do Aeroporto de Salvador. O local do evento proporciona uma integra\u00e7\u00e3o com a natureza no Litoral Norte da Bahia, integrado com a Vila de Praia do Forte com uma ampla rede hoteleira e onde se concentram diversos restaurantes, que servir\u00e3o de base para almo\u00e7os e jantares, al\u00e9m de outros atrativos, como atividades de Ecoturismo, e o \u00fanico&nbsp; castelo medieval das Am\u00e9ricas.&nbsp; Uma das premissas desta edi\u00e7\u00e3o \u00e9 a integra\u00e7\u00e3o com a Comunidade Local em especial com parcerias com a escola da regi\u00e3o,&nbsp; Escola Municipal Angelina Rodrigues, localizada&nbsp;ao lado do Centro de Conven\u00e7\u00f5es.&nbsp;Com plena integra\u00e7\u00e3o \u00e0s comunidades tradicionais e associa\u00e7\u00f5es locais em a\u00e7\u00f5es de populariza\u00e7\u00e3o da ci\u00eancia e tecnologia, entendendo o papel social da comunidade cient\u00edfica brasileira. Praia do Forte combina natureza, hist\u00f3ria e comodidade para melhor receber toda a comunidade do SBRC e&nbsp;ofereceremos aos participantes op\u00e7\u00f5es de log\u00edstica adequadas entre a Vila e o Centro de Conven\u00e7\u00f5es com toda comodidade que o p\u00fablico do evento merece. Conhe\u00e7am a Praia do Forte e os arredores Veja em detalhes o Centro de Conven\u00e7\u00f5es Escola Municipal Prof. Angelina Rodrigues Dist\u00e2ncia entre o centro de conven\u00e7\u00f5es e a escola<\/p>\n","protected":false},"author":6,"featured_media":0,"parent":0,"menu_order":0,"comment_status":"closed","ping_status":"closed","template":"page-templates\/full-width-page.php","meta":{"footnotes":""},"class_list":["post-927","page","type-page","status-publish","hentry"],"_links":{"self":[{"href":"https:\/\/sbrc.sbc.org.br\/2026\/wp-json\/wp\/v2\/pages\/927","targetHints":{"allow":["GET"]}}],"collection":[{"href":"https:\/\/sbrc.sbc.org.br\/2026\/wp-json\/wp\/v2\/pages"}],"about":[{"href":"https:\/\/sbrc.sbc.org.br\/2026\/wp-json\/wp\/v2\/types\/page"}],"author":[{"embeddable":true,"href":"https:\/\/sbrc.sbc.org.br\/2026\/wp-json\/wp\/v2\/users\/6"}],"replies":[{"embeddable":true,"href":"https:\/\/sbrc.sbc.org.br\/2026\/wp-json\/wp\/v2\/comments?post=927"}],"version-history":[{"count":20,"href":"https:\/\/sbrc.sbc.org.br\/2026\/wp-json\/wp\/v2\/pages\/927\/revisions"}],"predecessor-version":[{"id":5194,"href":"https:\/\/sbrc.sbc.org.br\/2026\/wp-json\/wp\/v2\/pages\/927\/revisions\/5194"}],"wp:attachment":[{"href":"https:\/\/sbrc.sbc.org.br\/2026\/wp-json\/wp\/v2\/media?parent=927"}],"curies":[{"name":"wp","href":"https:\/\/api.w.org\/{rel}","templated":true}]}}