{"id":616,"date":"2022-10-24T16:51:23","date_gmt":"2022-10-24T19:51:23","guid":{"rendered":"https:\/\/sbrc.sbc.org.br\/2026\/?page_id=616"},"modified":"2026-04-06T16:26:30","modified_gmt":"2026-04-06T19:26:30","slug":"comite-organizador","status":"publish","type":"page","link":"https:\/\/sbrc.sbc.org.br\/2026\/comite-organizador\/","title":{"rendered":"Comit\u00ea Organizador"},"content":{"rendered":"\n<h2 class=\"wp-block-heading\">Coordena\u00e7\u00e3o Geral<\/h2>\n\n\n\n<div class=\"wp-block-columns perfil is-layout-flex wp-container-core-columns-is-layout-9d6595d7 wp-block-columns-is-layout-flex\">\n<div class=\"wp-block-column is-layout-flow wp-block-column-is-layout-flow\">\n<figure class=\"wp-block-image size-full is-style-rounded\"><img fetchpriority=\"high\" decoding=\"async\" width=\"1465\" height=\"1704\" src=\"https:\/\/sbrc.sbc.org.br\/2026\/wp-content\/uploads\/2025\/05\/leobino.jpeg\" alt=\"\" class=\"wp-image-3823\" style=\"aspect-ratio:1;object-fit:cover\" srcset=\"https:\/\/sbrc.sbc.org.br\/2026\/wp-content\/uploads\/2025\/05\/leobino.jpeg 1465w, https:\/\/sbrc.sbc.org.br\/2026\/wp-content\/uploads\/2025\/05\/leobino-258x300.jpeg 258w, https:\/\/sbrc.sbc.org.br\/2026\/wp-content\/uploads\/2025\/05\/leobino-880x1024.jpeg 880w, https:\/\/sbrc.sbc.org.br\/2026\/wp-content\/uploads\/2025\/05\/leobino-768x893.jpeg 768w, https:\/\/sbrc.sbc.org.br\/2026\/wp-content\/uploads\/2025\/05\/leobino-1321x1536.jpeg 1321w\" sizes=\"(max-width: 1465px) 100vw, 1465px\" \/><figcaption class=\"wp-element-caption\">Leobino Nascimento Sampaio<br>UFBA<\/figcaption><\/figure>\n<\/div>\n\n\n\n<div class=\"wp-block-column is-layout-flow wp-block-column-is-layout-flow\">\n<figure class=\"wp-block-image size-full is-style-rounded\"><img decoding=\"async\" width=\"640\" height=\"640\" src=\"https:\/\/sbrc.sbc.org.br\/2026\/wp-content\/uploads\/2025\/05\/allan.jpg\" alt=\"\" class=\"wp-image-3824\" style=\"aspect-ratio:1;object-fit:cover\" srcset=\"https:\/\/sbrc.sbc.org.br\/2026\/wp-content\/uploads\/2025\/05\/allan.jpg 640w, https:\/\/sbrc.sbc.org.br\/2026\/wp-content\/uploads\/2025\/05\/allan-300x300.jpg 300w, https:\/\/sbrc.sbc.org.br\/2026\/wp-content\/uploads\/2025\/05\/allan-150x150.jpg 150w\" sizes=\"(max-width: 640px) 100vw, 640px\" \/><figcaption class=\"wp-element-caption\">Allan Edgard Silva Freitas<br>IFBA<\/figcaption><\/figure>\n<\/div>\n\n\n\n<div class=\"wp-block-column is-layout-flow wp-block-column-is-layout-flow\"><\/div>\n<\/div>\n\n\n\n<h2 class=\"wp-block-heading\">Coordena\u00e7\u00e3o do Comit\u00ea de Programa<\/h2>\n\n\n\n<div class=\"wp-block-columns perfil is-layout-flex wp-container-core-columns-is-layout-9d6595d7 wp-block-columns-is-layout-flex\">\n<div class=\"wp-block-column is-layout-flow wp-block-column-is-layout-flow\">\n<figure class=\"wp-block-image size-full\"><img decoding=\"async\" width=\"128\" height=\"128\" src=\"https:\/\/sbrc.sbc.org.br\/2026\/wp-content\/uploads\/2025\/05\/alex.jpeg\" alt=\"\" class=\"wp-image-3826\" style=\"aspect-ratio:1;object-fit:cover\"\/><figcaption class=\"wp-element-caption\">Alex Borges Vieira<br>UFJF<\/figcaption><\/figure>\n<\/div>\n\n\n\n<div class=\"wp-block-column is-layout-flow wp-block-column-is-layout-flow\">\n<figure class=\"wp-block-image size-full\"><img loading=\"lazy\" decoding=\"async\" width=\"2560\" height=\"2152\" src=\"https:\/\/sbrc.sbc.org.br\/2026\/wp-content\/uploads\/2025\/05\/michellew-scaled.jpeg\" alt=\"\" class=\"wp-image-3827\" style=\"aspect-ratio:1;object-fit:cover\" srcset=\"https:\/\/sbrc.sbc.org.br\/2026\/wp-content\/uploads\/2025\/05\/michellew-scaled.jpeg 2560w, https:\/\/sbrc.sbc.org.br\/2026\/wp-content\/uploads\/2025\/05\/michellew-300x252.jpeg 300w, https:\/\/sbrc.sbc.org.br\/2026\/wp-content\/uploads\/2025\/05\/michellew-1024x861.jpeg 1024w, https:\/\/sbrc.sbc.org.br\/2026\/wp-content\/uploads\/2025\/05\/michellew-768x646.jpeg 768w, https:\/\/sbrc.sbc.org.br\/2026\/wp-content\/uploads\/2025\/05\/michellew-1536x1291.jpeg 1536w, https:\/\/sbrc.sbc.org.br\/2026\/wp-content\/uploads\/2025\/05\/michellew-2048x1722.jpeg 2048w\" sizes=\"(max-width: 2560px) 100vw, 2560px\" \/><figcaption class=\"wp-element-caption\">Michelle Silva Wangham<br>UNIVALI<\/figcaption><\/figure>\n<\/div>\n\n\n\n<div class=\"wp-block-column is-layout-flow wp-block-column-is-layout-flow\"><\/div>\n<\/div>\n\n\n\n<h2 class=\"wp-block-heading\">Coordena\u00e7\u00e3o da Trilha de Ind\u00fastria<\/h2>\n\n\n\n<div class=\"wp-block-columns perfil is-layout-flex wp-container-core-columns-is-layout-9d6595d7 wp-block-columns-is-layout-flex\">\n<div class=\"wp-block-column is-layout-flow wp-block-column-is-layout-flow\">\n<figure class=\"wp-block-image size-full\"><img loading=\"lazy\" decoding=\"async\" width=\"146\" height=\"220\" src=\"https:\/\/sbrc.sbc.org.br\/2026\/wp-content\/uploads\/2025\/05\/francisco_brasileiro.jpg\" alt=\"\" class=\"wp-image-3833\" style=\"aspect-ratio:1;object-fit:cover\"\/><figcaption class=\"wp-element-caption\">Francisco Vilar Brasileiro<br>UFCG<\/figcaption><\/figure>\n<\/div>\n\n\n\n<div class=\"wp-block-column is-layout-flow wp-block-column-is-layout-flow\">\n<figure class=\"wp-block-image size-full\"><img loading=\"lazy\" decoding=\"async\" width=\"200\" height=\"200\" src=\"https:\/\/sbrc.sbc.org.br\/2026\/wp-content\/uploads\/2025\/05\/daniel.jpeg\" alt=\"\" class=\"wp-image-3834\" style=\"aspect-ratio:1;object-fit:cover\" srcset=\"https:\/\/sbrc.sbc.org.br\/2026\/wp-content\/uploads\/2025\/05\/daniel.jpeg 200w, https:\/\/sbrc.sbc.org.br\/2026\/wp-content\/uploads\/2025\/05\/daniel-150x150.jpeg 150w\" sizes=\"(max-width: 200px) 100vw, 200px\" \/><figcaption class=\"wp-element-caption\">Daniel Fireman<br>Unico IDTech<\/figcaption><\/figure>\n<\/div>\n\n\n\n<div class=\"wp-block-column is-layout-flow wp-block-column-is-layout-flow\"><\/div>\n<\/div>\n\n\n\n<h2 class=\"wp-block-heading\">Coordena\u00e7\u00e3o de Workshops<\/h2>\n\n\n\n<div class=\"wp-block-columns perfil is-layout-flex wp-container-core-columns-is-layout-9d6595d7 wp-block-columns-is-layout-flex\">\n<div class=\"wp-block-column is-layout-flow wp-block-column-is-layout-flow\">\n<figure class=\"wp-block-image size-full\"><img loading=\"lazy\" decoding=\"async\" width=\"227\" height=\"314\" src=\"https:\/\/sbrc.sbc.org.br\/2026\/wp-content\/uploads\/2025\/05\/miguel.jpeg\" alt=\"\" class=\"wp-image-3830\" style=\"aspect-ratio:1;object-fit:cover\" srcset=\"https:\/\/sbrc.sbc.org.br\/2026\/wp-content\/uploads\/2025\/05\/miguel.jpeg 227w, https:\/\/sbrc.sbc.org.br\/2026\/wp-content\/uploads\/2025\/05\/miguel-217x300.jpeg 217w\" sizes=\"(max-width: 227px) 100vw, 227px\" \/><figcaption class=\"wp-element-caption\">Miguel Elias Mitre Campista<br>UFRJ<\/figcaption><\/figure>\n<\/div>\n\n\n\n<div class=\"wp-block-column is-layout-flow wp-block-column-is-layout-flow\"><\/div>\n\n\n\n<div class=\"wp-block-column is-layout-flow wp-block-column-is-layout-flow\"><\/div>\n<\/div>\n\n\n\n<h2 class=\"wp-block-heading\">Coordena\u00e7\u00e3o de Pain\u00e9is<\/h2>\n\n\n\n<div class=\"wp-block-columns perfil is-layout-flex wp-container-core-columns-is-layout-9d6595d7 wp-block-columns-is-layout-flex\">\n<div class=\"wp-block-column is-layout-flow wp-block-column-is-layout-flow\">\n<figure class=\"wp-block-image size-full\"><img loading=\"lazy\" decoding=\"async\" width=\"1800\" height=\"1200\" src=\"https:\/\/sbrc.sbc.org.br\/2026\/wp-content\/uploads\/2025\/05\/magnos.jpeg\" alt=\"\" class=\"wp-image-3839\" style=\"aspect-ratio:1;object-fit:cover\" srcset=\"https:\/\/sbrc.sbc.org.br\/2026\/wp-content\/uploads\/2025\/05\/magnos.jpeg 1800w, https:\/\/sbrc.sbc.org.br\/2026\/wp-content\/uploads\/2025\/05\/magnos-300x200.jpeg 300w, https:\/\/sbrc.sbc.org.br\/2026\/wp-content\/uploads\/2025\/05\/magnos-1024x683.jpeg 1024w, https:\/\/sbrc.sbc.org.br\/2026\/wp-content\/uploads\/2025\/05\/magnos-768x512.jpeg 768w, https:\/\/sbrc.sbc.org.br\/2026\/wp-content\/uploads\/2025\/05\/magnos-1536x1024.jpeg 1536w\" sizes=\"(max-width: 1800px) 100vw, 1800px\" \/><figcaption class=\"wp-element-caption\">Magnos Martinello<br>UFES<\/figcaption><\/figure>\n<\/div>\n\n\n\n<div class=\"wp-block-column is-layout-flow wp-block-column-is-layout-flow\">\n<figure class=\"wp-block-image size-full\"><img loading=\"lazy\" decoding=\"async\" width=\"169\" height=\"194\" src=\"https:\/\/sbrc.sbc.org.br\/2026\/wp-content\/uploads\/2025\/05\/Christian.jpeg\" alt=\"\" class=\"wp-image-3840\" style=\"aspect-ratio:1;object-fit:cover\"\/><figcaption class=\"wp-element-caption\">Christian Rodolfo Esteve Rothenberg<br>UNICAMP<\/figcaption><\/figure>\n<\/div>\n\n\n\n<div class=\"wp-block-column is-layout-flow wp-block-column-is-layout-flow\"><\/div>\n<\/div>\n\n\n\n<h2 class=\"wp-block-heading\">Coordena\u00e7\u00e3o de Palestras<\/h2>\n\n\n\n<div class=\"wp-block-columns perfil is-layout-flex wp-container-core-columns-is-layout-9d6595d7 wp-block-columns-is-layout-flex\">\n<div class=\"wp-block-column is-layout-flow wp-block-column-is-layout-flow\">\n<figure class=\"wp-block-image size-full\"><img loading=\"lazy\" decoding=\"async\" width=\"354\" height=\"354\" src=\"https:\/\/sbrc.sbc.org.br\/2026\/wp-content\/uploads\/2022\/10\/EduardoCerqueira.png\" alt=\"\" class=\"wp-image-585\" style=\"aspect-ratio:1;object-fit:cover\" srcset=\"https:\/\/sbrc.sbc.org.br\/2026\/wp-content\/uploads\/2022\/10\/EduardoCerqueira.png 354w, https:\/\/sbrc.sbc.org.br\/2026\/wp-content\/uploads\/2022\/10\/EduardoCerqueira-300x300.png 300w, https:\/\/sbrc.sbc.org.br\/2026\/wp-content\/uploads\/2022\/10\/EduardoCerqueira-150x150.png 150w\" sizes=\"(max-width: 354px) 100vw, 354px\" \/><figcaption class=\"wp-element-caption\">Eduardo Coelho Cerqueira<br>UFPA<\/figcaption><\/figure>\n<\/div>\n\n\n\n<div class=\"wp-block-column is-layout-flow wp-block-column-is-layout-flow\"><\/div>\n\n\n\n<div class=\"wp-block-column is-layout-flow wp-block-column-is-layout-flow\"><\/div>\n<\/div>\n\n\n\n<h2 class=\"wp-block-heading\">Coordena\u00e7\u00e3o do Concurso de Teses e Disserta\u00e7\u00f5es<\/h2>\n\n\n\n<div class=\"wp-block-columns perfil is-layout-flex wp-container-core-columns-is-layout-9d6595d7 wp-block-columns-is-layout-flex\">\n<div class=\"wp-block-column is-layout-flow wp-block-column-is-layout-flow\">\n<figure class=\"wp-block-image size-full\"><img loading=\"lazy\" decoding=\"async\" width=\"600\" height=\"600\" src=\"https:\/\/sbrc.sbc.org.br\/2026\/wp-content\/uploads\/2022\/10\/RafaelLopes.jpg\" alt=\"\" class=\"wp-image-593\" style=\"aspect-ratio:1;object-fit:cover\" srcset=\"https:\/\/sbrc.sbc.org.br\/2026\/wp-content\/uploads\/2022\/10\/RafaelLopes.jpg 600w, https:\/\/sbrc.sbc.org.br\/2026\/wp-content\/uploads\/2022\/10\/RafaelLopes-300x300.jpg 300w, https:\/\/sbrc.sbc.org.br\/2026\/wp-content\/uploads\/2022\/10\/RafaelLopes-150x150.jpg 150w\" sizes=\"(max-width: 600px) 100vw, 600px\" \/><figcaption class=\"wp-element-caption\">Rafael Lopes Gomes<br>UECE<\/figcaption><\/figure>\n<\/div>\n\n\n\n<div class=\"wp-block-column is-layout-flow wp-block-column-is-layout-flow\">\n<figure class=\"wp-block-image size-full\"><img loading=\"lazy\" decoding=\"async\" width=\"828\" height=\"929\" src=\"https:\/\/sbrc.sbc.org.br\/2026\/wp-content\/uploads\/2025\/05\/jussara.jpeg\" alt=\"\" class=\"wp-image-3836\" style=\"aspect-ratio:1;object-fit:cover\" srcset=\"https:\/\/sbrc.sbc.org.br\/2026\/wp-content\/uploads\/2025\/05\/jussara.jpeg 828w, https:\/\/sbrc.sbc.org.br\/2026\/wp-content\/uploads\/2025\/05\/jussara-267x300.jpeg 267w, https:\/\/sbrc.sbc.org.br\/2026\/wp-content\/uploads\/2025\/05\/jussara-768x862.jpeg 768w\" sizes=\"(max-width: 828px) 100vw, 828px\" \/><figcaption class=\"wp-element-caption\">Jussara Marques de Almeida<br>UFMG<\/figcaption><\/figure>\n<\/div>\n\n\n\n<div class=\"wp-block-column is-layout-flow wp-block-column-is-layout-flow\"><\/div>\n<\/div>\n\n\n\n<h2 class=\"wp-block-heading\">Coordena\u00e7\u00e3o do MUSAS<\/h2>\n\n\n\n<div class=\"wp-block-columns perfil is-layout-flex wp-container-core-columns-is-layout-9d6595d7 wp-block-columns-is-layout-flex\">\n<div class=\"wp-block-column is-layout-flow wp-block-column-is-layout-flow\">\n<figure class=\"wp-block-image size-full is-style-rounded\"><img loading=\"lazy\" decoding=\"async\" width=\"405\" height=\"405\" src=\"https:\/\/sbrc.sbc.org.br\/2026\/wp-content\/uploads\/2022\/10\/PriscilaSolis.jpg\" alt=\"\" class=\"wp-image-592\" style=\"aspect-ratio:1;object-fit:cover\" srcset=\"https:\/\/sbrc.sbc.org.br\/2026\/wp-content\/uploads\/2022\/10\/PriscilaSolis.jpg 405w, https:\/\/sbrc.sbc.org.br\/2026\/wp-content\/uploads\/2022\/10\/PriscilaSolis-300x300.jpg 300w, https:\/\/sbrc.sbc.org.br\/2026\/wp-content\/uploads\/2022\/10\/PriscilaSolis-150x150.jpg 150w\" sizes=\"(max-width: 405px) 100vw, 405px\" \/><figcaption class=\"wp-element-caption\">Priscila America Solis Mendez<br>UnB<\/figcaption><\/figure>\n<\/div>\n\n\n\n<div class=\"wp-block-column is-layout-flow wp-block-column-is-layout-flow\"><\/div>\n\n\n\n<div class=\"wp-block-column is-layout-flow wp-block-column-is-layout-flow\"><\/div>\n<\/div>\n\n\n\n<h2 class=\"wp-block-heading\">Coordena\u00e7\u00e3o do Minicursos<\/h2>\n\n\n\n<div class=\"wp-block-columns perfil is-layout-flex wp-container-core-columns-is-layout-9d6595d7 wp-block-columns-is-layout-flex\">\n<div class=\"wp-block-column is-layout-flow wp-block-column-is-layout-flow\">\n<figure class=\"wp-block-image size-full\"><img loading=\"lazy\" decoding=\"async\" width=\"827\" height=\"1024\" src=\"https:\/\/sbrc.sbc.org.br\/2026\/wp-content\/uploads\/2025\/05\/anelise.jpeg\" alt=\"\" class=\"wp-image-3848\" style=\"aspect-ratio:1;object-fit:cover\" srcset=\"https:\/\/sbrc.sbc.org.br\/2026\/wp-content\/uploads\/2025\/05\/anelise.jpeg 827w, https:\/\/sbrc.sbc.org.br\/2026\/wp-content\/uploads\/2025\/05\/anelise-242x300.jpeg 242w, https:\/\/sbrc.sbc.org.br\/2026\/wp-content\/uploads\/2025\/05\/anelise-768x951.jpeg 768w\" sizes=\"(max-width: 827px) 100vw, 827px\" \/><figcaption class=\"wp-element-caption\">Anelise Munaretto Fonseca<br>UTFPR<\/figcaption><\/figure>\n<\/div>\n\n\n\n<div class=\"wp-block-column is-layout-flow wp-block-column-is-layout-flow\">\n<figure class=\"wp-block-image size-full\"><img loading=\"lazy\" decoding=\"async\" width=\"1057\" height=\"1307\" src=\"https:\/\/sbrc.sbc.org.br\/2026\/wp-content\/uploads\/2025\/05\/igor.jpeg\" alt=\"\" class=\"wp-image-3847\" style=\"aspect-ratio:1;object-fit:cover\" srcset=\"https:\/\/sbrc.sbc.org.br\/2026\/wp-content\/uploads\/2025\/05\/igor.jpeg 1057w, https:\/\/sbrc.sbc.org.br\/2026\/wp-content\/uploads\/2025\/05\/igor-243x300.jpeg 243w, https:\/\/sbrc.sbc.org.br\/2026\/wp-content\/uploads\/2025\/05\/igor-828x1024.jpeg 828w, https:\/\/sbrc.sbc.org.br\/2026\/wp-content\/uploads\/2025\/05\/igor-768x950.jpeg 768w\" sizes=\"(max-width: 1057px) 100vw, 1057px\" \/><figcaption class=\"wp-element-caption\">Igor Monteiro Moraes<br>UFF<\/figcaption><\/figure>\n<\/div>\n\n\n\n<div class=\"wp-block-column is-layout-flow wp-block-column-is-layout-flow\"><\/div>\n<\/div>\n\n\n\n<h2 class=\"wp-block-heading\">Coordena\u00e7\u00e3o do Sal\u00e3o de Ferramentas<\/h2>\n\n\n\n<div class=\"wp-block-columns perfil is-layout-flex wp-container-core-columns-is-layout-9d6595d7 wp-block-columns-is-layout-flex\">\n<div class=\"wp-block-column is-layout-flow wp-block-column-is-layout-flow\">\n<figure class=\"wp-block-image size-full\"><img loading=\"lazy\" decoding=\"async\" width=\"220\" height=\"220\" src=\"https:\/\/sbrc.sbc.org.br\/2026\/wp-content\/uploads\/2022\/10\/JefersonCamposNobre.jpg\" alt=\"\" class=\"wp-image-587\" srcset=\"https:\/\/sbrc.sbc.org.br\/2026\/wp-content\/uploads\/2022\/10\/JefersonCamposNobre.jpg 220w, https:\/\/sbrc.sbc.org.br\/2026\/wp-content\/uploads\/2022\/10\/JefersonCamposNobre-150x150.jpg 150w\" sizes=\"(max-width: 220px) 100vw, 220px\" \/><figcaption class=\"wp-element-caption\">J\u00e9ferson Campos Nobre<br>UFRGS<\/figcaption><\/figure>\n<\/div>\n\n\n\n<div class=\"wp-block-column is-layout-flow wp-block-column-is-layout-flow\">\n<figure class=\"wp-block-image size-full\"><img loading=\"lazy\" decoding=\"async\" width=\"570\" height=\"563\" src=\"https:\/\/sbrc.sbc.org.br\/2026\/wp-content\/uploads\/2025\/05\/maycon.jpeg\" alt=\"\" class=\"wp-image-3850\" style=\"aspect-ratio:1;object-fit:cover\" srcset=\"https:\/\/sbrc.sbc.org.br\/2026\/wp-content\/uploads\/2025\/05\/maycon.jpeg 570w, https:\/\/sbrc.sbc.org.br\/2026\/wp-content\/uploads\/2025\/05\/maycon-300x296.jpeg 300w\" sizes=\"(max-width: 570px) 100vw, 570px\" \/><figcaption class=\"wp-element-caption\">Maycon Leone Maciel Peixoto<br>UFBA<\/figcaption><\/figure>\n<\/div>\n\n\n\n<div class=\"wp-block-column is-layout-flow wp-block-column-is-layout-flow\"><\/div>\n<\/div>\n\n\n\n<h2 class=\"wp-block-heading\">Coordena\u00e7\u00e3o do Hackathon<\/h2>\n\n\n\n<div class=\"wp-block-columns perfil is-layout-flex wp-container-core-columns-is-layout-9d6595d7 wp-block-columns-is-layout-flex\">\n<div class=\"wp-block-column is-layout-flow wp-block-column-is-layout-flow\">\n<figure class=\"wp-block-image size-full\"><img loading=\"lazy\" decoding=\"async\" width=\"344\" height=\"421\" src=\"https:\/\/sbrc.sbc.org.br\/2026\/wp-content\/uploads\/2025\/05\/luizrodrigues.jpeg\" alt=\"\" class=\"wp-image-3843\" style=\"aspect-ratio:1;object-fit:cover\" srcset=\"https:\/\/sbrc.sbc.org.br\/2026\/wp-content\/uploads\/2025\/05\/luizrodrigues.jpeg 344w, https:\/\/sbrc.sbc.org.br\/2026\/wp-content\/uploads\/2025\/05\/luizrodrigues-245x300.jpeg 245w\" sizes=\"(max-width: 344px) 100vw, 344px\" \/><figcaption class=\"wp-element-caption\">Luiz Ant\u00f4nio Rodrigues<br>UNIOESTE<\/figcaption><\/figure>\n<\/div>\n\n\n\n<div class=\"wp-block-column is-layout-flow wp-block-column-is-layout-flow\">\n<figure class=\"wp-block-image size-full\"><img loading=\"lazy\" decoding=\"async\" width=\"443\" height=\"492\" src=\"https:\/\/sbrc.sbc.org.br\/2026\/wp-content\/uploads\/2025\/05\/alirio.jpeg\" alt=\"\" class=\"wp-image-3844\" style=\"aspect-ratio:1;object-fit:cover\" srcset=\"https:\/\/sbrc.sbc.org.br\/2026\/wp-content\/uploads\/2025\/05\/alirio.jpeg 443w, https:\/\/sbrc.sbc.org.br\/2026\/wp-content\/uploads\/2025\/05\/alirio-270x300.jpeg 270w\" sizes=\"(max-width: 443px) 100vw, 443px\" \/><figcaption class=\"wp-element-caption\">Al\u00edrio Santos de S\u00e1<br>UFBA<\/figcaption><\/figure>\n<\/div>\n\n\n\n<div class=\"wp-block-column is-layout-flow wp-block-column-is-layout-flow\"><\/div>\n<\/div>\n\n\n\n<h2 class=\"wp-block-heading\">Comit\u00ea Consultivo<\/h2>\n\n\n\n<ul class=\"wp-block-list\">\n<li>Everton Cavalcante (UFRN) &#8211; Presidente do Comit\u00ea, Coordenador da CE-RESD 2025-2027 e General Chair SBRC 2025<\/li>\n\n\n\n<li>Miguel Elias Mitre Campista (UFRJ) &#8211; Diretor T\u00e9cnico-Cient\u00edfico do LARC<\/li>\n\n\n\n<li>Roger Kreutz Immich (UFRN) &#8211; General Chair SBRC 2025<\/li>\n\n\n\n<li>Ant\u00f4nio Guto Rocha (UFF) &#8211; General Chair SBRC 2024<\/li>\n\n\n\n<li>Carlos Alberto Vieira Campos (UNIRIO) &#8211; General Chair SBRC 2024<\/li>\n\n\n\n<li>Daniel Sadoc Menasch\u00e9 (UFRJ) &#8211; General Chair SBRC 2024<\/li>\n\n\n\n<li>Diego Passos (ISEL\/UFF) &#8211; General Chair SBRC 2024<\/li>\n\n\n\n<li>Flavia Delicato &#8211; TPC Chair SBRC 2025<\/li>\n\n\n\n<li>Atslands Rocha (UFC) &#8211; TPC Chair SBRC 2025<\/li>\n\n\n\n<li>C\u00e9lio Vin\u00edcius de Albuquerque (UFF) &#8211; TPC Chair SBRC 2024<\/li>\n\n\n\n<li>Magnos Martilello (UFES) &#8211; TPC Chair SBRC 2024<\/li>\n<\/ul>\n\n\n\n<h2 class=\"wp-block-heading\">Comit\u00ea Executivo<\/h2>\n\n\n\n<ul class=\"wp-block-list\">\n<li><strong>Coordena\u00e7\u00e3o geral:<\/strong> Leobino Sampaio (UFBA) e Allan Freitas (IFBA)<\/li>\n\n\n\n<li><strong>\u2060\u2060Finan\u00e7as:<\/strong> Allan Freitas (IFBA) e Leobino Sampaio (UFBA)<\/li>\n\n\n\n<li><strong>Log\u00edstica e Opera\u00e7\u00f5es:<\/strong> Rafael Reale (IFBA), Renato Novaes (IFBA) e Rafael Costa (UFBA)<\/li>\n\n\n\n<li><strong>Patroc\u00ednio e Parcerias:<\/strong> Grinaldo Oliveira (IFBA) e Thiago Bomfim (PoP-BA)<\/li>\n\n\n\n<li><strong>Infraestrutura:<\/strong> Thiago Bomfim (PoP-BA) e Luiz Claudio (PoP-BA)<\/li>\n\n\n\n<li><strong>Comunica\u00e7\u00e3o e M\u00eddias:<\/strong> Rodrigo Oliveira (UFF)<\/li>\n\n\n\n<li>\u2060<strong>Publica\u00e7\u00f5es:<\/strong> Rodrigo Mansilha (UNIPAMPA) e Bruno Santos (UFBA)<\/li>\n\n\n\n<li><strong>Social:<\/strong> Vaninha Vieira (UFBA) e Alena Jambeiro (Emp\u00f3rio de Turismo)<\/li>\n\n\n\n<li><strong>Comunidade:<\/strong> Roberto Parente (UFBA) e Maria Carolina (UFBA)<\/li>\n\n\n\n<li><strong>Volunt\u00e1rios\/Equipe: <\/strong>Adriana Viriato (PoP-BA) e Fl\u00e1via Nascimento (IFBA)<\/li>\n<\/ul>\n\n\n\n<p><\/p>\n","protected":false},"excerpt":{"rendered":"<p>Coordena\u00e7\u00e3o Geral Coordena\u00e7\u00e3o do Comit\u00ea de Programa Coordena\u00e7\u00e3o da Trilha de Ind\u00fastria Coordena\u00e7\u00e3o de Workshops Coordena\u00e7\u00e3o de Pain\u00e9is Coordena\u00e7\u00e3o de Palestras Coordena\u00e7\u00e3o do Concurso de Teses e Disserta\u00e7\u00f5es Coordena\u00e7\u00e3o do MUSAS Coordena\u00e7\u00e3o do Minicursos Coordena\u00e7\u00e3o do Sal\u00e3o de Ferramentas Coordena\u00e7\u00e3o do Hackathon Comit\u00ea Consultivo Comit\u00ea Executivo<\/p>\n","protected":false},"author":6,"featured_media":0,"parent":0,"menu_order":0,"comment_status":"closed","ping_status":"closed","template":"","meta":{"footnotes":""},"class_list":["post-616","page","type-page","status-publish","hentry"],"_links":{"self":[{"href":"https:\/\/sbrc.sbc.org.br\/2026\/wp-json\/wp\/v2\/pages\/616","targetHints":{"allow":["GET"]}}],"collection":[{"href":"https:\/\/sbrc.sbc.org.br\/2026\/wp-json\/wp\/v2\/pages"}],"about":[{"href":"https:\/\/sbrc.sbc.org.br\/2026\/wp-json\/wp\/v2\/types\/page"}],"author":[{"embeddable":true,"href":"https:\/\/sbrc.sbc.org.br\/2026\/wp-json\/wp\/v2\/users\/6"}],"replies":[{"embeddable":true,"href":"https:\/\/sbrc.sbc.org.br\/2026\/wp-json\/wp\/v2\/comments?post=616"}],"version-history":[{"count":72,"href":"https:\/\/sbrc.sbc.org.br\/2026\/wp-json\/wp\/v2\/pages\/616\/revisions"}],"predecessor-version":[{"id":5392,"href":"https:\/\/sbrc.sbc.org.br\/2026\/wp-json\/wp\/v2\/pages\/616\/revisions\/5392"}],"wp:attachment":[{"href":"https:\/\/sbrc.sbc.org.br\/2026\/wp-json\/wp\/v2\/media?parent=616"}],"curies":[{"name":"wp","href":"https:\/\/api.w.org\/{rel}","templated":true}]}}