{"id":5985,"date":"2026-05-12T10:59:34","date_gmt":"2026-05-12T13:59:34","guid":{"rendered":"https:\/\/sbrc.sbc.org.br\/2026\/?page_id=5985"},"modified":"2026-05-12T11:03:03","modified_gmt":"2026-05-12T14:03:03","slug":"hackathon","status":"publish","type":"page","link":"https:\/\/sbrc.sbc.org.br\/2026\/hackathon\/","title":{"rendered":"Hackathon"},"content":{"rendered":"\t\t<div data-elementor-type=\"wp-page\" data-elementor-id=\"5985\" class=\"elementor elementor-5985\">\n\t\t\t\t<div class=\"elementor-element elementor-element-c7f0bc5 e-flex e-con-boxed wpr-particle-no wpr-jarallax-no wpr-parallax-no wpr-sticky-section-no wpr-column-slider-no wpr-equal-height-no e-con e-parent\" data-id=\"c7f0bc5\" data-element_type=\"container\" data-e-type=\"container\">\n\t\t\t\t\t<div class=\"e-con-inner\">\n\t\t\t\t<div class=\"elementor-element elementor-element-f418827 elementor-widget elementor-widget-page-title\" data-id=\"f418827\" data-element_type=\"widget\" data-e-type=\"widget\" data-widget_type=\"page-title.default\">\n\t\t\t\t<div class=\"elementor-widget-container\">\n\t\t\t\t\t\t\t\n\t\t<div class=\"hfe-page-title hfe-page-title-wrapper elementor-widget-heading\">\n\n\t\t\t\t\t\t\t\t\t\t\t<a href=\"https:\/\/sbrc.sbc.org.br\/2026\">\n\t\t\t\t\t\t<h1 class=\"elementor-heading-title elementor-size-default\">\n\t\t\t\t\t\t\t\t\n\t\t\t\tHackathon\t\t\t\t\tSBRC 2026\t\t\t\t  \n\t\t\t<\/h1 > \n\t\t\t\t\t\t\t\t\t<\/a>\n\t\t\t\t\t<\/div>\n\t\t\t\t\t\t<\/div>\n\t\t\t\t<\/div>\n\t\t\t\t\t<\/div>\n\t\t\t\t<\/div>\n\t\t<div class=\"elementor-element elementor-element-320af6a e-flex e-con-boxed wpr-particle-no wpr-jarallax-no wpr-parallax-no wpr-sticky-section-no wpr-column-slider-no wpr-equal-height-no e-con e-parent\" data-id=\"320af6a\" data-element_type=\"container\" data-e-type=\"container\">\n\t\t\t\t\t<div class=\"e-con-inner\">\n\t\t<div class=\"elementor-element elementor-element-9f08be9 e-con-full e-flex wpr-particle-no wpr-jarallax-no wpr-parallax-no wpr-sticky-section-no wpr-column-slider-no wpr-equal-height-no e-con e-child\" data-id=\"9f08be9\" data-element_type=\"container\" data-e-type=\"container\">\n\t\t\t\t<div class=\"elementor-element elementor-element-e512f83 elementor-widget elementor-widget-spacer\" data-id=\"e512f83\" data-element_type=\"widget\" data-e-type=\"widget\" data-widget_type=\"spacer.default\">\n\t\t\t\t<div class=\"elementor-widget-container\">\n\t\t\t\t\t\t\t<div class=\"elementor-spacer\">\n\t\t\t<div class=\"elementor-spacer-inner\"><\/div>\n\t\t<\/div>\n\t\t\t\t\t\t<\/div>\n\t\t\t\t<\/div>\n\t\t\t\t<div class=\"elementor-element elementor-element-a6dcbc7 elementor-widget elementor-widget-heading\" data-id=\"a6dcbc7\" data-element_type=\"widget\" data-e-type=\"widget\" data-widget_type=\"heading.default\">\n\t\t\t\t<div class=\"elementor-widget-container\">\n\t\t\t\t\t<h2 class=\"elementor-heading-title elementor-size-default\">Apresenta\u00e7\u00e3o<\/h2>\t\t\t\t<\/div>\n\t\t\t\t<\/div>\n\t\t\t\t<div class=\"elementor-element elementor-element-9debef3 elementor-widget elementor-widget-text-editor\" data-id=\"9debef3\" data-element_type=\"widget\" data-e-type=\"widget\" data-widget_type=\"text-editor.default\">\n\t\t\t\t<div class=\"elementor-widget-container\">\n\t\t\t\t\t\t\t\t\t<p>Est\u00e3o abertas as inscri\u00e7\u00f5es para o Hackathon do SBRC 2026, que ser\u00e1 realizado durante o Simp\u00f3sio Brasileiro de Redes de Computadores e Sistemas Distribu\u00eddos, em Praia do Forte \u2013 BA.<\/p><p>Alinhado ao tema do SBRC 2026<strong> \u201cComunidade em Rede: Conex\u00f5es que Iluminam o Futuro\u201d<\/strong>, o Hackathon tem como objetivo estimular o desenvolvimento de solu\u00e7\u00f5es inovadoras em redes de computadores e sistemas distribu\u00eddos, promovendo a integra\u00e7\u00e3o entre estudantes, pesquisadores e profissionais da \u00e1rea.<\/p>\t\t\t\t\t\t\t\t<\/div>\n\t\t\t\t<\/div>\n\t\t\t\t<div class=\"elementor-element elementor-element-b13b790 elementor-widget elementor-widget-heading\" data-id=\"b13b790\" data-element_type=\"widget\" data-e-type=\"widget\" data-widget_type=\"heading.default\">\n\t\t\t\t<div class=\"elementor-widget-container\">\n\t\t\t\t\t<h2 class=\"elementor-heading-title elementor-size-default\">Formato do Evento<\/h2>\t\t\t\t<\/div>\n\t\t\t\t<\/div>\n\t\t\t\t<div class=\"elementor-element elementor-element-0d167c1 elementor-widget elementor-widget-text-editor\" data-id=\"0d167c1\" data-element_type=\"widget\" data-e-type=\"widget\" data-widget_type=\"text-editor.default\">\n\t\t\t\t<div class=\"elementor-widget-container\">\n\t\t\t\t\t\t\t\t\t<p>O evento ser\u00e1 presencial e reunir\u00e1 equipes de 3 a 5 participantes para enfrentar desafios t\u00e9cnicos nas seguintes \u00e1reas:<\/p><ul><li>a) Redes Resilientes para Comunidades: Redes para cidades inteligentes costeiras, Comunica\u00e7\u00e3o tolerante a desastres, Monitoramento distribu\u00eddo, etc.<\/li><li>b) Tecnologia para Sustentabilidade: IoT para monitoramento ambiental, Edge computing para preserva\u00e7\u00e3o marinha, etc.<\/li><\/ul><p>O Hackathon ter\u00e1 dura\u00e7\u00e3o aproximada de 72h (a confirmar na programa\u00e7\u00e3o oficial), com avalia\u00e7\u00e3o por comiss\u00e3o t\u00e9cnica designada pela organiza\u00e7\u00e3o.<\/p>\t\t\t\t\t\t\t\t<\/div>\n\t\t\t\t<\/div>\n\t\t\t\t<div class=\"elementor-element elementor-element-2feec9f elementor-widget elementor-widget-heading\" data-id=\"2feec9f\" data-element_type=\"widget\" data-e-type=\"widget\" data-widget_type=\"heading.default\">\n\t\t\t\t<div class=\"elementor-widget-container\">\n\t\t\t\t\t<h2 class=\"elementor-heading-title elementor-size-default\">Participantes<\/h2>\t\t\t\t<\/div>\n\t\t\t\t<\/div>\n\t\t\t\t<div class=\"elementor-element elementor-element-6538487 elementor-widget elementor-widget-text-editor\" data-id=\"6538487\" data-element_type=\"widget\" data-e-type=\"widget\" data-widget_type=\"text-editor.default\">\n\t\t\t\t<div class=\"elementor-widget-container\">\n\t\t\t\t\t\t\t\t\t<p>Podem participar estudantes do ensino m\u00e9dio, gradua\u00e7\u00e3o e p\u00f3s-gradua\u00e7\u00e3o, pesquisadores e profissionais da \u00e1rea de Tecnologia da Informa\u00e7\u00e3o.<\/p>\t\t\t\t\t\t\t\t<\/div>\n\t\t\t\t<\/div>\n\t\t\t\t<div class=\"elementor-element elementor-element-e8cf78f elementor-widget elementor-widget-heading\" data-id=\"e8cf78f\" data-element_type=\"widget\" data-e-type=\"widget\" data-widget_type=\"heading.default\">\n\t\t\t\t<div class=\"elementor-widget-container\">\n\t\t\t\t\t<h2 class=\"elementor-heading-title elementor-size-default\">Inscri\u00e7\u00f5es<\/h2>\t\t\t\t<\/div>\n\t\t\t\t<\/div>\n\t\t\t\t<div class=\"elementor-element elementor-element-e6b3be7 elementor-widget elementor-widget-text-editor\" data-id=\"e6b3be7\" data-element_type=\"widget\" data-e-type=\"widget\" data-widget_type=\"text-editor.default\">\n\t\t\t\t<div class=\"elementor-widget-container\">\n\t\t\t\t\t\t\t\t\t<p>As inscri\u00e7\u00f5es dever\u00e3o ser realizadas por meio do formul\u00e1rio eletr\u00f4nico:\u00a0<a href=\"https:\/\/forms.gle\/NVt3XnitRZXMLinv8\" target=\"_blank\" rel=\"noopener noreferrer\" data-saferedirecturl=\"https:\/\/www.google.com\/url?q=https:\/\/forms.gle\/NVt3XnitRZXMLinv8&amp;source=gmail&amp;ust=1778679983057000&amp;usg=AOvVaw1PxOPCuetB1JrLFjIlqh88\">https:\/\/forms.gle\/NVt3XnitRZXM<wbr \/>Linv8<\/a><\/p><p>Participe e ajude a construir solu\u00e7\u00f5es que conectam tecnologia, ci\u00eancia e impacto social.<\/p>\t\t\t\t\t\t\t\t<\/div>\n\t\t\t\t<\/div>\n\t\t\t\t<div class=\"elementor-element elementor-element-3be8f20 elementor-widget elementor-widget-button\" data-id=\"3be8f20\" data-element_type=\"widget\" data-e-type=\"widget\" data-widget_type=\"button.default\">\n\t\t\t\t<div class=\"elementor-widget-container\">\n\t\t\t\t\t\t\t\t\t<div class=\"elementor-button-wrapper\">\n\t\t\t\t\t<a class=\"elementor-button elementor-button-link elementor-size-sm\" href=\"https:\/\/forms.gle\/NVt3XnitRZXMLinv8\">\n\t\t\t\t\t\t<span class=\"elementor-button-content-wrapper\">\n\t\t\t\t\t\t<span class=\"elementor-button-icon\">\n\t\t\t\t<svg aria-hidden=\"true\" class=\"e-font-icon-svg e-fas-chevron-right\" viewBox=\"0 0 320 512\" xmlns=\"http:\/\/www.w3.org\/2000\/svg\"><path d=\"M285.476 272.971L91.132 467.314c-9.373 9.373-24.569 9.373-33.941 0l-22.667-22.667c-9.357-9.357-9.375-24.522-.04-33.901L188.505 256 34.484 101.255c-9.335-9.379-9.317-24.544.04-33.901l22.667-22.667c9.373-9.373 24.569-9.373 33.941 0L285.475 239.03c9.373 9.372 9.373 24.568.001 33.941z\"><\/path><\/svg>\t\t\t<\/span>\n\t\t\t\t\t\t\t\t\t<span class=\"elementor-button-text\">Inscrever no Hackathon<\/span>\n\t\t\t\t\t<\/span>\n\t\t\t\t\t<\/a>\n\t\t\t\t<\/div>\n\t\t\t\t\t\t\t\t<\/div>\n\t\t\t\t<\/div>\n\t\t\t\t<div class=\"elementor-element elementor-element-908cd01 elementor-widget elementor-widget-heading\" data-id=\"908cd01\" data-element_type=\"widget\" data-e-type=\"widget\" data-widget_type=\"heading.default\">\n\t\t\t\t<div class=\"elementor-widget-container\">\n\t\t\t\t\t<h2 class=\"elementor-heading-title elementor-size-default\">Coordena\u00e7\u00e3o<\/h2>\t\t\t\t<\/div>\n\t\t\t\t<\/div>\n\t\t\t\t<div class=\"elementor-element elementor-element-a804be0 elementor-widget elementor-widget-text-editor\" data-id=\"a804be0\" data-element_type=\"widget\" data-e-type=\"widget\" data-widget_type=\"text-editor.default\">\n\t\t\t\t<div class=\"elementor-widget-container\">\n\t\t\t\t\t\t\t\t\t<p>Alirio Santos de S\u00e1 (UFBA)<br \/>Luiz Antonio Rodrigues (UNIOESTE)<\/p>\t\t\t\t\t\t\t\t<\/div>\n\t\t\t\t<\/div>\n\t\t\t\t<\/div>\n\t\t\t\t\t<\/div>\n\t\t\t\t<\/div>\n\t\t\t\t<\/div>\n\t\t","protected":false},"excerpt":{"rendered":"<p>Hackathon SBRC 2026 Apresenta\u00e7\u00e3o Est\u00e3o abertas as inscri\u00e7\u00f5es para o Hackathon do SBRC 2026, que ser\u00e1 realizado durante o Simp\u00f3sio Brasileiro de Redes de Computadores e Sistemas Distribu\u00eddos, em Praia do Forte \u2013 BA. Alinhado ao tema do SBRC 2026 \u201cComunidade em Rede: Conex\u00f5es que Iluminam o Futuro\u201d, o Hackathon tem como objetivo estimular o desenvolvimento de solu\u00e7\u00f5es inovadoras em redes de computadores e sistemas distribu\u00eddos, promovendo a integra\u00e7\u00e3o entre estudantes, pesquisadores e profissionais da \u00e1rea. Formato do Evento O evento ser\u00e1 presencial e reunir\u00e1 equipes de 3 a 5 participantes para enfrentar desafios t\u00e9cnicos nas seguintes \u00e1reas: a) Redes Resilientes para Comunidades: Redes para cidades inteligentes costeiras, Comunica\u00e7\u00e3o tolerante a desastres, Monitoramento distribu\u00eddo, etc. b) Tecnologia para Sustentabilidade: IoT para monitoramento ambiental, Edge computing para preserva\u00e7\u00e3o marinha, etc. O Hackathon ter\u00e1 dura\u00e7\u00e3o aproximada de 72h (a confirmar na programa\u00e7\u00e3o oficial), com avalia\u00e7\u00e3o por comiss\u00e3o t\u00e9cnica designada pela organiza\u00e7\u00e3o. Participantes Podem participar estudantes do ensino m\u00e9dio, gradua\u00e7\u00e3o e p\u00f3s-gradua\u00e7\u00e3o, pesquisadores e profissionais da \u00e1rea de Tecnologia da Informa\u00e7\u00e3o. Inscri\u00e7\u00f5es As inscri\u00e7\u00f5es dever\u00e3o ser realizadas por meio do formul\u00e1rio eletr\u00f4nico:\u00a0https:\/\/forms.gle\/NVt3XnitRZXMLinv8 Participe e ajude a construir solu\u00e7\u00f5es que conectam tecnologia, ci\u00eancia e impacto social. Inscrever no Hackathon Coordena\u00e7\u00e3o Alirio Santos de S\u00e1 (UFBA)Luiz Antonio Rodrigues (UNIOESTE)<\/p>\n","protected":false},"author":8,"featured_media":0,"parent":0,"menu_order":0,"comment_status":"closed","ping_status":"closed","template":"","meta":{"footnotes":""},"class_list":["post-5985","page","type-page","status-publish","hentry"],"_links":{"self":[{"href":"https:\/\/sbrc.sbc.org.br\/2026\/wp-json\/wp\/v2\/pages\/5985","targetHints":{"allow":["GET"]}}],"collection":[{"href":"https:\/\/sbrc.sbc.org.br\/2026\/wp-json\/wp\/v2\/pages"}],"about":[{"href":"https:\/\/sbrc.sbc.org.br\/2026\/wp-json\/wp\/v2\/types\/page"}],"author":[{"embeddable":true,"href":"https:\/\/sbrc.sbc.org.br\/2026\/wp-json\/wp\/v2\/users\/8"}],"replies":[{"embeddable":true,"href":"https:\/\/sbrc.sbc.org.br\/2026\/wp-json\/wp\/v2\/comments?post=5985"}],"version-history":[{"count":7,"href":"https:\/\/sbrc.sbc.org.br\/2026\/wp-json\/wp\/v2\/pages\/5985\/revisions"}],"predecessor-version":[{"id":5992,"href":"https:\/\/sbrc.sbc.org.br\/2026\/wp-json\/wp\/v2\/pages\/5985\/revisions\/5992"}],"wp:attachment":[{"href":"https:\/\/sbrc.sbc.org.br\/2026\/wp-json\/wp\/v2\/media?parent=5985"}],"curies":[{"name":"wp","href":"https:\/\/api.w.org\/{rel}","templated":true}]}}