{"id":570,"date":"2022-10-23T21:45:12","date_gmt":"2022-10-24T00:45:12","guid":{"rendered":"https:\/\/sbrc.sbc.org.br\/2026\/?page_id=570"},"modified":"2026-03-03T20:26:40","modified_gmt":"2026-03-03T23:26:40","slug":"sobre-o-evento","status":"publish","type":"page","link":"https:\/\/sbrc.sbc.org.br\/2026\/sobre-o-evento\/","title":{"rendered":"Sobre o Evento"},"content":{"rendered":"\n<h1 class=\"wp-block-heading\">Sobre o Evento<\/h1>\n\n\n\n<p>O&nbsp;<strong>Simp\u00f3sio Brasileiro de Redes de Computadores e Sistemas Distribu\u00eddos (SBRC)<\/strong>&nbsp;\u00e9 um evento anual realizado pela&nbsp;<a rel=\"noreferrer noopener\" href=\"https:\/\/www.sbc.org.br\/\" target=\"_blank\">Sociedade Brasileira de Computa\u00e7\u00e3o (SBC)<\/a>&nbsp;e pelo&nbsp;<a rel=\"noreferrer noopener\" href=\"http:\/\/www.larc.org.br\/\" target=\"_blank\">Laborat\u00f3rio de Redes de Computadores (LARC)<\/a>. Ao longo de mais de quatro d\u00e9cadas de realiza\u00e7\u00e3o, o SBRC firmou-se como o mais importante evento cient\u00edfico nacional em redes de computadores e sistemas distribu\u00eddos, alcan\u00e7ando abrang\u00eancia internacional com a presen\u00e7a de pesquisadores, t\u00e9cnicos e cientistas da Am\u00e9rica Latina e do mundo. A import\u00e2ncia do SBRC pode ser observada pelo n\u00famero de submiss\u00f5es de trabalhos e de participantes nas suas diversas edi\u00e7\u00f5es.&nbsp;Sua trilha principal tem recebido anualmente uma m\u00e9dia de 300 submiss\u00f5es, das quais entre 30% e 35% s\u00e3o aceitas para publica\u00e7\u00e3o e apresenta\u00e7\u00e3o oral no simp\u00f3sio.<\/p>\n\n\n\n<p>Outras caracter\u00edsticas como a diversidade e a abrang\u00eancia de atividades realizadas, a atualidade dos temas abordados e o profissionalismo de sua organiza\u00e7\u00e3o contribu\u00edram para que o SBRC se consolidasse no calend\u00e1rio de eventos cient\u00edficos nacionais e \u00e9 o evento mais importante na \u00e1rea na Am\u00e9rica do Sul.<\/p>\n\n\n\n<p>Tradicionalmente, o evento \u00e9 composto de sess\u00f5es t\u00e9cnicas, minicursos, pain\u00e9is e debates,&nbsp;<em>workshops<\/em>, sal\u00e3o de ferramentas, palestras e tutoriais proferidos por convidados de renome internacional. Al\u00e9m disso, o&nbsp;evento ter\u00e1 papel estrat\u00e9gico e atender\u00e1 a demanda de grande p\u00fablico da \u00e1rea por eventos dessa natureza e desse porte, principalmente com foco nas \u00e1reas tem\u00e1ticas de desenvolvimento tecnol\u00f3gico e extens\u00e3o inovadora definidas pelo MCTIC na Portaria 1.122\/2020 (com texto alterado pela Portaria MCTIC no 1.329\/2020), como por exemplo Tecnologias Digitais e Tecnologias de Produ\u00e7\u00e3o Industrial e de Servi\u00e7os.<\/p>\n\n\n\n<p>A 44\u00aa edi\u00e7\u00e3o do Simp\u00f3sio ser\u00e1 realizada de 25 a 29 de maio de 2026 no formato PRESENCIAL. A coordena\u00e7\u00e3o do evento est\u00e1 sob a responsabilidade da&nbsp;<a href=\"https:\/\/computacao.ufba.br\/\" target=\"_blank\" rel=\"noreferrer noopener\">Universidade Federal da Bahia (UFBA)<\/a> junto com o <a href=\"http:\/\/www.ifba.edu.br\/\" target=\"_blank\">Instituto Federal da Bahia (IFBA)<\/a>. Tradicionalmente, o evento \u00e9 composto de sess\u00f5es t\u00e9cnicas, minicursos, pain\u00e9is e debates,&nbsp;<em>workshops<\/em>, sal\u00e3o de ferramentas, palestras e tutoriais proferidos por convidados de renome internacional. Este ano o evento contar\u00e1 novamente com um&nbsp;<em>Hackathon<\/em>&nbsp;e tamb\u00e9m com um Concurso de Teses e Disserta\u00e7\u00f5es.<\/p>\n\n\n\n<div style=\"height:50px\" aria-hidden=\"true\" id=\"edicoes-anteriores\" class=\"wp-block-spacer\"><\/div>\n\n\n\n<h2 class=\"wp-block-heading has-large-font-size\"><strong>Edi\u00e7\u00f5es Anteriores<\/strong><\/h2>\n\n\n\n<ul class=\"wp-block-list\">\n<li>2025 \u2013&nbsp;<a href=\"http:\/\/sbrc.sbc.org.br\/2025\" data-type=\"URL\" data-id=\"http:\/\/sbrc2022.sbc.org.br\/\" target=\"_blank\" rel=\"noreferrer noopener\">Natal, RN<\/a><\/li>\n\n\n\n<li>2024 \u2013&nbsp;<a href=\"http:\/\/sbrc.sbc.org.br\/2024\" data-type=\"URL\" data-id=\"http:\/\/sbrc2022.sbc.org.br\/\" target=\"_blank\" rel=\"noreferrer noopener\">Niter\u00f3i, RJ<\/a><\/li>\n\n\n\n<li>2023 \u2013&nbsp;<a href=\"http:\/\/sbrc.sbc.org.br\/2023\" data-type=\"URL\" data-id=\"http:\/\/sbrc2022.sbc.org.br\/\" target=\"_blank\" rel=\"noreferrer noopener\">Bras\u00edlia, DF<\/a><\/li>\n\n\n\n<li>2022 \u2013&nbsp;<a href=\"http:\/\/sbrc2022.sbc.org.br\/\" data-type=\"URL\" data-id=\"http:\/\/sbrc2022.sbc.org.br\/\" target=\"_blank\" rel=\"noreferrer noopener\">Fortaleza, CE<\/a><\/li>\n\n\n\n<li>2021 \u2013&nbsp;<a href=\"https:\/\/www.sbrc2021.facom.ufu.br\/\" target=\"_blank\" rel=\"noreferrer noopener\">Uberlandia, MG<\/a><\/li>\n\n\n\n<li>2020 \u2013&nbsp;<a href=\"http:\/\/sbrc2020.sbc.org.br\/\" target=\"_blank\" rel=\"noreferrer noopener\">Rio de Janeiro, RJ<\/a><\/li>\n\n\n\n<li>2019 \u2013&nbsp;<a href=\"http:\/\/sbrc2019.sbc.org.br\/en\" target=\"_blank\" rel=\"noreferrer noopener\">Gramado, RS<\/a><\/li>\n\n\n\n<li>2018 \u2013&nbsp;<a href=\"http:\/\/www.sbrc2018.ufscar.br\/\" target=\"_blank\" rel=\"noreferrer noopener\">Campos do Jord\u00e3o, SP<\/a><\/li>\n\n\n\n<li>2017 \u2013&nbsp;<a href=\"http:\/\/sbrc2017.ufpa.br\/\" target=\"_blank\" rel=\"noreferrer noopener\">Bel\u00e9m, PA<\/a><\/li>\n\n\n\n<li>2016 \u2013&nbsp;<a href=\"http:\/\/www.sbrc2016.ufba.br\/\" target=\"_blank\" rel=\"noreferrer noopener\">Salvador, BA<\/a><\/li>\n\n\n\n<li>2015 \u2013&nbsp;<a href=\"http:\/\/sbrc2015.ufes.br\/\" target=\"_blank\" rel=\"noreferrer noopener\">Vit\u00f3ria, ES<\/a><\/li>\n\n\n\n<li>2014 \u2013&nbsp;<a href=\"http:\/\/www.sbrc2014.ufsc.br\/\" target=\"_blank\" rel=\"noreferrer noopener\">Florian\u00f3polis, SC<\/a><\/li>\n\n\n\n<li>2013 \u2013&nbsp;<a href=\"http:\/\/sbrc2013.unb.br\/\" target=\"_blank\" rel=\"noreferrer noopener\">Bras\u00edlia, DF<\/a><\/li>\n\n\n\n<li>2012 \u2013&nbsp;<a href=\"http:\/\/sbrc2012.dcc.ufmg.br\/\" target=\"_blank\" rel=\"noreferrer noopener\">Ouro Preto, MG<\/a><\/li>\n\n\n\n<li>2011 \u2013&nbsp;<a href=\"http:\/\/sbrc2011.facom.ufms.br\/\" target=\"_blank\" rel=\"noreferrer noopener\">Campo Grande, MS<\/a><\/li>\n\n\n\n<li>2010 \u2013 <a href=\"http:\/\/sbrc2010.inf.ufrgs.br\/\" target=\"_blank\" rel=\"noreferrer noopener\">Gramado, RS<\/a><\/li>\n\n\n\n<li>2009 \u2013 Recife, PE<\/li>\n\n\n\n<li>2008 \u2013 Rio de Janeiro, RJ<\/li>\n\n\n\n<li>2007 \u2013 Bel\u00e9m, PA<\/li>\n\n\n\n<li>2006 \u2013 Curitiba, PR<\/li>\n\n\n\n<li>2005 \u2013 Fortaleza, CE<\/li>\n\n\n\n<li>2004 \u2013 <a href=\"http:\/\/www.sbrc2004.ufrgs.br\/\" target=\"_blank\" rel=\"noreferrer noopener\">Gramado, RS<\/a><\/li>\n\n\n\n<li>2003 \u2013 Natal, RN<\/li>\n\n\n\n<li>2002 \u2013 B\u00fazios, RJ<\/li>\n\n\n\n<li>2001 \u2013 <a href=\"http:\/\/www.gta.ufrj.br\/sbrc2001\/\" target=\"_blank\" rel=\"noreferrer noopener\">Florian\u00f3polis, SC<\/a><\/li>\n\n\n\n<li>2000 \u2013 Belo Horizonte, MG<\/li>\n\n\n\n<li>1999 \u2013 Salvador, BA<\/li>\n\n\n\n<li>1998 \u2013 Rio de Janeiro, RJ<\/li>\n\n\n\n<li>1997 \u2013 S\u00e3o Carlos, SP<\/li>\n\n\n\n<li>1996 \u2013 Fortaleza, CE<\/li>\n\n\n\n<li>1995 \u2013 Belo Horizonte, MG<\/li>\n\n\n\n<li>1994 \u2013 Curitiba, PR<\/li>\n\n\n\n<li>1993 \u2013 Campinas, SP<\/li>\n\n\n\n<li>1992 \u2013 Recife, PE<\/li>\n\n\n\n<li>1991 \u2013 Florian\u00f3polis, SC<\/li>\n\n\n\n<li>1990 \u2013 Campinas, SP<\/li>\n\n\n\n<li>1989 \u2013 Porto Alegre, RS<\/li>\n\n\n\n<li>1988 \u2013 Belo Horizonte, MG<\/li>\n\n\n\n<li>1987 \u2013 S\u00e3o Paulo, SP<\/li>\n\n\n\n<li>1986 \u2013 Recife, PE<\/li>\n\n\n\n<li>1985 \u2013 Rio de Janeiro, RJ<\/li>\n\n\n\n<li>1984 \u2013 Campina Grande, PB<\/li>\n\n\n\n<li>1983 \u2013 Porto Alegre, RS<\/li>\n<\/ul>\n\n\n\n<p><\/p>\n","protected":false},"excerpt":{"rendered":"<p>Sobre o Evento O&nbsp;Simp\u00f3sio Brasileiro de Redes de Computadores e Sistemas Distribu\u00eddos (SBRC)&nbsp;\u00e9 um evento anual realizado pela&nbsp;Sociedade Brasileira de Computa\u00e7\u00e3o (SBC)&nbsp;e pelo&nbsp;Laborat\u00f3rio de Redes de Computadores (LARC). Ao longo de mais de quatro d\u00e9cadas de realiza\u00e7\u00e3o, o SBRC firmou-se como o mais importante evento cient\u00edfico nacional em redes de computadores e sistemas distribu\u00eddos, alcan\u00e7ando abrang\u00eancia internacional com a presen\u00e7a de pesquisadores, t\u00e9cnicos e cientistas da Am\u00e9rica Latina e do mundo. A import\u00e2ncia do SBRC pode ser observada pelo n\u00famero de submiss\u00f5es de trabalhos e de participantes nas suas diversas edi\u00e7\u00f5es.&nbsp;Sua trilha principal tem recebido anualmente uma m\u00e9dia de 300 submiss\u00f5es, das quais entre 30% e 35% s\u00e3o aceitas para publica\u00e7\u00e3o e apresenta\u00e7\u00e3o oral no simp\u00f3sio. Outras caracter\u00edsticas como a diversidade e a abrang\u00eancia de atividades realizadas, a atualidade dos temas abordados e o profissionalismo de sua organiza\u00e7\u00e3o contribu\u00edram para que o SBRC se consolidasse no calend\u00e1rio de eventos cient\u00edficos nacionais e \u00e9 o evento mais importante na \u00e1rea na Am\u00e9rica do Sul. Tradicionalmente, o evento \u00e9 composto de sess\u00f5es t\u00e9cnicas, minicursos, pain\u00e9is e debates,&nbsp;workshops, sal\u00e3o de ferramentas, palestras e tutoriais proferidos por convidados de renome internacional. Al\u00e9m disso, o&nbsp;evento ter\u00e1 papel estrat\u00e9gico e atender\u00e1 a demanda de grande p\u00fablico da \u00e1rea por eventos dessa natureza e desse porte, principalmente com foco nas \u00e1reas tem\u00e1ticas de desenvolvimento tecnol\u00f3gico e extens\u00e3o inovadora definidas pelo MCTIC na Portaria 1.122\/2020 (com texto alterado pela Portaria MCTIC no 1.329\/2020), como por exemplo Tecnologias Digitais e Tecnologias de Produ\u00e7\u00e3o Industrial e de Servi\u00e7os. A 44\u00aa edi\u00e7\u00e3o do Simp\u00f3sio ser\u00e1 realizada de 25 a 29 de maio de 2026 no formato PRESENCIAL. A coordena\u00e7\u00e3o do evento est\u00e1 sob a responsabilidade da&nbsp;Universidade Federal da Bahia (UFBA) junto com o Instituto Federal da Bahia (IFBA). Tradicionalmente, o evento \u00e9 composto de sess\u00f5es t\u00e9cnicas, minicursos, pain\u00e9is e debates,&nbsp;workshops, sal\u00e3o de ferramentas, palestras e tutoriais proferidos por convidados de renome internacional. Este ano o evento contar\u00e1 novamente com um&nbsp;Hackathon&nbsp;e tamb\u00e9m com um Concurso de Teses e Disserta\u00e7\u00f5es. Edi\u00e7\u00f5es Anteriores<\/p>\n","protected":false},"author":6,"featured_media":0,"parent":0,"menu_order":0,"comment_status":"closed","ping_status":"closed","template":"","meta":{"footnotes":""},"class_list":["post-570","page","type-page","status-publish","hentry"],"_links":{"self":[{"href":"https:\/\/sbrc.sbc.org.br\/2026\/wp-json\/wp\/v2\/pages\/570","targetHints":{"allow":["GET"]}}],"collection":[{"href":"https:\/\/sbrc.sbc.org.br\/2026\/wp-json\/wp\/v2\/pages"}],"about":[{"href":"https:\/\/sbrc.sbc.org.br\/2026\/wp-json\/wp\/v2\/types\/page"}],"author":[{"embeddable":true,"href":"https:\/\/sbrc.sbc.org.br\/2026\/wp-json\/wp\/v2\/users\/6"}],"replies":[{"embeddable":true,"href":"https:\/\/sbrc.sbc.org.br\/2026\/wp-json\/wp\/v2\/comments?post=570"}],"version-history":[{"count":11,"href":"https:\/\/sbrc.sbc.org.br\/2026\/wp-json\/wp\/v2\/pages\/570\/revisions"}],"predecessor-version":[{"id":4971,"href":"https:\/\/sbrc.sbc.org.br\/2026\/wp-json\/wp\/v2\/pages\/570\/revisions\/4971"}],"wp:attachment":[{"href":"https:\/\/sbrc.sbc.org.br\/2026\/wp-json\/wp\/v2\/media?parent=570"}],"curies":[{"name":"wp","href":"https:\/\/api.w.org\/{rel}","templated":true}]}}