{"id":5412,"date":"2026-04-08T15:37:58","date_gmt":"2026-04-08T18:37:58","guid":{"rendered":"https:\/\/sbrc.sbc.org.br\/2026\/?page_id=5412"},"modified":"2026-04-08T15:45:53","modified_gmt":"2026-04-08T18:45:53","slug":"caravanas","status":"publish","type":"page","link":"https:\/\/sbrc.sbc.org.br\/2026\/caravanas\/","title":{"rendered":"Caravanas"},"content":{"rendered":"\t\t<div data-elementor-type=\"wp-page\" data-elementor-id=\"5412\" class=\"elementor elementor-5412\">\n\t\t\t\t<div class=\"elementor-element elementor-element-c7f0bc5 e-flex e-con-boxed wpr-particle-no wpr-jarallax-no wpr-parallax-no wpr-sticky-section-no e-con e-parent\" data-id=\"c7f0bc5\" data-element_type=\"container\" data-e-type=\"container\">\n\t\t\t\t\t<div class=\"e-con-inner\">\n\t\t\t\t<div class=\"elementor-element elementor-element-f418827 elementor-widget elementor-widget-page-title\" data-id=\"f418827\" data-element_type=\"widget\" data-e-type=\"widget\" data-widget_type=\"page-title.default\">\n\t\t\t\t<div class=\"elementor-widget-container\">\n\t\t\t\t\t\t\t\n\t\t<div class=\"hfe-page-title hfe-page-title-wrapper elementor-widget-heading\">\n\n\t\t\t\t\t\t\t\t\t\t\t<a href=\"https:\/\/sbrc.sbc.org.br\/2026\">\n\t\t\t\t\t\t<h1 class=\"elementor-heading-title elementor-size-default\">\n\t\t\t\t\t\t\t\t\n\t\t\t\tCaravanas  \n\t\t\t<\/h1 > \n\t\t\t\t\t\t\t\t\t<\/a>\n\t\t\t\t\t<\/div>\n\t\t\t\t\t\t<\/div>\n\t\t\t\t<\/div>\n\t\t\t\t\t<\/div>\n\t\t\t\t<\/div>\n\t\t<div class=\"elementor-element elementor-element-320af6a e-flex e-con-boxed wpr-particle-no wpr-jarallax-no wpr-parallax-no wpr-sticky-section-no e-con e-parent\" data-id=\"320af6a\" data-element_type=\"container\" data-e-type=\"container\">\n\t\t\t\t\t<div class=\"e-con-inner\">\n\t\t<div class=\"elementor-element elementor-element-9f08be9 e-con-full e-flex wpr-particle-no wpr-jarallax-no wpr-parallax-no wpr-sticky-section-no e-con e-child\" data-id=\"9f08be9\" data-element_type=\"container\" data-e-type=\"container\">\n\t\t\t\t<div class=\"elementor-element elementor-element-9debef3 elementor-widget elementor-widget-text-editor\" data-id=\"9debef3\" data-element_type=\"widget\" data-e-type=\"widget\" data-widget_type=\"text-editor.default\">\n\t\t\t\t<div class=\"elementor-widget-container\">\n\t\t\t\t\t\t\t\t\t<p><span style=\"font-weight: 400;\">Ser\u00e3o proporcionadas condi\u00e7\u00f5es especiais para a inscri\u00e7\u00e3o de grupos de estudantes em geral e professores do ensino m\u00e9dio e fundamental que estejam interessados em participar do SBRC 2026. A cada 10 estudantes inscritos, a inscri\u00e7\u00e3o do 11\u00ba estudante \u00e9 gratuita. O mesmo para caravanas de profissionais de empresas, a cada 10 inscri\u00e7\u00f5es o 11\u00ba profissional da mesma empresa \u00e9 gratuito.<\/span><\/p>\t\t\t\t\t\t\t\t<\/div>\n\t\t\t\t<\/div>\n\t\t<div class=\"elementor-element elementor-element-df5ae66 e-con-full e-flex wpr-particle-no wpr-jarallax-no wpr-parallax-no wpr-sticky-section-no e-con e-child\" data-id=\"df5ae66\" data-element_type=\"container\" data-e-type=\"container\">\n\t\t\t\t<div class=\"elementor-element elementor-element-1175f18 elementor-position-inline-start elementor-view-default elementor-mobile-position-block-start elementor-widget elementor-widget-icon-box\" data-id=\"1175f18\" data-element_type=\"widget\" data-e-type=\"widget\" data-widget_type=\"icon-box.default\">\n\t\t\t\t<div class=\"elementor-widget-container\">\n\t\t\t\t\t\t\t<div class=\"elementor-icon-box-wrapper\">\n\n\t\t\t\t\t\t<div class=\"elementor-icon-box-icon\">\n\t\t\t\t<span  class=\"elementor-icon\">\n\t\t\t\t<svg aria-hidden=\"true\" class=\"e-font-icon-svg e-fas-exclamation-triangle\" viewBox=\"0 0 576 512\" xmlns=\"http:\/\/www.w3.org\/2000\/svg\"><path d=\"M569.517 440.013C587.975 472.007 564.806 512 527.94 512H48.054c-36.937 0-59.999-40.055-41.577-71.987L246.423 23.985c18.467-32.009 64.72-31.951 83.154 0l239.94 416.028zM288 354c-25.405 0-46 20.595-46 46s20.595 46 46 46 46-20.595 46-46-20.595-46-46-46zm-43.673-165.346l7.418 136c.347 6.364 5.609 11.346 11.982 11.346h48.546c6.373 0 11.635-4.982 11.982-11.346l7.418-136c.375-6.874-5.098-12.654-11.982-12.654h-63.383c-6.884 0-12.356 5.78-11.981 12.654z\"><\/path><\/svg>\t\t\t\t<\/span>\n\t\t\t<\/div>\n\t\t\t\n\t\t\t\t\t\t<div class=\"elementor-icon-box-content\">\n\n\t\t\t\t\t\t\t\t\t<h4 class=\"elementor-icon-box-title\">\n\t\t\t\t\t\t<span  >\n\t\t\t\t\t\t\tImportante\t\t\t\t\t\t<\/span>\n\t\t\t\t\t<\/h4>\n\t\t\t\t\n\t\t\t\t\t\t\t\t\t<p class=\"elementor-icon-box-description\">\n\t\t\t\t\t\tInscri\u00e7\u00f5es de grupos s\u00e3o v\u00e1lidas apenas para grupos de estudantes em geral e um ou dois professores que acompanhem a caravana, bem como membros de uma mesma empresa.\t\t\t\t\t<\/p>\n\t\t\t\t\n\t\t\t<\/div>\n\t\t\t\n\t\t<\/div>\n\t\t\t\t\t\t<\/div>\n\t\t\t\t<\/div>\n\t\t\t\t<\/div>\n\t\t\t\t<div class=\"elementor-element elementor-element-63a1d26 elementor-widget elementor-widget-text-editor\" data-id=\"63a1d26\" data-element_type=\"widget\" data-e-type=\"widget\" data-widget_type=\"text-editor.default\">\n\t\t\t\t<div class=\"elementor-widget-container\">\n\t\t\t\t\t\t\t\t\t<ul><li><span style=\"font-weight: 400;\">Os valores das inscri\u00e7\u00f5es respeitar\u00e3o a faixa vigente de lotes de inscri\u00e7\u00e3o.<\/span><\/li><li><span style=\"font-weight: 400;\">Organize sua caravana o quanto antes para aproveitar as faixas mais baratas!<\/span><\/li><\/ul>\t\t\t\t\t\t\t\t<\/div>\n\t\t\t\t<\/div>\n\t\t\t\t<div class=\"elementor-element elementor-element-2feec9f elementor-widget elementor-widget-heading\" data-id=\"2feec9f\" data-element_type=\"widget\" data-e-type=\"widget\" data-widget_type=\"heading.default\">\n\t\t\t\t<div class=\"elementor-widget-container\">\n\t\t\t\t\t<h2 class=\"elementor-heading-title elementor-size-default\">Como realizar as inscri\u00e7\u00f5es?<\/h2>\t\t\t\t<\/div>\n\t\t\t\t<\/div>\n\t\t\t\t<div class=\"elementor-element elementor-element-05fa6ec elementor-widget elementor-widget-text-editor\" data-id=\"05fa6ec\" data-element_type=\"widget\" data-e-type=\"widget\" data-widget_type=\"text-editor.default\">\n\t\t\t\t<div class=\"elementor-widget-container\">\n\t\t\t\t\t\t\t\t\t<p><span style=\"font-weight: 400;\">Os passos para a realiza\u00e7\u00e3o das inscri\u00e7\u00f5es em grupo s\u00e3o os seguintes:<\/span><\/p>\t\t\t\t\t\t\t\t<\/div>\n\t\t\t\t<\/div>\n\t\t\t\t<div class=\"elementor-element elementor-element-9044992 elementor-widget elementor-widget-eael-feature-list\" data-id=\"9044992\" data-element_type=\"widget\" data-e-type=\"widget\" data-widget_type=\"eael-feature-list.default\">\n\t\t\t\t<div class=\"elementor-widget-container\">\n\t\t\t\t\t\t\t<div class=\"-icon-position-left -tablet-icon-position-left -mobile-icon-position-left\">\n\t\t\t<ul id=\"eael-feature-list-9044992\" class=\"eael-feature-list-items circle stacked  eael-feature-list-vertical\" data-layout-tablet=\"vertical\" data-layout-mobile=\"vertical\">\n\t\t\t                <li class=\"eael-feature-list-item elementor-repeater-item-91cf227\">\n                    \n\t\t\t\t\t\t<div class=\"eael-feature-list-icon-box\">\n\t\t\t\t\t\t\t<div class=\"eael-feature-list-icon-inner\">\n\n\t\t\t\t\t\t\t\t<span class=\"eael-feature-list-icon fl-icon-0\">\n\n\t\t<svg aria-hidden=\"true\" class=\"e-font-icon-svg e-fas-envelope\" viewBox=\"0 0 512 512\" xmlns=\"http:\/\/www.w3.org\/2000\/svg\"><path d=\"M502.3 190.8c3.9-3.1 9.7-.2 9.7 4.7V400c0 26.5-21.5 48-48 48H48c-26.5 0-48-21.5-48-48V195.6c0-5 5.7-7.8 9.7-4.7 22.4 17.4 52.1 39.5 154.1 113.6 21.1 15.4 56.7 47.8 92.2 47.6 35.7.3 72-32.8 92.3-47.6 102-74.1 131.6-96.3 154-113.7zM256 320c23.2.4 56.6-29.2 73.4-41.4 132.7-96.3 142.8-104.7 173.4-128.7 5.8-4.5 9.2-11.5 9.2-18.9v-19c0-26.5-21.5-48-48-48H48C21.5 64 0 85.5 0 112v19c0 7.4 3.4 14.3 9.2 18.9 30.6 23.9 40.7 32.4 173.4 128.7 16.8 12.2 50.2 41.8 73.4 41.4z\"><\/path><\/svg>\t\t\t\t\t\t\t\t<\/span>\n\t\t\t\t\t\t\t<\/div>\n\t\t\t\t\t\t<\/div>\n\t\t\t\t\t\t<div class=\"eael-feature-list-content-box\">\n                            <h4 class=\"eael-feature-list-title\">Entrar em contato com o faturamento da SBC<\/h4>\t\t\t\t\t\t<p class=\"eael-feature-list-content\">O respons\u00e1vel pela caravana dever\u00e1 <b> entrar em contato com o setor de faturamento da SBC <\/b>, atrav\u00e9s do e-mail: <a href=\"faturamento@sbc.org.br\"> faturamento@sbc.org.br <\/a> com c\u00f3pia para <a href=\"allan@ifba.edu.br\"> allan@ifba.edu.br <\/a> solicitando um \u201cc\u00f3digo de caravana\u201d para o SBRC e orienta\u00e7\u00f5es para realizar o pagamento do grupo, que dever\u00e1 ser pago at\u00e9 a data limite indicada:\n<ul>\n<li>O assunto da mensagem dever\u00e1 indicar o Estado ou munic\u00edpio da Caravana; <\/li>\n<li>Em seguida, os estudantes\/profissionais poder\u00e3o preencher o formul\u00e1rio de inscri\u00e7\u00e3o on-line; <\/li>\n<li>O c\u00f3digo de caravana dever\u00e1 ser informado no campo de \u201cInstitui\u00e7\u00e3o\/Empresa\u201d do formul\u00e1rio de inscri\u00e7\u00e3o; <\/li>\n<li>Ao confirmar a inscri\u00e7\u00e3o, o boleto banc\u00e1rio dever\u00e1 ser ignorado. <\/li>\n<\/ul>\n<\/p>\n\t\t\t\t\t\t<\/div>\n\n\t\t\t\t\t<\/li>\n\t\t\t\t                <li class=\"eael-feature-list-item elementor-repeater-item-823468f\">\n                    \n\t\t\t\t\t\t<div class=\"eael-feature-list-icon-box\">\n\t\t\t\t\t\t\t<div class=\"eael-feature-list-icon-inner\">\n\n\t\t\t\t\t\t\t\t<span class=\"eael-feature-list-icon fl-icon-1\">\n\n\t\t<svg aria-hidden=\"true\" class=\"e-font-icon-svg e-fas-users\" viewBox=\"0 0 640 512\" xmlns=\"http:\/\/www.w3.org\/2000\/svg\"><path d=\"M96 224c35.3 0 64-28.7 64-64s-28.7-64-64-64-64 28.7-64 64 28.7 64 64 64zm448 0c35.3 0 64-28.7 64-64s-28.7-64-64-64-64 28.7-64 64 28.7 64 64 64zm32 32h-64c-17.6 0-33.5 7.1-45.1 18.6 40.3 22.1 68.9 62 75.1 109.4h66c17.7 0 32-14.3 32-32v-32c0-35.3-28.7-64-64-64zm-256 0c61.9 0 112-50.1 112-112S381.9 32 320 32 208 82.1 208 144s50.1 112 112 112zm76.8 32h-8.3c-20.8 10-43.9 16-68.5 16s-47.6-6-68.5-16h-8.3C179.6 288 128 339.6 128 403.2V432c0 26.5 21.5 48 48 48h288c26.5 0 48-21.5 48-48v-28.8c0-63.6-51.6-115.2-115.2-115.2zm-223.7-13.4C161.5 263.1 145.6 256 128 256H64c-35.3 0-64 28.7-64 64v32c0 17.7 14.3 32 32 32h65.9c6.3-47.4 34.9-87.3 75.2-109.4z\"><\/path><\/svg>\t\t\t\t\t\t\t\t<\/span>\n\t\t\t\t\t\t\t<\/div>\n\t\t\t\t\t\t<\/div>\n\t\t\t\t\t\t<div class=\"eael-feature-list-content-box\">\n                            <h4 class=\"eael-feature-list-title\">Completar inscri\u00e7\u00f5es de 10 ou mais pessoas na caravana<\/h4>\t\t\t\t\t\t<p class=\"eael-feature-list-content\">Ao completar o <b> grupo de 10, 20 ou mais inscritos <\/b>, o coordenador da caravana dever\u00e1 enviar e-mail para <a href=\"faturamento@sbc.org.br\"> faturamento@sbc.org.br <\/a>, contendo:\n\n<ol>\n<li>o comprovante de pagamento; <\/li>\n<li>a rela\u00e7\u00e3o de nomes dos estudantes\/profissionais que fazem parte do grupo e os valores das suas respectivas inscri\u00e7\u00f5es; e <\/li>\n<li>o(s) nome(s) do(s) estudante(s) com inscri\u00e7\u00e3o gratuita. <\/li>\n<\/ol>\n\n<br>\nObserve que o valor individual da inscri\u00e7\u00e3o de estudantes\/professores pode incluir, al\u00e9m da inscri\u00e7\u00e3o no Simp\u00f3sio propriamente dito, <b>o valor associado a atividades\/taxas extras <\/b>.<\/p>\n\t\t\t\t\t\t<\/div>\n\n\t\t\t\t\t<\/li>\n\t\t\t\t\t\t\t<\/ul>\n\t\t<\/div>\n\t\t\t\t\t\t<\/div>\n\t\t\t\t<\/div>\n\t\t\t\t<div class=\"elementor-element elementor-element-3d87001 elementor-widget elementor-widget-heading\" data-id=\"3d87001\" data-element_type=\"widget\" data-e-type=\"widget\" data-widget_type=\"heading.default\">\n\t\t\t\t<div class=\"elementor-widget-container\">\n\t\t\t\t\t<h2 class=\"elementor-heading-title elementor-size-default\">Contato<\/h2>\t\t\t\t<\/div>\n\t\t\t\t<\/div>\n\t\t\t\t<div class=\"elementor-element elementor-element-f69ca15 elementor-widget elementor-widget-text-editor\" data-id=\"f69ca15\" data-element_type=\"widget\" data-e-type=\"widget\" data-widget_type=\"text-editor.default\">\n\t\t\t\t<div class=\"elementor-widget-container\">\n\t\t\t\t\t\t\t\t\t<p>Em caso de d\u00favidas, voc\u00ea pode entrar em contato com as coordenador geral <a href=\"mailto:allan@ifba.edu.br\">allan@ifba.edu.br<\/a> ou pelo e-mail de contato oficial <a href=\"https:\/\/sbrc.sbc.org.br\/2026\/\">sbrc2026@gmail.com<\/a><\/p>\t\t\t\t\t\t\t\t<\/div>\n\t\t\t\t<\/div>\n\t\t\t\t<\/div>\n\t\t\t\t\t<\/div>\n\t\t\t\t<\/div>\n\t\t\t\t<\/div>\n\t\t","protected":false},"excerpt":{"rendered":"<p>Caravanas Ser\u00e3o proporcionadas condi\u00e7\u00f5es especiais para a inscri\u00e7\u00e3o de grupos de estudantes em geral e professores do ensino m\u00e9dio e fundamental que estejam interessados em participar do SBRC 2026. A cada 10 estudantes inscritos, a inscri\u00e7\u00e3o do 11\u00ba estudante \u00e9 gratuita. O mesmo para caravanas de profissionais de empresas, a cada 10 inscri\u00e7\u00f5es o 11\u00ba profissional da mesma empresa \u00e9 gratuito. Importante Inscri\u00e7\u00f5es de grupos s\u00e3o v\u00e1lidas apenas para grupos de estudantes em geral e um ou dois professores que acompanhem a caravana, bem como membros de uma mesma empresa. Os valores das inscri\u00e7\u00f5es respeitar\u00e3o a faixa vigente de lotes de inscri\u00e7\u00e3o. Organize sua caravana o quanto antes para aproveitar as faixas mais baratas! Como realizar as inscri\u00e7\u00f5es? Os passos para a realiza\u00e7\u00e3o das inscri\u00e7\u00f5es em grupo s\u00e3o os seguintes: Entrar em contato com o faturamento da SBC O respons\u00e1vel pela caravana dever\u00e1 entrar em contato com o setor de faturamento da SBC , atrav\u00e9s do e-mail: faturamento@sbc.org.br com c\u00f3pia para allan@ifba.edu.br solicitando um \u201cc\u00f3digo de caravana\u201d para o SBRC e orienta\u00e7\u00f5es para realizar o pagamento do grupo, que dever\u00e1 ser pago at\u00e9 a data limite indicada: O assunto da mensagem dever\u00e1 indicar o Estado ou munic\u00edpio da Caravana; Em seguida, os estudantes\/profissionais poder\u00e3o preencher o formul\u00e1rio de inscri\u00e7\u00e3o on-line; O c\u00f3digo de caravana dever\u00e1 ser informado no campo de \u201cInstitui\u00e7\u00e3o\/Empresa\u201d do formul\u00e1rio de inscri\u00e7\u00e3o; Ao confirmar a inscri\u00e7\u00e3o, o boleto banc\u00e1rio dever\u00e1 ser ignorado. Completar inscri\u00e7\u00f5es de 10 ou mais pessoas na caravana Ao completar o grupo de 10, 20 ou mais inscritos , o coordenador da caravana dever\u00e1 enviar e-mail para faturamento@sbc.org.br , contendo: o comprovante de pagamento; a rela\u00e7\u00e3o de nomes dos estudantes\/profissionais que fazem parte do grupo e os valores das suas respectivas inscri\u00e7\u00f5es; e o(s) nome(s) do(s) estudante(s) com inscri\u00e7\u00e3o gratuita. Observe que o valor individual da inscri\u00e7\u00e3o de estudantes\/professores pode incluir, al\u00e9m da inscri\u00e7\u00e3o no Simp\u00f3sio propriamente dito, o valor associado a atividades\/taxas extras . Contato Em caso de d\u00favidas, voc\u00ea pode entrar em contato com as coordenador geral allan@ifba.edu.br ou pelo e-mail de contato oficial sbrc2026@gmail.com<\/p>\n","protected":false},"author":8,"featured_media":0,"parent":0,"menu_order":0,"comment_status":"closed","ping_status":"closed","template":"","meta":{"footnotes":""},"class_list":["post-5412","page","type-page","status-publish","hentry"],"_links":{"self":[{"href":"https:\/\/sbrc.sbc.org.br\/2026\/wp-json\/wp\/v2\/pages\/5412","targetHints":{"allow":["GET"]}}],"collection":[{"href":"https:\/\/sbrc.sbc.org.br\/2026\/wp-json\/wp\/v2\/pages"}],"about":[{"href":"https:\/\/sbrc.sbc.org.br\/2026\/wp-json\/wp\/v2\/types\/page"}],"author":[{"embeddable":true,"href":"https:\/\/sbrc.sbc.org.br\/2026\/wp-json\/wp\/v2\/users\/8"}],"replies":[{"embeddable":true,"href":"https:\/\/sbrc.sbc.org.br\/2026\/wp-json\/wp\/v2\/comments?post=5412"}],"version-history":[{"count":4,"href":"https:\/\/sbrc.sbc.org.br\/2026\/wp-json\/wp\/v2\/pages\/5412\/revisions"}],"predecessor-version":[{"id":5416,"href":"https:\/\/sbrc.sbc.org.br\/2026\/wp-json\/wp\/v2\/pages\/5412\/revisions\/5416"}],"wp:attachment":[{"href":"https:\/\/sbrc.sbc.org.br\/2026\/wp-json\/wp\/v2\/media?parent=5412"}],"curies":[{"name":"wp","href":"https:\/\/api.w.org\/{rel}","templated":true}]}}