{"id":5344,"date":"2026-03-28T06:52:02","date_gmt":"2026-03-28T09:52:02","guid":{"rendered":"https:\/\/sbrc.sbc.org.br\/2026\/?page_id=5344"},"modified":"2026-03-28T07:13:38","modified_gmt":"2026-03-28T10:13:38","slug":"noticias","status":"publish","type":"page","link":"https:\/\/sbrc.sbc.org.br\/2026\/noticias\/","title":{"rendered":"Not\u00edcias"},"content":{"rendered":"\t\t<div data-elementor-type=\"wp-page\" data-elementor-id=\"5344\" class=\"elementor elementor-5344\">\n\t\t\t\t<div class=\"elementor-element elementor-element-c7f0bc5 e-flex e-con-boxed wpr-particle-no wpr-jarallax-no wpr-parallax-no wpr-sticky-section-no e-con e-parent\" data-id=\"c7f0bc5\" data-element_type=\"container\" data-e-type=\"container\">\n\t\t\t\t\t<div class=\"e-con-inner\">\n\t\t\t\t<div class=\"elementor-element elementor-element-f418827 elementor-widget elementor-widget-page-title\" data-id=\"f418827\" data-element_type=\"widget\" data-e-type=\"widget\" data-widget_type=\"page-title.default\">\n\t\t\t\t<div class=\"elementor-widget-container\">\n\t\t\t\t\t\t\t\n\t\t<div class=\"hfe-page-title hfe-page-title-wrapper elementor-widget-heading\">\n\n\t\t\t\t\t\t\t\t\t\t\t<a href=\"https:\/\/sbrc.sbc.org.br\/2026\">\n\t\t\t\t\t\t<h1 class=\"elementor-heading-title elementor-size-default\">\n\t\t\t\t\t\t\t\t\n\t\t\t\tNot\u00edcias  \n\t\t\t<\/h1 > \n\t\t\t\t\t\t\t\t\t<\/a>\n\t\t\t\t\t<\/div>\n\t\t\t\t\t\t<\/div>\n\t\t\t\t<\/div>\n\t\t\t\t\t<\/div>\n\t\t\t\t<\/div>\n\t\t<div class=\"elementor-element elementor-element-79309f5 e-flex e-con-boxed wpr-particle-no wpr-jarallax-no wpr-parallax-no wpr-sticky-section-no e-con e-parent\" data-id=\"79309f5\" data-element_type=\"container\" data-e-type=\"container\">\n\t\t\t\t\t<div class=\"e-con-inner\">\n\t\t\t\t<div class=\"elementor-element elementor-element-3632e13 wpr-grid-columns-1 wpr-grid-columns--tablet2 wpr-grid-columns--mobile1 wpr-grid-pagination-center wpr-item-styles-inner elementor-widget elementor-widget-wpr-grid\" data-id=\"3632e13\" data-element_type=\"widget\" data-e-type=\"widget\" data-widget_type=\"wpr-grid.default\">\n\t\t\t\t<div class=\"elementor-widget-container\">\n\t\t\t\t\t<ul class=\"wpr-grid-filters elementor-clearfix wpr-grid-filters-sep-right\"><li class=\" wpr-pointer-none wpr-pointer-line-fx wpr-pointer-fx-none\"><span  data-filter=\"*\" class=\"wpr-grid-filters-item wpr-active-filter \">All Posts<\/span><em class=\"wpr-grid-filters-sep\"><\/em><\/li><li class=\" wpr-pointer-none wpr-pointer-line-fx wpr-pointer-fx-none\"><span   data-ajax-filter=[\"category\",\"chamadas\"]  data-filter=\".category-chamadas\">Chamadas<\/span><em class=\"wpr-grid-filters-sep\"><\/em><\/li><li class=\" wpr-pointer-none wpr-pointer-line-fx wpr-pointer-fx-none\"><span   data-ajax-filter=[\"category\",\"evento\"]  data-filter=\".category-evento\">evento<\/span><em class=\"wpr-grid-filters-sep\"><\/em><\/li><li class=\" wpr-pointer-none wpr-pointer-line-fx wpr-pointer-fx-none\"><span   data-ajax-filter=[\"category\",\"informacoes\"]  data-filter=\".category-informacoes\">Informa\u00e7\u00f5es<\/span><em class=\"wpr-grid-filters-sep\"><\/em><\/li><li class=\" wpr-pointer-none wpr-pointer-line-fx wpr-pointer-fx-none\"><span   data-ajax-filter=[\"category\",\"inscricoes\"]  data-filter=\".category-inscricoes\">Inscri\u00e7\u00f5es<\/span><em class=\"wpr-grid-filters-sep\"><\/em><\/li><li class=\" wpr-pointer-none wpr-pointer-line-fx wpr-pointer-fx-none\"><span   data-ajax-filter=[\"category\",\"organizacao\"]  data-filter=\".category-organizacao\">Organiza\u00e7\u00e3o<\/span><em class=\"wpr-grid-filters-sep\"><\/em><\/li><li class=\" wpr-pointer-none wpr-pointer-line-fx wpr-pointer-fx-none\"><span   data-ajax-filter=[\"category\",\"sem-categoria-en\"]  data-filter=\".category-sem-categoria-en\">Sem categoria<\/span><em class=\"wpr-grid-filters-sep\"><\/em><\/li><li class=\" wpr-pointer-none wpr-pointer-line-fx wpr-pointer-fx-none\"><span   data-ajax-filter=[\"category\",\"sem-categoria\"]  data-filter=\".category-sem-categoria\">Sem categoria<\/span><em class=\"wpr-grid-filters-sep\"><\/em><\/li><li class=\" wpr-pointer-none wpr-pointer-line-fx wpr-pointer-fx-none\"><span   data-ajax-filter=[\"category\",\"workshops\"]  data-filter=\".category-workshops\">workshops<\/span><em class=\"wpr-grid-filters-sep\"><\/em><\/li><\/ul><section class=\"wpr-grid elementor-clearfix\" data-settings=\"{&quot;layout&quot;:&quot;list&quot;,&quot;stick_last_element_to_bottom&quot;:&quot;no&quot;,&quot;columns_desktop&quot;:&quot;1&quot;,&quot;gutter_hr&quot;:15,&quot;gutter_hr_mobile&quot;:15,&quot;gutter_hr_mobile_extra&quot;:15,&quot;gutter_hr_tablet&quot;:15,&quot;gutter_hr_tablet_extra&quot;:15,&quot;gutter_hr_laptop&quot;:15,&quot;gutter_hr_widescreen&quot;:15,&quot;gutter_vr&quot;:15,&quot;gutter_vr_mobile&quot;:&quot;&quot;,&quot;gutter_vr_mobile_extra&quot;:&quot;&quot;,&quot;gutter_vr_tablet&quot;:&quot;&quot;,&quot;gutter_vr_tablet_extra&quot;:15,&quot;gutter_vr_laptop&quot;:15,&quot;gutter_vr_widescreen&quot;:15,&quot;animation&quot;:&quot;default&quot;,&quot;animation_duration&quot;:0.29999999999999999,&quot;animation_delay&quot;:0.10000000000000001,&quot;deeplinking&quot;:&quot;&quot;,&quot;filters_linkable&quot;:&quot;no&quot;,&quot;filters_default_filter&quot;:&quot;&quot;,&quot;filters_count&quot;:&quot;&quot;,&quot;filters_hide_empty&quot;:&quot;no&quot;,&quot;filters_animation&quot;:&quot;default&quot;,&quot;filters_animation_duration&quot;:0.29999999999999999,&quot;filters_animation_delay&quot;:0.10000000000000001,&quot;pagination_type&quot;:&quot;load-more&quot;,&quot;pagination_max_pages&quot;:1,&quot;media_align&quot;:&quot;left&quot;,&quot;media_width&quot;:30,&quot;media_distance&quot;:20,&quot;lightbox&quot;:{&quot;selector&quot;:&quot;.wpr-grid-image-wrap&quot;,&quot;iframeMaxWidth&quot;:&quot;60%&quot;,&quot;hash&quot;:false,&quot;autoplay&quot;:&quot;true&quot;,&quot;pause&quot;:5000,&quot;progressBar&quot;:&quot;true&quot;,&quot;counter&quot;:&quot;true&quot;,&quot;controls&quot;:&quot;true&quot;,&quot;getCaptionFromTitleOrAlt&quot;:&quot;true&quot;,&quot;thumbnail&quot;:&quot;&quot;,&quot;showThumbByDefault&quot;:&quot;&quot;,&quot;share&quot;:&quot;&quot;,&quot;zoom&quot;:&quot;true&quot;,&quot;fullScreen&quot;:&quot;true&quot;,&quot;download&quot;:&quot;true&quot;}}\" data-advanced-filters=\"no\"><article class=\"wpr-grid-item elementor-clearfix post-5382 post type-post status-publish format-standard has-post-thumbnail hentry category-sem-categoria\"><div class=\"wpr-grid-item-inner\"><div class=\"wpr-grid-media-wrap wpr-effect-size-medium \" data-overlay-link=\"yes\"><div class=\"wpr-grid-image-wrap\" data-src=\"https:\/\/sbrc.sbc.org.br\/2026\/wp-content\/uploads\/elementor\/thumbs\/resumo-camera-ready-rlhn57upqms7sys80rkaff8rbheyhgvop5uptfu6k8.jpg\" data-img-on-hover=\"\"  data-src-secondary=\"\"><img decoding=\"async\" data-no-lazy=\"1\" src=\"https:\/\/sbrc.sbc.org.br\/2026\/wp-content\/uploads\/elementor\/thumbs\/resumo-camera-ready-rlhn57upqms7sys80rkaff8rbheyhgvop5uptfu6k8.jpg\" alt=\"Aten\u00e7\u00e3o, autores! Orienta\u00e7\u00f5es para vers\u00e3o final dos artigos aceitos est\u00e3o dispon\u00edveis aqui.\" class=\"wpr-anim-timing-ease-default\"><\/div><div class=\"wpr-grid-media-hover wpr-animation-wrap\"><div class=\"wpr-grid-media-hover-bg  wpr-overlay-fade-in wpr-anim-size-large wpr-anim-timing-ease-default wpr-anim-transparency\" data-url=\"https:\/\/sbrc.sbc.org.br\/2026\/2026\/04\/03\/atencao-autores-orientacoes-para-versao-final-dos-artigos-aceitos-estao-disponiveis-aqui\/\"><\/div><\/div><\/div><div class=\"wpr-grid-item-below-content elementor-clearfix\"><h2 class=\"wpr-grid-item-title elementor-repeater-item-6bb8fa4 wpr-grid-item-display-block wpr-grid-item-align-left wpr-pointer-none wpr-pointer-line-fx wpr-pointer-fx-fade\"><div class=\"inner-block\"><a target=\"_self\"  href=\"https:\/\/sbrc.sbc.org.br\/2026\/2026\/04\/03\/atencao-autores-orientacoes-para-versao-final-dos-artigos-aceitos-estao-disponiveis-aqui\/\">Aten\u00e7\u00e3o, autores! Orienta\u00e7\u00f5es para vers\u00e3o final dos artigos aceitos est\u00e3o dispon\u00edveis aqui.<\/a><\/div><\/h2><div class=\"wpr-grid-item-date elementor-repeater-item-62e8d06 wpr-grid-item-display-inline wpr-grid-item-align-left\"><div class=\"inner-block\"><span>3 de abril de 2026<span class=\"wpr-grid-extra-text-right\"><\/span><\/span><\/div><\/div><div class=\"wpr-grid-item-excerpt elementor-repeater-item-6fbcf8a wpr-grid-item-display-block wpr-grid-item-align-left\"><div class=\"inner-block\"><p>Autores com artigos aceitos no Simp\u00f3sio Brasileiro de Redes de Computadores e Sistemas Distribu\u00eddos devem ficar atentos \u00e0s orienta\u00e7\u00f5es para o envio da vers\u00e3o final (camera-ready). Para a edi\u00e7\u00e3o de...<\/p><\/div><\/div><div class=\"wpr-grid-item-read-more elementor-repeater-item-92242f4 wpr-grid-item-display-block wpr-grid-item-align-left\"><div class=\"inner-block\"><a target=\"_self\" href=\"https:\/\/sbrc.sbc.org.br\/2026\/2026\/04\/03\/atencao-autores-orientacoes-para-versao-final-dos-artigos-aceitos-estao-disponiveis-aqui\/\" class=\"wpr-button-effect wpr-button-none\"><span>Leia mais<\/span><\/a><\/div><\/div><\/div><\/div><\/article><article class=\"wpr-grid-item elementor-clearfix post-5284 post type-post status-publish format-standard has-post-thumbnail hentry category-sem-categoria\"><div class=\"wpr-grid-item-inner\"><div class=\"wpr-grid-media-wrap wpr-effect-size-medium \" data-overlay-link=\"yes\"><div class=\"wpr-grid-image-wrap\" data-src=\"https:\/\/sbrc.sbc.org.br\/2026\/wp-content\/uploads\/elementor\/thumbs\/capa-post-atencao-rl5vkpzu2mqpyu2pj0p2mttgnlb7v4eok44dzqxoe0.png\" data-img-on-hover=\"\"  data-src-secondary=\"\"><img decoding=\"async\" data-no-lazy=\"1\" src=\"https:\/\/sbrc.sbc.org.br\/2026\/wp-content\/uploads\/elementor\/thumbs\/capa-post-atencao-rl5vkpzu2mqpyu2pj0p2mttgnlb7v4eok44dzqxoe0.png\" alt=\"Sess\u00f5es T\u00e9cnicas da Trilha Principal acontecer\u00e3o entre 25 a 28\/5\" class=\"wpr-anim-timing-ease-default\"><\/div><div class=\"wpr-grid-media-hover wpr-animation-wrap\"><div class=\"wpr-grid-media-hover-bg  wpr-overlay-fade-in wpr-anim-size-large wpr-anim-timing-ease-default wpr-anim-transparency\" data-url=\"https:\/\/sbrc.sbc.org.br\/2026\/2026\/03\/28\/sessoes-tecnicas-da-trilha-principal-acontecerao-entre-25-a-28-5\/\"><\/div><\/div><\/div><div class=\"wpr-grid-item-below-content elementor-clearfix\"><h2 class=\"wpr-grid-item-title elementor-repeater-item-6bb8fa4 wpr-grid-item-display-block wpr-grid-item-align-left wpr-pointer-none wpr-pointer-line-fx wpr-pointer-fx-fade\"><div class=\"inner-block\"><a target=\"_self\"  href=\"https:\/\/sbrc.sbc.org.br\/2026\/2026\/03\/28\/sessoes-tecnicas-da-trilha-principal-acontecerao-entre-25-a-28-5\/\">Sess\u00f5es T\u00e9cnicas da Trilha Principal acontecer\u00e3o entre 25 a 28\/5<\/a><\/div><\/h2><div class=\"wpr-grid-item-date elementor-repeater-item-62e8d06 wpr-grid-item-display-inline wpr-grid-item-align-left\"><div class=\"inner-block\"><span>28 de mar\u00e7o de 2026<span class=\"wpr-grid-extra-text-right\"><\/span><\/span><\/div><\/div><div class=\"wpr-grid-item-excerpt elementor-repeater-item-6fbcf8a wpr-grid-item-display-block wpr-grid-item-align-left\"><div class=\"inner-block\"><p>Informa\u00e7\u00e3o importante sobre a programa\u00e7\u00e3o do SBRC 2026! As sess\u00f5es t\u00e9cnicas da trilha principal do Simp\u00f3sio Brasileiro de Redes de Computadores e Sistemas Distribu\u00eddos (SBRC 2026) acontecer\u00e3o no per\u00edodo de...<\/p><\/div><\/div><div class=\"wpr-grid-item-read-more elementor-repeater-item-92242f4 wpr-grid-item-display-block wpr-grid-item-align-left\"><div class=\"inner-block\"><a target=\"_self\" href=\"https:\/\/sbrc.sbc.org.br\/2026\/2026\/03\/28\/sessoes-tecnicas-da-trilha-principal-acontecerao-entre-25-a-28-5\/\" class=\"wpr-button-effect wpr-button-none\"><span>Leia mais<\/span><\/a><\/div><\/div><\/div><\/div><\/article><article class=\"wpr-grid-item elementor-clearfix post-5281 post type-post status-publish format-standard has-post-thumbnail hentry category-evento category-inscricoes\"><div class=\"wpr-grid-item-inner\"><div class=\"wpr-grid-media-wrap wpr-effect-size-medium \" data-overlay-link=\"yes\"><div class=\"wpr-grid-image-wrap\" data-src=\"https:\/\/sbrc.sbc.org.br\/2026\/wp-content\/uploads\/elementor\/thumbs\/capa-post-inscricoes-rl5vfv5urg3dzd4nvx4gr1xq5x8y3f4lw2s2qa4wjc.png\" data-img-on-hover=\"\"  data-src-secondary=\"\"><img decoding=\"async\" data-no-lazy=\"1\" src=\"https:\/\/sbrc.sbc.org.br\/2026\/wp-content\/uploads\/elementor\/thumbs\/capa-post-inscricoes-rl5vfv5urg3dzd4nvx4gr1xq5x8y3f4lw2s2qa4wjc.png\" alt=\"Inscri\u00e7\u00f5es abertas para o SBRC 2026 com 1\u00b0 lote at\u00e9 03\/04\" class=\"wpr-anim-timing-ease-default\"><\/div><div class=\"wpr-grid-media-hover wpr-animation-wrap\"><div class=\"wpr-grid-media-hover-bg  wpr-overlay-fade-in wpr-anim-size-large wpr-anim-timing-ease-default wpr-anim-transparency\" data-url=\"https:\/\/sbrc.sbc.org.br\/2026\/2026\/03\/28\/inscricoes-abertas-para-o-sbrc-2026-com-1-lote-ate-03-04\/\"><\/div><\/div><\/div><div class=\"wpr-grid-item-below-content elementor-clearfix\"><h2 class=\"wpr-grid-item-title elementor-repeater-item-6bb8fa4 wpr-grid-item-display-block wpr-grid-item-align-left wpr-pointer-none wpr-pointer-line-fx wpr-pointer-fx-fade\"><div class=\"inner-block\"><a target=\"_self\"  href=\"https:\/\/sbrc.sbc.org.br\/2026\/2026\/03\/28\/inscricoes-abertas-para-o-sbrc-2026-com-1-lote-ate-03-04\/\">Inscri\u00e7\u00f5es abertas para o SBRC 2026 com 1\u00b0 lote at\u00e9 03\/04<\/a><\/div><\/h2><div class=\"wpr-grid-item-date elementor-repeater-item-62e8d06 wpr-grid-item-display-inline wpr-grid-item-align-left\"><div class=\"inner-block\"><span>28 de mar\u00e7o de 2026<span class=\"wpr-grid-extra-text-right\"><\/span><\/span><\/div><\/div><div class=\"wpr-grid-item-excerpt elementor-repeater-item-6fbcf8a wpr-grid-item-display-block wpr-grid-item-align-left\"><div class=\"inner-block\"><p>As inscri\u00e7\u00f5es para a 44\u00b0 edi\u00e7\u00e3o do Simp\u00f3sio Brasileiro de Redes de Computadores e Sistemas Distribu\u00eddos (SBRC 2026) j\u00e1 est\u00e3o abertas, e essa \u00e9 a sua oportunidade de participar de...<\/p><\/div><\/div><div class=\"wpr-grid-item-read-more elementor-repeater-item-92242f4 wpr-grid-item-display-block wpr-grid-item-align-left\"><div class=\"inner-block\"><a target=\"_self\" href=\"https:\/\/sbrc.sbc.org.br\/2026\/2026\/03\/28\/inscricoes-abertas-para-o-sbrc-2026-com-1-lote-ate-03-04\/\" class=\"wpr-button-effect wpr-button-none\"><span>Leia mais<\/span><\/a><\/div><\/div><\/div><\/div><\/article><article class=\"wpr-grid-item elementor-clearfix post-5279 post type-post status-publish format-standard has-post-thumbnail hentry category-informacoes\"><div class=\"wpr-grid-item-inner\"><div class=\"wpr-grid-media-wrap wpr-effect-size-medium \" data-overlay-link=\"yes\"><div class=\"wpr-grid-image-wrap\" data-src=\"https:\/\/sbrc.sbc.org.br\/2026\/wp-content\/uploads\/elementor\/thumbs\/forteBlu-ri1mjo38wxmgpdm0c9gnvyestl6s9nlazk01oh7mpk.jpg\" data-img-on-hover=\"\"  data-src-secondary=\"\"><img decoding=\"async\" data-no-lazy=\"1\" src=\"https:\/\/sbrc.sbc.org.br\/2026\/wp-content\/uploads\/elementor\/thumbs\/forteBlu-ri1mjo38wxmgpdm0c9gnvyestl6s9nlazk01oh7mpk.jpg\" alt=\"Planeje sua viagem: op\u00e7\u00f5es de hospedagem para o SBRC 2026\" class=\"wpr-anim-timing-ease-default\"><\/div><div class=\"wpr-grid-media-hover wpr-animation-wrap\"><div class=\"wpr-grid-media-hover-bg  wpr-overlay-fade-in wpr-anim-size-large wpr-anim-timing-ease-default wpr-anim-transparency\" data-url=\"https:\/\/sbrc.sbc.org.br\/2026\/2026\/03\/28\/planeje-sua-viagem-opcoes-de-hospedagem-para-o-sbrc-2026\/\"><\/div><\/div><\/div><div class=\"wpr-grid-item-below-content elementor-clearfix\"><h2 class=\"wpr-grid-item-title elementor-repeater-item-6bb8fa4 wpr-grid-item-display-block wpr-grid-item-align-left wpr-pointer-none wpr-pointer-line-fx wpr-pointer-fx-fade\"><div class=\"inner-block\"><a target=\"_self\"  href=\"https:\/\/sbrc.sbc.org.br\/2026\/2026\/03\/28\/planeje-sua-viagem-opcoes-de-hospedagem-para-o-sbrc-2026\/\">Planeje sua viagem: op\u00e7\u00f5es de hospedagem para o SBRC 2026<\/a><\/div><\/h2><div class=\"wpr-grid-item-date elementor-repeater-item-62e8d06 wpr-grid-item-display-inline wpr-grid-item-align-left\"><div class=\"inner-block\"><span>28 de mar\u00e7o de 2026<span class=\"wpr-grid-extra-text-right\"><\/span><\/span><\/div><\/div><div class=\"wpr-grid-item-excerpt elementor-repeater-item-6fbcf8a wpr-grid-item-display-block wpr-grid-item-align-left\"><div class=\"inner-block\"><p>Se voc\u00ea j\u00e1 est\u00e1 se organizando para o Simp\u00f3sio Brasileiro de Redes de Computadores e Sistemas Distribu\u00eddos, este \u00e9 o momento ideal para garantir sua hospedagem! O evento acontecer\u00e1 em...<\/p><\/div><\/div><div class=\"wpr-grid-item-read-more elementor-repeater-item-92242f4 wpr-grid-item-display-block wpr-grid-item-align-left\"><div class=\"inner-block\"><a target=\"_self\" href=\"https:\/\/sbrc.sbc.org.br\/2026\/2026\/03\/28\/planeje-sua-viagem-opcoes-de-hospedagem-para-o-sbrc-2026\/\" class=\"wpr-button-effect wpr-button-none\"><span>Leia mais<\/span><\/a><\/div><\/div><\/div><\/div><\/article><\/section>\t\t\t\t<\/div>\n\t\t\t\t<\/div>\n\t\t\t\t\t<\/div>\n\t\t\t\t<\/div>\n\t\t\t\t<\/div>\n\t\t","protected":false},"excerpt":{"rendered":"<p>Not\u00edcias All Posts Chamadas evento Informa\u00e7\u00f5es Inscri\u00e7\u00f5es Organiza\u00e7\u00e3o Sem categoria workshops Sess\u00f5es T\u00e9cnicas da Trilha Principal acontecer\u00e3o entre 25 a 28\/5 28 de mar\u00e7o de 2026 Informa\u00e7\u00e3o importante sobre a programa\u00e7\u00e3o do SBRC 2026! As sess\u00f5es t\u00e9cnicas da trilha principal do Simp\u00f3sio Brasileiro de Redes de Computadores e Sistemas Distribu\u00eddos (SBRC 2026) acontecer\u00e3o no per\u00edodo de&#8230; Leia mais Inscri\u00e7\u00f5es abertas para o SBRC 2026 com 1\u00b0 lote at\u00e9 03\/04 28 de mar\u00e7o de 2026 As inscri\u00e7\u00f5es para a 44\u00b0 edi\u00e7\u00e3o do Simp\u00f3sio Brasileiro de Redes de Computadores e Sistemas Distribu\u00eddos (SBRC 2026) j\u00e1 est\u00e3o abertas, e essa \u00e9 a sua oportunidade de participar de&#8230; Leia mais Planeje sua viagem: op\u00e7\u00f5es de hospedagem para o SBRC 2026 28 de mar\u00e7o de 2026 Se voc\u00ea j\u00e1 est\u00e1 se organizando para o Simp\u00f3sio Brasileiro de Redes de Computadores e Sistemas Distribu\u00eddos, este \u00e9 o momento ideal para garantir sua hospedagem! O evento acontecer\u00e1 em&#8230; Leia mais<\/p>\n","protected":false},"author":8,"featured_media":0,"parent":0,"menu_order":0,"comment_status":"closed","ping_status":"closed","template":"","meta":{"footnotes":""},"class_list":["post-5344","page","type-page","status-publish","hentry"],"_links":{"self":[{"href":"https:\/\/sbrc.sbc.org.br\/2026\/wp-json\/wp\/v2\/pages\/5344","targetHints":{"allow":["GET"]}}],"collection":[{"href":"https:\/\/sbrc.sbc.org.br\/2026\/wp-json\/wp\/v2\/pages"}],"about":[{"href":"https:\/\/sbrc.sbc.org.br\/2026\/wp-json\/wp\/v2\/types\/page"}],"author":[{"embeddable":true,"href":"https:\/\/sbrc.sbc.org.br\/2026\/wp-json\/wp\/v2\/users\/8"}],"replies":[{"embeddable":true,"href":"https:\/\/sbrc.sbc.org.br\/2026\/wp-json\/wp\/v2\/comments?post=5344"}],"version-history":[{"count":7,"href":"https:\/\/sbrc.sbc.org.br\/2026\/wp-json\/wp\/v2\/pages\/5344\/revisions"}],"predecessor-version":[{"id":5355,"href":"https:\/\/sbrc.sbc.org.br\/2026\/wp-json\/wp\/v2\/pages\/5344\/revisions\/5355"}],"wp:attachment":[{"href":"https:\/\/sbrc.sbc.org.br\/2026\/wp-json\/wp\/v2\/media?parent=5344"}],"curies":[{"name":"wp","href":"https:\/\/api.w.org\/{rel}","templated":true}]}}