{"id":4739,"date":"2026-01-19T11:23:19","date_gmt":"2026-01-19T14:23:19","guid":{"rendered":"https:\/\/sbrc.sbc.org.br\/2026\/?page_id=4739"},"modified":"2026-03-31T20:07:18","modified_gmt":"2026-03-31T23:07:18","slug":"wblockchain","status":"publish","type":"page","link":"https:\/\/sbrc.sbc.org.br\/2026\/wblockchain\/","title":{"rendered":"WBlockchain &#8211; IX Workshop Blockchain: Teoria, Tecnologia e Aplica\u00e7\u00f5es"},"content":{"rendered":"\t\t<div data-elementor-type=\"wp-page\" data-elementor-id=\"4739\" class=\"elementor elementor-4739\">\n\t\t\t\t<div class=\"elementor-element elementor-element-c7f0bc5 e-flex e-con-boxed wpr-particle-no wpr-jarallax-no wpr-parallax-no wpr-sticky-section-no wpr-column-slider-no wpr-equal-height-no e-con e-parent\" data-id=\"c7f0bc5\" data-element_type=\"container\" data-e-type=\"container\">\n\t\t\t\t\t<div class=\"e-con-inner\">\n\t\t\t\t<div class=\"elementor-element elementor-element-f418827 elementor-widget elementor-widget-page-title\" data-id=\"f418827\" data-element_type=\"widget\" data-e-type=\"widget\" data-widget_type=\"page-title.default\">\n\t\t\t\t<div class=\"elementor-widget-container\">\n\t\t\t\t\t\t\t\n\t\t<div class=\"hfe-page-title hfe-page-title-wrapper elementor-widget-heading\">\n\n\t\t\t\t\t\t\t\t\t\t\t<a href=\"https:\/\/sbrc.sbc.org.br\/2026\">\n\t\t\t\t\t\t<h1 class=\"elementor-heading-title elementor-size-default\">\n\t\t\t\t\t\t\t\t\n\t\t\t\tWBlockchain &#8211; IX Workshop Blockchain: Teoria, Tecnologia e Aplica\u00e7\u00f5es  \n\t\t\t<\/h1 > \n\t\t\t\t\t\t\t\t\t<\/a>\n\t\t\t\t\t<\/div>\n\t\t\t\t\t\t<\/div>\n\t\t\t\t<\/div>\n\t\t\t\t\t<\/div>\n\t\t\t\t<\/div>\n\t\t<div class=\"elementor-element elementor-element-320af6a e-flex e-con-boxed wpr-particle-no wpr-jarallax-no wpr-parallax-no wpr-sticky-section-no wpr-column-slider-no wpr-equal-height-no e-con e-parent\" data-id=\"320af6a\" data-element_type=\"container\" data-e-type=\"container\">\n\t\t\t\t\t<div class=\"e-con-inner\">\n\t\t<div class=\"elementor-element elementor-element-9f08be9 e-con-full e-flex wpr-particle-no wpr-jarallax-no wpr-parallax-no wpr-sticky-section-no wpr-column-slider-no wpr-equal-height-no e-con e-child\" data-id=\"9f08be9\" data-element_type=\"container\" data-e-type=\"container\">\n\t\t<div class=\"elementor-element elementor-element-089bca9 e-con-full e-flex wpr-particle-no wpr-jarallax-no wpr-parallax-no wpr-sticky-section-no wpr-column-slider-no wpr-equal-height-no e-con e-child\" data-id=\"089bca9\" data-element_type=\"container\" data-e-type=\"container\">\n\t\t\t\t<div class=\"elementor-element elementor-element-3b58717 elementor-widget elementor-widget-heading\" data-id=\"3b58717\" data-element_type=\"widget\" data-e-type=\"widget\" data-widget_type=\"heading.default\">\n\t\t\t\t<div class=\"elementor-widget-container\">\n\t\t\t\t\t<h2 class=\"elementor-heading-title elementor-size-default\">Datas Importantes<\/h2>\t\t\t\t<\/div>\n\t\t\t\t<\/div>\n\t\t\t\t<div class=\"elementor-element elementor-element-a3db029 elementor-widget elementor-widget-text-editor\" data-id=\"a3db029\" data-element_type=\"widget\" data-e-type=\"widget\" data-widget_type=\"text-editor.default\">\n\t\t\t\t<div class=\"elementor-widget-container\">\n\t\t\t\t\t\t\t\t\t<ul><li>Submiss\u00e3o de artigos: <del>20\/03\/2026<\/del> <strong>05\/04\/2026 (Hard Deadline)<\/strong><\/li><li>Comunica\u00e7\u00e3o de resultados: <strong>17\/04\/2026<\/strong><\/li><li>Envio de vers\u00e3o final dos artigos aceitos: <strong>24\/04\/2026<\/strong><\/li><\/ul>\t\t\t\t\t\t\t\t<\/div>\n\t\t\t\t<\/div>\n\t\t\t\t<div class=\"elementor-element elementor-element-1a5bcb6 elementor-widget elementor-widget-button\" data-id=\"1a5bcb6\" data-element_type=\"widget\" data-e-type=\"widget\" data-widget_type=\"button.default\">\n\t\t\t\t<div class=\"elementor-widget-container\">\n\t\t\t\t\t\t\t\t\t<div class=\"elementor-button-wrapper\">\n\t\t\t\t\t<a class=\"elementor-button elementor-button-link elementor-size-sm\" href=\"https:\/\/jems3.sbc.org.br\/events\/550\">\n\t\t\t\t\t\t<span class=\"elementor-button-content-wrapper\">\n\t\t\t\t\t\t<span class=\"elementor-button-icon\">\n\t\t\t\t<svg aria-hidden=\"true\" class=\"e-font-icon-svg e-fas-chevron-right\" viewBox=\"0 0 320 512\" xmlns=\"http:\/\/www.w3.org\/2000\/svg\"><path d=\"M285.476 272.971L91.132 467.314c-9.373 9.373-24.569 9.373-33.941 0l-22.667-22.667c-9.357-9.357-9.375-24.522-.04-33.901L188.505 256 34.484 101.255c-9.335-9.379-9.317-24.544.04-33.901l22.667-22.667c9.373-9.373 24.569-9.373 33.941 0L285.475 239.03c9.373 9.372 9.373 24.568.001 33.941z\"><\/path><\/svg>\t\t\t<\/span>\n\t\t\t\t\t\t\t\t\t<span class=\"elementor-button-text\">Submeter trabalho<\/span>\n\t\t\t\t\t<\/span>\n\t\t\t\t\t<\/a>\n\t\t\t\t<\/div>\n\t\t\t\t\t\t\t\t<\/div>\n\t\t\t\t<\/div>\n\t\t\t\t<\/div>\n\t\t\t\t<div class=\"elementor-element elementor-element-e512f83 elementor-widget elementor-widget-spacer\" data-id=\"e512f83\" data-element_type=\"widget\" data-e-type=\"widget\" data-widget_type=\"spacer.default\">\n\t\t\t\t<div class=\"elementor-widget-container\">\n\t\t\t\t\t\t\t<div class=\"elementor-spacer\">\n\t\t\t<div class=\"elementor-spacer-inner\"><\/div>\n\t\t<\/div>\n\t\t\t\t\t\t<\/div>\n\t\t\t\t<\/div>\n\t\t\t\t<div class=\"elementor-element elementor-element-a6dcbc7 elementor-widget elementor-widget-heading\" data-id=\"a6dcbc7\" data-element_type=\"widget\" data-e-type=\"widget\" data-widget_type=\"heading.default\">\n\t\t\t\t<div class=\"elementor-widget-container\">\n\t\t\t\t\t<h2 class=\"elementor-heading-title elementor-size-default\">Apresenta\u00e7\u00e3o<\/h2>\t\t\t\t<\/div>\n\t\t\t\t<\/div>\n\t\t\t\t<div class=\"elementor-element elementor-element-9debef3 elementor-widget elementor-widget-text-editor\" data-id=\"9debef3\" data-element_type=\"widget\" data-e-type=\"widget\" data-widget_type=\"text-editor.default\">\n\t\t\t\t<div class=\"elementor-widget-container\">\n\t\t\t\t\t\t\t\t\t<p>Blockchain \u00e9 uma tecnologia emergente que possibilita transa\u00e7\u00f5es distribu\u00eddas e compartilhamento de dados entre participantes, que n\u00e3o se confiam mutuamente, sem a necessidade de uma autoridade centralizadora para valida\u00e7\u00e3o. Introduz o novo paradigma do consenso sob demanda, onde o conjunto de n\u00f3s da rede concorda com a ordem em que os blocos de transa\u00e7\u00f5es s\u00e3o agregados \u00e0 corrente de blocos, proporcionando um ambiente distribu\u00eddo confi\u00e1vel, escal\u00e1vel, imut\u00e1vel e seguro para a realiza\u00e7\u00e3o e armazenamento de transa\u00e7\u00f5es na Internet. Blockchain \u00e9 uma tecnologia disruptiva, pois cria digitalmente uma entidade de confian\u00e7a, com potencial para substituir entidades certificadoras e centralizadoras das transa\u00e7\u00f5es, tais como os bancos, governos, cart\u00f3rios, etc. Seu potencial de transforma\u00e7\u00e3o \u00e9 imenso e aplica\u00e7\u00f5es est\u00e3o surgindo a partir desta tecnologia em diversos setores: finan\u00e7as, sa\u00fade, artes, governo, etc., al\u00e9m da pr\u00f3pria Computa\u00e7\u00e3o.<br \/><br \/>O <strong>Workshop Blockchain: Teoria, Tecnologia e Aplica\u00e7\u00f5es (WBlockchain)<\/strong> visa integrar pesquisadores e desenvolvedores, tanto da academia quanto da ind\u00fastria, e que estejam desenvolvendo pesquisas, projetos e aplica\u00e7\u00f5es em blockchain. Diversos s\u00e3o os desafios relacionados com este tema, os quais envolvem seguran\u00e7a, privacidade, armazenamento, disponibilidade e integridade dos dados, melhoria do desempenho, vaz\u00e3o e banda, escalabilidade, sustentabilidade, economicidade, al\u00e9m de outros. Palestrantes e pesquisadores est\u00e3o convidados a debater e apresentar os seus resultados na \u00e1rea.<\/p>\t\t\t\t\t\t\t\t<\/div>\n\t\t\t\t<\/div>\n\t\t\t\t<div class=\"elementor-element elementor-element-2feec9f elementor-widget elementor-widget-heading\" data-id=\"2feec9f\" data-element_type=\"widget\" data-e-type=\"widget\" data-widget_type=\"heading.default\">\n\t\t\t\t<div class=\"elementor-widget-container\">\n\t\t\t\t\t<h2 class=\"elementor-heading-title elementor-size-default\">T\u00f3picos de Interesse<\/h2>\t\t\t\t<\/div>\n\t\t\t\t<\/div>\n\t\t\t\t<div class=\"elementor-element elementor-element-6538487 elementor-widget elementor-widget-text-editor\" data-id=\"6538487\" data-element_type=\"widget\" data-e-type=\"widget\" data-widget_type=\"text-editor.default\">\n\t\t\t\t<div class=\"elementor-widget-container\">\n\t\t\t\t\t\t\t\t\t<p>Pesquisadores s\u00e3o convidados a submeter trabalhos em blockchain que se relacionem com as diversas \u00e1reas da Computa\u00e7\u00e3o e, sobretudo, a computa\u00e7\u00e3o distribu\u00edda, redes de computadores, confian\u00e7a no funcionamento de sistemas, seguran\u00e7a e criptografia. Uma lista n\u00e3o extensiva de t\u00f3picos de interesse inclui:<\/p><ul><li>Algoritmos distribu\u00eddos para blockchain<\/li><li>Aplica\u00e7\u00f5es distribu\u00eddas com blockchain<\/li><li>Armazenamento distribu\u00eddo e distributed ledger<\/li><li>Arquiteturas distribu\u00eddas com blockchain<\/li><li>Ataques em n\u00edvel de rede e aplica\u00e7\u00e3o na blockchain<\/li><li>Computa\u00e7\u00e3o em nuvem, n\u00e9voa e borda com blockchain<\/li><li>Consenso bizantino para blockchain<\/li><li>Consenso baseado em grafos para blockchain<\/li><li>Consenso baseado em provas para blockchain<\/li><li>Criptografia para blockchain<\/li><li>Criptomoedas e aplica\u00e7\u00f5es distribu\u00eddas de pagamento<\/li><li>Escalabilidade e desempenho em blockchain<\/li><li>Integra\u00e7\u00e3o de sistemas com blockchain<\/li><li>Internet das Coisas com blockchain<\/li><li>Protocolos P2P<\/li><li>Seguran\u00e7a da blockchain<\/li><li>Seguran\u00e7a de redes com blockchain<\/li><li>Redes de blockchain p\u00fablicas e privadas<\/li><li>Redes de computadores robustas com blockchain<\/li><li>Testes de desempenho (benchmarking)<\/li><li>Valida\u00e7\u00e3o experimental e simula\u00e7\u00e3o<\/li><li>Virtualiza\u00e7\u00e3o segura com blockchain<\/li><\/ul>\t\t\t\t\t\t\t\t<\/div>\n\t\t\t\t<\/div>\n\t\t\t\t<div class=\"elementor-element elementor-element-e8cf78f elementor-widget elementor-widget-heading\" data-id=\"e8cf78f\" data-element_type=\"widget\" data-e-type=\"widget\" data-widget_type=\"heading.default\">\n\t\t\t\t<div class=\"elementor-widget-container\">\n\t\t\t\t\t<h2 class=\"elementor-heading-title elementor-size-default\">Instru\u00e7\u00f5es aos Autores<\/h2>\t\t\t\t<\/div>\n\t\t\t\t<\/div>\n\t\t\t\t<div class=\"elementor-element elementor-element-e6b3be7 elementor-widget elementor-widget-text-editor\" data-id=\"e6b3be7\" data-element_type=\"widget\" data-e-type=\"widget\" data-widget_type=\"text-editor.default\">\n\t\t\t\t<div class=\"elementor-widget-container\">\n\t\t\t\t\t\t\t\t\t<div>Autores s\u00e3o convidados a submeter artigos ou resumos estendidos com apresenta\u00e7\u00e3o de resultados de pesquisas e projetos, novas diretrizes, vis\u00f5es cr\u00edticas ou li\u00e7\u00f5es aprendidas. Os artigos a serem submetidos ao WBlockchain 2026 devem ser escritos em portugu\u00eas ou ingl\u00eas, com no <span class=\"im\"><strong>m\u00e1ximo 14 p\u00e1ginas<\/strong>, incluindo resumo (e abstract, para artigos em portugu\u00eas), figuras, anexos, refer\u00eancias, etc. Todos os artigos devem ser obrigatoriamente formatados seguindo o <a href=\"http:\/\/www.sbc.org.br\/documentos-da-sbc\/category\/169-templates-para-artigos-e-capitulos-de-livros\">Modelo para Publica\u00e7\u00e3o de Artigos da SBC<\/a>. <\/span><\/div><div>\u00a0<\/div><div><p><span class=\"im\">\u00c9 importante ressaltar ainda que os artigos a serem submetidos devem seguir o <a href=\"https:\/\/www.sbc.org.br\/documentos-da-sbc\/summary\/245-codigo-de-etica-sbc\/1489-revisao-e-atualizacao-do-codigo-de-conduta-para-autores\">C\u00f3digo de Conduta para Autores em Publica\u00e7\u00f5es da SBC<\/a>, aprovado pelo Conselho da SBC em fevereiro de 2024. A submiss\u00e3o de artigos ser\u00e1 exclusivamente eletr\u00f4nica, por meio do <a href=\"https:\/\/jems3.sbc.org.br\/events\/550\">sistema JEMS3.<\/a><\/span><\/p><p>Os artigos submetidos ao WBlockchain 2026 ser\u00e3o avaliados pelo Comit\u00ea de Programa do workshop e os melhores ser\u00e3o selecionados para apresenta\u00e7\u00e3o <span class=\"im\">e publica\u00e7\u00e3o nos anais do evento. Todos os artigos aceitos e revisados ser\u00e3o publicados na biblioteca digital da SBC, a <a href=\"https:\/\/sol.sbc.org.br\/index.php\/sbrc\">SBC OpenLibrary (SOL)<\/a>, <\/span>na s\u00e9rie do WBlockchain. A publica\u00e7\u00e3o dos artigos aceitos requer a inscri\u00e7\u00e3o de pelo menos um autor no SBRC 2025, bem como a apresenta\u00e7\u00e3o <span class=\"im\">oral do artigo durante o evento.<\/span><\/p><\/div>\t\t\t\t\t\t\t\t<\/div>\n\t\t\t\t<\/div>\n\t\t\t\t<div class=\"elementor-element elementor-element-908cd01 elementor-widget elementor-widget-heading\" data-id=\"908cd01\" data-element_type=\"widget\" data-e-type=\"widget\" data-widget_type=\"heading.default\">\n\t\t\t\t<div class=\"elementor-widget-container\">\n\t\t\t\t\t<h2 class=\"elementor-heading-title elementor-size-default\">Coordena\u00e7\u00e3o<\/h2>\t\t\t\t<\/div>\n\t\t\t\t<\/div>\n\t\t\t\t<div class=\"elementor-element elementor-element-a804be0 elementor-widget elementor-widget-text-editor\" data-id=\"a804be0\" data-element_type=\"widget\" data-e-type=\"widget\" data-widget_type=\"text-editor.default\">\n\t\t\t\t<div class=\"elementor-widget-container\">\n\t\t\t\t\t\t\t\t\t<ul><li>Jos\u00e9 Augusto Miranda Nacif (UFV) <a href=\"mailto:jnacif@ufv.br\">jnacif@ufv.br<\/a><\/li><li>Diogo Silveira Mendon\u00e7a (CEFET-RJ) <a href=\"mailto:diogo.mendonca@cefet-rj.br\" target=\"_blank\" rel=\"noopener\">diogo.mendonca@cefet-rj.br<\/a><\/li><\/ul>\t\t\t\t\t\t\t\t<\/div>\n\t\t\t\t<\/div>\n\t\t\t\t<div class=\"elementor-element elementor-element-9cbfdbe elementor-widget elementor-widget-heading\" data-id=\"9cbfdbe\" data-element_type=\"widget\" data-e-type=\"widget\" data-widget_type=\"heading.default\">\n\t\t\t\t<div class=\"elementor-widget-container\">\n\t\t\t\t\t<h2 class=\"elementor-heading-title elementor-size-default\">Comit\u00ea de Sele\u00e7\u00e3o<\/h2>\t\t\t\t<\/div>\n\t\t\t\t<\/div>\n\t\t\t\t<div class=\"elementor-element elementor-element-32ed7f0 elementor-widget elementor-widget-text-editor\" data-id=\"32ed7f0\" data-element_type=\"widget\" data-e-type=\"widget\" data-widget_type=\"text-editor.default\">\n\t\t\t\t<div class=\"elementor-widget-container\">\n\t\t\t\t\t\t\t\t\t<p>Alex Borges Vieira (UFJF)<br \/>Allan Freitas (IFBA)<br \/>Ant\u00f4nio Abel\u00e9m (UFPA)<br \/>Ant\u00f4nio Augusto Rocha (UFF)<br \/>Arlindo da Concei\u00e7\u00e3o (UNIFESP)<br \/>Billy Pinheiro (Amachains)<br \/>Carlos Ferraz (UFPE)<br \/>C\u00e9lio Albuquerque (UFF)<br \/>Cl\u00e1udio Miceli (UFRJ)<br \/>Cristiano Silva (UFSJ)<br \/>Daniel Menasch\u00e9 (UFRJ)<br \/>Diogo Mattos (UFF)<br \/>Diogo Silveira Mendon\u00e7a (CEFET\/RJ)<br \/>Eduardo Alchieri (UnB)<br \/>Emanuel Coutinho (UFC)<br \/>Ewerton Madruga (Inmetro)<br \/>Frederico Lopes (UFRN)<br \/>Glauber Dias Gon\u00e7alves (UFPI)<br \/>Helio Guardia (UFSCAR)<br \/>Igor Coelho (UFF)<br \/>Igor Dos Santos (CEFET-RJ)<br \/>Jean Medina (UFSC)<br \/>Jeferson Nobre (UFRGS)<br \/>Jos\u00e9 Augusto Nacif (UFV)<br \/>Leobino Sampaio (UFBA)<br \/>Lourenco Pereira Junior (ITA)<br \/>Luciano Barreto (Nestl\u00e9)<br \/>Lu\u00eds Carlos Erpen de Bona (UFPR)<br \/>Luiz Antonio Rodrigues (UNIOESTE)<br \/>Nelio Cacho (UFRN)<br \/>Rafael Esteves (IFRS)<br \/>Regio Michelin (University of New South Wales, Austr\u00e1lia)<br \/>Roben Lunardi (IFRS)<br \/>Rostand Costa (UFPB)<br \/>Tiago Fran\u00e7a (UFRRJ)<br \/>Vinicius Borges (UFG)<br \/>Weverton Cordeiro (UFRGS)<br \/>Wilson Melo Junior (Inmetro)<\/p>\t\t\t\t\t\t\t\t<\/div>\n\t\t\t\t<\/div>\n\t\t<div class=\"elementor-element elementor-element-0d68d74 e-con-full e-flex wpr-particle-no wpr-jarallax-no wpr-parallax-no wpr-sticky-section-no wpr-column-slider-no wpr-equal-height-no e-con e-child\" data-id=\"0d68d74\" data-element_type=\"container\" data-e-type=\"container\">\n\t\t\t\t<\/div>\n\t\t<div class=\"elementor-element elementor-element-ca25313 e-con-full e-flex wpr-particle-no wpr-jarallax-no wpr-parallax-no wpr-sticky-section-no wpr-column-slider-no wpr-equal-height-no e-con e-child\" data-id=\"ca25313\" data-element_type=\"container\" data-e-type=\"container\">\n\t\t\t\t<\/div>\n\t\t\t\t<\/div>\n\t\t\t\t\t<\/div>\n\t\t\t\t<\/div>\n\t\t\t\t<\/div>\n\t\t","protected":false},"excerpt":{"rendered":"<p>WBlockchain &#8211; IX Workshop Blockchain: Teoria, Tecnologia e Aplica\u00e7\u00f5es Datas Importantes Submiss\u00e3o de artigos: 20\/03\/2026 05\/04\/2026 (Hard Deadline) Comunica\u00e7\u00e3o de resultados: 17\/04\/2026 Envio de vers\u00e3o final dos artigos aceitos: 24\/04\/2026 Submeter trabalho Apresenta\u00e7\u00e3o Blockchain \u00e9 uma tecnologia emergente que possibilita transa\u00e7\u00f5es distribu\u00eddas e compartilhamento de dados entre participantes, que n\u00e3o se confiam mutuamente, sem a necessidade de uma autoridade centralizadora para valida\u00e7\u00e3o. Introduz o novo paradigma do consenso sob demanda, onde o conjunto de n\u00f3s da rede concorda com a ordem em que os blocos de transa\u00e7\u00f5es s\u00e3o agregados \u00e0 corrente de blocos, proporcionando um ambiente distribu\u00eddo confi\u00e1vel, escal\u00e1vel, imut\u00e1vel e seguro para a realiza\u00e7\u00e3o e armazenamento de transa\u00e7\u00f5es na Internet. Blockchain \u00e9 uma tecnologia disruptiva, pois cria digitalmente uma entidade de confian\u00e7a, com potencial para substituir entidades certificadoras e centralizadoras das transa\u00e7\u00f5es, tais como os bancos, governos, cart\u00f3rios, etc. Seu potencial de transforma\u00e7\u00e3o \u00e9 imenso e aplica\u00e7\u00f5es est\u00e3o surgindo a partir desta tecnologia em diversos setores: finan\u00e7as, sa\u00fade, artes, governo, etc., al\u00e9m da pr\u00f3pria Computa\u00e7\u00e3o. O Workshop Blockchain: Teoria, Tecnologia e Aplica\u00e7\u00f5es (WBlockchain) visa integrar pesquisadores e desenvolvedores, tanto da academia quanto da ind\u00fastria, e que estejam desenvolvendo pesquisas, projetos e aplica\u00e7\u00f5es em blockchain. Diversos s\u00e3o os desafios relacionados com este tema, os quais envolvem seguran\u00e7a, privacidade, armazenamento, disponibilidade e integridade dos dados, melhoria do desempenho, vaz\u00e3o e banda, escalabilidade, sustentabilidade, economicidade, al\u00e9m de outros. Palestrantes e pesquisadores est\u00e3o convidados a debater e apresentar os seus resultados na \u00e1rea. T\u00f3picos de Interesse Pesquisadores s\u00e3o convidados a submeter trabalhos em blockchain que se relacionem com as diversas \u00e1reas da Computa\u00e7\u00e3o e, sobretudo, a computa\u00e7\u00e3o distribu\u00edda, redes de computadores, confian\u00e7a no funcionamento de sistemas, seguran\u00e7a e criptografia. Uma lista n\u00e3o extensiva de t\u00f3picos de interesse inclui: Algoritmos distribu\u00eddos para blockchain Aplica\u00e7\u00f5es distribu\u00eddas com blockchain Armazenamento distribu\u00eddo e distributed ledger Arquiteturas distribu\u00eddas com blockchain Ataques em n\u00edvel de rede e aplica\u00e7\u00e3o na blockchain Computa\u00e7\u00e3o em nuvem, n\u00e9voa e borda com blockchain Consenso bizantino para blockchain Consenso baseado em grafos para blockchain Consenso baseado em provas para blockchain Criptografia para blockchain Criptomoedas e aplica\u00e7\u00f5es distribu\u00eddas de pagamento Escalabilidade e desempenho em blockchain Integra\u00e7\u00e3o de sistemas com blockchain Internet das Coisas com blockchain Protocolos P2P Seguran\u00e7a da blockchain Seguran\u00e7a de redes com blockchain Redes de blockchain p\u00fablicas e privadas Redes de computadores robustas com blockchain Testes de desempenho (benchmarking) Valida\u00e7\u00e3o experimental e simula\u00e7\u00e3o Virtualiza\u00e7\u00e3o segura com blockchain Instru\u00e7\u00f5es aos Autores Autores s\u00e3o convidados a submeter artigos ou resumos estendidos com apresenta\u00e7\u00e3o de resultados de pesquisas e projetos, novas diretrizes, vis\u00f5es cr\u00edticas ou li\u00e7\u00f5es aprendidas. Os artigos a serem submetidos ao WBlockchain 2026 devem ser escritos em portugu\u00eas ou ingl\u00eas, com no m\u00e1ximo 14 p\u00e1ginas, incluindo resumo (e abstract, para artigos em portugu\u00eas), figuras, anexos, refer\u00eancias, etc. Todos os artigos devem ser obrigatoriamente formatados seguindo o Modelo para Publica\u00e7\u00e3o de Artigos da SBC. \u00a0 \u00c9 importante ressaltar ainda que os artigos a serem submetidos devem seguir o C\u00f3digo de Conduta para Autores em Publica\u00e7\u00f5es da SBC, aprovado pelo Conselho da SBC em fevereiro de 2024. A submiss\u00e3o de artigos ser\u00e1 exclusivamente eletr\u00f4nica, por meio do sistema JEMS3. Os artigos submetidos ao WBlockchain 2026 ser\u00e3o avaliados pelo Comit\u00ea de Programa do workshop e os melhores ser\u00e3o selecionados para apresenta\u00e7\u00e3o e publica\u00e7\u00e3o nos anais do evento. Todos os artigos aceitos e revisados ser\u00e3o publicados na biblioteca digital da SBC, a SBC OpenLibrary (SOL), na s\u00e9rie do WBlockchain. A publica\u00e7\u00e3o dos artigos aceitos requer a inscri\u00e7\u00e3o de pelo menos um autor no SBRC 2025, bem como a apresenta\u00e7\u00e3o oral do artigo durante o evento. Coordena\u00e7\u00e3o Jos\u00e9 Augusto Miranda Nacif (UFV) jnacif@ufv.br Diogo Silveira Mendon\u00e7a (CEFET-RJ) diogo.mendonca@cefet-rj.br Comit\u00ea de Sele\u00e7\u00e3o Alex Borges Vieira (UFJF)Allan Freitas (IFBA)Ant\u00f4nio Abel\u00e9m (UFPA)Ant\u00f4nio Augusto Rocha (UFF)Arlindo da Concei\u00e7\u00e3o (UNIFESP)Billy Pinheiro (Amachains)Carlos Ferraz (UFPE)C\u00e9lio Albuquerque (UFF)Cl\u00e1udio Miceli (UFRJ)Cristiano Silva (UFSJ)Daniel Menasch\u00e9 (UFRJ)Diogo Mattos (UFF)Diogo Silveira Mendon\u00e7a (CEFET\/RJ)Eduardo Alchieri (UnB)Emanuel Coutinho (UFC)Ewerton Madruga (Inmetro)Frederico Lopes (UFRN)Glauber Dias Gon\u00e7alves (UFPI)Helio Guardia (UFSCAR)Igor Coelho (UFF)Igor Dos Santos (CEFET-RJ)Jean Medina (UFSC)Jeferson Nobre (UFRGS)Jos\u00e9 Augusto Nacif (UFV)Leobino Sampaio (UFBA)Lourenco Pereira Junior (ITA)Luciano Barreto (Nestl\u00e9)Lu\u00eds Carlos Erpen de Bona (UFPR)Luiz Antonio Rodrigues (UNIOESTE)Nelio Cacho (UFRN)Rafael Esteves (IFRS)Regio Michelin (University of New South Wales, Austr\u00e1lia)Roben Lunardi (IFRS)Rostand Costa (UFPB)Tiago Fran\u00e7a (UFRRJ)Vinicius Borges (UFG)Weverton Cordeiro (UFRGS)Wilson Melo Junior (Inmetro)<\/p>\n","protected":false},"author":8,"featured_media":0,"parent":0,"menu_order":0,"comment_status":"closed","ping_status":"closed","template":"","meta":{"footnotes":""},"class_list":["post-4739","page","type-page","status-publish","hentry"],"_links":{"self":[{"href":"https:\/\/sbrc.sbc.org.br\/2026\/wp-json\/wp\/v2\/pages\/4739","targetHints":{"allow":["GET"]}}],"collection":[{"href":"https:\/\/sbrc.sbc.org.br\/2026\/wp-json\/wp\/v2\/pages"}],"about":[{"href":"https:\/\/sbrc.sbc.org.br\/2026\/wp-json\/wp\/v2\/types\/page"}],"author":[{"embeddable":true,"href":"https:\/\/sbrc.sbc.org.br\/2026\/wp-json\/wp\/v2\/users\/8"}],"replies":[{"embeddable":true,"href":"https:\/\/sbrc.sbc.org.br\/2026\/wp-json\/wp\/v2\/comments?post=4739"}],"version-history":[{"count":16,"href":"https:\/\/sbrc.sbc.org.br\/2026\/wp-json\/wp\/v2\/pages\/4739\/revisions"}],"predecessor-version":[{"id":5365,"href":"https:\/\/sbrc.sbc.org.br\/2026\/wp-json\/wp\/v2\/pages\/4739\/revisions\/5365"}],"wp:attachment":[{"href":"https:\/\/sbrc.sbc.org.br\/2026\/wp-json\/wp\/v2\/media?parent=4739"}],"curies":[{"name":"wp","href":"https:\/\/api.w.org\/{rel}","templated":true}]}}