{"id":8391,"date":"2025-05-22T08:19:39","date_gmt":"2025-05-22T11:19:39","guid":{"rendered":"https:\/\/sbrc.sbc.org.br\/2025\/?page_id=8391"},"modified":"2025-05-22T08:54:16","modified_gmt":"2025-05-22T11:54:16","slug":"programacao-musas","status":"publish","type":"page","link":"https:\/\/sbrc.sbc.org.br\/2025\/pt_br\/programacao-musas\/","title":{"rendered":"PROGRAMA\u00c7\u00c3O &#8211; MUSAS"},"content":{"rendered":"<div data-colibri-id=\"8391-c1\" class=\"style-1870 style-local-8391-c1 position-relative\">\n  <!---->\n  <div data-colibri-component=\"section\" data-colibri-id=\"8391-c2\" id=\"custom\" class=\"h-section h-section-global-spacing d-flex align-items-lg-center align-items-md-center align-items-center style-1871 style-local-8391-c2 position-relative\">\n    <!---->\n    <!---->\n    <div class=\"h-section-grid-container h-section-boxed-container\">\n      <!---->\n      <div data-colibri-id=\"8391-c3\" class=\"h-row-container gutters-row-lg-2 gutters-row-md-2 gutters-row-0 gutters-row-v-lg-2 gutters-row-v-md-2 gutters-row-v-2 style-1872 style-local-8391-c3 position-relative\">\n        <!---->\n        <div class=\"h-row justify-content-lg-center justify-content-md-center justify-content-center align-items-lg-stretch align-items-md-stretch align-items-stretch gutters-col-lg-2 gutters-col-md-2 gutters-col-0 gutters-col-v-lg-2 gutters-col-v-md-2 gutters-col-v-2\">\n          <!---->\n          <div class=\"h-column h-column-container d-flex h-col-lg-auto h-col-md-auto h-col-auto style-1873-outer style-local-8391-c4-outer\">\n            <div data-colibri-id=\"8391-c4\" class=\"d-flex h-flex-basis h-column__inner h-px-lg-2 h-px-md-2 h-px-2 v-inner-lg-2 v-inner-md-2 v-inner-2 style-1873 style-local-8391-c4 position-relative\">\n              <!---->\n              <!---->\n              <div class=\"w-100 h-y-container h-column__content h-column__v-align flex-basis-100 align-self-lg-start align-self-md-start align-self-start\">\n                <!---->\n                <div data-colibri-id=\"8391-c5\" class=\"h-text h-text-component style-1874 style-local-8391-c5 position-relative h-element\">\n                  <!---->\n                  <!---->\n                  <div class=\"\">\n                    <h1>mUSAS &#8211; A<strong>presenta\u00e7\u00e3o<\/strong><\/h1>\n                    <p>O evento&nbsp;<em>MUSAS (MUlheres em redeS de computadores e sistemAs diStribu\u00eddos)&nbsp;<\/em>visa encorajar conex\u00f5es entre mulheres pesquisadoras, estudantes e profissionais da \u00e1rea de redes de computadores, sistemas distribu\u00eddos\n                      e outras relacionadas.&nbsp;Este evento pioneiro na \u00e1rea de redes de computadores e sistemas distribu\u00eddos no Brasil teve in\u00edcio no ano de 2019 no SBRC.<\/p>\n                    <p>O evento tamb\u00e9m incentiva fortemente a participa\u00e7\u00e3o de homens que compartilham os mesmos interesses de pesquisa, enfrentam dificuldades de carreira semelhantes \u00e0s das mulheres, reconhecem a sub-representa\u00e7\u00e3o de mulheres e outros grupos\n                      que acreditam na necessidade de a\u00e7\u00f5es proativas para melhorar a taxa de integra\u00e7\u00e3o das mulheres, promover a diversidade de g\u00eanero na \u00e1rea, e motivar mulheres a seguir carreira em TIC.<\/p>\n                    <p>Em sua quinta edi\u00e7\u00e3o, o evento MUSAS traz a tem\u00e1tica&nbsp;<strong>\u201cA Import\u00e2ncia de contar a Hist\u00f3ria das Mulheres\u201d&nbsp;<\/strong>para o centro da discuss\u00e3o. Em especial, o evento contar\u00e1 com palestrantes e painelistas que s\u00e3o mulheres\n                      pesquisadoras e profissionais bem-sucedidas em suas carreiras no Brasil e no exterior, apresentando os desafios de serem reconhecidas pelos seus resultados na vis\u00e3o da academia e do mercado. O MUSAS tamb\u00e9m contar\u00e1 a experi\u00eancia de\n                      13 anos do&nbsp;\n                      <a href=\"https:\/\/www.meninas.cic.unb.br\" target=\"_blank\" rel=\"noreferrer noopener\" style=\"font-family: &quot;Open Sans&quot;; font-weight: 400; font-size: 1em; color: rgb(247, 150, 62);\" class=\"customize-unpreviewable\">Meninas.comp<\/a>, um projeto pioneiro da UnB que atua na Pesquisa, Extens\u00e3o e Ensino para motivar e fomentar a diversidade na \u00e1rea de TIC.<\/p>\n                    <p><span style=\"color: rgb(77, 77, 77); font-family: &quot;Open Sans&quot;; font-size: 16px; font-weight: 700;\">Tema: Lideran\u00e7a Feminina: Desafios e Oportunidades<\/span><\/p>\n                    <h2><span style=\"color: rgb(77, 77, 77); font-family: &quot;Open Sans&quot;; font-size: 16px; font-weight: 700;\">PROGRAMA\u00c7\u00c3O<\/span><\/h2>\n                  <\/div>\n                <\/div>\n                <div data-colibri-id=\"8391-c6\" class=\"h-text h-text-component style-1874 style-local-8391-c6 position-relative h-element\">\n                  <!---->\n                  <!---->\n                  <div class=\"\">\n                    <p><strong style=\"color: rgb(77, 77, 77); font-family: &quot;Open Sans&quot;; font-size: 16px; font-weight: 700;\">PRIMEIRO DIA<br><\/strong><span style=\"color: rgb(77, 77, 77); font-family: &quot;Open Sans&quot;; font-size: 16px; font-weight: 400;\">\ud83d\udd51&nbsp;08:30-10:00<\/span>\n                      <br><span style=\"color: rgb(77, 77, 77); font-family: &quot;Open Sans&quot;; font-size: 16px; font-weight: 400;\">\ud83d\udccd&nbsp;Sala <\/span>Genipabu\n                      <br><span style=\"font-weight: 400; font-size: 16px; font-family: &quot;Open Sans&quot;; color: rgb(77, 77, 77);\">\ud83d\udcc6&nbsp;21\/05\/2025 (quarta-feira)<\/span><\/p>\n                    <p>8:00 Abertura &#8211; Boas-vindas e contextualiza\u00e7\u00e3o do evento.<\/p>\n                    <p>8:35 Depoimentos sobre Lideran\u00e7a Feminina\n                      <br>&#8211; Liane Tarouco (UFRGS) &#8211; v\u00eddeo\n                      <br>&#8211; Thais Batista (UFRN e SBC) &#8211; v\u00eddeo\n                      <br> &#8211; Fl\u00e1via Delicato (UFF)<\/p>\n                    <p>8:45 Apresenta\u00e7\u00e3o dos participantes utilizando a Din\u00e2mica \u201cO grande c\u00edrculo\u201d<\/p>\n                    <p>9:00 Oficina Tem\u00e1tica &#8211; Lideran\u00e7a feminina: Identifica\u00e7\u00e3o de desafios e estrat\u00e9gias para ampliar a representa\u00e7\u00e3o de mulheres em posi\u00e7\u00f5es de lideran\u00e7a.<\/p>\n                    <p>10:00 Encerramento do primeiro dia &#8211; Considera\u00e7\u00f5es finais e agradecimentos<\/p>\n                    <p><strong style=\"font-weight: 700; color: rgb(77, 77, 77); font-family: &quot;Open Sans&quot;; font-size: 16px;\">SEGUNDO&nbsp;DIA<\/strong><span style=\"color: rgb(77, 77, 77); font-family: &quot;Open Sans&quot;; font-size: 16px; font-weight: 400;\"><br>\ud83d\udd51&nbsp;08:30-10:00<\/span>\n                      <br><span style=\"color: rgb(77, 77, 77); font-family: &quot;Open Sans&quot;; font-size: 16px; font-weight: 400;\">\ud83d\udccd&nbsp;Sala&nbsp;Genipabu<\/span>\n                      <br><span style=\"color: rgb(77, 77, 77); font-family: &quot;Open Sans&quot;; font-size: 16px; font-weight: 400;\">\ud83d\udcc6&nbsp;22\/05\/2025 (quinta-feira)<\/span><\/p>\n                    <p>8:30 Women Leadership: Career path and Lessons Learned<\/p>\n                    <p>Palestra: Radia Perlman (Dell) &#8211;&nbsp;My career path, and things learned along the way<\/p>\n                    <p>10:00 Encerramento do evento &#8211; Considera\u00e7\u00f5es finais e agradecimentos<\/p>\n                  <\/div>\n                <\/div>\n              <\/div>\n            <\/div>\n          <\/div>\n        <\/div>\n      <\/div>\n    <\/div>\n  <\/div>\n<\/div>","protected":false},"excerpt":{"rendered":"<p>mUSAS &#8211; Apresenta\u00e7\u00e3o O evento&nbsp;MUSAS (MUlheres em redeS de computadores e sistemAs diStribu\u00eddos)&nbsp;visa encorajar conex\u00f5es entre mulheres pesquisadoras, estudantes e profissionais da \u00e1rea de redes de computadores, sistemas distribu\u00eddos e outras relacionadas.&nbsp;Este evento pioneiro na \u00e1rea de redes de computadores e sistemas distribu\u00eddos no Brasil teve in\u00edcio no ano de 2019 no SBRC. O evento [&hellip;]<\/p>\n","protected":false},"author":7,"featured_media":0,"parent":0,"menu_order":0,"comment_status":"closed","ping_status":"closed","template":"page-templates\/full-width-page.php","meta":{"footnotes":""},"class_list":["post-8391","page","type-page","status-publish","hentry"],"yoast_head":"<!-- This site is optimized with the Yoast SEO plugin v27.5 - https:\/\/yoast.com\/product\/yoast-seo-wordpress\/ -->\n<title>PROGRAMA\u00c7\u00c3O - MUSAS - SBRC 2025<\/title>\n<meta name=\"robots\" content=\"index, follow, max-snippet:-1, max-image-preview:large, max-video-preview:-1\" \/>\n<link rel=\"canonical\" href=\"https:\/\/sbrc.sbc.org.br\/2025\/pt_br\/programacao-musas\/\" \/>\n<meta property=\"og:locale\" content=\"pt_BR\" \/>\n<meta property=\"og:type\" content=\"article\" \/>\n<meta property=\"og:title\" content=\"PROGRAMA\u00c7\u00c3O - MUSAS - SBRC 2025\" \/>\n<meta property=\"og:description\" content=\"mUSAS &#8211; Apresenta\u00e7\u00e3o O evento&nbsp;MUSAS (MUlheres em redeS de computadores e sistemAs diStribu\u00eddos)&nbsp;visa encorajar conex\u00f5es entre mulheres pesquisadoras, estudantes e profissionais da \u00e1rea de redes de computadores, sistemas distribu\u00eddos e outras relacionadas.&nbsp;Este evento pioneiro na \u00e1rea de redes de computadores e sistemas distribu\u00eddos no Brasil teve in\u00edcio no ano de 2019 no SBRC. O evento [&hellip;]\" \/>\n<meta property=\"og:url\" content=\"https:\/\/sbrc.sbc.org.br\/2025\/pt_br\/programacao-musas\/\" \/>\n<meta property=\"og:site_name\" content=\"SBRC 2025\" \/>\n<meta property=\"article:modified_time\" content=\"2025-05-22T11:54:16+00:00\" \/>\n<meta property=\"og:image\" content=\"https:\/\/sbrc.sbc.org.br\/2025\/wp-content\/uploads\/2024\/07\/Captura-de-tela-2024-07-04-115159.png\" \/>\n\t<meta property=\"og:image:width\" content=\"821\" \/>\n\t<meta property=\"og:image:height\" content=\"466\" \/>\n\t<meta property=\"og:image:type\" content=\"image\/png\" \/>\n<meta name=\"twitter:card\" content=\"summary_large_image\" \/>\n<script type=\"application\/ld+json\" class=\"yoast-schema-graph\">{\"@context\":\"https:\\\/\\\/schema.org\",\"@graph\":[{\"@type\":\"WebPage\",\"@id\":\"https:\\\/\\\/sbrc.sbc.org.br\\\/2025\\\/programacao-musas\\\/\",\"url\":\"https:\\\/\\\/sbrc.sbc.org.br\\\/2025\\\/programacao-musas\\\/\",\"name\":\"PROGRAMA\u00c7\u00c3O - MUSAS - SBRC 2025\",\"isPartOf\":{\"@id\":\"https:\\\/\\\/sbrc.sbc.org.br\\\/2025\\\/#website\"},\"datePublished\":\"2025-05-22T11:19:39+00:00\",\"dateModified\":\"2025-05-22T11:54:16+00:00\",\"breadcrumb\":{\"@id\":\"https:\\\/\\\/sbrc.sbc.org.br\\\/2025\\\/programacao-musas\\\/#breadcrumb\"},\"inLanguage\":\"pt-BR\",\"potentialAction\":[{\"@type\":\"ReadAction\",\"target\":[\"https:\\\/\\\/sbrc.sbc.org.br\\\/2025\\\/programacao-musas\\\/\"]}]},{\"@type\":\"BreadcrumbList\",\"@id\":\"https:\\\/\\\/sbrc.sbc.org.br\\\/2025\\\/programacao-musas\\\/#breadcrumb\",\"itemListElement\":[{\"@type\":\"ListItem\",\"position\":1,\"name\":\"In\u00edcio\",\"item\":\"https:\\\/\\\/sbrc.sbc.org.br\\\/2025\\\/\"},{\"@type\":\"ListItem\",\"position\":2,\"name\":\"PROGRAMA\u00c7\u00c3O &#8211; MUSAS\"}]},{\"@type\":\"WebSite\",\"@id\":\"https:\\\/\\\/sbrc.sbc.org.br\\\/2025\\\/#website\",\"url\":\"https:\\\/\\\/sbrc.sbc.org.br\\\/2025\\\/\",\"name\":\"SBRC 2025\",\"description\":\"43\u00ba Simp\u00f3sio Brasileiro de Redes de Computadores e Sistemas Distribu\u00eddos\",\"publisher\":{\"@id\":\"https:\\\/\\\/sbrc.sbc.org.br\\\/2025\\\/#organization\"},\"potentialAction\":[{\"@type\":\"SearchAction\",\"target\":{\"@type\":\"EntryPoint\",\"urlTemplate\":\"https:\\\/\\\/sbrc.sbc.org.br\\\/2025\\\/?s={search_term_string}\"},\"query-input\":{\"@type\":\"PropertyValueSpecification\",\"valueRequired\":true,\"valueName\":\"search_term_string\"}}],\"inLanguage\":\"pt-BR\"},{\"@type\":\"Organization\",\"@id\":\"https:\\\/\\\/sbrc.sbc.org.br\\\/2025\\\/#organization\",\"name\":\"SBRC 2025\",\"url\":\"https:\\\/\\\/sbrc.sbc.org.br\\\/2025\\\/\",\"logo\":{\"@type\":\"ImageObject\",\"inLanguage\":\"pt-BR\",\"@id\":\"https:\\\/\\\/sbrc.sbc.org.br\\\/2025\\\/#\\\/schema\\\/logo\\\/image\\\/\",\"url\":\"https:\\\/\\\/sbrc.sbc.org.br\\\/2025\\\/wp-content\\\/uploads\\\/2024\\\/04\\\/cropped-cropped-v2@4x-1.png\",\"contentUrl\":\"https:\\\/\\\/sbrc.sbc.org.br\\\/2025\\\/wp-content\\\/uploads\\\/2024\\\/04\\\/cropped-cropped-v2@4x-1.png\",\"width\":5226,\"height\":4892,\"caption\":\"SBRC 2025\"},\"image\":{\"@id\":\"https:\\\/\\\/sbrc.sbc.org.br\\\/2025\\\/#\\\/schema\\\/logo\\\/image\\\/\"},\"sameAs\":[\"https:\\\/\\\/www.instagram.com\\\/simposio.sbrc\\\/\"]}]}<\/script>\n<!-- \/ Yoast SEO plugin. -->","yoast_head_json":{"title":"PROGRAMA\u00c7\u00c3O - MUSAS - SBRC 2025","robots":{"index":"index","follow":"follow","max-snippet":"max-snippet:-1","max-image-preview":"max-image-preview:large","max-video-preview":"max-video-preview:-1"},"canonical":"https:\/\/sbrc.sbc.org.br\/2025\/pt_br\/programacao-musas\/","og_locale":"pt_BR","og_type":"article","og_title":"PROGRAMA\u00c7\u00c3O - MUSAS - SBRC 2025","og_description":"mUSAS &#8211; Apresenta\u00e7\u00e3o O evento&nbsp;MUSAS (MUlheres em redeS de computadores e sistemAs diStribu\u00eddos)&nbsp;visa encorajar conex\u00f5es entre mulheres pesquisadoras, estudantes e profissionais da \u00e1rea de redes de computadores, sistemas distribu\u00eddos e outras relacionadas.&nbsp;Este evento pioneiro na \u00e1rea de redes de computadores e sistemas distribu\u00eddos no Brasil teve in\u00edcio no ano de 2019 no SBRC. O evento [&hellip;]","og_url":"https:\/\/sbrc.sbc.org.br\/2025\/pt_br\/programacao-musas\/","og_site_name":"SBRC 2025","article_modified_time":"2025-05-22T11:54:16+00:00","og_image":[{"width":821,"height":466,"url":"https:\/\/sbrc.sbc.org.br\/2025\/wp-content\/uploads\/2024\/07\/Captura-de-tela-2024-07-04-115159.png","type":"image\/png"}],"twitter_card":"summary_large_image","schema":{"@context":"https:\/\/schema.org","@graph":[{"@type":"WebPage","@id":"https:\/\/sbrc.sbc.org.br\/2025\/programacao-musas\/","url":"https:\/\/sbrc.sbc.org.br\/2025\/programacao-musas\/","name":"PROGRAMA\u00c7\u00c3O - MUSAS - SBRC 2025","isPartOf":{"@id":"https:\/\/sbrc.sbc.org.br\/2025\/#website"},"datePublished":"2025-05-22T11:19:39+00:00","dateModified":"2025-05-22T11:54:16+00:00","breadcrumb":{"@id":"https:\/\/sbrc.sbc.org.br\/2025\/programacao-musas\/#breadcrumb"},"inLanguage":"pt-BR","potentialAction":[{"@type":"ReadAction","target":["https:\/\/sbrc.sbc.org.br\/2025\/programacao-musas\/"]}]},{"@type":"BreadcrumbList","@id":"https:\/\/sbrc.sbc.org.br\/2025\/programacao-musas\/#breadcrumb","itemListElement":[{"@type":"ListItem","position":1,"name":"In\u00edcio","item":"https:\/\/sbrc.sbc.org.br\/2025\/"},{"@type":"ListItem","position":2,"name":"PROGRAMA\u00c7\u00c3O &#8211; MUSAS"}]},{"@type":"WebSite","@id":"https:\/\/sbrc.sbc.org.br\/2025\/#website","url":"https:\/\/sbrc.sbc.org.br\/2025\/","name":"SBRC 2025","description":"43\u00ba Simp\u00f3sio Brasileiro de Redes de Computadores e Sistemas Distribu\u00eddos","publisher":{"@id":"https:\/\/sbrc.sbc.org.br\/2025\/#organization"},"potentialAction":[{"@type":"SearchAction","target":{"@type":"EntryPoint","urlTemplate":"https:\/\/sbrc.sbc.org.br\/2025\/?s={search_term_string}"},"query-input":{"@type":"PropertyValueSpecification","valueRequired":true,"valueName":"search_term_string"}}],"inLanguage":"pt-BR"},{"@type":"Organization","@id":"https:\/\/sbrc.sbc.org.br\/2025\/#organization","name":"SBRC 2025","url":"https:\/\/sbrc.sbc.org.br\/2025\/","logo":{"@type":"ImageObject","inLanguage":"pt-BR","@id":"https:\/\/sbrc.sbc.org.br\/2025\/#\/schema\/logo\/image\/","url":"https:\/\/sbrc.sbc.org.br\/2025\/wp-content\/uploads\/2024\/04\/cropped-cropped-v2@4x-1.png","contentUrl":"https:\/\/sbrc.sbc.org.br\/2025\/wp-content\/uploads\/2024\/04\/cropped-cropped-v2@4x-1.png","width":5226,"height":4892,"caption":"SBRC 2025"},"image":{"@id":"https:\/\/sbrc.sbc.org.br\/2025\/#\/schema\/logo\/image\/"},"sameAs":["https:\/\/www.instagram.com\/simposio.sbrc\/"]}]}},"_links":{"self":[{"href":"https:\/\/sbrc.sbc.org.br\/2025\/pt_br\/wp-json\/wp\/v2\/pages\/8391","targetHints":{"allow":["GET"]}}],"collection":[{"href":"https:\/\/sbrc.sbc.org.br\/2025\/pt_br\/wp-json\/wp\/v2\/pages"}],"about":[{"href":"https:\/\/sbrc.sbc.org.br\/2025\/pt_br\/wp-json\/wp\/v2\/types\/page"}],"author":[{"embeddable":true,"href":"https:\/\/sbrc.sbc.org.br\/2025\/pt_br\/wp-json\/wp\/v2\/users\/7"}],"replies":[{"embeddable":true,"href":"https:\/\/sbrc.sbc.org.br\/2025\/pt_br\/wp-json\/wp\/v2\/comments?post=8391"}],"version-history":[{"count":3,"href":"https:\/\/sbrc.sbc.org.br\/2025\/pt_br\/wp-json\/wp\/v2\/pages\/8391\/revisions"}],"predecessor-version":[{"id":8404,"href":"https:\/\/sbrc.sbc.org.br\/2025\/pt_br\/wp-json\/wp\/v2\/pages\/8391\/revisions\/8404"}],"wp:attachment":[{"href":"https:\/\/sbrc.sbc.org.br\/2025\/pt_br\/wp-json\/wp\/v2\/media?parent=8391"}],"curies":[{"name":"wp","href":"https:\/\/api.w.org\/{rel}","templated":true}]}}