{"id":8219,"date":"2025-05-17T13:04:53","date_gmt":"2025-05-17T16:04:53","guid":{"rendered":"https:\/\/sbrc.sbc.org.br\/2025\/?page_id=8219"},"modified":"2025-05-19T02:02:47","modified_gmt":"2025-05-19T05:02:47","slug":"programacao-ii-wqunets-2025","status":"publish","type":"page","link":"https:\/\/sbrc.sbc.org.br\/2025\/pt_br\/programacao-ii-wqunets-2025\/","title":{"rendered":"Programa\u00e7\u00e3o \u2013 WQuNets 2025"},"content":{"rendered":"<div data-colibri-id=\"8219-c1\" class=\"style-1856 style-local-8219-c1 position-relative\">\r\n  <!---->\r\n  <div data-colibri-component=\"section\" data-colibri-id=\"8219-c2\" id=\"custom\" class=\"h-section h-section-global-spacing d-flex align-items-lg-center align-items-md-center align-items-center style-1857 style-local-8219-c2 position-relative\">\r\n    <!---->\r\n    <!---->\r\n    <div class=\"h-section-grid-container h-section-boxed-container\">\r\n      <!---->\r\n      <div data-colibri-id=\"8219-c3\" class=\"h-row-container gutters-row-lg-2 gutters-row-md-2 gutters-row-0 gutters-row-v-lg-2 gutters-row-v-md-2 gutters-row-v-2 style-1858 style-local-8219-c3 position-relative\">\r\n        <!---->\r\n        <div class=\"h-row justify-content-lg-center justify-content-md-center justify-content-center align-items-lg-stretch align-items-md-stretch align-items-stretch gutters-col-lg-2 gutters-col-md-2 gutters-col-0 gutters-col-v-lg-2 gutters-col-v-md-2 gutters-col-v-2\">\r\n          <!---->\r\n          <div class=\"h-column h-column-container d-flex h-col-lg-auto h-col-md-auto h-col-auto style-1859-outer style-local-8219-c4-outer\">\r\n            <div data-colibri-id=\"8219-c4\" class=\"d-flex h-flex-basis h-column__inner h-px-lg-2 h-px-md-2 h-px-2 v-inner-lg-2 v-inner-md-2 v-inner-2 style-1859 style-local-8219-c4 position-relative\">\r\n              <!---->\r\n              <!---->\r\n              <div class=\"w-100 h-y-container h-column__content h-column__v-align flex-basis-100 align-self-lg-start align-self-md-start align-self-start\">\r\n                <!---->\r\n                <div data-colibri-id=\"8219-c5\" class=\"h-text h-text-component style-1860 style-local-8219-c5 position-relative h-element\">\r\n                  <!---->\r\n                  <!---->\r\n                  <div class=\"\">\r\n                    <h2>Abertura<\/h2>\r\n                    <p>\ud83d\udcc6 19\/05\/2025 (segunda-feira)\r\n                      <br>\ud83d\udd51 08:30-08:40\r\n                      <br>\ud83d\udccd Sala Ba\u00eda Formosa<\/p>\r\n                  <\/div>\r\n                <\/div>\r\n              <\/div>\r\n            <\/div>\r\n          <\/div>\r\n        <\/div>\r\n      <\/div>\r\n      <div data-colibri-id=\"8219-c6\" class=\"h-row-container gutters-row-lg-2 gutters-row-md-2 gutters-row-0 gutters-row-v-lg-2 gutters-row-v-md-2 gutters-row-v-2 style-1858 style-local-8219-c6 position-relative\">\r\n        <!---->\r\n        <div class=\"h-row justify-content-lg-center justify-content-md-center justify-content-center align-items-lg-stretch align-items-md-stretch align-items-stretch gutters-col-lg-2 gutters-col-md-2 gutters-col-0 gutters-col-v-lg-2 gutters-col-v-md-2 gutters-col-v-2\">\r\n          <!---->\r\n          <div class=\"h-column h-column-container d-flex h-col-lg-auto h-col-md-auto h-col-auto style-1859-outer style-local-8219-c7-outer\">\r\n            <div data-colibri-id=\"8219-c7\" class=\"d-flex h-flex-basis h-column__inner h-px-lg-2 h-px-md-2 h-px-2 v-inner-lg-2 v-inner-md-2 v-inner-2 style-1859 style-local-8219-c7 position-relative\">\r\n              <!---->\r\n              <!---->\r\n              <div class=\"w-100 h-y-container h-column__content h-column__v-align flex-basis-100 align-self-lg-start align-self-md-start align-self-start\">\r\n                <!---->\r\n                <div data-colibri-id=\"8219-c8\" class=\"h-text h-text-component style-1860 style-local-8219-c8 position-relative h-element\">\r\n                  <!---->\r\n                  <!---->\r\n                  <div class=\"\">\r\n                    <h2>Sess\u00e3o 1&nbsp;\u2013 an\u00e1lise de seguran\u00e7a em redes qu\u00e2nticas<\/h2>\r\n                    <p>\ud83d\udcc6 19\/05\/2025 (segunda-feira)\r\n                      <br>\ud83d\udd51 08:40-11:10\r\n                      <br>\ud83d\udccd Sala Ba\u00eda Formosa<\/p>\r\n                    <p><strong>Ataques de Repetidores em Redes de Entrela\u00e7amento Qu\u00e2ntico<\/strong>\r\n                      <a href=\"https:\/\/1drv.ms\/b\/c\/75254e252c7d0ebe\/EX-VIiQ-jclHuVvcHEUKw0gBy57CdVa78S9OMRF049Acdg?e=MfVe64\" target=\"_blank\" class=\"customize-unpreviewable\" draggable=\"false\">\ud83d\udce5<\/a>\r\n                      <br>Arthur Smith (UFPA, Brazil), Diego Medeiros de Abreu (UFPA, Brazil), Ant\u00f4nio Jorge Gomes Abel\u00e9m (UFPA, Brazil)&nbsp;<\/p>\r\n                    <p><strong>Security Analysis for the Rio Quantum Network<\/strong>\r\n                      <a href=\"https:\/\/1drv.ms\/b\/c\/75254e252c7d0ebe\/EUFWYcceSjdNhs03c-na1HcBe1iYZf3H8-tJeMRZ1mHw5A?e=Bre9un\" target=\"_blank\" class=\"customize-unpreviewable\" draggable=\"false\">\ud83d\udce5<\/a>\r\n                      <br>Mario Augusto Curvo T Ribeiro (Centro Brasileiro de Pesquisas F\u00edsicas, Brasil), Raul O. Vallejos, Guilherme Tempor\u00e3o (PUCRIO, Brazil), Antonio Khoury (UFF), Fernando Bandeira de Melo (Centro Brasileiro de Pesquisas F\u00edsicas, Brasil)&nbsp;<\/p>\r\n                    <p><strong>Proposta de Open RAN Seguras Atrav\u00e9s de Distribui\u00e7\u00e3o De Chaves Qu\u00e2nticas Criptogr\u00e1ficas em Redes QKDs Definidas Por Software<\/strong>\r\n                      <a href=\"https:\/\/1drv.ms\/b\/c\/75254e252c7d0ebe\/EffNg7EKIl9BgQXj_cRUZjsBKxtlfVySbrNbfKvP_hHHBw?e=flAGOh\"\r\n                        target=\"_blank\" class=\"customize-unpreviewable\" draggable=\"false\">\ud83d\udce5&nbsp;<\/a>\r\n                      <br>Fernando N. N. Farias (RNP), Diego Abreu (UFPA), Ant\u00f4nio J. G. Abel\u00e9m&nbsp;<span style=\"color: rgb(77, 77, 77); font-family: &quot;Open Sans&quot;; font-size: 16px; font-weight: 400;\">(UFPA)<\/span>\r\n                      <br>\r\n                      <br><strong>A New Perspective on Key Expansion for QKD BB84: The RanA Model<\/strong>\r\n                      <a href=\"https:\/\/1drv.ms\/b\/c\/75254e252c7d0ebe\/EZuVT07E_LJNuuHsIn-y0sQBSd9RsrZO1P9HdvIW1gUcKg?e=lub8QE\" target=\"_blank\" class=\"customize-unpreviewable\"\r\n                        draggable=\"false\">\ud83d\udce5<\/a>\r\n                      <br>Thiago Luigi Marinho de Mello (UFBA, Brazil), Isys Nogueira de Sant&#8217;Anna (UFBA, Brazil), Marcus Elias Silva Freire UFBA, Brazil), Adriano Humberto de Oliveira Maia (UFBA, Brazil), Rodrigo Isa\u00fa Ramos Moreira (IFGW \/ Unicamp, Brazil),\r\n                      Roberto Rivelino de Melo Moreno (UFBA, Brazil), Maycon Peixoto (Federal University of Bahia, Brazil)<\/p>\r\n                    <p>\r\n                      <br>\r\n                    <\/p>\r\n                    <h2>Palestra<\/h2>\r\n                    <p>\ud83d\udcc6 19\/05\/2025 (segunda-feira)\r\n                      <br>\ud83d\udd51 10:30-11:10\r\n                      <br>\ud83d\udccd Sala Ba\u00eda Formosa<\/p>\r\n                    <p><strong>Gera\u00e7\u00e3o e Certifica\u00e7\u00e3o de aleatoriedade em Redes Qu\u00e2nticas<\/strong><span style=\"color: rgb(77, 77, 77); font-family: &quot;Open Sans&quot;; font-size: 16px; font-weight: 400;\"><br>Rafael Chaves (UFRN)&nbsp;<\/span><\/p>\r\n                    <p><strong><em><br><\/em>Resumo:<\/strong> Resultados fundamentais, como o teorema de Bell \u2014 outrora tema de debates filos\u00f3ficos e experimentos mentais \u2014 hoje est\u00e3o no cerne de algumas das tecnologias mais promissoras da ci\u00eancia da informa\u00e7\u00e3o\r\n                      qu\u00e2ntica. Nesta apresenta\u00e7\u00e3o, tra\u00e7aremos a trajet\u00f3ria dos princ\u00edpios abstratos at\u00e9 os protocolos pr\u00e1ticos, explorando como conceitos centrais como emaranhamento e n\u00e3o localidade se transformaram em ferramentas para a comunica\u00e7\u00e3o\r\n                      em redes qu\u00e2nticas, em especial para a gera\u00e7\u00e3o e certifica\u00e7\u00e3o de aleatoriedade.<\/p>\r\n                    <p>\r\n                      <br>\r\n                    <\/p>\r\n                  <\/div>\r\n                <\/div>\r\n                <div data-colibri-id=\"8219-c9\" class=\"h-text h-text-component style-1860 style-local-8219-c9 position-relative h-element\">\r\n                  <!---->\r\n                  <!---->\r\n                  <div class=\"\">\r\n                    <h2>Sess\u00e3o 2 \u2013 infraestrutura e organiza\u00e7\u00e3o em comunica\u00e7\u00f5es qu\u00e2nticas<\/h2>\r\n                    <p>\ud83d\udcc6 19\/05\/2025 (segunda-feira)\r\n                      <br>\ud83d\udd51 11:10-12:10\r\n                      <br>\ud83d\udccd Sala Ba\u00eda Formosa<\/p>\r\n                    <p><strong>Purifica\u00e7\u00e3o Qu\u00e2ntica, Rejuvenescimento e Disponibilidade<\/strong>\r\n                      <a href=\"https:\/\/1drv.ms\/b\/c\/75254e252c7d0ebe\/EV6JzUyeGiFFsFEtQAo0718BoiHebcBjEThP7vv-D14mOw?e=0wIcxS\" target=\"_blank\" class=\"customize-unpreviewable\">\ud83d\udce5<\/a>\r\n                      <br>Diego Medeiros de Abreu (UFPA, Brazil), David Tavares (UFPA, Brazil), Ant\u00f4nio Jorge Gomes Abel\u00e9m (UFPA, Brazil), Daniel Sadoc Menasche (UFRJ, Brazil)&nbsp;<\/p>\r\n                    <p><strong>Roteamento e Aloca\u00e7\u00e3o de Comprimentos de Onda para Canais Qu\u00e2nticos: Uma Proposta de Formula\u00e7\u00e3o Linear<\/strong>\r\n                      <a href=\"https:\/\/1drv.ms\/b\/c\/75254e252c7d0ebe\/EQ6mt_Hnj25GhZvwo-zDygIBHfTieJco-OSNLa8itG6Eyg?e=Xk8Aii\" target=\"_blank\"\r\n                        class=\"customize-unpreviewable\">\ud83d\udce5<\/a>\r\n                      <br>Karcius D.R Assis (UFBA, Brazil), Jo\u00e3o Muchanga (UFBA, Brazil), Ange Njanda, William Giozza (UnB, Brazil)&nbsp;<\/p>\r\n                    <p><strong>Fabrication and Characterization of Transition Metal Dichalcogenides for the Production of Single Photon Emitters<\/strong>\r\n                      <a href=\"https:\/\/1drv.ms\/b\/c\/75254e252c7d0ebe\/EV8lDOuWwS5BrcLxooDi7dsB7H9f5uydX_qdM1cuvECxWg?e=5H5rfA\"\r\n                        target=\"_blank\" class=\"customize-unpreviewable\">\ud83d\udce5<\/a>\r\n                      <br>Adriel Faddul Saber (IME, Brazil), Marcela De Lima (lME Instituto Militar de Engenharia, Brazil), SUELEN CRISTINA SILVA OLIVEIRA (lME Instituto Militar de Engenharia, Brazil), Marcio Daldin Teodoro, Ingrid David Barcelos, Fernando\r\n                      M. Araujo-Moreira.<\/p>\r\n                    <p>\r\n                      <br>\r\n                    <\/p>\r\n                  <\/div>\r\n                <\/div>\r\n              <\/div>\r\n            <\/div>\r\n          <\/div>\r\n        <\/div>\r\n      <\/div>\r\n    <\/div>\r\n  <\/div>\r\n<\/div>","protected":false},"excerpt":{"rendered":"<p>Abertura \ud83d\udcc6 19\/05\/2025 (segunda-feira) \ud83d\udd51 08:30-08:40 \ud83d\udccd Sala Ba\u00eda Formosa Sess\u00e3o 1&nbsp;\u2013 an\u00e1lise de seguran\u00e7a em redes qu\u00e2nticas \ud83d\udcc6 19\/05\/2025 (segunda-feira) \ud83d\udd51 08:40-11:10 \ud83d\udccd Sala Ba\u00eda Formosa Ataques de Repetidores em Redes de Entrela\u00e7amento Qu\u00e2ntico \ud83d\udce5 Arthur Smith (UFPA, Brazil), Diego Medeiros de Abreu (UFPA, Brazil), Ant\u00f4nio Jorge Gomes Abel\u00e9m (UFPA, Brazil)&nbsp; Security Analysis for [&hellip;]<\/p>\n","protected":false},"author":7,"featured_media":0,"parent":0,"menu_order":0,"comment_status":"closed","ping_status":"closed","template":"page-templates\/full-width-page.php","meta":{"footnotes":""},"class_list":["post-8219","page","type-page","status-publish","hentry"],"yoast_head":"<!-- This site is optimized with the Yoast SEO plugin v27.5 - https:\/\/yoast.com\/product\/yoast-seo-wordpress\/ -->\n<title>Programa\u00e7\u00e3o \u2013 WQuNets 2025 - SBRC 2025<\/title>\n<meta name=\"robots\" content=\"index, follow, max-snippet:-1, max-image-preview:large, max-video-preview:-1\" \/>\n<link rel=\"canonical\" href=\"https:\/\/sbrc.sbc.org.br\/2025\/pt_br\/programacao-ii-wqunets-2025\/\" \/>\n<meta property=\"og:locale\" content=\"pt_BR\" \/>\n<meta property=\"og:type\" content=\"article\" \/>\n<meta property=\"og:title\" content=\"Programa\u00e7\u00e3o \u2013 WQuNets 2025 - SBRC 2025\" \/>\n<meta property=\"og:description\" content=\"Abertura \ud83d\udcc6 19\/05\/2025 (segunda-feira) \ud83d\udd51 08:30-08:40 \ud83d\udccd Sala Ba\u00eda Formosa Sess\u00e3o 1&nbsp;\u2013 an\u00e1lise de seguran\u00e7a em redes qu\u00e2nticas \ud83d\udcc6 19\/05\/2025 (segunda-feira) \ud83d\udd51 08:40-11:10 \ud83d\udccd Sala Ba\u00eda Formosa Ataques de Repetidores em Redes de Entrela\u00e7amento Qu\u00e2ntico \ud83d\udce5 Arthur Smith (UFPA, Brazil), Diego Medeiros de Abreu (UFPA, Brazil), Ant\u00f4nio Jorge Gomes Abel\u00e9m (UFPA, Brazil)&nbsp; Security Analysis for [&hellip;]\" \/>\n<meta property=\"og:url\" content=\"https:\/\/sbrc.sbc.org.br\/2025\/pt_br\/programacao-ii-wqunets-2025\/\" \/>\n<meta property=\"og:site_name\" content=\"SBRC 2025\" \/>\n<meta property=\"article:modified_time\" content=\"2025-05-19T05:02:47+00:00\" \/>\n<meta property=\"og:image\" content=\"https:\/\/sbrc.sbc.org.br\/2025\/wp-content\/uploads\/2024\/07\/Captura-de-tela-2024-07-04-115159.png\" \/>\n\t<meta property=\"og:image:width\" content=\"821\" \/>\n\t<meta property=\"og:image:height\" content=\"466\" \/>\n\t<meta property=\"og:image:type\" content=\"image\/png\" \/>\n<meta name=\"twitter:card\" content=\"summary_large_image\" \/>\n<meta name=\"twitter:label1\" content=\"Est. tempo de leitura\" \/>\n\t<meta name=\"twitter:data1\" content=\"3 minutos\" \/>\n<script type=\"application\/ld+json\" class=\"yoast-schema-graph\">{\"@context\":\"https:\\\/\\\/schema.org\",\"@graph\":[{\"@type\":\"WebPage\",\"@id\":\"https:\\\/\\\/sbrc.sbc.org.br\\\/2025\\\/programacao-ii-wqunets-2025\\\/\",\"url\":\"https:\\\/\\\/sbrc.sbc.org.br\\\/2025\\\/programacao-ii-wqunets-2025\\\/\",\"name\":\"Programa\u00e7\u00e3o \u2013 WQuNets 2025 - SBRC 2025\",\"isPartOf\":{\"@id\":\"https:\\\/\\\/sbrc.sbc.org.br\\\/2025\\\/#website\"},\"datePublished\":\"2025-05-17T16:04:53+00:00\",\"dateModified\":\"2025-05-19T05:02:47+00:00\",\"breadcrumb\":{\"@id\":\"https:\\\/\\\/sbrc.sbc.org.br\\\/2025\\\/programacao-ii-wqunets-2025\\\/#breadcrumb\"},\"inLanguage\":\"pt-BR\",\"potentialAction\":[{\"@type\":\"ReadAction\",\"target\":[\"https:\\\/\\\/sbrc.sbc.org.br\\\/2025\\\/programacao-ii-wqunets-2025\\\/\"]}]},{\"@type\":\"BreadcrumbList\",\"@id\":\"https:\\\/\\\/sbrc.sbc.org.br\\\/2025\\\/programacao-ii-wqunets-2025\\\/#breadcrumb\",\"itemListElement\":[{\"@type\":\"ListItem\",\"position\":1,\"name\":\"In\u00edcio\",\"item\":\"https:\\\/\\\/sbrc.sbc.org.br\\\/2025\\\/\"},{\"@type\":\"ListItem\",\"position\":2,\"name\":\"Programa\u00e7\u00e3o \u2013 WQuNets 2025\"}]},{\"@type\":\"WebSite\",\"@id\":\"https:\\\/\\\/sbrc.sbc.org.br\\\/2025\\\/#website\",\"url\":\"https:\\\/\\\/sbrc.sbc.org.br\\\/2025\\\/\",\"name\":\"SBRC 2025\",\"description\":\"43\u00ba Simp\u00f3sio Brasileiro de Redes de Computadores e Sistemas Distribu\u00eddos\",\"publisher\":{\"@id\":\"https:\\\/\\\/sbrc.sbc.org.br\\\/2025\\\/#organization\"},\"potentialAction\":[{\"@type\":\"SearchAction\",\"target\":{\"@type\":\"EntryPoint\",\"urlTemplate\":\"https:\\\/\\\/sbrc.sbc.org.br\\\/2025\\\/?s={search_term_string}\"},\"query-input\":{\"@type\":\"PropertyValueSpecification\",\"valueRequired\":true,\"valueName\":\"search_term_string\"}}],\"inLanguage\":\"pt-BR\"},{\"@type\":\"Organization\",\"@id\":\"https:\\\/\\\/sbrc.sbc.org.br\\\/2025\\\/#organization\",\"name\":\"SBRC 2025\",\"url\":\"https:\\\/\\\/sbrc.sbc.org.br\\\/2025\\\/\",\"logo\":{\"@type\":\"ImageObject\",\"inLanguage\":\"pt-BR\",\"@id\":\"https:\\\/\\\/sbrc.sbc.org.br\\\/2025\\\/#\\\/schema\\\/logo\\\/image\\\/\",\"url\":\"https:\\\/\\\/sbrc.sbc.org.br\\\/2025\\\/wp-content\\\/uploads\\\/2024\\\/04\\\/cropped-cropped-v2@4x-1.png\",\"contentUrl\":\"https:\\\/\\\/sbrc.sbc.org.br\\\/2025\\\/wp-content\\\/uploads\\\/2024\\\/04\\\/cropped-cropped-v2@4x-1.png\",\"width\":5226,\"height\":4892,\"caption\":\"SBRC 2025\"},\"image\":{\"@id\":\"https:\\\/\\\/sbrc.sbc.org.br\\\/2025\\\/#\\\/schema\\\/logo\\\/image\\\/\"},\"sameAs\":[\"https:\\\/\\\/www.instagram.com\\\/simposio.sbrc\\\/\"]}]}<\/script>\n<!-- \/ Yoast SEO plugin. -->","yoast_head_json":{"title":"Programa\u00e7\u00e3o \u2013 WQuNets 2025 - SBRC 2025","robots":{"index":"index","follow":"follow","max-snippet":"max-snippet:-1","max-image-preview":"max-image-preview:large","max-video-preview":"max-video-preview:-1"},"canonical":"https:\/\/sbrc.sbc.org.br\/2025\/pt_br\/programacao-ii-wqunets-2025\/","og_locale":"pt_BR","og_type":"article","og_title":"Programa\u00e7\u00e3o \u2013 WQuNets 2025 - SBRC 2025","og_description":"Abertura \ud83d\udcc6 19\/05\/2025 (segunda-feira) \ud83d\udd51 08:30-08:40 \ud83d\udccd Sala Ba\u00eda Formosa Sess\u00e3o 1&nbsp;\u2013 an\u00e1lise de seguran\u00e7a em redes qu\u00e2nticas \ud83d\udcc6 19\/05\/2025 (segunda-feira) \ud83d\udd51 08:40-11:10 \ud83d\udccd Sala Ba\u00eda Formosa Ataques de Repetidores em Redes de Entrela\u00e7amento Qu\u00e2ntico \ud83d\udce5 Arthur Smith (UFPA, Brazil), Diego Medeiros de Abreu (UFPA, Brazil), Ant\u00f4nio Jorge Gomes Abel\u00e9m (UFPA, Brazil)&nbsp; Security Analysis for [&hellip;]","og_url":"https:\/\/sbrc.sbc.org.br\/2025\/pt_br\/programacao-ii-wqunets-2025\/","og_site_name":"SBRC 2025","article_modified_time":"2025-05-19T05:02:47+00:00","og_image":[{"width":821,"height":466,"url":"https:\/\/sbrc.sbc.org.br\/2025\/wp-content\/uploads\/2024\/07\/Captura-de-tela-2024-07-04-115159.png","type":"image\/png"}],"twitter_card":"summary_large_image","twitter_misc":{"Est. tempo de leitura":"3 minutos"},"schema":{"@context":"https:\/\/schema.org","@graph":[{"@type":"WebPage","@id":"https:\/\/sbrc.sbc.org.br\/2025\/programacao-ii-wqunets-2025\/","url":"https:\/\/sbrc.sbc.org.br\/2025\/programacao-ii-wqunets-2025\/","name":"Programa\u00e7\u00e3o \u2013 WQuNets 2025 - SBRC 2025","isPartOf":{"@id":"https:\/\/sbrc.sbc.org.br\/2025\/#website"},"datePublished":"2025-05-17T16:04:53+00:00","dateModified":"2025-05-19T05:02:47+00:00","breadcrumb":{"@id":"https:\/\/sbrc.sbc.org.br\/2025\/programacao-ii-wqunets-2025\/#breadcrumb"},"inLanguage":"pt-BR","potentialAction":[{"@type":"ReadAction","target":["https:\/\/sbrc.sbc.org.br\/2025\/programacao-ii-wqunets-2025\/"]}]},{"@type":"BreadcrumbList","@id":"https:\/\/sbrc.sbc.org.br\/2025\/programacao-ii-wqunets-2025\/#breadcrumb","itemListElement":[{"@type":"ListItem","position":1,"name":"In\u00edcio","item":"https:\/\/sbrc.sbc.org.br\/2025\/"},{"@type":"ListItem","position":2,"name":"Programa\u00e7\u00e3o \u2013 WQuNets 2025"}]},{"@type":"WebSite","@id":"https:\/\/sbrc.sbc.org.br\/2025\/#website","url":"https:\/\/sbrc.sbc.org.br\/2025\/","name":"SBRC 2025","description":"43\u00ba Simp\u00f3sio Brasileiro de Redes de Computadores e Sistemas Distribu\u00eddos","publisher":{"@id":"https:\/\/sbrc.sbc.org.br\/2025\/#organization"},"potentialAction":[{"@type":"SearchAction","target":{"@type":"EntryPoint","urlTemplate":"https:\/\/sbrc.sbc.org.br\/2025\/?s={search_term_string}"},"query-input":{"@type":"PropertyValueSpecification","valueRequired":true,"valueName":"search_term_string"}}],"inLanguage":"pt-BR"},{"@type":"Organization","@id":"https:\/\/sbrc.sbc.org.br\/2025\/#organization","name":"SBRC 2025","url":"https:\/\/sbrc.sbc.org.br\/2025\/","logo":{"@type":"ImageObject","inLanguage":"pt-BR","@id":"https:\/\/sbrc.sbc.org.br\/2025\/#\/schema\/logo\/image\/","url":"https:\/\/sbrc.sbc.org.br\/2025\/wp-content\/uploads\/2024\/04\/cropped-cropped-v2@4x-1.png","contentUrl":"https:\/\/sbrc.sbc.org.br\/2025\/wp-content\/uploads\/2024\/04\/cropped-cropped-v2@4x-1.png","width":5226,"height":4892,"caption":"SBRC 2025"},"image":{"@id":"https:\/\/sbrc.sbc.org.br\/2025\/#\/schema\/logo\/image\/"},"sameAs":["https:\/\/www.instagram.com\/simposio.sbrc\/"]}]}},"_links":{"self":[{"href":"https:\/\/sbrc.sbc.org.br\/2025\/pt_br\/wp-json\/wp\/v2\/pages\/8219","targetHints":{"allow":["GET"]}}],"collection":[{"href":"https:\/\/sbrc.sbc.org.br\/2025\/pt_br\/wp-json\/wp\/v2\/pages"}],"about":[{"href":"https:\/\/sbrc.sbc.org.br\/2025\/pt_br\/wp-json\/wp\/v2\/types\/page"}],"author":[{"embeddable":true,"href":"https:\/\/sbrc.sbc.org.br\/2025\/pt_br\/wp-json\/wp\/v2\/users\/7"}],"replies":[{"embeddable":true,"href":"https:\/\/sbrc.sbc.org.br\/2025\/pt_br\/wp-json\/wp\/v2\/comments?post=8219"}],"version-history":[{"count":11,"href":"https:\/\/sbrc.sbc.org.br\/2025\/pt_br\/wp-json\/wp\/v2\/pages\/8219\/revisions"}],"predecessor-version":[{"id":8379,"href":"https:\/\/sbrc.sbc.org.br\/2025\/pt_br\/wp-json\/wp\/v2\/pages\/8219\/revisions\/8379"}],"wp:attachment":[{"href":"https:\/\/sbrc.sbc.org.br\/2025\/pt_br\/wp-json\/wp\/v2\/media?parent=8219"}],"curies":[{"name":"wp","href":"https:\/\/api.w.org\/{rel}","templated":true}]}}