{"id":8197,"date":"2025-05-17T12:27:31","date_gmt":"2025-05-17T15:27:31","guid":{"rendered":"https:\/\/sbrc.sbc.org.br\/2025\/?page_id=8197"},"modified":"2025-08-04T15:44:57","modified_gmt":"2025-08-04T18:44:57","slug":"programacao-wtf-2025","status":"publish","type":"page","link":"https:\/\/sbrc.sbc.org.br\/2025\/pt_br\/programacao-wtf-2025\/","title":{"rendered":"Programa\u00e7\u00e3o \u2013 WTF 2025"},"content":{"rendered":"\n<div class=\"style-1833 style-local-8197-c1 position-relative\" data-colibri-id=\"8197-c1\">\n<div id=\"custom\" class=\"h-section h-section-global-spacing d-flex align-items-lg-center align-items-md-center align-items-center style-1834 style-local-8197-c2 position-relative\" data-colibri-component=\"section\" data-colibri-id=\"8197-c2\"><br>\n<div class=\"h-section-grid-container h-section-boxed-container\">\n<div class=\"h-row-container gutters-row-lg-1 gutters-row-md-1 gutters-row-0 gutters-row-v-lg-1 gutters-row-v-md-1 gutters-row-v-1 style-1835 style-local-8197-c3 position-relative\" data-colibri-id=\"8197-c3\">\n<div class=\"h-row justify-content-lg-center justify-content-md-center justify-content-center align-items-lg-stretch align-items-md-stretch align-items-stretch gutters-col-lg-1 gutters-col-md-1 gutters-col-0 gutters-col-v-lg-1 gutters-col-v-md-1 gutters-col-v-1\">\n<div class=\"h-column h-column-container d-flex h-col-lg-auto h-col-md-auto h-col-auto style-1836-outer style-local-8197-c4-outer\">\n<div class=\"d-flex h-flex-basis h-column__inner h-px-lg-0 h-px-md-0 h-px-0 v-inner-lg-0 v-inner-md-0 v-inner-0 style-1836 style-local-8197-c4 position-relative\" data-colibri-id=\"8197-c4\"><br>\n<div class=\"w-100 h-y-container h-column__content h-column__v-align flex-basis-100 align-self-lg-start align-self-md-start align-self-start\">\n<div class=\"h-text h-text-component style-1837 style-local-8197-c5 position-relative h-element\" data-colibri-id=\"8197-c5\"><br>\n<div class=\"\">\n<h2>Abertura<\/h2>\n<p>\ud83d\udcc6&nbsp;23\/05\/2025 (sexta-feira)<\/p>\n<p>\ud83d\udd51&nbsp;08:30-08:45<\/p>\n<p>\ud83d\udccd&nbsp;Sala Ponta Negra<\/p>\n<\/div>\n<\/div>\n<\/div>\n<\/div>\n<\/div>\n<\/div>\n<\/div>\n<div class=\"h-row-container gutters-row-lg-1 gutters-row-md-1 gutters-row-0 gutters-row-v-lg-1 gutters-row-v-md-1 gutters-row-v-1 style-1835 style-local-8197-c6 position-relative\" data-colibri-id=\"8197-c6\">\n<div class=\"h-row justify-content-lg-center justify-content-md-center justify-content-center align-items-lg-stretch align-items-md-stretch align-items-stretch gutters-col-lg-1 gutters-col-md-1 gutters-col-0 gutters-col-v-lg-1 gutters-col-v-md-1 gutters-col-v-1\">\n<div class=\"h-column h-column-container d-flex h-col-lg-auto h-col-md-auto h-col-auto style-1836-outer style-local-8197-c7-outer\">\n<div class=\"d-flex h-flex-basis h-column__inner h-px-lg-0 h-px-md-0 h-px-0 v-inner-lg-0 v-inner-md-0 v-inner-0 style-1836 style-local-8197-c7 position-relative\" data-colibri-id=\"8197-c7\"><br>\n<div class=\"w-100 h-y-container h-column__content h-column__v-align flex-basis-100 align-self-lg-start align-self-md-start align-self-start\">\n<div class=\"h-text h-text-component style-1837 style-local-8197-c8 position-relative h-element\" data-colibri-id=\"8197-c8\"><br>\n<div class=\"\">\n<h2>Sess\u00e3o 1 &#8211; Toler\u00e2ncia a Falhas<\/h2>\n<p>\ud83d\udcc6&nbsp;23\/05\/2025 (sexta-feira)<\/p>\n<p>\ud83d\udd51&nbsp;08:45-10:00<\/p>\n<p>\ud83d\udccd&nbsp;Sala Ponta Negra<\/p>\n<p>\ud83d\udc64&nbsp;Coordenador da sess\u00e3o: Edson Tavares de Camargo (UTFPR)<\/p>\n<p><strong>HyperViewStamped Replication: Uma Estrat\u00e9gia para Replica\u00e7\u00e3o Distribu\u00edda Hier\u00e1rchica<\/strong><br>Gabriela Stein (UFPR), Luiz Antonio Rodrigues, (UNIOESTE), Elias P. Duarte Jr.&nbsp;(UFPR)<\/p>\n<p><strong>Uma Investiga\u00e7\u00e3o sobre Toler\u00e2ncia a Falhas no Servidor de Comunica\u00e7\u00e3o Synapse<\/strong><br>Vinicius Stocker&nbsp;(UTFPR), Edson Tavares de Camargo&nbsp;(UTFPR), Luis Carlos Erpen De Bona&nbsp;(UFPR)<\/p>\n<p><strong>Synchronous Partitioning and its Effects on Fault Tolerance<\/strong><br>Raimundo Jos\u00e9 de Araujo Mac\u00eado&nbsp;(UFBA)<\/p>\n<\/div>\n<\/div>\n<div class=\"h-text h-text-component style-1837 style-local-8197-c9 position-relative h-element\" data-colibri-id=\"8197-c9\"><br>\n<div class=\"\">\n<h2>Palestra<\/h2>\n<p>\ud83d\udcc6&nbsp;23\/05\/2025 (sexta-feira)<\/p>\n<p>\ud83d\udd51&nbsp;10:30-11:30<\/p>\n<p>\ud83d\udccd&nbsp;Sala Ponta Negra<\/p>\n<h3><strong>Entre o S\u00edncrono e o Ass\u00edncrono: Uma Abordagem H\u00edbrida para Sistemas Ciberf\u00edsicos Distribu\u00eddo<\/strong><\/h3>\n<p><em>Raimundo Jos\u00e9 de Araujo Mac\u00eado, UFBA<\/em><\/p>\n<p><strong>Resumo:<\/strong> Os sistemas ciberf\u00edsicos distribu\u00eddos (CPS) consistem em componentes distribu\u00eddos espacialmente \u2014 como sensores, atuadores e processadores \u2014 que interagem com o mundo f\u00edsico e s\u00e3o coordenados por meio de redes de comunica\u00e7\u00e3o. Uma configura\u00e7\u00e3o t\u00edpica desses sistemas em larga escala inclui a presen\u00e7a de subsistemas locais, caracterizados pelo uso de computa\u00e7\u00e3o de borda (<em>edge computing<\/em>), com processamento pr\u00f3ximo \u00e0 fonte dos dados (sensor\/atuador), o que reduz a lat\u00eancia e a depend\u00eancia de servidores remotos. A integra\u00e7\u00e3o entre esses sistemas locais \u00e9 frequentemente realizada por meio de conex\u00f5es com a nuvem. Dada a heterogeneidade desses sistemas, que envolvem diferentes tecnologias e conex\u00f5es \u2014 muitas vezes sobre a Internet \u2014 a constru\u00e7\u00e3o de algoritmos tolerantes a falhas, como o consenso distribu\u00eddo, n\u00e3o pode se basear nos pressupostos tradicionais dos modelos s\u00edncronos. Por outro lado, o uso de modelos ass\u00edncronos, com hip\u00f3teses mais conservadoras e sem garantias de tempo, imp\u00f5e limita\u00e7\u00f5es ao que pode ser computado de forma determin\u00edstica, o que \u00e9 inadequado para aplica\u00e7\u00f5es de controle. Esta palestra apresentar\u00e1 uma abordagem alternativa de modelagem, que permite aumentar a resili\u00eancia das solu\u00e7\u00f5es \u2014 isto \u00e9, o n\u00famero m\u00e1ximo de falhas que podem ser toleradas \u2014 sem comprometer o car\u00e1ter determin\u00edstico dos algoritmos, essencial em muitas aplica\u00e7\u00f5es ciberf\u00edsicas.<\/p>\n<\/div>\n<\/div>\n<\/div>\n<\/div>\n<\/div>\n<\/div>\n<\/div>\n<div class=\"h-row-container gutters-row-lg-2 gutters-row-md-2 gutters-row-0 gutters-row-v-lg-2 gutters-row-v-md-2 gutters-row-v-2 style-1839 style-local-8197-c10 position-relative\" data-colibri-id=\"8197-c10\">\n<div class=\"h-row justify-content-lg-center justify-content-md-center justify-content-center align-items-lg-stretch align-items-md-stretch align-items-stretch gutters-col-lg-2 gutters-col-md-2 gutters-col-0 gutters-col-v-lg-2 gutters-col-v-md-2 gutters-col-v-2\">\n<div class=\"h-column h-column-container d-flex h-col-lg-auto h-col-md-auto h-col-auto style-1840-outer style-local-8197-c11-outer\">\n<div class=\"d-flex h-flex-basis h-column__inner h-px-lg-2 h-px-md-2 h-px-2 v-inner-lg-2 v-inner-md-2 v-inner-2 style-1840 style-local-8197-c11 position-relative\" data-colibri-id=\"8197-c11\"><br>\n<div class=\"w-100 h-y-container h-column__content h-column__v-align flex-basis-100 align-self-lg-start align-self-md-start align-self-start\">\n<div class=\"d-block style-1841 style-local-8197-c12 position-relative h-element\" data-colibri-id=\"8197-c12\">\n<div class=\"h-image__frame-container-outer\">\n<figure><img loading=\"lazy\" decoding=\"async\" width=\"511\" height=\"512\" class=\"wp-image-8206 style-1841-image style-local-8197-c12-image\" src=\"https:\/\/sbrc.sbc.org.br\/2025\/wp-content\/uploads\/2025\/05\/cropped-raimundo_jose.webp\" alt=\"\" srcset=\"https:\/\/sbrc.sbc.org.br\/2025\/wp-content\/uploads\/2025\/05\/cropped-raimundo_jose.webp 511w, https:\/\/sbrc.sbc.org.br\/2025\/wp-content\/uploads\/2025\/05\/cropped-raimundo_jose-300x300.webp 300w, https:\/\/sbrc.sbc.org.br\/2025\/wp-content\/uploads\/2025\/05\/cropped-raimundo_jose-150x150.webp 150w, https:\/\/sbrc.sbc.org.br\/2025\/wp-content\/uploads\/2025\/05\/cropped-raimundo_jose-12x12.webp 12w\" sizes=\"auto, (max-width: 511px) 100vw, 511px\" \/><\/figure><div class=\"h-image__frame-container\"><br><br>\n<div class=\"h-image__frame h-hide-lg h-hide-md h-hide-sm style-1841-frameImage style-local-8197-c12-frameImage\">&nbsp;<\/div>\n<\/div>\n<\/div>\n<\/div>\n<\/div>\n<\/div>\n<\/div>\n<div class=\"h-column h-column-container d-flex h-col-lg-auto h-col-md-auto h-col-auto style-1842-outer style-local-8197-c13-outer\">\n<div class=\"d-flex h-flex-basis h-column__inner h-px-lg-2 h-px-md-2 h-px-2 v-inner-lg-2 v-inner-md-2 v-inner-2 style-1842 style-local-8197-c13 position-relative\" data-colibri-id=\"8197-c13\"><br>\n<div class=\"w-100 h-y-container h-column__content h-column__v-align flex-basis-100 align-self-lg-start align-self-md-start align-self-start\">\n<div class=\"h-text h-text-component style-1843 style-local-8197-c14 position-relative h-element\" data-colibri-id=\"8197-c14\"><br>\n<div class=\"\">\n<p><span style=\"font-weight: 600;\">Biografia: <\/span>Professor Titular da UFBA (DCI\/IC), Coordenador do Laborat\u00f3rio de Sistemas Distribu\u00eddos (LaSiD). Prop\u00f4s a no\u00e7\u00e3o de blocos causais para representar a ordem de mensagens em grupos de processos e desenvolveu o protocolo Newtop para grupos particion\u00e1veis e sobrepostos. Introduziu grupos m\u00f3veis com sincronia virtual. Tratou aspectos inovadores de consenso distribu\u00eddo: sistemas m\u00f3veis, estrutura de consenso e padr\u00f5es adaptativos de mensagens. Introduziu detec\u00e7\u00e3o adaptativa de falhas por meio de redes neurais e SNMP. Prop\u00f4s o modelo s\u00edncrono-particionado e solu\u00e7\u00f5es de problemas nesse modelo, como detec\u00e7\u00e3o de falhas, exclus\u00e3o m\u00fatua e falhas bizantinas.Protocolos de sistemas distribu\u00eddos autogerenci\u00e1veis inspirados na teoria de controle realimentado, onde os objetivos do protocolo podem ser modificados e controlados em tempo de execu\u00e7\u00e3o, foram uma contribui\u00e7\u00e3o inovadora.<\/p>\n<\/div>\n<\/div>\n<\/div>\n<\/div>\n<\/div>\n<\/div>\n<\/div>\n<div class=\"h-row-container gutters-row-lg-2 gutters-row-md-2 gutters-row-0 gutters-row-v-lg-2 gutters-row-v-md-2 gutters-row-v-2 style-1850 style-local-8197-c15 position-relative\" data-colibri-id=\"8197-c15\">\n<div class=\"h-row justify-content-lg-center justify-content-md-center justify-content-center align-items-lg-stretch align-items-md-stretch align-items-stretch gutters-col-lg-2 gutters-col-md-2 gutters-col-0 gutters-col-v-lg-2 gutters-col-v-md-2 gutters-col-v-2\">\n<div class=\"h-column h-column-container d-flex h-col-lg-auto h-col-md-auto h-col-auto style-1851-outer style-local-8197-c16-outer\">\n<div class=\"d-flex h-flex-basis h-column__inner h-px-lg-2 h-px-md-2 h-px-2 v-inner-lg-2 v-inner-md-2 v-inner-2 style-1851 style-local-8197-c16 position-relative\" data-colibri-id=\"8197-c16\"><br>\n<div class=\"w-100 h-y-container h-column__content h-column__v-align flex-basis-100 align-self-lg-start align-self-md-start align-self-start\">\n<div class=\"h-text h-text-component style-1837 style-local-8197-c17 position-relative h-element\" data-colibri-id=\"8197-c17\"><br>\n<div class=\"\">\n<h2>Sess\u00e3o 2 &#8211; Avalia\u00e7\u00e3o e Requisitos de Sistemas Distribu\u00eddos<\/h2>\n<p>\ud83d\udcc6&nbsp;23\/05\/2025 (sexta-feira)<\/p>\n<p>\ud83d\udd51&nbsp;14:10-15:50<\/p>\n<p>\ud83d\udccd&nbsp;Sala Ponta Negra<\/p>\n<p>\ud83d\udc64&nbsp;Coordenador da sess\u00e3o: Odorico M. Mendizabal (UFSC)<\/p>\n<p><strong>Maintaining Requirements and Test Cases Traceability in an Agile Environment<\/strong><br>Lucas Donizetti Vieira&nbsp;(UNICAMP), Regina L\u00facia de Oliveira Moraes&nbsp;(UNICAMP)<\/p>\n<p><strong>Avalia\u00e7\u00e3o da Robustez do Open vSwitch: M\u00f3dulo do Kernel Linux<\/strong><br>Jos\u00e9 Flauzino&nbsp;(UFPR), Marco Vieira (University of North Carolina at Charlotte,&nbsp;EUA), Elias P. Duarte Jr. (UFPR)<\/p>\n<p><strong>Avalia\u00e7\u00e3o da Lat\u00eancia em Sistemas de Monitoramento Veicular Embarcado com Aprendizado de M\u00e1quina<\/strong><br>Hilton Machado (UFRN), Matheus Andrade&nbsp;(UFRN), Tha\u00eds Medeiros&nbsp;(UFRN), Marianne Batista Diniz da Silva&nbsp;(UFRN), Ivanovitch Medeiros D. da Silva&nbsp;(UFRN)<\/p>\n<p><strong>Avalia\u00e7\u00e3o da Disponibilidade do Servi\u00e7o Nextcloud Hospedado em Nuvem Privada<\/strong><br>Wenderson Leonardo (UFRPE), Gustavo Rau de Almeida Callou&nbsp;(UFPE)<\/p>\n<\/div>\n<\/div>\n<\/div>\n<\/div>\n<\/div>\n<\/div>\n<\/div>\n<div class=\"h-row-container gutters-row-lg-2 gutters-row-md-2 gutters-row-0 gutters-row-v-lg-2 gutters-row-v-md-2 gutters-row-v-2 style-1854 style-local-8197-c18 position-relative\" data-colibri-id=\"8197-c18\">\n<div class=\"h-row justify-content-lg-center justify-content-md-center justify-content-center align-items-lg-stretch align-items-md-stretch align-items-stretch gutters-col-lg-2 gutters-col-md-2 gutters-col-0 gutters-col-v-lg-2 gutters-col-v-md-2 gutters-col-v-2\">\n<div class=\"h-column h-column-container d-flex h-col-lg-auto h-col-md-auto h-col-auto style-1855-outer style-local-8197-c19-outer\">\n<div class=\"d-flex h-flex-basis h-column__inner h-px-lg-2 h-px-md-2 h-px-2 v-inner-lg-2 v-inner-md-2 v-inner-2 style-1855 style-local-8197-c19 position-relative\" data-colibri-id=\"8197-c19\"><br>\n<div class=\"w-100 h-y-container h-column__content h-column__v-align flex-basis-100 align-self-lg-start align-self-md-start align-self-start\">\n<div class=\"h-text h-text-component style-1837 style-local-8197-c20 position-relative h-element\" data-colibri-id=\"8197-c20\"><br>\n<div class=\"\">\n<h2>Sess\u00e3o 3 &#8211; Algoritmos e Especifica\u00e7\u00f5es Formais<\/h2>\n<p>\ud83d\udcc6&nbsp;23\/05\/2025 (sexta-feira)<\/p>\n<p>\ud83d\udd51&nbsp;16:30-17:45<\/p>\n<p>\ud83d\udccd&nbsp;Sala Ponta Negra<\/p>\n<p>\ud83d\udc64&nbsp;Allan Edgard Silva Freitas (IFBA)<\/p>\n<p><strong>Um Algoritmo para Fast-ReRoute Utilizando Avalia\u00e7\u00e3o de Fluxo M\u00e1ximo e Backtracking<\/strong><br>Leon Okida (UFPR), Elias P. Duarte Jr. (UFPR)<\/p>\n<p><strong>Reusable TLA+ Communication Primitives for Modeling and Verifying Distributed Systems<\/strong><br>Diogo Canut F. Peixoto (UFSC), Odorico M. Mendizabal (UFSC)<\/p>\n<p><strong>Um Arcabou\u00e7o em TLA+ para Especifica\u00e7\u00e3o e Verifica\u00e7\u00e3o de Algoritmos Distribu\u00eddos usando o Modelo Heard-Of<\/strong><br>Yuri Pazin (PUCRS), Fernando Lu\u00eds Dotti (PUCRS)<\/p>\n<\/div>\n<\/div>\n<div class=\"h-text h-text-component style-1837 style-local-8197-c21 position-relative h-element\" data-colibri-id=\"8197-c21\"><br>\n<div class=\"\">\n<h2>Encerramento e Premia\u00e7\u00e3o<\/h2>\n<p>\ud83d\udcc6&nbsp;23\/05\/2025 (sexta-feira)<\/p>\n<p>\ud83d\udd51&nbsp;17:45-18:00<\/p>\n<p>\ud83d\udccd&nbsp;Sala Ponta Negra<\/p>\n<\/div>\n<\/div>\n<\/div>\n<\/div>\n<\/div>\n<\/div>\n<\/div>\n<\/div>\n<\/div>\n<\/div>\n","protected":false},"excerpt":{"rendered":"<p>Abertura \ud83d\udcc6&nbsp;23\/05\/2025 (sexta-feira) \ud83d\udd51&nbsp;08:30-08:45 \ud83d\udccd&nbsp;Sala Ponta Negra Sess\u00e3o 1 &#8211; Toler\u00e2ncia a Falhas \ud83d\udcc6&nbsp;23\/05\/2025 (sexta-feira) \ud83d\udd51&nbsp;08:45-10:00 \ud83d\udccd&nbsp;Sala Ponta Negra \ud83d\udc64&nbsp;Coordenador da sess\u00e3o: Edson Tavares de Camargo (UTFPR) HyperViewStamped Replication: Uma Estrat\u00e9gia para Replica\u00e7\u00e3o Distribu\u00edda Hier\u00e1rchicaGabriela Stein (UFPR), Luiz Antonio Rodrigues, (UNIOESTE), Elias P. Duarte Jr.&nbsp;(UFPR) Uma Investiga\u00e7\u00e3o sobre Toler\u00e2ncia a Falhas no Servidor de Comunica\u00e7\u00e3o [&hellip;]<\/p>\n","protected":false},"author":7,"featured_media":0,"parent":0,"menu_order":0,"comment_status":"closed","ping_status":"closed","template":"page-templates\/full-width-page.php","meta":{"footnotes":""},"class_list":["post-8197","page","type-page","status-publish","hentry"],"yoast_head":"<!-- This site is optimized with the Yoast SEO plugin v27.5 - https:\/\/yoast.com\/product\/yoast-seo-wordpress\/ -->\n<title>Programa\u00e7\u00e3o \u2013 WTF 2025 - SBRC 2025<\/title>\n<meta name=\"robots\" content=\"index, follow, max-snippet:-1, max-image-preview:large, max-video-preview:-1\" \/>\n<link rel=\"canonical\" href=\"https:\/\/sbrc.sbc.org.br\/2025\/pt_br\/programacao-wtf-2025\/\" \/>\n<meta property=\"og:locale\" content=\"pt_BR\" \/>\n<meta property=\"og:type\" content=\"article\" \/>\n<meta property=\"og:title\" content=\"Programa\u00e7\u00e3o \u2013 WTF 2025 - SBRC 2025\" \/>\n<meta property=\"og:description\" content=\"Abertura \ud83d\udcc6&nbsp;23\/05\/2025 (sexta-feira) \ud83d\udd51&nbsp;08:30-08:45 \ud83d\udccd&nbsp;Sala Ponta Negra Sess\u00e3o 1 &#8211; Toler\u00e2ncia a Falhas \ud83d\udcc6&nbsp;23\/05\/2025 (sexta-feira) \ud83d\udd51&nbsp;08:45-10:00 \ud83d\udccd&nbsp;Sala Ponta Negra \ud83d\udc64&nbsp;Coordenador da sess\u00e3o: Edson Tavares de Camargo (UTFPR) HyperViewStamped Replication: Uma Estrat\u00e9gia para Replica\u00e7\u00e3o Distribu\u00edda Hier\u00e1rchicaGabriela Stein (UFPR), Luiz Antonio Rodrigues, (UNIOESTE), Elias P. Duarte Jr.&nbsp;(UFPR) Uma Investiga\u00e7\u00e3o sobre Toler\u00e2ncia a Falhas no Servidor de Comunica\u00e7\u00e3o [&hellip;]\" \/>\n<meta property=\"og:url\" content=\"https:\/\/sbrc.sbc.org.br\/2025\/pt_br\/programacao-wtf-2025\/\" \/>\n<meta property=\"og:site_name\" content=\"SBRC 2025\" \/>\n<meta property=\"article:modified_time\" content=\"2025-08-04T18:44:57+00:00\" \/>\n<meta property=\"og:image\" content=\"https:\/\/sbrc.sbc.org.br\/2025\/wp-content\/uploads\/2025\/05\/cropped-raimundo_jose.webp\" \/>\n\t<meta property=\"og:image:width\" content=\"511\" \/>\n\t<meta property=\"og:image:height\" content=\"512\" \/>\n\t<meta property=\"og:image:type\" content=\"image\/webp\" \/>\n<meta name=\"twitter:card\" content=\"summary_large_image\" \/>\n<meta name=\"twitter:label1\" content=\"Est. tempo de leitura\" \/>\n\t<meta name=\"twitter:data1\" content=\"4 minutos\" \/>\n<script type=\"application\/ld+json\" class=\"yoast-schema-graph\">{\"@context\":\"https:\\\/\\\/schema.org\",\"@graph\":[{\"@type\":\"WebPage\",\"@id\":\"https:\\\/\\\/sbrc.sbc.org.br\\\/2025\\\/programacao-wtf-2025\\\/\",\"url\":\"https:\\\/\\\/sbrc.sbc.org.br\\\/2025\\\/programacao-wtf-2025\\\/\",\"name\":\"Programa\u00e7\u00e3o \u2013 WTF 2025 - SBRC 2025\",\"isPartOf\":{\"@id\":\"https:\\\/\\\/sbrc.sbc.org.br\\\/2025\\\/#website\"},\"primaryImageOfPage\":{\"@id\":\"https:\\\/\\\/sbrc.sbc.org.br\\\/2025\\\/programacao-wtf-2025\\\/#primaryimage\"},\"image\":{\"@id\":\"https:\\\/\\\/sbrc.sbc.org.br\\\/2025\\\/programacao-wtf-2025\\\/#primaryimage\"},\"thumbnailUrl\":\"https:\\\/\\\/sbrc.sbc.org.br\\\/2025\\\/wp-content\\\/uploads\\\/2025\\\/05\\\/cropped-raimundo_jose.webp\",\"datePublished\":\"2025-05-17T15:27:31+00:00\",\"dateModified\":\"2025-08-04T18:44:57+00:00\",\"breadcrumb\":{\"@id\":\"https:\\\/\\\/sbrc.sbc.org.br\\\/2025\\\/programacao-wtf-2025\\\/#breadcrumb\"},\"inLanguage\":\"pt-BR\",\"potentialAction\":[{\"@type\":\"ReadAction\",\"target\":[\"https:\\\/\\\/sbrc.sbc.org.br\\\/2025\\\/programacao-wtf-2025\\\/\"]}]},{\"@type\":\"ImageObject\",\"inLanguage\":\"pt-BR\",\"@id\":\"https:\\\/\\\/sbrc.sbc.org.br\\\/2025\\\/programacao-wtf-2025\\\/#primaryimage\",\"url\":\"https:\\\/\\\/sbrc.sbc.org.br\\\/2025\\\/wp-content\\\/uploads\\\/2025\\\/05\\\/cropped-raimundo_jose.webp\",\"contentUrl\":\"https:\\\/\\\/sbrc.sbc.org.br\\\/2025\\\/wp-content\\\/uploads\\\/2025\\\/05\\\/cropped-raimundo_jose.webp\"},{\"@type\":\"BreadcrumbList\",\"@id\":\"https:\\\/\\\/sbrc.sbc.org.br\\\/2025\\\/programacao-wtf-2025\\\/#breadcrumb\",\"itemListElement\":[{\"@type\":\"ListItem\",\"position\":1,\"name\":\"In\u00edcio\",\"item\":\"https:\\\/\\\/sbrc.sbc.org.br\\\/2025\\\/\"},{\"@type\":\"ListItem\",\"position\":2,\"name\":\"Programa\u00e7\u00e3o \u2013 WTF 2025\"}]},{\"@type\":\"WebSite\",\"@id\":\"https:\\\/\\\/sbrc.sbc.org.br\\\/2025\\\/#website\",\"url\":\"https:\\\/\\\/sbrc.sbc.org.br\\\/2025\\\/\",\"name\":\"SBRC 2025\",\"description\":\"43\u00ba Simp\u00f3sio Brasileiro de Redes de Computadores e Sistemas Distribu\u00eddos\",\"publisher\":{\"@id\":\"https:\\\/\\\/sbrc.sbc.org.br\\\/2025\\\/#organization\"},\"potentialAction\":[{\"@type\":\"SearchAction\",\"target\":{\"@type\":\"EntryPoint\",\"urlTemplate\":\"https:\\\/\\\/sbrc.sbc.org.br\\\/2025\\\/?s={search_term_string}\"},\"query-input\":{\"@type\":\"PropertyValueSpecification\",\"valueRequired\":true,\"valueName\":\"search_term_string\"}}],\"inLanguage\":\"pt-BR\"},{\"@type\":\"Organization\",\"@id\":\"https:\\\/\\\/sbrc.sbc.org.br\\\/2025\\\/#organization\",\"name\":\"SBRC 2025\",\"url\":\"https:\\\/\\\/sbrc.sbc.org.br\\\/2025\\\/\",\"logo\":{\"@type\":\"ImageObject\",\"inLanguage\":\"pt-BR\",\"@id\":\"https:\\\/\\\/sbrc.sbc.org.br\\\/2025\\\/#\\\/schema\\\/logo\\\/image\\\/\",\"url\":\"https:\\\/\\\/sbrc.sbc.org.br\\\/2025\\\/wp-content\\\/uploads\\\/2024\\\/04\\\/cropped-cropped-v2@4x-1.png\",\"contentUrl\":\"https:\\\/\\\/sbrc.sbc.org.br\\\/2025\\\/wp-content\\\/uploads\\\/2024\\\/04\\\/cropped-cropped-v2@4x-1.png\",\"width\":5226,\"height\":4892,\"caption\":\"SBRC 2025\"},\"image\":{\"@id\":\"https:\\\/\\\/sbrc.sbc.org.br\\\/2025\\\/#\\\/schema\\\/logo\\\/image\\\/\"},\"sameAs\":[\"https:\\\/\\\/www.instagram.com\\\/simposio.sbrc\\\/\"]}]}<\/script>\n<!-- \/ Yoast SEO plugin. -->","yoast_head_json":{"title":"Programa\u00e7\u00e3o \u2013 WTF 2025 - SBRC 2025","robots":{"index":"index","follow":"follow","max-snippet":"max-snippet:-1","max-image-preview":"max-image-preview:large","max-video-preview":"max-video-preview:-1"},"canonical":"https:\/\/sbrc.sbc.org.br\/2025\/pt_br\/programacao-wtf-2025\/","og_locale":"pt_BR","og_type":"article","og_title":"Programa\u00e7\u00e3o \u2013 WTF 2025 - SBRC 2025","og_description":"Abertura \ud83d\udcc6&nbsp;23\/05\/2025 (sexta-feira) \ud83d\udd51&nbsp;08:30-08:45 \ud83d\udccd&nbsp;Sala Ponta Negra Sess\u00e3o 1 &#8211; Toler\u00e2ncia a Falhas \ud83d\udcc6&nbsp;23\/05\/2025 (sexta-feira) \ud83d\udd51&nbsp;08:45-10:00 \ud83d\udccd&nbsp;Sala Ponta Negra \ud83d\udc64&nbsp;Coordenador da sess\u00e3o: Edson Tavares de Camargo (UTFPR) HyperViewStamped Replication: Uma Estrat\u00e9gia para Replica\u00e7\u00e3o Distribu\u00edda Hier\u00e1rchicaGabriela Stein (UFPR), Luiz Antonio Rodrigues, (UNIOESTE), Elias P. Duarte Jr.&nbsp;(UFPR) Uma Investiga\u00e7\u00e3o sobre Toler\u00e2ncia a Falhas no Servidor de Comunica\u00e7\u00e3o [&hellip;]","og_url":"https:\/\/sbrc.sbc.org.br\/2025\/pt_br\/programacao-wtf-2025\/","og_site_name":"SBRC 2025","article_modified_time":"2025-08-04T18:44:57+00:00","og_image":[{"width":511,"height":512,"url":"https:\/\/sbrc.sbc.org.br\/2025\/wp-content\/uploads\/2025\/05\/cropped-raimundo_jose.webp","type":"image\/webp"}],"twitter_card":"summary_large_image","twitter_misc":{"Est. tempo de leitura":"4 minutos"},"schema":{"@context":"https:\/\/schema.org","@graph":[{"@type":"WebPage","@id":"https:\/\/sbrc.sbc.org.br\/2025\/programacao-wtf-2025\/","url":"https:\/\/sbrc.sbc.org.br\/2025\/programacao-wtf-2025\/","name":"Programa\u00e7\u00e3o \u2013 WTF 2025 - SBRC 2025","isPartOf":{"@id":"https:\/\/sbrc.sbc.org.br\/2025\/#website"},"primaryImageOfPage":{"@id":"https:\/\/sbrc.sbc.org.br\/2025\/programacao-wtf-2025\/#primaryimage"},"image":{"@id":"https:\/\/sbrc.sbc.org.br\/2025\/programacao-wtf-2025\/#primaryimage"},"thumbnailUrl":"https:\/\/sbrc.sbc.org.br\/2025\/wp-content\/uploads\/2025\/05\/cropped-raimundo_jose.webp","datePublished":"2025-05-17T15:27:31+00:00","dateModified":"2025-08-04T18:44:57+00:00","breadcrumb":{"@id":"https:\/\/sbrc.sbc.org.br\/2025\/programacao-wtf-2025\/#breadcrumb"},"inLanguage":"pt-BR","potentialAction":[{"@type":"ReadAction","target":["https:\/\/sbrc.sbc.org.br\/2025\/programacao-wtf-2025\/"]}]},{"@type":"ImageObject","inLanguage":"pt-BR","@id":"https:\/\/sbrc.sbc.org.br\/2025\/programacao-wtf-2025\/#primaryimage","url":"https:\/\/sbrc.sbc.org.br\/2025\/wp-content\/uploads\/2025\/05\/cropped-raimundo_jose.webp","contentUrl":"https:\/\/sbrc.sbc.org.br\/2025\/wp-content\/uploads\/2025\/05\/cropped-raimundo_jose.webp"},{"@type":"BreadcrumbList","@id":"https:\/\/sbrc.sbc.org.br\/2025\/programacao-wtf-2025\/#breadcrumb","itemListElement":[{"@type":"ListItem","position":1,"name":"In\u00edcio","item":"https:\/\/sbrc.sbc.org.br\/2025\/"},{"@type":"ListItem","position":2,"name":"Programa\u00e7\u00e3o \u2013 WTF 2025"}]},{"@type":"WebSite","@id":"https:\/\/sbrc.sbc.org.br\/2025\/#website","url":"https:\/\/sbrc.sbc.org.br\/2025\/","name":"SBRC 2025","description":"43\u00ba Simp\u00f3sio Brasileiro de Redes de Computadores e Sistemas Distribu\u00eddos","publisher":{"@id":"https:\/\/sbrc.sbc.org.br\/2025\/#organization"},"potentialAction":[{"@type":"SearchAction","target":{"@type":"EntryPoint","urlTemplate":"https:\/\/sbrc.sbc.org.br\/2025\/?s={search_term_string}"},"query-input":{"@type":"PropertyValueSpecification","valueRequired":true,"valueName":"search_term_string"}}],"inLanguage":"pt-BR"},{"@type":"Organization","@id":"https:\/\/sbrc.sbc.org.br\/2025\/#organization","name":"SBRC 2025","url":"https:\/\/sbrc.sbc.org.br\/2025\/","logo":{"@type":"ImageObject","inLanguage":"pt-BR","@id":"https:\/\/sbrc.sbc.org.br\/2025\/#\/schema\/logo\/image\/","url":"https:\/\/sbrc.sbc.org.br\/2025\/wp-content\/uploads\/2024\/04\/cropped-cropped-v2@4x-1.png","contentUrl":"https:\/\/sbrc.sbc.org.br\/2025\/wp-content\/uploads\/2024\/04\/cropped-cropped-v2@4x-1.png","width":5226,"height":4892,"caption":"SBRC 2025"},"image":{"@id":"https:\/\/sbrc.sbc.org.br\/2025\/#\/schema\/logo\/image\/"},"sameAs":["https:\/\/www.instagram.com\/simposio.sbrc\/"]}]}},"_links":{"self":[{"href":"https:\/\/sbrc.sbc.org.br\/2025\/pt_br\/wp-json\/wp\/v2\/pages\/8197","targetHints":{"allow":["GET"]}}],"collection":[{"href":"https:\/\/sbrc.sbc.org.br\/2025\/pt_br\/wp-json\/wp\/v2\/pages"}],"about":[{"href":"https:\/\/sbrc.sbc.org.br\/2025\/pt_br\/wp-json\/wp\/v2\/types\/page"}],"author":[{"embeddable":true,"href":"https:\/\/sbrc.sbc.org.br\/2025\/pt_br\/wp-json\/wp\/v2\/users\/7"}],"replies":[{"embeddable":true,"href":"https:\/\/sbrc.sbc.org.br\/2025\/pt_br\/wp-json\/wp\/v2\/comments?post=8197"}],"version-history":[{"count":8,"href":"https:\/\/sbrc.sbc.org.br\/2025\/pt_br\/wp-json\/wp\/v2\/pages\/8197\/revisions"}],"predecessor-version":[{"id":8435,"href":"https:\/\/sbrc.sbc.org.br\/2025\/pt_br\/wp-json\/wp\/v2\/pages\/8197\/revisions\/8435"}],"wp:attachment":[{"href":"https:\/\/sbrc.sbc.org.br\/2025\/pt_br\/wp-json\/wp\/v2\/media?parent=8197"}],"curies":[{"name":"wp","href":"https:\/\/api.w.org\/{rel}","templated":true}]}}