{"id":7829,"date":"2025-05-14T16:58:20","date_gmt":"2025-05-14T19:58:20","guid":{"rendered":"https:\/\/sbrc.sbc.org.br\/2025\/?page_id=7829"},"modified":"2025-05-14T17:02:35","modified_gmt":"2025-05-14T20:02:35","slug":"artigos-aceitos-salao-de-ferramentas","status":"publish","type":"page","link":"https:\/\/sbrc.sbc.org.br\/2025\/pt_br\/salao-de-ferramentas\/artigos-aceitos-salao-de-ferramentas\/","title":{"rendered":"Artigos Aceitos &#8211; Sal\u00e3o de Ferramentas"},"content":{"rendered":"<div data-colibri-id=\"7829-c1\" class=\"style-1739 style-local-7829-c1 position-relative\">\n  <!---->\n  <div data-colibri-component=\"section\" data-colibri-id=\"7829-c2\" id=\"custom\" class=\"h-section h-section-global-spacing d-flex align-items-lg-center align-items-md-center align-items-center style-1740 style-local-7829-c2 position-relative\">\n    <!---->\n    <!---->\n    <div class=\"h-section-grid-container h-section-boxed-container\">\n      <!---->\n      <div data-colibri-id=\"7829-c3\" class=\"h-row-container gutters-row-lg-2 gutters-row-md-2 gutters-row-0 gutters-row-v-lg-2 gutters-row-v-md-2 gutters-row-v-2 style-1741 style-local-7829-c3 position-relative\">\n        <!---->\n        <div class=\"h-row justify-content-lg-center justify-content-md-center justify-content-center align-items-lg-stretch align-items-md-stretch align-items-stretch gutters-col-lg-2 gutters-col-md-2 gutters-col-0 gutters-col-v-lg-2 gutters-col-v-md-2 gutters-col-v-2\">\n          <!---->\n          <div class=\"h-column h-column-container d-flex h-col-lg-auto h-col-md-auto h-col-auto style-1742-outer style-local-7829-c4-outer\">\n            <div data-colibri-id=\"7829-c4\" class=\"d-flex h-flex-basis h-column__inner h-px-lg-2 h-px-md-2 h-px-2 v-inner-lg-2 v-inner-md-2 v-inner-2 style-1742 style-local-7829-c4 position-relative\">\n              <!---->\n              <!---->\n              <div class=\"w-100 h-y-container h-column__content h-column__v-align flex-basis-100 align-self-lg-start align-self-md-start align-self-start\">\n                <!---->\n                <div data-colibri-id=\"7829-c5\" class=\"h-text h-text-component style-1743 style-local-7829-c5 position-relative h-element\">\n                  <!---->\n                  <!---->\n                  <div class=\"\">\n                    <p><strong>A New WAVE: Exploring New Load Pattern Models for Experimentation in Computer Networks<\/strong><\/p>\n                    <p>Danilo Cavalcante Beuttenmuller, Matheus Faelson de Almeida Val\u00e9rio (IFPB), Caio Luiz L. T. Silva, Icaro M. da Silva, Paulo Ditarso Maciel Jr. (IFPB), Leandro C. de Almeida (Federal Institute of Para\u00edba)&nbsp;<\/p>\n                    <p><strong>AGATA \u2013 Arquitetura para Gerenciamento Autom\u00e1tico de Tarefas de Aprendizado Federado<\/strong><\/p>\n                    <p>Guilherme Thomaz (UFRJ), Fernando Silva (UFRJ), Lucas Airam C. de Souza (UFRJ), Luis Henrique Maciel Kosmalski Costa (UFRJ), Miguel Elias Mitre Campista (UFRJ)&nbsp;<\/p>\n                    <p><strong>Cloud AutoDroid: Um Sistema Distribu\u00eddo Escal\u00e1vel para Execu\u00e7\u00e3o de Ferramentas de IA Generativa<\/strong><\/p>\n                    <p>Luiz Felipe Laviola (UNIPAMPA), Diego Kreutz (UNIPAMPA), Rodrigo Brand\u00e3o Mansilha (UNIPAMPA)&nbsp;<\/p>\n                    <p><strong>Dashboard HackInSDN: plataforma web para experimenta\u00e7\u00e3o em redes e ciberseguran\u00e7a atrav\u00e9s de clusters Kubernetes<\/strong><\/p>\n                    <p>Italo Valcy S. Brito (UFBA), Leobino Nascimento Sampaio (UFBA)&nbsp;<\/p>\n                    <p><strong>H\u00f3rus-CDS: O Olho Digital na Seguran\u00e7a das Smart Grids<\/strong><\/p>\n                    <p>Alexandro Oliveira Paula (UnB), Weslei Santos (UESB), Vin\u00edcius Gon\u00e7alves (University of Brasilia), Andr\u00e9 Serrano (UnB), Rodolfo Ipolito Meneguette (USP), Roger Immich (UFRN), Geraldo Pereira (UESB)&nbsp;<\/p>\n                    <p><strong>Intelig\u00eancia de Amea\u00e7as Cibern\u00e9ticas para Melhoria na Detec\u00e7\u00e3o e Resposta a Incidentes<\/strong><\/p>\n                    <p>Gustavo Barros (UnB), Jo\u00e3o Gondim (UnB)&nbsp;<\/p>\n                    <p><strong>Lab Cyber Academy: Um Cyber Range para Treinamento em Seguran\u00e7a da Informa\u00e7\u00e3o Utilizando AWS e IaC<\/strong><\/p>\n                    <p>Vitor Reiel Moura de Lima (UFC), Antonio Rafael Pinheiro Dantas (Universidade Federal do Cear\u00e1 UFC), Michel Sales (UFCQUIXADA), Jo\u00e3o Marcelo Uch\u00f4a de Alencar (UFC)&nbsp;<\/p>\n                    <p><strong>Mininet-GUI: Uma Abordagem Visual e Interativa para Experimenta\u00e7\u00e3o em Redes SDN<\/strong><\/p>\n                    <p>Lucas Schneider (Instituto Federal de Educa\u00e7\u00e3o, Ci\u00eancia e Tecnologia do Rio Grande do Norte), Em\u00eddio de Paiva Neto (Instituto Federal de Educa\u00e7\u00e3o, Ci\u00eancia e Tecnologia do Rio Grande do Norte), Felipe Sampaio Dantas Silva (Instituto\n                      Federal de Educa\u00e7\u00e3o, Ci\u00eancia e Tecnologia do Rio Grande do Norte)&nbsp;<\/p>\n                    <p><strong>Mininet-WPAN: Enabling WPAN and IoT Emulations with 802.15.4 Support<\/strong><\/p>\n                    <p>Cassius Filho (UFRN), Tiago Souza, Ramon Fontes (UFRN), Eduardo Coelho Cerqueira (UFPA)&nbsp;<\/p>\n                    <p><strong>NFV-Prime: Uma Ferramenta para Prototipa\u00e7\u00e3o e Visualiza\u00e7\u00e3o de Fun\u00e7\u00f5es Virtualizadas de Rede<\/strong><\/p>\n                    <p>Felipe Ribeiro Quiles (UFPR), Vin\u00edcius F\u00fclber Garcia (UFPR), Elias P. Duarte Jr. (UFPR)&nbsp;<\/p>\n                    <p><strong>ns3-oran-customizable-db: Uma Ferramenta para Constru\u00e7\u00e3o de Base de Dados Personaliz\u00e1vel para Simula\u00e7\u00f5es Open RAN<\/strong><\/p>\n                    <p>Felipe Gomes T\u00e1paro (UFRJ), Igor Monteiro Moraes (UFF), Miguel Elias Mitre Campista (UFRJ)&nbsp;<\/p>\n                    <p><strong>Sensor de Software Robusto para Identificar Pessoas em uma Cena de V\u00eddeo<\/strong><\/p>\n                    <p>Arthur Hernandez (UERJ), Karran Lemos (UERJ), Evandro Luiz Cardoso Macedo (UERJ), Alexandre Sztajnberg (UERJ)&nbsp;<\/p>\n                    <p><strong>THexCAD: Uma Plataforma de Prototipagem e Simula\u00e7\u00e3o de Cobertura para \u00c1rea com M\u00faltiplos Drones<\/strong><\/p>\n                    <p>Alirio Santos S\u00e1 (UFBA), Maxwell Francisco da Silva (IF Baiano)&nbsp;<\/p>\n                    <p><strong>TrueState-SNA: Uma Solu\u00e7\u00e3o Baseada em SSoT para Automa\u00e7\u00e3o de Redes Heterog\u00eaneas<\/strong><\/p>\n                    <p>Jer\u00f4nimo Menezes (UNIPAMPA), Diego Kreutz (UNIPAMPA), Rodrigo Brand\u00e3o Mansilha (UNIPAMPA)&nbsp;<\/p>\n                    <p><strong>UNetyEmu: Unity-based simulator for aerial and non-aerial vehicles with integrated network emulation<\/strong><\/p>\n                    <p>Mauricio Rodriguez (UNICAMP), Ariel G\u00f3es de Castro (UNICAMP), Ibini Anuar Santana (UNICAMP), Ramon dos Reis Fontes (UFRN), Fabricio Eduardo Rodriguez Cesen (Telefonica Research), Christian Esteve Rothenberg (UNICAMP)&nbsp;<\/p>\n                    <p><strong>VulnSyncAI: PLN e LLMs para Constru\u00e7\u00e3o e Atualiza\u00e7\u00e3o Cont\u00ednua de Datasets de Vulnerabilidades<\/strong><\/p>\n                    <p>Douglas Rodrigues Fideles (UFU), Douglas Lautert (UNIPAMPA), Diego Kreutz (UNIPAMPA), Silvio Quincozes (UNIPAMPA)&nbsp;<\/p>\n                  <\/div>\n                <\/div>\n              <\/div>\n            <\/div>\n          <\/div>\n        <\/div>\n      <\/div>\n    <\/div>\n  <\/div>\n<\/div>","protected":false},"excerpt":{"rendered":"<p>A New WAVE: Exploring New Load Pattern Models for Experimentation in Computer Networks Danilo Cavalcante Beuttenmuller, Matheus Faelson de Almeida Val\u00e9rio (IFPB), Caio Luiz L. T. Silva, Icaro M. da Silva, Paulo Ditarso Maciel Jr. (IFPB), Leandro C. de Almeida (Federal Institute of Para\u00edba)&nbsp; AGATA \u2013 Arquitetura para Gerenciamento Autom\u00e1tico de Tarefas de Aprendizado Federado [&hellip;]<\/p>\n","protected":false},"author":7,"featured_media":0,"parent":836,"menu_order":0,"comment_status":"closed","ping_status":"closed","template":"page-templates\/full-width-page.php","meta":{"footnotes":""},"class_list":["post-7829","page","type-page","status-publish","hentry"],"yoast_head":"<!-- This site is optimized with the Yoast SEO plugin v27.5 - https:\/\/yoast.com\/product\/yoast-seo-wordpress\/ -->\n<title>Artigos Aceitos - Sal\u00e3o de Ferramentas - SBRC 2025<\/title>\n<meta name=\"robots\" content=\"index, follow, max-snippet:-1, max-image-preview:large, max-video-preview:-1\" \/>\n<link rel=\"canonical\" href=\"https:\/\/sbrc.sbc.org.br\/2025\/pt_br\/salao-de-ferramentas\/artigos-aceitos-salao-de-ferramentas\/\" \/>\n<meta property=\"og:locale\" content=\"pt_BR\" \/>\n<meta property=\"og:type\" content=\"article\" \/>\n<meta property=\"og:title\" content=\"Artigos Aceitos - Sal\u00e3o de Ferramentas - SBRC 2025\" \/>\n<meta property=\"og:description\" content=\"A New WAVE: Exploring New Load Pattern Models for Experimentation in Computer Networks Danilo Cavalcante Beuttenmuller, Matheus Faelson de Almeida Val\u00e9rio (IFPB), Caio Luiz L. T. Silva, Icaro M. da Silva, Paulo Ditarso Maciel Jr. (IFPB), Leandro C. de Almeida (Federal Institute of Para\u00edba)&nbsp; AGATA \u2013 Arquitetura para Gerenciamento Autom\u00e1tico de Tarefas de Aprendizado Federado [&hellip;]\" \/>\n<meta property=\"og:url\" content=\"https:\/\/sbrc.sbc.org.br\/2025\/pt_br\/salao-de-ferramentas\/artigos-aceitos-salao-de-ferramentas\/\" \/>\n<meta property=\"og:site_name\" content=\"SBRC 2025\" \/>\n<meta property=\"article:modified_time\" content=\"2025-05-14T20:02:35+00:00\" \/>\n<meta property=\"og:image\" content=\"https:\/\/sbrc.sbc.org.br\/2025\/wp-content\/uploads\/2024\/07\/Captura-de-tela-2024-07-04-115159.png\" \/>\n\t<meta property=\"og:image:width\" content=\"821\" \/>\n\t<meta property=\"og:image:height\" content=\"466\" \/>\n\t<meta property=\"og:image:type\" content=\"image\/png\" \/>\n<meta name=\"twitter:card\" content=\"summary_large_image\" \/>\n<meta name=\"twitter:label1\" content=\"Est. tempo de leitura\" \/>\n\t<meta name=\"twitter:data1\" content=\"16 minutos\" \/>\n<script type=\"application\/ld+json\" class=\"yoast-schema-graph\">{\"@context\":\"https:\\\/\\\/schema.org\",\"@graph\":[{\"@type\":\"WebPage\",\"@id\":\"https:\\\/\\\/sbrc.sbc.org.br\\\/2025\\\/salao-de-ferramentas\\\/artigos-aceitos-salao-de-ferramentas\\\/\",\"url\":\"https:\\\/\\\/sbrc.sbc.org.br\\\/2025\\\/salao-de-ferramentas\\\/artigos-aceitos-salao-de-ferramentas\\\/\",\"name\":\"Artigos Aceitos - Sal\u00e3o de Ferramentas - SBRC 2025\",\"isPartOf\":{\"@id\":\"https:\\\/\\\/sbrc.sbc.org.br\\\/2025\\\/#website\"},\"datePublished\":\"2025-05-14T19:58:20+00:00\",\"dateModified\":\"2025-05-14T20:02:35+00:00\",\"breadcrumb\":{\"@id\":\"https:\\\/\\\/sbrc.sbc.org.br\\\/2025\\\/salao-de-ferramentas\\\/artigos-aceitos-salao-de-ferramentas\\\/#breadcrumb\"},\"inLanguage\":\"pt-BR\",\"potentialAction\":[{\"@type\":\"ReadAction\",\"target\":[\"https:\\\/\\\/sbrc.sbc.org.br\\\/2025\\\/salao-de-ferramentas\\\/artigos-aceitos-salao-de-ferramentas\\\/\"]}]},{\"@type\":\"BreadcrumbList\",\"@id\":\"https:\\\/\\\/sbrc.sbc.org.br\\\/2025\\\/salao-de-ferramentas\\\/artigos-aceitos-salao-de-ferramentas\\\/#breadcrumb\",\"itemListElement\":[{\"@type\":\"ListItem\",\"position\":1,\"name\":\"In\u00edcio\",\"item\":\"https:\\\/\\\/sbrc.sbc.org.br\\\/2025\\\/\"},{\"@type\":\"ListItem\",\"position\":2,\"name\":\"Sal\u00e3o de Ferramentas\",\"item\":\"https:\\\/\\\/sbrc.sbc.org.br\\\/2025\\\/salao-de-ferramentas\\\/\"},{\"@type\":\"ListItem\",\"position\":3,\"name\":\"Artigos Aceitos &#8211; Sal\u00e3o de Ferramentas\"}]},{\"@type\":\"WebSite\",\"@id\":\"https:\\\/\\\/sbrc.sbc.org.br\\\/2025\\\/#website\",\"url\":\"https:\\\/\\\/sbrc.sbc.org.br\\\/2025\\\/\",\"name\":\"SBRC 2025\",\"description\":\"43\u00ba Simp\u00f3sio Brasileiro de Redes de Computadores e Sistemas Distribu\u00eddos\",\"publisher\":{\"@id\":\"https:\\\/\\\/sbrc.sbc.org.br\\\/2025\\\/#organization\"},\"potentialAction\":[{\"@type\":\"SearchAction\",\"target\":{\"@type\":\"EntryPoint\",\"urlTemplate\":\"https:\\\/\\\/sbrc.sbc.org.br\\\/2025\\\/?s={search_term_string}\"},\"query-input\":{\"@type\":\"PropertyValueSpecification\",\"valueRequired\":true,\"valueName\":\"search_term_string\"}}],\"inLanguage\":\"pt-BR\"},{\"@type\":\"Organization\",\"@id\":\"https:\\\/\\\/sbrc.sbc.org.br\\\/2025\\\/#organization\",\"name\":\"SBRC 2025\",\"url\":\"https:\\\/\\\/sbrc.sbc.org.br\\\/2025\\\/\",\"logo\":{\"@type\":\"ImageObject\",\"inLanguage\":\"pt-BR\",\"@id\":\"https:\\\/\\\/sbrc.sbc.org.br\\\/2025\\\/#\\\/schema\\\/logo\\\/image\\\/\",\"url\":\"https:\\\/\\\/sbrc.sbc.org.br\\\/2025\\\/wp-content\\\/uploads\\\/2024\\\/04\\\/cropped-cropped-v2@4x-1.png\",\"contentUrl\":\"https:\\\/\\\/sbrc.sbc.org.br\\\/2025\\\/wp-content\\\/uploads\\\/2024\\\/04\\\/cropped-cropped-v2@4x-1.png\",\"width\":5226,\"height\":4892,\"caption\":\"SBRC 2025\"},\"image\":{\"@id\":\"https:\\\/\\\/sbrc.sbc.org.br\\\/2025\\\/#\\\/schema\\\/logo\\\/image\\\/\"},\"sameAs\":[\"https:\\\/\\\/www.instagram.com\\\/simposio.sbrc\\\/\"]}]}<\/script>\n<!-- \/ Yoast SEO plugin. -->","yoast_head_json":{"title":"Artigos Aceitos - Sal\u00e3o de Ferramentas - SBRC 2025","robots":{"index":"index","follow":"follow","max-snippet":"max-snippet:-1","max-image-preview":"max-image-preview:large","max-video-preview":"max-video-preview:-1"},"canonical":"https:\/\/sbrc.sbc.org.br\/2025\/pt_br\/salao-de-ferramentas\/artigos-aceitos-salao-de-ferramentas\/","og_locale":"pt_BR","og_type":"article","og_title":"Artigos Aceitos - Sal\u00e3o de Ferramentas - SBRC 2025","og_description":"A New WAVE: Exploring New Load Pattern Models for Experimentation in Computer Networks Danilo Cavalcante Beuttenmuller, Matheus Faelson de Almeida Val\u00e9rio (IFPB), Caio Luiz L. T. Silva, Icaro M. da Silva, Paulo Ditarso Maciel Jr. (IFPB), Leandro C. de Almeida (Federal Institute of Para\u00edba)&nbsp; AGATA \u2013 Arquitetura para Gerenciamento Autom\u00e1tico de Tarefas de Aprendizado Federado [&hellip;]","og_url":"https:\/\/sbrc.sbc.org.br\/2025\/pt_br\/salao-de-ferramentas\/artigos-aceitos-salao-de-ferramentas\/","og_site_name":"SBRC 2025","article_modified_time":"2025-05-14T20:02:35+00:00","og_image":[{"width":821,"height":466,"url":"https:\/\/sbrc.sbc.org.br\/2025\/wp-content\/uploads\/2024\/07\/Captura-de-tela-2024-07-04-115159.png","type":"image\/png"}],"twitter_card":"summary_large_image","twitter_misc":{"Est. tempo de leitura":"16 minutos"},"schema":{"@context":"https:\/\/schema.org","@graph":[{"@type":"WebPage","@id":"https:\/\/sbrc.sbc.org.br\/2025\/salao-de-ferramentas\/artigos-aceitos-salao-de-ferramentas\/","url":"https:\/\/sbrc.sbc.org.br\/2025\/salao-de-ferramentas\/artigos-aceitos-salao-de-ferramentas\/","name":"Artigos Aceitos - Sal\u00e3o de Ferramentas - SBRC 2025","isPartOf":{"@id":"https:\/\/sbrc.sbc.org.br\/2025\/#website"},"datePublished":"2025-05-14T19:58:20+00:00","dateModified":"2025-05-14T20:02:35+00:00","breadcrumb":{"@id":"https:\/\/sbrc.sbc.org.br\/2025\/salao-de-ferramentas\/artigos-aceitos-salao-de-ferramentas\/#breadcrumb"},"inLanguage":"pt-BR","potentialAction":[{"@type":"ReadAction","target":["https:\/\/sbrc.sbc.org.br\/2025\/salao-de-ferramentas\/artigos-aceitos-salao-de-ferramentas\/"]}]},{"@type":"BreadcrumbList","@id":"https:\/\/sbrc.sbc.org.br\/2025\/salao-de-ferramentas\/artigos-aceitos-salao-de-ferramentas\/#breadcrumb","itemListElement":[{"@type":"ListItem","position":1,"name":"In\u00edcio","item":"https:\/\/sbrc.sbc.org.br\/2025\/"},{"@type":"ListItem","position":2,"name":"Sal\u00e3o de Ferramentas","item":"https:\/\/sbrc.sbc.org.br\/2025\/salao-de-ferramentas\/"},{"@type":"ListItem","position":3,"name":"Artigos Aceitos &#8211; Sal\u00e3o de Ferramentas"}]},{"@type":"WebSite","@id":"https:\/\/sbrc.sbc.org.br\/2025\/#website","url":"https:\/\/sbrc.sbc.org.br\/2025\/","name":"SBRC 2025","description":"43\u00ba Simp\u00f3sio Brasileiro de Redes de Computadores e Sistemas Distribu\u00eddos","publisher":{"@id":"https:\/\/sbrc.sbc.org.br\/2025\/#organization"},"potentialAction":[{"@type":"SearchAction","target":{"@type":"EntryPoint","urlTemplate":"https:\/\/sbrc.sbc.org.br\/2025\/?s={search_term_string}"},"query-input":{"@type":"PropertyValueSpecification","valueRequired":true,"valueName":"search_term_string"}}],"inLanguage":"pt-BR"},{"@type":"Organization","@id":"https:\/\/sbrc.sbc.org.br\/2025\/#organization","name":"SBRC 2025","url":"https:\/\/sbrc.sbc.org.br\/2025\/","logo":{"@type":"ImageObject","inLanguage":"pt-BR","@id":"https:\/\/sbrc.sbc.org.br\/2025\/#\/schema\/logo\/image\/","url":"https:\/\/sbrc.sbc.org.br\/2025\/wp-content\/uploads\/2024\/04\/cropped-cropped-v2@4x-1.png","contentUrl":"https:\/\/sbrc.sbc.org.br\/2025\/wp-content\/uploads\/2024\/04\/cropped-cropped-v2@4x-1.png","width":5226,"height":4892,"caption":"SBRC 2025"},"image":{"@id":"https:\/\/sbrc.sbc.org.br\/2025\/#\/schema\/logo\/image\/"},"sameAs":["https:\/\/www.instagram.com\/simposio.sbrc\/"]}]}},"_links":{"self":[{"href":"https:\/\/sbrc.sbc.org.br\/2025\/pt_br\/wp-json\/wp\/v2\/pages\/7829","targetHints":{"allow":["GET"]}}],"collection":[{"href":"https:\/\/sbrc.sbc.org.br\/2025\/pt_br\/wp-json\/wp\/v2\/pages"}],"about":[{"href":"https:\/\/sbrc.sbc.org.br\/2025\/pt_br\/wp-json\/wp\/v2\/types\/page"}],"author":[{"embeddable":true,"href":"https:\/\/sbrc.sbc.org.br\/2025\/pt_br\/wp-json\/wp\/v2\/users\/7"}],"replies":[{"embeddable":true,"href":"https:\/\/sbrc.sbc.org.br\/2025\/pt_br\/wp-json\/wp\/v2\/comments?post=7829"}],"version-history":[{"count":2,"href":"https:\/\/sbrc.sbc.org.br\/2025\/pt_br\/wp-json\/wp\/v2\/pages\/7829\/revisions"}],"predecessor-version":[{"id":7834,"href":"https:\/\/sbrc.sbc.org.br\/2025\/pt_br\/wp-json\/wp\/v2\/pages\/7829\/revisions\/7834"}],"up":[{"embeddable":true,"href":"https:\/\/sbrc.sbc.org.br\/2025\/pt_br\/wp-json\/wp\/v2\/pages\/836"}],"wp:attachment":[{"href":"https:\/\/sbrc.sbc.org.br\/2025\/pt_br\/wp-json\/wp\/v2\/media?parent=7829"}],"curies":[{"name":"wp","href":"https:\/\/api.w.org\/{rel}","templated":true}]}}