{"id":7679,"date":"2025-05-12T12:03:15","date_gmt":"2025-05-12T15:03:15","guid":{"rendered":"https:\/\/sbrc.sbc.org.br\/2025\/?page_id=7679"},"modified":"2025-05-17T14:02:07","modified_gmt":"2025-05-17T17:02:07","slug":"apresentacoes-concurso-de-teses-e-dissertacoes","status":"publish","type":"page","link":"https:\/\/sbrc.sbc.org.br\/2025\/pt_br\/apresentacoes-concurso-de-teses-e-dissertacoes\/","title":{"rendered":"Apresenta\u00e7\u00f5es &#8211; Concurso de Teses e Disserta\u00e7\u00f5es"},"content":{"rendered":"<div class=\"style-1529 style-local-7320-c1 position-relative\" data-colibri-id=\"7320-c1\">\n<div id=\"custom\" class=\"h-section h-section-global-spacing d-flex align-items-lg-center align-items-md-center align-items-center style-1530 style-local-7320-c2 position-relative\" data-colibri-component=\"section\" data-colibri-id=\"7320-c2\">\n<div class=\"h-section-grid-container h-section-boxed-container\">\n<div class=\"h-row-container gutters-row-lg-2 gutters-row-md-2 gutters-row-0 gutters-row-v-lg-2 gutters-row-v-md-2 gutters-row-v-2 style-1531 style-local-7320-c3 position-relative\" data-colibri-id=\"7320-c3\">\n<div class=\"h-row justify-content-lg-center justify-content-md-center justify-content-center align-items-lg-stretch align-items-md-stretch align-items-stretch gutters-col-lg-2 gutters-col-md-2 gutters-col-0 gutters-col-v-lg-2 gutters-col-v-md-2 gutters-col-v-2\">\n<div class=\"h-column h-column-container d-flex h-col-lg-auto h-col-md-auto h-col-auto style-1532-outer style-local-7320-c4-outer\">\n<div class=\"d-flex h-flex-basis h-column__inner h-px-lg-2 h-px-md-2 h-px-2 v-inner-lg-2 v-inner-md-2 v-inner-2 style-1532 style-local-7320-c4 position-relative\" data-colibri-id=\"7320-c4\">\n<div class=\"w-100 h-y-container h-column__content h-column__v-align flex-basis-100 align-self-lg-start align-self-md-start align-self-start\">\n<div id=\"ctd1\" class=\"h-text h-text-component style-1533 style-local-7320-c5 position-relative h-element\" data-colibri-id=\"7320-c5\">\n<div class=\"\">\n<h2><span style=\"font-size: 101%;\">CTD1 &#8211; Trabalhos de Mestrado<\/span><\/h2>\n<p>\ud83d\udcc6\u00a020\/05\/2025 (ter\u00e7a-feira)<\/br>\n\n\ud83d\udd51\u00a008:30-10:00<\/br>\n\n\ud83d\udccd\u00a0Sala Genipabu<p>\n\n<p><strong>Avalia\u00e7\u00e3o de Desempenho de Migra\u00e7\u00e3o de Cont\u00eaineres com Redes de Petri Estoc\u00e1sticas<\/strong> <a class=\"customize-unpreviewable\" href=\"https:\/\/1drv.ms\/b\/c\/75254e252c7d0ebe\/EYQf74Cy5clLu1VRBetPYF8BP1x4h44RXNAc90iyX_apDQ?e=SRTINb\" target=\"_blank\" rel=\"noopener\"> <img decoding=\"async\" style=\"width: 32px;\" src=\"https:\/\/sbrc.sbc.org.br\/2025\/wp-content\/uploads\/2025\/05\/icon-pdf.svg\" alt=\"PDF\" \/><\/a><\/br>\n\nLeonel Feitosa Correia (UFPI), Paulo Antonio Leal Rego (UFC), Francisco Airton Silva (UFPI)<\/p>\n\n<p><strong>Low-Cost Animal and Pedestrian Crossing Detection in Rural Roads using WiFi Sensing and Deep Learning<\/strong> <a class=\"customize-unpreviewable\" href=\"https:\/\/1drv.ms\/b\/c\/75254e252c7d0ebe\/EarRvgCk6a1Ku_OSoU7g2DkBOTlrG-rMeacez38WUVblMA?e=nFa2Is\" target=\"_blank\" rel=\"noopener\"> <img decoding=\"async\" style=\"width: 32px;\" src=\"https:\/\/sbrc.sbc.org.br\/2025\/wp-content\/uploads\/2025\/05\/icon-pdf.svg\" alt=\"PDF\" \/><\/a><\/br>\n\nSamuel Ducca (USP), Cintia Borges Margi (USP), Artur Jordao (USP)<\/p>\n\n<p><strong>Carbono 21: Promoting Forestation Through Digital Assets<\/strong> <a class=\"customize-unpreviewable\" href=\"https:\/\/1drv.ms\/b\/c\/75254e252c7d0ebe\/EZJ9GFDhxkZHnGk1Ngg_yWUBX4Ae8h1y86g7EZkc1ZzeXQ?e=jmq5n1\" target=\"_blank\" rel=\"noopener\"> <img decoding=\"async\" style=\"width: 32px;\" src=\"https:\/\/sbrc.sbc.org.br\/2025\/wp-content\/uploads\/2025\/05\/icon-pdf.svg\" alt=\"PDF\" \/><\/a><\/br>\n\nPedro Correia (USP), Marcos Antonio Simplicio Jr (USP)<\/p>\n\n<\/div>\n<\/div>\n\n<div data-colibri-id=\"7497-c6\" class=\"h-divider style-1606 style-local-7497-c6 position-relative h-element\">\n                  <!----><span class=\"h-divider__line style-1606-line style-local-7497-c6-line style-1606-line style-local-7497-c6-line\"><\/span><\/div>\n\n<div id=\"ctd2\" class=\"h-text h-text-component style-1536 style-local-7320-c7 position-relative h-element\" data-colibri-id=\"7320-c7\">\n<div class=\"\">\n<h2><span style=\"font-weight: 400;\">CTD2 &#8211; <\/span><strong style=\"font-weight: 400;\">Trabalhos de Mestrado<\/strong><\/h2>\n<p>\ud83d\udcc6\u00a020\/05\/2025 (ter\u00e7a-feira)<\/br>\n\n\ud83d\udd51\u00a010:30-12:00<\/br>\n\n\ud83d\udccd\u00a0Sala Genipabu<\/p>\n\n<p><strong>Enhancing Cybersecurity of Automotive Ethernet Networks with Deep Learning-based Intrusion Detection Systems<\/strong> <a class=\"customize-unpreviewable\" href=\"https:\/\/1drv.ms\/b\/c\/75254e252c7d0ebe\/EdouWfmCgCxHvZc_TkTbZogBKbq3G7h0n1cPD0JepJjTcA?e=pLr3xG\" target=\"_blank\" rel=\"noopener\"> <img decoding=\"async\" style=\"width: 32px;\" src=\"https:\/\/sbrc.sbc.org.br\/2025\/wp-content\/uploads\/2025\/05\/icon-pdf.svg\" alt=\"PDF\" \/><\/a><\/br>\n\nLuigi F. Marques da Luz (UFPE), Paulo Freitas de Araujo Filho (UFPE), Divanilson R. Campelo (UFPE)<\/p>\n\n<p><strong>F-NIDS: Sistema de Detec\u00e7\u00e3o de Intrus\u00e3o baseado em Aprendizado Federado<\/strong> <a class=\"customize-unpreviewable\" href=\"https:\/\/1drv.ms\/b\/c\/75254e252c7d0ebe\/Efhu4fZEjk1OhCg7cAHxVGIBAVcttVOON1iRWLE5PlpTJg?e=v5ueCM\" target=\"_blank\" rel=\"noopener\"> <img decoding=\"async\" style=\"width: 32px;\" src=\"https:\/\/sbrc.sbc.org.br\/2025\/wp-content\/uploads\/2025\/05\/icon-pdf.svg\" alt=\"PDF\" \/><\/a><\/br>\n\nJonathas Oliveira (UNB), Vin\u00edcius Gon\u00e7alves (University of Brasilia), Geraldo Pereira (UESB)<\/p>\n\n<p><strong>SARIK: Uma Proposta de Framework para o Aprimoramento da Seguran\u00e7a em Kubernetes por meio de Pol\u00edticas de Rede<\/strong> <a class=\"customize-unpreviewable\" href=\"https:\/\/1drv.ms\/b\/c\/75254e252c7d0ebe\/EdeQ9YwYbC5JpqKf-kQSJyMBKFC5Q2n0feQ-y3CuB2_aIA?e=IGZhIp\" target=\"_blank\" rel=\"noopener\"> <img decoding=\"async\" style=\"width: 32px;\" src=\"https:\/\/sbrc.sbc.org.br\/2025\/wp-content\/uploads\/2025\/05\/icon-pdf.svg\" alt=\"PDF\" \/><\/a><\/br>\n\nJonathan Gomes Pereira dos Santos (UnB), Vin\u00edcius Pereira Gon\u00e7alves (UnB), Geraldo Pereira (UESB)<\/p>\n\n<\/div>\n<\/div>\n\n<div data-colibri-id=\"7497-c6\" class=\"h-divider style-1606 style-local-7497-c6 position-relative h-element\">\n                  <span class=\"h-divider__line style-1606-line style-local-7497-c6-line style-1606-line style-local-7497-c6-line\"><\/span><\/div>\n\n<div id=\"ctd3\" class=\"h-text h-text-component style-1537 style-local-7320-c9 position-relative h-element\" data-colibri-id=\"7320-c9\">\n<div class=\"\">\n<h2><span style=\"font-weight: 400;\">CTD3 &#8211; <\/span><strong style=\"font-weight: 400;\">Trabalhos de Doutorado<\/strong><\/h2>\n<p>\ud83d\udcc6\u00a020\/05\/2025 (ter\u00e7a-feira)<\/br>\n\n\ud83d\udd51\u00a014:00-16:00<\/br>\n\n\ud83d\udccd\u00a0Sala Genipabu<\/p>\n\n<p><strong>Artificial Intelligence as a Service Architecture an Innovative Approach for Computer Vision Applications<\/strong> <a class=\"customize-unpreviewable\" href=\"https:\/\/1drv.ms\/b\/c\/75254e252c7d0ebe\/ESQkesoAFCdHqU7j3wpKNnkB4KSe0AgKtiPsx7q1aBlJUA?e=fGh7iw\" target=\"_blank\" rel=\"noopener\"> <img decoding=\"async\" style=\"width: 32px;\" src=\"https:\/\/sbrc.sbc.org.br\/2025\/wp-content\/uploads\/2025\/05\/icon-pdf.svg\" alt=\"PDF\" \/><\/a><\/br>\n\nLarissa Ferreira Rodrigues Moreira (UFU), Bruno Traven\u00e7olo (UFMS), Andr\u00e9 Ricardo Backes (UFU)<\/p>\n\n<p><strong>Urban Perception Extraction from Texts Shared on Social Media: Framework and Applications<\/strong> <a class=\"customize-unpreviewable\" href=\"https:\/\/1drv.ms\/b\/c\/75254e252c7d0ebe\/EYRJ9UOm0jNJq4FwRs7ctPwBCGNybRDWbbqjaQL3YcvJgQ?e=3sqgHJ\" target=\"_blank\" rel=\"noopener\"> <img decoding=\"async\" style=\"width: 32px;\" src=\"https:\/\/sbrc.sbc.org.br\/2025\/wp-content\/uploads\/2025\/05\/icon-pdf.svg\" alt=\"PDF\" \/><\/a><\/br>\n\nFrances Santos (UNICAMP), Thiago Henrique Silva (UTFPR), Leandro Villas (UNICAMP)<\/p>\n\n<p><strong>Scaling Stateful Network Services on Multicore Architectures<\/strong> <a class=\"customize-unpreviewable\" href=\"https:\/\/1drv.ms\/b\/c\/75254e252c7d0ebe\/EXtO0bEyaFZFuKuqke0d7D4Bke940PBWxBkxtLxRc5DjGg?e=g0mrmX\" target=\"_blank\" rel=\"noopener\"> <img decoding=\"async\" style=\"width: 32px;\" src=\"https:\/\/sbrc.sbc.org.br\/2025\/wp-content\/uploads\/2025\/05\/icon-pdf.svg\" alt=\"PDF\" \/><\/a><\/br>\n\nFabricio B. Carvalho (UFMT), Ronaldo Alves Ferreira (UFMS)<\/p>\n\n<p><strong>Automatic Inference of BGP Community Semantics<\/strong> <a class=\"customize-unpreviewable\" href=\"https:\/\/1drv.ms\/b\/c\/75254e252c7d0ebe\/ETYpjWUwG3VEpr_ntoHQDMABQ3bW80C89M7PRsktF8nArA?e=joCdwj\" target=\"_blank\" rel=\"noopener\"> <img decoding=\"async\" style=\"width: 32px;\" src=\"https:\/\/sbrc.sbc.org.br\/2025\/wp-content\/uploads\/2025\/05\/icon-pdf.svg\" alt=\"PDF\" \/><\/a><\/br>\n\nBrivaldo Alves da Silva Junior (UFMS), Italo Cunha (UFMG), Ronaldo Alves Ferreira (UFMS)<\/p>\n\n<p><strong>Adaptive Network Management in 6G O-RAN: A Framework for Dynamic User Demands<\/strong> <a class=\"customize-unpreviewable\" href=\"https:\/\/1drv.ms\/b\/c\/75254e252c7d0ebe\/ERHqPLJt1clKrJGUPdUVakUBudaPibTf0AsbL_jtUgkrZg?e=BwO7Ws\" target=\"_blank\" rel=\"noopener\"> <img decoding=\"async\" style=\"width: 32px;\" src=\"https:\/\/sbrc.sbc.org.br\/2025\/wp-content\/uploads\/2025\/05\/icon-pdf.svg\" alt=\"PDF\" \/><\/a><\/br>\n\nGustavo Zanatta Bruno (UNISINOS), Alexandre Huff (UTFPR), Cristiano Bonato Both (UNISINOS)<\/p>\n\n<p><strong>Dynamic Network Slicing for User Mobility Support in 5G Networks<\/strong> <a class=\"customize-unpreviewable\" href=\"https:\/\/1drv.ms\/b\/c\/75254e252c7d0ebe\/EfznzhOSgbZAjAHfAH-olG8BgZNYDTk9Hsh_Dk_KjopEqw?e=oPazlV\" target=\"_blank\" rel=\"noopener\"> <img decoding=\"async\" style=\"width: 32px;\" src=\"https:\/\/sbrc.sbc.org.br\/2025\/wp-content\/uploads\/2025\/05\/icon-pdf.svg\" alt=\"PDF\" \/><\/a><\/br>\n\nDiogo Machado Gon\u00e7alves (UNICAMP), Luiz Fernando Bittencourt (UNICAMP), Edmundo Madeira (UNICAMP)<\/p>\n\n<\/div>\n<\/div>\n<\/div>\n<\/div>\n<\/div>\n<\/div>\n<\/div>\n<\/div>\n<\/div>\n<\/div>","protected":false},"excerpt":{"rendered":"<p>CTD1 &#8211; Trabalhos de Mestrado \ud83d\udcc6\u00a020\/05\/2025 (ter\u00e7a-feira) \ud83d\udd51\u00a008:30-10:00 \ud83d\udccd\u00a0Sala Genipabu Avalia\u00e7\u00e3o de Desempenho de Migra\u00e7\u00e3o de Cont\u00eaineres com Redes de Petri Estoc\u00e1sticas Leonel Feitosa Correia (UFPI), Paulo Antonio Leal Rego (UFC), Francisco Airton Silva (UFPI) Low-Cost Animal and Pedestrian Crossing Detection in Rural Roads using WiFi Sensing and Deep Learning Samuel Ducca (USP), Cintia Borges [&hellip;]<\/p>\n","protected":false},"author":7,"featured_media":0,"parent":0,"menu_order":0,"comment_status":"closed","ping_status":"closed","template":"page-templates\/full-width-page.php","meta":{"footnotes":""},"class_list":["post-7679","page","type-page","status-publish","hentry"],"yoast_head":"<!-- This site is optimized with the Yoast SEO plugin v27.5 - https:\/\/yoast.com\/product\/yoast-seo-wordpress\/ -->\n<title>Apresenta\u00e7\u00f5es - Concurso de Teses e Disserta\u00e7\u00f5es - SBRC 2025<\/title>\n<meta name=\"robots\" content=\"index, follow, max-snippet:-1, max-image-preview:large, max-video-preview:-1\" \/>\n<link rel=\"canonical\" href=\"https:\/\/sbrc.sbc.org.br\/2025\/pt_br\/apresentacoes-concurso-de-teses-e-dissertacoes\/\" \/>\n<meta property=\"og:locale\" content=\"pt_BR\" \/>\n<meta property=\"og:type\" content=\"article\" \/>\n<meta property=\"og:title\" content=\"Apresenta\u00e7\u00f5es - Concurso de Teses e Disserta\u00e7\u00f5es - SBRC 2025\" \/>\n<meta property=\"og:description\" content=\"CTD1 &#8211; Trabalhos de Mestrado \ud83d\udcc6\u00a020\/05\/2025 (ter\u00e7a-feira) \ud83d\udd51\u00a008:30-10:00 \ud83d\udccd\u00a0Sala Genipabu Avalia\u00e7\u00e3o de Desempenho de Migra\u00e7\u00e3o de Cont\u00eaineres com Redes de Petri Estoc\u00e1sticas Leonel Feitosa Correia (UFPI), Paulo Antonio Leal Rego (UFC), Francisco Airton Silva (UFPI) Low-Cost Animal and Pedestrian Crossing Detection in Rural Roads using WiFi Sensing and Deep Learning Samuel Ducca (USP), Cintia Borges [&hellip;]\" \/>\n<meta property=\"og:url\" content=\"https:\/\/sbrc.sbc.org.br\/2025\/pt_br\/apresentacoes-concurso-de-teses-e-dissertacoes\/\" \/>\n<meta property=\"og:site_name\" content=\"SBRC 2025\" \/>\n<meta property=\"article:modified_time\" content=\"2025-05-17T17:02:07+00:00\" \/>\n<meta property=\"og:image\" content=\"https:\/\/sbrc.sbc.org.br\/2025\/wp-content\/uploads\/2025\/05\/icon-pdf.svg\" \/>\n<meta name=\"twitter:card\" content=\"summary_large_image\" \/>\n<meta name=\"twitter:label1\" content=\"Est. tempo de leitura\" \/>\n\t<meta name=\"twitter:data1\" content=\"5 minutos\" \/>\n<script type=\"application\/ld+json\" class=\"yoast-schema-graph\">{\"@context\":\"https:\\\/\\\/schema.org\",\"@graph\":[{\"@type\":\"WebPage\",\"@id\":\"https:\\\/\\\/sbrc.sbc.org.br\\\/2025\\\/apresentacoes-concurso-de-teses-e-dissertacoes\\\/\",\"url\":\"https:\\\/\\\/sbrc.sbc.org.br\\\/2025\\\/apresentacoes-concurso-de-teses-e-dissertacoes\\\/\",\"name\":\"Apresenta\u00e7\u00f5es - Concurso de Teses e Disserta\u00e7\u00f5es - SBRC 2025\",\"isPartOf\":{\"@id\":\"https:\\\/\\\/sbrc.sbc.org.br\\\/2025\\\/#website\"},\"primaryImageOfPage\":{\"@id\":\"https:\\\/\\\/sbrc.sbc.org.br\\\/2025\\\/apresentacoes-concurso-de-teses-e-dissertacoes\\\/#primaryimage\"},\"image\":{\"@id\":\"https:\\\/\\\/sbrc.sbc.org.br\\\/2025\\\/apresentacoes-concurso-de-teses-e-dissertacoes\\\/#primaryimage\"},\"thumbnailUrl\":\"https:\\\/\\\/sbrc.sbc.org.br\\\/2025\\\/wp-content\\\/uploads\\\/2025\\\/05\\\/icon-pdf.svg\",\"datePublished\":\"2025-05-12T15:03:15+00:00\",\"dateModified\":\"2025-05-17T17:02:07+00:00\",\"breadcrumb\":{\"@id\":\"https:\\\/\\\/sbrc.sbc.org.br\\\/2025\\\/apresentacoes-concurso-de-teses-e-dissertacoes\\\/#breadcrumb\"},\"inLanguage\":\"pt-BR\",\"potentialAction\":[{\"@type\":\"ReadAction\",\"target\":[\"https:\\\/\\\/sbrc.sbc.org.br\\\/2025\\\/apresentacoes-concurso-de-teses-e-dissertacoes\\\/\"]}]},{\"@type\":\"ImageObject\",\"inLanguage\":\"pt-BR\",\"@id\":\"https:\\\/\\\/sbrc.sbc.org.br\\\/2025\\\/apresentacoes-concurso-de-teses-e-dissertacoes\\\/#primaryimage\",\"url\":\"https:\\\/\\\/sbrc.sbc.org.br\\\/2025\\\/wp-content\\\/uploads\\\/2025\\\/05\\\/icon-pdf.svg\",\"contentUrl\":\"https:\\\/\\\/sbrc.sbc.org.br\\\/2025\\\/wp-content\\\/uploads\\\/2025\\\/05\\\/icon-pdf.svg\"},{\"@type\":\"BreadcrumbList\",\"@id\":\"https:\\\/\\\/sbrc.sbc.org.br\\\/2025\\\/apresentacoes-concurso-de-teses-e-dissertacoes\\\/#breadcrumb\",\"itemListElement\":[{\"@type\":\"ListItem\",\"position\":1,\"name\":\"In\u00edcio\",\"item\":\"https:\\\/\\\/sbrc.sbc.org.br\\\/2025\\\/\"},{\"@type\":\"ListItem\",\"position\":2,\"name\":\"Apresenta\u00e7\u00f5es &#8211; Concurso de Teses e Disserta\u00e7\u00f5es\"}]},{\"@type\":\"WebSite\",\"@id\":\"https:\\\/\\\/sbrc.sbc.org.br\\\/2025\\\/#website\",\"url\":\"https:\\\/\\\/sbrc.sbc.org.br\\\/2025\\\/\",\"name\":\"SBRC 2025\",\"description\":\"43\u00ba Simp\u00f3sio Brasileiro de Redes de Computadores e Sistemas Distribu\u00eddos\",\"publisher\":{\"@id\":\"https:\\\/\\\/sbrc.sbc.org.br\\\/2025\\\/#organization\"},\"potentialAction\":[{\"@type\":\"SearchAction\",\"target\":{\"@type\":\"EntryPoint\",\"urlTemplate\":\"https:\\\/\\\/sbrc.sbc.org.br\\\/2025\\\/?s={search_term_string}\"},\"query-input\":{\"@type\":\"PropertyValueSpecification\",\"valueRequired\":true,\"valueName\":\"search_term_string\"}}],\"inLanguage\":\"pt-BR\"},{\"@type\":\"Organization\",\"@id\":\"https:\\\/\\\/sbrc.sbc.org.br\\\/2025\\\/#organization\",\"name\":\"SBRC 2025\",\"url\":\"https:\\\/\\\/sbrc.sbc.org.br\\\/2025\\\/\",\"logo\":{\"@type\":\"ImageObject\",\"inLanguage\":\"pt-BR\",\"@id\":\"https:\\\/\\\/sbrc.sbc.org.br\\\/2025\\\/#\\\/schema\\\/logo\\\/image\\\/\",\"url\":\"https:\\\/\\\/sbrc.sbc.org.br\\\/2025\\\/wp-content\\\/uploads\\\/2024\\\/04\\\/cropped-cropped-v2@4x-1.png\",\"contentUrl\":\"https:\\\/\\\/sbrc.sbc.org.br\\\/2025\\\/wp-content\\\/uploads\\\/2024\\\/04\\\/cropped-cropped-v2@4x-1.png\",\"width\":5226,\"height\":4892,\"caption\":\"SBRC 2025\"},\"image\":{\"@id\":\"https:\\\/\\\/sbrc.sbc.org.br\\\/2025\\\/#\\\/schema\\\/logo\\\/image\\\/\"},\"sameAs\":[\"https:\\\/\\\/www.instagram.com\\\/simposio.sbrc\\\/\"]}]}<\/script>\n<!-- \/ Yoast SEO plugin. -->","yoast_head_json":{"title":"Apresenta\u00e7\u00f5es - Concurso de Teses e Disserta\u00e7\u00f5es - SBRC 2025","robots":{"index":"index","follow":"follow","max-snippet":"max-snippet:-1","max-image-preview":"max-image-preview:large","max-video-preview":"max-video-preview:-1"},"canonical":"https:\/\/sbrc.sbc.org.br\/2025\/pt_br\/apresentacoes-concurso-de-teses-e-dissertacoes\/","og_locale":"pt_BR","og_type":"article","og_title":"Apresenta\u00e7\u00f5es - Concurso de Teses e Disserta\u00e7\u00f5es - SBRC 2025","og_description":"CTD1 &#8211; Trabalhos de Mestrado \ud83d\udcc6\u00a020\/05\/2025 (ter\u00e7a-feira) \ud83d\udd51\u00a008:30-10:00 \ud83d\udccd\u00a0Sala Genipabu Avalia\u00e7\u00e3o de Desempenho de Migra\u00e7\u00e3o de Cont\u00eaineres com Redes de Petri Estoc\u00e1sticas Leonel Feitosa Correia (UFPI), Paulo Antonio Leal Rego (UFC), Francisco Airton Silva (UFPI) Low-Cost Animal and Pedestrian Crossing Detection in Rural Roads using WiFi Sensing and Deep Learning Samuel Ducca (USP), Cintia Borges [&hellip;]","og_url":"https:\/\/sbrc.sbc.org.br\/2025\/pt_br\/apresentacoes-concurso-de-teses-e-dissertacoes\/","og_site_name":"SBRC 2025","article_modified_time":"2025-05-17T17:02:07+00:00","og_image":[{"url":"https:\/\/sbrc.sbc.org.br\/2025\/wp-content\/uploads\/2025\/05\/icon-pdf.svg","type":"","width":"","height":""}],"twitter_card":"summary_large_image","twitter_misc":{"Est. tempo de leitura":"5 minutos"},"schema":{"@context":"https:\/\/schema.org","@graph":[{"@type":"WebPage","@id":"https:\/\/sbrc.sbc.org.br\/2025\/apresentacoes-concurso-de-teses-e-dissertacoes\/","url":"https:\/\/sbrc.sbc.org.br\/2025\/apresentacoes-concurso-de-teses-e-dissertacoes\/","name":"Apresenta\u00e7\u00f5es - Concurso de Teses e Disserta\u00e7\u00f5es - SBRC 2025","isPartOf":{"@id":"https:\/\/sbrc.sbc.org.br\/2025\/#website"},"primaryImageOfPage":{"@id":"https:\/\/sbrc.sbc.org.br\/2025\/apresentacoes-concurso-de-teses-e-dissertacoes\/#primaryimage"},"image":{"@id":"https:\/\/sbrc.sbc.org.br\/2025\/apresentacoes-concurso-de-teses-e-dissertacoes\/#primaryimage"},"thumbnailUrl":"https:\/\/sbrc.sbc.org.br\/2025\/wp-content\/uploads\/2025\/05\/icon-pdf.svg","datePublished":"2025-05-12T15:03:15+00:00","dateModified":"2025-05-17T17:02:07+00:00","breadcrumb":{"@id":"https:\/\/sbrc.sbc.org.br\/2025\/apresentacoes-concurso-de-teses-e-dissertacoes\/#breadcrumb"},"inLanguage":"pt-BR","potentialAction":[{"@type":"ReadAction","target":["https:\/\/sbrc.sbc.org.br\/2025\/apresentacoes-concurso-de-teses-e-dissertacoes\/"]}]},{"@type":"ImageObject","inLanguage":"pt-BR","@id":"https:\/\/sbrc.sbc.org.br\/2025\/apresentacoes-concurso-de-teses-e-dissertacoes\/#primaryimage","url":"https:\/\/sbrc.sbc.org.br\/2025\/wp-content\/uploads\/2025\/05\/icon-pdf.svg","contentUrl":"https:\/\/sbrc.sbc.org.br\/2025\/wp-content\/uploads\/2025\/05\/icon-pdf.svg"},{"@type":"BreadcrumbList","@id":"https:\/\/sbrc.sbc.org.br\/2025\/apresentacoes-concurso-de-teses-e-dissertacoes\/#breadcrumb","itemListElement":[{"@type":"ListItem","position":1,"name":"In\u00edcio","item":"https:\/\/sbrc.sbc.org.br\/2025\/"},{"@type":"ListItem","position":2,"name":"Apresenta\u00e7\u00f5es &#8211; Concurso de Teses e Disserta\u00e7\u00f5es"}]},{"@type":"WebSite","@id":"https:\/\/sbrc.sbc.org.br\/2025\/#website","url":"https:\/\/sbrc.sbc.org.br\/2025\/","name":"SBRC 2025","description":"43\u00ba Simp\u00f3sio Brasileiro de Redes de Computadores e Sistemas Distribu\u00eddos","publisher":{"@id":"https:\/\/sbrc.sbc.org.br\/2025\/#organization"},"potentialAction":[{"@type":"SearchAction","target":{"@type":"EntryPoint","urlTemplate":"https:\/\/sbrc.sbc.org.br\/2025\/?s={search_term_string}"},"query-input":{"@type":"PropertyValueSpecification","valueRequired":true,"valueName":"search_term_string"}}],"inLanguage":"pt-BR"},{"@type":"Organization","@id":"https:\/\/sbrc.sbc.org.br\/2025\/#organization","name":"SBRC 2025","url":"https:\/\/sbrc.sbc.org.br\/2025\/","logo":{"@type":"ImageObject","inLanguage":"pt-BR","@id":"https:\/\/sbrc.sbc.org.br\/2025\/#\/schema\/logo\/image\/","url":"https:\/\/sbrc.sbc.org.br\/2025\/wp-content\/uploads\/2024\/04\/cropped-cropped-v2@4x-1.png","contentUrl":"https:\/\/sbrc.sbc.org.br\/2025\/wp-content\/uploads\/2024\/04\/cropped-cropped-v2@4x-1.png","width":5226,"height":4892,"caption":"SBRC 2025"},"image":{"@id":"https:\/\/sbrc.sbc.org.br\/2025\/#\/schema\/logo\/image\/"},"sameAs":["https:\/\/www.instagram.com\/simposio.sbrc\/"]}]}},"_links":{"self":[{"href":"https:\/\/sbrc.sbc.org.br\/2025\/pt_br\/wp-json\/wp\/v2\/pages\/7679","targetHints":{"allow":["GET"]}}],"collection":[{"href":"https:\/\/sbrc.sbc.org.br\/2025\/pt_br\/wp-json\/wp\/v2\/pages"}],"about":[{"href":"https:\/\/sbrc.sbc.org.br\/2025\/pt_br\/wp-json\/wp\/v2\/types\/page"}],"author":[{"embeddable":true,"href":"https:\/\/sbrc.sbc.org.br\/2025\/pt_br\/wp-json\/wp\/v2\/users\/7"}],"replies":[{"embeddable":true,"href":"https:\/\/sbrc.sbc.org.br\/2025\/pt_br\/wp-json\/wp\/v2\/comments?post=7679"}],"version-history":[{"count":9,"href":"https:\/\/sbrc.sbc.org.br\/2025\/pt_br\/wp-json\/wp\/v2\/pages\/7679\/revisions"}],"predecessor-version":[{"id":8269,"href":"https:\/\/sbrc.sbc.org.br\/2025\/pt_br\/wp-json\/wp\/v2\/pages\/7679\/revisions\/8269"}],"wp:attachment":[{"href":"https:\/\/sbrc.sbc.org.br\/2025\/pt_br\/wp-json\/wp\/v2\/media?parent=7679"}],"curies":[{"name":"wp","href":"https:\/\/api.w.org\/{rel}","templated":true}]}}