{"id":7465,"date":"2025-05-09T08:28:56","date_gmt":"2025-05-09T11:28:56","guid":{"rendered":"https:\/\/sbrc.sbc.org.br\/2025\/?page_id=7465"},"modified":"2025-05-16T23:03:09","modified_gmt":"2025-05-17T02:03:09","slug":"demonstracoes-salao-de-ferramentas","status":"publish","type":"page","link":"https:\/\/sbrc.sbc.org.br\/2025\/pt_br\/demonstracoes-salao-de-ferramentas\/","title":{"rendered":"Demonstra\u00e7\u00f5es &#8211; Sal\u00e3o de Ferramentas"},"content":{"rendered":"<div data-colibri-id=\"7465-c1\" class=\"style-1585 style-local-7465-c1 position-relative\">\n  <!---->\n  <div data-colibri-component=\"section\" data-colibri-id=\"7465-c2\" id=\"custom\" class=\"h-section h-section-global-spacing d-flex align-items-lg-center align-items-md-center align-items-center style-1586 style-local-7465-c2 position-relative\">\n    <!---->\n    <!---->\n    <div class=\"h-section-grid-container h-section-boxed-container\">\n      <!---->\n      <div data-colibri-id=\"7465-c3\" class=\"h-row-container gutters-row-lg-2 gutters-row-md-2 gutters-row-0 gutters-row-v-lg-2 gutters-row-v-md-2 gutters-row-v-2 style-1587 style-local-7465-c3 position-relative\">\n        <!---->\n        <div class=\"h-row justify-content-lg-center justify-content-md-center justify-content-center align-items-lg-stretch align-items-md-stretch align-items-stretch gutters-col-lg-2 gutters-col-md-2 gutters-col-0 gutters-col-v-lg-2 gutters-col-v-md-2 gutters-col-v-2\">\n          <!---->\n          <div class=\"h-column h-column-container d-flex h-col-lg-auto h-col-md-auto h-col-auto style-1588-outer style-local-7465-c4-outer\">\n            <div data-colibri-id=\"7465-c4\" class=\"d-flex h-flex-basis h-column__inner h-px-lg-2 h-px-md-2 h-px-2 v-inner-lg-2 v-inner-md-2 v-inner-2 style-1588 style-local-7465-c4 position-relative\">\n              <!---->\n              <!---->\n              <div class=\"w-100 h-y-container h-column__content h-column__v-align flex-basis-100 align-self-lg-start align-self-md-start align-self-start\">\n                <!---->\n                <div data-colibri-id=\"7465-c5\" id=\"tp1\" class=\"h-text h-text-component style-1589 style-local-7465-c5 position-relative h-element\">\n                  <!---->\n                  <!---->\n                  <div class=\"\">\n                    <p>\ud83d\udcc6&nbsp;21\/05\/2025 (ter\u00e7a-feira)\n                      <br>\ud83d\udd51&nbsp;08:30-12:00\n                      <br>\ud83d\udccd&nbsp;Sala Pipa<\/p>\n                    <p><strong>A New WAVE: Exploring New Load Pattern Models for Experimentation in Computer Networks&nbsp;<\/strong>\n                      <a href=\"https:\/\/1drv.ms\/b\/c\/75254e252c7d0ebe\/Ebg1DVIS3uFIoDlmjrSeFfIBoFTUsdkaxnFPjFYT1w1Mwg?e=tVkLDd\" target=\"_blank\" class=\"customize-unpreviewable\"> <img decoding=\"async\" src=\"https:\/\/sbrc.sbc.org.br\/2025\/wp-content\/uploads\/2025\/05\/icon-pdf.svg\" alt=\"PDF\" style=\"width:32px;\"><\/a>\n                      <br>Danilo Cavalcante Beuttenmuller, Matheus Faelson de Almeida Val\u00e9rio (IFPB), Caio Luiz L. T. Silva, Icaro M. da Silva, Paulo Ditarso Maciel Jr. (IFPB), Leandro C. de Almeida (IFPB)<\/p>\n                    <p><strong>AGATA \u2013 Arquitetura para Gerenciamento Autom\u00e1tico de Tarefas de Aprendizado Federado&nbsp;<\/strong>\n                      <a href=\"https:\/\/1drv.ms\/b\/c\/75254e252c7d0ebe\/EYdDOUMNTtlHslxp67chPV0BBWIXfwlBI01R0Ph3q3HFnQ?e=ThgpxW\" target=\"_blank\" class=\"customize-unpreviewable\"> <img decoding=\"async\" src=\"https:\/\/sbrc.sbc.org.br\/2025\/wp-content\/uploads\/2025\/05\/icon-pdf.svg\" alt=\"PDF\" style=\"width:32px;\"><\/a>\n                      <br>Guilherme Thomaz (UFRJ), Fernando Silva (UFRJ), Lucas Airam C. de Souza (UFRJ), Luis Henrique Maciel Kosmalski Costa (UFRJ), Miguel Elias Mitre Campista (UFRJ)<\/p>\n                    <p><strong>Cloud AutoDroid: Um Sistema Distribu\u00eddo Escal\u00e1vel para Execu\u00e7\u00e3o de Ferramentas de IA Generativa&nbsp;<\/strong>\n                      <a href=\"https:\/\/1drv.ms\/b\/c\/75254e252c7d0ebe\/EeIupvVokNpDieFM7Ap82FkBARfqeDy8O8X6-bq2ulMwVQ?e=k4QsXy\" target=\"_blank\"\n                        class=\"customize-unpreviewable\"> <img decoding=\"async\" src=\"https:\/\/sbrc.sbc.org.br\/2025\/wp-content\/uploads\/2025\/05\/icon-pdf.svg\" alt=\"PDF\" style=\"width:32px;\"><\/a>\n                      <br>Luiz Felipe Laviola (UNIPAMPA), Diego Kreutz (UNIPAMPA), Rodrigo Brand\u00e3o Mansilha (UNIPAMPA)<\/p>\n                    <p><strong>Dashboard HackInSDN: Plataforma Web para Experimenta\u00e7\u00e3o em Redes e Ciberseguran\u00e7a atrav\u00e9s de Clusters Kubernetes&nbsp;<\/strong>\n                      <a href=\"https:\/\/1drv.ms\/b\/c\/75254e252c7d0ebe\/EZ994GuvNzBFq7JLsoMA0kgB0NoUB_A2zWRiYhpvL59PtQ?e=vXjlH7\"\n                        target=\"_blank\" class=\"customize-unpreviewable\"> <img decoding=\"async\" src=\"https:\/\/sbrc.sbc.org.br\/2025\/wp-content\/uploads\/2025\/05\/icon-pdf.svg\" alt=\"PDF\" style=\"width:32px;\"><\/a>\n                      <br>Italo Valcy S. Brito (UFBA), Leobino Nascimento Sampaio (UFBA)<\/p>\n                    <p><strong>H\u00f3rus-CDS: O Olho Digital na Seguran\u00e7a das Smart Grids&nbsp;<\/strong>\n                      <a href=\"https:\/\/1drv.ms\/b\/c\/75254e252c7d0ebe\/ETMkxd1zts1EnaL3NcoLfw0BCi-0CIi5woaZLh5AMVnqZg?e=DI3fqS\" target=\"_blank\" class=\"customize-unpreviewable\"> <img decoding=\"async\" src=\"https:\/\/sbrc.sbc.org.br\/2025\/wp-content\/uploads\/2025\/05\/icon-pdf.svg\" alt=\"PDF\" style=\"width:32px;\"><\/a>\n                      <br>Alexandro Oliveira Paula (UnB), Weslei Santos (UESB), Vin\u00edcius Gon\u00e7alves (UnB), Andr\u00e9 Serrano (UnB), Rodolfo Ipolito Meneguette (USP), Roger Immich (UFRN), Geraldo Pereira (UESB)<\/p>\n                    <p><strong>Intelig\u00eancia de Amea\u00e7as Cibern\u00e9ticas para Melhoria na Detec\u00e7\u00e3o e Resposta a Incidentes&nbsp;<\/strong>\n                      <a href=\"https:\/\/1drv.ms\/b\/c\/75254e252c7d0ebe\/ERTPZM-3HA1FgJy1DMlJHBcBPnsoG2bDClwOdLx3rMkSyw?e=ubWBEN\" target=\"_blank\" class=\"customize-unpreviewable\"> <img decoding=\"async\" src=\"https:\/\/sbrc.sbc.org.br\/2025\/wp-content\/uploads\/2025\/05\/icon-pdf.svg\" alt=\"PDF\" style=\"width:32px;\"><\/a>\n                      <br>Gustavo Barros (UnB), Jo\u00e3o Gondim (UnB)<\/p>\n                    <p><strong>Lab Cyber Academy: Um Cyber Range para Treinamento em Seguran\u00e7a da Informa\u00e7\u00e3o Utilizando AWS e IaC&nbsp;<\/strong>\n                      <a href=\"https:\/\/1drv.ms\/b\/c\/75254e252c7d0ebe\/EQXyIxyfR3pHrUAmU6auanABvU05B8OLExUVHanrZLZaLQ?e=OCMI00\" target=\"_blank\"\n                        class=\"customize-unpreviewable\"> <img decoding=\"async\" src=\"https:\/\/sbrc.sbc.org.br\/2025\/wp-content\/uploads\/2025\/05\/icon-pdf.svg\" alt=\"PDF\" style=\"width:32px;\"><\/a>\n                      <br>Vitor Reiel Moura de Lima (UFC), Antonio Rafael Pinheiro Dantas (UFC), Michel Sales (UFC), Jo\u00e3o Marcelo Uch\u00f4a de Alencar (UFC)<\/p>\n                    <p><strong>Mininet-GUI: Uma Abordagem Visual e Interativa para Experimenta\u00e7\u00e3o em Redes SDN&nbsp;<\/strong>\n                      <a href=\"https:\/\/1drv.ms\/b\/c\/75254e252c7d0ebe\/EWzabHAvMyFEoawJRxAa0fcBwRgmczsjGMxyTq2DMsi5-w?e=Wc0xK3\" target=\"_blank\" class=\"customize-unpreviewable\"> <img decoding=\"async\" src=\"https:\/\/sbrc.sbc.org.br\/2025\/wp-content\/uploads\/2025\/05\/icon-pdf.svg\" alt=\"PDF\" style=\"width:32px;\"><\/a>\n                      <br>Lucas Schneider (IFRN), Em\u00eddio de Paiva Neto (IFRN), Felipe Sampaio Dantas Silva (IFRN)<\/p>\n                    <p><strong>Mininet-WPAN: Enabling WPAN and IoT Emulations with 802.15.4 Support&nbsp;<\/strong>\n                      <a href=\"https:\/\/1drv.ms\/b\/c\/75254e252c7d0ebe\/EaHOBQrTFCZOr9k13oRCY34BRqOxb-nTiaazHlv45DHuIQ?e=3Scwwp\" target=\"_blank\" class=\"customize-unpreviewable\"> <img decoding=\"async\" src=\"https:\/\/sbrc.sbc.org.br\/2025\/wp-content\/uploads\/2025\/05\/icon-pdf.svg\" alt=\"PDF\" style=\"width:32px;\"><\/a>\n                      <br>Cassius Filho (UFRN), Tiago Souza, Ramon Fontes (UFRN), Eduardo Coelho Cerqueira (UFPA)<\/p>\n                    <p><strong>NFV-Prime: Uma Ferramenta para Prototipa\u00e7\u00e3o e Visualiza\u00e7\u00e3o de Fun\u00e7\u00f5es Virtualizadas de Rede&nbsp;<\/strong>\n                      <a href=\"https:\/\/1drv.ms\/b\/c\/75254e252c7d0ebe\/EQuc3QLkHRFLocLnE3DtwH0By_N3jhrF5LMIfVgj483LRQ?e=fug152\" target=\"_blank\"\n                        class=\"customize-unpreviewable\"> <img decoding=\"async\" src=\"https:\/\/sbrc.sbc.org.br\/2025\/wp-content\/uploads\/2025\/05\/icon-pdf.svg\" alt=\"PDF\" style=\"width:32px;\"><\/a>\n                      <br>Felipe Ribeiro Quiles (UFPR), Vin\u00edcius F\u00fclber Garcia (UFPR), Elias P. Duarte Jr. (UFPR)<\/p>\n                    <p><strong>ns3-oran-customizable-db: Uma Ferramenta para Constru\u00e7\u00e3o de Base de Dados Personaliz\u00e1vel para Simula\u00e7\u00f5es Open RAN&nbsp;<\/strong>\n                      <a href=\"https:\/\/1drv.ms\/b\/c\/75254e252c7d0ebe\/EdqzOD0ZHVRIlw3jibVIs-IBJDZPDOgpobyuz2U5WVlxHQ?e=IamDh2\"\n                        target=\"_blank\" class=\"customize-unpreviewable\"> <img decoding=\"async\" src=\"https:\/\/sbrc.sbc.org.br\/2025\/wp-content\/uploads\/2025\/05\/icon-pdf.svg\" alt=\"PDF\" style=\"width:32px;\"><\/a>\n                      <br>Felipe Gomes T\u00e1paro (UFRJ), Igor Monteiro Moraes (UFF), Miguel Elias Mitre Campista (UFRJ)<\/p>\n                    <p><strong>Sensor de Software Robusto para Identificar Pessoas em uma Cena de V\u00eddeo&nbsp;<\/strong>\n                      <a href=\"https:\/\/1drv.ms\/b\/c\/75254e252c7d0ebe\/EeQ9UWV7-51OiGHQavfvBNsBRuiQXDx5u8yAhF8yl-8MxA?e=kVD6Mj\" target=\"_blank\" class=\"customize-unpreviewable\"> <img decoding=\"async\" src=\"https:\/\/sbrc.sbc.org.br\/2025\/wp-content\/uploads\/2025\/05\/icon-pdf.svg\" alt=\"PDF\" style=\"width:32px;\"><\/a>\n                      <br>Arthur Hernandez (UERJ), Karran Lemos (UERJ), Evandro Luiz Cardoso Macedo (UERJ), Alexandre Sztajnberg (UERJ)<\/p>\n                    <p><strong>THexCAD: Uma Plataforma de Prototipagem e Simula\u00e7\u00e3o de Cobertura para \u00c1rea com M\u00faltiplos Drones&nbsp;<\/strong>\n                      <a href=\"https:\/\/1drv.ms\/b\/c\/75254e252c7d0ebe\/ET4wa_zTsU1FtEfOicmqjOoBq3PueBJq1NQ6wQHyT4E4_A?e=1Gq1b6\" target=\"_blank\"\n                        class=\"customize-unpreviewable\"> <img decoding=\"async\" src=\"https:\/\/sbrc.sbc.org.br\/2025\/wp-content\/uploads\/2025\/05\/icon-pdf.svg\" alt=\"PDF\" style=\"width:32px;\"><\/a>\n                      <br>Alirio Santos S\u00e1 (UFBA), Maxwell Francisco da Silva (IF Baiano)<\/p>\n                    <p><strong>TrueState-SNA: Uma Solu\u00e7\u00e3o Baseada em SSoT para Automa\u00e7\u00e3o de Redes Heterog\u00eaneas&nbsp;<\/strong>\n                      <a href=\"https:\/\/1drv.ms\/b\/c\/75254e252c7d0ebe\/Efw_P120pUpBhvxT3zpxyWUBP24IcCaeJVjUz7bWO8u2sw?e=jqEp7g\" target=\"_blank\" class=\"customize-unpreviewable\"> <img decoding=\"async\" src=\"https:\/\/sbrc.sbc.org.br\/2025\/wp-content\/uploads\/2025\/05\/icon-pdf.svg\" alt=\"PDF\" style=\"width:32px;\"><\/a>\n                      <br>Jer\u00f4nimo Menezes (UNIPAMPA), Diego Kreutz (UNIPAMPA), Rodrigo Brand\u00e3o Mansilha (UNIPAMPA)<\/p>\n                    <p><strong>UNetyEmu: Unity-Based Simulator for Aerial and Non-Aerial Vehicles with Integrated Network Emulation&nbsp;<\/strong>\n                      <a href=\"https:\/\/1drv.ms\/b\/c\/75254e252c7d0ebe\/EVMFyi0CFGNGrNn30KDROVMB1VBhmfblJquwrevGzKY49g?e=yLUdnJ\" target=\"_blank\"\n                        class=\"customize-unpreviewable\"> <img decoding=\"async\" src=\"https:\/\/sbrc.sbc.org.br\/2025\/wp-content\/uploads\/2025\/05\/icon-pdf.svg\" alt=\"PDF\" style=\"width:32px;\"><\/a>\n                      <br>Mauricio Rodriguez (UNICAMP), Ariel G\u00f3es de Castro (UNICAMP), Ibini Anuar Santana (UNICAMP), Ramon dos Reis Fontes (UFRN), Fabricio Eduardo Rodriguez Cesen (Telefonica Research), Christian Esteve Rothenberg (UNICAMP)<\/p>\n                    <p><strong>VulnSyncAI: PLN e LLMs para Constru\u00e7\u00e3o e Atualiza\u00e7\u00e3o Cont\u00ednua de Datasets de Vulnerabilidades&nbsp;<\/strong>\n                      <a href=\"https:\/\/1drv.ms\/b\/c\/75254e252c7d0ebe\/EVfwkDAwWEVHtHiamrrspaIBGhWUW9lFGHL1x4VzAoH8Lw?e=KFqcEP\" target=\"_blank\"\n                        class=\"customize-unpreviewable\"> <img decoding=\"async\" src=\"https:\/\/sbrc.sbc.org.br\/2025\/wp-content\/uploads\/2025\/05\/icon-pdf.svg\" alt=\"PDF\" style=\"width:32px;\"><\/a>\n                      <br>Douglas Rodrigues Fideles (UFU), Douglas Lautert (UNIPAMPA), Diego Kreutz (UNIPAMPA), Silvio Quincozes (UNIPAMPA)<\/p>\n                  <\/div>\n                <\/div>\n                <div data-colibri-id=\"7465-c6\" class=\"h-divider style-1590 style-local-7465-c6 position-relative h-element\">\n                  <!----><span class=\"h-divider__line style-1590-line style-local-7465-c6-line style-1590-line style-local-7465-c6-line\"><\/span><\/div>\n              <\/div>\n            <\/div>\n          <\/div>\n        <\/div>\n      <\/div>\n    <\/div>\n  <\/div>\n<\/div>","protected":false},"excerpt":{"rendered":"<p>\ud83d\udcc6&nbsp;21\/05\/2025 (ter\u00e7a-feira) \ud83d\udd51&nbsp;08:30-12:00 \ud83d\udccd&nbsp;Sala Pipa A New WAVE: Exploring New Load Pattern Models for Experimentation in Computer Networks&nbsp; Danilo Cavalcante Beuttenmuller, Matheus Faelson de Almeida Val\u00e9rio (IFPB), Caio Luiz L. T. Silva, Icaro M. da Silva, Paulo Ditarso Maciel Jr. (IFPB), Leandro C. de Almeida (IFPB) AGATA \u2013 Arquitetura para Gerenciamento Autom\u00e1tico de Tarefas de [&hellip;]<\/p>\n","protected":false},"author":7,"featured_media":0,"parent":0,"menu_order":0,"comment_status":"closed","ping_status":"closed","template":"page-templates\/full-width-page.php","meta":{"footnotes":""},"class_list":["post-7465","page","type-page","status-publish","hentry"],"yoast_head":"<!-- This site is optimized with the Yoast SEO plugin v27.5 - https:\/\/yoast.com\/product\/yoast-seo-wordpress\/ -->\n<title>Demonstra\u00e7\u00f5es - Sal\u00e3o de Ferramentas - SBRC 2025<\/title>\n<meta name=\"robots\" content=\"index, follow, max-snippet:-1, max-image-preview:large, max-video-preview:-1\" \/>\n<link rel=\"canonical\" href=\"https:\/\/sbrc.sbc.org.br\/2025\/pt_br\/demonstracoes-salao-de-ferramentas\/\" \/>\n<meta property=\"og:locale\" content=\"pt_BR\" \/>\n<meta property=\"og:type\" content=\"article\" \/>\n<meta property=\"og:title\" content=\"Demonstra\u00e7\u00f5es - Sal\u00e3o de Ferramentas - SBRC 2025\" \/>\n<meta property=\"og:description\" content=\"\ud83d\udcc6&nbsp;21\/05\/2025 (ter\u00e7a-feira) \ud83d\udd51&nbsp;08:30-12:00 \ud83d\udccd&nbsp;Sala Pipa A New WAVE: Exploring New Load Pattern Models for Experimentation in Computer Networks&nbsp; Danilo Cavalcante Beuttenmuller, Matheus Faelson de Almeida Val\u00e9rio (IFPB), Caio Luiz L. T. Silva, Icaro M. da Silva, Paulo Ditarso Maciel Jr. (IFPB), Leandro C. de Almeida (IFPB) AGATA \u2013 Arquitetura para Gerenciamento Autom\u00e1tico de Tarefas de [&hellip;]\" \/>\n<meta property=\"og:url\" content=\"https:\/\/sbrc.sbc.org.br\/2025\/pt_br\/demonstracoes-salao-de-ferramentas\/\" \/>\n<meta property=\"og:site_name\" content=\"SBRC 2025\" \/>\n<meta property=\"article:modified_time\" content=\"2025-05-17T02:03:09+00:00\" \/>\n<meta property=\"og:image\" content=\"https:\/\/sbrc.sbc.org.br\/2025\/wp-content\/uploads\/2025\/05\/icon-pdf.svg\" \/>\n<meta name=\"twitter:card\" content=\"summary_large_image\" \/>\n<meta name=\"twitter:label1\" content=\"Est. tempo de leitura\" \/>\n\t<meta name=\"twitter:data1\" content=\"6 minutos\" \/>\n<script type=\"application\/ld+json\" class=\"yoast-schema-graph\">{\"@context\":\"https:\\\/\\\/schema.org\",\"@graph\":[{\"@type\":\"WebPage\",\"@id\":\"https:\\\/\\\/sbrc.sbc.org.br\\\/2025\\\/demonstracoes-salao-de-ferramentas\\\/\",\"url\":\"https:\\\/\\\/sbrc.sbc.org.br\\\/2025\\\/demonstracoes-salao-de-ferramentas\\\/\",\"name\":\"Demonstra\u00e7\u00f5es - Sal\u00e3o de Ferramentas - SBRC 2025\",\"isPartOf\":{\"@id\":\"https:\\\/\\\/sbrc.sbc.org.br\\\/2025\\\/#website\"},\"primaryImageOfPage\":{\"@id\":\"https:\\\/\\\/sbrc.sbc.org.br\\\/2025\\\/demonstracoes-salao-de-ferramentas\\\/#primaryimage\"},\"image\":{\"@id\":\"https:\\\/\\\/sbrc.sbc.org.br\\\/2025\\\/demonstracoes-salao-de-ferramentas\\\/#primaryimage\"},\"thumbnailUrl\":\"https:\\\/\\\/sbrc.sbc.org.br\\\/2025\\\/wp-content\\\/uploads\\\/2025\\\/05\\\/icon-pdf.svg\",\"datePublished\":\"2025-05-09T11:28:56+00:00\",\"dateModified\":\"2025-05-17T02:03:09+00:00\",\"breadcrumb\":{\"@id\":\"https:\\\/\\\/sbrc.sbc.org.br\\\/2025\\\/demonstracoes-salao-de-ferramentas\\\/#breadcrumb\"},\"inLanguage\":\"pt-BR\",\"potentialAction\":[{\"@type\":\"ReadAction\",\"target\":[\"https:\\\/\\\/sbrc.sbc.org.br\\\/2025\\\/demonstracoes-salao-de-ferramentas\\\/\"]}]},{\"@type\":\"ImageObject\",\"inLanguage\":\"pt-BR\",\"@id\":\"https:\\\/\\\/sbrc.sbc.org.br\\\/2025\\\/demonstracoes-salao-de-ferramentas\\\/#primaryimage\",\"url\":\"https:\\\/\\\/sbrc.sbc.org.br\\\/2025\\\/wp-content\\\/uploads\\\/2025\\\/05\\\/icon-pdf.svg\",\"contentUrl\":\"https:\\\/\\\/sbrc.sbc.org.br\\\/2025\\\/wp-content\\\/uploads\\\/2025\\\/05\\\/icon-pdf.svg\"},{\"@type\":\"BreadcrumbList\",\"@id\":\"https:\\\/\\\/sbrc.sbc.org.br\\\/2025\\\/demonstracoes-salao-de-ferramentas\\\/#breadcrumb\",\"itemListElement\":[{\"@type\":\"ListItem\",\"position\":1,\"name\":\"In\u00edcio\",\"item\":\"https:\\\/\\\/sbrc.sbc.org.br\\\/2025\\\/\"},{\"@type\":\"ListItem\",\"position\":2,\"name\":\"Demonstra\u00e7\u00f5es &#8211; Sal\u00e3o de Ferramentas\"}]},{\"@type\":\"WebSite\",\"@id\":\"https:\\\/\\\/sbrc.sbc.org.br\\\/2025\\\/#website\",\"url\":\"https:\\\/\\\/sbrc.sbc.org.br\\\/2025\\\/\",\"name\":\"SBRC 2025\",\"description\":\"43\u00ba Simp\u00f3sio Brasileiro de Redes de Computadores e Sistemas Distribu\u00eddos\",\"publisher\":{\"@id\":\"https:\\\/\\\/sbrc.sbc.org.br\\\/2025\\\/#organization\"},\"potentialAction\":[{\"@type\":\"SearchAction\",\"target\":{\"@type\":\"EntryPoint\",\"urlTemplate\":\"https:\\\/\\\/sbrc.sbc.org.br\\\/2025\\\/?s={search_term_string}\"},\"query-input\":{\"@type\":\"PropertyValueSpecification\",\"valueRequired\":true,\"valueName\":\"search_term_string\"}}],\"inLanguage\":\"pt-BR\"},{\"@type\":\"Organization\",\"@id\":\"https:\\\/\\\/sbrc.sbc.org.br\\\/2025\\\/#organization\",\"name\":\"SBRC 2025\",\"url\":\"https:\\\/\\\/sbrc.sbc.org.br\\\/2025\\\/\",\"logo\":{\"@type\":\"ImageObject\",\"inLanguage\":\"pt-BR\",\"@id\":\"https:\\\/\\\/sbrc.sbc.org.br\\\/2025\\\/#\\\/schema\\\/logo\\\/image\\\/\",\"url\":\"https:\\\/\\\/sbrc.sbc.org.br\\\/2025\\\/wp-content\\\/uploads\\\/2024\\\/04\\\/cropped-cropped-v2@4x-1.png\",\"contentUrl\":\"https:\\\/\\\/sbrc.sbc.org.br\\\/2025\\\/wp-content\\\/uploads\\\/2024\\\/04\\\/cropped-cropped-v2@4x-1.png\",\"width\":5226,\"height\":4892,\"caption\":\"SBRC 2025\"},\"image\":{\"@id\":\"https:\\\/\\\/sbrc.sbc.org.br\\\/2025\\\/#\\\/schema\\\/logo\\\/image\\\/\"},\"sameAs\":[\"https:\\\/\\\/www.instagram.com\\\/simposio.sbrc\\\/\"]}]}<\/script>\n<!-- \/ Yoast SEO plugin. -->","yoast_head_json":{"title":"Demonstra\u00e7\u00f5es - Sal\u00e3o de Ferramentas - SBRC 2025","robots":{"index":"index","follow":"follow","max-snippet":"max-snippet:-1","max-image-preview":"max-image-preview:large","max-video-preview":"max-video-preview:-1"},"canonical":"https:\/\/sbrc.sbc.org.br\/2025\/pt_br\/demonstracoes-salao-de-ferramentas\/","og_locale":"pt_BR","og_type":"article","og_title":"Demonstra\u00e7\u00f5es - Sal\u00e3o de Ferramentas - SBRC 2025","og_description":"\ud83d\udcc6&nbsp;21\/05\/2025 (ter\u00e7a-feira) \ud83d\udd51&nbsp;08:30-12:00 \ud83d\udccd&nbsp;Sala Pipa A New WAVE: Exploring New Load Pattern Models for Experimentation in Computer Networks&nbsp; Danilo Cavalcante Beuttenmuller, Matheus Faelson de Almeida Val\u00e9rio (IFPB), Caio Luiz L. T. Silva, Icaro M. da Silva, Paulo Ditarso Maciel Jr. (IFPB), Leandro C. de Almeida (IFPB) AGATA \u2013 Arquitetura para Gerenciamento Autom\u00e1tico de Tarefas de [&hellip;]","og_url":"https:\/\/sbrc.sbc.org.br\/2025\/pt_br\/demonstracoes-salao-de-ferramentas\/","og_site_name":"SBRC 2025","article_modified_time":"2025-05-17T02:03:09+00:00","og_image":[{"url":"https:\/\/sbrc.sbc.org.br\/2025\/wp-content\/uploads\/2025\/05\/icon-pdf.svg","type":"","width":"","height":""}],"twitter_card":"summary_large_image","twitter_misc":{"Est. tempo de leitura":"6 minutos"},"schema":{"@context":"https:\/\/schema.org","@graph":[{"@type":"WebPage","@id":"https:\/\/sbrc.sbc.org.br\/2025\/demonstracoes-salao-de-ferramentas\/","url":"https:\/\/sbrc.sbc.org.br\/2025\/demonstracoes-salao-de-ferramentas\/","name":"Demonstra\u00e7\u00f5es - Sal\u00e3o de Ferramentas - SBRC 2025","isPartOf":{"@id":"https:\/\/sbrc.sbc.org.br\/2025\/#website"},"primaryImageOfPage":{"@id":"https:\/\/sbrc.sbc.org.br\/2025\/demonstracoes-salao-de-ferramentas\/#primaryimage"},"image":{"@id":"https:\/\/sbrc.sbc.org.br\/2025\/demonstracoes-salao-de-ferramentas\/#primaryimage"},"thumbnailUrl":"https:\/\/sbrc.sbc.org.br\/2025\/wp-content\/uploads\/2025\/05\/icon-pdf.svg","datePublished":"2025-05-09T11:28:56+00:00","dateModified":"2025-05-17T02:03:09+00:00","breadcrumb":{"@id":"https:\/\/sbrc.sbc.org.br\/2025\/demonstracoes-salao-de-ferramentas\/#breadcrumb"},"inLanguage":"pt-BR","potentialAction":[{"@type":"ReadAction","target":["https:\/\/sbrc.sbc.org.br\/2025\/demonstracoes-salao-de-ferramentas\/"]}]},{"@type":"ImageObject","inLanguage":"pt-BR","@id":"https:\/\/sbrc.sbc.org.br\/2025\/demonstracoes-salao-de-ferramentas\/#primaryimage","url":"https:\/\/sbrc.sbc.org.br\/2025\/wp-content\/uploads\/2025\/05\/icon-pdf.svg","contentUrl":"https:\/\/sbrc.sbc.org.br\/2025\/wp-content\/uploads\/2025\/05\/icon-pdf.svg"},{"@type":"BreadcrumbList","@id":"https:\/\/sbrc.sbc.org.br\/2025\/demonstracoes-salao-de-ferramentas\/#breadcrumb","itemListElement":[{"@type":"ListItem","position":1,"name":"In\u00edcio","item":"https:\/\/sbrc.sbc.org.br\/2025\/"},{"@type":"ListItem","position":2,"name":"Demonstra\u00e7\u00f5es &#8211; Sal\u00e3o de Ferramentas"}]},{"@type":"WebSite","@id":"https:\/\/sbrc.sbc.org.br\/2025\/#website","url":"https:\/\/sbrc.sbc.org.br\/2025\/","name":"SBRC 2025","description":"43\u00ba Simp\u00f3sio Brasileiro de Redes de Computadores e Sistemas Distribu\u00eddos","publisher":{"@id":"https:\/\/sbrc.sbc.org.br\/2025\/#organization"},"potentialAction":[{"@type":"SearchAction","target":{"@type":"EntryPoint","urlTemplate":"https:\/\/sbrc.sbc.org.br\/2025\/?s={search_term_string}"},"query-input":{"@type":"PropertyValueSpecification","valueRequired":true,"valueName":"search_term_string"}}],"inLanguage":"pt-BR"},{"@type":"Organization","@id":"https:\/\/sbrc.sbc.org.br\/2025\/#organization","name":"SBRC 2025","url":"https:\/\/sbrc.sbc.org.br\/2025\/","logo":{"@type":"ImageObject","inLanguage":"pt-BR","@id":"https:\/\/sbrc.sbc.org.br\/2025\/#\/schema\/logo\/image\/","url":"https:\/\/sbrc.sbc.org.br\/2025\/wp-content\/uploads\/2024\/04\/cropped-cropped-v2@4x-1.png","contentUrl":"https:\/\/sbrc.sbc.org.br\/2025\/wp-content\/uploads\/2024\/04\/cropped-cropped-v2@4x-1.png","width":5226,"height":4892,"caption":"SBRC 2025"},"image":{"@id":"https:\/\/sbrc.sbc.org.br\/2025\/#\/schema\/logo\/image\/"},"sameAs":["https:\/\/www.instagram.com\/simposio.sbrc\/"]}]}},"_links":{"self":[{"href":"https:\/\/sbrc.sbc.org.br\/2025\/pt_br\/wp-json\/wp\/v2\/pages\/7465","targetHints":{"allow":["GET"]}}],"collection":[{"href":"https:\/\/sbrc.sbc.org.br\/2025\/pt_br\/wp-json\/wp\/v2\/pages"}],"about":[{"href":"https:\/\/sbrc.sbc.org.br\/2025\/pt_br\/wp-json\/wp\/v2\/types\/page"}],"author":[{"embeddable":true,"href":"https:\/\/sbrc.sbc.org.br\/2025\/pt_br\/wp-json\/wp\/v2\/users\/7"}],"replies":[{"embeddable":true,"href":"https:\/\/sbrc.sbc.org.br\/2025\/pt_br\/wp-json\/wp\/v2\/comments?post=7465"}],"version-history":[{"count":8,"href":"https:\/\/sbrc.sbc.org.br\/2025\/pt_br\/wp-json\/wp\/v2\/pages\/7465\/revisions"}],"predecessor-version":[{"id":8086,"href":"https:\/\/sbrc.sbc.org.br\/2025\/pt_br\/wp-json\/wp\/v2\/pages\/7465\/revisions\/8086"}],"wp:attachment":[{"href":"https:\/\/sbrc.sbc.org.br\/2025\/pt_br\/wp-json\/wp\/v2\/media?parent=7465"}],"curies":[{"name":"wp","href":"https:\/\/api.w.org\/{rel}","templated":true}]}}