{"id":7153,"date":"2025-04-07T16:19:26","date_gmt":"2025-04-07T19:19:26","guid":{"rendered":"https:\/\/sbrc.sbc.org.br\/2025\/?page_id=7153"},"modified":"2025-04-07T16:39:35","modified_gmt":"2025-04-07T19:39:35","slug":"wrnp","status":"publish","type":"page","link":"https:\/\/sbrc.sbc.org.br\/2025\/pt_br\/wrnp\/","title":{"rendered":"XVI Workshop da Rede Nacional de Ensino e Pesquisa (WRNP 2025)"},"content":{"rendered":"<div data-colibri-id=\"7153-c1\" class=\"style-1424 style-local-7153-c1 position-relative\">\r\n  <!---->\r\n  <div data-colibri-component=\"section\" data-colibri-id=\"7153-c2\" id=\"custom\" class=\"h-section h-section-global-spacing d-flex align-items-lg-center align-items-md-center align-items-center style-1425 style-local-7153-c2 position-relative\">\r\n    <!---->\r\n    <!---->\r\n    <div class=\"h-section-grid-container h-section-boxed-container\">\r\n      <!---->\r\n      <div data-colibri-id=\"7153-c3\" class=\"h-row-container gutters-row-lg-2 gutters-row-md-2 gutters-row-0 gutters-row-v-lg-2 gutters-row-v-md-2 gutters-row-v-2 style-1428 style-local-7153-c3 position-relative\">\r\n        <!---->\r\n        <div class=\"h-row justify-content-lg-center justify-content-md-center justify-content-center align-items-lg-stretch align-items-md-stretch align-items-stretch gutters-col-lg-2 gutters-col-md-2 gutters-col-0 gutters-col-v-lg-2 gutters-col-v-md-2 gutters-col-v-2\">\r\n          <!---->\r\n          <div class=\"h-column h-column-container d-flex h-col-lg-auto h-col-md-auto h-col-auto style-1429-outer style-local-7153-c4-outer\">\r\n            <div data-colibri-id=\"7153-c4\" class=\"d-flex h-flex-basis h-column__inner h-px-lg-2 h-px-md-2 h-px-2 v-inner-lg-2 v-inner-md-2 v-inner-2 style-1429 style-local-7153-c4 position-relative\">\r\n              <!---->\r\n              <!---->\r\n              <div class=\"w-100 h-y-container h-column__content h-column__v-align flex-basis-100 align-self-lg-start align-self-md-start align-self-start\">\r\n                <!---->\r\n                <div data-colibri-id=\"7153-c5\" class=\"d-block style-1430 style-local-7153-c5 position-relative h-element\">\r\n                  <!---->\r\n                  <div class=\"h-image__frame-container-outer\">\r\n                    <a href=\"http:\/\/wrnp.rnp.br\/\" h-use-smooth-scroll=\"true\" class=\"image-link\">\r\n                      <div class=\"h-image__frame-container\">\r\n                        <!---->\r\n                        <!---->\r\n                        <img loading=\"lazy\" decoding=\"async\" width=\"950\" height=\"285\" src=\"https:\/\/sbrc.sbc.org.br\/2025\/wp-content\/uploads\/2025\/04\/image.png\" class=\"wp-image-7156 style-1430-image style-local-7153-c5-image\" alt=\"\" srcset=\"https:\/\/sbrc.sbc.org.br\/2025\/wp-content\/uploads\/2025\/04\/image.png 950w, https:\/\/sbrc.sbc.org.br\/2025\/wp-content\/uploads\/2025\/04\/image-300x90.png 300w, https:\/\/sbrc.sbc.org.br\/2025\/wp-content\/uploads\/2025\/04\/image-768x230.png 768w, https:\/\/sbrc.sbc.org.br\/2025\/wp-content\/uploads\/2025\/04\/image-18x5.png 18w\" sizes=\"auto, (max-width: 950px) 100vw, 950px\" \/>\r\n                        <div class=\"h-image__frame h-hide-lg h-hide-md h-hide-sm style-1430-frameImage style-local-7153-c5-frameImage\"><\/div>\r\n                      <\/div>\r\n                    <\/a>\r\n                  <\/div>\r\n                <\/div>\r\n              <\/div>\r\n            <\/div>\r\n          <\/div>\r\n        <\/div>\r\n      <\/div>\r\n      <div data-colibri-id=\"7153-c6\" class=\"h-row-container gutters-row-lg-2 gutters-row-md-2 gutters-row-0 gutters-row-v-lg-2 gutters-row-v-md-2 gutters-row-v-2 style-1426 style-local-7153-c6 position-relative\">\r\n        <!---->\r\n        <div class=\"h-row justify-content-lg-center justify-content-md-center justify-content-center align-items-lg-stretch align-items-md-stretch align-items-stretch gutters-col-lg-2 gutters-col-md-2 gutters-col-0 gutters-col-v-lg-2 gutters-col-v-md-2 gutters-col-v-2\">\r\n          <!---->\r\n          <div class=\"h-column h-column-container d-flex h-col-lg-auto h-col-md-auto h-col-auto style-1427-outer style-local-7153-c7-outer\">\r\n            <div data-colibri-id=\"7153-c7\" class=\"d-flex h-flex-basis h-column__inner h-px-lg-2 h-px-md-2 h-px-2 v-inner-lg-2 v-inner-md-2 v-inner-2 style-1427 style-local-7153-c7 position-relative\">\r\n              <!---->\r\n              <!---->\r\n              <div class=\"w-100 h-y-container h-column__content h-column__v-align flex-basis-100 align-self-lg-start align-self-md-start align-self-start\">\r\n                <!---->\r\n                <div data-colibri-id=\"7153-c8\" class=\"h-text h-text-component style-1431 style-local-7153-c8 position-relative h-element\">\r\n                  <!---->\r\n                  <!---->\r\n                  <div class=\"\">\r\n                    <h2>Sobre o evento<\/h2>\r\n                    <p>Continuando uma tradi\u00e7\u00e3o hist\u00f3rica, o <strong>Workshop da Rede Nacional de Ensino e Pesquisa (WRNP)<\/strong> ocorrer\u00e1 em paralelo ao SBRC 2025, nos dois primeiros dias do evento, 19 e 20\/05\/2025. O WRNP tem por objetivo aproximar o\r\n                      p\u00fablico dos avan\u00e7os tecnol\u00f3gicos e dos principais t\u00f3picos em discuss\u00e3o na \u00e1rea de pesquisa e desenvolvimento de tecnologias de informa\u00e7\u00e3o e comunica\u00e7\u00e3o (TIC), dentro e fora do Brasil. Tamb\u00e9m tem como objetivo ampliar a visibilidade\r\n                      de iniciativas e servi\u00e7os da RNP para a comunidade e a sociedade, estabelecer um canal de comunica\u00e7\u00e3o entre organiza\u00e7\u00f5es, pesquisadores, governo, empresas e <em>startups<\/em>, construir uma vis\u00e3o de futuro comum e inovadora que contribua\r\n                      para o uso de TIC na educa\u00e7\u00e3o e pesquisa e apoiar o desenvolvimento de profissionais envolvidos com educa\u00e7\u00e3o e pesquisa.<\/p>\r\n                    <p>A programa\u00e7\u00e3o do WRNP consiste de palestras sobre redes avan\u00e7adas e suas aplica\u00e7\u00f5es e demonstra\u00e7\u00e3o de prot\u00f3tipos de produtos e servi\u00e7os, oriundos de projetos de pesquisa e desenvolvimento. Para maiores detalhes do WRNP, acesse o\r\n                      <a\r\n                        href=\"http:\/\/wrnp.rnp.br\">site do evento<\/a>.<\/p>\r\n                    <h2>Inscri\u00e7\u00e3o no WRNP<\/h2>\r\n                    <p>\u00c9 poss\u00edvel fazer tanto uma inscri\u00e7\u00e3o \u00fanica no WRNP em conjunto com o SBRC 2025, mediante o pagamento de&nbsp;<strong>taxa adicional de inscri\u00e7\u00e3o<\/strong>, quanto inscrever-se somente no WRNP. No entanto,&nbsp;<strong>a inscri\u00e7\u00e3o somente no WRNP n\u00e3o concede acesso \u00e0s atividades do SBRC 2025<\/strong>                      e&nbsp;<strong>a inscri\u00e7\u00e3o somente no SBRC 2025 n\u00e3o concede acesso \u00e0s atividades do WRNP<\/strong>. Clique\r\n                      <a href=\"https:\/\/centraldesistemas.sbc.org.br\/ecos\/sbrc2025\">aqui<\/a> para acessar o sistema ECOS da SBC e se inscrever no SBRC e\/ou no WRNP.<\/p>\r\n                  <\/div>\r\n                <\/div>\r\n              <\/div>\r\n            <\/div>\r\n          <\/div>\r\n        <\/div>\r\n      <\/div>\r\n      <div data-colibri-id=\"7153-c9\" class=\"h-row-container gutters-row-lg-0 gutters-row-md-0 gutters-row-0 gutters-row-v-lg-0 gutters-row-v-md-0 gutters-row-v-0 style-1447 style-local-7153-c9 position-relative\">\r\n        <!---->\r\n        <div class=\"h-row justify-content-lg-center justify-content-md-center justify-content-center align-items-lg-stretch align-items-md-stretch align-items-stretch gutters-col-lg-0 gutters-col-md-0 gutters-col-0 gutters-col-v-lg-0 gutters-col-v-md-0 gutters-col-v-0\">\r\n          <!---->\r\n          <div class=\"h-column h-column-container d-flex h-col-lg-auto h-col-md-auto h-col-auto style-1448-outer style-local-7153-c10-outer\">\r\n            <div data-colibri-id=\"7153-c10\" class=\"d-flex h-flex-basis h-column__inner h-px-lg-0 h-px-md-0 h-px-0 v-inner-lg-0 v-inner-md-0 v-inner-0 style-1448 style-local-7153-c10 position-relative\">\r\n              <!---->\r\n              <!---->\r\n              <div class=\"w-100 h-y-container h-column__content h-column__v-align flex-basis-100 align-self-lg-start align-self-md-start align-self-start\">\r\n                <!---->\r\n                <div data-colibri-id=\"7153-c11\" class=\"h-text h-text-component style-1450 style-local-7153-c11 position-relative h-element\">\r\n                  <!---->\r\n                  <!---->\r\n                  <div class=\"\">\r\n                    <h2>Organiza\u00e7\u00e3o<\/h2>\r\n                  <\/div>\r\n                <\/div>\r\n              <\/div>\r\n            <\/div>\r\n          <\/div>\r\n        <\/div>\r\n      <\/div>\r\n      <div data-colibri-id=\"7153-c12\" class=\"h-row-container gutters-row-lg-2 gutters-row-md-2 gutters-row-0 gutters-row-v-lg-2 gutters-row-v-md-2 gutters-row-v-2 style-1435 style-local-7153-c12 position-relative\">\r\n        <!---->\r\n        <div class=\"h-row justify-content-lg-center justify-content-md-center justify-content-center align-items-lg-stretch align-items-md-stretch align-items-stretch gutters-col-lg-2 gutters-col-md-2 gutters-col-0 gutters-col-v-lg-2 gutters-col-v-md-2 gutters-col-v-2\">\r\n          <!---->\r\n          <div class=\"h-column h-column-container d-flex h-col-lg-auto h-col-md-auto h-col-auto style-1436-outer style-local-7153-c13-outer\">\r\n            <div data-colibri-id=\"7153-c13\" class=\"d-flex h-flex-basis h-column__inner h-px-lg-2 h-px-md-2 h-px-2 v-inner-lg-2 v-inner-md-2 v-inner-2 style-1436 style-local-7153-c13 position-relative\">\r\n              <!---->\r\n              <!---->\r\n              <div class=\"w-100 h-y-container h-column__content h-column__v-align flex-basis-100 align-self-lg-start align-self-md-start align-self-start\">\r\n                <!---->\r\n                <div data-colibri-id=\"7153-c14\" class=\"h-text h-text-component style-1434 style-local-7153-c14 position-relative h-element\">\r\n                  <!---->\r\n                  <!---->\r\n                  <div class=\"\">\r\n                    <p><strong>Coordena\u00e7\u00e3o<\/strong>\r\n                      <br>Iara Machado<\/p>\r\n                    <p><strong>Coordena\u00e7\u00e3o Executiva<\/strong>\r\n                      <br>Leandro Ciuffo\r\n                      <br>Leandro Barreto\r\n                      <br>B\u00e1rbara Evellyn Santos<\/p>\r\n                    <p><strong>Coordena\u00e7\u00e3o de Eventos<\/strong>\r\n                      <br>Karina Pena Barbosa<\/p>\r\n                    <p><strong>Coordena\u00e7\u00e3o do Espa\u00e7o Inova<\/strong>\r\n                      <br>Rafael Valle<\/p>\r\n                    <p><strong>Coordena\u00e7\u00e3o da Revista WRNP<\/strong>\r\n                      <br>Larriza Thurler\r\n                      <br>\r\n                      <br><strong style=\"font-size: 16px; font-family: &quot;Open Sans&quot;; color: rgb(77, 77, 77);\">Coordena\u00e7\u00e3o do Comit\u00ea de Programa<br><\/strong><span style=\"font-weight: 400; font-size: 16px; font-family: &quot;Open Sans&quot;; color: rgb(77, 77, 77);\">Jos\u00e9 Ferreira Rezende<\/span>\r\n                      <br>\r\n                    <\/p>\r\n                  <\/div>\r\n                <\/div>\r\n              <\/div>\r\n            <\/div>\r\n          <\/div>\r\n          <div class=\"h-column h-column-container d-flex h-col-lg-auto h-col-md-auto h-col-auto style-1440-outer style-local-7153-c15-outer\">\r\n            <div data-colibri-id=\"7153-c15\" class=\"d-flex h-flex-basis h-column__inner h-px-lg-2 h-px-md-2 h-px-2 v-inner-lg-2 v-inner-md-2 v-inner-2 style-1440 style-local-7153-c15 position-relative\">\r\n              <!---->\r\n              <!---->\r\n              <div class=\"w-100 h-y-container h-column__content h-column__v-align flex-basis-100 align-self-lg-start align-self-md-start align-self-start\">\r\n                <!---->\r\n                <div data-colibri-id=\"7153-c16\" class=\"h-text h-text-component style-1439 style-local-7153-c16 position-relative h-element\">\r\n                  <!---->\r\n                  <!---->\r\n                  <div class=\"\">\r\n                    <p>\r\n                      <br>\r\n                    <\/p>\r\n                    <p><strong><br>Coordena\u00e7\u00e3o da Infraestrutura de TIC e Audiovisual<\/strong>\r\n                      <br>Edivan Custodio<\/p>\r\n                    <p><strong>Comunica\u00e7\u00e3o e Marketing<\/strong>\r\n                      <br>Ana Carolina Landi\r\n                      <br>Jaime de Sousa\r\n                      <br>Leonie Gouveia\r\n                      <br>Rafael Horigome<\/p>\r\n                    <p><strong>Apoio Administrativo, Inscri\u00e7\u00f5es, Viagens e Tesouraria<\/strong>\r\n                      <br>Simone Albino Silva\r\n                      <br>Danielle Tude de Souza\r\n                      <br>Larissa Sales<\/p>\r\n                  <\/div>\r\n                <\/div>\r\n              <\/div>\r\n            <\/div>\r\n          <\/div>\r\n        <\/div>\r\n      <\/div>\r\n    <\/div>\r\n  <\/div>\r\n<\/div>","protected":false},"excerpt":{"rendered":"<p>Sobre o evento Continuando uma tradi\u00e7\u00e3o hist\u00f3rica, o Workshop da Rede Nacional de Ensino e Pesquisa (WRNP) ocorrer\u00e1 em paralelo ao SBRC 2025, nos dois primeiros dias do evento, 19 e 20\/05\/2025. O WRNP tem por objetivo aproximar o p\u00fablico dos avan\u00e7os tecnol\u00f3gicos e dos principais t\u00f3picos em discuss\u00e3o na \u00e1rea de pesquisa e desenvolvimento [&hellip;]<\/p>\n","protected":false},"author":7,"featured_media":0,"parent":0,"menu_order":0,"comment_status":"closed","ping_status":"closed","template":"page-templates\/full-width-page.php","meta":{"footnotes":""},"class_list":["post-7153","page","type-page","status-publish","hentry"],"yoast_head":"<!-- This site is optimized with the Yoast SEO plugin v27.5 - https:\/\/yoast.com\/product\/yoast-seo-wordpress\/ -->\n<title>XVI Workshop da Rede Nacional de Ensino e Pesquisa (WRNP 2025) - SBRC 2025<\/title>\n<meta name=\"robots\" content=\"index, follow, max-snippet:-1, max-image-preview:large, max-video-preview:-1\" \/>\n<link rel=\"canonical\" href=\"https:\/\/sbrc.sbc.org.br\/2025\/pt_br\/wrnp\/\" \/>\n<meta property=\"og:locale\" content=\"pt_BR\" \/>\n<meta property=\"og:type\" content=\"article\" \/>\n<meta property=\"og:title\" content=\"XVI Workshop da Rede Nacional de Ensino e Pesquisa (WRNP 2025) - SBRC 2025\" \/>\n<meta property=\"og:description\" content=\"Sobre o evento Continuando uma tradi\u00e7\u00e3o hist\u00f3rica, o Workshop da Rede Nacional de Ensino e Pesquisa (WRNP) ocorrer\u00e1 em paralelo ao SBRC 2025, nos dois primeiros dias do evento, 19 e 20\/05\/2025. O WRNP tem por objetivo aproximar o p\u00fablico dos avan\u00e7os tecnol\u00f3gicos e dos principais t\u00f3picos em discuss\u00e3o na \u00e1rea de pesquisa e desenvolvimento [&hellip;]\" \/>\n<meta property=\"og:url\" content=\"https:\/\/sbrc.sbc.org.br\/2025\/pt_br\/wrnp\/\" \/>\n<meta property=\"og:site_name\" content=\"SBRC 2025\" \/>\n<meta property=\"article:modified_time\" content=\"2025-04-07T19:39:35+00:00\" \/>\n<meta property=\"og:image\" content=\"https:\/\/sbrc.sbc.org.br\/2025\/wp-content\/uploads\/2025\/04\/image.png\" \/>\n\t<meta property=\"og:image:width\" content=\"950\" \/>\n\t<meta property=\"og:image:height\" content=\"285\" \/>\n\t<meta property=\"og:image:type\" content=\"image\/png\" \/>\n<meta name=\"twitter:card\" content=\"summary_large_image\" \/>\n<meta name=\"twitter:label1\" content=\"Est. tempo de leitura\" \/>\n\t<meta name=\"twitter:data1\" content=\"2 minutos\" \/>\n<script type=\"application\/ld+json\" class=\"yoast-schema-graph\">{\"@context\":\"https:\\\/\\\/schema.org\",\"@graph\":[{\"@type\":\"WebPage\",\"@id\":\"https:\\\/\\\/sbrc.sbc.org.br\\\/2025\\\/wrnp\\\/\",\"url\":\"https:\\\/\\\/sbrc.sbc.org.br\\\/2025\\\/wrnp\\\/\",\"name\":\"XVI Workshop da Rede Nacional de Ensino e Pesquisa (WRNP 2025) - SBRC 2025\",\"isPartOf\":{\"@id\":\"https:\\\/\\\/sbrc.sbc.org.br\\\/2025\\\/#website\"},\"primaryImageOfPage\":{\"@id\":\"https:\\\/\\\/sbrc.sbc.org.br\\\/2025\\\/wrnp\\\/#primaryimage\"},\"image\":{\"@id\":\"https:\\\/\\\/sbrc.sbc.org.br\\\/2025\\\/wrnp\\\/#primaryimage\"},\"thumbnailUrl\":\"https:\\\/\\\/sbrc.sbc.org.br\\\/2025\\\/wp-content\\\/uploads\\\/2025\\\/04\\\/image.png\",\"datePublished\":\"2025-04-07T19:19:26+00:00\",\"dateModified\":\"2025-04-07T19:39:35+00:00\",\"breadcrumb\":{\"@id\":\"https:\\\/\\\/sbrc.sbc.org.br\\\/2025\\\/wrnp\\\/#breadcrumb\"},\"inLanguage\":\"pt-BR\",\"potentialAction\":[{\"@type\":\"ReadAction\",\"target\":[\"https:\\\/\\\/sbrc.sbc.org.br\\\/2025\\\/wrnp\\\/\"]}]},{\"@type\":\"ImageObject\",\"inLanguage\":\"pt-BR\",\"@id\":\"https:\\\/\\\/sbrc.sbc.org.br\\\/2025\\\/wrnp\\\/#primaryimage\",\"url\":\"https:\\\/\\\/sbrc.sbc.org.br\\\/2025\\\/wp-content\\\/uploads\\\/2025\\\/04\\\/image.png\",\"contentUrl\":\"https:\\\/\\\/sbrc.sbc.org.br\\\/2025\\\/wp-content\\\/uploads\\\/2025\\\/04\\\/image.png\"},{\"@type\":\"BreadcrumbList\",\"@id\":\"https:\\\/\\\/sbrc.sbc.org.br\\\/2025\\\/wrnp\\\/#breadcrumb\",\"itemListElement\":[{\"@type\":\"ListItem\",\"position\":1,\"name\":\"In\u00edcio\",\"item\":\"https:\\\/\\\/sbrc.sbc.org.br\\\/2025\\\/\"},{\"@type\":\"ListItem\",\"position\":2,\"name\":\"XVI Workshop da Rede Nacional de Ensino e Pesquisa (WRNP 2025)\"}]},{\"@type\":\"WebSite\",\"@id\":\"https:\\\/\\\/sbrc.sbc.org.br\\\/2025\\\/#website\",\"url\":\"https:\\\/\\\/sbrc.sbc.org.br\\\/2025\\\/\",\"name\":\"SBRC 2025\",\"description\":\"43\u00ba Simp\u00f3sio Brasileiro de Redes de Computadores e Sistemas Distribu\u00eddos\",\"publisher\":{\"@id\":\"https:\\\/\\\/sbrc.sbc.org.br\\\/2025\\\/#organization\"},\"potentialAction\":[{\"@type\":\"SearchAction\",\"target\":{\"@type\":\"EntryPoint\",\"urlTemplate\":\"https:\\\/\\\/sbrc.sbc.org.br\\\/2025\\\/?s={search_term_string}\"},\"query-input\":{\"@type\":\"PropertyValueSpecification\",\"valueRequired\":true,\"valueName\":\"search_term_string\"}}],\"inLanguage\":\"pt-BR\"},{\"@type\":\"Organization\",\"@id\":\"https:\\\/\\\/sbrc.sbc.org.br\\\/2025\\\/#organization\",\"name\":\"SBRC 2025\",\"url\":\"https:\\\/\\\/sbrc.sbc.org.br\\\/2025\\\/\",\"logo\":{\"@type\":\"ImageObject\",\"inLanguage\":\"pt-BR\",\"@id\":\"https:\\\/\\\/sbrc.sbc.org.br\\\/2025\\\/#\\\/schema\\\/logo\\\/image\\\/\",\"url\":\"https:\\\/\\\/sbrc.sbc.org.br\\\/2025\\\/wp-content\\\/uploads\\\/2024\\\/04\\\/cropped-cropped-v2@4x-1.png\",\"contentUrl\":\"https:\\\/\\\/sbrc.sbc.org.br\\\/2025\\\/wp-content\\\/uploads\\\/2024\\\/04\\\/cropped-cropped-v2@4x-1.png\",\"width\":5226,\"height\":4892,\"caption\":\"SBRC 2025\"},\"image\":{\"@id\":\"https:\\\/\\\/sbrc.sbc.org.br\\\/2025\\\/#\\\/schema\\\/logo\\\/image\\\/\"},\"sameAs\":[\"https:\\\/\\\/www.instagram.com\\\/simposio.sbrc\\\/\"]}]}<\/script>\n<!-- \/ Yoast SEO plugin. -->","yoast_head_json":{"title":"XVI Workshop da Rede Nacional de Ensino e Pesquisa (WRNP 2025) - SBRC 2025","robots":{"index":"index","follow":"follow","max-snippet":"max-snippet:-1","max-image-preview":"max-image-preview:large","max-video-preview":"max-video-preview:-1"},"canonical":"https:\/\/sbrc.sbc.org.br\/2025\/pt_br\/wrnp\/","og_locale":"pt_BR","og_type":"article","og_title":"XVI Workshop da Rede Nacional de Ensino e Pesquisa (WRNP 2025) - SBRC 2025","og_description":"Sobre o evento Continuando uma tradi\u00e7\u00e3o hist\u00f3rica, o Workshop da Rede Nacional de Ensino e Pesquisa (WRNP) ocorrer\u00e1 em paralelo ao SBRC 2025, nos dois primeiros dias do evento, 19 e 20\/05\/2025. O WRNP tem por objetivo aproximar o p\u00fablico dos avan\u00e7os tecnol\u00f3gicos e dos principais t\u00f3picos em discuss\u00e3o na \u00e1rea de pesquisa e desenvolvimento [&hellip;]","og_url":"https:\/\/sbrc.sbc.org.br\/2025\/pt_br\/wrnp\/","og_site_name":"SBRC 2025","article_modified_time":"2025-04-07T19:39:35+00:00","og_image":[{"width":950,"height":285,"url":"https:\/\/sbrc.sbc.org.br\/2025\/wp-content\/uploads\/2025\/04\/image.png","type":"image\/png"}],"twitter_card":"summary_large_image","twitter_misc":{"Est. tempo de leitura":"2 minutos"},"schema":{"@context":"https:\/\/schema.org","@graph":[{"@type":"WebPage","@id":"https:\/\/sbrc.sbc.org.br\/2025\/wrnp\/","url":"https:\/\/sbrc.sbc.org.br\/2025\/wrnp\/","name":"XVI Workshop da Rede Nacional de Ensino e Pesquisa (WRNP 2025) - SBRC 2025","isPartOf":{"@id":"https:\/\/sbrc.sbc.org.br\/2025\/#website"},"primaryImageOfPage":{"@id":"https:\/\/sbrc.sbc.org.br\/2025\/wrnp\/#primaryimage"},"image":{"@id":"https:\/\/sbrc.sbc.org.br\/2025\/wrnp\/#primaryimage"},"thumbnailUrl":"https:\/\/sbrc.sbc.org.br\/2025\/wp-content\/uploads\/2025\/04\/image.png","datePublished":"2025-04-07T19:19:26+00:00","dateModified":"2025-04-07T19:39:35+00:00","breadcrumb":{"@id":"https:\/\/sbrc.sbc.org.br\/2025\/wrnp\/#breadcrumb"},"inLanguage":"pt-BR","potentialAction":[{"@type":"ReadAction","target":["https:\/\/sbrc.sbc.org.br\/2025\/wrnp\/"]}]},{"@type":"ImageObject","inLanguage":"pt-BR","@id":"https:\/\/sbrc.sbc.org.br\/2025\/wrnp\/#primaryimage","url":"https:\/\/sbrc.sbc.org.br\/2025\/wp-content\/uploads\/2025\/04\/image.png","contentUrl":"https:\/\/sbrc.sbc.org.br\/2025\/wp-content\/uploads\/2025\/04\/image.png"},{"@type":"BreadcrumbList","@id":"https:\/\/sbrc.sbc.org.br\/2025\/wrnp\/#breadcrumb","itemListElement":[{"@type":"ListItem","position":1,"name":"In\u00edcio","item":"https:\/\/sbrc.sbc.org.br\/2025\/"},{"@type":"ListItem","position":2,"name":"XVI Workshop da Rede Nacional de Ensino e Pesquisa (WRNP 2025)"}]},{"@type":"WebSite","@id":"https:\/\/sbrc.sbc.org.br\/2025\/#website","url":"https:\/\/sbrc.sbc.org.br\/2025\/","name":"SBRC 2025","description":"43\u00ba Simp\u00f3sio Brasileiro de Redes de Computadores e Sistemas Distribu\u00eddos","publisher":{"@id":"https:\/\/sbrc.sbc.org.br\/2025\/#organization"},"potentialAction":[{"@type":"SearchAction","target":{"@type":"EntryPoint","urlTemplate":"https:\/\/sbrc.sbc.org.br\/2025\/?s={search_term_string}"},"query-input":{"@type":"PropertyValueSpecification","valueRequired":true,"valueName":"search_term_string"}}],"inLanguage":"pt-BR"},{"@type":"Organization","@id":"https:\/\/sbrc.sbc.org.br\/2025\/#organization","name":"SBRC 2025","url":"https:\/\/sbrc.sbc.org.br\/2025\/","logo":{"@type":"ImageObject","inLanguage":"pt-BR","@id":"https:\/\/sbrc.sbc.org.br\/2025\/#\/schema\/logo\/image\/","url":"https:\/\/sbrc.sbc.org.br\/2025\/wp-content\/uploads\/2024\/04\/cropped-cropped-v2@4x-1.png","contentUrl":"https:\/\/sbrc.sbc.org.br\/2025\/wp-content\/uploads\/2024\/04\/cropped-cropped-v2@4x-1.png","width":5226,"height":4892,"caption":"SBRC 2025"},"image":{"@id":"https:\/\/sbrc.sbc.org.br\/2025\/#\/schema\/logo\/image\/"},"sameAs":["https:\/\/www.instagram.com\/simposio.sbrc\/"]}]}},"_links":{"self":[{"href":"https:\/\/sbrc.sbc.org.br\/2025\/pt_br\/wp-json\/wp\/v2\/pages\/7153","targetHints":{"allow":["GET"]}}],"collection":[{"href":"https:\/\/sbrc.sbc.org.br\/2025\/pt_br\/wp-json\/wp\/v2\/pages"}],"about":[{"href":"https:\/\/sbrc.sbc.org.br\/2025\/pt_br\/wp-json\/wp\/v2\/types\/page"}],"author":[{"embeddable":true,"href":"https:\/\/sbrc.sbc.org.br\/2025\/pt_br\/wp-json\/wp\/v2\/users\/7"}],"replies":[{"embeddable":true,"href":"https:\/\/sbrc.sbc.org.br\/2025\/pt_br\/wp-json\/wp\/v2\/comments?post=7153"}],"version-history":[{"count":5,"href":"https:\/\/sbrc.sbc.org.br\/2025\/pt_br\/wp-json\/wp\/v2\/pages\/7153\/revisions"}],"predecessor-version":[{"id":7187,"href":"https:\/\/sbrc.sbc.org.br\/2025\/pt_br\/wp-json\/wp\/v2\/pages\/7153\/revisions\/7187"}],"wp:attachment":[{"href":"https:\/\/sbrc.sbc.org.br\/2025\/pt_br\/wp-json\/wp\/v2\/media?parent=7153"}],"curies":[{"name":"wp","href":"https:\/\/api.w.org\/{rel}","templated":true}]}}