{"id":7121,"date":"2025-04-04T11:53:10","date_gmt":"2025-04-04T14:53:10","guid":{"rendered":"https:\/\/sbrc.sbc.org.br\/2025\/?page_id=7121"},"modified":"2025-04-04T11:58:28","modified_gmt":"2025-04-04T14:58:28","slug":"artigos-aceitos-trilha-de-interacao-com-a-industria-e-de-inovacao","status":"publish","type":"page","link":"https:\/\/sbrc.sbc.org.br\/2025\/pt_br\/trilha-principal\/artigos-aceitos-trilha-de-interacao-com-a-industria-e-de-inovacao\/","title":{"rendered":"Artigos Aceitos &#8211; Trilha de Intera\u00e7\u00e3o com a Ind\u00fastria e de Inova\u00e7\u00e3o"},"content":{"rendered":"<div data-colibri-id=\"7121-c1\" class=\"style-1405 style-local-7121-c1 position-relative\">\n  <!---->\n  <div data-colibri-component=\"section\" data-colibri-id=\"7121-c2\" id=\"custom\" class=\"h-section h-section-global-spacing d-flex align-items-lg-center align-items-md-center align-items-center style-1406 style-local-7121-c2 position-relative\">\n    <!---->\n    <!---->\n    <div class=\"h-section-grid-container h-section-boxed-container\">\n      <!---->\n      <div data-colibri-id=\"7121-c3\" class=\"h-row-container gutters-row-lg-2 gutters-row-md-2 gutters-row-0 gutters-row-v-lg-2 gutters-row-v-md-2 gutters-row-v-2 style-1407 style-local-7121-c3 position-relative\">\n        <!---->\n        <div class=\"h-row justify-content-lg-center justify-content-md-center justify-content-center align-items-lg-stretch align-items-md-stretch align-items-stretch gutters-col-lg-2 gutters-col-md-2 gutters-col-0 gutters-col-v-lg-2 gutters-col-v-md-2 gutters-col-v-2\">\n          <!---->\n          <div class=\"h-column h-column-container d-flex h-col-lg-auto h-col-md-auto h-col-auto style-1408-outer style-local-7121-c4-outer\">\n            <div data-colibri-id=\"7121-c4\" class=\"d-flex h-flex-basis h-column__inner h-px-lg-2 h-px-md-2 h-px-2 v-inner-lg-2 v-inner-md-2 v-inner-2 style-1408 style-local-7121-c4 position-relative\">\n              <!---->\n              <!---->\n              <div class=\"w-100 h-y-container h-column__content h-column__v-align flex-basis-100 align-self-lg-start align-self-md-start align-self-start\">\n                <!---->\n                <div data-colibri-id=\"7121-c5\" class=\"h-text h-text-component style-1409 style-local-7121-c5 position-relative h-element\">\n                  <!---->\n                  <!---->\n                  <div class=\"\">\n                    <p><strong>Evaluating Semantic Caching in Practice: A Study on a LLM-Driven Distributed Application in a Brazilian EdTech<\/strong><\/p>\n                    <p>Henrique Lopes N\u00f3brega (UFCG, Brasil), David Maia (IFPB), Jo\u00e3o Brunet (UFCG)<\/p>\n                    <p><strong>Sobre o Equil\u00edbrio entre Desempenho e Justi\u00e7a em Ambientes de Cache Multi-Locat\u00e1rio<\/strong><\/p>\n                    <p>Jo\u00e3o Ramalho (UFCG), Ana Nery (UFCG), Anna Beatriz Lucena Lira (UFCG), Thiago Emmanuel Pereira (UFCG, Brasil), Francisco Brasileiro (UFCG), Mariana Mendes (VTEX)<\/p>\n                    <p><strong>Explorando Network Slicing em Redes 5G em um Contexto Educacional<\/strong><\/p>\n                    <p>Ekarani Teles Silvestre (UFCG), Axel Crispim (UFCG), Rian Ismael Elias de Melo (UFCG), Jo\u00e3o Brunet (UFCG), Ruan Delgado Gomes (IFPB), Thiago Moraes (IBM, Brasil)<\/p>\n                    <p><strong>RotaWise: Intelligent Platform for Urban Maintenance<\/strong><\/p>\n                    <p>Jo\u00e3o Pedro Ded\u00ea da Silva (DIWise), Thiago Parente, Luan Icaro Ferreira Santos, Paulo Antonio Leal Rego (UFC)<\/p>\n                    <p><strong>Reidentifica\u00e7\u00e3o Espa\u00e7o-Temporal de Ve\u00edculos para Sistemas Inteligentes de Tr\u00e1fego<\/strong><\/p>\n                    <p>Artur Souza (UFES), Augusto Abling (Atman Systems), Raquel Vassallo (UFES)<\/p>\n                    <p><strong>Monitoramento Distribu\u00eddo de Usinas Fotovoltaicas Utilizando Redes de Sensores Sem Fio LoRa com Topologia Mesh<\/strong><\/p>\n                    <p>Alex Trajano (Instituto Atl\u00e2ntico), Jo\u00e3o Pedro Lima (Instituto Atl\u00e2ntico)<\/p>\n                    <p><strong>Evaluating the Limits of Wi-Fi 5, and Wi-Fi 6 Networks for Industrial Video Applications<\/strong><\/p>\n                    <p>Jefferson Maxmiliano Olivera das Merces (IFPB), Jos\u00e9 Silvestre da Silva Galv\u00e3o (IFPB), Mikael Marinho Oliveira (IFPB), Ruan Delgado Gomes (IFPB), Marcelo Portela Sousa (IFPB), Moacy Silva (IFPB)<\/p>\n                    <p><strong>O Comit\u00ea Central da Nuvem: Um Estudo de Caso de Planejamento de Capacidade em Grandes Empresas de TI<\/strong><\/p>\n                    <p>Pedro Serey (UFCG), Caio Galvao (UFCG), Thiago Emmanuel Pereira (UFCG), Francisco Brasileiro (UFCG), Gabriel Gomes (VTEX)<\/p>\n                    <p><strong>SkyLedger: Test Bed para o Gerenciamento do Espa\u00e7o A\u00e9reo para Sistemas de Transportes Inteligentes: requisitos, desafios e oportunidades<\/strong><\/p>\n                    <p>Andre Melo (ITA), Rafael Albarello (ITA), Rodrigo S\u00e9rgio dos Santos Nunes (ITA), Reinaldo C\u00e9zar de Morais Gomes (RNP), Lourenco Alves Pereira Jr (ITA)<\/p>\n                    <p>\n                      <br>\n                    <\/p>\n                  <\/div>\n                <\/div>\n              <\/div>\n            <\/div>\n          <\/div>\n        <\/div>\n      <\/div>\n    <\/div>\n  <\/div>\n<\/div>","protected":false},"excerpt":{"rendered":"<p>Evaluating Semantic Caching in Practice: A Study on a LLM-Driven Distributed Application in a Brazilian EdTech Henrique Lopes N\u00f3brega (UFCG, Brasil), David Maia (IFPB), Jo\u00e3o Brunet (UFCG) Sobre o Equil\u00edbrio entre Desempenho e Justi\u00e7a em Ambientes de Cache Multi-Locat\u00e1rio Jo\u00e3o Ramalho (UFCG), Ana Nery (UFCG), Anna Beatriz Lucena Lira (UFCG), Thiago Emmanuel Pereira (UFCG, Brasil), [&hellip;]<\/p>\n","protected":false},"author":7,"featured_media":0,"parent":865,"menu_order":0,"comment_status":"closed","ping_status":"closed","template":"page-templates\/full-width-page.php","meta":{"footnotes":""},"class_list":["post-7121","page","type-page","status-publish","hentry"],"yoast_head":"<!-- This site is optimized with the Yoast SEO plugin v27.5 - https:\/\/yoast.com\/product\/yoast-seo-wordpress\/ -->\n<title>Artigos Aceitos - Trilha de Intera\u00e7\u00e3o com a Ind\u00fastria e de Inova\u00e7\u00e3o - SBRC 2025<\/title>\n<meta name=\"robots\" content=\"index, follow, max-snippet:-1, max-image-preview:large, max-video-preview:-1\" \/>\n<link rel=\"canonical\" href=\"https:\/\/sbrc.sbc.org.br\/2025\/pt_br\/trilha-principal\/artigos-aceitos-trilha-de-interacao-com-a-industria-e-de-inovacao\/\" \/>\n<meta property=\"og:locale\" content=\"pt_BR\" \/>\n<meta property=\"og:type\" content=\"article\" \/>\n<meta property=\"og:title\" content=\"Artigos Aceitos - Trilha de Intera\u00e7\u00e3o com a Ind\u00fastria e de Inova\u00e7\u00e3o - SBRC 2025\" \/>\n<meta property=\"og:description\" content=\"Evaluating Semantic Caching in Practice: A Study on a LLM-Driven Distributed Application in a Brazilian EdTech Henrique Lopes N\u00f3brega (UFCG, Brasil), David Maia (IFPB), Jo\u00e3o Brunet (UFCG) Sobre o Equil\u00edbrio entre Desempenho e Justi\u00e7a em Ambientes de Cache Multi-Locat\u00e1rio Jo\u00e3o Ramalho (UFCG), Ana Nery (UFCG), Anna Beatriz Lucena Lira (UFCG), Thiago Emmanuel Pereira (UFCG, Brasil), [&hellip;]\" \/>\n<meta property=\"og:url\" content=\"https:\/\/sbrc.sbc.org.br\/2025\/pt_br\/trilha-principal\/artigos-aceitos-trilha-de-interacao-com-a-industria-e-de-inovacao\/\" \/>\n<meta property=\"og:site_name\" content=\"SBRC 2025\" \/>\n<meta property=\"article:modified_time\" content=\"2025-04-04T14:58:28+00:00\" \/>\n<meta property=\"og:image\" content=\"https:\/\/sbrc.sbc.org.br\/2025\/wp-content\/uploads\/2024\/07\/Captura-de-tela-2024-07-04-115159.png\" \/>\n\t<meta property=\"og:image:width\" content=\"821\" \/>\n\t<meta property=\"og:image:height\" content=\"466\" \/>\n\t<meta property=\"og:image:type\" content=\"image\/png\" \/>\n<meta name=\"twitter:card\" content=\"summary_large_image\" \/>\n<meta name=\"twitter:label1\" content=\"Est. tempo de leitura\" \/>\n\t<meta name=\"twitter:data1\" content=\"14 minutos\" \/>\n<script type=\"application\/ld+json\" class=\"yoast-schema-graph\">{\"@context\":\"https:\\\/\\\/schema.org\",\"@graph\":[{\"@type\":\"WebPage\",\"@id\":\"https:\\\/\\\/sbrc.sbc.org.br\\\/2025\\\/trilha-principal\\\/artigos-aceitos-trilha-de-interacao-com-a-industria-e-de-inovacao\\\/\",\"url\":\"https:\\\/\\\/sbrc.sbc.org.br\\\/2025\\\/trilha-principal\\\/artigos-aceitos-trilha-de-interacao-com-a-industria-e-de-inovacao\\\/\",\"name\":\"Artigos Aceitos - Trilha de Intera\u00e7\u00e3o com a Ind\u00fastria e de Inova\u00e7\u00e3o - SBRC 2025\",\"isPartOf\":{\"@id\":\"https:\\\/\\\/sbrc.sbc.org.br\\\/2025\\\/#website\"},\"datePublished\":\"2025-04-04T14:53:10+00:00\",\"dateModified\":\"2025-04-04T14:58:28+00:00\",\"breadcrumb\":{\"@id\":\"https:\\\/\\\/sbrc.sbc.org.br\\\/2025\\\/trilha-principal\\\/artigos-aceitos-trilha-de-interacao-com-a-industria-e-de-inovacao\\\/#breadcrumb\"},\"inLanguage\":\"pt-BR\",\"potentialAction\":[{\"@type\":\"ReadAction\",\"target\":[\"https:\\\/\\\/sbrc.sbc.org.br\\\/2025\\\/trilha-principal\\\/artigos-aceitos-trilha-de-interacao-com-a-industria-e-de-inovacao\\\/\"]}]},{\"@type\":\"BreadcrumbList\",\"@id\":\"https:\\\/\\\/sbrc.sbc.org.br\\\/2025\\\/trilha-principal\\\/artigos-aceitos-trilha-de-interacao-com-a-industria-e-de-inovacao\\\/#breadcrumb\",\"itemListElement\":[{\"@type\":\"ListItem\",\"position\":1,\"name\":\"In\u00edcio\",\"item\":\"https:\\\/\\\/sbrc.sbc.org.br\\\/2025\\\/\"},{\"@type\":\"ListItem\",\"position\":2,\"name\":\"Trilha Principal\",\"item\":\"https:\\\/\\\/sbrc.sbc.org.br\\\/2025\\\/trilha-principal\\\/\"},{\"@type\":\"ListItem\",\"position\":3,\"name\":\"Artigos Aceitos &#8211; Trilha de Intera\u00e7\u00e3o com a Ind\u00fastria e de Inova\u00e7\u00e3o\"}]},{\"@type\":\"WebSite\",\"@id\":\"https:\\\/\\\/sbrc.sbc.org.br\\\/2025\\\/#website\",\"url\":\"https:\\\/\\\/sbrc.sbc.org.br\\\/2025\\\/\",\"name\":\"SBRC 2025\",\"description\":\"43\u00ba Simp\u00f3sio Brasileiro de Redes de Computadores e Sistemas Distribu\u00eddos\",\"publisher\":{\"@id\":\"https:\\\/\\\/sbrc.sbc.org.br\\\/2025\\\/#organization\"},\"potentialAction\":[{\"@type\":\"SearchAction\",\"target\":{\"@type\":\"EntryPoint\",\"urlTemplate\":\"https:\\\/\\\/sbrc.sbc.org.br\\\/2025\\\/?s={search_term_string}\"},\"query-input\":{\"@type\":\"PropertyValueSpecification\",\"valueRequired\":true,\"valueName\":\"search_term_string\"}}],\"inLanguage\":\"pt-BR\"},{\"@type\":\"Organization\",\"@id\":\"https:\\\/\\\/sbrc.sbc.org.br\\\/2025\\\/#organization\",\"name\":\"SBRC 2025\",\"url\":\"https:\\\/\\\/sbrc.sbc.org.br\\\/2025\\\/\",\"logo\":{\"@type\":\"ImageObject\",\"inLanguage\":\"pt-BR\",\"@id\":\"https:\\\/\\\/sbrc.sbc.org.br\\\/2025\\\/#\\\/schema\\\/logo\\\/image\\\/\",\"url\":\"https:\\\/\\\/sbrc.sbc.org.br\\\/2025\\\/wp-content\\\/uploads\\\/2024\\\/04\\\/cropped-cropped-v2@4x-1.png\",\"contentUrl\":\"https:\\\/\\\/sbrc.sbc.org.br\\\/2025\\\/wp-content\\\/uploads\\\/2024\\\/04\\\/cropped-cropped-v2@4x-1.png\",\"width\":5226,\"height\":4892,\"caption\":\"SBRC 2025\"},\"image\":{\"@id\":\"https:\\\/\\\/sbrc.sbc.org.br\\\/2025\\\/#\\\/schema\\\/logo\\\/image\\\/\"},\"sameAs\":[\"https:\\\/\\\/www.instagram.com\\\/simposio.sbrc\\\/\"]}]}<\/script>\n<!-- \/ Yoast SEO plugin. -->","yoast_head_json":{"title":"Artigos Aceitos - Trilha de Intera\u00e7\u00e3o com a Ind\u00fastria e de Inova\u00e7\u00e3o - SBRC 2025","robots":{"index":"index","follow":"follow","max-snippet":"max-snippet:-1","max-image-preview":"max-image-preview:large","max-video-preview":"max-video-preview:-1"},"canonical":"https:\/\/sbrc.sbc.org.br\/2025\/pt_br\/trilha-principal\/artigos-aceitos-trilha-de-interacao-com-a-industria-e-de-inovacao\/","og_locale":"pt_BR","og_type":"article","og_title":"Artigos Aceitos - Trilha de Intera\u00e7\u00e3o com a Ind\u00fastria e de Inova\u00e7\u00e3o - SBRC 2025","og_description":"Evaluating Semantic Caching in Practice: A Study on a LLM-Driven Distributed Application in a Brazilian EdTech Henrique Lopes N\u00f3brega (UFCG, Brasil), David Maia (IFPB), Jo\u00e3o Brunet (UFCG) Sobre o Equil\u00edbrio entre Desempenho e Justi\u00e7a em Ambientes de Cache Multi-Locat\u00e1rio Jo\u00e3o Ramalho (UFCG), Ana Nery (UFCG), Anna Beatriz Lucena Lira (UFCG), Thiago Emmanuel Pereira (UFCG, Brasil), [&hellip;]","og_url":"https:\/\/sbrc.sbc.org.br\/2025\/pt_br\/trilha-principal\/artigos-aceitos-trilha-de-interacao-com-a-industria-e-de-inovacao\/","og_site_name":"SBRC 2025","article_modified_time":"2025-04-04T14:58:28+00:00","og_image":[{"width":821,"height":466,"url":"https:\/\/sbrc.sbc.org.br\/2025\/wp-content\/uploads\/2024\/07\/Captura-de-tela-2024-07-04-115159.png","type":"image\/png"}],"twitter_card":"summary_large_image","twitter_misc":{"Est. tempo de leitura":"14 minutos"},"schema":{"@context":"https:\/\/schema.org","@graph":[{"@type":"WebPage","@id":"https:\/\/sbrc.sbc.org.br\/2025\/trilha-principal\/artigos-aceitos-trilha-de-interacao-com-a-industria-e-de-inovacao\/","url":"https:\/\/sbrc.sbc.org.br\/2025\/trilha-principal\/artigos-aceitos-trilha-de-interacao-com-a-industria-e-de-inovacao\/","name":"Artigos Aceitos - Trilha de Intera\u00e7\u00e3o com a Ind\u00fastria e de Inova\u00e7\u00e3o - SBRC 2025","isPartOf":{"@id":"https:\/\/sbrc.sbc.org.br\/2025\/#website"},"datePublished":"2025-04-04T14:53:10+00:00","dateModified":"2025-04-04T14:58:28+00:00","breadcrumb":{"@id":"https:\/\/sbrc.sbc.org.br\/2025\/trilha-principal\/artigos-aceitos-trilha-de-interacao-com-a-industria-e-de-inovacao\/#breadcrumb"},"inLanguage":"pt-BR","potentialAction":[{"@type":"ReadAction","target":["https:\/\/sbrc.sbc.org.br\/2025\/trilha-principal\/artigos-aceitos-trilha-de-interacao-com-a-industria-e-de-inovacao\/"]}]},{"@type":"BreadcrumbList","@id":"https:\/\/sbrc.sbc.org.br\/2025\/trilha-principal\/artigos-aceitos-trilha-de-interacao-com-a-industria-e-de-inovacao\/#breadcrumb","itemListElement":[{"@type":"ListItem","position":1,"name":"In\u00edcio","item":"https:\/\/sbrc.sbc.org.br\/2025\/"},{"@type":"ListItem","position":2,"name":"Trilha Principal","item":"https:\/\/sbrc.sbc.org.br\/2025\/trilha-principal\/"},{"@type":"ListItem","position":3,"name":"Artigos Aceitos &#8211; Trilha de Intera\u00e7\u00e3o com a Ind\u00fastria e de Inova\u00e7\u00e3o"}]},{"@type":"WebSite","@id":"https:\/\/sbrc.sbc.org.br\/2025\/#website","url":"https:\/\/sbrc.sbc.org.br\/2025\/","name":"SBRC 2025","description":"43\u00ba Simp\u00f3sio Brasileiro de Redes de Computadores e Sistemas Distribu\u00eddos","publisher":{"@id":"https:\/\/sbrc.sbc.org.br\/2025\/#organization"},"potentialAction":[{"@type":"SearchAction","target":{"@type":"EntryPoint","urlTemplate":"https:\/\/sbrc.sbc.org.br\/2025\/?s={search_term_string}"},"query-input":{"@type":"PropertyValueSpecification","valueRequired":true,"valueName":"search_term_string"}}],"inLanguage":"pt-BR"},{"@type":"Organization","@id":"https:\/\/sbrc.sbc.org.br\/2025\/#organization","name":"SBRC 2025","url":"https:\/\/sbrc.sbc.org.br\/2025\/","logo":{"@type":"ImageObject","inLanguage":"pt-BR","@id":"https:\/\/sbrc.sbc.org.br\/2025\/#\/schema\/logo\/image\/","url":"https:\/\/sbrc.sbc.org.br\/2025\/wp-content\/uploads\/2024\/04\/cropped-cropped-v2@4x-1.png","contentUrl":"https:\/\/sbrc.sbc.org.br\/2025\/wp-content\/uploads\/2024\/04\/cropped-cropped-v2@4x-1.png","width":5226,"height":4892,"caption":"SBRC 2025"},"image":{"@id":"https:\/\/sbrc.sbc.org.br\/2025\/#\/schema\/logo\/image\/"},"sameAs":["https:\/\/www.instagram.com\/simposio.sbrc\/"]}]}},"_links":{"self":[{"href":"https:\/\/sbrc.sbc.org.br\/2025\/pt_br\/wp-json\/wp\/v2\/pages\/7121","targetHints":{"allow":["GET"]}}],"collection":[{"href":"https:\/\/sbrc.sbc.org.br\/2025\/pt_br\/wp-json\/wp\/v2\/pages"}],"about":[{"href":"https:\/\/sbrc.sbc.org.br\/2025\/pt_br\/wp-json\/wp\/v2\/types\/page"}],"author":[{"embeddable":true,"href":"https:\/\/sbrc.sbc.org.br\/2025\/pt_br\/wp-json\/wp\/v2\/users\/7"}],"replies":[{"embeddable":true,"href":"https:\/\/sbrc.sbc.org.br\/2025\/pt_br\/wp-json\/wp\/v2\/comments?post=7121"}],"version-history":[{"count":2,"href":"https:\/\/sbrc.sbc.org.br\/2025\/pt_br\/wp-json\/wp\/v2\/pages\/7121\/revisions"}],"predecessor-version":[{"id":7126,"href":"https:\/\/sbrc.sbc.org.br\/2025\/pt_br\/wp-json\/wp\/v2\/pages\/7121\/revisions\/7126"}],"up":[{"embeddable":true,"href":"https:\/\/sbrc.sbc.org.br\/2025\/pt_br\/wp-json\/wp\/v2\/pages\/865"}],"wp:attachment":[{"href":"https:\/\/sbrc.sbc.org.br\/2025\/pt_br\/wp-json\/wp\/v2\/media?parent=7121"}],"curies":[{"name":"wp","href":"https:\/\/api.w.org\/{rel}","templated":true}]}}