{"id":6555,"date":"2025-01-28T16:27:17","date_gmt":"2025-01-28T19:27:17","guid":{"rendered":"https:\/\/sbrc.sbc.org.br\/2025\/?page_id=6555"},"modified":"2025-03-28T14:54:15","modified_gmt":"2025-03-28T17:54:15","slug":"wpeif","status":"publish","type":"page","link":"https:\/\/sbrc.sbc.org.br\/2025\/pt_br\/wpeif\/","title":{"rendered":"XVI Workshop de Pesquisa Experimental da Internet do Futuro (WPEIF 2025)"},"content":{"rendered":"<div data-colibri-id=\"6555-c1\" class=\"style-1238 style-local-6555-c1 position-relative\">\n  <!---->\n  <div data-colibri-component=\"section\" data-colibri-id=\"6555-c2\" id=\"custom\" class=\"h-section h-section-global-spacing d-flex align-items-lg-center align-items-md-center align-items-center style-1239 style-local-6555-c2 position-relative\">\n    <!---->\n    <!---->\n    <div class=\"h-section-grid-container h-section-boxed-container\">\n      <!---->\n      <div data-colibri-id=\"6555-c3\" class=\"h-row-container gutters-row-lg-2 gutters-row-md-2 gutters-row-0 gutters-row-v-lg-2 gutters-row-v-md-2 gutters-row-v-2 style-1240 style-local-6555-c3 position-relative\">\n        <!---->\n        <div class=\"h-row justify-content-lg-center justify-content-md-center justify-content-center align-items-lg-stretch align-items-md-stretch align-items-stretch gutters-col-lg-2 gutters-col-md-2 gutters-col-0 gutters-col-v-lg-2 gutters-col-v-md-2 gutters-col-v-2\">\n          <!---->\n          <div class=\"h-column h-column-container d-flex h-col-lg-auto h-col-md-auto h-col-auto style-1241-outer style-local-6555-c4-outer\">\n            <div data-colibri-id=\"6555-c4\" class=\"d-flex h-flex-basis h-column__inner h-px-lg-2 h-px-md-2 h-px-2 v-inner-lg-2 v-inner-md-2 v-inner-2 style-1241 style-local-6555-c4 position-relative\">\n              <!---->\n              <!---->\n              <div class=\"w-100 h-y-container h-column__content h-column__v-align flex-basis-100 align-self-lg-start align-self-md-start align-self-start\">\n                <!---->\n                <div data-colibri-id=\"6555-c5\" class=\"h-text h-text-component style-1243 style-local-6555-c5 position-relative h-element\">\n                  <!---->\n                  <!---->\n                  <div class=\"\">\n                    <h2>Datas Importantes<\/h2>\n                    <p><strong>Submiss\u00e3o de artigos:<\/strong>&nbsp;01\/04\/2025<strong><br>Comunica\u00e7\u00e3o de resultados:<\/strong>&nbsp;17\/04\/2025<strong><br>Envio de vers\u00e3o final dos artigos aceitos:<\/strong>&nbsp;22\/04\/2025<\/p>\n                  <\/div>\n                <\/div>\n              <\/div>\n            <\/div>\n          <\/div>\n          <div class=\"h-column h-column-container d-flex h-col-lg-auto h-col-md-auto h-col-auto style-1242-outer style-local-6555-c6-outer\">\n            <div data-colibri-id=\"6555-c6\" class=\"d-flex h-flex-basis h-column__inner h-ui-empty-state-container h-px-lg-2 h-px-md-2 h-px-2 v-inner-lg-2 v-inner-md-2 v-inner-2 style-1242 style-local-6555-c6 position-relative\">\n              <!---->\n              <!---->\n              <div class=\"w-100 h-y-container h-column__content h-column__v-align flex-basis-100\">\n                <!---->\n              <\/div>\n            <\/div>\n          <\/div>\n        <\/div>\n      <\/div>\n      <div data-colibri-id=\"6555-c7\" class=\"h-row-container gutters-row-lg-2 gutters-row-md-2 gutters-row-0 gutters-row-v-lg-2 gutters-row-v-md-2 gutters-row-v-2 style-1244 style-local-6555-c7 position-relative\">\n        <!---->\n        <div class=\"h-row justify-content-lg-center justify-content-md-center justify-content-center align-items-lg-stretch align-items-md-stretch align-items-stretch gutters-col-lg-2 gutters-col-md-2 gutters-col-0 gutters-col-v-lg-2 gutters-col-v-md-2 gutters-col-v-2\">\n          <!---->\n          <div class=\"h-column h-column-container d-flex h-col-lg-auto h-col-md-auto h-col-auto style-1245-outer style-local-6555-c8-outer\">\n            <div data-colibri-id=\"6555-c8\" class=\"d-flex h-flex-basis h-column__inner h-px-lg-2 h-px-md-2 h-px-2 v-inner-lg-2 v-inner-md-2 v-inner-2 style-1245 style-local-6555-c8 position-relative\">\n              <!---->\n              <!---->\n              <div class=\"w-100 h-y-container h-column__content h-column__v-align flex-basis-100 align-self-lg-start align-self-md-start align-self-start\">\n                <!---->\n                <div data-colibri-id=\"6555-c9\" class=\"h-text h-text-component style-1253 style-local-6555-c9 position-relative h-element\">\n                  <!---->\n                  <!---->\n                  <div class=\"\">\n                    <h2>Apresenta\u00e7\u00e3o<\/h2>\n                    <p>A Internet \u00e9 um dos pilares da era da informa\u00e7\u00e3o, um componente central na quarta Revolu\u00e7\u00e3o Industrial e a base para as novas aplica\u00e7\u00f5es e servi\u00e7os que v\u00e3o impactar os indiv\u00edduos, os neg\u00f3cios e a sociedade. A evolu\u00e7\u00e3o tecnol\u00f3gica,\n                      por sua vez, tamb\u00e9m influencia a Internet que, dentro de pouco tempo, ser\u00e1 bem diferente de sua estrutura atual.<\/p>\n                    <p>A pr\u00f3xima fronteira \u00e9 a Internet de Todas as Coisas (<em>Internet of Everything<\/em> \u2013 IoE) que permitir\u00e1 uma conex\u00e3o cont\u00ednua e em tempo real entre coisas, pessoas, processos atrav\u00e9s de um fluxo cont\u00ednuo de dados. A IoE englobar\u00e1\n                      a Internet das Coisas (IoT), a Internet das Pessoas (IoP), a Internet das Coisas Industrial (IIoT) e ainda a Internet T\u00e1til. Este cen\u00e1rio requer uma rede flex\u00edvel, capaz de suportar as diferentes necessidades das aplica\u00e7\u00f5es da IoE\n                      atuais e futuras. Para isto, a comunidade de pesquisa se volta para as redes do futuro envolvendo iniciativas como a <em>Next Generation Internet<\/em> (NGI) na Europa e o <em>Tomorrow&#8217;s Internet Project<\/em> nos Estados Unidos, al\u00e9m\n                      de diversas outras a\u00e7\u00f5es como a pr\u00f3xima gera\u00e7\u00e3o das redes m\u00f3veis de telecomunica\u00e7\u00f5es para 2030, o 6G. No Brasil, projetos como FIBRE, FIWARE, FUTEBOL, 5GINFIRE, NECOS, realizados em colabora\u00e7\u00f5es entre a Europa e Brasil, criam condi\u00e7\u00f5es\n                      para experimentar diferentes cen\u00e1rios de redes e aplica\u00e7\u00f5es com foco no futuro.<\/p>\n                    <p>Diversas tecnologias ser\u00e3o habilitadoras para esta revolu\u00e7\u00e3o como a computa\u00e7\u00e3o em nuvem (<em>cloud<\/em>), em n\u00e9voa (<em>fog<\/em>) e na borda (<em>edge<\/em>), as redes definidas por software e a virtualiza\u00e7\u00e3o das fun\u00e7\u00f5es de rede, a\n                      virtualiza\u00e7\u00e3o e o fatiamento das redes, a infraestrutura definida por software, as comunica\u00e7\u00f5es \u00f3pticas avan\u00e7adas e os r\u00e1dios definidos por software. Somadas a estas tecnologias, diversas t\u00e9cnicas de intelig\u00eancia artificial, engenharia\n                      e ci\u00eancia de dados ser\u00e3o a base para a infraestrutura, as redes e as aplica\u00e7\u00f5es do futuro.<\/p>\n                    <p>O <strong>Workshop de Pesquisa Experimental da Internet do Futuro (WPEIF)<\/strong>, em sua d\u00e9cima sexta edi\u00e7\u00e3o, tem como objetivo consolidar discuss\u00f5es e trocas de informa\u00e7\u00f5es, conhecimento e experi\u00eancias sobre pesquisa experimental\n                      relacionada com as aplica\u00e7\u00f5es e com as redes do futuro, visando criar a pr\u00f3xima gera\u00e7\u00e3o das redes do amanh\u00e3. Atrav\u00e9s da discuss\u00e3o deste tema junto \u00e0 comunidade de redes de computadores e sistemas distribu\u00eddos, o WPEIF busca ser um\n                      farol nessa \u00e1rea de pesquisa que cont\u00e9m in\u00fameros desafios e oportunidades.<\/p>\n                  <\/div>\n                <\/div>\n              <\/div>\n            <\/div>\n          <\/div>\n        <\/div>\n      <\/div>\n      <div data-colibri-id=\"6555-c10\" class=\"h-row-container gutters-row-lg-2 gutters-row-md-2 gutters-row-0 gutters-row-v-lg-2 gutters-row-v-md-2 gutters-row-v-2 style-1247 style-local-6555-c10 position-relative\">\n        <!---->\n        <div class=\"h-row justify-content-lg-center justify-content-md-center justify-content-center align-items-lg-stretch align-items-md-stretch align-items-stretch gutters-col-lg-2 gutters-col-md-2 gutters-col-0 gutters-col-v-lg-2 gutters-col-v-md-2 gutters-col-v-2\">\n          <!---->\n          <div class=\"h-column h-column-container d-flex h-col-lg-auto h-col-md-auto h-col-auto style-1248-outer style-local-6555-c11-outer\">\n            <div data-colibri-id=\"6555-c11\" class=\"d-flex h-flex-basis h-column__inner h-px-lg-2 h-px-md-2 h-px-2 v-inner-lg-2 v-inner-md-2 v-inner-2 style-1248 style-local-6555-c11 position-relative\">\n              <!---->\n              <!---->\n              <div class=\"w-100 h-y-container h-column__content h-column__v-align flex-basis-100 align-self-lg-start align-self-md-start align-self-start\">\n                <!---->\n                <div data-colibri-id=\"6555-c12\" class=\"h-text h-text-component style-1256 style-local-6555-c12 position-relative h-element\">\n                  <!---->\n                  <!---->\n                  <div class=\"\">\n                    <h2>T\u00f3picos de Interesse<\/h2>\n                    <p>O WPEIF 2025 convida autores a submeter trabalhos de pesquisa originais e inovadores, mesmo que ainda em andamento, relacionados com as redes do futuro, as infraestruturas que as suportar\u00e3o e as aplica\u00e7\u00f5es do futuro que contribuir\u00e3o\n                      para transformar a sociedade. Os t\u00f3picos de interesse incluem uma variada gama de assuntos e a lista a seguir descreve alguns exemplos:<\/p>\n                    <ul>\n                      <li>Aplica\u00e7\u00f5es e redes envolvendo Computa\u00e7\u00e3o em Nuvem, em N\u00e9voa e na Borda<\/li>\n                      <li>Aplica\u00e7\u00f5es envolvendo ambientes inteligentes (<em>smart cities<\/em>, <em>smart homes<\/em>, <em>smart agriculture<\/em>, <em>smart industry<\/em>, <em>smart energy<\/em>, <em>autonomous driving<\/em>)<\/li>\n                      <li>Aplica\u00e7\u00f5es para Internet do Futuro e aplica\u00e7\u00f5es para Internet das Coisas<\/li>\n                      <li>Fatiamento de Redes<\/li>\n                      <li>Infraestruturas definidas por software<\/li>\n                      <li>Novas aplica\u00e7\u00f5es constru\u00eddas sobre novas arquiteturas de rede<\/li>\n                      <li>Novas arquiteturas de rede<\/li>\n                      <li>Novas t\u00e9cnicas, mecanismos e algoritmos relacionados a aspectos como seguran\u00e7a, mobilidade, ger\u00eancia de Rede, QoS e QoE<\/li>\n                      <li>Pesquisa e avalia\u00e7\u00f5es experimentais em diferentes infraestruturas como PlanetLab, GENI, FIBRE, FIRE, FIWARE, FUTEBOL, 5GINFIRE, NECOS, entre outras.<\/li>\n                      <li>Pr\u00f3xima gera\u00e7\u00e3o de redes \u00f3ticas<\/li>\n                      <li>R\u00e1dio definido por software (SDR)<\/li>\n                      <li>Rede centradas em conte\u00fado<\/li>\n                      <li>Redes aut\u00f4nomas<\/li>\n                      <li>Redes definidas por software (SDN)<\/li>\n                      <li>Redes inteligentes<\/li>\n                      <li>Redes m\u00f3veis al\u00e9m de redes 5G e 6G<\/li>\n                      <li>Redes m\u00f3veis de telecomunica\u00e7\u00f5es (5G)<\/li>\n                      <li>Redes program\u00e1veis (OpenFlow, P4)<\/li>\n                      <li>Redes sem fio definidas por software (WSDN)<\/li>\n                      <li>Seguran\u00e7a em redes<\/li>\n                      <li>Virtualiza\u00e7\u00e3o de rede e de fun\u00e7\u00f5es de rede (NFV)<\/li>\n                    <\/ul>\n                    <p>\n                      <br>\n                    <\/p>\n                    <h2>Instru\u00e7\u00f5es aos Autores<\/h2>\n                    <p>Os artigos a serem submetidos ao WPEIF 2025 devem ser escritos em portugu\u00eas ou ingl\u00eas, com no m\u00e1ximo <strong>8 p\u00e1ginas<\/strong>, incluindo resumo (e <em>abstract<\/em>, para artigos em portugu\u00eas), figuras, anexos, refer\u00eancias, etc.\n                      Todos os artigos devem ser obrigatoriamente formatados seguindo o&nbsp;\n                      <a href=\"https:\/\/www.sbc.org.br\/wp-content\/uploads\/2024\/07\/modelosparapublicaodeartigos.zip\" class=\"customize-unpreviewable\">Modelo para Publica\u00e7\u00e3o de Artigos da SBC<\/a>.&nbsp;\u00c9 importante ressaltar ainda que&nbsp;os artigos a serem submetidos devem seguir o&nbsp;\n                      <a href=\"https:\/\/www.sbc.org.br\/documentos-da-sbc\/summary\/245-codigo-de-etica-sbc\/1489-revisao-e-atualizacao-do-codigo-de-conduta-para-autores\"\n                        class=\"customize-unpreviewable\">C\u00f3digo de Conduta para Autores em Publica\u00e7\u00f5es da SBC<\/a>, aprovado pelo Conselho da SBC em fevereiro de 2024. A submiss\u00e3o de artigos ser\u00e1 exclusivamente eletr\u00f4nica, por meio do sistema&nbsp;\n                      <a href=\"https:\/\/jems3.sbc.org.br\/wpeif2025\"\n                        class=\"customize-unpreviewable\">JEMS3<\/a>.<\/p>\n                    <p>Os artigos submetidos ao WPEIF 2025 ser\u00e3o avaliados pelo Comit\u00ea de Programa do workshop e os melhores ser\u00e3o selecionados para apresenta\u00e7\u00e3o e publica\u00e7\u00e3o nos anais do evento. Todos os artigos aceitos e revisados ser\u00e3o publicados na biblioteca\n                      digital da SBC, a SBC OpenLibrary (SOL), na\n                      <a href=\"https:\/\/sol.sbc.org.br\/index.php\/wpeif\" class=\"customize-unpreviewable\">s\u00e9rie do WPEIF<\/a>. A publica\u00e7\u00e3o dos artigos aceitos requer a inscri\u00e7\u00e3o de pelo menos um autor no SBRC 2025, bem como a apresenta\u00e7\u00e3o oral do artigo durante o evento.<\/p>\n                  <\/div>\n                <\/div>\n              <\/div>\n            <\/div>\n          <\/div>\n        <\/div>\n      <\/div>\n      <div data-colibri-id=\"6555-c13\" class=\"h-row-container gutters-row-lg-2 gutters-row-md-2 gutters-row-0 gutters-row-v-lg-2 gutters-row-v-md-2 gutters-row-v-2 style-1250 style-local-6555-c13 position-relative\">\n        <!---->\n        <div class=\"h-row justify-content-lg-center justify-content-md-center justify-content-center align-items-lg-stretch align-items-md-stretch align-items-stretch gutters-col-lg-2 gutters-col-md-2 gutters-col-0 gutters-col-v-lg-2 gutters-col-v-md-2 gutters-col-v-2\">\n          <!---->\n          <div class=\"h-column h-column-container d-flex h-col-lg-auto h-col-md-auto h-col-auto style-1251-outer style-local-6555-c14-outer\">\n            <div data-colibri-id=\"6555-c14\" class=\"d-flex h-flex-basis h-column__inner h-px-lg-2 h-px-md-2 h-px-2 v-inner-lg-2 v-inner-md-2 v-inner-2 style-1251 style-local-6555-c14 position-relative\">\n              <!---->\n              <!---->\n              <div class=\"w-100 h-y-container h-column__content h-column__v-align flex-basis-100 align-self-lg-start align-self-md-start align-self-start\">\n                <!---->\n                <div data-colibri-id=\"6555-c15\" class=\"h-text h-text-component style-1254 style-local-6555-c15 position-relative h-element\">\n                  <!---->\n                  <!---->\n                  <div class=\"\">\n                    <h2>Organiza\u00e7\u00e3o<\/h2>\n                    <p>Ant\u00f4nio Abel\u00e9m (UFPA)\n                      <br>Flavio Silva (UFU, Brasil &amp; Universidade do Minho, Portugal)\n                      <br>Jos\u00e9 Ferreira de Rezende (UFRJ)<\/p>\n                  <\/div>\n                <\/div>\n              <\/div>\n            <\/div>\n          <\/div>\n          <div class=\"h-column h-column-container d-flex h-col-lg-auto h-col-md-auto h-col-auto style-1252-outer style-local-6555-c16-outer\">\n            <div data-colibri-id=\"6555-c16\" class=\"d-flex h-flex-basis h-column__inner h-px-lg-2 h-px-md-2 h-px-2 v-inner-lg-2 v-inner-md-2 v-inner-2 style-1252 style-local-6555-c16 position-relative\">\n              <!---->\n              <!---->\n              <div class=\"w-100 h-y-container h-column__content h-column__v-align flex-basis-100 align-self-lg-start align-self-md-start align-self-start\">\n                <!---->\n                <div data-colibri-id=\"6555-c17\" class=\"h-text h-text-component style-1255 style-local-6555-c17 position-relative h-element\">\n                  <!---->\n                  <!---->\n                  <div class=\"\">\n                    <h2>Comit\u00ea de Programa<\/h2>\n                    <p>Em forma\u00e7\u00e3o<\/p>\n                  <\/div>\n                <\/div>\n              <\/div>\n            <\/div>\n          <\/div>\n        <\/div>\n      <\/div>\n    <\/div>\n  <\/div>\n<\/div>","protected":false},"excerpt":{"rendered":"<p>Datas Importantes Submiss\u00e3o de artigos:&nbsp;01\/04\/2025Comunica\u00e7\u00e3o de resultados:&nbsp;17\/04\/2025Envio de vers\u00e3o final dos artigos aceitos:&nbsp;22\/04\/2025 Apresenta\u00e7\u00e3o A Internet \u00e9 um dos pilares da era da informa\u00e7\u00e3o, um componente central na quarta Revolu\u00e7\u00e3o Industrial e a base para as novas aplica\u00e7\u00f5es e servi\u00e7os que v\u00e3o impactar os indiv\u00edduos, os neg\u00f3cios e a sociedade. A evolu\u00e7\u00e3o tecnol\u00f3gica, por sua [&hellip;]<\/p>\n","protected":false},"author":7,"featured_media":0,"parent":0,"menu_order":0,"comment_status":"closed","ping_status":"closed","template":"page-templates\/full-width-page.php","meta":{"footnotes":""},"class_list":["post-6555","page","type-page","status-publish","hentry"],"yoast_head":"<!-- This site is optimized with the Yoast SEO plugin v27.4 - https:\/\/yoast.com\/product\/yoast-seo-wordpress\/ -->\n<title>XVI Workshop de Pesquisa Experimental da Internet do Futuro (WPEIF 2025) - SBRC 2025<\/title>\n<meta name=\"robots\" content=\"index, follow, max-snippet:-1, max-image-preview:large, max-video-preview:-1\" \/>\n<link rel=\"canonical\" href=\"https:\/\/sbrc.sbc.org.br\/2025\/pt_br\/wpeif\/\" \/>\n<meta property=\"og:locale\" content=\"pt_BR\" \/>\n<meta property=\"og:type\" content=\"article\" \/>\n<meta property=\"og:title\" content=\"XVI Workshop de Pesquisa Experimental da Internet do Futuro (WPEIF 2025) - SBRC 2025\" \/>\n<meta property=\"og:description\" content=\"Datas Importantes Submiss\u00e3o de artigos:&nbsp;01\/04\/2025Comunica\u00e7\u00e3o de resultados:&nbsp;17\/04\/2025Envio de vers\u00e3o final dos artigos aceitos:&nbsp;22\/04\/2025 Apresenta\u00e7\u00e3o A Internet \u00e9 um dos pilares da era da informa\u00e7\u00e3o, um componente central na quarta Revolu\u00e7\u00e3o Industrial e a base para as novas aplica\u00e7\u00f5es e servi\u00e7os que v\u00e3o impactar os indiv\u00edduos, os neg\u00f3cios e a sociedade. A evolu\u00e7\u00e3o tecnol\u00f3gica, por sua [&hellip;]\" \/>\n<meta property=\"og:url\" content=\"https:\/\/sbrc.sbc.org.br\/2025\/pt_br\/wpeif\/\" \/>\n<meta property=\"og:site_name\" content=\"SBRC 2025\" \/>\n<meta property=\"article:modified_time\" content=\"2025-03-28T17:54:15+00:00\" \/>\n<meta property=\"og:image\" content=\"https:\/\/sbrc.sbc.org.br\/2025\/wp-content\/uploads\/2024\/07\/Captura-de-tela-2024-07-04-115159.png\" \/>\n\t<meta property=\"og:image:width\" content=\"821\" \/>\n\t<meta property=\"og:image:height\" content=\"466\" \/>\n\t<meta property=\"og:image:type\" content=\"image\/png\" \/>\n<meta name=\"twitter:card\" content=\"summary_large_image\" \/>\n<meta name=\"twitter:label1\" content=\"Est. tempo de leitura\" \/>\n\t<meta name=\"twitter:data1\" content=\"5 minutos\" \/>\n<script type=\"application\/ld+json\" class=\"yoast-schema-graph\">{\"@context\":\"https:\\\/\\\/schema.org\",\"@graph\":[{\"@type\":\"WebPage\",\"@id\":\"https:\\\/\\\/sbrc.sbc.org.br\\\/2025\\\/wpeif\\\/\",\"url\":\"https:\\\/\\\/sbrc.sbc.org.br\\\/2025\\\/wpeif\\\/\",\"name\":\"XVI Workshop de Pesquisa Experimental da Internet do Futuro (WPEIF 2025) - SBRC 2025\",\"isPartOf\":{\"@id\":\"https:\\\/\\\/sbrc.sbc.org.br\\\/2025\\\/#website\"},\"datePublished\":\"2025-01-28T19:27:17+00:00\",\"dateModified\":\"2025-03-28T17:54:15+00:00\",\"breadcrumb\":{\"@id\":\"https:\\\/\\\/sbrc.sbc.org.br\\\/2025\\\/wpeif\\\/#breadcrumb\"},\"inLanguage\":\"pt-BR\",\"potentialAction\":[{\"@type\":\"ReadAction\",\"target\":[\"https:\\\/\\\/sbrc.sbc.org.br\\\/2025\\\/wpeif\\\/\"]}]},{\"@type\":\"BreadcrumbList\",\"@id\":\"https:\\\/\\\/sbrc.sbc.org.br\\\/2025\\\/wpeif\\\/#breadcrumb\",\"itemListElement\":[{\"@type\":\"ListItem\",\"position\":1,\"name\":\"In\u00edcio\",\"item\":\"https:\\\/\\\/sbrc.sbc.org.br\\\/2025\\\/\"},{\"@type\":\"ListItem\",\"position\":2,\"name\":\"XVI Workshop de Pesquisa Experimental da Internet do Futuro (WPEIF 2025)\"}]},{\"@type\":\"WebSite\",\"@id\":\"https:\\\/\\\/sbrc.sbc.org.br\\\/2025\\\/#website\",\"url\":\"https:\\\/\\\/sbrc.sbc.org.br\\\/2025\\\/\",\"name\":\"SBRC 2025\",\"description\":\"43\u00ba Simp\u00f3sio Brasileiro de Redes de Computadores e Sistemas Distribu\u00eddos\",\"publisher\":{\"@id\":\"https:\\\/\\\/sbrc.sbc.org.br\\\/2025\\\/#organization\"},\"potentialAction\":[{\"@type\":\"SearchAction\",\"target\":{\"@type\":\"EntryPoint\",\"urlTemplate\":\"https:\\\/\\\/sbrc.sbc.org.br\\\/2025\\\/?s={search_term_string}\"},\"query-input\":{\"@type\":\"PropertyValueSpecification\",\"valueRequired\":true,\"valueName\":\"search_term_string\"}}],\"inLanguage\":\"pt-BR\"},{\"@type\":\"Organization\",\"@id\":\"https:\\\/\\\/sbrc.sbc.org.br\\\/2025\\\/#organization\",\"name\":\"SBRC 2025\",\"url\":\"https:\\\/\\\/sbrc.sbc.org.br\\\/2025\\\/\",\"logo\":{\"@type\":\"ImageObject\",\"inLanguage\":\"pt-BR\",\"@id\":\"https:\\\/\\\/sbrc.sbc.org.br\\\/2025\\\/#\\\/schema\\\/logo\\\/image\\\/\",\"url\":\"https:\\\/\\\/sbrc.sbc.org.br\\\/2025\\\/wp-content\\\/uploads\\\/2024\\\/04\\\/cropped-cropped-v2@4x-1.png\",\"contentUrl\":\"https:\\\/\\\/sbrc.sbc.org.br\\\/2025\\\/wp-content\\\/uploads\\\/2024\\\/04\\\/cropped-cropped-v2@4x-1.png\",\"width\":5226,\"height\":4892,\"caption\":\"SBRC 2025\"},\"image\":{\"@id\":\"https:\\\/\\\/sbrc.sbc.org.br\\\/2025\\\/#\\\/schema\\\/logo\\\/image\\\/\"},\"sameAs\":[\"https:\\\/\\\/www.instagram.com\\\/simposio.sbrc\\\/\"]}]}<\/script>\n<!-- \/ Yoast SEO plugin. -->","yoast_head_json":{"title":"XVI Workshop de Pesquisa Experimental da Internet do Futuro (WPEIF 2025) - SBRC 2025","robots":{"index":"index","follow":"follow","max-snippet":"max-snippet:-1","max-image-preview":"max-image-preview:large","max-video-preview":"max-video-preview:-1"},"canonical":"https:\/\/sbrc.sbc.org.br\/2025\/pt_br\/wpeif\/","og_locale":"pt_BR","og_type":"article","og_title":"XVI Workshop de Pesquisa Experimental da Internet do Futuro (WPEIF 2025) - SBRC 2025","og_description":"Datas Importantes Submiss\u00e3o de artigos:&nbsp;01\/04\/2025Comunica\u00e7\u00e3o de resultados:&nbsp;17\/04\/2025Envio de vers\u00e3o final dos artigos aceitos:&nbsp;22\/04\/2025 Apresenta\u00e7\u00e3o A Internet \u00e9 um dos pilares da era da informa\u00e7\u00e3o, um componente central na quarta Revolu\u00e7\u00e3o Industrial e a base para as novas aplica\u00e7\u00f5es e servi\u00e7os que v\u00e3o impactar os indiv\u00edduos, os neg\u00f3cios e a sociedade. A evolu\u00e7\u00e3o tecnol\u00f3gica, por sua [&hellip;]","og_url":"https:\/\/sbrc.sbc.org.br\/2025\/pt_br\/wpeif\/","og_site_name":"SBRC 2025","article_modified_time":"2025-03-28T17:54:15+00:00","og_image":[{"width":821,"height":466,"url":"https:\/\/sbrc.sbc.org.br\/2025\/wp-content\/uploads\/2024\/07\/Captura-de-tela-2024-07-04-115159.png","type":"image\/png"}],"twitter_card":"summary_large_image","twitter_misc":{"Est. tempo de leitura":"5 minutos"},"schema":{"@context":"https:\/\/schema.org","@graph":[{"@type":"WebPage","@id":"https:\/\/sbrc.sbc.org.br\/2025\/wpeif\/","url":"https:\/\/sbrc.sbc.org.br\/2025\/wpeif\/","name":"XVI Workshop de Pesquisa Experimental da Internet do Futuro (WPEIF 2025) - SBRC 2025","isPartOf":{"@id":"https:\/\/sbrc.sbc.org.br\/2025\/#website"},"datePublished":"2025-01-28T19:27:17+00:00","dateModified":"2025-03-28T17:54:15+00:00","breadcrumb":{"@id":"https:\/\/sbrc.sbc.org.br\/2025\/wpeif\/#breadcrumb"},"inLanguage":"pt-BR","potentialAction":[{"@type":"ReadAction","target":["https:\/\/sbrc.sbc.org.br\/2025\/wpeif\/"]}]},{"@type":"BreadcrumbList","@id":"https:\/\/sbrc.sbc.org.br\/2025\/wpeif\/#breadcrumb","itemListElement":[{"@type":"ListItem","position":1,"name":"In\u00edcio","item":"https:\/\/sbrc.sbc.org.br\/2025\/"},{"@type":"ListItem","position":2,"name":"XVI Workshop de Pesquisa Experimental da Internet do Futuro (WPEIF 2025)"}]},{"@type":"WebSite","@id":"https:\/\/sbrc.sbc.org.br\/2025\/#website","url":"https:\/\/sbrc.sbc.org.br\/2025\/","name":"SBRC 2025","description":"43\u00ba Simp\u00f3sio Brasileiro de Redes de Computadores e Sistemas Distribu\u00eddos","publisher":{"@id":"https:\/\/sbrc.sbc.org.br\/2025\/#organization"},"potentialAction":[{"@type":"SearchAction","target":{"@type":"EntryPoint","urlTemplate":"https:\/\/sbrc.sbc.org.br\/2025\/?s={search_term_string}"},"query-input":{"@type":"PropertyValueSpecification","valueRequired":true,"valueName":"search_term_string"}}],"inLanguage":"pt-BR"},{"@type":"Organization","@id":"https:\/\/sbrc.sbc.org.br\/2025\/#organization","name":"SBRC 2025","url":"https:\/\/sbrc.sbc.org.br\/2025\/","logo":{"@type":"ImageObject","inLanguage":"pt-BR","@id":"https:\/\/sbrc.sbc.org.br\/2025\/#\/schema\/logo\/image\/","url":"https:\/\/sbrc.sbc.org.br\/2025\/wp-content\/uploads\/2024\/04\/cropped-cropped-v2@4x-1.png","contentUrl":"https:\/\/sbrc.sbc.org.br\/2025\/wp-content\/uploads\/2024\/04\/cropped-cropped-v2@4x-1.png","width":5226,"height":4892,"caption":"SBRC 2025"},"image":{"@id":"https:\/\/sbrc.sbc.org.br\/2025\/#\/schema\/logo\/image\/"},"sameAs":["https:\/\/www.instagram.com\/simposio.sbrc\/"]}]}},"_links":{"self":[{"href":"https:\/\/sbrc.sbc.org.br\/2025\/pt_br\/wp-json\/wp\/v2\/pages\/6555","targetHints":{"allow":["GET"]}}],"collection":[{"href":"https:\/\/sbrc.sbc.org.br\/2025\/pt_br\/wp-json\/wp\/v2\/pages"}],"about":[{"href":"https:\/\/sbrc.sbc.org.br\/2025\/pt_br\/wp-json\/wp\/v2\/types\/page"}],"author":[{"embeddable":true,"href":"https:\/\/sbrc.sbc.org.br\/2025\/pt_br\/wp-json\/wp\/v2\/users\/7"}],"replies":[{"embeddable":true,"href":"https:\/\/sbrc.sbc.org.br\/2025\/pt_br\/wp-json\/wp\/v2\/comments?post=6555"}],"version-history":[{"count":4,"href":"https:\/\/sbrc.sbc.org.br\/2025\/pt_br\/wp-json\/wp\/v2\/pages\/6555\/revisions"}],"predecessor-version":[{"id":7072,"href":"https:\/\/sbrc.sbc.org.br\/2025\/pt_br\/wp-json\/wp\/v2\/pages\/6555\/revisions\/7072"}],"wp:attachment":[{"href":"https:\/\/sbrc.sbc.org.br\/2025\/pt_br\/wp-json\/wp\/v2\/media?parent=6555"}],"curies":[{"name":"wp","href":"https:\/\/api.w.org\/{rel}","templated":true}]}}