{"id":6464,"date":"2025-01-23T18:08:16","date_gmt":"2025-01-23T21:08:16","guid":{"rendered":"https:\/\/sbrc.sbc.org.br\/2025\/?page_id=6464"},"modified":"2025-03-28T14:53:04","modified_gmt":"2025-03-28T17:53:04","slug":"viii-workshop-de-trabalhos-de-iniciacao-cientifica-e-de-graduacao-wtg-2025","status":"publish","type":"page","link":"https:\/\/sbrc.sbc.org.br\/2025\/pt_br\/viii-workshop-de-trabalhos-de-iniciacao-cientifica-e-de-graduacao-wtg-2025\/","title":{"rendered":"VIII\u00a0Workshop de Trabalhos de Inicia\u00e7\u00e3o Cient\u00edfica e de Gradua\u00e7\u00e3o\u00a0(WTG 2025)"},"content":{"rendered":"<div data-colibri-id=\"6464-c1\" class=\"style-1175 style-local-6464-c1 position-relative\">\n  <!---->\n  <div data-colibri-component=\"section\" data-colibri-id=\"6464-c2\" id=\"custom\" class=\"h-section h-section-global-spacing d-flex align-items-lg-center align-items-md-center align-items-center style-1176 style-local-6464-c2 position-relative\">\n    <!---->\n    <!---->\n    <div class=\"h-section-grid-container h-section-boxed-container\">\n      <!---->\n      <div data-colibri-id=\"6464-c3\" class=\"h-row-container gutters-row-lg-2 gutters-row-md-2 gutters-row-0 gutters-row-v-lg-2 gutters-row-v-md-2 gutters-row-v-2 style-1177 style-local-6464-c3 position-relative\">\n        <!---->\n        <div class=\"h-row justify-content-lg-center justify-content-md-center justify-content-center align-items-lg-stretch align-items-md-stretch align-items-stretch gutters-col-lg-2 gutters-col-md-2 gutters-col-0 gutters-col-v-lg-2 gutters-col-v-md-2 gutters-col-v-2\">\n          <!---->\n          <div class=\"h-column h-column-container d-flex h-col-lg-auto h-col-md-auto h-col-auto style-1178-outer style-local-6464-c4-outer\">\n            <div data-colibri-id=\"6464-c4\" class=\"d-flex h-flex-basis h-column__inner h-px-lg-2 h-px-md-2 h-px-2 v-inner-lg-2 v-inner-md-2 v-inner-2 style-1178 style-local-6464-c4 position-relative\">\n              <!---->\n              <!---->\n              <div class=\"w-100 h-y-container h-column__content h-column__v-align flex-basis-100 align-self-lg-start align-self-md-start align-self-start\">\n                <!---->\n                <div data-colibri-id=\"6464-c5\" class=\"h-text h-text-component style-1179 style-local-6464-c5 position-relative h-element\">\n                  <!---->\n                  <!---->\n                  <div class=\"\">\n                    <h2>Datas Importantes<\/h2>\n                    <p><strong>Submiss\u00e3o de artigos:<\/strong>&nbsp;01\/04\/2025<strong><br>Comunica\u00e7\u00e3o de resultados:<\/strong>&nbsp;17\/04\/2025<strong><br>Envio de vers\u00e3o final dos artigos aceitos:<\/strong>&nbsp;22\/04\/2025<\/p>\n                    <p>\n                      <br>\n                    <\/p>\n                  <\/div>\n                <\/div>\n              <\/div>\n            <\/div>\n          <\/div>\n          <div class=\"h-column h-column-container d-flex h-col-lg-auto h-col-md-auto h-col-auto style-1180-outer style-local-6464-c6-outer\">\n            <div data-colibri-id=\"6464-c6\" class=\"d-flex h-flex-basis h-column__inner h-ui-empty-state-container h-px-lg-2 h-px-md-2 h-px-2 v-inner-lg-2 v-inner-md-2 v-inner-2 style-1180 style-local-6464-c6 position-relative\">\n              <!---->\n              <!---->\n              <div class=\"w-100 h-y-container h-column__content h-column__v-align flex-basis-100\">\n                <!---->\n              <\/div>\n            <\/div>\n          <\/div>\n        <\/div>\n      <\/div>\n      <div data-colibri-id=\"6464-c7\" class=\"h-row-container gutters-row-lg-2 gutters-row-md-2 gutters-row-0 gutters-row-v-lg-2 gutters-row-v-md-2 gutters-row-v-2 style-1181 style-local-6464-c7 position-relative\">\n        <!---->\n        <div class=\"h-row justify-content-lg-center justify-content-md-center justify-content-center align-items-lg-stretch align-items-md-stretch align-items-stretch gutters-col-lg-2 gutters-col-md-2 gutters-col-0 gutters-col-v-lg-2 gutters-col-v-md-2 gutters-col-v-2\">\n          <!---->\n          <div class=\"h-column h-column-container d-flex h-col-lg-auto h-col-md-auto h-col-auto style-1182-outer style-local-6464-c8-outer\">\n            <div data-colibri-id=\"6464-c8\" class=\"d-flex h-flex-basis h-column__inner h-px-lg-2 h-px-md-2 h-px-2 v-inner-lg-2 v-inner-md-2 v-inner-2 style-1182 style-local-6464-c8 position-relative\">\n              <!---->\n              <!---->\n              <div class=\"w-100 h-y-container h-column__content h-column__v-align flex-basis-100 align-self-lg-start align-self-md-start align-self-start\">\n                <!---->\n                <div data-colibri-id=\"6464-c9\" class=\"h-text h-text-component style-1183 style-local-6464-c9 position-relative h-element\">\n                  <!---->\n                  <!---->\n                  <div class=\"\">\n                    <h2>Apresenta\u00e7\u00e3o<\/h2>\n                    <p>O <strong>Workshop de Trabalhos de Inicia\u00e7\u00e3o Cient\u00edfica e de Gradua\u00e7\u00e3o (WTG)<\/strong> tem como objetivo a inser\u00e7\u00e3o de trabalhos de n\u00edvel de Gradua\u00e7\u00e3o no SBRC, encorajando a participa\u00e7\u00e3o de estudantes de Gradua\u00e7\u00e3o no Simp\u00f3sio e representando\n                      uma oportunidade aos futuros pesquisadores nas \u00e1reas tem\u00e1ticas do evento. A participa\u00e7\u00e3o no WTG traz em sua ess\u00eancia a observ\u00e2ncia de achados cient\u00edficos realizados por potenciais futuros pesquisadores que se encontram em fase de\n                      Gradua\u00e7\u00e3o ou rec\u00e9m-formados.<\/p>\n                    <p>No contexto do WTG, o t\u00edpico trabalho de um estudante de Gradua\u00e7\u00e3o tem forte voca\u00e7\u00e3o cient\u00edfico-tecnol\u00f3gica. Espera-se promover a divulga\u00e7\u00e3o de trabalhos com s\u00f3lida base cient\u00edfica, relatando achados relevantes para a \u00e1rea, possivelmente\n                      apresentando resultados oriundos de experimenta\u00e7\u00f5es e implementa\u00e7\u00f5es nos mais diversos ambientes, em pleno exerc\u00edcio das mais variadas t\u00e9cnicas e metodologias cient\u00edficas.<\/p>\n                    <p>\n                      <br>\n                    <\/p>\n                    <h2>T\u00f3picos de Interesse<\/h2>\n                    <p>A lista n\u00e3o exaustiva de t\u00f3picos de interesse inclui:<\/p>\n                    <ul>\n                      <li>Aplica\u00e7\u00f5es de <em>Big Data<\/em> e aprendizado de m\u00e1quina em redes de computadores e sistemas distribu\u00eddos<\/li>\n                      <li>Aplica\u00e7\u00f5es inteligentes (cidades, agricultura, sa\u00fade, ind\u00fastria, casas, <em>smart grid<\/em>)<\/li>\n                      <li>Blockchain e <em>distributed ledger technologies<\/em><\/li>\n                      <li>Computa\u00e7\u00e3o intensiva de dados, an\u00e1lise e minera\u00e7\u00e3o de dados<\/li>\n                      <li>Computa\u00e7\u00e3o m\u00f3vel<\/li>\n                      <li>Computa\u00e7\u00e3o na nuvem, na n\u00e9voa, na borda e orientada a servi\u00e7os<\/li>\n                      <li>Computa\u00e7\u00e3o social<\/li>\n                      <li>Computa\u00e7\u00e3o ub\u00edqua, pervasiva e sens\u00edvel ao contexto<\/li>\n                      <li>Computa\u00e7\u00e3o urbana<\/li>\n                      <li>Desempenho, escalabilidade e confiabilidade<\/li>\n                      <li>Engenharia de redes e controle de tr\u00e1fego<\/li>\n                      <li>Gerenciamento, opera\u00e7\u00e3o, projeto e an\u00e1lise de redes<\/li>\n                      <li>Internet das Coisas e sistemas ciberf\u00edsicos<\/li>\n                      <li>Internet do Futuro<\/li>\n                      <li>Medi\u00e7\u00e3o e monitora\u00e7\u00e3o de redes<\/li>\n                      <li>Modelos e arquiteturas de dados para <em>Big Data<\/em><\/li>\n                      <li>Qualidade de servi\u00e7o (QoS) e de experi\u00eancia (QoE)<\/li>\n                      <li>Redes 5G\/6G e suas aplica\u00e7\u00f5es<\/li>\n                      <li>Redes centradas na informa\u00e7\u00e3o<\/li>\n                      <li>Redes \u00f3ticas<\/li>\n                      <li>Redes qu\u00e2nticas e nanoredes<\/li>\n                      <li>Redes sociais (online, m\u00f3veis e pervasivas)<\/li>\n                      <li>Redes tolerantes a atrasos\/interrup\u00e7\u00f5es<\/li>\n                      <li>Redes veiculares, rob\u00f3ticas e de drones<\/li>\n                      <li>Redes verdes (<em>green networking<\/em>)<\/li>\n                      <li>Seguran\u00e7a em redes e em sistemas distribu\u00eddos<\/li>\n                      <li>Simula\u00e7\u00e3o e emula\u00e7\u00e3o de redes<\/li>\n                      <li>Softwariza\u00e7\u00e3o de redes (SDN, NFV, P4)<\/li>\n                      <li>Toler\u00e2ncia a falhas e resili\u00eancia<\/li>\n                      <li>Virtualiza\u00e7\u00e3o de redes<\/li>\n                    <\/ul>\n                    <p>\n                      <br>\n                    <\/p>\n                    <h2>Instru\u00e7\u00f5es aos Autores<\/h2>\n                    <p>Os artigos a serem submetidos ao WTG 2025 devem ser escritos em portugu\u00eas ou ingl\u00eas, com no m\u00e1ximo&nbsp;<strong>8<\/strong> <strong>p\u00e1ginas<\/strong>, incluindo resumo, figuras, anexos, refer\u00eancias, etc. Cada artigo dever\u00e1 ter no m\u00ednimo\n                      dois autores, sendo um estudante de Gradua\u00e7\u00e3o ou estudante rec\u00e9m-formado (conclu\u00eddo a Gradua\u00e7\u00e3o em 2024) e um professor respons\u00e1vel pela orienta\u00e7\u00e3o do trabalho. Todos os artigos devem ser obrigatoriamente formatados seguindo o&nbsp;\n                      <a\n                        href=\"https:\/\/www.sbc.org.br\/wp-content\/uploads\/2024\/07\/modelosparapublicaodeartigos.zip\" class=\"customize-unpreviewable\">Modelo para Publica\u00e7\u00e3o de Artigos da SBC<\/a>. \u00c9 importante ressaltar ainda que&nbsp;os artigos a serem submetidos devem seguir o&nbsp;\n                        <a href=\"https:\/\/www.sbc.org.br\/documentos-da-sbc\/summary\/245-codigo-de-etica-sbc\/1489-revisao-e-atualizacao-do-codigo-de-conduta-para-autores\"\n                          class=\"customize-unpreviewable\">C\u00f3digo de Conduta para Autores em Publica\u00e7\u00f5es da SBC<\/a>, aprovado pelo Conselho da SBC em fevereiro de 2024. A submiss\u00e3o de artigos ser\u00e1 exclusivamente eletr\u00f4nica, por meio do sistema&nbsp;\n                        <a href=\"https:\/\/jems3.sbc.org.br\/wtg2025\"\n                          class=\"customize-unpreviewable\">JEMS3<\/a>.<\/p>\n                    <p>Todos os artigos aceitos e revisados, segundo as recomenda\u00e7\u00f5es do Comit\u00ea de Programa do WTG 2025, ser\u00e3o publicados em acesso aberto na biblioteca digital da SBC, a SBC OpenLibrary (SOL), na&nbsp;\n                      <a href=\"https:\/\/sol.sbc.org.br\/index.php\/sbrc_estendido\"\n                        class=\"customize-unpreviewable\">s\u00e9rie de Anais Estendidos do SBRC<\/a>. A publica\u00e7\u00e3o dos artigos aceitos requer a inscri\u00e7\u00e3o de pelo menos um autor no SBRC 2025, bem como a apresenta\u00e7\u00e3o oral do artigo durante o evento.<\/p>\n                    <p>\n                      <br>\n                    <\/p>\n                    <h2>MELHORES ARTIGOS<\/h2>\n                    <p><span style=\"font-weight: 400; font-size: 16px; font-family: &quot;Open Sans&quot;; color: rgb(77, 77, 77);\">Assim como nas edi\u00e7\u00f5es anteriores do workshop, os tr\u00eas melhores artigos no WTG 2025 ser\u00e3o premiados, recebendo um certificado. A premia\u00e7\u00e3o ocorrer\u00e1 em conjunto com o an\u00fancio dos melhores artigos do SBRC 2025.&nbsp;<\/span>Al\u00e9m\n                      disso, os melhores artigos do WTG 2025 ser\u00e3o convidados a submeter vers\u00f5es estendidas para publica\u00e7\u00e3o na\n                      <a href=\"https:\/\/periodicos2.uesb.br\/index.php\/recic\" target=\"_blank\" class=\"customize-unpreviewable\">Revista de Ci\u00eancia da Computa\u00e7\u00e3o (ReCiC)<\/a>.<\/p>\n                  <\/div>\n                <\/div>\n              <\/div>\n            <\/div>\n          <\/div>\n          <div class=\"h-column h-column-container d-flex h-col-lg-auto h-col-md-auto h-col-auto style-1184-outer style-local-6464-c10-outer\">\n            <div data-colibri-id=\"6464-c10\" class=\"d-flex h-flex-basis h-column__inner h-px-lg-2 h-px-md-2 h-px-2 v-inner-lg-2 v-inner-md-2 v-inner-2 style-1184 style-local-6464-c10 position-relative\">\n              <!---->\n              <!---->\n              <div class=\"w-100 h-y-container h-column__content h-column__v-align flex-basis-100 align-self-lg-start align-self-md-start align-self-start\">\n                <!---->\n                <div data-colibri-id=\"6464-c11\" class=\"h-text h-text-component style-1185 style-local-6464-c11 position-relative h-element\">\n                  <!---->\n                  <!---->\n                  <div class=\"\">\n                    <h2>Organiza\u00e7\u00e3o<\/h2>\n                    <p>Glauber Gon\u00e7alves (UFPI)<\/p>\n                    <p>Helder Oliveira (UFABC)<\/p>\n                  <\/div>\n                <\/div>\n              <\/div>\n            <\/div>\n          <\/div>\n          <div class=\"h-column h-column-container d-flex h-col-lg-auto h-col-md-auto h-col-auto style-1186-outer style-local-6464-c12-outer\">\n            <div data-colibri-id=\"6464-c12\" class=\"d-flex h-flex-basis h-column__inner h-px-lg-2 h-px-md-2 h-px-2 v-inner-lg-2 v-inner-md-2 v-inner-2 style-1186 style-local-6464-c12 position-relative\">\n              <!---->\n              <!---->\n              <div class=\"w-100 h-y-container h-column__content h-column__v-align flex-basis-100 align-self-lg-start align-self-md-start align-self-start\">\n                <!---->\n                <div data-colibri-id=\"6464-c13\" class=\"h-text h-text-component style-1187 style-local-6464-c13 position-relative h-element\">\n                  <!---->\n                  <!---->\n                  <div class=\"\">\n                    <h2>Comit\u00ea de Programa<\/h2>\n                    <p>Alberto Schaeffer Filho (UFRGS)<\/p>\n                    <p>Carlos Astudillo Trujillo (UNICAMP)<\/p>\n                    <p>Daniel Mac\u00eado Batista (IME-USP)<\/p>\n                    <p>Daniel Guidoni (UFSJ)<\/p>\n                    <p>Dionisio Leite (UFMS)<\/p>\n                    <p>Edmundo Madeira (UNICAMP)<\/p>\n                    <p>Geraldo Pereira (UESB)<\/p>\n                    <p>Glauber Gon\u00e7alves (UFPI)<\/p>\n                    <p>Helder Oliveira (UFABC)<\/p>\n                    <p>Joahannes Bruno Dias da Costa (UNICAMP)<\/p>\n                    <p>Jose Torres Neto (UFPI)<\/p>\n                    <p>Kelvin Lopes Dias (UFPE)<\/p>\n                    <p>Louren\u00e7o Alves Pereira J\u00fanior (ITA)<\/p>\n                    <p>Luis Hideo Vasconcelos Nakamura (IFSP Catanduva)<\/p>\n                    <p>Luiz Fernando Bittencourt (UNICAMP)<\/p>\n                    <p>Maycon Peixoto (UFBA)<\/p>\n                    <p>Rafael Lopes (UECE)<\/p>\n                    <p>Roberto Rigolin Ferreira Lopes (Fraunhofer FKIE, Alemanha)<\/p>\n                    <p>Roberto Sadao Yokoyama (UFABC)<\/p>\n                    <p>Robson de Grande (Brock University, Canad\u00e1)<\/p>\n                    <p>Rodolfo Ipolito Meneguette (ICMC-USP)<\/p>\n                    <p>Rodrigo Miani (UFU)<\/p>\n                    <p>Roger Immich (UFRN)<\/p>\n                    <p>Silvana Rossetto (UFRJ)<\/p>\n                    <p>Takeo Ademar (PUCSP)<\/p>\n                    <p>Tiago Ferreto (PUCRS)<\/p>\n                  <\/div>\n                <\/div>\n              <\/div>\n            <\/div>\n          <\/div>\n        <\/div>\n      <\/div>\n    <\/div>\n  <\/div>\n<\/div>","protected":false},"excerpt":{"rendered":"<p>Datas Importantes Submiss\u00e3o de artigos:&nbsp;01\/04\/2025Comunica\u00e7\u00e3o de resultados:&nbsp;17\/04\/2025Envio de vers\u00e3o final dos artigos aceitos:&nbsp;22\/04\/2025 Apresenta\u00e7\u00e3o O Workshop de Trabalhos de Inicia\u00e7\u00e3o Cient\u00edfica e de Gradua\u00e7\u00e3o (WTG) tem como objetivo a inser\u00e7\u00e3o de trabalhos de n\u00edvel de Gradua\u00e7\u00e3o no SBRC, encorajando a participa\u00e7\u00e3o de estudantes de Gradua\u00e7\u00e3o no Simp\u00f3sio e representando uma oportunidade aos futuros pesquisadores nas [&hellip;]<\/p>\n","protected":false},"author":7,"featured_media":0,"parent":0,"menu_order":0,"comment_status":"closed","ping_status":"closed","template":"page-templates\/full-width-page.php","meta":{"footnotes":""},"class_list":["post-6464","page","type-page","status-publish","hentry"],"yoast_head":"<!-- This site is optimized with the Yoast SEO plugin v27.4 - https:\/\/yoast.com\/product\/yoast-seo-wordpress\/ -->\n<title>VIII\u00a0Workshop de Trabalhos de Inicia\u00e7\u00e3o Cient\u00edfica e de Gradua\u00e7\u00e3o\u00a0(WTG 2025) - SBRC 2025<\/title>\n<meta name=\"robots\" content=\"index, follow, max-snippet:-1, max-image-preview:large, max-video-preview:-1\" \/>\n<link rel=\"canonical\" href=\"https:\/\/sbrc.sbc.org.br\/2025\/pt_br\/viii-workshop-de-trabalhos-de-iniciacao-cientifica-e-de-graduacao-wtg-2025\/\" \/>\n<meta property=\"og:locale\" content=\"pt_BR\" \/>\n<meta property=\"og:type\" content=\"article\" \/>\n<meta property=\"og:title\" content=\"VIII\u00a0Workshop de Trabalhos de Inicia\u00e7\u00e3o Cient\u00edfica e de Gradua\u00e7\u00e3o\u00a0(WTG 2025) - SBRC 2025\" \/>\n<meta property=\"og:description\" content=\"Datas Importantes Submiss\u00e3o de artigos:&nbsp;01\/04\/2025Comunica\u00e7\u00e3o de resultados:&nbsp;17\/04\/2025Envio de vers\u00e3o final dos artigos aceitos:&nbsp;22\/04\/2025 Apresenta\u00e7\u00e3o O Workshop de Trabalhos de Inicia\u00e7\u00e3o Cient\u00edfica e de Gradua\u00e7\u00e3o (WTG) tem como objetivo a inser\u00e7\u00e3o de trabalhos de n\u00edvel de Gradua\u00e7\u00e3o no SBRC, encorajando a participa\u00e7\u00e3o de estudantes de Gradua\u00e7\u00e3o no Simp\u00f3sio e representando uma oportunidade aos futuros pesquisadores nas [&hellip;]\" \/>\n<meta property=\"og:url\" content=\"https:\/\/sbrc.sbc.org.br\/2025\/pt_br\/viii-workshop-de-trabalhos-de-iniciacao-cientifica-e-de-graduacao-wtg-2025\/\" \/>\n<meta property=\"og:site_name\" content=\"SBRC 2025\" \/>\n<meta property=\"article:modified_time\" content=\"2025-03-28T17:53:04+00:00\" \/>\n<meta property=\"og:image\" content=\"https:\/\/sbrc.sbc.org.br\/2025\/wp-content\/uploads\/2024\/07\/Captura-de-tela-2024-07-04-115159.png\" \/>\n\t<meta property=\"og:image:width\" content=\"821\" \/>\n\t<meta property=\"og:image:height\" content=\"466\" \/>\n\t<meta property=\"og:image:type\" content=\"image\/png\" \/>\n<meta name=\"twitter:card\" content=\"summary_large_image\" \/>\n<meta name=\"twitter:label1\" content=\"Est. tempo de leitura\" \/>\n\t<meta name=\"twitter:data1\" content=\"4 minutos\" \/>\n<script type=\"application\/ld+json\" class=\"yoast-schema-graph\">{\"@context\":\"https:\\\/\\\/schema.org\",\"@graph\":[{\"@type\":\"WebPage\",\"@id\":\"https:\\\/\\\/sbrc.sbc.org.br\\\/2025\\\/viii-workshop-de-trabalhos-de-iniciacao-cientifica-e-de-graduacao-wtg-2025\\\/\",\"url\":\"https:\\\/\\\/sbrc.sbc.org.br\\\/2025\\\/viii-workshop-de-trabalhos-de-iniciacao-cientifica-e-de-graduacao-wtg-2025\\\/\",\"name\":\"VIII\u00a0Workshop de Trabalhos de Inicia\u00e7\u00e3o Cient\u00edfica e de Gradua\u00e7\u00e3o\u00a0(WTG 2025) - SBRC 2025\",\"isPartOf\":{\"@id\":\"https:\\\/\\\/sbrc.sbc.org.br\\\/2025\\\/#website\"},\"datePublished\":\"2025-01-23T21:08:16+00:00\",\"dateModified\":\"2025-03-28T17:53:04+00:00\",\"breadcrumb\":{\"@id\":\"https:\\\/\\\/sbrc.sbc.org.br\\\/2025\\\/viii-workshop-de-trabalhos-de-iniciacao-cientifica-e-de-graduacao-wtg-2025\\\/#breadcrumb\"},\"inLanguage\":\"pt-BR\",\"potentialAction\":[{\"@type\":\"ReadAction\",\"target\":[\"https:\\\/\\\/sbrc.sbc.org.br\\\/2025\\\/viii-workshop-de-trabalhos-de-iniciacao-cientifica-e-de-graduacao-wtg-2025\\\/\"]}]},{\"@type\":\"BreadcrumbList\",\"@id\":\"https:\\\/\\\/sbrc.sbc.org.br\\\/2025\\\/viii-workshop-de-trabalhos-de-iniciacao-cientifica-e-de-graduacao-wtg-2025\\\/#breadcrumb\",\"itemListElement\":[{\"@type\":\"ListItem\",\"position\":1,\"name\":\"In\u00edcio\",\"item\":\"https:\\\/\\\/sbrc.sbc.org.br\\\/2025\\\/\"},{\"@type\":\"ListItem\",\"position\":2,\"name\":\"VIII\u00a0Workshop de Trabalhos de Inicia\u00e7\u00e3o Cient\u00edfica e de Gradua\u00e7\u00e3o\u00a0(WTG 2025)\"}]},{\"@type\":\"WebSite\",\"@id\":\"https:\\\/\\\/sbrc.sbc.org.br\\\/2025\\\/#website\",\"url\":\"https:\\\/\\\/sbrc.sbc.org.br\\\/2025\\\/\",\"name\":\"SBRC 2025\",\"description\":\"43\u00ba Simp\u00f3sio Brasileiro de Redes de Computadores e Sistemas Distribu\u00eddos\",\"publisher\":{\"@id\":\"https:\\\/\\\/sbrc.sbc.org.br\\\/2025\\\/#organization\"},\"potentialAction\":[{\"@type\":\"SearchAction\",\"target\":{\"@type\":\"EntryPoint\",\"urlTemplate\":\"https:\\\/\\\/sbrc.sbc.org.br\\\/2025\\\/?s={search_term_string}\"},\"query-input\":{\"@type\":\"PropertyValueSpecification\",\"valueRequired\":true,\"valueName\":\"search_term_string\"}}],\"inLanguage\":\"pt-BR\"},{\"@type\":\"Organization\",\"@id\":\"https:\\\/\\\/sbrc.sbc.org.br\\\/2025\\\/#organization\",\"name\":\"SBRC 2025\",\"url\":\"https:\\\/\\\/sbrc.sbc.org.br\\\/2025\\\/\",\"logo\":{\"@type\":\"ImageObject\",\"inLanguage\":\"pt-BR\",\"@id\":\"https:\\\/\\\/sbrc.sbc.org.br\\\/2025\\\/#\\\/schema\\\/logo\\\/image\\\/\",\"url\":\"https:\\\/\\\/sbrc.sbc.org.br\\\/2025\\\/wp-content\\\/uploads\\\/2024\\\/04\\\/cropped-cropped-v2@4x-1.png\",\"contentUrl\":\"https:\\\/\\\/sbrc.sbc.org.br\\\/2025\\\/wp-content\\\/uploads\\\/2024\\\/04\\\/cropped-cropped-v2@4x-1.png\",\"width\":5226,\"height\":4892,\"caption\":\"SBRC 2025\"},\"image\":{\"@id\":\"https:\\\/\\\/sbrc.sbc.org.br\\\/2025\\\/#\\\/schema\\\/logo\\\/image\\\/\"},\"sameAs\":[\"https:\\\/\\\/www.instagram.com\\\/simposio.sbrc\\\/\"]}]}<\/script>\n<!-- \/ Yoast SEO plugin. -->","yoast_head_json":{"title":"VIII\u00a0Workshop de Trabalhos de Inicia\u00e7\u00e3o Cient\u00edfica e de Gradua\u00e7\u00e3o\u00a0(WTG 2025) - SBRC 2025","robots":{"index":"index","follow":"follow","max-snippet":"max-snippet:-1","max-image-preview":"max-image-preview:large","max-video-preview":"max-video-preview:-1"},"canonical":"https:\/\/sbrc.sbc.org.br\/2025\/pt_br\/viii-workshop-de-trabalhos-de-iniciacao-cientifica-e-de-graduacao-wtg-2025\/","og_locale":"pt_BR","og_type":"article","og_title":"VIII\u00a0Workshop de Trabalhos de Inicia\u00e7\u00e3o Cient\u00edfica e de Gradua\u00e7\u00e3o\u00a0(WTG 2025) - SBRC 2025","og_description":"Datas Importantes Submiss\u00e3o de artigos:&nbsp;01\/04\/2025Comunica\u00e7\u00e3o de resultados:&nbsp;17\/04\/2025Envio de vers\u00e3o final dos artigos aceitos:&nbsp;22\/04\/2025 Apresenta\u00e7\u00e3o O Workshop de Trabalhos de Inicia\u00e7\u00e3o Cient\u00edfica e de Gradua\u00e7\u00e3o (WTG) tem como objetivo a inser\u00e7\u00e3o de trabalhos de n\u00edvel de Gradua\u00e7\u00e3o no SBRC, encorajando a participa\u00e7\u00e3o de estudantes de Gradua\u00e7\u00e3o no Simp\u00f3sio e representando uma oportunidade aos futuros pesquisadores nas [&hellip;]","og_url":"https:\/\/sbrc.sbc.org.br\/2025\/pt_br\/viii-workshop-de-trabalhos-de-iniciacao-cientifica-e-de-graduacao-wtg-2025\/","og_site_name":"SBRC 2025","article_modified_time":"2025-03-28T17:53:04+00:00","og_image":[{"width":821,"height":466,"url":"https:\/\/sbrc.sbc.org.br\/2025\/wp-content\/uploads\/2024\/07\/Captura-de-tela-2024-07-04-115159.png","type":"image\/png"}],"twitter_card":"summary_large_image","twitter_misc":{"Est. tempo de leitura":"4 minutos"},"schema":{"@context":"https:\/\/schema.org","@graph":[{"@type":"WebPage","@id":"https:\/\/sbrc.sbc.org.br\/2025\/viii-workshop-de-trabalhos-de-iniciacao-cientifica-e-de-graduacao-wtg-2025\/","url":"https:\/\/sbrc.sbc.org.br\/2025\/viii-workshop-de-trabalhos-de-iniciacao-cientifica-e-de-graduacao-wtg-2025\/","name":"VIII\u00a0Workshop de Trabalhos de Inicia\u00e7\u00e3o Cient\u00edfica e de Gradua\u00e7\u00e3o\u00a0(WTG 2025) - SBRC 2025","isPartOf":{"@id":"https:\/\/sbrc.sbc.org.br\/2025\/#website"},"datePublished":"2025-01-23T21:08:16+00:00","dateModified":"2025-03-28T17:53:04+00:00","breadcrumb":{"@id":"https:\/\/sbrc.sbc.org.br\/2025\/viii-workshop-de-trabalhos-de-iniciacao-cientifica-e-de-graduacao-wtg-2025\/#breadcrumb"},"inLanguage":"pt-BR","potentialAction":[{"@type":"ReadAction","target":["https:\/\/sbrc.sbc.org.br\/2025\/viii-workshop-de-trabalhos-de-iniciacao-cientifica-e-de-graduacao-wtg-2025\/"]}]},{"@type":"BreadcrumbList","@id":"https:\/\/sbrc.sbc.org.br\/2025\/viii-workshop-de-trabalhos-de-iniciacao-cientifica-e-de-graduacao-wtg-2025\/#breadcrumb","itemListElement":[{"@type":"ListItem","position":1,"name":"In\u00edcio","item":"https:\/\/sbrc.sbc.org.br\/2025\/"},{"@type":"ListItem","position":2,"name":"VIII\u00a0Workshop de Trabalhos de Inicia\u00e7\u00e3o Cient\u00edfica e de Gradua\u00e7\u00e3o\u00a0(WTG 2025)"}]},{"@type":"WebSite","@id":"https:\/\/sbrc.sbc.org.br\/2025\/#website","url":"https:\/\/sbrc.sbc.org.br\/2025\/","name":"SBRC 2025","description":"43\u00ba Simp\u00f3sio Brasileiro de Redes de Computadores e Sistemas Distribu\u00eddos","publisher":{"@id":"https:\/\/sbrc.sbc.org.br\/2025\/#organization"},"potentialAction":[{"@type":"SearchAction","target":{"@type":"EntryPoint","urlTemplate":"https:\/\/sbrc.sbc.org.br\/2025\/?s={search_term_string}"},"query-input":{"@type":"PropertyValueSpecification","valueRequired":true,"valueName":"search_term_string"}}],"inLanguage":"pt-BR"},{"@type":"Organization","@id":"https:\/\/sbrc.sbc.org.br\/2025\/#organization","name":"SBRC 2025","url":"https:\/\/sbrc.sbc.org.br\/2025\/","logo":{"@type":"ImageObject","inLanguage":"pt-BR","@id":"https:\/\/sbrc.sbc.org.br\/2025\/#\/schema\/logo\/image\/","url":"https:\/\/sbrc.sbc.org.br\/2025\/wp-content\/uploads\/2024\/04\/cropped-cropped-v2@4x-1.png","contentUrl":"https:\/\/sbrc.sbc.org.br\/2025\/wp-content\/uploads\/2024\/04\/cropped-cropped-v2@4x-1.png","width":5226,"height":4892,"caption":"SBRC 2025"},"image":{"@id":"https:\/\/sbrc.sbc.org.br\/2025\/#\/schema\/logo\/image\/"},"sameAs":["https:\/\/www.instagram.com\/simposio.sbrc\/"]}]}},"_links":{"self":[{"href":"https:\/\/sbrc.sbc.org.br\/2025\/pt_br\/wp-json\/wp\/v2\/pages\/6464","targetHints":{"allow":["GET"]}}],"collection":[{"href":"https:\/\/sbrc.sbc.org.br\/2025\/pt_br\/wp-json\/wp\/v2\/pages"}],"about":[{"href":"https:\/\/sbrc.sbc.org.br\/2025\/pt_br\/wp-json\/wp\/v2\/types\/page"}],"author":[{"embeddable":true,"href":"https:\/\/sbrc.sbc.org.br\/2025\/pt_br\/wp-json\/wp\/v2\/users\/7"}],"replies":[{"embeddable":true,"href":"https:\/\/sbrc.sbc.org.br\/2025\/pt_br\/wp-json\/wp\/v2\/comments?post=6464"}],"version-history":[{"count":5,"href":"https:\/\/sbrc.sbc.org.br\/2025\/pt_br\/wp-json\/wp\/v2\/pages\/6464\/revisions"}],"predecessor-version":[{"id":7065,"href":"https:\/\/sbrc.sbc.org.br\/2025\/pt_br\/wp-json\/wp\/v2\/pages\/6464\/revisions\/7065"}],"wp:attachment":[{"href":"https:\/\/sbrc.sbc.org.br\/2025\/pt_br\/wp-json\/wp\/v2\/media?parent=6464"}],"curies":[{"name":"wp","href":"https:\/\/api.w.org\/{rel}","templated":true}]}}