{"id":6452,"date":"2025-01-23T17:38:43","date_gmt":"2025-01-23T20:38:43","guid":{"rendered":"https:\/\/sbrc.sbc.org.br\/2025\/?page_id=6452"},"modified":"2025-05-17T01:20:51","modified_gmt":"2025-05-17T04:20:51","slug":"xxvi-workshop-de-testes-e-tolerancia-a-falhas-wtf-2025","status":"publish","type":"page","link":"https:\/\/sbrc.sbc.org.br\/2025\/pt_br\/xxvi-workshop-de-testes-e-tolerancia-a-falhas-wtf-2025\/","title":{"rendered":"XXVI Workshop de Testes e Toler\u00e2ncia a Falhas (WTF 2025)"},"content":{"rendered":"<div data-colibri-id=\"6452-c1\" class=\"style-1162 style-local-6452-c1 position-relative\">\n  <!---->\n  <div data-colibri-component=\"section\" data-colibri-id=\"6452-c2\" id=\"custom\" class=\"h-section h-section-global-spacing d-flex align-items-lg-center align-items-md-center align-items-center style-1163 style-local-6452-c2 position-relative\">\n    <!---->\n    <!---->\n    <div class=\"h-section-grid-container h-section-boxed-container\">\n      <!---->\n      <div data-colibri-id=\"6452-c3\" class=\"h-row-container gutters-row-lg-2 gutters-row-md-2 gutters-row-0 gutters-row-v-lg-2 gutters-row-v-md-2 gutters-row-v-2 style-1164 style-local-6452-c3 position-relative\">\n        <!---->\n        <div class=\"h-row justify-content-lg-center justify-content-md-center justify-content-center align-items-lg-stretch align-items-md-stretch align-items-stretch gutters-col-lg-2 gutters-col-md-2 gutters-col-0 gutters-col-v-lg-2 gutters-col-v-md-2 gutters-col-v-2\">\n          <!---->\n          <div class=\"h-column h-column-container d-flex h-col-lg-auto h-col-md-auto h-col-auto style-1165-outer style-local-6452-c4-outer\">\n            <div data-colibri-id=\"6452-c4\" class=\"d-flex h-flex-basis h-column__inner h-px-lg-2 h-px-md-2 h-px-2 v-inner-lg-2 v-inner-md-2 v-inner-2 style-1165 style-local-6452-c4 position-relative\">\n              <!---->\n              <!---->\n              <div class=\"w-100 h-y-container h-column__content h-column__v-align flex-basis-100 align-self-lg-start align-self-md-start align-self-start\">\n                <!---->\n                <div data-colibri-id=\"6452-c5\" class=\"h-text h-text-component style-1166 style-local-6452-c5 position-relative h-element\">\n                  <!---->\n                  <!---->\n                  <div class=\"\">\n                    <h2>Datas Importantes<\/h2>\n                    <p><strong>Submiss\u00e3o de artigos:<\/strong>&nbsp;01\/04\/2025<strong><br>Comunica\u00e7\u00e3o de resultados:<\/strong>&nbsp;17\/04\/2025<strong><br>Envio de vers\u00e3o final dos artigos aceitos:<\/strong>&nbsp;22\/04\/2025<\/p>\n                    <p>\n                      <br>\n                    <\/p>\n                  <\/div>\n                <\/div>\n              <\/div>\n            <\/div>\n          <\/div>\n          <div class=\"h-column h-column-container d-flex h-col-lg-auto h-col-md-auto h-col-auto style-1167-outer style-local-6452-c6-outer\">\n            <div data-colibri-id=\"6452-c6\" class=\"d-flex h-flex-basis h-column__inner h-ui-empty-state-container h-px-lg-2 h-px-md-2 h-px-2 v-inner-lg-2 v-inner-md-2 v-inner-2 style-1167 style-local-6452-c6 position-relative\">\n              <!---->\n              <!---->\n              <div class=\"w-100 h-y-container h-column__content h-column__v-align flex-basis-100\">\n                <!---->\n              <\/div>\n            <\/div>\n          <\/div>\n        <\/div>\n      <\/div>\n      <div data-colibri-id=\"6452-c7\" class=\"h-row-container gutters-row-lg-2 gutters-row-md-2 gutters-row-0 gutters-row-v-lg-2 gutters-row-v-md-2 gutters-row-v-2 style-1168 style-local-6452-c7 position-relative\">\n        <!---->\n        <div class=\"h-row justify-content-lg-center justify-content-md-center justify-content-center align-items-lg-stretch align-items-md-stretch align-items-stretch gutters-col-lg-2 gutters-col-md-2 gutters-col-0 gutters-col-v-lg-2 gutters-col-v-md-2 gutters-col-v-2\">\n          <!---->\n          <div class=\"h-column h-column-container d-flex h-col-lg-auto h-col-md-auto h-col-auto style-1169-outer style-local-6452-c8-outer\">\n            <div data-colibri-id=\"6452-c8\" class=\"d-flex h-flex-basis h-column__inner h-px-lg-2 h-px-md-2 h-px-2 v-inner-lg-2 v-inner-md-2 v-inner-2 style-1169 style-local-6452-c8 position-relative\">\n              <!---->\n              <!---->\n              <div class=\"w-100 h-y-container h-column__content h-column__v-align flex-basis-100 align-self-lg-start align-self-md-start align-self-start\">\n                <!---->\n                <div data-colibri-id=\"6452-c9\" class=\"h-text h-text-component style-1170 style-local-6452-c9 position-relative h-element\">\n                  <!---->\n                  <!---->\n                  <div class=\"\">\n                    <h2>Apresenta\u00e7\u00e3o<\/h2>\n                    <p>A \u00e1rea de pesquisa em testes e toler\u00e2ncia a falhas visa desenvolver teoria e t\u00e9cnicas para a constru\u00e7\u00e3o de sistemas computacionais confi\u00e1veis e de alta disponibilidade. Neste sentido, o <strong>Workshop de Testes e Toler\u00e2ncia a Falhas (WTF)<\/strong>                      tem sido, nos \u00faltimos 25 anos, o principal f\u00f3rum nacional da Comiss\u00e3o Especial de Sistemas Tolerantes a Falhas (CE-TF) da Sociedade Brasileira de Computa\u00e7\u00e3o (SBC).<\/p>\n                    <p>O WTF foi criado em 1998 para discuss\u00f5es e troca de ideias sobre trabalhos te\u00f3ricos e pr\u00e1ticos relacionados a testes e a toler\u00e2ncia a falhas, desenvolvidos tanto na academia como na ind\u00fastria. Nesta edi\u00e7\u00e3o, al\u00e9m de abordar temas e\n                      pesquisas tradicionais na \u00e1rea, o workshop pretende abordar os desafios introduzidos por novas tecnologias e t\u00e9cnicas de desenvolvimento para sistemas, como <em>blockchain<\/em>, Internet descentralizada, testes e toler\u00e2ncia a falhas\n                      em redes 5G, futuras redes 6G e engenharia de confiabilidade de sites (SRE). O programa do workshop visa incluir palestras, tutoriais e apresenta\u00e7\u00e3o de artigos regulares e resumos estendidos em sess\u00f5es divididas em dois turnos de\n                      trabalho.<\/p>\n                    <p>Embora tradicional, o workshop continua a atrair pesquisadores, evidenciando a cont\u00ednua demanda pela constru\u00e7\u00e3o de sistemas confi\u00e1veis em face de novas propostas e tecnologias emergentes. Os t\u00f3picos de interesse abordam temas inovadores,\n                      como <em>cloud continuum<\/em>, <em>blockchain<\/em>, <em>in-network computing<\/em> e virtualiza\u00e7\u00e3o de servi\u00e7os de rede com alta disponibilidade.<\/p>\n                    <p>\n                      <br>\n                    <\/p>\n                    <h2>T\u00f3picos de Interesse<\/h2>\n                    <p>Pesquisadores s\u00e3o convidados a submeter trabalhos que abordem pesquisas relacionadas com testes e toler\u00e2ncia a falhas. Autores que possuam trabalhos com resultados preliminares ou trabalhos em andamento tamb\u00e9m s\u00e3o encorajados a submeter\n                      artigos. A lista n\u00e3o exaustiva de t\u00f3picos de interesse para o WTF 2025 \u00e9 a seguinte:<\/p>\n                    <ul>\n                      <li>Algoritmos distribu\u00eddos<\/li>\n                      <li>Arquiteturas para alta disponibilidade de hardware e software<\/li>\n                      <li>Banco de dados distribu\u00eddos tolerantes a falhas<\/li>\n                      <li><em>Blockchain<\/em>, registros distribu\u00eddos (DLT) e Internet descentralizada<\/li>\n                      <li><em>Clusters<\/em> de alta disponibilidade<\/li>\n                      <li>Comunica\u00e7\u00e3o em grupo, <em>multicast<\/em> e roteamento<\/li>\n                      <li>Computa\u00e7\u00e3o m\u00f3vel e embarcada<\/li>\n                      <li>Confiabilidade de grades e nuvens computacionais<\/li>\n                      <li>Confiabilidade de Redes P2P, m\u00f3veis e <em>ad hoc<\/em><\/li>\n                      <li>Confiabilidade em sistemas de aprendizado de m\u00e1quina e intelig\u00eancia artificial<\/li>\n                      <li>Confiabilidade, seguran\u00e7a e testes em virtualiza\u00e7\u00e3o<\/li>\n                      <li>Detec\u00e7\u00e3o e recupera\u00e7\u00e3o de falhas<\/li>\n                      <li>Disponibilidade em sistemas ciberf\u00edsicos (CPS) e ciber-humanos (CHS)<\/li>\n                      <li>Engenharia de confiabilidade de sites (SRE)<\/li>\n                      <li>Ferramentas e automa\u00e7\u00e3o de testes<\/li>\n                      <li>M\u00e9todos anal\u00edticos para determina\u00e7\u00e3o de confiabilidade<\/li>\n                      <li>Robustez de <em>middleware<\/em>, servi\u00e7os Web e arquiteturas de microsservi\u00e7os<\/li>\n                      <li>Seguran\u00e7a de informa\u00e7\u00e3o (<em>security<\/em>)<\/li>\n                      <li>Seguran\u00e7a de opera\u00e7\u00e3o (<em>safety<\/em>)<\/li>\n                      <li>Sistemas adaptativos e auton\u00f4micos<\/li>\n                      <li>Sistemas de tempo real<\/li>\n                      <li>T\u00e9cnicas de toler\u00e2ncia a falhas em linguagens de programa\u00e7\u00e3o<\/li>\n                      <li>T\u00e9cnicas de toler\u00e2ncia a falhas para sistemas operacionais<\/li>\n                      <li>T\u00e9cnicas\/gera\u00e7\u00e3o de dados de teste<\/li>\n                      <li>Testes de desempenho (<em>benchmarking<\/em>)<\/li>\n                      <li>Testes e t\u00e9cnicas de confiabilidade em redes 5G e B5G (<em>Beyond 5G<\/em>)<\/li>\n                      <li>Testes e toler\u00e2ncia a falhas em Internet das Coisas, cidades inteligentes, Ind\u00fastria 4.0, agricultura inteligente, etc.<\/li>\n                      <li>Toler\u00e2ncia a falhas em computa\u00e7\u00e3o em nuvem, computa\u00e7\u00e3o de borda e sistemas embarcados<\/li>\n                      <li>Toler\u00e2ncia a falhas<\/li>\n                      <li>Toler\u00e2ncia a intrus\u00f5es<\/li>\n                      <li>Valida\u00e7\u00e3o experimental e simula\u00e7\u00e3o<\/li>\n                    <\/ul>\n                    <p>\n                      <br>\n                    <\/p>\n                    <h2>Instru\u00e7\u00f5es aos Autores<\/h2>\n                    <p>Os artigos a serem submetidos ao WTF 2025 devem ser escritos em portugu\u00eas ou ingl\u00eas, com no m\u00e1ximo <strong>14 p\u00e1ginas<\/strong>, incluindo resumo, figuras (evitando figuras em <em>bitmap<\/em> ou muito pequenas), anexos, refer\u00eancias,\n                      etc. Autores podem submeter resumos estendidos, com resultados de pesquisas preliminares, novas diretrizes, vis\u00f5es cr\u00edticas ou li\u00e7\u00f5es apreendidas, contendo no m\u00e1ximo <strong>5 p\u00e1ginas<\/strong>. Todos os artigos devem ser obrigatoriamente\n                      formatados seguindo o&nbsp;\n                      <a href=\"https:\/\/www.sbc.org.br\/wp-content\/uploads\/2024\/07\/modelosparapublicaodeartigos.zip\" class=\"customize-unpreviewable\">Modelo para Publica\u00e7\u00e3o de Artigos da SBC<\/a>.<\/p>\n                    <p>\u00c9 importante ressaltar ainda que&nbsp;os artigos a serem submetidos devem seguir o&nbsp;\n                      <a href=\"https:\/\/www.sbc.org.br\/documentos-da-sbc\/summary\/245-codigo-de-etica-sbc\/1489-revisao-e-atualizacao-do-codigo-de-conduta-para-autores\"\n                        class=\"customize-unpreviewable\">C\u00f3digo de Conduta para Autores em Publica\u00e7\u00f5es da SBC<\/a>, aprovado pelo Conselho da SBC em fevereiro de 2024. A submiss\u00e3o de artigos ser\u00e1 exclusivamente eletr\u00f4nica, por meio do sistema&nbsp;\n                      <a href=\"https:\/\/jems3.sbc.org.br\/wtf2025\"\n                        class=\"customize-unpreviewable\">JEMS3<\/a>.<\/p>\n                    <p>Todos os artigos aceitos e revisados, segundo as recomenda\u00e7\u00f5es do Comit\u00ea de Programa do WTF 2025, ser\u00e3o publicados na biblioteca digital da SBC, a SBC OpenLibrary (SOL), na\n                      <a href=\"https:\/\/sol.sbc.org.br\/index.php\/wtf\" class=\"customize-unpreviewable\">s\u00e9rie do WTF<\/a>. A publica\u00e7\u00e3o dos artigos aceitos requer a inscri\u00e7\u00e3o de pelo menos um autor no SBRC 2025, bem como a apresenta\u00e7\u00e3o oral do artigo durante o evento.<\/p>\n                  <\/div>\n                <\/div>\n              <\/div>\n            <\/div>\n          <\/div>\n          <div class=\"h-column h-column-container d-flex h-col-lg-auto h-col-md-auto h-col-auto style-1171-outer style-local-6452-c10-outer\">\n            <div data-colibri-id=\"6452-c10\" class=\"d-flex h-flex-basis h-column__inner h-px-lg-2 h-px-md-2 h-px-2 v-inner-lg-2 v-inner-md-2 v-inner-2 style-1171 style-local-6452-c10 position-relative\">\n              <!---->\n              <!---->\n              <div class=\"w-100 h-y-container h-column__content h-column__v-align flex-basis-100 align-self-lg-start align-self-md-start align-self-start\">\n                <!---->\n                <div data-colibri-id=\"6452-c11\" class=\"h-text h-text-component style-1172 style-local-6452-c11 position-relative h-element\">\n                  <!---->\n                  <!---->\n                  <div class=\"\">\n                    <h2>Organiza\u00e7\u00e3o<\/h2>\n                    <p>Paulo Coelho (UFU)<\/p>\n                  <\/div>\n                <\/div>\n              <\/div>\n            <\/div>\n          <\/div>\n          <div class=\"h-column h-column-container d-flex h-col-lg-auto h-col-md-auto h-col-auto style-1173-outer style-local-6452-c12-outer\">\n            <div data-colibri-id=\"6452-c12\" class=\"d-flex h-flex-basis h-column__inner h-px-lg-2 h-px-md-2 h-px-2 v-inner-lg-2 v-inner-md-2 v-inner-2 style-1173 style-local-6452-c12 position-relative\">\n              <!---->\n              <!---->\n              <div class=\"w-100 h-y-container h-column__content h-column__v-align flex-basis-100 align-self-lg-start align-self-md-start align-self-start\">\n                <!---->\n                <div data-colibri-id=\"6452-c13\" class=\"h-text h-text-component style-1174 style-local-6452-c13 position-relative h-element\">\n                  <!---->\n                  <!---->\n                  <div class=\"\">\n                    <h2>Comit\u00ea de Programa<\/h2>\n                    <ul>\n                      <li>Aldelir Fernando Luiz (IFCatarinense)<\/li>\n                      <li>Aldri Luiz dos Santos (UFMG)<\/li>\n                      <li>Allan Edgard Silva Freitas (IFBA)<\/li>\n                      <li>Andr\u00e9 Luiz de Oliveira (UFJF)<\/li>\n                      <li>Antonio Augusto Frohlich (UFSC)<\/li>\n                      <li>Anubis Graciela de Moraes Rossetto (IFSul)<\/li>\n                      <li>Edson Tavares de Camargo (UTFPR)<\/li>\n                      <li>Eduardo Alchieri (UnB)<\/li>\n                      <li>Eduardo Antonio Guimaraes Tavares (UFPE)<\/li>\n                      <li>Elias P. Duarte Jr. (UFPR)<\/li>\n                      <li>Ermeson Andrade (UFRPE)<\/li>\n                      <li>Giovanni Ven\u00e2ncio (UFPR)<\/li>\n                      <li>Guilherme P. Koslovski (UDESC)<\/li>\n                      <li>Gustavo Maciel Dias Vieira (UFSCar)<\/li>\n                      <li>Gustavo Rau de Almeida Callou (UFRPE)<\/li>\n                      <li>Leonardo Montecchi (Norwegian University of Science and Technology, Noruega)<\/li>\n                      <li>Lourenco Alves Pereira Jr (ITA)<\/li>\n                      <li>Luciana Arantes (Sorbonne Universit\u00e9, Fran\u00e7a)<\/li>\n                      <li>Luiz A. Rodrigues (UNIOESTE)<\/li>\n                      <li>Marco Vieira (University of North Carolina at Charlotte, EUA)<\/li>\n                      <li>Odorico M. Mendizabal (UFSC)<\/li>\n                      <li>Patricia Pitthan Barcelos (UFSM)<\/li>\n                      <li>Paulo Coelho (UFU)<\/li>\n                      <li>Rafael R. Obelheiro (UDESC)<\/li>\n                      <li>Raimundo Jose de Araujo Macedo (UFBA)<\/li>\n                      <li>Regina L\u00facia de Oliveira Moraes (Unicamp)<\/li>\n                      <li>Rodrigo Miani (UFU)<\/li>\n                      <li>Rog\u00e9rio Turchetti (UFSM)<\/li>\n                      <li>S\u00e9rgio Gorender (UFBA)<\/li>\n                      <li>Tiago Heinrich (UFPR)<\/li>\n                      <li>Vinicius Fulber-Garcia (UFPR)<\/li>\n                    <\/ul>\n                    <p>\n                      <br>\n                    <\/p>\n                  <\/div>\n                <\/div>\n              <\/div>\n            <\/div>\n          <\/div>\n        <\/div>\n      <\/div>\n    <\/div>\n  <\/div>\n<\/div>","protected":false},"excerpt":{"rendered":"<p>Datas Importantes Submiss\u00e3o de artigos:&nbsp;01\/04\/2025Comunica\u00e7\u00e3o de resultados:&nbsp;17\/04\/2025Envio de vers\u00e3o final dos artigos aceitos:&nbsp;22\/04\/2025 Apresenta\u00e7\u00e3o A \u00e1rea de pesquisa em testes e toler\u00e2ncia a falhas visa desenvolver teoria e t\u00e9cnicas para a constru\u00e7\u00e3o de sistemas computacionais confi\u00e1veis e de alta disponibilidade. Neste sentido, o Workshop de Testes e Toler\u00e2ncia a Falhas (WTF) tem sido, nos \u00faltimos [&hellip;]<\/p>\n","protected":false},"author":7,"featured_media":0,"parent":0,"menu_order":0,"comment_status":"closed","ping_status":"closed","template":"page-templates\/full-width-page.php","meta":{"footnotes":""},"class_list":["post-6452","page","type-page","status-publish","hentry"],"yoast_head":"<!-- This site is optimized with the Yoast SEO plugin v27.4 - https:\/\/yoast.com\/product\/yoast-seo-wordpress\/ -->\n<title>XXVI Workshop de Testes e Toler\u00e2ncia a Falhas (WTF 2025) - SBRC 2025<\/title>\n<meta name=\"robots\" content=\"index, follow, max-snippet:-1, max-image-preview:large, max-video-preview:-1\" \/>\n<link rel=\"canonical\" href=\"https:\/\/sbrc.sbc.org.br\/2025\/pt_br\/xxvi-workshop-de-testes-e-tolerancia-a-falhas-wtf-2025\/\" \/>\n<meta property=\"og:locale\" content=\"pt_BR\" \/>\n<meta property=\"og:type\" content=\"article\" \/>\n<meta property=\"og:title\" content=\"XXVI Workshop de Testes e Toler\u00e2ncia a Falhas (WTF 2025) - SBRC 2025\" \/>\n<meta property=\"og:description\" content=\"Datas Importantes Submiss\u00e3o de artigos:&nbsp;01\/04\/2025Comunica\u00e7\u00e3o de resultados:&nbsp;17\/04\/2025Envio de vers\u00e3o final dos artigos aceitos:&nbsp;22\/04\/2025 Apresenta\u00e7\u00e3o A \u00e1rea de pesquisa em testes e toler\u00e2ncia a falhas visa desenvolver teoria e t\u00e9cnicas para a constru\u00e7\u00e3o de sistemas computacionais confi\u00e1veis e de alta disponibilidade. Neste sentido, o Workshop de Testes e Toler\u00e2ncia a Falhas (WTF) tem sido, nos \u00faltimos [&hellip;]\" \/>\n<meta property=\"og:url\" content=\"https:\/\/sbrc.sbc.org.br\/2025\/pt_br\/xxvi-workshop-de-testes-e-tolerancia-a-falhas-wtf-2025\/\" \/>\n<meta property=\"og:site_name\" content=\"SBRC 2025\" \/>\n<meta property=\"article:modified_time\" content=\"2025-05-17T04:20:51+00:00\" \/>\n<meta property=\"og:image\" content=\"https:\/\/sbrc.sbc.org.br\/2025\/wp-content\/uploads\/2024\/07\/Captura-de-tela-2024-07-04-115159.png\" \/>\n\t<meta property=\"og:image:width\" content=\"821\" \/>\n\t<meta property=\"og:image:height\" content=\"466\" \/>\n\t<meta property=\"og:image:type\" content=\"image\/png\" \/>\n<meta name=\"twitter:card\" content=\"summary_large_image\" \/>\n<meta name=\"twitter:label1\" content=\"Est. tempo de leitura\" \/>\n\t<meta name=\"twitter:data1\" content=\"4 minutos\" \/>\n<script type=\"application\/ld+json\" class=\"yoast-schema-graph\">{\"@context\":\"https:\\\/\\\/schema.org\",\"@graph\":[{\"@type\":\"WebPage\",\"@id\":\"https:\\\/\\\/sbrc.sbc.org.br\\\/2025\\\/xxvi-workshop-de-testes-e-tolerancia-a-falhas-wtf-2025\\\/\",\"url\":\"https:\\\/\\\/sbrc.sbc.org.br\\\/2025\\\/xxvi-workshop-de-testes-e-tolerancia-a-falhas-wtf-2025\\\/\",\"name\":\"XXVI Workshop de Testes e Toler\u00e2ncia a Falhas (WTF 2025) - SBRC 2025\",\"isPartOf\":{\"@id\":\"https:\\\/\\\/sbrc.sbc.org.br\\\/2025\\\/#website\"},\"datePublished\":\"2025-01-23T20:38:43+00:00\",\"dateModified\":\"2025-05-17T04:20:51+00:00\",\"breadcrumb\":{\"@id\":\"https:\\\/\\\/sbrc.sbc.org.br\\\/2025\\\/xxvi-workshop-de-testes-e-tolerancia-a-falhas-wtf-2025\\\/#breadcrumb\"},\"inLanguage\":\"pt-BR\",\"potentialAction\":[{\"@type\":\"ReadAction\",\"target\":[\"https:\\\/\\\/sbrc.sbc.org.br\\\/2025\\\/xxvi-workshop-de-testes-e-tolerancia-a-falhas-wtf-2025\\\/\"]}]},{\"@type\":\"BreadcrumbList\",\"@id\":\"https:\\\/\\\/sbrc.sbc.org.br\\\/2025\\\/xxvi-workshop-de-testes-e-tolerancia-a-falhas-wtf-2025\\\/#breadcrumb\",\"itemListElement\":[{\"@type\":\"ListItem\",\"position\":1,\"name\":\"In\u00edcio\",\"item\":\"https:\\\/\\\/sbrc.sbc.org.br\\\/2025\\\/\"},{\"@type\":\"ListItem\",\"position\":2,\"name\":\"XXVI Workshop de Testes e Toler\u00e2ncia a Falhas (WTF 2025)\"}]},{\"@type\":\"WebSite\",\"@id\":\"https:\\\/\\\/sbrc.sbc.org.br\\\/2025\\\/#website\",\"url\":\"https:\\\/\\\/sbrc.sbc.org.br\\\/2025\\\/\",\"name\":\"SBRC 2025\",\"description\":\"43\u00ba Simp\u00f3sio Brasileiro de Redes de Computadores e Sistemas Distribu\u00eddos\",\"publisher\":{\"@id\":\"https:\\\/\\\/sbrc.sbc.org.br\\\/2025\\\/#organization\"},\"potentialAction\":[{\"@type\":\"SearchAction\",\"target\":{\"@type\":\"EntryPoint\",\"urlTemplate\":\"https:\\\/\\\/sbrc.sbc.org.br\\\/2025\\\/?s={search_term_string}\"},\"query-input\":{\"@type\":\"PropertyValueSpecification\",\"valueRequired\":true,\"valueName\":\"search_term_string\"}}],\"inLanguage\":\"pt-BR\"},{\"@type\":\"Organization\",\"@id\":\"https:\\\/\\\/sbrc.sbc.org.br\\\/2025\\\/#organization\",\"name\":\"SBRC 2025\",\"url\":\"https:\\\/\\\/sbrc.sbc.org.br\\\/2025\\\/\",\"logo\":{\"@type\":\"ImageObject\",\"inLanguage\":\"pt-BR\",\"@id\":\"https:\\\/\\\/sbrc.sbc.org.br\\\/2025\\\/#\\\/schema\\\/logo\\\/image\\\/\",\"url\":\"https:\\\/\\\/sbrc.sbc.org.br\\\/2025\\\/wp-content\\\/uploads\\\/2024\\\/04\\\/cropped-cropped-v2@4x-1.png\",\"contentUrl\":\"https:\\\/\\\/sbrc.sbc.org.br\\\/2025\\\/wp-content\\\/uploads\\\/2024\\\/04\\\/cropped-cropped-v2@4x-1.png\",\"width\":5226,\"height\":4892,\"caption\":\"SBRC 2025\"},\"image\":{\"@id\":\"https:\\\/\\\/sbrc.sbc.org.br\\\/2025\\\/#\\\/schema\\\/logo\\\/image\\\/\"},\"sameAs\":[\"https:\\\/\\\/www.instagram.com\\\/simposio.sbrc\\\/\"]}]}<\/script>\n<!-- \/ Yoast SEO plugin. -->","yoast_head_json":{"title":"XXVI Workshop de Testes e Toler\u00e2ncia a Falhas (WTF 2025) - SBRC 2025","robots":{"index":"index","follow":"follow","max-snippet":"max-snippet:-1","max-image-preview":"max-image-preview:large","max-video-preview":"max-video-preview:-1"},"canonical":"https:\/\/sbrc.sbc.org.br\/2025\/pt_br\/xxvi-workshop-de-testes-e-tolerancia-a-falhas-wtf-2025\/","og_locale":"pt_BR","og_type":"article","og_title":"XXVI Workshop de Testes e Toler\u00e2ncia a Falhas (WTF 2025) - SBRC 2025","og_description":"Datas Importantes Submiss\u00e3o de artigos:&nbsp;01\/04\/2025Comunica\u00e7\u00e3o de resultados:&nbsp;17\/04\/2025Envio de vers\u00e3o final dos artigos aceitos:&nbsp;22\/04\/2025 Apresenta\u00e7\u00e3o A \u00e1rea de pesquisa em testes e toler\u00e2ncia a falhas visa desenvolver teoria e t\u00e9cnicas para a constru\u00e7\u00e3o de sistemas computacionais confi\u00e1veis e de alta disponibilidade. Neste sentido, o Workshop de Testes e Toler\u00e2ncia a Falhas (WTF) tem sido, nos \u00faltimos [&hellip;]","og_url":"https:\/\/sbrc.sbc.org.br\/2025\/pt_br\/xxvi-workshop-de-testes-e-tolerancia-a-falhas-wtf-2025\/","og_site_name":"SBRC 2025","article_modified_time":"2025-05-17T04:20:51+00:00","og_image":[{"width":821,"height":466,"url":"https:\/\/sbrc.sbc.org.br\/2025\/wp-content\/uploads\/2024\/07\/Captura-de-tela-2024-07-04-115159.png","type":"image\/png"}],"twitter_card":"summary_large_image","twitter_misc":{"Est. tempo de leitura":"4 minutos"},"schema":{"@context":"https:\/\/schema.org","@graph":[{"@type":"WebPage","@id":"https:\/\/sbrc.sbc.org.br\/2025\/xxvi-workshop-de-testes-e-tolerancia-a-falhas-wtf-2025\/","url":"https:\/\/sbrc.sbc.org.br\/2025\/xxvi-workshop-de-testes-e-tolerancia-a-falhas-wtf-2025\/","name":"XXVI Workshop de Testes e Toler\u00e2ncia a Falhas (WTF 2025) - SBRC 2025","isPartOf":{"@id":"https:\/\/sbrc.sbc.org.br\/2025\/#website"},"datePublished":"2025-01-23T20:38:43+00:00","dateModified":"2025-05-17T04:20:51+00:00","breadcrumb":{"@id":"https:\/\/sbrc.sbc.org.br\/2025\/xxvi-workshop-de-testes-e-tolerancia-a-falhas-wtf-2025\/#breadcrumb"},"inLanguage":"pt-BR","potentialAction":[{"@type":"ReadAction","target":["https:\/\/sbrc.sbc.org.br\/2025\/xxvi-workshop-de-testes-e-tolerancia-a-falhas-wtf-2025\/"]}]},{"@type":"BreadcrumbList","@id":"https:\/\/sbrc.sbc.org.br\/2025\/xxvi-workshop-de-testes-e-tolerancia-a-falhas-wtf-2025\/#breadcrumb","itemListElement":[{"@type":"ListItem","position":1,"name":"In\u00edcio","item":"https:\/\/sbrc.sbc.org.br\/2025\/"},{"@type":"ListItem","position":2,"name":"XXVI Workshop de Testes e Toler\u00e2ncia a Falhas (WTF 2025)"}]},{"@type":"WebSite","@id":"https:\/\/sbrc.sbc.org.br\/2025\/#website","url":"https:\/\/sbrc.sbc.org.br\/2025\/","name":"SBRC 2025","description":"43\u00ba Simp\u00f3sio Brasileiro de Redes de Computadores e Sistemas Distribu\u00eddos","publisher":{"@id":"https:\/\/sbrc.sbc.org.br\/2025\/#organization"},"potentialAction":[{"@type":"SearchAction","target":{"@type":"EntryPoint","urlTemplate":"https:\/\/sbrc.sbc.org.br\/2025\/?s={search_term_string}"},"query-input":{"@type":"PropertyValueSpecification","valueRequired":true,"valueName":"search_term_string"}}],"inLanguage":"pt-BR"},{"@type":"Organization","@id":"https:\/\/sbrc.sbc.org.br\/2025\/#organization","name":"SBRC 2025","url":"https:\/\/sbrc.sbc.org.br\/2025\/","logo":{"@type":"ImageObject","inLanguage":"pt-BR","@id":"https:\/\/sbrc.sbc.org.br\/2025\/#\/schema\/logo\/image\/","url":"https:\/\/sbrc.sbc.org.br\/2025\/wp-content\/uploads\/2024\/04\/cropped-cropped-v2@4x-1.png","contentUrl":"https:\/\/sbrc.sbc.org.br\/2025\/wp-content\/uploads\/2024\/04\/cropped-cropped-v2@4x-1.png","width":5226,"height":4892,"caption":"SBRC 2025"},"image":{"@id":"https:\/\/sbrc.sbc.org.br\/2025\/#\/schema\/logo\/image\/"},"sameAs":["https:\/\/www.instagram.com\/simposio.sbrc\/"]}]}},"_links":{"self":[{"href":"https:\/\/sbrc.sbc.org.br\/2025\/pt_br\/wp-json\/wp\/v2\/pages\/6452","targetHints":{"allow":["GET"]}}],"collection":[{"href":"https:\/\/sbrc.sbc.org.br\/2025\/pt_br\/wp-json\/wp\/v2\/pages"}],"about":[{"href":"https:\/\/sbrc.sbc.org.br\/2025\/pt_br\/wp-json\/wp\/v2\/types\/page"}],"author":[{"embeddable":true,"href":"https:\/\/sbrc.sbc.org.br\/2025\/pt_br\/wp-json\/wp\/v2\/users\/7"}],"replies":[{"embeddable":true,"href":"https:\/\/sbrc.sbc.org.br\/2025\/pt_br\/wp-json\/wp\/v2\/comments?post=6452"}],"version-history":[{"count":7,"href":"https:\/\/sbrc.sbc.org.br\/2025\/pt_br\/wp-json\/wp\/v2\/pages\/6452\/revisions"}],"predecessor-version":[{"id":8091,"href":"https:\/\/sbrc.sbc.org.br\/2025\/pt_br\/wp-json\/wp\/v2\/pages\/6452\/revisions\/8091"}],"wp:attachment":[{"href":"https:\/\/sbrc.sbc.org.br\/2025\/pt_br\/wp-json\/wp\/v2\/media?parent=6452"}],"curies":[{"name":"wp","href":"https:\/\/api.w.org\/{rel}","templated":true}]}}