{"id":6331,"date":"2025-01-10T10:57:49","date_gmt":"2025-01-10T13:57:49","guid":{"rendered":"https:\/\/sbrc.sbc.org.br\/2025\/?page_id=6331"},"modified":"2025-02-21T21:31:14","modified_gmt":"2025-02-22T00:31:14","slug":"ctd","status":"publish","type":"page","link":"https:\/\/sbrc.sbc.org.br\/2025\/pt_br\/ctd\/","title":{"rendered":"Concurso de Teses e Disserta\u00e7\u00f5es (CTD)"},"content":{"rendered":"<div data-colibri-id=\"6331-c1\" class=\"style-1117 style-local-6331-c1 position-relative\">\n  <!---->\n  <div data-colibri-component=\"section\" data-colibri-id=\"6331-c2\" id=\"custom\" class=\"h-section h-section-global-spacing d-flex align-items-lg-center align-items-md-center align-items-center style-1118 style-local-6331-c2 position-relative\">\n    <!---->\n    <!---->\n    <div class=\"h-section-grid-container h-section-boxed-container\">\n      <!---->\n      <div data-colibri-id=\"6331-c3\" class=\"h-row-container gutters-row-lg-2 gutters-row-md-2 gutters-row-0 gutters-row-v-lg-2 gutters-row-v-md-2 gutters-row-v-2 style-1122 style-local-6331-c3 position-relative\">\n        <!---->\n        <div class=\"h-row justify-content-lg-center justify-content-md-center justify-content-center align-items-lg-stretch align-items-md-stretch align-items-stretch gutters-col-lg-2 gutters-col-md-2 gutters-col-0 gutters-col-v-lg-2 gutters-col-v-md-2 gutters-col-v-2\">\n          <!---->\n          <div class=\"h-column h-column-container d-flex h-col-lg-auto h-col-md-auto h-col-auto style-1123-outer style-local-6331-c4-outer\">\n            <div data-colibri-id=\"6331-c4\" class=\"d-flex h-flex-basis h-column__inner h-px-lg-2 h-px-md-2 h-px-2 v-inner-lg-2 v-inner-md-2 v-inner-2 style-1123 style-local-6331-c4 position-relative\">\n              <!---->\n              <!---->\n              <div class=\"w-100 h-y-container h-column__content h-column__v-align flex-basis-100 align-self-lg-start align-self-md-start align-self-start\">\n                <!---->\n                <div data-colibri-id=\"6331-c5\" class=\"h-text h-text-component style-1125 style-local-6331-c5 position-relative h-element\">\n                  <!---->\n                  <!---->\n                  <div class=\"\">\n                    <h1>CHAMADA DE TRABALHOS<\/h1>\n                  <\/div>\n                <\/div>\n              <\/div>\n            <\/div>\n          <\/div>\n        <\/div>\n      <\/div>\n      <div data-colibri-id=\"6331-c6\" class=\"h-row-container gutters-row-lg-2 gutters-row-md-2 gutters-row-0 gutters-row-v-lg-2 gutters-row-v-md-2 gutters-row-v-2 style-1119 style-local-6331-c6 position-relative\">\n        <!---->\n        <div class=\"h-row justify-content-lg-center justify-content-md-center justify-content-center align-items-lg-stretch align-items-md-stretch align-items-stretch gutters-col-lg-2 gutters-col-md-2 gutters-col-0 gutters-col-v-lg-2 gutters-col-v-md-2 gutters-col-v-2\">\n          <!---->\n          <div class=\"h-column h-column-container d-flex h-col-lg-auto h-col-md-auto h-col-auto style-1120-outer style-local-6331-c7-outer\">\n            <div data-colibri-id=\"6331-c7\" class=\"d-flex h-flex-basis h-column__inner h-px-lg-2 h-px-md-2 h-px-2 v-inner-lg-2 v-inner-md-2 v-inner-2 style-1120 style-local-6331-c7 position-relative\">\n              <!---->\n              <!---->\n              <div class=\"w-100 h-y-container h-column__content h-column__v-align flex-basis-100 align-self-lg-start align-self-md-start align-self-start\">\n                <!---->\n                <div data-colibri-id=\"6331-c8\" class=\"h-text h-text-component style-1121 style-local-6331-c8 position-relative h-element\">\n                  <!---->\n                  <!---->\n                  <div class=\"\">\n                    <h2>Datas Importantes<\/h2>\n                    <ul>\n                      <li>Submiss\u00e3o dos trabalhos: 28\/02\/2025<\/li>\n                      <li>Notifica\u00e7\u00e3o dos trabalhos selecionados: 31\/03\/2025<\/li>\n                      <li>Envio das vers\u00f5es finais dos trabalhos: 15\/04\/2025<\/li>\n                      <li>Prazo de inscri\u00e7\u00e3o: 20\/04\/2025<\/li>\n                    <\/ul>\n                    <p>\n                      <br>\n                    <\/p>\n                    <h2>Apresenta\u00e7\u00e3o e Objetivos<\/h2>\n                    <p>A oitava edi\u00e7\u00e3o do Concurso de Teses e Disserta\u00e7\u00f5es do Simp\u00f3sio Brasileiro de Redes de Computadores e Sistemas Distribu\u00eddos (CTD) tem por objetivo selecionar e premiar as melhores teses de Doutorado e as melhores disserta\u00e7\u00f5es de Mestrado\n                      nas \u00e1reas de redes de computadores e sistemas distribu\u00eddos. As teses e disserta\u00e7\u00f5es que concorrerem este ano ser\u00e3o avaliadas conforme os resultados cient\u00edficos e tecnol\u00f3gicos j\u00e1 gerados pelo trabalho, assim como pelo seu potencial\n                      de impacto na sociedade e no estado da arte na \u00e1rea.<\/p>\n                    <p>Convidamos pessoas pesquisadores das \u00e1reas de redes de computadores e sistemas distribu\u00eddos a submeterem artigos descrevendo, de forma resumida, os resultados obtidos em suas teses e disserta\u00e7\u00f5es conclu\u00eddas, defendidas e aprovadas\n                      no per\u00edodo de 1\u00ba de janeiro a 31 de dezembro de 2024. O evento premiar\u00e1 as tr\u00eas melhores teses de Doutorado e as tr\u00eas melhores disserta\u00e7\u00f5es de Mestrado.<\/p>\n                    <p>\n                      <br>\n                    <\/p>\n                    <h2>T\u00f3picos de Interesse<\/h2>\n                    <p>Os temas das teses e disserta\u00e7\u00f5es devem estar relacionados a qualquer t\u00f3pico das \u00e1reas de redes de computadores e sistemas distribu\u00eddos, incluindo, mas n\u00e3o se limitando aos enumerados na\n                      <a href=\"https:\/\/sbrc.sbc.org.br\/2025\/pt_br\/trilha-principal\">Chamada de Trabalhos da Trilha Principal do SBRC 2025<\/a>.<\/p>\n                    <p>\n                      <br>\n                    <\/p>\n                    <h2>Instru\u00e7\u00f5es aos Autores<\/h2>\n                    <p>As submiss\u00f5es devem ser realizadas eletronicamente atrav\u00e9s do sistema\n                      <a href=\"https:\/\/jems3.sbc.org.br\/sbrc2025-ctd\" class=\"customize-unpreviewable\">JEMS3<\/a>. Cada submiss\u00e3o dever\u00e1 conter quatro arquivos, todos em formato PDF, como segue.<\/p>\n                    <p>1) Resumo estendido escrito em portugu\u00eas ou ingl\u00eas, respeitando o limite m\u00e1ximo de 10 p\u00e1ginas, incluindo texto, figuras, refer\u00eancias e ap\u00eandices. A formata\u00e7\u00e3o do texto deve seguir o&nbsp;\n                      <a href=\"https:\/\/www.sbc.org.br\/wp-content\/uploads\/2024\/07\/modelosparapublicaodeartigos.zip\"\n                        class=\"customize-unpreviewable\">Modelo para Publica\u00e7\u00f5es de Artigos<\/a> da SBC. \u00c9 importante ressaltar, ainda, que os artigos a serem submetidos devem seguir o\n                      <a href=\"https:\/\/www.sbc.org.br\/documentos-da-sbc\/summary\/245-codigo-de-etica-sbc\/1489-revisao-e-atualizacao-do-codigo-de-conduta-para-autores\"\n                        class=\"customize-unpreviewable\">C\u00f3digo de Conduta para Autores em Publica\u00e7\u00f5es da SBC<\/a>, aprovado pelo Conselho da SBC em fevereiro de 2024. No artigo, a pessoa autora deve deixar clara a contribui\u00e7\u00e3o do trabalho para a \u00e1rea e as possibilidades de impacto do mesmo.\n                      O texto deve incluir, obrigatoriamente, o t\u00edtulo da tese ou disserta\u00e7\u00e3o, os nomes da pessoa autora, dos docentes orientadores e coorientadores com as respectivas afilia\u00e7\u00f5es, resumo\/abstract, caracteriza\u00e7\u00e3o do problema de pesquisa\n                      e motiva\u00e7\u00e3o, objetivos e contribui\u00e7\u00f5es, trabalhos relacionados, resultados obtidos, metodologia de pesquisa, base de dados p\u00fablica ou privada, bem como quaisquer outros elementos. Quando necess\u00e1rio, o resumo pode fazer refer\u00eancias\n                      ao texto da tese ou disserta\u00e7\u00e3o.<\/p>\n                    <p>2) Texto dos subprodutos (tais como artigos cient\u00edficos, patentes, programas registrados, assim como quaisquer outros elementos que permitam qualificar o trabalho), escrito em portugu\u00eas ou ingl\u00eas, no qual dever\u00e3o constar as principais\n                      produ\u00e7\u00f5es cient\u00edficas, respeitando o limite m\u00e1ximo de 6 p\u00e1ginas utilizando igualmente o&nbsp;\n                      <a href=\"https:\/\/www.sbc.org.br\/wp-content\/uploads\/2024\/07\/modelosparapublicaodeartigos.zip\" class=\"customize-unpreviewable\">Modelo para Publica\u00e7\u00f5es de Artigos<\/a> da SBC. O texto dos subprodutos servir\u00e1, essencialmente, como fonte de consulta para avaliar o impacto dos subprodutos gerados pela tese de Doutorado ou Disserta\u00e7\u00e3o de mestrado. Pede-se que\n                      as pessoas autoras indiquem subprodutos do trabalho, tais como: artigos em que sejam primeiros autores, com o respectivo n\u00famero de cita\u00e7\u00f5es; artigos em que tenham atuado como coautores, tamb\u00e9m indicando o n\u00famero de cita\u00e7\u00f5es (pode-se\n                      mencionar o fator de impacto da revista e\/ou a taxa de aceita\u00e7\u00e3o da confer\u00eancia); patentes, programas registrados, e programas de dom\u00ednio p\u00fablico ou livre, com as respectivas URLs, e; informa\u00e7\u00f5es sobre o impacto dos subprodutos,\n                      incluindo, mas n\u00e3o se limitando a, n\u00famero de downloads, n\u00famero de usu\u00e1rios registrados, n\u00famero de visualiza\u00e7\u00f5es, etc. \u00c9 importante ressaltar que todos os subprodutos devem estar registrados no Curr\u00edculo Lattes. Al\u00e9m disso, artigos\n                      que foram aceitos mas ainda n\u00e3o publicados devem incluir o e-mail de aceite.<\/p>\n                    <p>3) Texto completo da tese ou disserta\u00e7\u00e3o, o qual servir\u00e1 essencialmente como fonte de consulta para os avaliadores sobre os resultados do trabalho, isto \u00e9, o texto em si n\u00e3o passar\u00e1 por um processo de revis\u00e3o.<\/p>\n                    <p>4) C\u00f3pia digitalizada do diploma ou documento que comprove que a tese ou disserta\u00e7\u00e3o foi defendida e aprovada. Caso tenha sido aprovada com restri\u00e7\u00e3o, mostrar que a restri\u00e7\u00e3o foi resolvida.<\/p>\n                    <p>\n                      <br>\n                    <\/p>\n                    <h2>Premia\u00e7\u00f5es<\/h2>\n                    <p>A premia\u00e7\u00e3o do CTD ser\u00e1 realizada conforme programa\u00e7\u00e3o do evento, ainda em defini\u00e7\u00e3o. \u00c9 obrigat\u00f3rio que a pessoa autora da tese ou disserta\u00e7\u00e3o esteja inscrita no SBRC 2025 em qualquer categoria para ter seu artigo publicado nos Anais\n                      Estendidos e possa apresentar o trabalho durante o evento.<\/p>\n                    <p>\n                      <br>\n                    <\/p>\n                    <h2>Avalia\u00e7\u00e3o<\/h2>\n                    <p>Cada trabalho ser\u00e1 avaliado por pelo menos tr\u00eas membros do Comit\u00ea de Avalia\u00e7\u00e3o, que analisar\u00e3o o material submetido pelos autores. Ap\u00f3s a fase de revis\u00e3o e an\u00e1lise, ser\u00e1 realizada uma etapa de discuss\u00e3o entre integrantes do Comit\u00ea\n                      de Avalia\u00e7\u00e3o para a sele\u00e7\u00e3o dos trabalhos aceitos.<\/p>\n                    <p>Os trabalhos selecionados ser\u00e3o publicados na s\u00e9rie de&nbsp;\n                      <a href=\"https:\/\/sol.sbc.org.br\/index.php\/sbrc_estendido\" class=\"customize-unpreviewable\">Anais Estendidos do SBRC<\/a> e a pessoa autora dever\u00e1 apresentar seu trabalho presencialmente durante o CTD no SBRC 2025. Para fins de premia\u00e7\u00e3o, o Comit\u00ea de Avalia\u00e7\u00e3o levar\u00e1 em conta o trabalho completo, incluindo os resultados\n                      cient\u00edficos e tecnol\u00f3gicos j\u00e1 gerados e potenciais, bem como o impacto nas \u00e1reas de redes de computadores e sistemas distribu\u00eddos. Tamb\u00e9m ser\u00e1 avaliada a qualidade dessa apresenta\u00e7\u00e3o oral e as pessoas autoras que n\u00e3o apresentarem\n                      seus trabalhos no CTD n\u00e3o concorrer\u00e3o aos pr\u00eamios. A premia\u00e7\u00e3o dos tr\u00eas melhores trabalhos em cada categoria ser\u00e1 realizada conforme programa\u00e7\u00e3o do evento, ainda em defini\u00e7\u00e3o. \u00c9 obrigat\u00f3rio que os concorrentes estejam presentes na\n                      premia\u00e7\u00e3o.<\/p>\n                    <p>\n                      <br>\n                    <\/p>\n                    <h2>Publica\u00e7\u00e3o<\/h2>\n                    <p>Os anais do Concurso de Teses e Disserta\u00e7\u00f5es ser\u00e3o publicados\n                      <a href=\"https:\/\/sol.sbc.org.br\/index.php\/sbrc_estendido\" class=\"customize-unpreviewable\">nos Anais Estendidos do SBRC<\/a> na SBC OpenLib (SOL), a biblioteca digital mantida pela SBC, e estar\u00e3o dispon\u00edveis gratuitamente para toda sociedade. Todos os artigos ser\u00e3o indexados com DOI e os anais ter\u00e3o ISSN.<\/p>\n                    <p>\n                      <br>\n                    <\/p>\n                    <h2>Comit\u00ea de Avalia\u00e7\u00e3o<\/h2>\n                    <p>Em forma\u00e7\u00e3o.<\/p>\n                    <p>\n                      <br>\n                    <\/p>\n                    <h2>Coordena\u00c7\u00c3O<\/h2>\n                    <ul>\n                      <li>Denis Ros\u00e1rio (UFPA)<\/li>\n                      <li>Luciano Paschoal Gaspary (UFRGS)<\/li>\n                    <\/ul>\n                    <p>\n                      <br>\n                    <\/p>\n                  <\/div>\n                <\/div>\n              <\/div>\n            <\/div>\n          <\/div>\n        <\/div>\n      <\/div>\n    <\/div>\n  <\/div>\n<\/div>","protected":false},"excerpt":{"rendered":"<p>CHAMADA DE TRABALHOS Datas Importantes Submiss\u00e3o dos trabalhos: 28\/02\/2025 Notifica\u00e7\u00e3o dos trabalhos selecionados: 31\/03\/2025 Envio das vers\u00f5es finais dos trabalhos: 15\/04\/2025 Prazo de inscri\u00e7\u00e3o: 20\/04\/2025 Apresenta\u00e7\u00e3o e Objetivos A oitava edi\u00e7\u00e3o do Concurso de Teses e Disserta\u00e7\u00f5es do Simp\u00f3sio Brasileiro de Redes de Computadores e Sistemas Distribu\u00eddos (CTD) tem por objetivo selecionar e premiar as [&hellip;]<\/p>\n","protected":false},"author":7,"featured_media":0,"parent":0,"menu_order":0,"comment_status":"closed","ping_status":"closed","template":"page-templates\/full-width-page.php","meta":{"footnotes":""},"class_list":["post-6331","page","type-page","status-publish","hentry"],"yoast_head":"<!-- This site is optimized with the Yoast SEO plugin v27.5 - https:\/\/yoast.com\/product\/yoast-seo-wordpress\/ -->\n<title>Concurso de Teses e Disserta\u00e7\u00f5es (CTD) - SBRC 2025<\/title>\n<meta name=\"robots\" content=\"index, follow, max-snippet:-1, max-image-preview:large, max-video-preview:-1\" \/>\n<link rel=\"canonical\" href=\"https:\/\/sbrc.sbc.org.br\/2025\/pt_br\/ctd\/\" \/>\n<meta property=\"og:locale\" content=\"pt_BR\" \/>\n<meta property=\"og:type\" content=\"article\" \/>\n<meta property=\"og:title\" content=\"Concurso de Teses e Disserta\u00e7\u00f5es (CTD) - SBRC 2025\" \/>\n<meta property=\"og:description\" content=\"CHAMADA DE TRABALHOS Datas Importantes Submiss\u00e3o dos trabalhos: 28\/02\/2025 Notifica\u00e7\u00e3o dos trabalhos selecionados: 31\/03\/2025 Envio das vers\u00f5es finais dos trabalhos: 15\/04\/2025 Prazo de inscri\u00e7\u00e3o: 20\/04\/2025 Apresenta\u00e7\u00e3o e Objetivos A oitava edi\u00e7\u00e3o do Concurso de Teses e Disserta\u00e7\u00f5es do Simp\u00f3sio Brasileiro de Redes de Computadores e Sistemas Distribu\u00eddos (CTD) tem por objetivo selecionar e premiar as [&hellip;]\" \/>\n<meta property=\"og:url\" content=\"https:\/\/sbrc.sbc.org.br\/2025\/pt_br\/ctd\/\" \/>\n<meta property=\"og:site_name\" content=\"SBRC 2025\" \/>\n<meta property=\"article:modified_time\" content=\"2025-02-22T00:31:14+00:00\" \/>\n<meta property=\"og:image\" content=\"https:\/\/sbrc.sbc.org.br\/2025\/wp-content\/uploads\/2024\/07\/Captura-de-tela-2024-07-04-115159.png\" \/>\n\t<meta property=\"og:image:width\" content=\"821\" \/>\n\t<meta property=\"og:image:height\" content=\"466\" \/>\n\t<meta property=\"og:image:type\" content=\"image\/png\" \/>\n<meta name=\"twitter:card\" content=\"summary_large_image\" \/>\n<meta name=\"twitter:label1\" content=\"Est. tempo de leitura\" \/>\n\t<meta name=\"twitter:data1\" content=\"6 minutos\" \/>\n<script type=\"application\/ld+json\" class=\"yoast-schema-graph\">{\"@context\":\"https:\\\/\\\/schema.org\",\"@graph\":[{\"@type\":\"WebPage\",\"@id\":\"https:\\\/\\\/sbrc.sbc.org.br\\\/2025\\\/ctd\\\/\",\"url\":\"https:\\\/\\\/sbrc.sbc.org.br\\\/2025\\\/ctd\\\/\",\"name\":\"Concurso de Teses e Disserta\u00e7\u00f5es (CTD) - SBRC 2025\",\"isPartOf\":{\"@id\":\"https:\\\/\\\/sbrc.sbc.org.br\\\/2025\\\/#website\"},\"datePublished\":\"2025-01-10T13:57:49+00:00\",\"dateModified\":\"2025-02-22T00:31:14+00:00\",\"breadcrumb\":{\"@id\":\"https:\\\/\\\/sbrc.sbc.org.br\\\/2025\\\/ctd\\\/#breadcrumb\"},\"inLanguage\":\"pt-BR\",\"potentialAction\":[{\"@type\":\"ReadAction\",\"target\":[\"https:\\\/\\\/sbrc.sbc.org.br\\\/2025\\\/ctd\\\/\"]}]},{\"@type\":\"BreadcrumbList\",\"@id\":\"https:\\\/\\\/sbrc.sbc.org.br\\\/2025\\\/ctd\\\/#breadcrumb\",\"itemListElement\":[{\"@type\":\"ListItem\",\"position\":1,\"name\":\"In\u00edcio\",\"item\":\"https:\\\/\\\/sbrc.sbc.org.br\\\/2025\\\/\"},{\"@type\":\"ListItem\",\"position\":2,\"name\":\"Concurso de Teses e Disserta\u00e7\u00f5es (CTD)\"}]},{\"@type\":\"WebSite\",\"@id\":\"https:\\\/\\\/sbrc.sbc.org.br\\\/2025\\\/#website\",\"url\":\"https:\\\/\\\/sbrc.sbc.org.br\\\/2025\\\/\",\"name\":\"SBRC 2025\",\"description\":\"43\u00ba Simp\u00f3sio Brasileiro de Redes de Computadores e Sistemas Distribu\u00eddos\",\"publisher\":{\"@id\":\"https:\\\/\\\/sbrc.sbc.org.br\\\/2025\\\/#organization\"},\"potentialAction\":[{\"@type\":\"SearchAction\",\"target\":{\"@type\":\"EntryPoint\",\"urlTemplate\":\"https:\\\/\\\/sbrc.sbc.org.br\\\/2025\\\/?s={search_term_string}\"},\"query-input\":{\"@type\":\"PropertyValueSpecification\",\"valueRequired\":true,\"valueName\":\"search_term_string\"}}],\"inLanguage\":\"pt-BR\"},{\"@type\":\"Organization\",\"@id\":\"https:\\\/\\\/sbrc.sbc.org.br\\\/2025\\\/#organization\",\"name\":\"SBRC 2025\",\"url\":\"https:\\\/\\\/sbrc.sbc.org.br\\\/2025\\\/\",\"logo\":{\"@type\":\"ImageObject\",\"inLanguage\":\"pt-BR\",\"@id\":\"https:\\\/\\\/sbrc.sbc.org.br\\\/2025\\\/#\\\/schema\\\/logo\\\/image\\\/\",\"url\":\"https:\\\/\\\/sbrc.sbc.org.br\\\/2025\\\/wp-content\\\/uploads\\\/2024\\\/04\\\/cropped-cropped-v2@4x-1.png\",\"contentUrl\":\"https:\\\/\\\/sbrc.sbc.org.br\\\/2025\\\/wp-content\\\/uploads\\\/2024\\\/04\\\/cropped-cropped-v2@4x-1.png\",\"width\":5226,\"height\":4892,\"caption\":\"SBRC 2025\"},\"image\":{\"@id\":\"https:\\\/\\\/sbrc.sbc.org.br\\\/2025\\\/#\\\/schema\\\/logo\\\/image\\\/\"},\"sameAs\":[\"https:\\\/\\\/www.instagram.com\\\/simposio.sbrc\\\/\"]}]}<\/script>\n<!-- \/ Yoast SEO plugin. -->","yoast_head_json":{"title":"Concurso de Teses e Disserta\u00e7\u00f5es (CTD) - SBRC 2025","robots":{"index":"index","follow":"follow","max-snippet":"max-snippet:-1","max-image-preview":"max-image-preview:large","max-video-preview":"max-video-preview:-1"},"canonical":"https:\/\/sbrc.sbc.org.br\/2025\/pt_br\/ctd\/","og_locale":"pt_BR","og_type":"article","og_title":"Concurso de Teses e Disserta\u00e7\u00f5es (CTD) - SBRC 2025","og_description":"CHAMADA DE TRABALHOS Datas Importantes Submiss\u00e3o dos trabalhos: 28\/02\/2025 Notifica\u00e7\u00e3o dos trabalhos selecionados: 31\/03\/2025 Envio das vers\u00f5es finais dos trabalhos: 15\/04\/2025 Prazo de inscri\u00e7\u00e3o: 20\/04\/2025 Apresenta\u00e7\u00e3o e Objetivos A oitava edi\u00e7\u00e3o do Concurso de Teses e Disserta\u00e7\u00f5es do Simp\u00f3sio Brasileiro de Redes de Computadores e Sistemas Distribu\u00eddos (CTD) tem por objetivo selecionar e premiar as [&hellip;]","og_url":"https:\/\/sbrc.sbc.org.br\/2025\/pt_br\/ctd\/","og_site_name":"SBRC 2025","article_modified_time":"2025-02-22T00:31:14+00:00","og_image":[{"width":821,"height":466,"url":"https:\/\/sbrc.sbc.org.br\/2025\/wp-content\/uploads\/2024\/07\/Captura-de-tela-2024-07-04-115159.png","type":"image\/png"}],"twitter_card":"summary_large_image","twitter_misc":{"Est. tempo de leitura":"6 minutos"},"schema":{"@context":"https:\/\/schema.org","@graph":[{"@type":"WebPage","@id":"https:\/\/sbrc.sbc.org.br\/2025\/ctd\/","url":"https:\/\/sbrc.sbc.org.br\/2025\/ctd\/","name":"Concurso de Teses e Disserta\u00e7\u00f5es (CTD) - SBRC 2025","isPartOf":{"@id":"https:\/\/sbrc.sbc.org.br\/2025\/#website"},"datePublished":"2025-01-10T13:57:49+00:00","dateModified":"2025-02-22T00:31:14+00:00","breadcrumb":{"@id":"https:\/\/sbrc.sbc.org.br\/2025\/ctd\/#breadcrumb"},"inLanguage":"pt-BR","potentialAction":[{"@type":"ReadAction","target":["https:\/\/sbrc.sbc.org.br\/2025\/ctd\/"]}]},{"@type":"BreadcrumbList","@id":"https:\/\/sbrc.sbc.org.br\/2025\/ctd\/#breadcrumb","itemListElement":[{"@type":"ListItem","position":1,"name":"In\u00edcio","item":"https:\/\/sbrc.sbc.org.br\/2025\/"},{"@type":"ListItem","position":2,"name":"Concurso de Teses e Disserta\u00e7\u00f5es (CTD)"}]},{"@type":"WebSite","@id":"https:\/\/sbrc.sbc.org.br\/2025\/#website","url":"https:\/\/sbrc.sbc.org.br\/2025\/","name":"SBRC 2025","description":"43\u00ba Simp\u00f3sio Brasileiro de Redes de Computadores e Sistemas Distribu\u00eddos","publisher":{"@id":"https:\/\/sbrc.sbc.org.br\/2025\/#organization"},"potentialAction":[{"@type":"SearchAction","target":{"@type":"EntryPoint","urlTemplate":"https:\/\/sbrc.sbc.org.br\/2025\/?s={search_term_string}"},"query-input":{"@type":"PropertyValueSpecification","valueRequired":true,"valueName":"search_term_string"}}],"inLanguage":"pt-BR"},{"@type":"Organization","@id":"https:\/\/sbrc.sbc.org.br\/2025\/#organization","name":"SBRC 2025","url":"https:\/\/sbrc.sbc.org.br\/2025\/","logo":{"@type":"ImageObject","inLanguage":"pt-BR","@id":"https:\/\/sbrc.sbc.org.br\/2025\/#\/schema\/logo\/image\/","url":"https:\/\/sbrc.sbc.org.br\/2025\/wp-content\/uploads\/2024\/04\/cropped-cropped-v2@4x-1.png","contentUrl":"https:\/\/sbrc.sbc.org.br\/2025\/wp-content\/uploads\/2024\/04\/cropped-cropped-v2@4x-1.png","width":5226,"height":4892,"caption":"SBRC 2025"},"image":{"@id":"https:\/\/sbrc.sbc.org.br\/2025\/#\/schema\/logo\/image\/"},"sameAs":["https:\/\/www.instagram.com\/simposio.sbrc\/"]}]}},"_links":{"self":[{"href":"https:\/\/sbrc.sbc.org.br\/2025\/pt_br\/wp-json\/wp\/v2\/pages\/6331","targetHints":{"allow":["GET"]}}],"collection":[{"href":"https:\/\/sbrc.sbc.org.br\/2025\/pt_br\/wp-json\/wp\/v2\/pages"}],"about":[{"href":"https:\/\/sbrc.sbc.org.br\/2025\/pt_br\/wp-json\/wp\/v2\/types\/page"}],"author":[{"embeddable":true,"href":"https:\/\/sbrc.sbc.org.br\/2025\/pt_br\/wp-json\/wp\/v2\/users\/7"}],"replies":[{"embeddable":true,"href":"https:\/\/sbrc.sbc.org.br\/2025\/pt_br\/wp-json\/wp\/v2\/comments?post=6331"}],"version-history":[{"count":7,"href":"https:\/\/sbrc.sbc.org.br\/2025\/pt_br\/wp-json\/wp\/v2\/pages\/6331\/revisions"}],"predecessor-version":[{"id":6682,"href":"https:\/\/sbrc.sbc.org.br\/2025\/pt_br\/wp-json\/wp\/v2\/pages\/6331\/revisions\/6682"}],"wp:attachment":[{"href":"https:\/\/sbrc.sbc.org.br\/2025\/pt_br\/wp-json\/wp\/v2\/media?parent=6331"}],"curies":[{"name":"wp","href":"https:\/\/api.w.org\/{rel}","templated":true}]}}