{"id":6101,"date":"2024-11-29T14:10:40","date_gmt":"2024-11-29T17:10:40","guid":{"rendered":"https:\/\/sbrc.sbc.org.br\/2025\/?page_id=6101"},"modified":"2025-01-09T16:07:22","modified_gmt":"2025-01-09T19:07:22","slug":"minicursos-2","status":"publish","type":"page","link":"https:\/\/sbrc.sbc.org.br\/2025\/pt_br\/minicursos-2\/","title":{"rendered":"Minicursos"},"content":{"rendered":"\n<h1 class=\"wp-block-heading has-text-align-center\">CHAMADA DE PROPOSTAS PARA MINICURSOS<\/h1>\n\n\n\n<h2 class=\"wp-block-heading has-text-align-center\"><br>Datas Importantes<\/h2>\n\n\n\n<p><strong>Registro e envio das propostas:<\/strong> <mark style=\"background-color:rgba(0, 0, 0, 0)\" class=\"has-inline-color has-colibri-color-6-color\">17\/01\/2025<\/mark><\/p>\n\n\n\n<p><strong>Comunica\u00e7\u00e3o dos resultados:<\/strong> <mark style=\"background-color:rgba(0, 0, 0, 0)\" class=\"has-inline-color has-colibri-color-6-color\">03\/03\/2025<\/mark><\/p>\n\n\n\n<p><strong>Entrega dos cap\u00edtulos:<\/strong> <mark style=\"background-color:rgba(0, 0, 0, 0)\" class=\"has-inline-color has-colibri-color-6-color\">14\/04\/2025<\/mark><\/p>\n\n\n\n<h2 class=\"wp-block-heading has-text-align-center\" style=\"margin-bottom: 20px;\"><br>Apresenta\u00e7\u00e3o e Objetivos <\/h2>\n\n\n\n<div class=\"wp-block-group\"><div class=\"wp-block-group__inner-container is-layout-constrained wp-block-group-is-layout-constrained\">\n<div class=\"wp-block-group is-vertical is-layout-flex wp-container-core-group-is-layout-8cf370e7 wp-block-group-is-layout-flex\">\n<p>O Simp\u00f3sio Brasileiro de Redes de Computadores e Sistemas Distribu\u00eddos (SBRC) \u00e9 o f\u00f3rum mais importante da comunidade de pesquisa e desenvolvimento em redes de computadores e sistemas distribu\u00eddos no Brasil. Dentre as principais atividades do SBRC, encontram-se os minicursos. Eles permitem \u00e0 comunidade a oportunidade de atualiza\u00e7\u00e3o em temas que, normalmente, n\u00e3o s\u00e3o cobertos por estruturas curriculares ou que despertam grande interesse entre acad\u00eamicos e profissionais.&nbsp;<\/p>\n\n\n\n<p>S\u00e3o bem-vindas propostas em \u00e1reas recentes ou ainda pouco exploradas e em temas com grande potencial para atrair o interesse de estudantes e profissionais, de forma a melhor qualific\u00e1-los para suas pesquisas e\/ou mercado de trabalho. Poder\u00e3o ser submetidos minicursos sobre os temas sugeridos na <a href=\"https:\/\/sbrc.sbc.org.br\/2025\/trilha-principal\/\">Chamada de Trabalhos da Trilha Principal do SBRC 2025<\/a> ou mesmo sobre outros temas que os proponentes julguem relevantes \u00e0 \u00e1rea de redes de computadores e sistemas distribu\u00eddos.<\/p>\n\n\n\n<p>Cada proposta submetida ser\u00e1 avaliada por tr\u00eas ou mais membros do Comit\u00ea de Avalia\u00e7\u00e3o. Ser\u00e3o considerados, na avalia\u00e7\u00e3o, os seguintes crit\u00e9rios: relev\u00e2ncia e atualidade do tema para o evento, qualidade t\u00e9cnica da proposta e experi\u00eancia dos proponentes no tema proposto e abrang\u00eancia do perfil do p\u00fablico-alvo. As propostas mais bem avaliadas em temas distintos ser\u00e3o aceitas para apresenta\u00e7\u00e3o e publica\u00e7\u00e3o. A quantidade de propostas de minicursos a serem aceitos depender\u00e1 da disponibilidade f\u00edsica alocada para o SBRC.<\/p>\n<\/div>\n<\/div><\/div>\n\n\n\n<h2 class=\"wp-block-heading has-text-align-center\" style=\"margin-bottom: 20px;\"><br>Livro Texto<\/h2>\n\n\n\n<p>Os proponentes dos minicursos selecionados dever\u00e3o produzir um cap\u00edtulo para publica\u00e7\u00e3o no livro \u201cMinicursos SBRC 2025\u201d. O cap\u00edtulo deve ser redigido em Portugu\u00eas ou Ingl\u00eas e deve conter entre 40 e 50 p\u00e1ginas, seguindo o formato da SBC, dispon\u00edvel em <a href=\"https:\/\/www.sbc.org.br\/documentosinstitucionais\/#publicacoes\">https:\/\/www.sbc.org.br\/documentosinstitucionais\/#publicacoes<\/a>, na se\u00e7\u00e3o Publica\u00e7\u00f5es &gt; Templates para Artigos e Cap\u00edtulos de Livros.<\/p>\n\n\n\n<p>O livro dos Minicursos do SBRC 2025 ser\u00e1 publicado na SBC OpenLib (SOL), a biblioteca digital mantida pela Sociedade Brasileira de Computa\u00e7\u00e3o (SBC), e estar\u00e1 dispon\u00edvel gratuitamente para toda sociedade.<\/p>\n\n\n\n<h2 class=\"wp-block-heading has-text-align-center\" style=\"margin-bottom: 20px;\"><br>Submiss\u00e3o de Propostas<\/h2>\n\n\n\n<p>Professores e pesquisadores interessados em ministrar um minicurso devem submeter uma proposta contendo de 6 a 8 p\u00e1ginas (excluindo-se os curr\u00edculos resumidos &#8211; item 6 abaixo), com as informa\u00e7\u00f5es enumeradas a seguir:<\/p>\n\n\n\n<div class=\"wp-block-group is-vertical is-layout-flex wp-container-core-group-is-layout-8cf370e7 wp-block-group-is-layout-flex\">\n<p><strong>1.<\/strong> Dados de Identifica\u00e7\u00e3o<\/p>\n\n\n\n<p>&nbsp;<strong>&nbsp;&nbsp;1.1.<\/strong> T\u00edtulo do minicurso<\/p>\n\n\n\n<p>&nbsp;&nbsp;&nbsp;<strong>1.2.<\/strong> Proponente(s): institui\u00e7\u00e3o(\u00e7\u00f5es), endere\u00e7o(s), telefone(s), e-mail(s)<\/p>\n\n\n\n<p>&nbsp;&nbsp;&nbsp;<strong>1.3.<\/strong> Indica\u00e7\u00e3o do(s) proponente(s) que apresentar\u00e1(\u00e3o) o minicurso<\/p>\n\n\n\n<p><strong>2.<\/strong> Dados Gerais<\/p>\n\n\n\n<p>&nbsp;&nbsp;&nbsp;<strong>2.1.<\/strong> Objetivos do curso e tratamento dado ao tema (por exemplo, te\u00f3rico ou pr\u00e1tico, apanhado geral ou aprofundamento de aspectos espec\u00edficos, apresenta\u00e7\u00e3o ou compara\u00e7\u00e3o de tecnologias, forma\u00e7\u00e3o de novas habilidades ou informa\u00e7\u00e3o, resultados de pesquisas etc.)<\/p>\n\n\n\n<p>&nbsp;&nbsp;&nbsp;<strong>2.2.<\/strong> Perfil do p\u00fablico-alvo<\/p>\n\n\n\n<p><strong>3.<\/strong> Estrutura prevista do texto (esbo\u00e7o do curso, t\u00f3picos\/se\u00e7\u00f5es cobertas)<\/p>\n\n\n\n<p><strong>4.<\/strong> Para cada t\u00f3pico\/se\u00e7\u00e3o prevista no item 3, informar um resumo do conte\u00fado a ser abordado e a previs\u00e3o do n\u00famero de p\u00e1ginas<\/p>\n\n\n\n<p><strong>5.<\/strong> Bibliografia principal utilizada na prepara\u00e7\u00e3o do minicurso (m\u00e1ximo de 1 p\u00e1gina)<\/p>\n\n\n\n<p><strong>6. <\/strong>Curriculum Vitae resumido dos proponentes (m\u00e1ximo de 1 p\u00e1gina por pessoa)<\/p>\n<\/div>\n\n\n\n<h2 class=\"wp-block-heading has-text-align-center\" style=\"margin-bottom: 20px;\"><br>Instru\u00e7\u00f5es aos Proponentes<\/h2>\n\n\n\n<p>A submiss\u00e3o de propostas ser\u00e1 exclusivamente eletr\u00f4nica, por meio do sistema JEMS3 da SBC em <a href=\"https:\/\/jems3.sbc.org.br\/sbrc2025-minicursos\">https:\/\/jems3.sbc.org.br\/sbrc2025-minicursos<\/a>. A proposta deve constar em um \u00fanico arquivo no formato PDF. Cada minicurso deve ser estruturado para ser apresentado durante o SBRC 2025 em um per\u00edodo de tempo de tr\u00eas a quatro horas.<\/p>\n\n\n\n<p>Pelo menos um dos proponentes de cada minicurso selecionado deve se inscrever no SBRC 2025, bem como apresentar o minicurso durante o evento. O(s) dia(s) exato(s) de realiza\u00e7\u00e3o de cada minicurso ser\u00e1 decidido pela Coordena\u00e7\u00e3o de Minicursos juntamente com a Coordena\u00e7\u00e3o Geral do SBRC 2025.<\/p>\n\n\n\n<h2 class=\"wp-block-heading has-text-align-center\" style=\"margin-bottom: 20px;\"><br>Comit\u00ea de Avalia\u00e7\u00e3o<\/h2>\n\n\n\n<p><em>Em Forma\u00e7\u00e3o<\/em><\/p>\n\n\n\n<h2 class=\"wp-block-heading has-text-align-center\" style=\"margin-bottom: 20px;\"><br>Coordenadores de Minicursos do SBRC 2025<\/h2>\n\n\n\n<p>Jussara Almeida (UFMG)<\/p>\n\n\n\n<p>Alex Borges Vieira (UFJF)<\/p>\n","protected":false},"excerpt":{"rendered":"<p>CHAMADA DE PROPOSTAS PARA MINICURSOS Datas Importantes Registro e envio das propostas: 17\/01\/2025 Comunica\u00e7\u00e3o dos resultados: 03\/03\/2025 Entrega dos cap\u00edtulos: 14\/04\/2025 Apresenta\u00e7\u00e3o e Objetivos O Simp\u00f3sio Brasileiro de Redes de Computadores e Sistemas Distribu\u00eddos (SBRC) \u00e9 o f\u00f3rum mais importante da comunidade de pesquisa e desenvolvimento em redes de computadores e sistemas distribu\u00eddos no Brasil. [&hellip;]<\/p>\n","protected":false},"author":7,"featured_media":0,"parent":0,"menu_order":0,"comment_status":"closed","ping_status":"closed","template":"","meta":{"footnotes":""},"class_list":["post-6101","page","type-page","status-publish","hentry"],"yoast_head":"<!-- This site is optimized with the Yoast SEO plugin v27.5 - https:\/\/yoast.com\/product\/yoast-seo-wordpress\/ -->\n<title>Minicursos - SBRC 2025<\/title>\n<meta name=\"robots\" content=\"index, follow, max-snippet:-1, max-image-preview:large, max-video-preview:-1\" \/>\n<link rel=\"canonical\" href=\"https:\/\/sbrc.sbc.org.br\/2025\/pt_br\/minicursos-2\/\" \/>\n<meta property=\"og:locale\" content=\"pt_BR\" \/>\n<meta property=\"og:type\" content=\"article\" \/>\n<meta property=\"og:title\" content=\"Minicursos - SBRC 2025\" \/>\n<meta property=\"og:description\" content=\"CHAMADA DE PROPOSTAS PARA MINICURSOS Datas Importantes Registro e envio das propostas: 17\/01\/2025 Comunica\u00e7\u00e3o dos resultados: 03\/03\/2025 Entrega dos cap\u00edtulos: 14\/04\/2025 Apresenta\u00e7\u00e3o e Objetivos O Simp\u00f3sio Brasileiro de Redes de Computadores e Sistemas Distribu\u00eddos (SBRC) \u00e9 o f\u00f3rum mais importante da comunidade de pesquisa e desenvolvimento em redes de computadores e sistemas distribu\u00eddos no Brasil. [&hellip;]\" \/>\n<meta property=\"og:url\" content=\"https:\/\/sbrc.sbc.org.br\/2025\/pt_br\/minicursos-2\/\" \/>\n<meta property=\"og:site_name\" content=\"SBRC 2025\" \/>\n<meta property=\"article:modified_time\" content=\"2025-01-09T19:07:22+00:00\" \/>\n<meta property=\"og:image\" content=\"https:\/\/sbrc.sbc.org.br\/2025\/wp-content\/uploads\/2024\/07\/Captura-de-tela-2024-07-04-115159.png\" \/>\n\t<meta property=\"og:image:width\" content=\"821\" \/>\n\t<meta property=\"og:image:height\" content=\"466\" \/>\n\t<meta property=\"og:image:type\" content=\"image\/png\" \/>\n<meta name=\"twitter:card\" content=\"summary_large_image\" \/>\n<meta name=\"twitter:label1\" content=\"Est. tempo de leitura\" \/>\n\t<meta name=\"twitter:data1\" content=\"4 minutos\" \/>\n<script type=\"application\/ld+json\" class=\"yoast-schema-graph\">{\"@context\":\"https:\\\/\\\/schema.org\",\"@graph\":[{\"@type\":\"WebPage\",\"@id\":\"https:\\\/\\\/sbrc.sbc.org.br\\\/2025\\\/minicursos-2\\\/\",\"url\":\"https:\\\/\\\/sbrc.sbc.org.br\\\/2025\\\/minicursos-2\\\/\",\"name\":\"Minicursos - SBRC 2025\",\"isPartOf\":{\"@id\":\"https:\\\/\\\/sbrc.sbc.org.br\\\/2025\\\/#website\"},\"datePublished\":\"2024-11-29T17:10:40+00:00\",\"dateModified\":\"2025-01-09T19:07:22+00:00\",\"breadcrumb\":{\"@id\":\"https:\\\/\\\/sbrc.sbc.org.br\\\/2025\\\/minicursos-2\\\/#breadcrumb\"},\"inLanguage\":\"pt-BR\",\"potentialAction\":[{\"@type\":\"ReadAction\",\"target\":[\"https:\\\/\\\/sbrc.sbc.org.br\\\/2025\\\/minicursos-2\\\/\"]}]},{\"@type\":\"BreadcrumbList\",\"@id\":\"https:\\\/\\\/sbrc.sbc.org.br\\\/2025\\\/minicursos-2\\\/#breadcrumb\",\"itemListElement\":[{\"@type\":\"ListItem\",\"position\":1,\"name\":\"In\u00edcio\",\"item\":\"https:\\\/\\\/sbrc.sbc.org.br\\\/2025\\\/\"},{\"@type\":\"ListItem\",\"position\":2,\"name\":\"Minicursos\"}]},{\"@type\":\"WebSite\",\"@id\":\"https:\\\/\\\/sbrc.sbc.org.br\\\/2025\\\/#website\",\"url\":\"https:\\\/\\\/sbrc.sbc.org.br\\\/2025\\\/\",\"name\":\"SBRC 2025\",\"description\":\"43\u00ba Simp\u00f3sio Brasileiro de Redes de Computadores e Sistemas Distribu\u00eddos\",\"publisher\":{\"@id\":\"https:\\\/\\\/sbrc.sbc.org.br\\\/2025\\\/#organization\"},\"potentialAction\":[{\"@type\":\"SearchAction\",\"target\":{\"@type\":\"EntryPoint\",\"urlTemplate\":\"https:\\\/\\\/sbrc.sbc.org.br\\\/2025\\\/?s={search_term_string}\"},\"query-input\":{\"@type\":\"PropertyValueSpecification\",\"valueRequired\":true,\"valueName\":\"search_term_string\"}}],\"inLanguage\":\"pt-BR\"},{\"@type\":\"Organization\",\"@id\":\"https:\\\/\\\/sbrc.sbc.org.br\\\/2025\\\/#organization\",\"name\":\"SBRC 2025\",\"url\":\"https:\\\/\\\/sbrc.sbc.org.br\\\/2025\\\/\",\"logo\":{\"@type\":\"ImageObject\",\"inLanguage\":\"pt-BR\",\"@id\":\"https:\\\/\\\/sbrc.sbc.org.br\\\/2025\\\/#\\\/schema\\\/logo\\\/image\\\/\",\"url\":\"https:\\\/\\\/sbrc.sbc.org.br\\\/2025\\\/wp-content\\\/uploads\\\/2024\\\/04\\\/cropped-cropped-v2@4x-1.png\",\"contentUrl\":\"https:\\\/\\\/sbrc.sbc.org.br\\\/2025\\\/wp-content\\\/uploads\\\/2024\\\/04\\\/cropped-cropped-v2@4x-1.png\",\"width\":5226,\"height\":4892,\"caption\":\"SBRC 2025\"},\"image\":{\"@id\":\"https:\\\/\\\/sbrc.sbc.org.br\\\/2025\\\/#\\\/schema\\\/logo\\\/image\\\/\"},\"sameAs\":[\"https:\\\/\\\/www.instagram.com\\\/simposio.sbrc\\\/\"]}]}<\/script>\n<!-- \/ Yoast SEO plugin. -->","yoast_head_json":{"title":"Minicursos - SBRC 2025","robots":{"index":"index","follow":"follow","max-snippet":"max-snippet:-1","max-image-preview":"max-image-preview:large","max-video-preview":"max-video-preview:-1"},"canonical":"https:\/\/sbrc.sbc.org.br\/2025\/pt_br\/minicursos-2\/","og_locale":"pt_BR","og_type":"article","og_title":"Minicursos - SBRC 2025","og_description":"CHAMADA DE PROPOSTAS PARA MINICURSOS Datas Importantes Registro e envio das propostas: 17\/01\/2025 Comunica\u00e7\u00e3o dos resultados: 03\/03\/2025 Entrega dos cap\u00edtulos: 14\/04\/2025 Apresenta\u00e7\u00e3o e Objetivos O Simp\u00f3sio Brasileiro de Redes de Computadores e Sistemas Distribu\u00eddos (SBRC) \u00e9 o f\u00f3rum mais importante da comunidade de pesquisa e desenvolvimento em redes de computadores e sistemas distribu\u00eddos no Brasil. [&hellip;]","og_url":"https:\/\/sbrc.sbc.org.br\/2025\/pt_br\/minicursos-2\/","og_site_name":"SBRC 2025","article_modified_time":"2025-01-09T19:07:22+00:00","og_image":[{"width":821,"height":466,"url":"https:\/\/sbrc.sbc.org.br\/2025\/wp-content\/uploads\/2024\/07\/Captura-de-tela-2024-07-04-115159.png","type":"image\/png"}],"twitter_card":"summary_large_image","twitter_misc":{"Est. tempo de leitura":"4 minutos"},"schema":{"@context":"https:\/\/schema.org","@graph":[{"@type":"WebPage","@id":"https:\/\/sbrc.sbc.org.br\/2025\/minicursos-2\/","url":"https:\/\/sbrc.sbc.org.br\/2025\/minicursos-2\/","name":"Minicursos - SBRC 2025","isPartOf":{"@id":"https:\/\/sbrc.sbc.org.br\/2025\/#website"},"datePublished":"2024-11-29T17:10:40+00:00","dateModified":"2025-01-09T19:07:22+00:00","breadcrumb":{"@id":"https:\/\/sbrc.sbc.org.br\/2025\/minicursos-2\/#breadcrumb"},"inLanguage":"pt-BR","potentialAction":[{"@type":"ReadAction","target":["https:\/\/sbrc.sbc.org.br\/2025\/minicursos-2\/"]}]},{"@type":"BreadcrumbList","@id":"https:\/\/sbrc.sbc.org.br\/2025\/minicursos-2\/#breadcrumb","itemListElement":[{"@type":"ListItem","position":1,"name":"In\u00edcio","item":"https:\/\/sbrc.sbc.org.br\/2025\/"},{"@type":"ListItem","position":2,"name":"Minicursos"}]},{"@type":"WebSite","@id":"https:\/\/sbrc.sbc.org.br\/2025\/#website","url":"https:\/\/sbrc.sbc.org.br\/2025\/","name":"SBRC 2025","description":"43\u00ba Simp\u00f3sio Brasileiro de Redes de Computadores e Sistemas Distribu\u00eddos","publisher":{"@id":"https:\/\/sbrc.sbc.org.br\/2025\/#organization"},"potentialAction":[{"@type":"SearchAction","target":{"@type":"EntryPoint","urlTemplate":"https:\/\/sbrc.sbc.org.br\/2025\/?s={search_term_string}"},"query-input":{"@type":"PropertyValueSpecification","valueRequired":true,"valueName":"search_term_string"}}],"inLanguage":"pt-BR"},{"@type":"Organization","@id":"https:\/\/sbrc.sbc.org.br\/2025\/#organization","name":"SBRC 2025","url":"https:\/\/sbrc.sbc.org.br\/2025\/","logo":{"@type":"ImageObject","inLanguage":"pt-BR","@id":"https:\/\/sbrc.sbc.org.br\/2025\/#\/schema\/logo\/image\/","url":"https:\/\/sbrc.sbc.org.br\/2025\/wp-content\/uploads\/2024\/04\/cropped-cropped-v2@4x-1.png","contentUrl":"https:\/\/sbrc.sbc.org.br\/2025\/wp-content\/uploads\/2024\/04\/cropped-cropped-v2@4x-1.png","width":5226,"height":4892,"caption":"SBRC 2025"},"image":{"@id":"https:\/\/sbrc.sbc.org.br\/2025\/#\/schema\/logo\/image\/"},"sameAs":["https:\/\/www.instagram.com\/simposio.sbrc\/"]}]}},"_links":{"self":[{"href":"https:\/\/sbrc.sbc.org.br\/2025\/pt_br\/wp-json\/wp\/v2\/pages\/6101","targetHints":{"allow":["GET"]}}],"collection":[{"href":"https:\/\/sbrc.sbc.org.br\/2025\/pt_br\/wp-json\/wp\/v2\/pages"}],"about":[{"href":"https:\/\/sbrc.sbc.org.br\/2025\/pt_br\/wp-json\/wp\/v2\/types\/page"}],"author":[{"embeddable":true,"href":"https:\/\/sbrc.sbc.org.br\/2025\/pt_br\/wp-json\/wp\/v2\/users\/7"}],"replies":[{"embeddable":true,"href":"https:\/\/sbrc.sbc.org.br\/2025\/pt_br\/wp-json\/wp\/v2\/comments?post=6101"}],"version-history":[{"count":68,"href":"https:\/\/sbrc.sbc.org.br\/2025\/pt_br\/wp-json\/wp\/v2\/pages\/6101\/revisions"}],"predecessor-version":[{"id":6330,"href":"https:\/\/sbrc.sbc.org.br\/2025\/pt_br\/wp-json\/wp\/v2\/pages\/6101\/revisions\/6330"}],"wp:attachment":[{"href":"https:\/\/sbrc.sbc.org.br\/2025\/pt_br\/wp-json\/wp\/v2\/media?parent=6101"}],"curies":[{"name":"wp","href":"https:\/\/api.w.org\/{rel}","templated":true}]}}