{"id":4266,"date":"2024-05-02T17:17:31","date_gmt":"2024-05-02T20:17:31","guid":{"rendered":"https:\/\/sbrc.sbc.org.br\/2025\/?page_id=4266"},"modified":"2024-05-14T11:37:46","modified_gmt":"2024-05-14T14:37:46","slug":"como-chegar","status":"publish","type":"page","link":"https:\/\/sbrc.sbc.org.br\/2025\/pt_br\/como-chegar\/","title":{"rendered":"Como chegar"},"content":{"rendered":"\n<p><strong>Chegando a Natal de avi\u00e3o.<\/strong> O maior aeroporto no Estado do Rio Grande do Norte \u00e9 o <a href=\"https:\/\/natal-airport.com\/\">Aeroporto Internacional de Natal &#8211; S\u00e3o Gon\u00e7alo do Amarante\/Governador Alu\u00edzio Alves (NAT)<\/a>, localizado no munic\u00edpio de S\u00e3o Gon\u00e7alo do Amarante, vizinho a Natal. Servindo a capital e sua Regi\u00e3o Metropolitana, esse novo aeroporto foi aberto em maio de 2014 e \u00e9 considerado um dos melhores do Brasil. As principais companhias a\u00e9reas nacionais, LATAM, Gol, Azul e Voepass, operam no aeroporto de Natal com voos diretos conectando a cidade a outras cidades brasileiras maiores, como Fortaleza (45 min), Recife (50 min), Salvador (1h20), Bras\u00edlia (2h20), Belo Horizonte (2h25), Rio de Janeiro (2h45) e S\u00e3o Paulo (3h). H\u00e1 ainda voos internacionais diretos ligando Natal a Lisboa, Portugal, operado pela TAP Air Portugal (7h), e a Buenos Aires, Argentina, operado pela Gol (5h). As conex\u00f5es nacionais com outras cidades do Brasil fazem com que n\u00e3o seja dif\u00edcil chegar a Natal vindo da Europa ou da Am\u00e9rica do Norte.<\/p>\n\n\n\n<p>O Aeroporto Internacional de Natal fica a cerca de 35 km da Via Costeira e da Praia de Ponta Negra, principais regi\u00f5es hoteleira e tur\u00edstica da cidade. H\u00e1 diversas op\u00e7\u00f5es para facilitar o deslocamento de\/para o aeroporto e garantir uma experi\u00eancia de viagem tranquila e agrad\u00e1vel:<\/p>\n\n\n\n<ol class=\"wp-block-list\">\n<li style=\"padding-bottom: 15px\"><em><strong>Servi\u00e7os de transfer<\/strong><\/em>. No desembarque do aeroporto, h\u00e1 balc\u00f5es de empresas que oferecem servi\u00e7os de <em>transfer<\/em> sob demanda. Sites como <a href=\"http:\/\/transferaeroportonatal.net\/\">Transfer Aeroporto Natal<\/a> e <a href=\"https:\/\/www.transfernatalvip.com.br\">Transfer Natal VIP<\/a> tamb\u00e9m oferecem servi\u00e7os de <em>transfer<\/em> confi\u00e1veis e bem avaliados, proporcionando transporte confort\u00e1vel e seguro at\u00e9 o local desejado. Outra op\u00e7\u00e3o \u00e9 utilizar plataformas digitais como a <a href=\"https:\/\/www.civitatis.com\/pt\/natal\/transfers\/\">Civitatis<\/a>.<\/li>\n\n\n\n<li style=\"padding-bottom: 15px\"><em><strong>Transporte por aplicativo<\/strong><\/em>. As plataformas Uber e 99, amplamente utilizadas no Brasil, operam servi\u00e7os de transporte de passageiros por aplicativo, sendo uma forma eficiente e conveniente de chegar ao destino a partir do aeroporto e vice-versa. Para utilizar, basta solicitar no aplicativo (aproveitando a rede Wi-Fi gratuita do aeroporto) e aguardar o motorista na \u00e1rea coberta na parte externa da sa\u00edda do Terminal.<\/li>\n\n\n\n<li style=\"padding-bottom: 15px\"><em><strong>T\u00e1xis<\/strong><\/em>. T\u00e1xis est\u00e3o prontamente dispon\u00edveis no aeroporto, nos sagu\u00f5es de embarque e de desembarque do aeroporto, e oferecem um meio de transporte direto e conveniente para o destino em Natal. A <a href=\"https:\/\/coopcon.com.br\">Coopcon &#8211; Cooperativa dos Condutores de T\u00e1xi de S\u00e3o Gon\u00e7alo do Amarante<\/a> \u00e9 a \u00fanica empresa de t\u00e1xi credenciada ao aeroporto e atua em Natal e em S\u00e3o Gon\u00e7alo do Amarante, contando com motoristas treinados e qualificados.<\/li>\n\n\n\n<li><em><strong>Aluguel de carro<\/strong><\/em>. No aeroporto h\u00e1 diversas op\u00e7\u00f5es de aluguel de carro \u00e0 disposi\u00e7\u00e3o dos viajantes. As principais <a href=\"https:\/\/natal-airport.com\/aluguel-de-carros\">locadoras de ve\u00edculos presentes no aeroporto<\/a> s\u00e3o a Foco, Localiza, Movida e Unidas. Essas empresas oferecem uma gama de ve\u00edculos e servi\u00e7os para atender \u00e0s diversas necessidades dos viajantes que chegam ao aeroporto.<\/li>\n<\/ol>\n\n\n\n<p>Na escolha da op\u00e7\u00e3o de transporte mais adequada, \u00e9 importante considerar fatores como custo, conveni\u00eancia e localiza\u00e7\u00e3o espec\u00edfica do ponto de chegada ou de partida. Al\u00e9m disso, \u00e9 importante sempre certificar-se de que o servi\u00e7o escolhido \u00e9 confi\u00e1vel e atende a padr\u00f5es de seguran\u00e7a.<\/p>\n\n\n\n<p><strong>Chegando a Natal de carro.<\/strong> A rodovia federal BR-101 \u00e9 o acesso mais importante ligando Natal a outras cidades do litoral do Nordeste e ao Sudeste\/Sul do Brasil pela costa norte-sul. Para quem vem de cidades como Fortaleza e Teresina, outro acesso comum \u00e9 a rodovia federal BR-304, que vem do oeste do Rio Grande do Norte. Com rela\u00e7\u00e3o \u00e0s capitais dos estados mais pr\u00f3ximos, o tempo m\u00e9dio de deslocamento de carro entre Natal e Jo\u00e3o Pessoa (distante 181 km) \u00e9 de 2h25, entre Natal e Recife (distante 291 km) \u00e9 de 4h20 e entre Natal e Fortaleza (distante 521 km) \u00e9 de 7h55. <\/p>\n\n\n\n<p><strong>Chegando a Natal de \u00f4nibus.<\/strong> A principal esta\u00e7\u00e3o de \u00f4nibus do Rio Grande do Norte \u00e9 o <a href=\"https:\/\/www.rodoviarianatal.com.br\/\">Terminal Rodovi\u00e1rio de Natal<\/a>, no bairro Cidade da Esperan\u00e7a, Zona Oeste de Natal. Existem v\u00e1rias empresas de \u00f4nibus realizando rotas dentro do Rio Grande do Norte e de\/para todas as maiores cidades do Nordeste, al\u00e9m de outras diversas cidades do Pa\u00eds. Com rela\u00e7\u00e3o \u00e0s capitais dos estados mais pr\u00f3ximos, o tempo m\u00e9dio de deslocamento de \u00f4nibus entre Natal e Jo\u00e3o Pessoa (distante 193 km) \u00e9 de 3h, entre Natal e Recife (distante 291 km) \u00e9 de 5h45 e entre Natal e Fortaleza (distante 524 km) \u00e9 de 9h45.<\/p>\n","protected":false},"excerpt":{"rendered":"<p>Chegando a Natal de avi\u00e3o. O maior aeroporto no Estado do Rio Grande do Norte \u00e9 o Aeroporto Internacional de Natal &#8211; S\u00e3o Gon\u00e7alo do Amarante\/Governador Alu\u00edzio Alves (NAT), localizado no munic\u00edpio de S\u00e3o Gon\u00e7alo do Amarante, vizinho a Natal. Servindo a capital e sua Regi\u00e3o Metropolitana, esse novo aeroporto foi aberto em maio de [&hellip;]<\/p>\n","protected":false},"author":7,"featured_media":0,"parent":0,"menu_order":0,"comment_status":"closed","ping_status":"closed","template":"","meta":{"footnotes":""},"class_list":["post-4266","page","type-page","status-publish","hentry"],"yoast_head":"<!-- This site is optimized with the Yoast SEO plugin v27.5 - https:\/\/yoast.com\/product\/yoast-seo-wordpress\/ -->\n<title>Como chegar - SBRC 2025<\/title>\n<meta name=\"robots\" content=\"index, follow, max-snippet:-1, max-image-preview:large, max-video-preview:-1\" \/>\n<link rel=\"canonical\" href=\"https:\/\/sbrc.sbc.org.br\/2025\/pt_br\/como-chegar\/\" \/>\n<meta property=\"og:locale\" content=\"pt_BR\" \/>\n<meta property=\"og:type\" content=\"article\" \/>\n<meta property=\"og:title\" content=\"Como chegar - SBRC 2025\" \/>\n<meta property=\"og:description\" content=\"Chegando a Natal de avi\u00e3o. O maior aeroporto no Estado do Rio Grande do Norte \u00e9 o Aeroporto Internacional de Natal &#8211; S\u00e3o Gon\u00e7alo do Amarante\/Governador Alu\u00edzio Alves (NAT), localizado no munic\u00edpio de S\u00e3o Gon\u00e7alo do Amarante, vizinho a Natal. Servindo a capital e sua Regi\u00e3o Metropolitana, esse novo aeroporto foi aberto em maio de [&hellip;]\" \/>\n<meta property=\"og:url\" content=\"https:\/\/sbrc.sbc.org.br\/2025\/pt_br\/como-chegar\/\" \/>\n<meta property=\"og:site_name\" content=\"SBRC 2025\" \/>\n<meta property=\"article:modified_time\" content=\"2024-05-14T14:37:46+00:00\" \/>\n<meta property=\"og:image\" content=\"https:\/\/sbrc.sbc.org.br\/2025\/wp-content\/uploads\/2024\/07\/Captura-de-tela-2024-07-04-115159.png\" \/>\n\t<meta property=\"og:image:width\" content=\"821\" \/>\n\t<meta property=\"og:image:height\" content=\"466\" \/>\n\t<meta property=\"og:image:type\" content=\"image\/png\" \/>\n<meta name=\"twitter:card\" content=\"summary_large_image\" \/>\n<meta name=\"twitter:label1\" content=\"Est. tempo de leitura\" \/>\n\t<meta name=\"twitter:data1\" content=\"4 minutos\" \/>\n<script type=\"application\/ld+json\" class=\"yoast-schema-graph\">{\"@context\":\"https:\\\/\\\/schema.org\",\"@graph\":[{\"@type\":\"WebPage\",\"@id\":\"https:\\\/\\\/sbrc.sbc.org.br\\\/2025\\\/como-chegar\\\/\",\"url\":\"https:\\\/\\\/sbrc.sbc.org.br\\\/2025\\\/como-chegar\\\/\",\"name\":\"Como chegar - SBRC 2025\",\"isPartOf\":{\"@id\":\"https:\\\/\\\/sbrc.sbc.org.br\\\/2025\\\/#website\"},\"datePublished\":\"2024-05-02T20:17:31+00:00\",\"dateModified\":\"2024-05-14T14:37:46+00:00\",\"breadcrumb\":{\"@id\":\"https:\\\/\\\/sbrc.sbc.org.br\\\/2025\\\/como-chegar\\\/#breadcrumb\"},\"inLanguage\":\"pt-BR\",\"potentialAction\":[{\"@type\":\"ReadAction\",\"target\":[\"https:\\\/\\\/sbrc.sbc.org.br\\\/2025\\\/como-chegar\\\/\"]}]},{\"@type\":\"BreadcrumbList\",\"@id\":\"https:\\\/\\\/sbrc.sbc.org.br\\\/2025\\\/como-chegar\\\/#breadcrumb\",\"itemListElement\":[{\"@type\":\"ListItem\",\"position\":1,\"name\":\"In\u00edcio\",\"item\":\"https:\\\/\\\/sbrc.sbc.org.br\\\/2025\\\/\"},{\"@type\":\"ListItem\",\"position\":2,\"name\":\"Como chegar\"}]},{\"@type\":\"WebSite\",\"@id\":\"https:\\\/\\\/sbrc.sbc.org.br\\\/2025\\\/#website\",\"url\":\"https:\\\/\\\/sbrc.sbc.org.br\\\/2025\\\/\",\"name\":\"SBRC 2025\",\"description\":\"43\u00ba Simp\u00f3sio Brasileiro de Redes de Computadores e Sistemas Distribu\u00eddos\",\"publisher\":{\"@id\":\"https:\\\/\\\/sbrc.sbc.org.br\\\/2025\\\/#organization\"},\"potentialAction\":[{\"@type\":\"SearchAction\",\"target\":{\"@type\":\"EntryPoint\",\"urlTemplate\":\"https:\\\/\\\/sbrc.sbc.org.br\\\/2025\\\/?s={search_term_string}\"},\"query-input\":{\"@type\":\"PropertyValueSpecification\",\"valueRequired\":true,\"valueName\":\"search_term_string\"}}],\"inLanguage\":\"pt-BR\"},{\"@type\":\"Organization\",\"@id\":\"https:\\\/\\\/sbrc.sbc.org.br\\\/2025\\\/#organization\",\"name\":\"SBRC 2025\",\"url\":\"https:\\\/\\\/sbrc.sbc.org.br\\\/2025\\\/\",\"logo\":{\"@type\":\"ImageObject\",\"inLanguage\":\"pt-BR\",\"@id\":\"https:\\\/\\\/sbrc.sbc.org.br\\\/2025\\\/#\\\/schema\\\/logo\\\/image\\\/\",\"url\":\"https:\\\/\\\/sbrc.sbc.org.br\\\/2025\\\/wp-content\\\/uploads\\\/2024\\\/04\\\/cropped-cropped-v2@4x-1.png\",\"contentUrl\":\"https:\\\/\\\/sbrc.sbc.org.br\\\/2025\\\/wp-content\\\/uploads\\\/2024\\\/04\\\/cropped-cropped-v2@4x-1.png\",\"width\":5226,\"height\":4892,\"caption\":\"SBRC 2025\"},\"image\":{\"@id\":\"https:\\\/\\\/sbrc.sbc.org.br\\\/2025\\\/#\\\/schema\\\/logo\\\/image\\\/\"},\"sameAs\":[\"https:\\\/\\\/www.instagram.com\\\/simposio.sbrc\\\/\"]}]}<\/script>\n<!-- \/ Yoast SEO plugin. -->","yoast_head_json":{"title":"Como chegar - SBRC 2025","robots":{"index":"index","follow":"follow","max-snippet":"max-snippet:-1","max-image-preview":"max-image-preview:large","max-video-preview":"max-video-preview:-1"},"canonical":"https:\/\/sbrc.sbc.org.br\/2025\/pt_br\/como-chegar\/","og_locale":"pt_BR","og_type":"article","og_title":"Como chegar - SBRC 2025","og_description":"Chegando a Natal de avi\u00e3o. O maior aeroporto no Estado do Rio Grande do Norte \u00e9 o Aeroporto Internacional de Natal &#8211; S\u00e3o Gon\u00e7alo do Amarante\/Governador Alu\u00edzio Alves (NAT), localizado no munic\u00edpio de S\u00e3o Gon\u00e7alo do Amarante, vizinho a Natal. Servindo a capital e sua Regi\u00e3o Metropolitana, esse novo aeroporto foi aberto em maio de [&hellip;]","og_url":"https:\/\/sbrc.sbc.org.br\/2025\/pt_br\/como-chegar\/","og_site_name":"SBRC 2025","article_modified_time":"2024-05-14T14:37:46+00:00","og_image":[{"width":821,"height":466,"url":"https:\/\/sbrc.sbc.org.br\/2025\/wp-content\/uploads\/2024\/07\/Captura-de-tela-2024-07-04-115159.png","type":"image\/png"}],"twitter_card":"summary_large_image","twitter_misc":{"Est. tempo de leitura":"4 minutos"},"schema":{"@context":"https:\/\/schema.org","@graph":[{"@type":"WebPage","@id":"https:\/\/sbrc.sbc.org.br\/2025\/como-chegar\/","url":"https:\/\/sbrc.sbc.org.br\/2025\/como-chegar\/","name":"Como chegar - SBRC 2025","isPartOf":{"@id":"https:\/\/sbrc.sbc.org.br\/2025\/#website"},"datePublished":"2024-05-02T20:17:31+00:00","dateModified":"2024-05-14T14:37:46+00:00","breadcrumb":{"@id":"https:\/\/sbrc.sbc.org.br\/2025\/como-chegar\/#breadcrumb"},"inLanguage":"pt-BR","potentialAction":[{"@type":"ReadAction","target":["https:\/\/sbrc.sbc.org.br\/2025\/como-chegar\/"]}]},{"@type":"BreadcrumbList","@id":"https:\/\/sbrc.sbc.org.br\/2025\/como-chegar\/#breadcrumb","itemListElement":[{"@type":"ListItem","position":1,"name":"In\u00edcio","item":"https:\/\/sbrc.sbc.org.br\/2025\/"},{"@type":"ListItem","position":2,"name":"Como chegar"}]},{"@type":"WebSite","@id":"https:\/\/sbrc.sbc.org.br\/2025\/#website","url":"https:\/\/sbrc.sbc.org.br\/2025\/","name":"SBRC 2025","description":"43\u00ba Simp\u00f3sio Brasileiro de Redes de Computadores e Sistemas Distribu\u00eddos","publisher":{"@id":"https:\/\/sbrc.sbc.org.br\/2025\/#organization"},"potentialAction":[{"@type":"SearchAction","target":{"@type":"EntryPoint","urlTemplate":"https:\/\/sbrc.sbc.org.br\/2025\/?s={search_term_string}"},"query-input":{"@type":"PropertyValueSpecification","valueRequired":true,"valueName":"search_term_string"}}],"inLanguage":"pt-BR"},{"@type":"Organization","@id":"https:\/\/sbrc.sbc.org.br\/2025\/#organization","name":"SBRC 2025","url":"https:\/\/sbrc.sbc.org.br\/2025\/","logo":{"@type":"ImageObject","inLanguage":"pt-BR","@id":"https:\/\/sbrc.sbc.org.br\/2025\/#\/schema\/logo\/image\/","url":"https:\/\/sbrc.sbc.org.br\/2025\/wp-content\/uploads\/2024\/04\/cropped-cropped-v2@4x-1.png","contentUrl":"https:\/\/sbrc.sbc.org.br\/2025\/wp-content\/uploads\/2024\/04\/cropped-cropped-v2@4x-1.png","width":5226,"height":4892,"caption":"SBRC 2025"},"image":{"@id":"https:\/\/sbrc.sbc.org.br\/2025\/#\/schema\/logo\/image\/"},"sameAs":["https:\/\/www.instagram.com\/simposio.sbrc\/"]}]}},"_links":{"self":[{"href":"https:\/\/sbrc.sbc.org.br\/2025\/pt_br\/wp-json\/wp\/v2\/pages\/4266","targetHints":{"allow":["GET"]}}],"collection":[{"href":"https:\/\/sbrc.sbc.org.br\/2025\/pt_br\/wp-json\/wp\/v2\/pages"}],"about":[{"href":"https:\/\/sbrc.sbc.org.br\/2025\/pt_br\/wp-json\/wp\/v2\/types\/page"}],"author":[{"embeddable":true,"href":"https:\/\/sbrc.sbc.org.br\/2025\/pt_br\/wp-json\/wp\/v2\/users\/7"}],"replies":[{"embeddable":true,"href":"https:\/\/sbrc.sbc.org.br\/2025\/pt_br\/wp-json\/wp\/v2\/comments?post=4266"}],"version-history":[{"count":20,"href":"https:\/\/sbrc.sbc.org.br\/2025\/pt_br\/wp-json\/wp\/v2\/pages\/4266\/revisions"}],"predecessor-version":[{"id":5183,"href":"https:\/\/sbrc.sbc.org.br\/2025\/pt_br\/wp-json\/wp\/v2\/pages\/4266\/revisions\/5183"}],"wp:attachment":[{"href":"https:\/\/sbrc.sbc.org.br\/2025\/pt_br\/wp-json\/wp\/v2\/media?parent=4266"}],"curies":[{"name":"wp","href":"https:\/\/api.w.org\/{rel}","templated":true}]}}