{"id":4264,"date":"2024-05-02T17:17:31","date_gmt":"2024-05-02T20:17:31","guid":{"rendered":"https:\/\/sbrc.sbc.org.br\/2025\/?page_id=4264"},"modified":"2025-02-06T16:28:51","modified_gmt":"2025-02-06T19:28:51","slug":"comite-tecnico-cientifico","status":"publish","type":"page","link":"https:\/\/sbrc.sbc.org.br\/2025\/pt_br\/comite-tecnico-cientifico\/","title":{"rendered":"Comit\u00ea T\u00e9cnico-Cient\u00edfico"},"content":{"rendered":"\n<h2 class=\"wp-block-heading\">Coordena\u00e7\u00e3o da Trilha Principal\/Comit\u00ea de Programa<\/h2>\n\n\n\n<div class=\"wp-block-columns perfil is-layout-flex wp-container-core-columns-is-layout-9d6595d7 wp-block-columns-is-layout-flex\">\n<div class=\"wp-block-column is-layout-flow wp-block-column-is-layout-flow\">\n<figure class=\"wp-block-image size-full\"><img decoding=\"async\" src=\"https:\/\/sbrc.sbc.org.br\/2025\/wp-content\/uploads\/2024\/05\/1699619998745.jpeg\" alt=\"\" class=\"wp-image-587\"\/><figcaption class=\"wp-element-caption\">Flavia Delicato<br>UFF<\/figcaption><\/figure>\n<\/div>\n\n\n\n<div class=\"wp-block-column is-layout-flow wp-block-column-is-layout-flow\">\n<figure class=\"wp-block-image size-full\"><img decoding=\"async\" src=\"https:\/\/sbrc.sbc.org.br\/2025\/wp-content\/uploads\/2024\/07\/Screenshot-from-2024-07-16-07-28-16.png\" alt=\"\" class=\"wp-image-587\"\/><figcaption class=\"wp-element-caption\">Atslands Rocha<br>UFC<\/figcaption><\/figure>\n<\/div>\n<\/div>\n\n\n\n<h2 class=\"wp-block-heading\">Coordena\u00e7\u00e3o da Trilha de Intera\u00e7\u00e3o com a Ind\u00fastria e de Inova\u00e7\u00e3o<\/h2>\n\n\n\n<div class=\"wp-block-columns perfil is-layout-flex wp-container-core-columns-is-layout-9d6595d7 wp-block-columns-is-layout-flex\">\n<div class=\"wp-block-column is-layout-flow wp-block-column-is-layout-flow\">\n<figure class=\"wp-block-image size-full\"><img decoding=\"async\" src=\"https:\/\/sbrc.sbc.org.br\/2025\/wp-content\/uploads\/2024\/05\/Screenshot-from-2024-05-17-08-37-23.png\" alt=\"\" class=\"wp-image-587\"\/><figcaption class=\"wp-element-caption\">Paulo Pires<br>UFF\/Dell<\/figcaption><\/figure>\n<\/div>\n\n\n\n<div class=\"wp-block-column is-layout-flow wp-block-column-is-layout-flow\">\n<figure class=\"wp-block-image size-full\"><img decoding=\"async\" src=\"https:\/\/sbrc.sbc.org.br\/2025\/wp-content\/uploads\/2024\/05\/Screenshot-from-2024-05-17-08-39-02.png\" alt=\"\" class=\"wp-image-587\"\/><figcaption class=\"wp-element-caption\">Michelle Wangham<br>UNIVALI<\/figcaption><\/figure>\n<\/div>\n<\/div>\n\n\n\n<h2 class=\"wp-block-heading\">Coordena\u00e7\u00e3o de Workshops<\/h2>\n\n\n\n<div class=\"wp-block-columns perfil is-layout-flex wp-container-core-columns-is-layout-9d6595d7 wp-block-columns-is-layout-flex\">\n<div class=\"wp-block-column is-vertically-aligned-bottom is-layout-flow wp-block-column-is-layout-flow\">\n<figure class=\"wp-block-image size-full\"><img decoding=\"async\" src=\"https:\/\/sbrc.sbc.org.br\/2025\/wp-content\/uploads\/2024\/05\/Screenshot-from-2024-05-17-08-40-43.png\" alt=\"\" class=\"wp-image-587\"\/><figcaption class=\"wp-element-caption\">Carlos Ferraz<br>UFPE<\/figcaption><\/figure>\n<\/div>\n\n\n\n<div class=\"wp-block-column is-layout-flow wp-block-column-is-layout-flow\">\n<figure class=\"wp-block-image size-full\"><img decoding=\"async\" src=\"https:\/\/sbrc.sbc.org.br\/2025\/wp-content\/uploads\/2024\/05\/douglas.png\" alt=\"\" class=\"wp-image-587\"\/><figcaption class=\"wp-element-caption\">Douglas Macedo<br>UFSC<\/figcaption><\/figure>\n<\/div>\n<\/div>\n\n\n\n<h2 class=\"wp-block-heading\">Coordena\u00e7\u00e3o de Palestras<\/h2>\n\n\n\n<div class=\"wp-block-columns perfil is-layout-flex wp-container-core-columns-is-layout-9d6595d7 wp-block-columns-is-layout-flex\">\n<div class=\"wp-block-column is-vertically-aligned-bottom is-layout-flow wp-block-column-is-layout-flow\">\n<figure class=\"wp-block-image size-full\"><img decoding=\"async\" src=\"https:\/\/sbrc.sbc.org.br\/2025\/wp-content\/uploads\/2024\/05\/raf.jpg\" alt=\"\" class=\"wp-image-587\"\/><figcaption class=\"wp-element-caption\">Ronaldo Ferreira<br>UFMS<\/figcaption><\/figure>\n<\/div>\n\n\n\n<div class=\"wp-block-column is-layout-flow wp-block-column-is-layout-flow\">\n<figure class=\"wp-block-image size-full\"><img decoding=\"async\" src=\"https:\/\/sbrc.sbc.org.br\/2025\/wp-content\/uploads\/2024\/05\/avatar_hu88773214d3f26ab08cd32d02ff50f15e_85391_270x270_fill_q75_lanczos_center.jpg\" alt=\"\" class=\"wp-image-587\"\/><figcaption class=\"wp-element-caption\">Louren\u00e7o Pereira Junior<br>ITA<\/figcaption><\/figure>\n<\/div>\n<\/div>\n\n\n\n<h2 class=\"wp-block-heading\">Coordena\u00e7\u00e3o de Minicursos<\/h2>\n\n\n\n<div class=\"wp-block-columns perfil is-layout-flex wp-container-core-columns-is-layout-9d6595d7 wp-block-columns-is-layout-flex\">\n<div class=\"wp-block-column is-layout-flow wp-block-column-is-layout-flow\">\n<figure class=\"wp-block-image size-full\"><img loading=\"lazy\" decoding=\"async\" width=\"313\" height=\"338\" src=\"https:\/\/sbrc.sbc.org.br\/2025\/wp-content\/uploads\/2024\/05\/Screenshot-from-2024-05-17-08-53-46.png\" alt=\"\" class=\"wp-image-5248\" srcset=\"https:\/\/sbrc.sbc.org.br\/2025\/wp-content\/uploads\/2024\/05\/Screenshot-from-2024-05-17-08-53-46.png 313w, https:\/\/sbrc.sbc.org.br\/2025\/wp-content\/uploads\/2024\/05\/Screenshot-from-2024-05-17-08-53-46-278x300.png 278w, https:\/\/sbrc.sbc.org.br\/2025\/wp-content\/uploads\/2024\/05\/Screenshot-from-2024-05-17-08-53-46-11x12.png 11w\" sizes=\"auto, (max-width: 313px) 100vw, 313px\" \/><figcaption class=\"wp-element-caption\">Jussara Almeida<br>UFMG<\/figcaption><\/figure>\n<\/div>\n\n\n\n<div class=\"wp-block-column is-layout-flow wp-block-column-is-layout-flow\">\n<figure class=\"wp-block-image size-full\"><img decoding=\"async\" src=\"https:\/\/sbrc.sbc.org.br\/2025\/wp-content\/uploads\/2024\/05\/Screenshot-from-2024-05-17-08-54-52.png\" alt=\"\" class=\"wp-image-679\"\/><figcaption class=\"wp-element-caption\">Alex Borges Vieira<br>UFJF<\/figcaption><\/figure>\n<\/div>\n<\/div>\n\n\n\n<h2 class=\"wp-block-heading\">Coordena\u00e7\u00e3o de Pain\u00e9is<\/h2>\n\n\n\n<div class=\"wp-block-columns perfil is-layout-flex wp-container-core-columns-is-layout-9d6595d7 wp-block-columns-is-layout-flex\">\n<div class=\"wp-block-column is-layout-flow wp-block-column-is-layout-flow\">\n<figure class=\"wp-block-image size-large\"><img decoding=\"async\" src=\"https:\/\/sbrc.sbc.org.br\/2025\/wp-content\/uploads\/2024\/05\/Screenshot-from-2024-05-17-08-56-26.png\" alt=\"\"\/><figcaption class=\"wp-element-caption\">F\u00e1bio Kon<br>USP<\/figcaption><\/figure>\n<\/div>\n<\/div>\n\n\n\n<h2 class=\"wp-block-heading\">Coordena\u00e7\u00e3o do Mulheres em Redes de Computadores e Sistemas Distribu\u00eddos &#8211; MUSAS<\/h2>\n\n\n\n<div class=\"wp-block-columns perfil is-layout-flex wp-container-core-columns-is-layout-9d6595d7 wp-block-columns-is-layout-flex\">\n<div class=\"wp-block-column is-layout-flow wp-block-column-is-layout-flow\">\n<figure class=\"wp-block-image size-full\"><img loading=\"lazy\" decoding=\"async\" width=\"423\" height=\"429\" src=\"https:\/\/sbrc.sbc.org.br\/2025\/wp-content\/uploads\/2024\/05\/Screenshot-from-2024-05-17-08-57-09.png\" alt=\"\" class=\"wp-image-5252\" srcset=\"https:\/\/sbrc.sbc.org.br\/2025\/wp-content\/uploads\/2024\/05\/Screenshot-from-2024-05-17-08-57-09.png 423w, https:\/\/sbrc.sbc.org.br\/2025\/wp-content\/uploads\/2024\/05\/Screenshot-from-2024-05-17-08-57-09-296x300.png 296w, https:\/\/sbrc.sbc.org.br\/2025\/wp-content\/uploads\/2024\/05\/Screenshot-from-2024-05-17-08-57-09-12x12.png 12w\" sizes=\"auto, (max-width: 423px) 100vw, 423px\" \/><figcaption class=\"wp-element-caption\">Rossana Andrade<br>UFC<\/figcaption><\/figure>\n<\/div>\n<\/div>\n\n\n\n<h2 class=\"wp-block-heading\">Coordena\u00e7\u00e3o do Sal\u00e3o de Ferramentas<\/h2>\n\n\n\n<div class=\"wp-block-columns perfil is-layout-flex wp-container-core-columns-is-layout-9d6595d7 wp-block-columns-is-layout-flex\">\n<div class=\"wp-block-column is-vertically-aligned-bottom is-layout-flow wp-block-column-is-layout-flow\">\n<figure class=\"wp-block-image size-full\"><img decoding=\"async\" src=\"https:\/\/sbrc.sbc.org.br\/2025\/wp-content\/uploads\/2024\/05\/Screenshot-from-2024-05-17-08-57-48.png\" alt=\"\" class=\"wp-image-587\"\/><figcaption class=\"wp-element-caption\">J\u00f3 Ueyama<br>USP<\/figcaption><\/figure>\n<\/div>\n\n\n\n<div class=\"wp-block-column is-layout-flow wp-block-column-is-layout-flow\">\n<figure class=\"wp-block-image size-full\"><img decoding=\"async\" src=\"https:\/\/sbrc.sbc.org.br\/2025\/wp-content\/uploads\/2024\/07\/Screenshot-from-2024-07-16-07-33-19.png\" alt=\"\" class=\"wp-image-587\"\/><figcaption class=\"wp-element-caption\">Diego Kreutz<br>UNIPAMPA<\/figcaption><\/figure>\n<\/div>\n<\/div>\n\n\n\n<h2 class=\"wp-block-heading\">Coordena\u00e7\u00e3o do Concurso de Teses e Disserta\u00e7\u00f5es &#8211; CTD<\/h2>\n\n\n\n<div class=\"wp-block-columns perfil is-layout-flex wp-container-core-columns-is-layout-9d6595d7 wp-block-columns-is-layout-flex\">\n<div class=\"wp-block-column is-vertically-aligned-bottom is-layout-flow wp-block-column-is-layout-flow\">\n<figure class=\"wp-block-image size-full\"><img decoding=\"async\" src=\"https:\/\/sbrc.sbc.org.br\/2025\/wp-content\/uploads\/2024\/05\/Screenshot-from-2024-05-17-09-00-28.png\" alt=\"\" class=\"wp-image-587\"\/><figcaption class=\"wp-element-caption\">Luciano Gaspary <br> UFRGS<\/figcaption><\/figure>\n<\/div>\n\n\n\n<div class=\"wp-block-column is-layout-flow wp-block-column-is-layout-flow\">\n<figure class=\"wp-block-image size-full\"><img decoding=\"async\" src=\"https:\/\/sbrc.sbc.org.br\/2025\/wp-content\/uploads\/2024\/05\/Screenshot-from-2024-05-17-09-01-11.png\" alt=\"\" class=\"wp-image-587\"\/><figcaption class=\"wp-element-caption\">Denis Ros\u00e1rio<br>UFPA<\/figcaption><\/figure>\n<\/div>\n<\/div>\n\n\n\n<h2 class=\"wp-block-heading\">Coordena\u00e7\u00e3o do Hackathon<\/h2>\n\n\n\n<div class=\"wp-block-columns perfil is-layout-flex wp-container-core-columns-is-layout-9d6595d7 wp-block-columns-is-layout-flex\">\n<div class=\"wp-block-column is-layout-flow wp-block-column-is-layout-flow\">\n<figure class=\"wp-block-image size-full\"><img loading=\"lazy\" decoding=\"async\" width=\"212\" height=\"217\" src=\"https:\/\/sbrc.sbc.org.br\/2025\/wp-content\/uploads\/2024\/05\/Screenshot-from-2024-05-17-09-02-08.png\" alt=\"\" class=\"wp-image-5257\" srcset=\"https:\/\/sbrc.sbc.org.br\/2025\/wp-content\/uploads\/2024\/05\/Screenshot-from-2024-05-17-09-02-08.png 212w, https:\/\/sbrc.sbc.org.br\/2025\/wp-content\/uploads\/2024\/05\/Screenshot-from-2024-05-17-09-02-08-12x12.png 12w\" sizes=\"auto, (max-width: 212px) 100vw, 212px\" \/><figcaption class=\"wp-element-caption\">Ant\u00f4nio Tadeu Gomes<br>LNCC<\/figcaption><\/figure>\n<\/div>\n\n\n\n<div class=\"wp-block-column is-layout-flow wp-block-column-is-layout-flow\">\n<figure class=\"wp-block-image size-full\"><img loading=\"lazy\" decoding=\"async\" width=\"269\" height=\"314\" src=\"https:\/\/sbrc.sbc.org.br\/2025\/wp-content\/uploads\/2024\/05\/Screenshot-from-2024-05-17-09-02-38.png\" alt=\"\" class=\"wp-image-5258\" srcset=\"https:\/\/sbrc.sbc.org.br\/2025\/wp-content\/uploads\/2024\/05\/Screenshot-from-2024-05-17-09-02-38.png 269w, https:\/\/sbrc.sbc.org.br\/2025\/wp-content\/uploads\/2024\/05\/Screenshot-from-2024-05-17-09-02-38-257x300.png 257w, https:\/\/sbrc.sbc.org.br\/2025\/wp-content\/uploads\/2024\/05\/Screenshot-from-2024-05-17-09-02-38-10x12.png 10w\" sizes=\"auto, (max-width: 269px) 100vw, 269px\" \/><figcaption class=\"wp-element-caption\">Weverton Cordeiro<br>UFRGS<\/figcaption><\/figure>\n<\/div>\n<\/div>\n\n\n\n<figure class=\"wp-block-gallery has-nested-images columns-default is-cropped wp-block-gallery-1 is-layout-flex wp-block-gallery-is-layout-flex\"><\/figure>\n","protected":false},"excerpt":{"rendered":"<p>Coordena\u00e7\u00e3o da Trilha Principal\/Comit\u00ea de Programa Flavia DelicatoUFF Atslands RochaUFC Coordena\u00e7\u00e3o da Trilha de Intera\u00e7\u00e3o com a Ind\u00fastria e de Inova\u00e7\u00e3o Paulo PiresUFF\/Dell Michelle WanghamUNIVALI Coordena\u00e7\u00e3o de Workshops Carlos FerrazUFPE Douglas MacedoUFSC Coordena\u00e7\u00e3o de Palestras Ronaldo FerreiraUFMS Louren\u00e7o Pereira JuniorITA Coordena\u00e7\u00e3o de Minicursos Alex Borges VieiraUFJF Coordena\u00e7\u00e3o de Pain\u00e9is Coordena\u00e7\u00e3o do Mulheres em Redes de [&hellip;]<\/p>\n","protected":false},"author":7,"featured_media":0,"parent":0,"menu_order":0,"comment_status":"closed","ping_status":"closed","template":"","meta":{"footnotes":""},"class_list":["post-4264","page","type-page","status-publish","hentry"],"yoast_head":"<!-- This site is optimized with the Yoast SEO plugin v27.5 - https:\/\/yoast.com\/product\/yoast-seo-wordpress\/ -->\n<title>Comit\u00ea T\u00e9cnico-Cient\u00edfico - SBRC 2025<\/title>\n<meta name=\"robots\" content=\"index, follow, max-snippet:-1, max-image-preview:large, max-video-preview:-1\" \/>\n<link rel=\"canonical\" href=\"https:\/\/sbrc.sbc.org.br\/2025\/pt_br\/comite-tecnico-cientifico\/\" \/>\n<meta property=\"og:locale\" content=\"pt_BR\" \/>\n<meta property=\"og:type\" content=\"article\" \/>\n<meta property=\"og:title\" content=\"Comit\u00ea T\u00e9cnico-Cient\u00edfico - SBRC 2025\" \/>\n<meta property=\"og:description\" content=\"Coordena\u00e7\u00e3o da Trilha Principal\/Comit\u00ea de Programa Flavia DelicatoUFF Atslands RochaUFC Coordena\u00e7\u00e3o da Trilha de Intera\u00e7\u00e3o com a Ind\u00fastria e de Inova\u00e7\u00e3o Paulo PiresUFF\/Dell Michelle WanghamUNIVALI Coordena\u00e7\u00e3o de Workshops Carlos FerrazUFPE Douglas MacedoUFSC Coordena\u00e7\u00e3o de Palestras Ronaldo FerreiraUFMS Louren\u00e7o Pereira JuniorITA Coordena\u00e7\u00e3o de Minicursos Alex Borges VieiraUFJF Coordena\u00e7\u00e3o de Pain\u00e9is Coordena\u00e7\u00e3o do Mulheres em Redes de [&hellip;]\" \/>\n<meta property=\"og:url\" content=\"https:\/\/sbrc.sbc.org.br\/2025\/pt_br\/comite-tecnico-cientifico\/\" \/>\n<meta property=\"og:site_name\" content=\"SBRC 2025\" \/>\n<meta property=\"article:modified_time\" content=\"2025-02-06T19:28:51+00:00\" \/>\n<meta property=\"og:image\" content=\"https:\/\/sbrc.sbc.org.br\/2025\/wp-content\/uploads\/2024\/07\/Captura-de-tela-2024-07-04-115159.png\" \/>\n\t<meta property=\"og:image:width\" content=\"821\" \/>\n\t<meta property=\"og:image:height\" content=\"466\" \/>\n\t<meta property=\"og:image:type\" content=\"image\/png\" \/>\n<meta name=\"twitter:card\" content=\"summary_large_image\" \/>\n<meta name=\"twitter:label1\" content=\"Est. tempo de leitura\" \/>\n\t<meta name=\"twitter:data1\" content=\"5 minutos\" \/>\n<script type=\"application\/ld+json\" class=\"yoast-schema-graph\">{\"@context\":\"https:\\\/\\\/schema.org\",\"@graph\":[{\"@type\":\"WebPage\",\"@id\":\"https:\\\/\\\/sbrc.sbc.org.br\\\/2025\\\/comite-tecnico-cientifico\\\/\",\"url\":\"https:\\\/\\\/sbrc.sbc.org.br\\\/2025\\\/comite-tecnico-cientifico\\\/\",\"name\":\"Comit\u00ea T\u00e9cnico-Cient\u00edfico - SBRC 2025\",\"isPartOf\":{\"@id\":\"https:\\\/\\\/sbrc.sbc.org.br\\\/2025\\\/#website\"},\"primaryImageOfPage\":{\"@id\":\"https:\\\/\\\/sbrc.sbc.org.br\\\/2025\\\/comite-tecnico-cientifico\\\/#primaryimage\"},\"image\":{\"@id\":\"https:\\\/\\\/sbrc.sbc.org.br\\\/2025\\\/comite-tecnico-cientifico\\\/#primaryimage\"},\"thumbnailUrl\":\"https:\\\/\\\/sbrc.sbc.org.br\\\/2025\\\/wp-content\\\/uploads\\\/2024\\\/05\\\/1699619998745.jpeg\",\"datePublished\":\"2024-05-02T20:17:31+00:00\",\"dateModified\":\"2025-02-06T19:28:51+00:00\",\"breadcrumb\":{\"@id\":\"https:\\\/\\\/sbrc.sbc.org.br\\\/2025\\\/comite-tecnico-cientifico\\\/#breadcrumb\"},\"inLanguage\":\"pt-BR\",\"potentialAction\":[{\"@type\":\"ReadAction\",\"target\":[\"https:\\\/\\\/sbrc.sbc.org.br\\\/2025\\\/comite-tecnico-cientifico\\\/\"]}]},{\"@type\":\"ImageObject\",\"inLanguage\":\"pt-BR\",\"@id\":\"https:\\\/\\\/sbrc.sbc.org.br\\\/2025\\\/comite-tecnico-cientifico\\\/#primaryimage\",\"url\":\"https:\\\/\\\/sbrc.sbc.org.br\\\/2025\\\/wp-content\\\/uploads\\\/2024\\\/05\\\/1699619998745.jpeg\",\"contentUrl\":\"https:\\\/\\\/sbrc.sbc.org.br\\\/2025\\\/wp-content\\\/uploads\\\/2024\\\/05\\\/1699619998745.jpeg\"},{\"@type\":\"BreadcrumbList\",\"@id\":\"https:\\\/\\\/sbrc.sbc.org.br\\\/2025\\\/comite-tecnico-cientifico\\\/#breadcrumb\",\"itemListElement\":[{\"@type\":\"ListItem\",\"position\":1,\"name\":\"In\u00edcio\",\"item\":\"https:\\\/\\\/sbrc.sbc.org.br\\\/2025\\\/\"},{\"@type\":\"ListItem\",\"position\":2,\"name\":\"Comit\u00ea T\u00e9cnico-Cient\u00edfico\"}]},{\"@type\":\"WebSite\",\"@id\":\"https:\\\/\\\/sbrc.sbc.org.br\\\/2025\\\/#website\",\"url\":\"https:\\\/\\\/sbrc.sbc.org.br\\\/2025\\\/\",\"name\":\"SBRC 2025\",\"description\":\"43\u00ba Simp\u00f3sio Brasileiro de Redes de Computadores e Sistemas Distribu\u00eddos\",\"publisher\":{\"@id\":\"https:\\\/\\\/sbrc.sbc.org.br\\\/2025\\\/#organization\"},\"potentialAction\":[{\"@type\":\"SearchAction\",\"target\":{\"@type\":\"EntryPoint\",\"urlTemplate\":\"https:\\\/\\\/sbrc.sbc.org.br\\\/2025\\\/?s={search_term_string}\"},\"query-input\":{\"@type\":\"PropertyValueSpecification\",\"valueRequired\":true,\"valueName\":\"search_term_string\"}}],\"inLanguage\":\"pt-BR\"},{\"@type\":\"Organization\",\"@id\":\"https:\\\/\\\/sbrc.sbc.org.br\\\/2025\\\/#organization\",\"name\":\"SBRC 2025\",\"url\":\"https:\\\/\\\/sbrc.sbc.org.br\\\/2025\\\/\",\"logo\":{\"@type\":\"ImageObject\",\"inLanguage\":\"pt-BR\",\"@id\":\"https:\\\/\\\/sbrc.sbc.org.br\\\/2025\\\/#\\\/schema\\\/logo\\\/image\\\/\",\"url\":\"https:\\\/\\\/sbrc.sbc.org.br\\\/2025\\\/wp-content\\\/uploads\\\/2024\\\/04\\\/cropped-cropped-v2@4x-1.png\",\"contentUrl\":\"https:\\\/\\\/sbrc.sbc.org.br\\\/2025\\\/wp-content\\\/uploads\\\/2024\\\/04\\\/cropped-cropped-v2@4x-1.png\",\"width\":5226,\"height\":4892,\"caption\":\"SBRC 2025\"},\"image\":{\"@id\":\"https:\\\/\\\/sbrc.sbc.org.br\\\/2025\\\/#\\\/schema\\\/logo\\\/image\\\/\"},\"sameAs\":[\"https:\\\/\\\/www.instagram.com\\\/simposio.sbrc\\\/\"]}]}<\/script>\n<!-- \/ Yoast SEO plugin. -->","yoast_head_json":{"title":"Comit\u00ea T\u00e9cnico-Cient\u00edfico - SBRC 2025","robots":{"index":"index","follow":"follow","max-snippet":"max-snippet:-1","max-image-preview":"max-image-preview:large","max-video-preview":"max-video-preview:-1"},"canonical":"https:\/\/sbrc.sbc.org.br\/2025\/pt_br\/comite-tecnico-cientifico\/","og_locale":"pt_BR","og_type":"article","og_title":"Comit\u00ea T\u00e9cnico-Cient\u00edfico - SBRC 2025","og_description":"Coordena\u00e7\u00e3o da Trilha Principal\/Comit\u00ea de Programa Flavia DelicatoUFF Atslands RochaUFC Coordena\u00e7\u00e3o da Trilha de Intera\u00e7\u00e3o com a Ind\u00fastria e de Inova\u00e7\u00e3o Paulo PiresUFF\/Dell Michelle WanghamUNIVALI Coordena\u00e7\u00e3o de Workshops Carlos FerrazUFPE Douglas MacedoUFSC Coordena\u00e7\u00e3o de Palestras Ronaldo FerreiraUFMS Louren\u00e7o Pereira JuniorITA Coordena\u00e7\u00e3o de Minicursos Alex Borges VieiraUFJF Coordena\u00e7\u00e3o de Pain\u00e9is Coordena\u00e7\u00e3o do Mulheres em Redes de [&hellip;]","og_url":"https:\/\/sbrc.sbc.org.br\/2025\/pt_br\/comite-tecnico-cientifico\/","og_site_name":"SBRC 2025","article_modified_time":"2025-02-06T19:28:51+00:00","og_image":[{"width":821,"height":466,"url":"https:\/\/sbrc.sbc.org.br\/2025\/wp-content\/uploads\/2024\/07\/Captura-de-tela-2024-07-04-115159.png","type":"image\/png"}],"twitter_card":"summary_large_image","twitter_misc":{"Est. tempo de leitura":"5 minutos"},"schema":{"@context":"https:\/\/schema.org","@graph":[{"@type":"WebPage","@id":"https:\/\/sbrc.sbc.org.br\/2025\/comite-tecnico-cientifico\/","url":"https:\/\/sbrc.sbc.org.br\/2025\/comite-tecnico-cientifico\/","name":"Comit\u00ea T\u00e9cnico-Cient\u00edfico - SBRC 2025","isPartOf":{"@id":"https:\/\/sbrc.sbc.org.br\/2025\/#website"},"primaryImageOfPage":{"@id":"https:\/\/sbrc.sbc.org.br\/2025\/comite-tecnico-cientifico\/#primaryimage"},"image":{"@id":"https:\/\/sbrc.sbc.org.br\/2025\/comite-tecnico-cientifico\/#primaryimage"},"thumbnailUrl":"https:\/\/sbrc.sbc.org.br\/2025\/wp-content\/uploads\/2024\/05\/1699619998745.jpeg","datePublished":"2024-05-02T20:17:31+00:00","dateModified":"2025-02-06T19:28:51+00:00","breadcrumb":{"@id":"https:\/\/sbrc.sbc.org.br\/2025\/comite-tecnico-cientifico\/#breadcrumb"},"inLanguage":"pt-BR","potentialAction":[{"@type":"ReadAction","target":["https:\/\/sbrc.sbc.org.br\/2025\/comite-tecnico-cientifico\/"]}]},{"@type":"ImageObject","inLanguage":"pt-BR","@id":"https:\/\/sbrc.sbc.org.br\/2025\/comite-tecnico-cientifico\/#primaryimage","url":"https:\/\/sbrc.sbc.org.br\/2025\/wp-content\/uploads\/2024\/05\/1699619998745.jpeg","contentUrl":"https:\/\/sbrc.sbc.org.br\/2025\/wp-content\/uploads\/2024\/05\/1699619998745.jpeg"},{"@type":"BreadcrumbList","@id":"https:\/\/sbrc.sbc.org.br\/2025\/comite-tecnico-cientifico\/#breadcrumb","itemListElement":[{"@type":"ListItem","position":1,"name":"In\u00edcio","item":"https:\/\/sbrc.sbc.org.br\/2025\/"},{"@type":"ListItem","position":2,"name":"Comit\u00ea T\u00e9cnico-Cient\u00edfico"}]},{"@type":"WebSite","@id":"https:\/\/sbrc.sbc.org.br\/2025\/#website","url":"https:\/\/sbrc.sbc.org.br\/2025\/","name":"SBRC 2025","description":"43\u00ba Simp\u00f3sio Brasileiro de Redes de Computadores e Sistemas Distribu\u00eddos","publisher":{"@id":"https:\/\/sbrc.sbc.org.br\/2025\/#organization"},"potentialAction":[{"@type":"SearchAction","target":{"@type":"EntryPoint","urlTemplate":"https:\/\/sbrc.sbc.org.br\/2025\/?s={search_term_string}"},"query-input":{"@type":"PropertyValueSpecification","valueRequired":true,"valueName":"search_term_string"}}],"inLanguage":"pt-BR"},{"@type":"Organization","@id":"https:\/\/sbrc.sbc.org.br\/2025\/#organization","name":"SBRC 2025","url":"https:\/\/sbrc.sbc.org.br\/2025\/","logo":{"@type":"ImageObject","inLanguage":"pt-BR","@id":"https:\/\/sbrc.sbc.org.br\/2025\/#\/schema\/logo\/image\/","url":"https:\/\/sbrc.sbc.org.br\/2025\/wp-content\/uploads\/2024\/04\/cropped-cropped-v2@4x-1.png","contentUrl":"https:\/\/sbrc.sbc.org.br\/2025\/wp-content\/uploads\/2024\/04\/cropped-cropped-v2@4x-1.png","width":5226,"height":4892,"caption":"SBRC 2025"},"image":{"@id":"https:\/\/sbrc.sbc.org.br\/2025\/#\/schema\/logo\/image\/"},"sameAs":["https:\/\/www.instagram.com\/simposio.sbrc\/"]}]}},"_links":{"self":[{"href":"https:\/\/sbrc.sbc.org.br\/2025\/pt_br\/wp-json\/wp\/v2\/pages\/4264","targetHints":{"allow":["GET"]}}],"collection":[{"href":"https:\/\/sbrc.sbc.org.br\/2025\/pt_br\/wp-json\/wp\/v2\/pages"}],"about":[{"href":"https:\/\/sbrc.sbc.org.br\/2025\/pt_br\/wp-json\/wp\/v2\/types\/page"}],"author":[{"embeddable":true,"href":"https:\/\/sbrc.sbc.org.br\/2025\/pt_br\/wp-json\/wp\/v2\/users\/7"}],"replies":[{"embeddable":true,"href":"https:\/\/sbrc.sbc.org.br\/2025\/pt_br\/wp-json\/wp\/v2\/comments?post=4264"}],"version-history":[{"count":31,"href":"https:\/\/sbrc.sbc.org.br\/2025\/pt_br\/wp-json\/wp\/v2\/pages\/4264\/revisions"}],"predecessor-version":[{"id":6629,"href":"https:\/\/sbrc.sbc.org.br\/2025\/pt_br\/wp-json\/wp\/v2\/pages\/4264\/revisions\/6629"}],"wp:attachment":[{"href":"https:\/\/sbrc.sbc.org.br\/2025\/pt_br\/wp-json\/wp\/v2\/media?parent=4264"}],"curies":[{"name":"wp","href":"https:\/\/api.w.org\/{rel}","templated":true}]}}