{"id":4262,"date":"2024-05-02T17:17:31","date_gmt":"2024-05-02T20:17:31","guid":{"rendered":"https:\/\/sbrc.sbc.org.br\/2025\/?page_id=4262"},"modified":"2024-05-07T15:05:00","modified_gmt":"2024-05-07T18:05:00","slug":"codigo-de-conduta","status":"publish","type":"page","link":"https:\/\/sbrc.sbc.org.br\/2025\/pt_br\/codigo-de-conduta\/","title":{"rendered":"C\u00f3digo de conduta"},"content":{"rendered":"\n<p>A troca aberta de ideias e a liberdade de pensamento e express\u00e3o s\u00e3o fundamentais para os objetivos do SBRC. Isso requer um ambiente que reconhe\u00e7a o valor inerente de cada pessoa e grupo, que promova a dignidade, a compreens\u00e3o e o respeito m\u00fatuo e que envolva a diversidade. Por essas raz\u00f5es, o SBRC dedica-se a proporcionar uma experi\u00eancia livre de ass\u00e9dio \u00e0s pessoas participantes do evento e em seus canais oficiais de comunica\u00e7\u00e3o, incluindo m\u00eddias sociais. A meta \u00e9 que toda e qualquer pessoa participante sinta-se bem-vinda, inclu\u00edda, respeitada e segura. N\u00e3o h\u00e1 qualquer tipo de toler\u00e2ncia para comportamento hostil ou indesejado ou para discurso que intimide, crie desconforto ou interfira na participa\u00e7\u00e3o de algu\u00e9m no evento.<\/p>\n\n\n\n<p><strong>Comportamentos inaceit\u00e1veis incluem:<\/strong> linguagem abusiva ou degradante, interrup\u00e7\u00e3o prolongada de uma palestra, discuss\u00e3o ou outra atividade, discrimina\u00e7\u00e3o, intimida\u00e7\u00e3o deliberada, persegui\u00e7\u00e3o, grava\u00e7\u00e3o de v\u00eddeo ou imagens com vi\u00e9s de ass\u00e9dio, contato f\u00edsico inapropriado, imagens sexuais ou aten\u00e7\u00e3o sexual indesejada.<\/p>\n\n\n\n<p><strong>Ass\u00e9dio inclui:<\/strong> coment\u00e1rios pejorativos ou a\u00e7\u00f5es relacionados a ra\u00e7a, cor, sexo, g\u00eanero, orienta\u00e7\u00e3o sexual, identidade de g\u00eanero ou express\u00e3o, idade, estado civil, religi\u00e3o, nacionalidade, defici\u00eancia, gravidez, condi\u00e7\u00f5es m\u00e9dicas ou qualquer outra protegida pelas leis brasileiras.<\/p>\n\n\n\n<p>Qualquer pessoa que testemunhe ou seja v\u00edtima de comportamento inaceit\u00e1vel ou ass\u00e9dio deve notificar um membro do Comit\u00ea Organizador do SBRC 2025 ou seguran\u00e7a do evento. Respostas do tipo que a pessoa participante estava &#8220;brincando&#8221; ou que o comportamento em quest\u00e3o tenha sido uma \u201cbrincadeira\u201d n\u00e3o ser\u00e3o aceitas. As pessoas que violarem esses padr\u00f5es poder\u00e3o ser punidas ou exclu\u00eddas de participarem do evento, sem qualquer tipo de reembolso ou compensa\u00e7\u00e3o, a crit\u00e9rio da Coordena\u00e7\u00e3o Geral do SBRC 2025.<\/p>\n","protected":false},"excerpt":{"rendered":"<p>A troca aberta de ideias e a liberdade de pensamento e express\u00e3o s\u00e3o fundamentais para os objetivos do SBRC. Isso requer um ambiente que reconhe\u00e7a o valor inerente de cada pessoa e grupo, que promova a dignidade, a compreens\u00e3o e o respeito m\u00fatuo e que envolva a diversidade. Por essas raz\u00f5es, o SBRC dedica-se a [&hellip;]<\/p>\n","protected":false},"author":7,"featured_media":0,"parent":0,"menu_order":0,"comment_status":"closed","ping_status":"closed","template":"","meta":{"footnotes":""},"class_list":["post-4262","page","type-page","status-publish","hentry"],"yoast_head":"<!-- This site is optimized with the Yoast SEO plugin v27.5 - https:\/\/yoast.com\/product\/yoast-seo-wordpress\/ -->\n<title>C\u00f3digo de conduta - SBRC 2025<\/title>\n<meta name=\"robots\" content=\"index, follow, max-snippet:-1, max-image-preview:large, max-video-preview:-1\" \/>\n<link rel=\"canonical\" href=\"https:\/\/sbrc.sbc.org.br\/2025\/pt_br\/codigo-de-conduta\/\" \/>\n<meta property=\"og:locale\" content=\"pt_BR\" \/>\n<meta property=\"og:type\" content=\"article\" \/>\n<meta property=\"og:title\" content=\"C\u00f3digo de conduta - SBRC 2025\" \/>\n<meta property=\"og:description\" content=\"A troca aberta de ideias e a liberdade de pensamento e express\u00e3o s\u00e3o fundamentais para os objetivos do SBRC. Isso requer um ambiente que reconhe\u00e7a o valor inerente de cada pessoa e grupo, que promova a dignidade, a compreens\u00e3o e o respeito m\u00fatuo e que envolva a diversidade. Por essas raz\u00f5es, o SBRC dedica-se a [&hellip;]\" \/>\n<meta property=\"og:url\" content=\"https:\/\/sbrc.sbc.org.br\/2025\/pt_br\/codigo-de-conduta\/\" \/>\n<meta property=\"og:site_name\" content=\"SBRC 2025\" \/>\n<meta property=\"article:modified_time\" content=\"2024-05-07T18:05:00+00:00\" \/>\n<meta property=\"og:image\" content=\"https:\/\/sbrc.sbc.org.br\/2025\/wp-content\/uploads\/2024\/07\/Captura-de-tela-2024-07-04-115159.png\" \/>\n\t<meta property=\"og:image:width\" content=\"821\" \/>\n\t<meta property=\"og:image:height\" content=\"466\" \/>\n\t<meta property=\"og:image:type\" content=\"image\/png\" \/>\n<meta name=\"twitter:card\" content=\"summary_large_image\" \/>\n<meta name=\"twitter:label1\" content=\"Est. tempo de leitura\" \/>\n\t<meta name=\"twitter:data1\" content=\"2 minutos\" \/>\n<script type=\"application\/ld+json\" class=\"yoast-schema-graph\">{\"@context\":\"https:\\\/\\\/schema.org\",\"@graph\":[{\"@type\":\"WebPage\",\"@id\":\"https:\\\/\\\/sbrc.sbc.org.br\\\/2025\\\/codigo-de-conduta\\\/\",\"url\":\"https:\\\/\\\/sbrc.sbc.org.br\\\/2025\\\/codigo-de-conduta\\\/\",\"name\":\"C\u00f3digo de conduta - SBRC 2025\",\"isPartOf\":{\"@id\":\"https:\\\/\\\/sbrc.sbc.org.br\\\/2025\\\/#website\"},\"datePublished\":\"2024-05-02T20:17:31+00:00\",\"dateModified\":\"2024-05-07T18:05:00+00:00\",\"breadcrumb\":{\"@id\":\"https:\\\/\\\/sbrc.sbc.org.br\\\/2025\\\/codigo-de-conduta\\\/#breadcrumb\"},\"inLanguage\":\"pt-BR\",\"potentialAction\":[{\"@type\":\"ReadAction\",\"target\":[\"https:\\\/\\\/sbrc.sbc.org.br\\\/2025\\\/codigo-de-conduta\\\/\"]}]},{\"@type\":\"BreadcrumbList\",\"@id\":\"https:\\\/\\\/sbrc.sbc.org.br\\\/2025\\\/codigo-de-conduta\\\/#breadcrumb\",\"itemListElement\":[{\"@type\":\"ListItem\",\"position\":1,\"name\":\"In\u00edcio\",\"item\":\"https:\\\/\\\/sbrc.sbc.org.br\\\/2025\\\/\"},{\"@type\":\"ListItem\",\"position\":2,\"name\":\"C\u00f3digo de conduta\"}]},{\"@type\":\"WebSite\",\"@id\":\"https:\\\/\\\/sbrc.sbc.org.br\\\/2025\\\/#website\",\"url\":\"https:\\\/\\\/sbrc.sbc.org.br\\\/2025\\\/\",\"name\":\"SBRC 2025\",\"description\":\"43\u00ba Simp\u00f3sio Brasileiro de Redes de Computadores e Sistemas Distribu\u00eddos\",\"publisher\":{\"@id\":\"https:\\\/\\\/sbrc.sbc.org.br\\\/2025\\\/#organization\"},\"potentialAction\":[{\"@type\":\"SearchAction\",\"target\":{\"@type\":\"EntryPoint\",\"urlTemplate\":\"https:\\\/\\\/sbrc.sbc.org.br\\\/2025\\\/?s={search_term_string}\"},\"query-input\":{\"@type\":\"PropertyValueSpecification\",\"valueRequired\":true,\"valueName\":\"search_term_string\"}}],\"inLanguage\":\"pt-BR\"},{\"@type\":\"Organization\",\"@id\":\"https:\\\/\\\/sbrc.sbc.org.br\\\/2025\\\/#organization\",\"name\":\"SBRC 2025\",\"url\":\"https:\\\/\\\/sbrc.sbc.org.br\\\/2025\\\/\",\"logo\":{\"@type\":\"ImageObject\",\"inLanguage\":\"pt-BR\",\"@id\":\"https:\\\/\\\/sbrc.sbc.org.br\\\/2025\\\/#\\\/schema\\\/logo\\\/image\\\/\",\"url\":\"https:\\\/\\\/sbrc.sbc.org.br\\\/2025\\\/wp-content\\\/uploads\\\/2024\\\/04\\\/cropped-cropped-v2@4x-1.png\",\"contentUrl\":\"https:\\\/\\\/sbrc.sbc.org.br\\\/2025\\\/wp-content\\\/uploads\\\/2024\\\/04\\\/cropped-cropped-v2@4x-1.png\",\"width\":5226,\"height\":4892,\"caption\":\"SBRC 2025\"},\"image\":{\"@id\":\"https:\\\/\\\/sbrc.sbc.org.br\\\/2025\\\/#\\\/schema\\\/logo\\\/image\\\/\"},\"sameAs\":[\"https:\\\/\\\/www.instagram.com\\\/simposio.sbrc\\\/\"]}]}<\/script>\n<!-- \/ Yoast SEO plugin. -->","yoast_head_json":{"title":"C\u00f3digo de conduta - SBRC 2025","robots":{"index":"index","follow":"follow","max-snippet":"max-snippet:-1","max-image-preview":"max-image-preview:large","max-video-preview":"max-video-preview:-1"},"canonical":"https:\/\/sbrc.sbc.org.br\/2025\/pt_br\/codigo-de-conduta\/","og_locale":"pt_BR","og_type":"article","og_title":"C\u00f3digo de conduta - SBRC 2025","og_description":"A troca aberta de ideias e a liberdade de pensamento e express\u00e3o s\u00e3o fundamentais para os objetivos do SBRC. Isso requer um ambiente que reconhe\u00e7a o valor inerente de cada pessoa e grupo, que promova a dignidade, a compreens\u00e3o e o respeito m\u00fatuo e que envolva a diversidade. Por essas raz\u00f5es, o SBRC dedica-se a [&hellip;]","og_url":"https:\/\/sbrc.sbc.org.br\/2025\/pt_br\/codigo-de-conduta\/","og_site_name":"SBRC 2025","article_modified_time":"2024-05-07T18:05:00+00:00","og_image":[{"width":821,"height":466,"url":"https:\/\/sbrc.sbc.org.br\/2025\/wp-content\/uploads\/2024\/07\/Captura-de-tela-2024-07-04-115159.png","type":"image\/png"}],"twitter_card":"summary_large_image","twitter_misc":{"Est. tempo de leitura":"2 minutos"},"schema":{"@context":"https:\/\/schema.org","@graph":[{"@type":"WebPage","@id":"https:\/\/sbrc.sbc.org.br\/2025\/codigo-de-conduta\/","url":"https:\/\/sbrc.sbc.org.br\/2025\/codigo-de-conduta\/","name":"C\u00f3digo de conduta - SBRC 2025","isPartOf":{"@id":"https:\/\/sbrc.sbc.org.br\/2025\/#website"},"datePublished":"2024-05-02T20:17:31+00:00","dateModified":"2024-05-07T18:05:00+00:00","breadcrumb":{"@id":"https:\/\/sbrc.sbc.org.br\/2025\/codigo-de-conduta\/#breadcrumb"},"inLanguage":"pt-BR","potentialAction":[{"@type":"ReadAction","target":["https:\/\/sbrc.sbc.org.br\/2025\/codigo-de-conduta\/"]}]},{"@type":"BreadcrumbList","@id":"https:\/\/sbrc.sbc.org.br\/2025\/codigo-de-conduta\/#breadcrumb","itemListElement":[{"@type":"ListItem","position":1,"name":"In\u00edcio","item":"https:\/\/sbrc.sbc.org.br\/2025\/"},{"@type":"ListItem","position":2,"name":"C\u00f3digo de conduta"}]},{"@type":"WebSite","@id":"https:\/\/sbrc.sbc.org.br\/2025\/#website","url":"https:\/\/sbrc.sbc.org.br\/2025\/","name":"SBRC 2025","description":"43\u00ba Simp\u00f3sio Brasileiro de Redes de Computadores e Sistemas Distribu\u00eddos","publisher":{"@id":"https:\/\/sbrc.sbc.org.br\/2025\/#organization"},"potentialAction":[{"@type":"SearchAction","target":{"@type":"EntryPoint","urlTemplate":"https:\/\/sbrc.sbc.org.br\/2025\/?s={search_term_string}"},"query-input":{"@type":"PropertyValueSpecification","valueRequired":true,"valueName":"search_term_string"}}],"inLanguage":"pt-BR"},{"@type":"Organization","@id":"https:\/\/sbrc.sbc.org.br\/2025\/#organization","name":"SBRC 2025","url":"https:\/\/sbrc.sbc.org.br\/2025\/","logo":{"@type":"ImageObject","inLanguage":"pt-BR","@id":"https:\/\/sbrc.sbc.org.br\/2025\/#\/schema\/logo\/image\/","url":"https:\/\/sbrc.sbc.org.br\/2025\/wp-content\/uploads\/2024\/04\/cropped-cropped-v2@4x-1.png","contentUrl":"https:\/\/sbrc.sbc.org.br\/2025\/wp-content\/uploads\/2024\/04\/cropped-cropped-v2@4x-1.png","width":5226,"height":4892,"caption":"SBRC 2025"},"image":{"@id":"https:\/\/sbrc.sbc.org.br\/2025\/#\/schema\/logo\/image\/"},"sameAs":["https:\/\/www.instagram.com\/simposio.sbrc\/"]}]}},"_links":{"self":[{"href":"https:\/\/sbrc.sbc.org.br\/2025\/pt_br\/wp-json\/wp\/v2\/pages\/4262","targetHints":{"allow":["GET"]}}],"collection":[{"href":"https:\/\/sbrc.sbc.org.br\/2025\/pt_br\/wp-json\/wp\/v2\/pages"}],"about":[{"href":"https:\/\/sbrc.sbc.org.br\/2025\/pt_br\/wp-json\/wp\/v2\/types\/page"}],"author":[{"embeddable":true,"href":"https:\/\/sbrc.sbc.org.br\/2025\/pt_br\/wp-json\/wp\/v2\/users\/7"}],"replies":[{"embeddable":true,"href":"https:\/\/sbrc.sbc.org.br\/2025\/pt_br\/wp-json\/wp\/v2\/comments?post=4262"}],"version-history":[{"count":2,"href":"https:\/\/sbrc.sbc.org.br\/2025\/pt_br\/wp-json\/wp\/v2\/pages\/4262\/revisions"}],"predecessor-version":[{"id":4863,"href":"https:\/\/sbrc.sbc.org.br\/2025\/pt_br\/wp-json\/wp\/v2\/pages\/4262\/revisions\/4863"}],"wp:attachment":[{"href":"https:\/\/sbrc.sbc.org.br\/2025\/pt_br\/wp-json\/wp\/v2\/media?parent=4262"}],"curies":[{"name":"wp","href":"https:\/\/api.w.org\/{rel}","templated":true}]}}