{"id":1524,"date":"2023-03-16T18:44:12","date_gmt":"2023-03-16T21:44:12","guid":{"rendered":"https:\/\/sbrc.sbc.org.br\/2025\/?page_id=1524"},"modified":"2025-04-07T08:54:25","modified_gmt":"2025-04-07T11:54:25","slug":"hospedagens","status":"publish","type":"page","link":"https:\/\/sbrc.sbc.org.br\/2025\/pt_br\/hospedagens\/","title":{"rendered":"Hospedagem"},"content":{"rendered":"<div data-colibri-id=\"1524-c1\" class=\"style-1410 style-local-1524-c1 position-relative\">\n  <!---->\n  <div data-colibri-component=\"section\" data-colibri-id=\"1524-c2\" id=\"initial-content\" class=\"h-section h-section-global-spacing d-flex align-items-lg-center align-items-md-center align-items-center style-1411 style-local-1524-c2 position-relative\">\n    <!---->\n    <!---->\n    <div class=\"h-section-grid-container h-section-boxed-container\">\n      <!---->\n      <div data-colibri-id=\"1524-c3\" class=\"h-row-container gutters-row-lg-2 gutters-row-md-2 gutters-row-0 gutters-row-v-lg-2 gutters-row-v-md-2 gutters-row-v-2 style-1412 style-local-1524-c3 position-relative\">\n        <!---->\n        <div class=\"h-row justify-content-lg-center justify-content-md-center justify-content-center align-items-lg-stretch align-items-md-stretch align-items-stretch gutters-col-lg-2 gutters-col-md-2 gutters-col-0 gutters-col-v-lg-2 gutters-col-v-md-2 gutters-col-v-2\">\n          <!---->\n          <div class=\"h-column h-column-container d-flex h-col-lg-auto h-col-md-auto h-col-auto style-1413-outer style-local-1524-c4-outer\">\n            <div data-colibri-id=\"1524-c4\" class=\"d-flex h-flex-basis h-column__inner h-px-lg-2 h-px-md-2 h-px-2 v-inner-lg-2 v-inner-md-2 v-inner-2 style-1413 style-local-1524-c4 position-relative\">\n              <!---->\n              <!---->\n              <div class=\"w-100 h-y-container h-column__content h-column__v-align flex-basis-100 align-self-lg-start align-self-md-start align-self-start\">\n                <!---->\n                <div data-colibri-id=\"1524-c6\" class=\"h-text h-text-component style-1415 style-local-1524-c6 position-relative h-element\">\n                  <!---->\n                  <!---->\n                  <div class=\"\">\n                    <p>A\n                      <a href=\"https:\/\/michelletour.com.br\">Michelle Tour<\/a> \u00e9 a ag\u00eancia de turismo oficial do SBRC 2025 e negociou valores especiais para as pessoas participantes do evento em alguns hot\u00e9is em Natal, os quais s\u00e3o exibidos abaixo. Todas essas op\u00e7\u00f5es localizam-se a menos de\n                      10 minutos de dist\u00e2ncia do Wish Natal Resort, local onde o evento ser\u00e1 realizado.<\/p>\n                    <p>Acesse este\n                      <a href=\"https:\/\/michelletour.com.br\/congresso\/43o-simposio-brasileiro-de-redes-de-computadores-e-sistemas-distribuidos\">link<\/a> para consultar mais detalhes e para fazer sua reserva de hospedagem com a Michelle Tour. Voc\u00ea pode tamb\u00e9m clicar\n                      <a href=\"https:\/\/api.whatsapp.com\/send?phone=558440090677\">aqui<\/a> para entrar em contato com a Michelle Tour via WhatsApp.<\/p>\n                  <\/div>\n                <\/div>\n              <\/div>\n            <\/div>\n          <\/div>\n        <\/div>\n      <\/div>\n      <div data-colibri-id=\"1524-c7\" class=\"h-row-container gutters-row-lg-2 gutters-row-md-2 gutters-row-0 gutters-row-v-lg-2 gutters-row-v-md-2 gutters-row-v-2 style-1416 style-local-1524-c7 position-relative\">\n        <!---->\n        <div class=\"h-row justify-content-lg-center justify-content-md-center justify-content-center align-items-lg-stretch align-items-md-stretch align-items-stretch gutters-col-lg-2 gutters-col-md-2 gutters-col-0 gutters-col-v-lg-2 gutters-col-v-md-2 gutters-col-v-2\">\n          <!---->\n          <div class=\"h-column h-column-container d-flex h-col-lg-auto h-col-md-auto h-col-auto style-1417-outer style-local-1524-c8-outer\">\n            <div data-colibri-id=\"1524-c8\" class=\"d-flex h-flex-basis h-column__inner h-px-lg-2 h-px-md-2 h-px-2 v-inner-lg-2 v-inner-md-2 v-inner-2 style-1417 style-local-1524-c8 position-relative\">\n              <!---->\n              <!---->\n              <div class=\"w-100 h-y-container h-column__content h-column__v-align flex-basis-100 align-self-lg-start align-self-md-start align-self-start\">\n                <!---->\n                <div data-colibri-id=\"1524-c10\" class=\"d-block style-1419 style-local-1524-c10 position-relative h-element\">\n                  <!---->\n                  <div class=\"h-image__frame-container-outer\">\n                    <div class=\"h-image__frame-container\">\n                      <!---->\n                      <!---->\n                      <img loading=\"lazy\" decoding=\"async\" width=\"729\" height=\"437\" src=\"https:\/\/sbrc.sbc.org.br\/2025\/wp-content\/uploads\/2025\/04\/logo-mic-tour.png\" class=\"wp-image-7138 style-1419-image style-local-1524-c10-image\" alt=\"\" srcset=\"https:\/\/sbrc.sbc.org.br\/2025\/wp-content\/uploads\/2025\/04\/logo-mic-tour.png 729w, https:\/\/sbrc.sbc.org.br\/2025\/wp-content\/uploads\/2025\/04\/logo-mic-tour-300x180.png 300w, https:\/\/sbrc.sbc.org.br\/2025\/wp-content\/uploads\/2025\/04\/logo-mic-tour-18x12.png 18w\" sizes=\"auto, (max-width: 729px) 100vw, 729px\" \/>\n                      <div class=\"h-image__frame h-hide-lg h-hide-md h-hide-sm style-1419-frameImage style-local-1524-c10-frameImage\"><\/div>\n                    <\/div>\n                  <\/div>\n                <\/div>\n              <\/div>\n            <\/div>\n          <\/div>\n        <\/div>\n      <\/div>\n      <div data-colibri-id=\"1524-c11\" class=\"h-row-container gutters-row-lg-2 gutters-row-md-2 gutters-row-0 gutters-row-v-lg-2 gutters-row-v-md-2 gutters-row-v-2 style-1420 style-local-1524-c11 position-relative\">\n        <!---->\n        <div class=\"h-row justify-content-lg-center justify-content-md-center justify-content-center align-items-lg-stretch align-items-md-stretch align-items-stretch gutters-col-lg-2 gutters-col-md-2 gutters-col-0 gutters-col-v-lg-2 gutters-col-v-md-2 gutters-col-v-2\">\n          <!---->\n          <div class=\"h-column h-column-container d-flex h-col-lg-auto h-col-md-auto h-col-auto style-1421-outer style-local-1524-c12-outer\">\n            <div data-colibri-id=\"1524-c12\" class=\"d-flex h-flex-basis h-column__inner h-px-lg-2 h-px-md-2 h-px-2 v-inner-lg-2 v-inner-md-2 v-inner-2 style-1421 style-local-1524-c12 position-relative\">\n              <!---->\n              <!---->\n              <div class=\"w-100 h-y-container h-column__content h-column__v-align flex-basis-100 align-self-lg-start align-self-md-start align-self-start\">\n                <!---->\n                <div data-colibri-id=\"1524-c14\" class=\"d-block style-1423 style-local-1524-c14 position-relative h-element\">\n                  <!---->\n                  <div class=\"h-image__frame-container-outer\">\n                    <div class=\"h-image__frame-container\">\n                      <!---->\n                      <!---->\n                      <img loading=\"lazy\" decoding=\"async\" width=\"2466\" height=\"1030\" src=\"https:\/\/sbrc.sbc.org.br\/2025\/wp-content\/uploads\/2025\/04\/Screenshot-2025-04-06-at-18.22.42.png\" class=\"wp-image-7137 style-1423-image style-local-1524-c14-image\" alt=\"\" srcset=\"https:\/\/sbrc.sbc.org.br\/2025\/wp-content\/uploads\/2025\/04\/Screenshot-2025-04-06-at-18.22.42.png 2466w, https:\/\/sbrc.sbc.org.br\/2025\/wp-content\/uploads\/2025\/04\/Screenshot-2025-04-06-at-18.22.42-300x125.png 300w, https:\/\/sbrc.sbc.org.br\/2025\/wp-content\/uploads\/2025\/04\/Screenshot-2025-04-06-at-18.22.42-1024x428.png 1024w, https:\/\/sbrc.sbc.org.br\/2025\/wp-content\/uploads\/2025\/04\/Screenshot-2025-04-06-at-18.22.42-768x321.png 768w, https:\/\/sbrc.sbc.org.br\/2025\/wp-content\/uploads\/2025\/04\/Screenshot-2025-04-06-at-18.22.42-1536x642.png 1536w, https:\/\/sbrc.sbc.org.br\/2025\/wp-content\/uploads\/2025\/04\/Screenshot-2025-04-06-at-18.22.42-2048x855.png 2048w, https:\/\/sbrc.sbc.org.br\/2025\/wp-content\/uploads\/2025\/04\/Screenshot-2025-04-06-at-18.22.42-18x8.png 18w\" sizes=\"auto, (max-width: 2466px) 100vw, 2466px\" \/>\n                      <div class=\"h-image__frame h-hide-lg h-hide-md h-hide-sm style-1423-frameImage style-local-1524-c14-frameImage\"><\/div>\n                    <\/div>\n                  <\/div>\n                <\/div>\n              <\/div>\n            <\/div>\n          <\/div>\n          <div class=\"h-column h-column-container d-flex h-col-lg-auto h-col-md-auto h-col-auto style-1421-outer style-local-1524-c16-outer\">\n            <div data-colibri-id=\"1524-c16\" class=\"d-flex h-flex-basis h-column__inner h-px-lg-2 h-px-md-2 h-px-2 v-inner-lg-2 v-inner-md-2 v-inner-2 style-1421 style-local-1524-c16 position-relative\">\n              <!---->\n              <!---->\n              <div class=\"w-100 h-y-container h-column__content h-column__v-align flex-basis-100 align-self-lg-start align-self-md-start align-self-start\">\n                <!---->\n                <div data-colibri-id=\"1524-c17\" class=\"d-block style-1423 style-local-1524-c17 position-relative h-element\">\n                  <!---->\n                  <div class=\"h-image__frame-container-outer\">\n                    <div class=\"h-image__frame-container\">\n                      <!---->\n                      <!---->\n                      <img loading=\"lazy\" decoding=\"async\" width=\"1632\" height=\"1030\" src=\"https:\/\/sbrc.sbc.org.br\/2025\/wp-content\/uploads\/2025\/04\/Screenshot-2025-04-06-at-18.22.55.png\" class=\"wp-image-7136 style-1423-image style-local-1524-c17-image\" alt=\"\" srcset=\"https:\/\/sbrc.sbc.org.br\/2025\/wp-content\/uploads\/2025\/04\/Screenshot-2025-04-06-at-18.22.55.png 1632w, https:\/\/sbrc.sbc.org.br\/2025\/wp-content\/uploads\/2025\/04\/Screenshot-2025-04-06-at-18.22.55-300x189.png 300w, https:\/\/sbrc.sbc.org.br\/2025\/wp-content\/uploads\/2025\/04\/Screenshot-2025-04-06-at-18.22.55-1024x646.png 1024w, https:\/\/sbrc.sbc.org.br\/2025\/wp-content\/uploads\/2025\/04\/Screenshot-2025-04-06-at-18.22.55-768x485.png 768w, https:\/\/sbrc.sbc.org.br\/2025\/wp-content\/uploads\/2025\/04\/Screenshot-2025-04-06-at-18.22.55-1536x969.png 1536w, https:\/\/sbrc.sbc.org.br\/2025\/wp-content\/uploads\/2025\/04\/Screenshot-2025-04-06-at-18.22.55-18x12.png 18w\" sizes=\"auto, (max-width: 1632px) 100vw, 1632px\" \/>\n                      <div class=\"h-image__frame h-hide-lg h-hide-md h-hide-sm style-1423-frameImage style-local-1524-c17-frameImage\"><\/div>\n                    <\/div>\n                  <\/div>\n                <\/div>\n              <\/div>\n            <\/div>\n          <\/div>\n        <\/div>\n      <\/div>\n    <\/div>\n  <\/div>\n<\/div>","protected":false},"excerpt":{"rendered":"<p>A Michelle Tour \u00e9 a ag\u00eancia de turismo oficial do SBRC 2025 e negociou valores especiais para as pessoas participantes do evento em alguns hot\u00e9is em Natal, os quais s\u00e3o exibidos abaixo. Todas essas op\u00e7\u00f5es localizam-se a menos de 10 minutos de dist\u00e2ncia do Wish Natal Resort, local onde o evento ser\u00e1 realizado. Acesse este [&hellip;]<\/p>\n","protected":false},"author":6,"featured_media":0,"parent":0,"menu_order":0,"comment_status":"closed","ping_status":"closed","template":"page-templates\/full-width-page.php","meta":{"footnotes":""},"class_list":["post-1524","page","type-page","status-publish","hentry"],"yoast_head":"<!-- This site is optimized with the Yoast SEO plugin v27.5 - https:\/\/yoast.com\/product\/yoast-seo-wordpress\/ -->\n<title>Hospedagem - SBRC 2025<\/title>\n<meta name=\"robots\" content=\"index, follow, max-snippet:-1, max-image-preview:large, max-video-preview:-1\" \/>\n<link rel=\"canonical\" href=\"https:\/\/sbrc.sbc.org.br\/2025\/pt_br\/hospedagens\/\" \/>\n<meta property=\"og:locale\" content=\"pt_BR\" \/>\n<meta property=\"og:type\" content=\"article\" \/>\n<meta property=\"og:title\" content=\"Hospedagem - SBRC 2025\" \/>\n<meta property=\"og:description\" content=\"A Michelle Tour \u00e9 a ag\u00eancia de turismo oficial do SBRC 2025 e negociou valores especiais para as pessoas participantes do evento em alguns hot\u00e9is em Natal, os quais s\u00e3o exibidos abaixo. Todas essas op\u00e7\u00f5es localizam-se a menos de 10 minutos de dist\u00e2ncia do Wish Natal Resort, local onde o evento ser\u00e1 realizado. Acesse este [&hellip;]\" \/>\n<meta property=\"og:url\" content=\"https:\/\/sbrc.sbc.org.br\/2025\/pt_br\/hospedagens\/\" \/>\n<meta property=\"og:site_name\" content=\"SBRC 2025\" \/>\n<meta property=\"article:modified_time\" content=\"2025-04-07T11:54:25+00:00\" \/>\n<meta property=\"og:image\" content=\"https:\/\/sbrc.sbc.org.br\/2025\/wp-content\/uploads\/2025\/04\/logo-mic-tour.png\" \/>\n\t<meta property=\"og:image:width\" content=\"729\" \/>\n\t<meta property=\"og:image:height\" content=\"437\" \/>\n\t<meta property=\"og:image:type\" content=\"image\/png\" \/>\n<meta name=\"twitter:card\" content=\"summary_large_image\" \/>\n<script type=\"application\/ld+json\" class=\"yoast-schema-graph\">{\"@context\":\"https:\\\/\\\/schema.org\",\"@graph\":[{\"@type\":\"WebPage\",\"@id\":\"https:\\\/\\\/sbrc.sbc.org.br\\\/2025\\\/hospedagens\\\/\",\"url\":\"https:\\\/\\\/sbrc.sbc.org.br\\\/2025\\\/hospedagens\\\/\",\"name\":\"Hospedagem - SBRC 2025\",\"isPartOf\":{\"@id\":\"https:\\\/\\\/sbrc.sbc.org.br\\\/2025\\\/#website\"},\"primaryImageOfPage\":{\"@id\":\"https:\\\/\\\/sbrc.sbc.org.br\\\/2025\\\/hospedagens\\\/#primaryimage\"},\"image\":{\"@id\":\"https:\\\/\\\/sbrc.sbc.org.br\\\/2025\\\/hospedagens\\\/#primaryimage\"},\"thumbnailUrl\":\"https:\\\/\\\/sbrc.sbc.org.br\\\/2025\\\/wp-content\\\/uploads\\\/2025\\\/04\\\/logo-mic-tour.png\",\"datePublished\":\"2023-03-16T21:44:12+00:00\",\"dateModified\":\"2025-04-07T11:54:25+00:00\",\"breadcrumb\":{\"@id\":\"https:\\\/\\\/sbrc.sbc.org.br\\\/2025\\\/hospedagens\\\/#breadcrumb\"},\"inLanguage\":\"pt-BR\",\"potentialAction\":[{\"@type\":\"ReadAction\",\"target\":[\"https:\\\/\\\/sbrc.sbc.org.br\\\/2025\\\/hospedagens\\\/\"]}]},{\"@type\":\"ImageObject\",\"inLanguage\":\"pt-BR\",\"@id\":\"https:\\\/\\\/sbrc.sbc.org.br\\\/2025\\\/hospedagens\\\/#primaryimage\",\"url\":\"https:\\\/\\\/sbrc.sbc.org.br\\\/2025\\\/wp-content\\\/uploads\\\/2025\\\/04\\\/logo-mic-tour.png\",\"contentUrl\":\"https:\\\/\\\/sbrc.sbc.org.br\\\/2025\\\/wp-content\\\/uploads\\\/2025\\\/04\\\/logo-mic-tour.png\"},{\"@type\":\"BreadcrumbList\",\"@id\":\"https:\\\/\\\/sbrc.sbc.org.br\\\/2025\\\/hospedagens\\\/#breadcrumb\",\"itemListElement\":[{\"@type\":\"ListItem\",\"position\":1,\"name\":\"In\u00edcio\",\"item\":\"https:\\\/\\\/sbrc.sbc.org.br\\\/2025\\\/\"},{\"@type\":\"ListItem\",\"position\":2,\"name\":\"Hospedagem\"}]},{\"@type\":\"WebSite\",\"@id\":\"https:\\\/\\\/sbrc.sbc.org.br\\\/2025\\\/#website\",\"url\":\"https:\\\/\\\/sbrc.sbc.org.br\\\/2025\\\/\",\"name\":\"SBRC 2025\",\"description\":\"43\u00ba Simp\u00f3sio Brasileiro de Redes de Computadores e Sistemas Distribu\u00eddos\",\"publisher\":{\"@id\":\"https:\\\/\\\/sbrc.sbc.org.br\\\/2025\\\/#organization\"},\"potentialAction\":[{\"@type\":\"SearchAction\",\"target\":{\"@type\":\"EntryPoint\",\"urlTemplate\":\"https:\\\/\\\/sbrc.sbc.org.br\\\/2025\\\/?s={search_term_string}\"},\"query-input\":{\"@type\":\"PropertyValueSpecification\",\"valueRequired\":true,\"valueName\":\"search_term_string\"}}],\"inLanguage\":\"pt-BR\"},{\"@type\":\"Organization\",\"@id\":\"https:\\\/\\\/sbrc.sbc.org.br\\\/2025\\\/#organization\",\"name\":\"SBRC 2025\",\"url\":\"https:\\\/\\\/sbrc.sbc.org.br\\\/2025\\\/\",\"logo\":{\"@type\":\"ImageObject\",\"inLanguage\":\"pt-BR\",\"@id\":\"https:\\\/\\\/sbrc.sbc.org.br\\\/2025\\\/#\\\/schema\\\/logo\\\/image\\\/\",\"url\":\"https:\\\/\\\/sbrc.sbc.org.br\\\/2025\\\/wp-content\\\/uploads\\\/2024\\\/04\\\/cropped-cropped-v2@4x-1.png\",\"contentUrl\":\"https:\\\/\\\/sbrc.sbc.org.br\\\/2025\\\/wp-content\\\/uploads\\\/2024\\\/04\\\/cropped-cropped-v2@4x-1.png\",\"width\":5226,\"height\":4892,\"caption\":\"SBRC 2025\"},\"image\":{\"@id\":\"https:\\\/\\\/sbrc.sbc.org.br\\\/2025\\\/#\\\/schema\\\/logo\\\/image\\\/\"},\"sameAs\":[\"https:\\\/\\\/www.instagram.com\\\/simposio.sbrc\\\/\"]}]}<\/script>\n<!-- \/ Yoast SEO plugin. -->","yoast_head_json":{"title":"Hospedagem - SBRC 2025","robots":{"index":"index","follow":"follow","max-snippet":"max-snippet:-1","max-image-preview":"max-image-preview:large","max-video-preview":"max-video-preview:-1"},"canonical":"https:\/\/sbrc.sbc.org.br\/2025\/pt_br\/hospedagens\/","og_locale":"pt_BR","og_type":"article","og_title":"Hospedagem - SBRC 2025","og_description":"A Michelle Tour \u00e9 a ag\u00eancia de turismo oficial do SBRC 2025 e negociou valores especiais para as pessoas participantes do evento em alguns hot\u00e9is em Natal, os quais s\u00e3o exibidos abaixo. Todas essas op\u00e7\u00f5es localizam-se a menos de 10 minutos de dist\u00e2ncia do Wish Natal Resort, local onde o evento ser\u00e1 realizado. Acesse este [&hellip;]","og_url":"https:\/\/sbrc.sbc.org.br\/2025\/pt_br\/hospedagens\/","og_site_name":"SBRC 2025","article_modified_time":"2025-04-07T11:54:25+00:00","og_image":[{"width":729,"height":437,"url":"https:\/\/sbrc.sbc.org.br\/2025\/wp-content\/uploads\/2025\/04\/logo-mic-tour.png","type":"image\/png"}],"twitter_card":"summary_large_image","schema":{"@context":"https:\/\/schema.org","@graph":[{"@type":"WebPage","@id":"https:\/\/sbrc.sbc.org.br\/2025\/hospedagens\/","url":"https:\/\/sbrc.sbc.org.br\/2025\/hospedagens\/","name":"Hospedagem - SBRC 2025","isPartOf":{"@id":"https:\/\/sbrc.sbc.org.br\/2025\/#website"},"primaryImageOfPage":{"@id":"https:\/\/sbrc.sbc.org.br\/2025\/hospedagens\/#primaryimage"},"image":{"@id":"https:\/\/sbrc.sbc.org.br\/2025\/hospedagens\/#primaryimage"},"thumbnailUrl":"https:\/\/sbrc.sbc.org.br\/2025\/wp-content\/uploads\/2025\/04\/logo-mic-tour.png","datePublished":"2023-03-16T21:44:12+00:00","dateModified":"2025-04-07T11:54:25+00:00","breadcrumb":{"@id":"https:\/\/sbrc.sbc.org.br\/2025\/hospedagens\/#breadcrumb"},"inLanguage":"pt-BR","potentialAction":[{"@type":"ReadAction","target":["https:\/\/sbrc.sbc.org.br\/2025\/hospedagens\/"]}]},{"@type":"ImageObject","inLanguage":"pt-BR","@id":"https:\/\/sbrc.sbc.org.br\/2025\/hospedagens\/#primaryimage","url":"https:\/\/sbrc.sbc.org.br\/2025\/wp-content\/uploads\/2025\/04\/logo-mic-tour.png","contentUrl":"https:\/\/sbrc.sbc.org.br\/2025\/wp-content\/uploads\/2025\/04\/logo-mic-tour.png"},{"@type":"BreadcrumbList","@id":"https:\/\/sbrc.sbc.org.br\/2025\/hospedagens\/#breadcrumb","itemListElement":[{"@type":"ListItem","position":1,"name":"In\u00edcio","item":"https:\/\/sbrc.sbc.org.br\/2025\/"},{"@type":"ListItem","position":2,"name":"Hospedagem"}]},{"@type":"WebSite","@id":"https:\/\/sbrc.sbc.org.br\/2025\/#website","url":"https:\/\/sbrc.sbc.org.br\/2025\/","name":"SBRC 2025","description":"43\u00ba Simp\u00f3sio Brasileiro de Redes de Computadores e Sistemas Distribu\u00eddos","publisher":{"@id":"https:\/\/sbrc.sbc.org.br\/2025\/#organization"},"potentialAction":[{"@type":"SearchAction","target":{"@type":"EntryPoint","urlTemplate":"https:\/\/sbrc.sbc.org.br\/2025\/?s={search_term_string}"},"query-input":{"@type":"PropertyValueSpecification","valueRequired":true,"valueName":"search_term_string"}}],"inLanguage":"pt-BR"},{"@type":"Organization","@id":"https:\/\/sbrc.sbc.org.br\/2025\/#organization","name":"SBRC 2025","url":"https:\/\/sbrc.sbc.org.br\/2025\/","logo":{"@type":"ImageObject","inLanguage":"pt-BR","@id":"https:\/\/sbrc.sbc.org.br\/2025\/#\/schema\/logo\/image\/","url":"https:\/\/sbrc.sbc.org.br\/2025\/wp-content\/uploads\/2024\/04\/cropped-cropped-v2@4x-1.png","contentUrl":"https:\/\/sbrc.sbc.org.br\/2025\/wp-content\/uploads\/2024\/04\/cropped-cropped-v2@4x-1.png","width":5226,"height":4892,"caption":"SBRC 2025"},"image":{"@id":"https:\/\/sbrc.sbc.org.br\/2025\/#\/schema\/logo\/image\/"},"sameAs":["https:\/\/www.instagram.com\/simposio.sbrc\/"]}]}},"_links":{"self":[{"href":"https:\/\/sbrc.sbc.org.br\/2025\/pt_br\/wp-json\/wp\/v2\/pages\/1524","targetHints":{"allow":["GET"]}}],"collection":[{"href":"https:\/\/sbrc.sbc.org.br\/2025\/pt_br\/wp-json\/wp\/v2\/pages"}],"about":[{"href":"https:\/\/sbrc.sbc.org.br\/2025\/pt_br\/wp-json\/wp\/v2\/types\/page"}],"author":[{"embeddable":true,"href":"https:\/\/sbrc.sbc.org.br\/2025\/pt_br\/wp-json\/wp\/v2\/users\/6"}],"replies":[{"embeddable":true,"href":"https:\/\/sbrc.sbc.org.br\/2025\/pt_br\/wp-json\/wp\/v2\/comments?post=1524"}],"version-history":[{"count":20,"href":"https:\/\/sbrc.sbc.org.br\/2025\/pt_br\/wp-json\/wp\/v2\/pages\/1524\/revisions"}],"predecessor-version":[{"id":7147,"href":"https:\/\/sbrc.sbc.org.br\/2025\/pt_br\/wp-json\/wp\/v2\/pages\/1524\/revisions\/7147"}],"wp:attachment":[{"href":"https:\/\/sbrc.sbc.org.br\/2025\/pt_br\/wp-json\/wp\/v2\/media?parent=1524"}],"curies":[{"name":"wp","href":"https:\/\/api.w.org\/{rel}","templated":true}]}}