{"id":929,"date":"2022-11-02T12:20:02","date_gmt":"2022-11-02T15:20:02","guid":{"rendered":"https:\/\/sbrc.sbc.org.br\/2025\/?page_id=929"},"modified":"2024-05-18T12:44:12","modified_gmt":"2024-05-18T15:44:12","slug":"edicoes-anteriores","status":"publish","type":"page","link":"https:\/\/sbrc.sbc.org.br\/2025\/en\/edicoes-anteriores\/","title":{"rendered":"Previous Editions"},"content":{"rendered":"<div data-colibri-id=\"929-c1\" class=\"style-578 style-local-929-c1 position-relative\">\n  <!---->\n  <div data-colibri-component=\"section\" data-colibri-id=\"929-c2\" id=\"initial-content\" class=\"h-section h-section-global-spacing d-flex align-items-lg-center align-items-md-center align-items-center style-579 style-local-929-c2 position-relative\">\n    <!---->\n    <!---->\n    <div class=\"h-section-grid-container h-section-boxed-container\">\n      <!---->\n      <div data-colibri-id=\"929-c3\" class=\"h-row-container gutters-row-lg-2 gutters-row-md-2 gutters-row-0 gutters-row-v-lg-2 gutters-row-v-md-2 gutters-row-v-2 style-580 style-local-929-c3 position-relative\">\n        <!---->\n        <div class=\"h-row justify-content-lg-center justify-content-md-center justify-content-center align-items-lg-stretch align-items-md-stretch align-items-stretch gutters-col-lg-2 gutters-col-md-2 gutters-col-0 gutters-col-v-lg-2 gutters-col-v-md-2 gutters-col-v-2\">\n          <!---->\n          <div class=\"h-column h-column-container d-flex h-col-lg-auto h-col-md-auto h-col-auto style-581-outer style-local-929-c4-outer\">\n            <div data-colibri-id=\"929-c4\" class=\"d-flex h-flex-basis h-column__inner h-px-lg-2 h-px-md-2 h-px-2 v-inner-lg-2 v-inner-md-2 v-inner-2 style-581 style-local-929-c4 position-relative\">\n              <!---->\n              <!---->\n              <div class=\"w-100 h-y-container h-column__content h-column__v-align flex-basis-100 align-self-lg-start align-self-md-start align-self-start\">\n                <!---->\n                <div data-colibri-id=\"929-c5\" class=\"h-text h-text-component style-583 style-local-929-c5 position-relative h-element\">\n                  <!---->\n                  <!---->\n                  <div class=\"\">\n                    <p>SBRC is held annually since 1983. It has already taken place in all of the regions of Brazil. Below is the list of all 42 previous editions of SBRC:<\/p>\n                    <ul>\n                      <li>\n                        <a href=\"https:\/\/sbrc.sbc.org.br\/2025\/en\/2024\/\" class=\"customize-unpreviewable\">42nd SBRC (2024)<\/a>: Niter\u00f3i, Rio de Janeiro<\/li>\n                      <li>\n                        <a href=\"https:\/\/sbrc.sbc.org.br\/2025\/en\/2023\/\" class=\"customize-unpreviewable\">41st SBRC (2023)<\/a>: Bras\u00edlia, Distrito Federal<\/li>\n                      <li>\n                        <a href=\"http:\/\/sbrc2022.sbc.org.br\" class=\"customize-unpreviewable\">40th SBRC (2022)<\/a>: Fortaleza, Cear\u00e1 &#8211; h\u00edbrido<\/li>\n                      <li>\n                        <a href=\"https:\/\/www.sbrc2021.facom.ufu.br\" class=\"customize-unpreviewable\">39th SBRC (2021)<\/a>: Uberl\u00e2ndia, Minas Gerais &#8211; <em>on-line<\/em><\/li>\n                      <li>\n                        <a href=\"http:\/\/sbrc2020.sbc.org.br\" class=\"customize-unpreviewable\">38th SBRC (2020)<\/a>: Rio de Janeiro &#8211; <em>on-line<\/em><\/li>\n                      <li>\n                        <a href=\"http:\/\/sbrc2019.sbc.org.br\/en\" class=\"customize-unpreviewable\">37th SBRC (2019)<\/a>: Gramado, Rio Grande do Sul<\/li>\n                      <li>\n                        <a href=\"http:\/\/www.sbrc2018.ufscar.br\" class=\"customize-unpreviewable\">36th SBRC (2018)<\/a>: Campos do Jord\u00e3o, S\u00e3o Paulo<\/li>\n                      <li>\n                        <a href=\"http:\/\/sbrc2017.ufpa.br\" class=\"customize-unpreviewable\">35th SBRC (2017)<\/a>: Bel\u00e9m, Par\u00e1<\/li>\n                      <li>\n                        <a href=\"http:\/\/www.sbrc2016.ufba.br\" class=\"customize-unpreviewable\">34th SBRC (2016)<\/a>: Salvador, Bahia<\/li>\n                      <li>\n                        <a href=\"http:\/\/sbrc2015.ufes.br\" class=\"customize-unpreviewable\">33rd SBRC (2015)<\/a>: Vit\u00f3ria, Esp\u00edrito Santo<\/li>\n                      <li>\n                        <a href=\"http:\/\/www.sbrc2014.ufsc.br\" class=\"customize-unpreviewable\">32nd SBRC (2014)<\/a>: Florian\u00f3polis, Santa Catarina<\/li>\n                      <li>\n                        <a href=\"http:\/\/sbrc2013.unb.br\" class=\"customize-unpreviewable\">31st SBRC (2013)<\/a>: Bras\u00edlia, Distrito Federal<\/li>\n                      <li>\n                        <a href=\"http:\/\/sbrc2012.dcc.ufmg.br\" class=\"customize-unpreviewable\">30th SBRC (2012)<\/a>: Ouro Preto, Minas Gerais<\/li>\n                      <li>\n                        <a href=\"http:\/\/sbrc2011.facom.ufms.br\" class=\"customize-unpreviewable\">29th SBRC (2011)<\/a>: Campo Grande, Mato Grosso do Sul<\/li>\n                      <li>\n                        <a href=\"http:\/\/sbrc2010.inf.ufrgs.br\" class=\"customize-unpreviewable\">28th SBRC (2010)<\/a>: Gramado, Rio Grande do Sul<\/li>\n                      <li>27th SBRC (2009): Recife, Pernambuco<\/li>\n                      <li>26th SBRC (2008): Rio de Janeiro<\/li>\n                      <li>25th SBRC (2007): Bel\u00e9m, Par\u00e1<\/li>\n                      <li>24th SBRC (2006): Curitiba, Paran\u00e1<\/li>\n                      <li>23rd SBRC (2005): Fortaleza, CE<\/li>\n                      <li>\n                        <a href=\"http:\/\/www.sbrc2004.ufrgs.br\" class=\"customize-unpreviewable\">22nd SBRC (2004)<\/a>: Gramado, Rio Grande do Sul<\/li>\n                      <li>21st SBRC (2003): Natal, Rio Grande do Norte<\/li>\n                      <li>20th SBRC (2002): B\u00fazios, Rio de Janeiro<\/li>\n                      <li>19th SBRC (2001): Florian\u00f3polis, Santa Catarina<\/li>\n                      <li>18th SBRC (2000): Belo Horizonte, Minas Gerais<\/li>\n                      <li>17th SBRC (1999): Salvador, Bahia<\/li>\n                      <li>16th SBRC (1998): Rio de Janeiro, Rio de Janeiro<\/li>\n                      <li>15th SBRC (1997): S\u00e3o Carlos, S\u00e3o Paulo<\/li>\n                      <li>14th SBRC (1996): Fortaleza, Cear\u00e1<\/li>\n                      <li>13th SBRC (1995): Belo Horizonte, Minas Gerais<\/li>\n                      <li>12th SBRC (1994): Curitiba, Paran\u00e1<\/li>\n                      <li>11th SBRC (1993): Campinas, S\u00e3o Paulo<\/li>\n                      <li>10th SBRC (1992): Recife, Pernambuco<\/li>\n                      <li>9th SBRC (1991): Florian\u00f3polis, Santa Catarina<\/li>\n                      <li>8th SBRC (1990): Campinas, S\u00e3o Paulo<\/li>\n                      <li>7th SBRC (1989): Porto Alegre, Rio Grande do Sul<\/li>\n                      <li>6th SBRC (1988): Belo Horizonte, Minas Gerais<\/li>\n                      <li>5th SBRC (1987): S\u00e3o Paulo<\/li>\n                      <li>4th SBRC (1986): Recife, Pernambuco<\/li>\n                      <li>3rd SBRC (1985): Rio de Janeiro<\/li>\n                      <li>2nd SBRC (1984): Campina Grande, Para\u00edba<\/li>\n                      <li>1st SBRC (1983): Porto Alegre, Rio Grande do Sul<\/li>\n                    <\/ul>\n                  <\/div>\n                <\/div>\n              <\/div>\n            <\/div>\n          <\/div>\n        <\/div>\n      <\/div>\n    <\/div>\n  <\/div>\n<\/div>","protected":false},"excerpt":{"rendered":"<p>O SBRC \u00e9 realizado anualmente desde 1983 e j\u00e1 foi realizado em todas as regi\u00f5es do Brasil. Confira abaixo o hist\u00f3rico de todas as 42 edi\u00e7\u00f5es do SBRC: 42\u00ba SBRC (2024): Niter\u00f3i, Rio de Janeiro 41\u00ba SBRC (2023): Bras\u00edlia, Distrito Federal 40\u00ba SBRC (2022): Fortaleza, Cear\u00e1 &#8211; h\u00edbrido 39\u00ba SBRC (2021): Uberl\u00e2ndia, Minas Gerais &#8211; [&hellip;]<\/p>\n","protected":false},"author":6,"featured_media":0,"parent":0,"menu_order":0,"comment_status":"closed","ping_status":"closed","template":"page-templates\/full-width-page.php","meta":{"footnotes":""},"class_list":["post-929","page","type-page","status-publish","hentry"],"yoast_head":"<!-- This site is optimized with the Yoast SEO plugin v27.5 - https:\/\/yoast.com\/product\/yoast-seo-wordpress\/ -->\n<title>Edi\u00e7\u00f5es anteriores - SBRC 2025<\/title>\n<meta name=\"robots\" content=\"index, follow, max-snippet:-1, max-image-preview:large, max-video-preview:-1\" \/>\n<link rel=\"canonical\" href=\"https:\/\/sbrc.sbc.org.br\/2025\/en\/edicoes-anteriores\/\" \/>\n<meta property=\"og:locale\" content=\"en_US\" \/>\n<meta property=\"og:type\" content=\"article\" \/>\n<meta property=\"og:title\" content=\"Edi\u00e7\u00f5es anteriores - SBRC 2025\" \/>\n<meta property=\"og:description\" content=\"O SBRC \u00e9 realizado anualmente desde 1983 e j\u00e1 foi realizado em todas as regi\u00f5es do Brasil. Confira abaixo o hist\u00f3rico de todas as 42 edi\u00e7\u00f5es do SBRC: 42\u00ba SBRC (2024): Niter\u00f3i, Rio de Janeiro 41\u00ba SBRC (2023): Bras\u00edlia, Distrito Federal 40\u00ba SBRC (2022): Fortaleza, Cear\u00e1 &#8211; h\u00edbrido 39\u00ba SBRC (2021): Uberl\u00e2ndia, Minas Gerais &#8211; [&hellip;]\" \/>\n<meta property=\"og:url\" content=\"https:\/\/sbrc.sbc.org.br\/2025\/en\/edicoes-anteriores\/\" \/>\n<meta property=\"og:site_name\" content=\"SBRC 2025\" \/>\n<meta property=\"article:modified_time\" content=\"2024-05-18T15:44:12+00:00\" \/>\n<meta property=\"og:image\" content=\"https:\/\/sbrc.sbc.org.br\/2025\/wp-content\/uploads\/2024\/07\/Captura-de-tela-2024-07-04-115159.png\" \/>\n\t<meta property=\"og:image:width\" content=\"821\" \/>\n\t<meta property=\"og:image:height\" content=\"466\" \/>\n\t<meta property=\"og:image:type\" content=\"image\/png\" \/>\n<meta name=\"twitter:card\" content=\"summary_large_image\" \/>\n<meta name=\"twitter:label1\" content=\"Est. reading time\" \/>\n\t<meta name=\"twitter:data1\" content=\"1 minute\" \/>\n<script type=\"application\/ld+json\" class=\"yoast-schema-graph\">{\"@context\":\"https:\\\/\\\/schema.org\",\"@graph\":[{\"@type\":\"WebPage\",\"@id\":\"https:\\\/\\\/sbrc.sbc.org.br\\\/2025\\\/edicoes-anteriores\\\/\",\"url\":\"https:\\\/\\\/sbrc.sbc.org.br\\\/2025\\\/edicoes-anteriores\\\/\",\"name\":\"Edi\u00e7\u00f5es anteriores - SBRC 2025\",\"isPartOf\":{\"@id\":\"https:\\\/\\\/sbrc.sbc.org.br\\\/2025\\\/#website\"},\"datePublished\":\"2022-11-02T15:20:02+00:00\",\"dateModified\":\"2024-05-18T15:44:12+00:00\",\"breadcrumb\":{\"@id\":\"https:\\\/\\\/sbrc.sbc.org.br\\\/2025\\\/edicoes-anteriores\\\/#breadcrumb\"},\"inLanguage\":\"en-US\",\"potentialAction\":[{\"@type\":\"ReadAction\",\"target\":[\"https:\\\/\\\/sbrc.sbc.org.br\\\/2025\\\/edicoes-anteriores\\\/\"]}]},{\"@type\":\"BreadcrumbList\",\"@id\":\"https:\\\/\\\/sbrc.sbc.org.br\\\/2025\\\/edicoes-anteriores\\\/#breadcrumb\",\"itemListElement\":[{\"@type\":\"ListItem\",\"position\":1,\"name\":\"In\u00edcio\",\"item\":\"https:\\\/\\\/sbrc.sbc.org.br\\\/2025\\\/\"},{\"@type\":\"ListItem\",\"position\":2,\"name\":\"Edi\u00e7\u00f5es anteriores\"}]},{\"@type\":\"WebSite\",\"@id\":\"https:\\\/\\\/sbrc.sbc.org.br\\\/2025\\\/#website\",\"url\":\"https:\\\/\\\/sbrc.sbc.org.br\\\/2025\\\/\",\"name\":\"SBRC 2025\",\"description\":\"43\u00ba Simp\u00f3sio Brasileiro de Redes de Computadores e Sistemas Distribu\u00eddos\",\"publisher\":{\"@id\":\"https:\\\/\\\/sbrc.sbc.org.br\\\/2025\\\/#organization\"},\"potentialAction\":[{\"@type\":\"SearchAction\",\"target\":{\"@type\":\"EntryPoint\",\"urlTemplate\":\"https:\\\/\\\/sbrc.sbc.org.br\\\/2025\\\/?s={search_term_string}\"},\"query-input\":{\"@type\":\"PropertyValueSpecification\",\"valueRequired\":true,\"valueName\":\"search_term_string\"}}],\"inLanguage\":\"en-US\"},{\"@type\":\"Organization\",\"@id\":\"https:\\\/\\\/sbrc.sbc.org.br\\\/2025\\\/#organization\",\"name\":\"SBRC 2025\",\"url\":\"https:\\\/\\\/sbrc.sbc.org.br\\\/2025\\\/\",\"logo\":{\"@type\":\"ImageObject\",\"inLanguage\":\"en-US\",\"@id\":\"https:\\\/\\\/sbrc.sbc.org.br\\\/2025\\\/#\\\/schema\\\/logo\\\/image\\\/\",\"url\":\"https:\\\/\\\/sbrc.sbc.org.br\\\/2025\\\/wp-content\\\/uploads\\\/2024\\\/04\\\/cropped-cropped-v2@4x-1.png\",\"contentUrl\":\"https:\\\/\\\/sbrc.sbc.org.br\\\/2025\\\/wp-content\\\/uploads\\\/2024\\\/04\\\/cropped-cropped-v2@4x-1.png\",\"width\":5226,\"height\":4892,\"caption\":\"SBRC 2025\"},\"image\":{\"@id\":\"https:\\\/\\\/sbrc.sbc.org.br\\\/2025\\\/#\\\/schema\\\/logo\\\/image\\\/\"},\"sameAs\":[\"https:\\\/\\\/www.instagram.com\\\/simposio.sbrc\\\/\"]}]}<\/script>\n<!-- \/ Yoast SEO plugin. -->","yoast_head_json":{"title":"Edi\u00e7\u00f5es anteriores - SBRC 2025","robots":{"index":"index","follow":"follow","max-snippet":"max-snippet:-1","max-image-preview":"max-image-preview:large","max-video-preview":"max-video-preview:-1"},"canonical":"https:\/\/sbrc.sbc.org.br\/2025\/en\/edicoes-anteriores\/","og_locale":"en_US","og_type":"article","og_title":"Edi\u00e7\u00f5es anteriores - SBRC 2025","og_description":"O SBRC \u00e9 realizado anualmente desde 1983 e j\u00e1 foi realizado em todas as regi\u00f5es do Brasil. Confira abaixo o hist\u00f3rico de todas as 42 edi\u00e7\u00f5es do SBRC: 42\u00ba SBRC (2024): Niter\u00f3i, Rio de Janeiro 41\u00ba SBRC (2023): Bras\u00edlia, Distrito Federal 40\u00ba SBRC (2022): Fortaleza, Cear\u00e1 &#8211; h\u00edbrido 39\u00ba SBRC (2021): Uberl\u00e2ndia, Minas Gerais &#8211; [&hellip;]","og_url":"https:\/\/sbrc.sbc.org.br\/2025\/en\/edicoes-anteriores\/","og_site_name":"SBRC 2025","article_modified_time":"2024-05-18T15:44:12+00:00","og_image":[{"width":821,"height":466,"url":"https:\/\/sbrc.sbc.org.br\/2025\/wp-content\/uploads\/2024\/07\/Captura-de-tela-2024-07-04-115159.png","type":"image\/png"}],"twitter_card":"summary_large_image","twitter_misc":{"Est. reading time":"1 minute"},"schema":{"@context":"https:\/\/schema.org","@graph":[{"@type":"WebPage","@id":"https:\/\/sbrc.sbc.org.br\/2025\/edicoes-anteriores\/","url":"https:\/\/sbrc.sbc.org.br\/2025\/edicoes-anteriores\/","name":"Edi\u00e7\u00f5es anteriores - SBRC 2025","isPartOf":{"@id":"https:\/\/sbrc.sbc.org.br\/2025\/#website"},"datePublished":"2022-11-02T15:20:02+00:00","dateModified":"2024-05-18T15:44:12+00:00","breadcrumb":{"@id":"https:\/\/sbrc.sbc.org.br\/2025\/edicoes-anteriores\/#breadcrumb"},"inLanguage":"en-US","potentialAction":[{"@type":"ReadAction","target":["https:\/\/sbrc.sbc.org.br\/2025\/edicoes-anteriores\/"]}]},{"@type":"BreadcrumbList","@id":"https:\/\/sbrc.sbc.org.br\/2025\/edicoes-anteriores\/#breadcrumb","itemListElement":[{"@type":"ListItem","position":1,"name":"In\u00edcio","item":"https:\/\/sbrc.sbc.org.br\/2025\/"},{"@type":"ListItem","position":2,"name":"Edi\u00e7\u00f5es anteriores"}]},{"@type":"WebSite","@id":"https:\/\/sbrc.sbc.org.br\/2025\/#website","url":"https:\/\/sbrc.sbc.org.br\/2025\/","name":"SBRC 2025","description":"43\u00ba Simp\u00f3sio Brasileiro de Redes de Computadores e Sistemas Distribu\u00eddos","publisher":{"@id":"https:\/\/sbrc.sbc.org.br\/2025\/#organization"},"potentialAction":[{"@type":"SearchAction","target":{"@type":"EntryPoint","urlTemplate":"https:\/\/sbrc.sbc.org.br\/2025\/?s={search_term_string}"},"query-input":{"@type":"PropertyValueSpecification","valueRequired":true,"valueName":"search_term_string"}}],"inLanguage":"en-US"},{"@type":"Organization","@id":"https:\/\/sbrc.sbc.org.br\/2025\/#organization","name":"SBRC 2025","url":"https:\/\/sbrc.sbc.org.br\/2025\/","logo":{"@type":"ImageObject","inLanguage":"en-US","@id":"https:\/\/sbrc.sbc.org.br\/2025\/#\/schema\/logo\/image\/","url":"https:\/\/sbrc.sbc.org.br\/2025\/wp-content\/uploads\/2024\/04\/cropped-cropped-v2@4x-1.png","contentUrl":"https:\/\/sbrc.sbc.org.br\/2025\/wp-content\/uploads\/2024\/04\/cropped-cropped-v2@4x-1.png","width":5226,"height":4892,"caption":"SBRC 2025"},"image":{"@id":"https:\/\/sbrc.sbc.org.br\/2025\/#\/schema\/logo\/image\/"},"sameAs":["https:\/\/www.instagram.com\/simposio.sbrc\/"]}]}},"_links":{"self":[{"href":"https:\/\/sbrc.sbc.org.br\/2025\/en\/wp-json\/wp\/v2\/pages\/929","targetHints":{"allow":["GET"]}}],"collection":[{"href":"https:\/\/sbrc.sbc.org.br\/2025\/en\/wp-json\/wp\/v2\/pages"}],"about":[{"href":"https:\/\/sbrc.sbc.org.br\/2025\/en\/wp-json\/wp\/v2\/types\/page"}],"author":[{"embeddable":true,"href":"https:\/\/sbrc.sbc.org.br\/2025\/en\/wp-json\/wp\/v2\/users\/6"}],"replies":[{"embeddable":true,"href":"https:\/\/sbrc.sbc.org.br\/2025\/en\/wp-json\/wp\/v2\/comments?post=929"}],"version-history":[{"count":13,"href":"https:\/\/sbrc.sbc.org.br\/2025\/en\/wp-json\/wp\/v2\/pages\/929\/revisions"}],"predecessor-version":[{"id":5683,"href":"https:\/\/sbrc.sbc.org.br\/2025\/en\/wp-json\/wp\/v2\/pages\/929\/revisions\/5683"}],"wp:attachment":[{"href":"https:\/\/sbrc.sbc.org.br\/2025\/en\/wp-json\/wp\/v2\/media?parent=929"}],"curies":[{"name":"wp","href":"https:\/\/api.w.org\/{rel}","templated":true}]}}