{"id":8278,"date":"2025-05-17T14:42:14","date_gmt":"2025-05-17T17:42:14","guid":{"rendered":"https:\/\/sbrc.sbc.org.br\/2025\/?page_id=8278"},"modified":"2025-08-04T15:42:06","modified_gmt":"2025-08-04T18:42:06","slug":"progamacao-wtg","status":"publish","type":"page","link":"https:\/\/sbrc.sbc.org.br\/2025\/en\/progamacao-wtg\/","title":{"rendered":"Programa\u00e7\u00e3o &#8211; WTG 2025"},"content":{"rendered":"<div class=\"style-1529 style-local-7320-c1 position-relative\" data-colibri-id=\"7320-c1\">\n<div id=\"custom\" class=\"h-section h-section-global-spacing d-flex align-items-lg-center align-items-md-center align-items-center style-1530 style-local-7320-c2 position-relative\" data-colibri-component=\"section\" data-colibri-id=\"7320-c2\">\n<div class=\"h-section-grid-container h-section-boxed-container\">\n<div class=\"h-row-container gutters-row-lg-2 gutters-row-md-2 gutters-row-0 gutters-row-v-lg-2 gutters-row-v-md-2 gutters-row-v-2 style-1531 style-local-7320-c3 position-relative\" data-colibri-id=\"7320-c3\">\n<div class=\"h-row justify-content-lg-center justify-content-md-center justify-content-center align-items-lg-stretch align-items-md-stretch align-items-stretch gutters-col-lg-2 gutters-col-md-2 gutters-col-0 gutters-col-v-lg-2 gutters-col-v-md-2 gutters-col-v-2\">\n<div class=\"h-column h-column-container d-flex h-col-lg-auto h-col-md-auto h-col-auto style-1532-outer style-local-7320-c4-outer\">\n<div class=\"d-flex h-flex-basis h-column__inner h-px-lg-2 h-px-md-2 h-px-2 v-inner-lg-2 v-inner-md-2 v-inner-2 style-1532 style-local-7320-c4 position-relative\" data-colibri-id=\"7320-c4\">\n<div class=\"w-100 h-y-container h-column__content h-column__v-align flex-basis-100 align-self-lg-start align-self-md-start align-self-start\">\n<div id=\"s1\" class=\"h-text h-text-component style-1533 style-local-7320-c5 position-relative h-element\" data-colibri-id=\"7320-c5\">\n<div class=\"\">\n<h2><span style=\"font-size: 101%;\">Sess\u00e3o 1<\/span><\/h2>\n<p>\ud83d\udcc6&nbsp;19\/05\/2025 (segunda-feira)<br>\ud83d\udd51&nbsp;08:30-10:00<br>\ud83d\udccd&nbsp;Sala Redinha<\/p>\n<p><strong>Estrat\u00e9gias e An\u00e1lises para Aloca\u00e7\u00e3o Eficiente de Recursos em Smart Cities com Edge e Cloud Computing<\/strong><br>Bruno Luiz Rodrigues e Silva, Viviane Costa Santos, Alex Vidigal Bastos, Samuel Moreira Ara\u00fajo<\/p>\n<p><strong>Offloading de Tarefas de UAVs para Ve\u00edculos: Uma An\u00e1lise dos Padr\u00f5es de Mobilidade em Monitoramento de Regi\u00f5es<\/strong><br>Mateus P. Santos, Paulo Antonio Leal Rego, Paulo Henrique Gon\u00e7alves Rocha, Alisson Barbosa, Jos\u00e9 Neuman De Souza<\/p>\n<p><strong>Adequa\u00e7\u00e3o Online de Rastros de Tr\u00e1fego de Rede nos Clientes para Alimentar Sistemas de Detec\u00e7\u00e3o de Intrus\u00e3o<\/strong><br>Ot\u00e1vio Silva, Daniel Mac\u00eado Batista<\/p>\n<p><strong>Sistema de Detec\u00e7\u00e3o de Intrus\u00f5es baseado em Aprendizagem por Refor\u00e7o Federada<\/strong><br>Andr\u00e9 Rocha, Allan Mariano de Souza<\/p>\n<\/div>\n<\/div>\n<div class=\"h-divider style-1606 style-local-7497-c6 position-relative h-element\" data-colibri-id=\"7497-c6\">&nbsp;<\/div>\n<div id=\"s2\" class=\"h-text h-text-component style-1533 style-local-7320-c5 position-relative h-element\" data-colibri-id=\"7320-c5\">\n<div class=\"\">\n<h2><span style=\"font-size: 101%;\">Sess\u00e3o 2<\/span><\/h2>\n<p>\ud83d\udcc6&nbsp;19\/05\/2025 (segunda-feira)<br>\ud83d\udd51&nbsp;10:30-12:00<br>\ud83d\udccd&nbsp;Sala Redinha<\/p>\n<p><strong>Menos \u00e9 Mais: Avalia\u00e7\u00e3o do Impacto da Compress\u00e3o de Modelos na Efici\u00eancia do Aprendizado Federado<\/strong><br>Guilherme Libardi, Bruno Kimura, Joahannes Bruno Dias da Costa<\/p>\n<p><strong>On the Usage of Grammar-based Fuzzing to Evaluate the Implementation of AMQP Brokers<\/strong><br>Ivan Dias, Daniel Mac\u00eado Batista<\/p>\n<p><strong>Uma Arquitetura Modular para Monitoramento de Ambientes IoT<\/strong><br>Eduardo Souza, Beatriz Alves, Adriana Viriato Ribeiro, Leobino Nascimento Sampaio<\/p>\n<p><strong>Avalia\u00e7\u00e3o de estrat\u00e9gias para o aperfei\u00e7oamento da detec\u00e7\u00e3o de anomalias no tr\u00e1fego DNS<\/strong><br>Mayara R. E. Santos, Raquel S. M. Santos, Italo Valcy S. Brito, Leobino Sampaio<\/p>\n<\/div>\n<\/div>\n<\/div>\n<\/div>\n<\/div>\n<\/div>\n<\/div>\n<\/div>\n<\/div>\n<\/div>\n\n\n\n<p><\/p>","protected":false},"excerpt":{"rendered":"<p>Sess\u00e3o 1 \ud83d\udcc6&nbsp;19\/05\/2025 (segunda-feira)\ud83d\udd51&nbsp;08:30-10:00\ud83d\udccd&nbsp;Sala Redinha Estrat\u00e9gias e An\u00e1lises para Aloca\u00e7\u00e3o Eficiente de Recursos em Smart Cities com Edge e Cloud ComputingBruno Luiz Rodrigues e Silva, Viviane Costa Santos, Alex Vidigal Bastos, Samuel Moreira Ara\u00fajo Offloading de Tarefas de UAVs para Ve\u00edculos: Uma An\u00e1lise dos Padr\u00f5es de Mobilidade em Monitoramento de Regi\u00f5esMateus P. Santos, Paulo Antonio [&hellip;]<\/p>\n","protected":false},"author":7,"featured_media":0,"parent":0,"menu_order":0,"comment_status":"closed","ping_status":"closed","template":"page-templates\/full-width-page.php","meta":{"footnotes":""},"class_list":["post-8278","page","type-page","status-publish","hentry"],"yoast_head":"<!-- This site is optimized with the Yoast SEO plugin v27.5 - https:\/\/yoast.com\/product\/yoast-seo-wordpress\/ -->\n<title>Programa\u00e7\u00e3o - WTG 2025 - SBRC 2025<\/title>\n<meta name=\"robots\" content=\"index, follow, max-snippet:-1, max-image-preview:large, max-video-preview:-1\" \/>\n<link rel=\"canonical\" href=\"https:\/\/sbrc.sbc.org.br\/2025\/en\/progamacao-wtg\/\" \/>\n<meta property=\"og:locale\" content=\"en_US\" \/>\n<meta property=\"og:type\" content=\"article\" \/>\n<meta property=\"og:title\" content=\"Programa\u00e7\u00e3o - WTG 2025 - SBRC 2025\" \/>\n<meta property=\"og:description\" content=\"Sess\u00e3o 1 \ud83d\udcc6&nbsp;19\/05\/2025 (segunda-feira)\ud83d\udd51&nbsp;08:30-10:00\ud83d\udccd&nbsp;Sala Redinha Estrat\u00e9gias e An\u00e1lises para Aloca\u00e7\u00e3o Eficiente de Recursos em Smart Cities com Edge e Cloud ComputingBruno Luiz Rodrigues e Silva, Viviane Costa Santos, Alex Vidigal Bastos, Samuel Moreira Ara\u00fajo Offloading de Tarefas de UAVs para Ve\u00edculos: Uma An\u00e1lise dos Padr\u00f5es de Mobilidade em Monitoramento de Regi\u00f5esMateus P. Santos, Paulo Antonio [&hellip;]\" \/>\n<meta property=\"og:url\" content=\"https:\/\/sbrc.sbc.org.br\/2025\/en\/progamacao-wtg\/\" \/>\n<meta property=\"og:site_name\" content=\"SBRC 2025\" \/>\n<meta property=\"article:modified_time\" content=\"2025-08-04T18:42:06+00:00\" \/>\n<meta property=\"og:image\" content=\"https:\/\/sbrc.sbc.org.br\/2025\/wp-content\/uploads\/2024\/07\/Captura-de-tela-2024-07-04-115159.png\" \/>\n\t<meta property=\"og:image:width\" content=\"821\" \/>\n\t<meta property=\"og:image:height\" content=\"466\" \/>\n\t<meta property=\"og:image:type\" content=\"image\/png\" \/>\n<meta name=\"twitter:card\" content=\"summary_large_image\" \/>\n<meta name=\"twitter:label1\" content=\"Est. reading time\" \/>\n\t<meta name=\"twitter:data1\" content=\"2 minutes\" \/>\n<script type=\"application\/ld+json\" class=\"yoast-schema-graph\">{\"@context\":\"https:\\\/\\\/schema.org\",\"@graph\":[{\"@type\":\"WebPage\",\"@id\":\"https:\\\/\\\/sbrc.sbc.org.br\\\/2025\\\/progamacao-wtg\\\/\",\"url\":\"https:\\\/\\\/sbrc.sbc.org.br\\\/2025\\\/progamacao-wtg\\\/\",\"name\":\"Programa\u00e7\u00e3o - WTG 2025 - SBRC 2025\",\"isPartOf\":{\"@id\":\"https:\\\/\\\/sbrc.sbc.org.br\\\/2025\\\/#website\"},\"datePublished\":\"2025-05-17T17:42:14+00:00\",\"dateModified\":\"2025-08-04T18:42:06+00:00\",\"breadcrumb\":{\"@id\":\"https:\\\/\\\/sbrc.sbc.org.br\\\/2025\\\/progamacao-wtg\\\/#breadcrumb\"},\"inLanguage\":\"en-US\",\"potentialAction\":[{\"@type\":\"ReadAction\",\"target\":[\"https:\\\/\\\/sbrc.sbc.org.br\\\/2025\\\/progamacao-wtg\\\/\"]}]},{\"@type\":\"BreadcrumbList\",\"@id\":\"https:\\\/\\\/sbrc.sbc.org.br\\\/2025\\\/progamacao-wtg\\\/#breadcrumb\",\"itemListElement\":[{\"@type\":\"ListItem\",\"position\":1,\"name\":\"In\u00edcio\",\"item\":\"https:\\\/\\\/sbrc.sbc.org.br\\\/2025\\\/\"},{\"@type\":\"ListItem\",\"position\":2,\"name\":\"Programa\u00e7\u00e3o &#8211; WTG 2025\"}]},{\"@type\":\"WebSite\",\"@id\":\"https:\\\/\\\/sbrc.sbc.org.br\\\/2025\\\/#website\",\"url\":\"https:\\\/\\\/sbrc.sbc.org.br\\\/2025\\\/\",\"name\":\"SBRC 2025\",\"description\":\"43\u00ba Simp\u00f3sio Brasileiro de Redes de Computadores e Sistemas Distribu\u00eddos\",\"publisher\":{\"@id\":\"https:\\\/\\\/sbrc.sbc.org.br\\\/2025\\\/#organization\"},\"potentialAction\":[{\"@type\":\"SearchAction\",\"target\":{\"@type\":\"EntryPoint\",\"urlTemplate\":\"https:\\\/\\\/sbrc.sbc.org.br\\\/2025\\\/?s={search_term_string}\"},\"query-input\":{\"@type\":\"PropertyValueSpecification\",\"valueRequired\":true,\"valueName\":\"search_term_string\"}}],\"inLanguage\":\"en-US\"},{\"@type\":\"Organization\",\"@id\":\"https:\\\/\\\/sbrc.sbc.org.br\\\/2025\\\/#organization\",\"name\":\"SBRC 2025\",\"url\":\"https:\\\/\\\/sbrc.sbc.org.br\\\/2025\\\/\",\"logo\":{\"@type\":\"ImageObject\",\"inLanguage\":\"en-US\",\"@id\":\"https:\\\/\\\/sbrc.sbc.org.br\\\/2025\\\/#\\\/schema\\\/logo\\\/image\\\/\",\"url\":\"https:\\\/\\\/sbrc.sbc.org.br\\\/2025\\\/wp-content\\\/uploads\\\/2024\\\/04\\\/cropped-cropped-v2@4x-1.png\",\"contentUrl\":\"https:\\\/\\\/sbrc.sbc.org.br\\\/2025\\\/wp-content\\\/uploads\\\/2024\\\/04\\\/cropped-cropped-v2@4x-1.png\",\"width\":5226,\"height\":4892,\"caption\":\"SBRC 2025\"},\"image\":{\"@id\":\"https:\\\/\\\/sbrc.sbc.org.br\\\/2025\\\/#\\\/schema\\\/logo\\\/image\\\/\"},\"sameAs\":[\"https:\\\/\\\/www.instagram.com\\\/simposio.sbrc\\\/\"]}]}<\/script>\n<!-- \/ Yoast SEO plugin. -->","yoast_head_json":{"title":"Programa\u00e7\u00e3o - WTG 2025 - SBRC 2025","robots":{"index":"index","follow":"follow","max-snippet":"max-snippet:-1","max-image-preview":"max-image-preview:large","max-video-preview":"max-video-preview:-1"},"canonical":"https:\/\/sbrc.sbc.org.br\/2025\/en\/progamacao-wtg\/","og_locale":"en_US","og_type":"article","og_title":"Programa\u00e7\u00e3o - WTG 2025 - SBRC 2025","og_description":"Sess\u00e3o 1 \ud83d\udcc6&nbsp;19\/05\/2025 (segunda-feira)\ud83d\udd51&nbsp;08:30-10:00\ud83d\udccd&nbsp;Sala Redinha Estrat\u00e9gias e An\u00e1lises para Aloca\u00e7\u00e3o Eficiente de Recursos em Smart Cities com Edge e Cloud ComputingBruno Luiz Rodrigues e Silva, Viviane Costa Santos, Alex Vidigal Bastos, Samuel Moreira Ara\u00fajo Offloading de Tarefas de UAVs para Ve\u00edculos: Uma An\u00e1lise dos Padr\u00f5es de Mobilidade em Monitoramento de Regi\u00f5esMateus P. Santos, Paulo Antonio [&hellip;]","og_url":"https:\/\/sbrc.sbc.org.br\/2025\/en\/progamacao-wtg\/","og_site_name":"SBRC 2025","article_modified_time":"2025-08-04T18:42:06+00:00","og_image":[{"width":821,"height":466,"url":"https:\/\/sbrc.sbc.org.br\/2025\/wp-content\/uploads\/2024\/07\/Captura-de-tela-2024-07-04-115159.png","type":"image\/png"}],"twitter_card":"summary_large_image","twitter_misc":{"Est. reading time":"2 minutes"},"schema":{"@context":"https:\/\/schema.org","@graph":[{"@type":"WebPage","@id":"https:\/\/sbrc.sbc.org.br\/2025\/progamacao-wtg\/","url":"https:\/\/sbrc.sbc.org.br\/2025\/progamacao-wtg\/","name":"Programa\u00e7\u00e3o - WTG 2025 - SBRC 2025","isPartOf":{"@id":"https:\/\/sbrc.sbc.org.br\/2025\/#website"},"datePublished":"2025-05-17T17:42:14+00:00","dateModified":"2025-08-04T18:42:06+00:00","breadcrumb":{"@id":"https:\/\/sbrc.sbc.org.br\/2025\/progamacao-wtg\/#breadcrumb"},"inLanguage":"en-US","potentialAction":[{"@type":"ReadAction","target":["https:\/\/sbrc.sbc.org.br\/2025\/progamacao-wtg\/"]}]},{"@type":"BreadcrumbList","@id":"https:\/\/sbrc.sbc.org.br\/2025\/progamacao-wtg\/#breadcrumb","itemListElement":[{"@type":"ListItem","position":1,"name":"In\u00edcio","item":"https:\/\/sbrc.sbc.org.br\/2025\/"},{"@type":"ListItem","position":2,"name":"Programa\u00e7\u00e3o &#8211; WTG 2025"}]},{"@type":"WebSite","@id":"https:\/\/sbrc.sbc.org.br\/2025\/#website","url":"https:\/\/sbrc.sbc.org.br\/2025\/","name":"SBRC 2025","description":"43\u00ba Simp\u00f3sio Brasileiro de Redes de Computadores e Sistemas Distribu\u00eddos","publisher":{"@id":"https:\/\/sbrc.sbc.org.br\/2025\/#organization"},"potentialAction":[{"@type":"SearchAction","target":{"@type":"EntryPoint","urlTemplate":"https:\/\/sbrc.sbc.org.br\/2025\/?s={search_term_string}"},"query-input":{"@type":"PropertyValueSpecification","valueRequired":true,"valueName":"search_term_string"}}],"inLanguage":"en-US"},{"@type":"Organization","@id":"https:\/\/sbrc.sbc.org.br\/2025\/#organization","name":"SBRC 2025","url":"https:\/\/sbrc.sbc.org.br\/2025\/","logo":{"@type":"ImageObject","inLanguage":"en-US","@id":"https:\/\/sbrc.sbc.org.br\/2025\/#\/schema\/logo\/image\/","url":"https:\/\/sbrc.sbc.org.br\/2025\/wp-content\/uploads\/2024\/04\/cropped-cropped-v2@4x-1.png","contentUrl":"https:\/\/sbrc.sbc.org.br\/2025\/wp-content\/uploads\/2024\/04\/cropped-cropped-v2@4x-1.png","width":5226,"height":4892,"caption":"SBRC 2025"},"image":{"@id":"https:\/\/sbrc.sbc.org.br\/2025\/#\/schema\/logo\/image\/"},"sameAs":["https:\/\/www.instagram.com\/simposio.sbrc\/"]}]}},"_links":{"self":[{"href":"https:\/\/sbrc.sbc.org.br\/2025\/en\/wp-json\/wp\/v2\/pages\/8278","targetHints":{"allow":["GET"]}}],"collection":[{"href":"https:\/\/sbrc.sbc.org.br\/2025\/en\/wp-json\/wp\/v2\/pages"}],"about":[{"href":"https:\/\/sbrc.sbc.org.br\/2025\/en\/wp-json\/wp\/v2\/types\/page"}],"author":[{"embeddable":true,"href":"https:\/\/sbrc.sbc.org.br\/2025\/en\/wp-json\/wp\/v2\/users\/7"}],"replies":[{"embeddable":true,"href":"https:\/\/sbrc.sbc.org.br\/2025\/en\/wp-json\/wp\/v2\/comments?post=8278"}],"version-history":[{"count":14,"href":"https:\/\/sbrc.sbc.org.br\/2025\/en\/wp-json\/wp\/v2\/pages\/8278\/revisions"}],"predecessor-version":[{"id":8433,"href":"https:\/\/sbrc.sbc.org.br\/2025\/en\/wp-json\/wp\/v2\/pages\/8278\/revisions\/8433"}],"wp:attachment":[{"href":"https:\/\/sbrc.sbc.org.br\/2025\/en\/wp-json\/wp\/v2\/media?parent=8278"}],"curies":[{"name":"wp","href":"https:\/\/api.w.org\/{rel}","templated":true}]}}