{"id":7547,"date":"2025-05-10T15:50:01","date_gmt":"2025-05-10T18:50:01","guid":{"rendered":"https:\/\/sbrc.sbc.org.br\/2025\/?page_id=7547"},"modified":"2025-08-05T22:55:34","modified_gmt":"2025-08-06T01:55:34","slug":"sessoes-tecnicas-trilha-industria","status":"publish","type":"page","link":"https:\/\/sbrc.sbc.org.br\/2025\/en\/sessoes-tecnicas-trilha-industria\/","title":{"rendered":"Sess\u00f5es T\u00e9cnicas \u2013 Trilha de Intera\u00e7\u00e3o com a Ind\u00fastria e de Inova\u00e7\u00e3o"},"content":{"rendered":"<div data-colibri-id=\"7547-c1\" class=\"style-1614 style-local-7547-c1 position-relative\">\r\n  <!---->\r\n  <div data-colibri-component=\"section\" data-colibri-id=\"7547-c2\" id=\"custom\" class=\"h-section h-section-global-spacing d-flex align-items-lg-center align-items-md-center align-items-center style-1659 style-local-7547-c2 position-relative\">\r\n    <!---->\r\n    <!---->\r\n    <div class=\"h-section-grid-container h-section-boxed-container\">\r\n      <!---->\r\n      <div data-colibri-id=\"7547-c3\" class=\"h-row-container gutters-row-lg-2 gutters-row-md-2 gutters-row-0 gutters-row-v-lg-2 gutters-row-v-md-2 gutters-row-v-2 style-1662 style-local-7547-c3 position-relative\">\r\n        <!---->\r\n        <div class=\"h-row justify-content-lg-center justify-content-md-center justify-content-center align-items-lg-stretch align-items-md-stretch align-items-stretch gutters-col-lg-2 gutters-col-md-2 gutters-col-0 gutters-col-v-lg-2 gutters-col-v-md-2 gutters-col-v-2\">\r\n          <!---->\r\n          <div class=\"h-column h-column-container d-flex h-col-lg-auto h-col-md-auto h-col-auto style-1663-outer style-local-7547-c4-outer\">\r\n            <div data-colibri-id=\"7547-c4\" class=\"d-flex h-flex-basis h-column__inner h-px-lg-2 h-px-md-2 h-px-2 v-inner-lg-2 v-inner-md-2 v-inner-2 style-1663 style-local-7547-c4 position-relative\">\r\n              <!---->\r\n              <!---->\r\n              <div class=\"w-100 h-y-container h-column__content h-column__v-align flex-basis-100 align-self-lg-start align-self-md-start align-self-start\">\r\n                <!---->\r\n                <div data-colibri-id=\"7547-c5\" class=\"h-text h-text-component style-1664 style-local-7547-c5 position-relative h-element\">\r\n                  <!---->\r\n                  <!---->\r\n                  <div class=\"\">\r\n                    <h3>Sess\u00e3o 1\r\n                      <br>\r\n                    <\/h3>\r\n                    <p>\ud83d\udcc6&nbsp;21\/05\/2025 (quarta-feira)\r\n                      <br>\ud83d\udd51&nbsp;08:30-10:00\r\n                      <br>\ud83d\udccd&nbsp;Sala S\u00e3o Miguel do Gostoso<\/p>\r\n                    <p><strong>Evaluating Semantic Caching in Practice: A Study on a LLM-Driven Distributed Application in a Brazilian EdTech&nbsp;<\/strong>\r\n                      <a href=\"https:\/\/1drv.ms\/b\/c\/75254e252c7d0ebe\/Ebl-Abaxd4dMsPXouQdKxS8BS9UO6BdKWOYyoKIJCMiJ_g?e=gjjXea\"\r\n                        target=\"_blank\"> <img decoding=\"async\" src=\"https:\/\/sbrc.sbc.org.br\/2025\/wp-content\/uploads\/2025\/05\/icon-pdf.svg\" alt=\"PDF\" style=\"width:32px;\"><\/a>\r\n                      <br>Henrique Lopes N\u00f3brega (UFCG, Brasil), David Maia (IFPB), Jo\u00e3o Brunet (UFCG)<\/p>\r\n                    <p><strong>Sobre o Equil\u00edbrio entre Desempenho e Justi\u00e7a em Ambientes de Cache Multi-Locat\u00e1rio&nbsp;<\/strong>\r\n                      <a href=\"https:\/\/1drv.ms\/b\/c\/75254e252c7d0ebe\/ETWZoynh7JVMmMV1THEZsNABTooyau79DZ82gTwUqhYsXQ?e=ZOX7VL\" target=\"_blank\" class=\"customize-unpreviewable\"> <img decoding=\"async\" src=\"https:\/\/sbrc.sbc.org.br\/2025\/wp-content\/uploads\/2025\/05\/icon-pdf.svg\" alt=\"PDF\" style=\"width:32px;\"><\/a>\r\n                      <br>Jo\u00e3o Ramalho (UFCG), Ana Nery (UFCG), Anna Beatriz Lucena Lira (UFCG), Thiago Emmanuel Pereira (UFCG, Brasil), Francisco Brasileiro (UFCG), Mariana Mendes (VTEX)<\/p>\r\n                    <p><strong>Explorando Network Slicing em Redes 5G em um Contexto Educacional&nbsp;<\/strong>\r\n                      <a href=\"https:\/\/1drv.ms\/b\/c\/75254e252c7d0ebe\/ETYQ7yX7MrdJr34zqRECKTsBjLavH-9rv8W6jy9F9gjcMQ?e=dOL3YH\" target=\"_blank\" class=\"customize-unpreviewable\"> <img decoding=\"async\" src=\"https:\/\/sbrc.sbc.org.br\/2025\/wp-content\/uploads\/2025\/05\/icon-pdf.svg\" alt=\"PDF\" style=\"width:32px;\"><\/a>\r\n                      <br>Ekarani Teles Silvestre (UFCG), Axel Crispim (UFCG), Rian Ismael Elias de Melo (UFCG), Jo\u00e3o Brunet (UFCG), Ruan Delgado Gomes (IFPB), Thiago Moraes (IBM, Brasil)<\/p>\r\n                    <p><strong>Evaluating the Limits of Wi-Fi 5, and Wi-Fi 6 Networks for Industrial Video Applications<\/strong>\r\n                      <a href=\"https:\/\/1drv.ms\/b\/c\/75254e252c7d0ebe\/EXGE2yjlrbNPtZpMW4guzocBgWxQ8Yvi6tdhYQWQDLSXsA?e=igNzhz\" target=\"_blank\" class=\"customize-unpreviewable\"><strong>&nbsp;<\/strong> <img decoding=\"async\" src=\"https:\/\/sbrc.sbc.org.br\/2025\/wp-content\/uploads\/2025\/05\/icon-pdf.svg\" alt=\"PDF\" style=\"width:32px;\"><\/a>\r\n                      <br>Jefferson Maxmiliano Olivera das Merces (IFPB), Jos\u00e9 Silvestre da Silva Galv\u00e3o (IFPB), Mikael Marinho Oliveira (IFPB), Ruan Delgado Gomes (IFPB), Marcelo Portela Sousa (IFPB), Moacy Silva (IFPB)<\/p>\r\n                  <\/div>\r\n                <\/div>\r\n              <\/div>\r\n            <\/div>\r\n          <\/div>\r\n        <\/div>\r\n      <\/div>\r\n      <div data-colibri-id=\"7547-c6\" class=\"h-row-container gutters-row-lg-2 gutters-row-md-2 gutters-row-0 gutters-row-v-lg-2 gutters-row-v-md-2 gutters-row-v-2 style-1662 style-local-7547-c6 position-relative\">\r\n        <!---->\r\n        <div class=\"h-row justify-content-lg-center justify-content-md-center justify-content-center align-items-lg-stretch align-items-md-stretch align-items-stretch gutters-col-lg-2 gutters-col-md-2 gutters-col-0 gutters-col-v-lg-2 gutters-col-v-md-2 gutters-col-v-2\">\r\n          <!---->\r\n          <div class=\"h-column h-column-container d-flex h-col-lg-auto h-col-md-auto h-col-auto style-1663-outer style-local-7547-c7-outer\">\r\n            <div data-colibri-id=\"7547-c7\" class=\"d-flex h-flex-basis h-column__inner h-px-lg-2 h-px-md-2 h-px-2 v-inner-lg-2 v-inner-md-2 v-inner-2 style-1663 style-local-7547-c7 position-relative\">\r\n              <!---->\r\n              <!---->\r\n              <div class=\"w-100 h-y-container h-column__content h-column__v-align flex-basis-100 align-self-lg-start align-self-md-start align-self-start\">\r\n                <!---->\r\n                <div data-colibri-id=\"7547-c8\" class=\"h-text h-text-component style-1664 style-local-7547-c8 position-relative h-element\">\r\n                  <!---->\r\n                  <!---->\r\n                  <div class=\"\">\r\n                    <h3>Sess\u00e3o 2<\/h3>\r\n                    <p>\ud83d\udcc6&nbsp;21\/05\/2025 (quarta-feira)\r\n                      <br>\ud83d\udd51&nbsp;10:30-12:00\r\n                      <br>\ud83d\udccd&nbsp;Sala S\u00e3o Miguel do Gostoso<\/p>\r\n                    <p><strong>RotaWise: Intelligent Platform for Urban Maintenance&nbsp;<\/strong>\r\n                      <a href=\"https:\/\/1drv.ms\/b\/c\/75254e252c7d0ebe\/ERo9-TIJZjlNptkRpjhbm9QBniPPYxrgJEQ5I0lmZWw4aQ?e=A3oYvK\" target=\"_blank\" class=\"customize-unpreviewable\"> <img decoding=\"async\" src=\"https:\/\/sbrc.sbc.org.br\/2025\/wp-content\/uploads\/2025\/05\/icon-pdf.svg\" alt=\"PDF\" style=\"width:32px;\"><\/a>\r\n                      <br>Jo\u00e3o Pedro Ded\u00ea da Silva (DIWise), Thiago Parente, Luan Icaro Ferreira Santos, Paulo Antonio Leal Rego (UFC)<\/p>\r\n                    <p><strong>Reidentifica\u00e7\u00e3o Espa\u00e7o-Temporal de Ve\u00edculos para Sistemas Inteligentes de Tr\u00e1fego&nbsp;<\/strong>\r\n                      <a href=\"https:\/\/1drv.ms\/b\/c\/75254e252c7d0ebe\/EVy2yVSEVttMqFeG1OgaYJgBrQ3mFgdubcvFy5ER3qB3yg?e=yQnE4D\" target=\"_blank\" class=\"customize-unpreviewable\"> <img decoding=\"async\" src=\"https:\/\/sbrc.sbc.org.br\/2025\/wp-content\/uploads\/2025\/05\/icon-pdf.svg\" alt=\"PDF\" style=\"width:32px;\"><\/a>\r\n                      <br>Artur Souza (UFES), Augusto Abling (Atman Systems), Raquel Vassallo (UFES)<\/p>\r\n                    <p><strong>SkyLedger: Test Bed para o Gerenciamento do Espa\u00e7o A\u00e9reo para Sistemas de Transportes Inteligentes: Requisitos, Desafios e Oportunidades&nbsp;<\/strong>\r\n                      <a href=\"https:\/\/1drv.ms\/b\/c\/75254e252c7d0ebe\/ETcGx88TLztOiEGAj1HRkA0BbnoGzihyvdUiJ6QtJmc6rg?e=XC6jlb\"\r\n                        target=\"_blank\"> <img decoding=\"async\" src=\"https:\/\/sbrc.sbc.org.br\/2025\/wp-content\/uploads\/2025\/05\/icon-pdf.svg\" alt=\"PDF\" style=\"width:32px;\"><\/a>\r\n                      <br>Andre Melo (ITA), Rafael Albarello (ITA), Rodrigo S\u00e9rgio dos Santos Nunes (ITA), Reinaldo C\u00e9zar de Morais Gomes (RNP), Lourenco Alves Pereira Jr (ITA)<\/p>\r\n                    <p><strong>Monitoramento Distribu\u00eddo de Usinas Fotovoltaicas Utilizando Redes de Sensores Sem Fio LoRa com Topologia Mesh&nbsp;<\/strong>\r\n                      <a href=\"https:\/\/1drv.ms\/b\/c\/75254e252c7d0ebe\/EYzW58leQoNMtzwbIh4B8U0BgssBUUsELHYACG3B8n_CWw?e=dsWUvS\"\r\n                        target=\"_blank\" class=\"customize-unpreviewable\"> <img decoding=\"async\" src=\"https:\/\/sbrc.sbc.org.br\/2025\/wp-content\/uploads\/2025\/05\/icon-pdf.svg\" alt=\"PDF\" style=\"width:32px;\"><\/a>\r\n                      <br>Alex Trajano (Instituto Atl\u00e2ntico), Jo\u00e3o Pedro Lima (Instituto Atl\u00e2ntico)<\/p>\r\n                    <p><strong>O Comit\u00ea Central da Nuvem: Um Estudo de Caso de Planejamento de Capacidade em Grandes Empresas de TI&nbsp;<\/strong>\r\n                      <a href=\"https:\/\/1drv.ms\/b\/c\/75254e252c7d0ebe\/EXgjHKYbffVNgL58XcXJ9XcB94iwqz9JeWqInl1J2Uquig?e=bp6pDl\" target=\"_blank\"\r\n                        class=\"customize-unpreviewable\"> <img decoding=\"async\" src=\"https:\/\/sbrc.sbc.org.br\/2025\/wp-content\/uploads\/2025\/05\/icon-pdf.svg\" alt=\"PDF\" style=\"width:32px;\"><\/a>\r\n                      <br>Pedro Serey (UFCG), Caio Galvao (UFCG), Thiago Emmanuel Pereira (UFCG), Francisco Brasileiro (UFCG), Gabriel Gomes (VTEX)<\/p>\r\n                  <\/div>\r\n                <\/div>\r\n              <\/div>\r\n            <\/div>\r\n          <\/div>\r\n        <\/div>\r\n      <\/div>\r\n    <\/div>\r\n  <\/div>\r\n<\/div>","protected":false},"excerpt":{"rendered":"<p>Sess\u00e3o 1 \ud83d\udcc6&nbsp;21\/05\/2025 (quarta-feira) \ud83d\udd51&nbsp;08:30-10:00 \ud83d\udccd&nbsp;Sala S\u00e3o Miguel do Gostoso Evaluating Semantic Caching in Practice: A Study on a LLM-Driven Distributed Application in a Brazilian EdTech&nbsp; Henrique Lopes N\u00f3brega (UFCG, Brasil), David Maia (IFPB), Jo\u00e3o Brunet (UFCG) Sobre o Equil\u00edbrio entre Desempenho e Justi\u00e7a em Ambientes de Cache Multi-Locat\u00e1rio&nbsp; Jo\u00e3o Ramalho (UFCG), Ana Nery (UFCG), [&hellip;]<\/p>\n","protected":false},"author":7,"featured_media":0,"parent":0,"menu_order":0,"comment_status":"closed","ping_status":"closed","template":"page-templates\/full-width-page.php","meta":{"footnotes":""},"class_list":["post-7547","page","type-page","status-publish","hentry"],"yoast_head":"<!-- This site is optimized with the Yoast SEO plugin v27.5 - https:\/\/yoast.com\/product\/yoast-seo-wordpress\/ -->\n<title>Sess\u00f5es T\u00e9cnicas \u2013 Trilha de Intera\u00e7\u00e3o com a Ind\u00fastria e de Inova\u00e7\u00e3o - SBRC 2025<\/title>\n<meta name=\"robots\" content=\"index, follow, max-snippet:-1, max-image-preview:large, max-video-preview:-1\" \/>\n<link rel=\"canonical\" href=\"https:\/\/sbrc.sbc.org.br\/2025\/en\/sessoes-tecnicas-trilha-industria\/\" \/>\n<meta property=\"og:locale\" content=\"en_US\" \/>\n<meta property=\"og:type\" content=\"article\" \/>\n<meta property=\"og:title\" content=\"Sess\u00f5es T\u00e9cnicas \u2013 Trilha de Intera\u00e7\u00e3o com a Ind\u00fastria e de Inova\u00e7\u00e3o - SBRC 2025\" \/>\n<meta property=\"og:description\" content=\"Sess\u00e3o 1 \ud83d\udcc6&nbsp;21\/05\/2025 (quarta-feira) \ud83d\udd51&nbsp;08:30-10:00 \ud83d\udccd&nbsp;Sala S\u00e3o Miguel do Gostoso Evaluating Semantic Caching in Practice: A Study on a LLM-Driven Distributed Application in a Brazilian EdTech&nbsp; Henrique Lopes N\u00f3brega (UFCG, Brasil), David Maia (IFPB), Jo\u00e3o Brunet (UFCG) Sobre o Equil\u00edbrio entre Desempenho e Justi\u00e7a em Ambientes de Cache Multi-Locat\u00e1rio&nbsp; Jo\u00e3o Ramalho (UFCG), Ana Nery (UFCG), [&hellip;]\" \/>\n<meta property=\"og:url\" content=\"https:\/\/sbrc.sbc.org.br\/2025\/en\/sessoes-tecnicas-trilha-industria\/\" \/>\n<meta property=\"og:site_name\" content=\"SBRC 2025\" \/>\n<meta property=\"article:modified_time\" content=\"2025-08-06T01:55:34+00:00\" \/>\n<meta property=\"og:image\" content=\"https:\/\/sbrc.sbc.org.br\/2025\/wp-content\/uploads\/2025\/05\/icon-pdf.svg\" \/>\n<meta name=\"twitter:card\" content=\"summary_large_image\" \/>\n<meta name=\"twitter:label1\" content=\"Est. reading time\" \/>\n\t<meta name=\"twitter:data1\" content=\"4 minutes\" \/>\n<script type=\"application\/ld+json\" class=\"yoast-schema-graph\">{\"@context\":\"https:\\\/\\\/schema.org\",\"@graph\":[{\"@type\":\"WebPage\",\"@id\":\"https:\\\/\\\/sbrc.sbc.org.br\\\/2025\\\/sessoes-tecnicas-trilha-industria\\\/\",\"url\":\"https:\\\/\\\/sbrc.sbc.org.br\\\/2025\\\/sessoes-tecnicas-trilha-industria\\\/\",\"name\":\"Sess\u00f5es T\u00e9cnicas \u2013 Trilha de Intera\u00e7\u00e3o com a Ind\u00fastria e de Inova\u00e7\u00e3o - SBRC 2025\",\"isPartOf\":{\"@id\":\"https:\\\/\\\/sbrc.sbc.org.br\\\/2025\\\/#website\"},\"primaryImageOfPage\":{\"@id\":\"https:\\\/\\\/sbrc.sbc.org.br\\\/2025\\\/sessoes-tecnicas-trilha-industria\\\/#primaryimage\"},\"image\":{\"@id\":\"https:\\\/\\\/sbrc.sbc.org.br\\\/2025\\\/sessoes-tecnicas-trilha-industria\\\/#primaryimage\"},\"thumbnailUrl\":\"https:\\\/\\\/sbrc.sbc.org.br\\\/2025\\\/wp-content\\\/uploads\\\/2025\\\/05\\\/icon-pdf.svg\",\"datePublished\":\"2025-05-10T18:50:01+00:00\",\"dateModified\":\"2025-08-06T01:55:34+00:00\",\"breadcrumb\":{\"@id\":\"https:\\\/\\\/sbrc.sbc.org.br\\\/2025\\\/sessoes-tecnicas-trilha-industria\\\/#breadcrumb\"},\"inLanguage\":\"en-US\",\"potentialAction\":[{\"@type\":\"ReadAction\",\"target\":[\"https:\\\/\\\/sbrc.sbc.org.br\\\/2025\\\/sessoes-tecnicas-trilha-industria\\\/\"]}]},{\"@type\":\"ImageObject\",\"inLanguage\":\"en-US\",\"@id\":\"https:\\\/\\\/sbrc.sbc.org.br\\\/2025\\\/sessoes-tecnicas-trilha-industria\\\/#primaryimage\",\"url\":\"https:\\\/\\\/sbrc.sbc.org.br\\\/2025\\\/wp-content\\\/uploads\\\/2025\\\/05\\\/icon-pdf.svg\",\"contentUrl\":\"https:\\\/\\\/sbrc.sbc.org.br\\\/2025\\\/wp-content\\\/uploads\\\/2025\\\/05\\\/icon-pdf.svg\"},{\"@type\":\"BreadcrumbList\",\"@id\":\"https:\\\/\\\/sbrc.sbc.org.br\\\/2025\\\/sessoes-tecnicas-trilha-industria\\\/#breadcrumb\",\"itemListElement\":[{\"@type\":\"ListItem\",\"position\":1,\"name\":\"In\u00edcio\",\"item\":\"https:\\\/\\\/sbrc.sbc.org.br\\\/2025\\\/\"},{\"@type\":\"ListItem\",\"position\":2,\"name\":\"Sess\u00f5es T\u00e9cnicas \u2013 Trilha de Intera\u00e7\u00e3o com a Ind\u00fastria e de Inova\u00e7\u00e3o\"}]},{\"@type\":\"WebSite\",\"@id\":\"https:\\\/\\\/sbrc.sbc.org.br\\\/2025\\\/#website\",\"url\":\"https:\\\/\\\/sbrc.sbc.org.br\\\/2025\\\/\",\"name\":\"SBRC 2025\",\"description\":\"43\u00ba Simp\u00f3sio Brasileiro de Redes de Computadores e Sistemas Distribu\u00eddos\",\"publisher\":{\"@id\":\"https:\\\/\\\/sbrc.sbc.org.br\\\/2025\\\/#organization\"},\"potentialAction\":[{\"@type\":\"SearchAction\",\"target\":{\"@type\":\"EntryPoint\",\"urlTemplate\":\"https:\\\/\\\/sbrc.sbc.org.br\\\/2025\\\/?s={search_term_string}\"},\"query-input\":{\"@type\":\"PropertyValueSpecification\",\"valueRequired\":true,\"valueName\":\"search_term_string\"}}],\"inLanguage\":\"en-US\"},{\"@type\":\"Organization\",\"@id\":\"https:\\\/\\\/sbrc.sbc.org.br\\\/2025\\\/#organization\",\"name\":\"SBRC 2025\",\"url\":\"https:\\\/\\\/sbrc.sbc.org.br\\\/2025\\\/\",\"logo\":{\"@type\":\"ImageObject\",\"inLanguage\":\"en-US\",\"@id\":\"https:\\\/\\\/sbrc.sbc.org.br\\\/2025\\\/#\\\/schema\\\/logo\\\/image\\\/\",\"url\":\"https:\\\/\\\/sbrc.sbc.org.br\\\/2025\\\/wp-content\\\/uploads\\\/2024\\\/04\\\/cropped-cropped-v2@4x-1.png\",\"contentUrl\":\"https:\\\/\\\/sbrc.sbc.org.br\\\/2025\\\/wp-content\\\/uploads\\\/2024\\\/04\\\/cropped-cropped-v2@4x-1.png\",\"width\":5226,\"height\":4892,\"caption\":\"SBRC 2025\"},\"image\":{\"@id\":\"https:\\\/\\\/sbrc.sbc.org.br\\\/2025\\\/#\\\/schema\\\/logo\\\/image\\\/\"},\"sameAs\":[\"https:\\\/\\\/www.instagram.com\\\/simposio.sbrc\\\/\"]}]}<\/script>\n<!-- \/ Yoast SEO plugin. -->","yoast_head_json":{"title":"Sess\u00f5es T\u00e9cnicas \u2013 Trilha de Intera\u00e7\u00e3o com a Ind\u00fastria e de Inova\u00e7\u00e3o - SBRC 2025","robots":{"index":"index","follow":"follow","max-snippet":"max-snippet:-1","max-image-preview":"max-image-preview:large","max-video-preview":"max-video-preview:-1"},"canonical":"https:\/\/sbrc.sbc.org.br\/2025\/en\/sessoes-tecnicas-trilha-industria\/","og_locale":"en_US","og_type":"article","og_title":"Sess\u00f5es T\u00e9cnicas \u2013 Trilha de Intera\u00e7\u00e3o com a Ind\u00fastria e de Inova\u00e7\u00e3o - SBRC 2025","og_description":"Sess\u00e3o 1 \ud83d\udcc6&nbsp;21\/05\/2025 (quarta-feira) \ud83d\udd51&nbsp;08:30-10:00 \ud83d\udccd&nbsp;Sala S\u00e3o Miguel do Gostoso Evaluating Semantic Caching in Practice: A Study on a LLM-Driven Distributed Application in a Brazilian EdTech&nbsp; Henrique Lopes N\u00f3brega (UFCG, Brasil), David Maia (IFPB), Jo\u00e3o Brunet (UFCG) Sobre o Equil\u00edbrio entre Desempenho e Justi\u00e7a em Ambientes de Cache Multi-Locat\u00e1rio&nbsp; Jo\u00e3o Ramalho (UFCG), Ana Nery (UFCG), [&hellip;]","og_url":"https:\/\/sbrc.sbc.org.br\/2025\/en\/sessoes-tecnicas-trilha-industria\/","og_site_name":"SBRC 2025","article_modified_time":"2025-08-06T01:55:34+00:00","og_image":[{"url":"https:\/\/sbrc.sbc.org.br\/2025\/wp-content\/uploads\/2025\/05\/icon-pdf.svg","type":"","width":"","height":""}],"twitter_card":"summary_large_image","twitter_misc":{"Est. reading time":"4 minutes"},"schema":{"@context":"https:\/\/schema.org","@graph":[{"@type":"WebPage","@id":"https:\/\/sbrc.sbc.org.br\/2025\/sessoes-tecnicas-trilha-industria\/","url":"https:\/\/sbrc.sbc.org.br\/2025\/sessoes-tecnicas-trilha-industria\/","name":"Sess\u00f5es T\u00e9cnicas \u2013 Trilha de Intera\u00e7\u00e3o com a Ind\u00fastria e de Inova\u00e7\u00e3o - SBRC 2025","isPartOf":{"@id":"https:\/\/sbrc.sbc.org.br\/2025\/#website"},"primaryImageOfPage":{"@id":"https:\/\/sbrc.sbc.org.br\/2025\/sessoes-tecnicas-trilha-industria\/#primaryimage"},"image":{"@id":"https:\/\/sbrc.sbc.org.br\/2025\/sessoes-tecnicas-trilha-industria\/#primaryimage"},"thumbnailUrl":"https:\/\/sbrc.sbc.org.br\/2025\/wp-content\/uploads\/2025\/05\/icon-pdf.svg","datePublished":"2025-05-10T18:50:01+00:00","dateModified":"2025-08-06T01:55:34+00:00","breadcrumb":{"@id":"https:\/\/sbrc.sbc.org.br\/2025\/sessoes-tecnicas-trilha-industria\/#breadcrumb"},"inLanguage":"en-US","potentialAction":[{"@type":"ReadAction","target":["https:\/\/sbrc.sbc.org.br\/2025\/sessoes-tecnicas-trilha-industria\/"]}]},{"@type":"ImageObject","inLanguage":"en-US","@id":"https:\/\/sbrc.sbc.org.br\/2025\/sessoes-tecnicas-trilha-industria\/#primaryimage","url":"https:\/\/sbrc.sbc.org.br\/2025\/wp-content\/uploads\/2025\/05\/icon-pdf.svg","contentUrl":"https:\/\/sbrc.sbc.org.br\/2025\/wp-content\/uploads\/2025\/05\/icon-pdf.svg"},{"@type":"BreadcrumbList","@id":"https:\/\/sbrc.sbc.org.br\/2025\/sessoes-tecnicas-trilha-industria\/#breadcrumb","itemListElement":[{"@type":"ListItem","position":1,"name":"In\u00edcio","item":"https:\/\/sbrc.sbc.org.br\/2025\/"},{"@type":"ListItem","position":2,"name":"Sess\u00f5es T\u00e9cnicas \u2013 Trilha de Intera\u00e7\u00e3o com a Ind\u00fastria e de Inova\u00e7\u00e3o"}]},{"@type":"WebSite","@id":"https:\/\/sbrc.sbc.org.br\/2025\/#website","url":"https:\/\/sbrc.sbc.org.br\/2025\/","name":"SBRC 2025","description":"43\u00ba Simp\u00f3sio Brasileiro de Redes de Computadores e Sistemas Distribu\u00eddos","publisher":{"@id":"https:\/\/sbrc.sbc.org.br\/2025\/#organization"},"potentialAction":[{"@type":"SearchAction","target":{"@type":"EntryPoint","urlTemplate":"https:\/\/sbrc.sbc.org.br\/2025\/?s={search_term_string}"},"query-input":{"@type":"PropertyValueSpecification","valueRequired":true,"valueName":"search_term_string"}}],"inLanguage":"en-US"},{"@type":"Organization","@id":"https:\/\/sbrc.sbc.org.br\/2025\/#organization","name":"SBRC 2025","url":"https:\/\/sbrc.sbc.org.br\/2025\/","logo":{"@type":"ImageObject","inLanguage":"en-US","@id":"https:\/\/sbrc.sbc.org.br\/2025\/#\/schema\/logo\/image\/","url":"https:\/\/sbrc.sbc.org.br\/2025\/wp-content\/uploads\/2024\/04\/cropped-cropped-v2@4x-1.png","contentUrl":"https:\/\/sbrc.sbc.org.br\/2025\/wp-content\/uploads\/2024\/04\/cropped-cropped-v2@4x-1.png","width":5226,"height":4892,"caption":"SBRC 2025"},"image":{"@id":"https:\/\/sbrc.sbc.org.br\/2025\/#\/schema\/logo\/image\/"},"sameAs":["https:\/\/www.instagram.com\/simposio.sbrc\/"]}]}},"_links":{"self":[{"href":"https:\/\/sbrc.sbc.org.br\/2025\/en\/wp-json\/wp\/v2\/pages\/7547","targetHints":{"allow":["GET"]}}],"collection":[{"href":"https:\/\/sbrc.sbc.org.br\/2025\/en\/wp-json\/wp\/v2\/pages"}],"about":[{"href":"https:\/\/sbrc.sbc.org.br\/2025\/en\/wp-json\/wp\/v2\/types\/page"}],"author":[{"embeddable":true,"href":"https:\/\/sbrc.sbc.org.br\/2025\/en\/wp-json\/wp\/v2\/users\/7"}],"replies":[{"embeddable":true,"href":"https:\/\/sbrc.sbc.org.br\/2025\/en\/wp-json\/wp\/v2\/comments?post=7547"}],"version-history":[{"count":8,"href":"https:\/\/sbrc.sbc.org.br\/2025\/en\/wp-json\/wp\/v2\/pages\/7547\/revisions"}],"predecessor-version":[{"id":8103,"href":"https:\/\/sbrc.sbc.org.br\/2025\/en\/wp-json\/wp\/v2\/pages\/7547\/revisions\/8103"}],"wp:attachment":[{"href":"https:\/\/sbrc.sbc.org.br\/2025\/en\/wp-json\/wp\/v2\/media?parent=7547"}],"curies":[{"name":"wp","href":"https:\/\/api.w.org\/{rel}","templated":true}]}}