{"id":7424,"date":"2025-05-08T21:10:07","date_gmt":"2025-05-09T00:10:07","guid":{"rendered":"https:\/\/sbrc.sbc.org.br\/2025\/?page_id=7424"},"modified":"2025-05-08T22:22:25","modified_gmt":"2025-05-09T01:22:25","slug":"hackathon","status":"publish","type":"page","link":"https:\/\/sbrc.sbc.org.br\/2025\/en\/trilha-principal\/hackathon\/","title":{"rendered":"Hackathon"},"content":{"rendered":"<div data-colibri-id=\"7424-c1\" class=\"style-1563 style-local-7424-c1 position-relative\">\n  <!---->\n  <div data-colibri-component=\"section\" data-colibri-id=\"7424-c2\" id=\"custom\" class=\"h-section h-section-global-spacing d-flex align-items-lg-center align-items-md-center align-items-center style-1572 style-local-7424-c2 position-relative\">\n    <!---->\n    <!---->\n    <div class=\"h-section-grid-container h-section-boxed-container\">\n      <!---->\n      <div data-colibri-id=\"7424-c3\" class=\"h-row-container gutters-row-lg-2 gutters-row-md-2 gutters-row-0 gutters-row-v-lg-2 gutters-row-v-md-2 gutters-row-v-2 style-1573 style-local-7424-c3 position-relative\">\n        <!---->\n        <div class=\"h-row justify-content-lg-center justify-content-md-center justify-content-center align-items-lg-stretch align-items-md-stretch align-items-stretch gutters-col-lg-2 gutters-col-md-2 gutters-col-0 gutters-col-v-lg-2 gutters-col-v-md-2 gutters-col-v-2\">\n          <!---->\n          <div class=\"h-column h-column-container d-flex h-col-lg-auto h-col-md-auto h-col-auto style-1574-outer style-local-7424-c4-outer\">\n            <div data-colibri-id=\"7424-c4\" class=\"d-flex h-flex-basis h-column__inner h-px-lg-2 h-px-md-2 h-px-2 v-inner-lg-2 v-inner-md-2 v-inner-2 style-1574 style-local-7424-c4 position-relative\">\n              <!---->\n              <!---->\n              <div class=\"w-100 h-y-container h-column__content h-column__v-align flex-basis-100 align-self-lg-start align-self-md-start align-self-start\">\n                <!---->\n                <div data-colibri-id=\"7424-c5\" class=\"h-text h-text-component style-1584 style-local-7424-c5 position-relative h-element\">\n                  <!---->\n                  <!---->\n                  <div class=\"\">\n                    <h2>Apresenta\u00e7\u00e3o e objetivos<\/h2>\n                    <p>The <em>Hackathon<\/em> do 43\u00ba Simp\u00f3sio Brasileiro de Redes de Computadores e Sistemas Distribu\u00eddos (SBRC 2025) \u00e9 uma oportunidade para estudantes reunirem-se reunirem em um ambiente din\u00e2mico, divertido e desafiador para dar respostas\n                      aos problemas das cidades do futuro. O <em>Hackathon<\/em> do SBRC 2025 ocorrer\u00e1 entre os dias 19 e 22 de maio de 2025 em Natal-RN.<\/p>\n                  <\/div>\n                <\/div>\n              <\/div>\n            <\/div>\n          <\/div>\n        <\/div>\n      <\/div>\n      <div data-colibri-id=\"7424-c6\" class=\"h-row-container gutters-row-lg-2 gutters-row-md-2 gutters-row-0 gutters-row-v-lg-2 gutters-row-v-md-2 gutters-row-v-2 style-1573 style-local-7424-c6 position-relative\">\n        <!---->\n        <div class=\"h-row justify-content-lg-center justify-content-md-center justify-content-center align-items-lg-stretch align-items-md-stretch align-items-stretch gutters-col-lg-2 gutters-col-md-2 gutters-col-0 gutters-col-v-lg-2 gutters-col-v-md-2 gutters-col-v-2\">\n          <!---->\n          <div class=\"h-column h-column-container d-flex h-col-lg-auto h-col-md-auto h-col-auto style-1574-outer style-local-7424-c7-outer\">\n            <div data-colibri-id=\"7424-c7\" class=\"d-flex h-flex-basis h-column__inner h-px-lg-2 h-px-md-2 h-px-2 v-inner-lg-2 v-inner-md-2 v-inner-2 style-1574 style-local-7424-c7 position-relative\">\n              <!---->\n              <!---->\n              <div class=\"w-100 h-y-container h-column__content h-column__v-align flex-basis-100 align-self-lg-start align-self-md-start align-self-start\">\n                <!---->\n                <div data-colibri-id=\"7424-c8\" class=\"h-text h-text-component style-1584 style-local-7424-c8 position-relative h-element\">\n                  <!---->\n                  <!---->\n                  <div class=\"\">\n                    <h2>Tem\u00e1tica<\/h2>\n                    <p>The <em>Hackathon<\/em> do SBRC 2025 focar\u00e1 em solu\u00e7\u00f5es nos seguintes subtemas:<\/p>\n                    <ol>\n                      <li>Aplica\u00e7\u00f5es no escopo de Internet das Coisas (IoT) e de redes 5G voltadas para a seguran\u00e7a p\u00fablica integrada em um cen\u00e1rio de cidades inteligentes.<\/li>\n                      <li>Aplica\u00e7\u00f5es no escopo de redes de comunica\u00e7\u00e3o resilientes voltadas para o apoio de a\u00e7\u00f5es de emerg\u00eancia e resgate em cen\u00e1rios de desastres naturais.<\/li>\n                    <\/ol>\n                    <p>As equipes participantes dever\u00e3o desenvolver novas ideias e solu\u00e7\u00f5es em um dos dois temas, n\u00e3o sendo permitida a re-submiss\u00e3o de ideias j\u00e1 publicadas em outros eventos. O <em>Hackathon<\/em> possuir\u00e1 apenas uma trilha geral e as pessoas\n                      participantes s\u00e3o livres para proporem qualquer solu\u00e7\u00e3o base em um dos temas propostos acima.<\/p>\n                  <\/div>\n                <\/div>\n              <\/div>\n            <\/div>\n          <\/div>\n        <\/div>\n      <\/div>\n      <div data-colibri-id=\"7424-c9\" class=\"h-row-container gutters-row-lg-2 gutters-row-md-2 gutters-row-0 gutters-row-v-lg-2 gutters-row-v-md-2 gutters-row-v-2 style-1573 style-local-7424-c9 position-relative\">\n        <!---->\n        <div class=\"h-row justify-content-lg-center justify-content-md-center justify-content-center align-items-lg-stretch align-items-md-stretch align-items-stretch gutters-col-lg-2 gutters-col-md-2 gutters-col-0 gutters-col-v-lg-2 gutters-col-v-md-2 gutters-col-v-2\">\n          <!---->\n          <div class=\"h-column h-column-container d-flex h-col-lg-auto h-col-md-auto h-col-auto style-1574-outer style-local-7424-c10-outer\">\n            <div data-colibri-id=\"7424-c10\" class=\"d-flex h-flex-basis h-column__inner h-px-lg-2 h-px-md-2 h-px-2 v-inner-lg-2 v-inner-md-2 v-inner-2 style-1574 style-local-7424-c10 position-relative\">\n              <!---->\n              <!---->\n              <div class=\"w-100 h-y-container h-column__content h-column__v-align flex-basis-100 align-self-lg-start align-self-md-start align-self-start\">\n                <!---->\n                <div data-colibri-id=\"7424-c11\" class=\"h-text h-text-component style-1584 style-local-7424-c11 position-relative h-element\">\n                  <!---->\n                  <!---->\n                  <div class=\"\">\n                    <h2>Outras informa\u00e7\u00f5es<\/h2>\n                    <ul>\n                      <li>A participa\u00e7\u00e3o \u00e9 restrita a estudantes.<\/li>\n                      <li>As equipes devem ter no m\u00ednimo 2 e no m\u00e1ximo 5 pessoas, podendo ser formadas <em>a priori<\/em> ou durante o SBRC 2025 antes do in\u00edcio da competi\u00e7\u00e3o.<\/li>\n                      <li>Ser\u00e1 permitida participa\u00e7\u00e3o h\u00edbrida; nesse caso, as equipes devem obrigatoriamente ter mais de 50% dos integrantes atuando presencialmente no SBRC 2025.<\/li>\n                      <li>The <em>Hackathon<\/em> durar\u00e1 4 dias, come\u00e7ando no dia 19\/05\/2025 e o resultado sendo anunciado no Jantar de Confraterniza\u00e7\u00e3o do SBRC 2025 no dia 22\/05\/2025.<\/li>\n                      <li><strong>As pessoas participantes devem trazer seus pr\u00f3prios equipamentos.<\/strong><\/li>\n                    <\/ul>\n                  <\/div>\n                <\/div>\n              <\/div>\n            <\/div>\n          <\/div>\n        <\/div>\n      <\/div>\n      <div data-colibri-id=\"7424-c12\" class=\"h-row-container gutters-row-lg-2 gutters-row-md-2 gutters-row-0 gutters-row-v-lg-2 gutters-row-v-md-2 gutters-row-v-2 style-1573 style-local-7424-c12 position-relative\">\n        <!---->\n        <div class=\"h-row justify-content-lg-center justify-content-md-center justify-content-center align-items-lg-stretch align-items-md-stretch align-items-stretch gutters-col-lg-2 gutters-col-md-2 gutters-col-0 gutters-col-v-lg-2 gutters-col-v-md-2 gutters-col-v-2\">\n          <!---->\n          <div class=\"h-column h-column-container d-flex h-col-lg-auto h-col-md-auto h-col-auto style-1574-outer style-local-7424-c13-outer\">\n            <div data-colibri-id=\"7424-c13\" class=\"d-flex h-flex-basis h-column__inner h-px-lg-2 h-px-md-2 h-px-2 v-inner-lg-2 v-inner-md-2 v-inner-2 style-1574 style-local-7424-c13 position-relative\">\n              <!---->\n              <!---->\n              <div class=\"w-100 h-y-container h-column__content h-column__v-align flex-basis-100 align-self-lg-start align-self-md-start align-self-start\">\n                <!---->\n                <div data-colibri-id=\"7424-c14\" class=\"h-text h-text-component style-1584 style-local-7424-c14 position-relative h-element\">\n                  <!---->\n                  <!---->\n                  <div class=\"\">\n                    <h2>Julgamento<\/h2>\n                    <p>As equipes ser\u00e3o julgadas por uma comiss\u00e3o com membros do Comit\u00ea de Programa do SBRC 2025 e dos patrocinadores. Os crit\u00e9rios de julgamento e respectivos pesos ser\u00e3o:<\/p>\n                    <ul>\n                      <li>Relev\u00e2ncia, originalidade e potencial impacto da ideia (30%)<\/li>\n                      <li>Qualidade da apresenta\u00e7\u00e3o do prot\u00f3tipo de prova de conceito (40%)<\/li>\n                      <li>Qualidade da apresenta\u00e7\u00e3o do <em>pitch<\/em> da ideia (30%)<\/li>\n                      <li>The <em>pitch<\/em> ocorrer\u00e1 no dia 22\/05\/2025 e ter\u00e1 dura\u00e7\u00e3o definida no primeiro dia do <em>Hackathon<\/em>. Outros detalhes tamb\u00e9m ser\u00e3o dados no primeiro dia do evento.<\/li>\n                    <\/ul>\n                  <\/div>\n                <\/div>\n              <\/div>\n            <\/div>\n          <\/div>\n        <\/div>\n      <\/div>\n      <div data-colibri-id=\"7424-c15\" class=\"h-row-container gutters-row-lg-2 gutters-row-md-2 gutters-row-0 gutters-row-v-lg-2 gutters-row-v-md-2 gutters-row-v-2 style-1573 style-local-7424-c15 position-relative\">\n        <!---->\n        <div class=\"h-row justify-content-lg-center justify-content-md-center justify-content-center align-items-lg-stretch align-items-md-stretch align-items-stretch gutters-col-lg-2 gutters-col-md-2 gutters-col-0 gutters-col-v-lg-2 gutters-col-v-md-2 gutters-col-v-2\">\n          <!---->\n          <div class=\"h-column h-column-container d-flex h-col-lg-auto h-col-md-auto h-col-auto style-1574-outer style-local-7424-c16-outer\">\n            <div data-colibri-id=\"7424-c16\" class=\"d-flex h-flex-basis h-column__inner h-px-lg-2 h-px-md-2 h-px-2 v-inner-lg-2 v-inner-md-2 v-inner-2 style-1574 style-local-7424-c16 position-relative\">\n              <!---->\n              <!---->\n              <div class=\"w-100 h-y-container h-column__content h-column__v-align flex-basis-100 align-self-lg-start align-self-md-start align-self-start\">\n                <!---->\n                <div data-colibri-id=\"7424-c17\" class=\"h-text h-text-component style-1584 style-local-7424-c17 position-relative h-element\">\n                  <!---->\n                  <!---->\n                  <div class=\"\">\n                    <h2>Inscri\u00e7\u00f5es<\/h2>\n                    <p>A inscri\u00e7\u00e3o \u00e9 gratuita para o <em>Hackathon,<\/em> entretanto, os participantes que estar\u00e3o presencialmente no evento devem estar inscritos no SBRC 2025. As inscri\u00e7\u00f5es devem ser feitas eletronicamente atrav\u00e9s deste\n                      <a href=\"https:\/\/forms.gle\/2o8HJ37R6SzKoRa57\"\n                        style=\"color: rgb(247, 150, 62);\" rel=\"noopener noreferrer\" class=\"customize-unpreviewable\"><em>link<\/em><\/a>.<\/p>\n                  <\/div>\n                <\/div>\n              <\/div>\n            <\/div>\n          <\/div>\n        <\/div>\n      <\/div>\n      <div data-colibri-id=\"7424-c18\" class=\"h-row-container gutters-row-lg-2 gutters-row-md-2 gutters-row-0 gutters-row-v-lg-2 gutters-row-v-md-2 gutters-row-v-2 style-1573 style-local-7424-c18 position-relative\">\n        <!---->\n        <div class=\"h-row justify-content-lg-center justify-content-md-center justify-content-center align-items-lg-stretch align-items-md-stretch align-items-stretch gutters-col-lg-2 gutters-col-md-2 gutters-col-0 gutters-col-v-lg-2 gutters-col-v-md-2 gutters-col-v-2\">\n          <!---->\n          <div class=\"h-column h-column-container d-flex h-col-lg-auto h-col-md-auto h-col-auto style-1574-outer style-local-7424-c19-outer\">\n            <div data-colibri-id=\"7424-c19\" class=\"d-flex h-flex-basis h-column__inner h-px-lg-2 h-px-md-2 h-px-2 v-inner-lg-2 v-inner-md-2 v-inner-2 style-1574 style-local-7424-c19 position-relative\">\n              <!---->\n              <!---->\n              <div class=\"w-100 h-y-container h-column__content h-column__v-align flex-basis-100 align-self-lg-start align-self-md-start align-self-start\">\n                <!---->\n                <div data-colibri-id=\"7424-c20\" class=\"h-text h-text-component style-1584 style-local-7424-c20 position-relative h-element\">\n                  <!---->\n                  <!---->\n                  <div class=\"\">\n                    <h2>Hackathon Chairs<\/h2>\n                    <p>Ant\u00f4nio Tadeu Azevedo Gomes (LNCC)<\/p>\n                    <p>Weverton Luis da Costa Cordeiro (UFRGS)<\/p>\n                  <\/div>\n                <\/div>\n              <\/div>\n            <\/div>\n          <\/div>\n        <\/div>\n      <\/div>\n    <\/div>\n  <\/div>\n<\/div>","protected":false},"excerpt":{"rendered":"<p>Apresenta\u00e7\u00e3o e objetivos O Hackathon do 43\u00ba Simp\u00f3sio Brasileiro de Redes de Computadores e Sistemas Distribu\u00eddos (SBRC 2025) \u00e9 uma oportunidade para estudantes reunirem-se reunirem em um ambiente din\u00e2mico, divertido e desafiador para dar respostas aos problemas das cidades do futuro. O Hackathon do SBRC 2025 ocorrer\u00e1 entre os dias 19 e 22 de maio [&hellip;]<\/p>\n","protected":false},"author":7,"featured_media":0,"parent":865,"menu_order":0,"comment_status":"closed","ping_status":"closed","template":"page-templates\/full-width-page.php","meta":{"footnotes":""},"class_list":["post-7424","page","type-page","status-publish","hentry"],"yoast_head":"<!-- This site is optimized with the Yoast SEO plugin v27.5 - https:\/\/yoast.com\/product\/yoast-seo-wordpress\/ -->\n<title>Hackathon - SBRC 2025<\/title>\n<meta name=\"robots\" content=\"index, follow, max-snippet:-1, max-image-preview:large, max-video-preview:-1\" \/>\n<link rel=\"canonical\" href=\"https:\/\/sbrc.sbc.org.br\/2025\/en\/trilha-principal\/hackathon\/\" \/>\n<meta property=\"og:locale\" content=\"en_US\" \/>\n<meta property=\"og:type\" content=\"article\" \/>\n<meta property=\"og:title\" content=\"Hackathon - SBRC 2025\" \/>\n<meta property=\"og:description\" content=\"Apresenta\u00e7\u00e3o e objetivos O Hackathon do 43\u00ba Simp\u00f3sio Brasileiro de Redes de Computadores e Sistemas Distribu\u00eddos (SBRC 2025) \u00e9 uma oportunidade para estudantes reunirem-se reunirem em um ambiente din\u00e2mico, divertido e desafiador para dar respostas aos problemas das cidades do futuro. O Hackathon do SBRC 2025 ocorrer\u00e1 entre os dias 19 e 22 de maio [&hellip;]\" \/>\n<meta property=\"og:url\" content=\"https:\/\/sbrc.sbc.org.br\/2025\/en\/trilha-principal\/hackathon\/\" \/>\n<meta property=\"og:site_name\" content=\"SBRC 2025\" \/>\n<meta property=\"article:modified_time\" content=\"2025-05-09T01:22:25+00:00\" \/>\n<meta property=\"og:image\" content=\"https:\/\/sbrc.sbc.org.br\/2025\/wp-content\/uploads\/2024\/07\/Captura-de-tela-2024-07-04-115159.png\" \/>\n\t<meta property=\"og:image:width\" content=\"821\" \/>\n\t<meta property=\"og:image:height\" content=\"466\" \/>\n\t<meta property=\"og:image:type\" content=\"image\/png\" \/>\n<meta name=\"twitter:card\" content=\"summary_large_image\" \/>\n<meta name=\"twitter:label1\" content=\"Est. reading time\" \/>\n\t<meta name=\"twitter:data1\" content=\"14 minutes\" \/>\n<script type=\"application\/ld+json\" class=\"yoast-schema-graph\">{\"@context\":\"https:\\\/\\\/schema.org\",\"@graph\":[{\"@type\":\"WebPage\",\"@id\":\"https:\\\/\\\/sbrc.sbc.org.br\\\/2025\\\/trilha-principal\\\/hackathon\\\/\",\"url\":\"https:\\\/\\\/sbrc.sbc.org.br\\\/2025\\\/trilha-principal\\\/hackathon\\\/\",\"name\":\"Hackathon - SBRC 2025\",\"isPartOf\":{\"@id\":\"https:\\\/\\\/sbrc.sbc.org.br\\\/2025\\\/#website\"},\"datePublished\":\"2025-05-09T00:10:07+00:00\",\"dateModified\":\"2025-05-09T01:22:25+00:00\",\"breadcrumb\":{\"@id\":\"https:\\\/\\\/sbrc.sbc.org.br\\\/2025\\\/trilha-principal\\\/hackathon\\\/#breadcrumb\"},\"inLanguage\":\"en-US\",\"potentialAction\":[{\"@type\":\"ReadAction\",\"target\":[\"https:\\\/\\\/sbrc.sbc.org.br\\\/2025\\\/trilha-principal\\\/hackathon\\\/\"]}]},{\"@type\":\"BreadcrumbList\",\"@id\":\"https:\\\/\\\/sbrc.sbc.org.br\\\/2025\\\/trilha-principal\\\/hackathon\\\/#breadcrumb\",\"itemListElement\":[{\"@type\":\"ListItem\",\"position\":1,\"name\":\"In\u00edcio\",\"item\":\"https:\\\/\\\/sbrc.sbc.org.br\\\/2025\\\/\"},{\"@type\":\"ListItem\",\"position\":2,\"name\":\"Trilha Principal\",\"item\":\"https:\\\/\\\/sbrc.sbc.org.br\\\/2025\\\/trilha-principal\\\/\"},{\"@type\":\"ListItem\",\"position\":3,\"name\":\"Hackathon\"}]},{\"@type\":\"WebSite\",\"@id\":\"https:\\\/\\\/sbrc.sbc.org.br\\\/2025\\\/#website\",\"url\":\"https:\\\/\\\/sbrc.sbc.org.br\\\/2025\\\/\",\"name\":\"SBRC 2025\",\"description\":\"43\u00ba Simp\u00f3sio Brasileiro de Redes de Computadores e Sistemas Distribu\u00eddos\",\"publisher\":{\"@id\":\"https:\\\/\\\/sbrc.sbc.org.br\\\/2025\\\/#organization\"},\"potentialAction\":[{\"@type\":\"SearchAction\",\"target\":{\"@type\":\"EntryPoint\",\"urlTemplate\":\"https:\\\/\\\/sbrc.sbc.org.br\\\/2025\\\/?s={search_term_string}\"},\"query-input\":{\"@type\":\"PropertyValueSpecification\",\"valueRequired\":true,\"valueName\":\"search_term_string\"}}],\"inLanguage\":\"en-US\"},{\"@type\":\"Organization\",\"@id\":\"https:\\\/\\\/sbrc.sbc.org.br\\\/2025\\\/#organization\",\"name\":\"SBRC 2025\",\"url\":\"https:\\\/\\\/sbrc.sbc.org.br\\\/2025\\\/\",\"logo\":{\"@type\":\"ImageObject\",\"inLanguage\":\"en-US\",\"@id\":\"https:\\\/\\\/sbrc.sbc.org.br\\\/2025\\\/#\\\/schema\\\/logo\\\/image\\\/\",\"url\":\"https:\\\/\\\/sbrc.sbc.org.br\\\/2025\\\/wp-content\\\/uploads\\\/2024\\\/04\\\/cropped-cropped-v2@4x-1.png\",\"contentUrl\":\"https:\\\/\\\/sbrc.sbc.org.br\\\/2025\\\/wp-content\\\/uploads\\\/2024\\\/04\\\/cropped-cropped-v2@4x-1.png\",\"width\":5226,\"height\":4892,\"caption\":\"SBRC 2025\"},\"image\":{\"@id\":\"https:\\\/\\\/sbrc.sbc.org.br\\\/2025\\\/#\\\/schema\\\/logo\\\/image\\\/\"},\"sameAs\":[\"https:\\\/\\\/www.instagram.com\\\/simposio.sbrc\\\/\"]}]}<\/script>\n<!-- \/ Yoast SEO plugin. -->","yoast_head_json":{"title":"Hackathon - SBRC 2025","robots":{"index":"index","follow":"follow","max-snippet":"max-snippet:-1","max-image-preview":"max-image-preview:large","max-video-preview":"max-video-preview:-1"},"canonical":"https:\/\/sbrc.sbc.org.br\/2025\/en\/trilha-principal\/hackathon\/","og_locale":"en_US","og_type":"article","og_title":"Hackathon - SBRC 2025","og_description":"Apresenta\u00e7\u00e3o e objetivos O Hackathon do 43\u00ba Simp\u00f3sio Brasileiro de Redes de Computadores e Sistemas Distribu\u00eddos (SBRC 2025) \u00e9 uma oportunidade para estudantes reunirem-se reunirem em um ambiente din\u00e2mico, divertido e desafiador para dar respostas aos problemas das cidades do futuro. O Hackathon do SBRC 2025 ocorrer\u00e1 entre os dias 19 e 22 de maio [&hellip;]","og_url":"https:\/\/sbrc.sbc.org.br\/2025\/en\/trilha-principal\/hackathon\/","og_site_name":"SBRC 2025","article_modified_time":"2025-05-09T01:22:25+00:00","og_image":[{"width":821,"height":466,"url":"https:\/\/sbrc.sbc.org.br\/2025\/wp-content\/uploads\/2024\/07\/Captura-de-tela-2024-07-04-115159.png","type":"image\/png"}],"twitter_card":"summary_large_image","twitter_misc":{"Est. reading time":"14 minutes"},"schema":{"@context":"https:\/\/schema.org","@graph":[{"@type":"WebPage","@id":"https:\/\/sbrc.sbc.org.br\/2025\/trilha-principal\/hackathon\/","url":"https:\/\/sbrc.sbc.org.br\/2025\/trilha-principal\/hackathon\/","name":"Hackathon - SBRC 2025","isPartOf":{"@id":"https:\/\/sbrc.sbc.org.br\/2025\/#website"},"datePublished":"2025-05-09T00:10:07+00:00","dateModified":"2025-05-09T01:22:25+00:00","breadcrumb":{"@id":"https:\/\/sbrc.sbc.org.br\/2025\/trilha-principal\/hackathon\/#breadcrumb"},"inLanguage":"en-US","potentialAction":[{"@type":"ReadAction","target":["https:\/\/sbrc.sbc.org.br\/2025\/trilha-principal\/hackathon\/"]}]},{"@type":"BreadcrumbList","@id":"https:\/\/sbrc.sbc.org.br\/2025\/trilha-principal\/hackathon\/#breadcrumb","itemListElement":[{"@type":"ListItem","position":1,"name":"In\u00edcio","item":"https:\/\/sbrc.sbc.org.br\/2025\/"},{"@type":"ListItem","position":2,"name":"Trilha Principal","item":"https:\/\/sbrc.sbc.org.br\/2025\/trilha-principal\/"},{"@type":"ListItem","position":3,"name":"Hackathon"}]},{"@type":"WebSite","@id":"https:\/\/sbrc.sbc.org.br\/2025\/#website","url":"https:\/\/sbrc.sbc.org.br\/2025\/","name":"SBRC 2025","description":"43\u00ba Simp\u00f3sio Brasileiro de Redes de Computadores e Sistemas Distribu\u00eddos","publisher":{"@id":"https:\/\/sbrc.sbc.org.br\/2025\/#organization"},"potentialAction":[{"@type":"SearchAction","target":{"@type":"EntryPoint","urlTemplate":"https:\/\/sbrc.sbc.org.br\/2025\/?s={search_term_string}"},"query-input":{"@type":"PropertyValueSpecification","valueRequired":true,"valueName":"search_term_string"}}],"inLanguage":"en-US"},{"@type":"Organization","@id":"https:\/\/sbrc.sbc.org.br\/2025\/#organization","name":"SBRC 2025","url":"https:\/\/sbrc.sbc.org.br\/2025\/","logo":{"@type":"ImageObject","inLanguage":"en-US","@id":"https:\/\/sbrc.sbc.org.br\/2025\/#\/schema\/logo\/image\/","url":"https:\/\/sbrc.sbc.org.br\/2025\/wp-content\/uploads\/2024\/04\/cropped-cropped-v2@4x-1.png","contentUrl":"https:\/\/sbrc.sbc.org.br\/2025\/wp-content\/uploads\/2024\/04\/cropped-cropped-v2@4x-1.png","width":5226,"height":4892,"caption":"SBRC 2025"},"image":{"@id":"https:\/\/sbrc.sbc.org.br\/2025\/#\/schema\/logo\/image\/"},"sameAs":["https:\/\/www.instagram.com\/simposio.sbrc\/"]}]}},"_links":{"self":[{"href":"https:\/\/sbrc.sbc.org.br\/2025\/en\/wp-json\/wp\/v2\/pages\/7424","targetHints":{"allow":["GET"]}}],"collection":[{"href":"https:\/\/sbrc.sbc.org.br\/2025\/en\/wp-json\/wp\/v2\/pages"}],"about":[{"href":"https:\/\/sbrc.sbc.org.br\/2025\/en\/wp-json\/wp\/v2\/types\/page"}],"author":[{"embeddable":true,"href":"https:\/\/sbrc.sbc.org.br\/2025\/en\/wp-json\/wp\/v2\/users\/7"}],"replies":[{"embeddable":true,"href":"https:\/\/sbrc.sbc.org.br\/2025\/en\/wp-json\/wp\/v2\/comments?post=7424"}],"version-history":[{"count":3,"href":"https:\/\/sbrc.sbc.org.br\/2025\/en\/wp-json\/wp\/v2\/pages\/7424\/revisions"}],"predecessor-version":[{"id":7452,"href":"https:\/\/sbrc.sbc.org.br\/2025\/en\/wp-json\/wp\/v2\/pages\/7424\/revisions\/7452"}],"up":[{"embeddable":true,"href":"https:\/\/sbrc.sbc.org.br\/2025\/en\/wp-json\/wp\/v2\/pages\/865"}],"wp:attachment":[{"href":"https:\/\/sbrc.sbc.org.br\/2025\/en\/wp-json\/wp\/v2\/media?parent=7424"}],"curies":[{"name":"wp","href":"https:\/\/api.w.org\/{rel}","templated":true}]}}