{"id":6499,"date":"2025-01-27T13:46:19","date_gmt":"2025-01-27T16:46:19","guid":{"rendered":"https:\/\/sbrc.sbc.org.br\/2025\/?page_id=6499"},"modified":"2025-03-28T14:57:33","modified_gmt":"2025-03-28T17:57:33","slug":"ii-workshop-de-redes-quanticas-wqunets-2025","status":"publish","type":"page","link":"https:\/\/sbrc.sbc.org.br\/2025\/en\/ii-workshop-de-redes-quanticas-wqunets-2025\/","title":{"rendered":"2nd Workshop on Quantum Networks"},"content":{"rendered":"<div data-colibri-id=\"6499-c1\" class=\"style-1188 style-local-6499-c1 position-relative\">\n  <!---->\n  <div data-colibri-component=\"section\" data-colibri-id=\"6499-c2\" id=\"custom\" class=\"h-section h-section-global-spacing d-flex align-items-lg-center align-items-md-center align-items-center style-1189 style-local-6499-c2 position-relative\">\n    <!---->\n    <!---->\n    <div class=\"h-section-grid-container h-section-boxed-container\">\n      <!---->\n      <div data-colibri-id=\"6499-c3\" class=\"h-row-container gutters-row-lg-2 gutters-row-md-2 gutters-row-0 gutters-row-v-lg-2 gutters-row-v-md-2 gutters-row-v-2 style-1190 style-local-6499-c3 position-relative\">\n        <!---->\n        <div class=\"h-row justify-content-lg-center justify-content-md-center justify-content-center align-items-lg-stretch align-items-md-stretch align-items-stretch gutters-col-lg-2 gutters-col-md-2 gutters-col-0 gutters-col-v-lg-2 gutters-col-v-md-2 gutters-col-v-2\">\n          <!---->\n          <div class=\"h-column h-column-container d-flex h-col-lg-auto h-col-md-auto h-col-auto style-1191-outer style-local-6499-c4-outer\">\n            <div data-colibri-id=\"6499-c4\" class=\"d-flex h-flex-basis h-column__inner h-px-lg-2 h-px-md-2 h-px-2 v-inner-lg-2 v-inner-md-2 v-inner-2 style-1191 style-local-6499-c4 position-relative\">\n              <!---->\n              <!---->\n              <div class=\"w-100 h-y-container h-column__content h-column__v-align flex-basis-100 align-self-lg-start align-self-md-start align-self-start\">\n                <!---->\n                <div data-colibri-id=\"6499-c5\" class=\"h-text h-text-component style-1192 style-local-6499-c5 position-relative h-element\">\n                  <!---->\n                  <!---->\n                  <div class=\"\">\n                    <h2>Important Dates<\/h2>\n                    <p><strong>Paper submission<\/strong>&nbsp;01\/04\/2025<strong><br>Communication of results:<\/strong>&nbsp;04\/17\/2025<strong><br>Camera-ready due:<\/strong>&nbsp;04\/22\/2025<\/p>\n                    <p>\n                      <br>\n                    <\/p>\n                  <\/div>\n                <\/div>\n              <\/div>\n            <\/div>\n          <\/div>\n          <div class=\"h-column h-column-container d-flex h-col-lg-auto h-col-md-auto h-col-auto style-1193-outer style-local-6499-c6-outer\">\n            <div data-colibri-id=\"6499-c6\" class=\"d-flex h-flex-basis h-column__inner h-ui-empty-state-container h-px-lg-2 h-px-md-2 h-px-2 v-inner-lg-2 v-inner-md-2 v-inner-2 style-1193 style-local-6499-c6 position-relative\">\n              <!---->\n              <!---->\n              <div class=\"w-100 h-y-container h-column__content h-column__v-align flex-basis-100\">\n                <!---->\n              <\/div>\n            <\/div>\n          <\/div>\n        <\/div>\n      <\/div>\n      <div data-colibri-id=\"6499-c7\" class=\"h-row-container gutters-row-lg-2 gutters-row-md-2 gutters-row-0 gutters-row-v-lg-2 gutters-row-v-md-2 gutters-row-v-2 style-1194 style-local-6499-c7 position-relative\">\n        <!---->\n        <div class=\"h-row justify-content-lg-center justify-content-md-center justify-content-center align-items-lg-stretch align-items-md-stretch align-items-stretch gutters-col-lg-2 gutters-col-md-2 gutters-col-0 gutters-col-v-lg-2 gutters-col-v-md-2 gutters-col-v-2\">\n          <!---->\n          <div class=\"h-column h-column-container d-flex h-col-lg-auto h-col-md-auto h-col-auto style-1195-outer style-local-6499-c8-outer\">\n            <div data-colibri-id=\"6499-c8\" class=\"d-flex h-flex-basis h-column__inner h-px-lg-2 h-px-md-2 h-px-2 v-inner-lg-2 v-inner-md-2 v-inner-2 style-1195 style-local-6499-c8 position-relative\">\n              <!---->\n              <!---->\n              <div class=\"w-100 h-y-container h-column__content h-column__v-align flex-basis-100 align-self-lg-start align-self-md-start align-self-start\">\n                <!---->\n                <div data-colibri-id=\"6499-c9\" class=\"h-text h-text-component style-1196 style-local-6499-c9 position-relative h-element\">\n                  <!---->\n                  <!---->\n                  <div class=\"\">\n                    <h2>Presentation<\/h2>\n                    <p>Redes qu\u00e2nticas constituem uma interconex\u00e3o de processadores e repetidores qu\u00e2nticos capazes de gerar, trocar e processar informa\u00e7\u00f5es qu\u00e2nticas. A principal fun\u00e7\u00e3o dessas redes \u00e9 facilitar a transmiss\u00e3o de dados na forma de bits qu\u00e2nticos,\n                      conhecidos como qubits, entre mem\u00f3rias qu\u00e2nticas fisicamente separadas.<\/p>\n                    <p>As redes qu\u00e2nticas n\u00e3o t\u00eam como objetivo substituir a Internet cl\u00e1ssica, mas sim complement\u00e1-la, abrindo espa\u00e7o para uma s\u00e9rie de aplica\u00e7\u00f5es n\u00e3o vi\u00e1veis atualmente. Entre essas aplica\u00e7\u00f5es, destacam-se a distribui\u00e7\u00e3o qu\u00e2ntica de chaves\n                      (QKD), sincroniza\u00e7\u00e3o de rel\u00f3gios, computa\u00e7\u00e3o remota segura, metrologia e consenso distribu\u00eddo. As redes qu\u00e2nticas t\u00eam o potencial de aprimorar ou possibilitar essas aplica\u00e7\u00f5es em compara\u00e7\u00e3o com a Internet cl\u00e1ssica. Al\u00e9m disso, v\u00eam\n                      sendo propostos diversos tipos de redes qu\u00e2nticas para dar suporte a novos paradigmas de computa\u00e7\u00e3o qu\u00e2ntica, como a computa\u00e7\u00e3o qu\u00e2ntica distribu\u00edda e as nuvens qu\u00e2nticas.<\/p>\n                    <p>The <strong>Workshop de Redes Qu\u00e2nticas (WQuNets)<\/strong> convida os pesquisadores para submeterem artigos com contribui\u00e7\u00f5es de pesquisa no campo de redes qu\u00e2nticas e comunica\u00e7\u00e3o qu\u00e2ntica. Estudos te\u00f3ricos e experimentais s\u00e3o igualmente\n                      bem-vindos.<\/p>\n                    <h2>\n                      <br>Topics of Interest<\/h2>\n                    <p>Os t\u00f3picos de interesse do WQuNets incluem, mas n\u00e3o est\u00e3o limitados a:<\/p>\n                    <ul>\n                      <li>Algoritmos e protocolos qu\u00e2nticos aplicados em redes de computadores<\/li>\n                      <li>Aplica\u00e7\u00f5es para Internet Qu\u00e2ntica<\/li>\n                      <li>Aprendizado de m\u00e1quina na Internet Qu\u00e2ntica<\/li>\n                      <li>Arquiteturas e pilha de protocolos para Internet Qu\u00e2ntica<\/li>\n                      <li>Criptografia qu\u00e2ntica e criptografia p\u00f3s-qu\u00e2ntica<\/li>\n                      <li>Distribui\u00e7\u00e3o qu\u00e2ntica de chaves<\/li>\n                      <li>Impactos futuros da Comunica\u00e7\u00e3o e Computa\u00e7\u00e3o Qu\u00e2ntica em ci\u00eancia e tecnologia e sociedade<\/li>\n                      <li>\u00d3tica, fot\u00f4nica e camada f\u00edsica qu\u00e2ntica<\/li>\n                      <li>Protocolos para Internet Qu\u00e2ntica<\/li>\n                      <li>Redes de sensoriamento e metrologia qu\u00e2ntica<\/li>\n                      <li>Redes qu\u00e2nticas e tecnologias emergentes<\/li>\n                      <li>Repetidores, <em>switches<\/em> e roteadores qu\u00e2nticos<\/li>\n                      <li>Simula\u00e7\u00e3o e modelagem de redes qu\u00e2nticas<\/li>\n                      <li>Teoria da Informa\u00e7\u00e3o Qu\u00e2ntica<\/li>\n                    <\/ul>\n                    <h2>\n                      <br>Instructions for Authors<\/h2>\n                    <p>Os artigos a serem submetidos ao WQuNets 2025 devem ser escritos em portugu\u00eas ou ingl\u00eas, com no m\u00e1ximo <strong>6 p\u00e1ginas<\/strong>, incluindo resumo, figuras, anexos, refer\u00eancias, etc. Todos os artigos devem ser obrigatoriamente formatados\n                      seguindo o&nbsp;\n                      <a href=\"https:\/\/www.sbc.org.br\/wp-content\/uploads\/2024\/07\/modelosparapublicaodeartigos.zip\" class=\"customize-unpreviewable\">SBC's Article Publication Template<\/a>. It is also important to emphasize that the articles to be submitted must follow the&nbsp;\n                      <a href=\"https:\/\/www.sbc.org.br\/documentos-da-sbc\/summary\/245-codigo-de-etica-sbc\/1489-revisao-e-atualizacao-do-codigo-de-conduta-para-autores\"\n                        class=\"customize-unpreviewable\">SBC's Code of Conduct for Authors in Publications<\/a>, approved by the SBC Council in February 2024. Submission of articles will be exclusively electronic, through the system&nbsp;\n                      <a href=\"https:\/\/jems3.sbc.org.br\/wqunets2025\"\n                        class=\"customize-unpreviewable\">JEMS3<\/a>.<\/p>\n                    <p>Os artigos submetidos ao WQuNets 2025 ser\u00e3o avaliados pelo Comit\u00ea de Programa do workshop e os melhores ser\u00e3o selecionados para apresenta\u00e7\u00e3o e publica\u00e7\u00e3o nos anais do evento. Haver\u00e1 ainda premia\u00e7\u00e3o para o melhor artigo do WQuNets 2025.<\/p>\n                    <p>All accepted and reviewed articles will be published in SBC's digital library, the SBC OpenLibrary (SOL), at\n                      <a href=\"https:\/\/sol.sbc.org.br\/index.php\/wqunets\" class=\"customize-unpreviewable\">s\u00e9rie do WQuNets<\/a>. The publication of accepted articles requires the registration of at least one author in SBRC 2025, as well as the oral presentation of the article during the event.<\/p>\n                  <\/div>\n                <\/div>\n              <\/div>\n            <\/div>\n          <\/div>\n          <div class=\"h-column h-column-container d-flex h-col-lg-auto h-col-md-auto h-col-auto style-1197-outer style-local-6499-c10-outer\">\n            <div data-colibri-id=\"6499-c10\" class=\"d-flex h-flex-basis h-column__inner h-px-lg-2 h-px-md-2 h-px-2 v-inner-lg-2 v-inner-md-2 v-inner-2 style-1197 style-local-6499-c10 position-relative\">\n              <!---->\n              <!---->\n              <div class=\"w-100 h-y-container h-column__content h-column__v-align flex-basis-100 align-self-lg-start align-self-md-start align-self-start\">\n                <!---->\n                <div data-colibri-id=\"6499-c11\" class=\"h-text h-text-component style-1198 style-local-6499-c11 position-relative h-element\">\n                  <!---->\n                  <!---->\n                  <div class=\"\">\n                    <h2>Organized by<\/h2>\n                    <p>Ant\u00f4nio Abel\u00e9m (UFPA)\n                      <br>Diego Abreu (UFPA)\n                      <br>Jos\u00e9 Ferreira de Rezende (UFRJ)\n                      <br>Christian Esteve Rothenberg (UNICAMP)<\/p>\n                  <\/div>\n                <\/div>\n              <\/div>\n            <\/div>\n          <\/div>\n          <div class=\"h-column h-column-container d-flex h-col-lg-auto h-col-md-auto h-col-auto style-1199-outer style-local-6499-c12-outer\">\n            <div data-colibri-id=\"6499-c12\" class=\"d-flex h-flex-basis h-column__inner h-px-lg-2 h-px-md-2 h-px-2 v-inner-lg-2 v-inner-md-2 v-inner-2 style-1199 style-local-6499-c12 position-relative\">\n              <!---->\n              <!---->\n              <div class=\"w-100 h-y-container h-column__content h-column__v-align flex-basis-100 align-self-lg-start align-self-md-start align-self-start\">\n                <!---->\n                <div data-colibri-id=\"6499-c13\" class=\"h-text h-text-component style-1200 style-local-6499-c13 position-relative h-element\">\n                  <!---->\n                  <!---->\n                  <div class=\"\">\n                    <h2>Program Committee<\/h2>\n                    <p>TBD<\/p>\n                  <\/div>\n                <\/div>\n              <\/div>\n            <\/div>\n          <\/div>\n        <\/div>\n      <\/div>\n    <\/div>\n  <\/div>\n<\/div>","protected":false},"excerpt":{"rendered":"<p>Datas Importantes Submiss\u00e3o de artigos:&nbsp;01\/04\/2025Comunica\u00e7\u00e3o de resultados:&nbsp;17\/04\/2025Envio de vers\u00e3o final dos artigos aceitos:&nbsp;22\/04\/2025 Apresenta\u00e7\u00e3o Redes qu\u00e2nticas constituem uma interconex\u00e3o de processadores e repetidores qu\u00e2nticos capazes de gerar, trocar e processar informa\u00e7\u00f5es qu\u00e2nticas. A principal fun\u00e7\u00e3o dessas redes \u00e9 facilitar a transmiss\u00e3o de dados na forma de bits qu\u00e2nticos, conhecidos como qubits, entre mem\u00f3rias qu\u00e2nticas fisicamente [&hellip;]<\/p>\n","protected":false},"author":7,"featured_media":0,"parent":0,"menu_order":0,"comment_status":"closed","ping_status":"closed","template":"page-templates\/full-width-page.php","meta":{"footnotes":""},"class_list":["post-6499","page","type-page","status-publish","hentry"],"yoast_head":"<!-- This site is optimized with the Yoast SEO plugin v27.4 - https:\/\/yoast.com\/product\/yoast-seo-wordpress\/ -->\n<title>II Workshop de Redes Qu\u00e2nticas (WQuNets 2025) - SBRC 2025<\/title>\n<meta name=\"robots\" content=\"index, follow, max-snippet:-1, max-image-preview:large, max-video-preview:-1\" \/>\n<link rel=\"canonical\" href=\"https:\/\/sbrc.sbc.org.br\/2025\/en\/ii-workshop-de-redes-quanticas-wqunets-2025\/\" \/>\n<meta property=\"og:locale\" content=\"en_US\" \/>\n<meta property=\"og:type\" content=\"article\" \/>\n<meta property=\"og:title\" content=\"II Workshop de Redes Qu\u00e2nticas (WQuNets 2025) - SBRC 2025\" \/>\n<meta property=\"og:description\" content=\"Datas Importantes Submiss\u00e3o de artigos:&nbsp;01\/04\/2025Comunica\u00e7\u00e3o de resultados:&nbsp;17\/04\/2025Envio de vers\u00e3o final dos artigos aceitos:&nbsp;22\/04\/2025 Apresenta\u00e7\u00e3o Redes qu\u00e2nticas constituem uma interconex\u00e3o de processadores e repetidores qu\u00e2nticos capazes de gerar, trocar e processar informa\u00e7\u00f5es qu\u00e2nticas. A principal fun\u00e7\u00e3o dessas redes \u00e9 facilitar a transmiss\u00e3o de dados na forma de bits qu\u00e2nticos, conhecidos como qubits, entre mem\u00f3rias qu\u00e2nticas fisicamente [&hellip;]\" \/>\n<meta property=\"og:url\" content=\"https:\/\/sbrc.sbc.org.br\/2025\/en\/ii-workshop-de-redes-quanticas-wqunets-2025\/\" \/>\n<meta property=\"og:site_name\" content=\"SBRC 2025\" \/>\n<meta property=\"article:modified_time\" content=\"2025-03-28T17:57:33+00:00\" \/>\n<meta property=\"og:image\" content=\"https:\/\/sbrc.sbc.org.br\/2025\/wp-content\/uploads\/2024\/07\/Captura-de-tela-2024-07-04-115159.png\" \/>\n\t<meta property=\"og:image:width\" content=\"821\" \/>\n\t<meta property=\"og:image:height\" content=\"466\" \/>\n\t<meta property=\"og:image:type\" content=\"image\/png\" \/>\n<meta name=\"twitter:card\" content=\"summary_large_image\" \/>\n<meta name=\"twitter:label1\" content=\"Est. reading time\" \/>\n\t<meta name=\"twitter:data1\" content=\"4 minutes\" \/>\n<script type=\"application\/ld+json\" class=\"yoast-schema-graph\">{\"@context\":\"https:\\\/\\\/schema.org\",\"@graph\":[{\"@type\":\"WebPage\",\"@id\":\"https:\\\/\\\/sbrc.sbc.org.br\\\/2025\\\/ii-workshop-de-redes-quanticas-wqunets-2025\\\/\",\"url\":\"https:\\\/\\\/sbrc.sbc.org.br\\\/2025\\\/ii-workshop-de-redes-quanticas-wqunets-2025\\\/\",\"name\":\"II Workshop de Redes Qu\u00e2nticas (WQuNets 2025) - SBRC 2025\",\"isPartOf\":{\"@id\":\"https:\\\/\\\/sbrc.sbc.org.br\\\/2025\\\/#website\"},\"datePublished\":\"2025-01-27T16:46:19+00:00\",\"dateModified\":\"2025-03-28T17:57:33+00:00\",\"breadcrumb\":{\"@id\":\"https:\\\/\\\/sbrc.sbc.org.br\\\/2025\\\/ii-workshop-de-redes-quanticas-wqunets-2025\\\/#breadcrumb\"},\"inLanguage\":\"en-US\",\"potentialAction\":[{\"@type\":\"ReadAction\",\"target\":[\"https:\\\/\\\/sbrc.sbc.org.br\\\/2025\\\/ii-workshop-de-redes-quanticas-wqunets-2025\\\/\"]}]},{\"@type\":\"BreadcrumbList\",\"@id\":\"https:\\\/\\\/sbrc.sbc.org.br\\\/2025\\\/ii-workshop-de-redes-quanticas-wqunets-2025\\\/#breadcrumb\",\"itemListElement\":[{\"@type\":\"ListItem\",\"position\":1,\"name\":\"In\u00edcio\",\"item\":\"https:\\\/\\\/sbrc.sbc.org.br\\\/2025\\\/\"},{\"@type\":\"ListItem\",\"position\":2,\"name\":\"II Workshop de Redes Qu\u00e2nticas (WQuNets 2025)\"}]},{\"@type\":\"WebSite\",\"@id\":\"https:\\\/\\\/sbrc.sbc.org.br\\\/2025\\\/#website\",\"url\":\"https:\\\/\\\/sbrc.sbc.org.br\\\/2025\\\/\",\"name\":\"SBRC 2025\",\"description\":\"43\u00ba Simp\u00f3sio Brasileiro de Redes de Computadores e Sistemas Distribu\u00eddos\",\"publisher\":{\"@id\":\"https:\\\/\\\/sbrc.sbc.org.br\\\/2025\\\/#organization\"},\"potentialAction\":[{\"@type\":\"SearchAction\",\"target\":{\"@type\":\"EntryPoint\",\"urlTemplate\":\"https:\\\/\\\/sbrc.sbc.org.br\\\/2025\\\/?s={search_term_string}\"},\"query-input\":{\"@type\":\"PropertyValueSpecification\",\"valueRequired\":true,\"valueName\":\"search_term_string\"}}],\"inLanguage\":\"en-US\"},{\"@type\":\"Organization\",\"@id\":\"https:\\\/\\\/sbrc.sbc.org.br\\\/2025\\\/#organization\",\"name\":\"SBRC 2025\",\"url\":\"https:\\\/\\\/sbrc.sbc.org.br\\\/2025\\\/\",\"logo\":{\"@type\":\"ImageObject\",\"inLanguage\":\"en-US\",\"@id\":\"https:\\\/\\\/sbrc.sbc.org.br\\\/2025\\\/#\\\/schema\\\/logo\\\/image\\\/\",\"url\":\"https:\\\/\\\/sbrc.sbc.org.br\\\/2025\\\/wp-content\\\/uploads\\\/2024\\\/04\\\/cropped-cropped-v2@4x-1.png\",\"contentUrl\":\"https:\\\/\\\/sbrc.sbc.org.br\\\/2025\\\/wp-content\\\/uploads\\\/2024\\\/04\\\/cropped-cropped-v2@4x-1.png\",\"width\":5226,\"height\":4892,\"caption\":\"SBRC 2025\"},\"image\":{\"@id\":\"https:\\\/\\\/sbrc.sbc.org.br\\\/2025\\\/#\\\/schema\\\/logo\\\/image\\\/\"},\"sameAs\":[\"https:\\\/\\\/www.instagram.com\\\/simposio.sbrc\\\/\"]}]}<\/script>\n<!-- \/ Yoast SEO plugin. -->","yoast_head_json":{"title":"II Workshop de Redes Qu\u00e2nticas (WQuNets 2025) - SBRC 2025","robots":{"index":"index","follow":"follow","max-snippet":"max-snippet:-1","max-image-preview":"max-image-preview:large","max-video-preview":"max-video-preview:-1"},"canonical":"https:\/\/sbrc.sbc.org.br\/2025\/en\/ii-workshop-de-redes-quanticas-wqunets-2025\/","og_locale":"en_US","og_type":"article","og_title":"II Workshop de Redes Qu\u00e2nticas (WQuNets 2025) - SBRC 2025","og_description":"Datas Importantes Submiss\u00e3o de artigos:&nbsp;01\/04\/2025Comunica\u00e7\u00e3o de resultados:&nbsp;17\/04\/2025Envio de vers\u00e3o final dos artigos aceitos:&nbsp;22\/04\/2025 Apresenta\u00e7\u00e3o Redes qu\u00e2nticas constituem uma interconex\u00e3o de processadores e repetidores qu\u00e2nticos capazes de gerar, trocar e processar informa\u00e7\u00f5es qu\u00e2nticas. A principal fun\u00e7\u00e3o dessas redes \u00e9 facilitar a transmiss\u00e3o de dados na forma de bits qu\u00e2nticos, conhecidos como qubits, entre mem\u00f3rias qu\u00e2nticas fisicamente [&hellip;]","og_url":"https:\/\/sbrc.sbc.org.br\/2025\/en\/ii-workshop-de-redes-quanticas-wqunets-2025\/","og_site_name":"SBRC 2025","article_modified_time":"2025-03-28T17:57:33+00:00","og_image":[{"width":821,"height":466,"url":"https:\/\/sbrc.sbc.org.br\/2025\/wp-content\/uploads\/2024\/07\/Captura-de-tela-2024-07-04-115159.png","type":"image\/png"}],"twitter_card":"summary_large_image","twitter_misc":{"Est. reading time":"4 minutes"},"schema":{"@context":"https:\/\/schema.org","@graph":[{"@type":"WebPage","@id":"https:\/\/sbrc.sbc.org.br\/2025\/ii-workshop-de-redes-quanticas-wqunets-2025\/","url":"https:\/\/sbrc.sbc.org.br\/2025\/ii-workshop-de-redes-quanticas-wqunets-2025\/","name":"II Workshop de Redes Qu\u00e2nticas (WQuNets 2025) - SBRC 2025","isPartOf":{"@id":"https:\/\/sbrc.sbc.org.br\/2025\/#website"},"datePublished":"2025-01-27T16:46:19+00:00","dateModified":"2025-03-28T17:57:33+00:00","breadcrumb":{"@id":"https:\/\/sbrc.sbc.org.br\/2025\/ii-workshop-de-redes-quanticas-wqunets-2025\/#breadcrumb"},"inLanguage":"en-US","potentialAction":[{"@type":"ReadAction","target":["https:\/\/sbrc.sbc.org.br\/2025\/ii-workshop-de-redes-quanticas-wqunets-2025\/"]}]},{"@type":"BreadcrumbList","@id":"https:\/\/sbrc.sbc.org.br\/2025\/ii-workshop-de-redes-quanticas-wqunets-2025\/#breadcrumb","itemListElement":[{"@type":"ListItem","position":1,"name":"In\u00edcio","item":"https:\/\/sbrc.sbc.org.br\/2025\/"},{"@type":"ListItem","position":2,"name":"II Workshop de Redes Qu\u00e2nticas (WQuNets 2025)"}]},{"@type":"WebSite","@id":"https:\/\/sbrc.sbc.org.br\/2025\/#website","url":"https:\/\/sbrc.sbc.org.br\/2025\/","name":"SBRC 2025","description":"43\u00ba Simp\u00f3sio Brasileiro de Redes de Computadores e Sistemas Distribu\u00eddos","publisher":{"@id":"https:\/\/sbrc.sbc.org.br\/2025\/#organization"},"potentialAction":[{"@type":"SearchAction","target":{"@type":"EntryPoint","urlTemplate":"https:\/\/sbrc.sbc.org.br\/2025\/?s={search_term_string}"},"query-input":{"@type":"PropertyValueSpecification","valueRequired":true,"valueName":"search_term_string"}}],"inLanguage":"en-US"},{"@type":"Organization","@id":"https:\/\/sbrc.sbc.org.br\/2025\/#organization","name":"SBRC 2025","url":"https:\/\/sbrc.sbc.org.br\/2025\/","logo":{"@type":"ImageObject","inLanguage":"en-US","@id":"https:\/\/sbrc.sbc.org.br\/2025\/#\/schema\/logo\/image\/","url":"https:\/\/sbrc.sbc.org.br\/2025\/wp-content\/uploads\/2024\/04\/cropped-cropped-v2@4x-1.png","contentUrl":"https:\/\/sbrc.sbc.org.br\/2025\/wp-content\/uploads\/2024\/04\/cropped-cropped-v2@4x-1.png","width":5226,"height":4892,"caption":"SBRC 2025"},"image":{"@id":"https:\/\/sbrc.sbc.org.br\/2025\/#\/schema\/logo\/image\/"},"sameAs":["https:\/\/www.instagram.com\/simposio.sbrc\/"]}]}},"_links":{"self":[{"href":"https:\/\/sbrc.sbc.org.br\/2025\/en\/wp-json\/wp\/v2\/pages\/6499","targetHints":{"allow":["GET"]}}],"collection":[{"href":"https:\/\/sbrc.sbc.org.br\/2025\/en\/wp-json\/wp\/v2\/pages"}],"about":[{"href":"https:\/\/sbrc.sbc.org.br\/2025\/en\/wp-json\/wp\/v2\/types\/page"}],"author":[{"embeddable":true,"href":"https:\/\/sbrc.sbc.org.br\/2025\/en\/wp-json\/wp\/v2\/users\/7"}],"replies":[{"embeddable":true,"href":"https:\/\/sbrc.sbc.org.br\/2025\/en\/wp-json\/wp\/v2\/comments?post=6499"}],"version-history":[{"count":7,"href":"https:\/\/sbrc.sbc.org.br\/2025\/en\/wp-json\/wp\/v2\/pages\/6499\/revisions"}],"predecessor-version":[{"id":7079,"href":"https:\/\/sbrc.sbc.org.br\/2025\/en\/wp-json\/wp\/v2\/pages\/6499\/revisions\/7079"}],"wp:attachment":[{"href":"https:\/\/sbrc.sbc.org.br\/2025\/en\/wp-json\/wp\/v2\/media?parent=6499"}],"curies":[{"name":"wp","href":"https:\/\/api.w.org\/{rel}","templated":true}]}}