{"id":6477,"date":"2025-01-27T09:59:02","date_gmt":"2025-01-27T12:59:02","guid":{"rendered":"https:\/\/sbrc.sbc.org.br\/2025\/?page_id=6477"},"modified":"2025-03-28T14:51:26","modified_gmt":"2025-03-28T17:51:26","slug":"v-workshop-de-redes-6g-w6g-2025","status":"publish","type":"page","link":"https:\/\/sbrc.sbc.org.br\/2025\/en\/v-workshop-de-redes-6g-w6g-2025\/","title":{"rendered":"5th Workshop on 6G Networks"},"content":{"rendered":"<div data-colibri-id=\"6477-c1\" class=\"style-1201 style-local-6477-c1 position-relative\">\n  <!---->\n  <div data-colibri-component=\"section\" data-colibri-id=\"6477-c2\" id=\"custom\" class=\"h-section h-section-global-spacing d-flex align-items-lg-center align-items-md-center align-items-center style-1202 style-local-6477-c2 position-relative\">\n    <!---->\n    <!---->\n    <div class=\"h-section-grid-container h-section-boxed-container\">\n      <!---->\n      <div data-colibri-id=\"6477-c3\" class=\"h-row-container gutters-row-lg-2 gutters-row-md-2 gutters-row-0 gutters-row-v-lg-2 gutters-row-v-md-2 gutters-row-v-2 style-1203 style-local-6477-c3 position-relative\">\n        <!---->\n        <div class=\"h-row justify-content-lg-start justify-content-md-start justify-content-start align-items-lg-stretch align-items-md-stretch align-items-stretch gutters-col-lg-2 gutters-col-md-2 gutters-col-0 gutters-col-v-lg-2 gutters-col-v-md-2 gutters-col-v-2\">\n          <!---->\n          <div class=\"h-column h-column-container d-flex h-col-lg-auto h-col-md-auto h-col-auto style-1204-outer style-local-6477-c4-outer\">\n            <div data-colibri-id=\"6477-c4\" class=\"d-flex h-flex-basis h-column__inner h-px-lg-2 h-px-md-2 h-px-2 v-inner-lg-2 v-inner-md-2 v-inner-2 style-1204 style-local-6477-c4 position-relative\">\n              <!---->\n              <!---->\n              <div class=\"w-100 h-y-container h-column__content h-column__v-align flex-basis-100 align-self-lg-start align-self-md-start align-self-start\">\n                <!---->\n                <div data-colibri-id=\"6477-c5\" class=\"h-text h-text-component style-1205 style-local-6477-c5 position-relative h-element\">\n                  <!---->\n                  <!---->\n                  <div class=\"\">\n                    <h2>Important Dates<\/h2>\n                    <p><strong>Paper submission<\/strong>&nbsp;01\/04\/2025<strong><br>Communication of results:<\/strong>&nbsp;04\/17\/2025<strong><br>Camera-ready due:<\/strong>&nbsp;04\/22\/2025<\/p>\n                    <p>\n                      <br>\n                    <\/p>\n                  <\/div>\n                <\/div>\n              <\/div>\n            <\/div>\n          <\/div>\n          <div class=\"h-column h-column-container d-flex h-col-lg-auto h-col-md-auto h-col-auto style-1206-outer style-local-6477-c6-outer\">\n            <div data-colibri-id=\"6477-c6\" class=\"d-flex h-flex-basis h-column__inner h-ui-empty-state-container h-px-lg-2 h-px-md-2 h-px-2 v-inner-lg-2 v-inner-md-2 v-inner-2 style-1206 style-local-6477-c6 position-relative\">\n              <!---->\n              <!---->\n              <div class=\"w-100 h-y-container h-column__content h-column__v-align flex-basis-100\">\n                <!---->\n              <\/div>\n            <\/div>\n          <\/div>\n        <\/div>\n      <\/div>\n      <div data-colibri-id=\"6477-c7\" class=\"h-row-container gutters-row-lg-2 gutters-row-md-2 gutters-row-0 gutters-row-v-lg-2 gutters-row-v-md-2 gutters-row-v-2 style-1207 style-local-6477-c7 position-relative\">\n        <!---->\n        <div class=\"h-row justify-content-lg-center justify-content-md-center justify-content-center align-items-lg-stretch align-items-md-stretch align-items-stretch gutters-col-lg-2 gutters-col-md-2 gutters-col-0 gutters-col-v-lg-2 gutters-col-v-md-2 gutters-col-v-2\">\n          <!---->\n          <div class=\"h-column h-column-container d-flex h-col-lg-auto h-col-md-auto h-col-auto style-1208-outer style-local-6477-c8-outer\">\n            <div data-colibri-id=\"6477-c8\" class=\"d-flex h-flex-basis h-column__inner h-px-lg-2 h-px-md-2 h-px-2 v-inner-lg-2 v-inner-md-2 v-inner-2 style-1208 style-local-6477-c8 position-relative\">\n              <!---->\n              <!---->\n              <div class=\"w-100 h-y-container h-column__content h-column__v-align flex-basis-100 align-self-lg-start align-self-md-start align-self-start\">\n                <!---->\n                <div data-colibri-id=\"6477-c9\" class=\"h-text h-text-component style-1209 style-local-6477-c9 position-relative h-element\">\n                  <!---->\n                  <!---->\n                  <div class=\"\">\n                    <h2>Presentation<\/h2>\n                    <p>A quinta gera\u00e7\u00e3o do sistema de comunica\u00e7\u00e3o m\u00f3vel (5G) est\u00e1 em implanta\u00e7\u00e3o ao redor do globo e impactar\u00e1 significativamente a nossa sociedade. Este \u00e9 o momento oportuno para a pesquisa relacionada com a pr\u00f3xima gera\u00e7\u00e3o das redes m\u00f3veis,\n                      o 6G. Para as redes 6G, novas oportunidades e modelos de servi\u00e7o s\u00e3o esperados. Enquanto o 5G foi uma rede orientada a verticais de neg\u00f3cios espera-se um novo modelo de conectividade para a rede 6G. Espera-se, dentre outas proje\u00e7\u00f5es,\n                      uma rede centrada em humanos, com capacidade de percep\u00e7\u00e3o e atua\u00e7\u00e3o adapt\u00e1vel e inteligente.<\/p>\n                    <p>The <strong>Workshop de Redes 6G (W6G)<\/strong> encoraja artigos de alta qualidade que contenham abordagens te\u00f3rica, pr\u00e1tica, experimental ou avan\u00e7os no estado da arte abordando cen\u00e1rios de aplica\u00e7\u00e3o ou habilitadores tecnol\u00f3gicos e desdobramentos\n                      que potencialmente impactar\u00e3o no bloco estrutural das redes m\u00f3veis de sexta gera\u00e7\u00e3o (6G). Os t\u00f3picos de interesse objetivam integrar iniciativas de pesquisa da ind\u00fastria e academia buscando artefatos para discuss\u00e3o de desafios e\n                      oportunidades. Assim, o foco do Workshop \u00e9 proporcionar um ambiente de discuss\u00e3o, demonstra\u00e7\u00e3o, compartilhamento de ideias e li\u00e7\u00f5es aprendidas sobre potenciais habilitadores tecnol\u00f3gicos, desafios e casos de uso para as redes m\u00f3veis\n                      6G. O diferencial do Workshop sustenta-se na premissa que \u00e9 oportuno discutir a tem\u00e1tica em uma programa\u00e7\u00e3o t\u00edpica de Workshop, com percep\u00e7\u00f5es e proje\u00e7\u00f5es de pesquisadores brasileiros e de outras nacionalidades, al\u00e9m de representantes\n                      de governo e da iniciativa privada.\n                      <br>\n                      <br>\n                    <\/p>\n                    <h2>Topics of Interest<\/h2>\n                    <p>O W6G convida autores a submeter trabalhos de pesquisa originais, mesmo que ainda em andamento. Os t\u00f3picos de interesse incluem uma ampla gama de t\u00f3picos. A lista a seguir descreve alguns exemplos, que n\u00e3o s\u00e3o exaustivos:<\/p>\n                    <ul>\n                      <li>Aplica\u00e7\u00f5es e redes envolvendo computa\u00e7\u00e3o em nuvem, na n\u00e9voa e na borda<\/li>\n                      <li>Virtualiza\u00e7\u00e3o de redes e virtualiza\u00e7\u00e3o de fun\u00e7\u00f5es de redes (NFV)<\/li>\n                      <li>Aplica\u00e7\u00f5es de intelig\u00eancia artificial em 6G<\/li>\n                      <li>Novas t\u00e9cnicas de processamento de sinal para 6G<\/li>\n                      <li>Esquemas de antenas inteligentes para 6G<\/li>\n                      <li><em>Testbeds&nbsp;<\/em>6G<\/li>\n                      <li>Comunica\u00e7\u00f5es 6G na banda&nbsp;<em>terahertz<\/em><\/li>\n                      <li>Tecnologias para transmiss\u00e3o Tbps<\/li>\n                      <li>Estrat\u00e9gias avan\u00e7adas&nbsp;<em>full duplex&nbsp;<\/em>para 6G<\/li>\n                      <li>Implementa\u00e7\u00e3o de metasuperf\u00edcies em 6G<\/li>\n                      <li>Novas m\u00e9tricas de qualidade de servi\u00e7o (QoS) para 6G<\/li>\n                      <li>Esquemas de m\u00faltiplos acessos adequados para 6G<\/li>\n                      <li>Acesso e compartilhamento din\u00e2mico na banda 6G<\/li>\n                      <li>Novas arquiteturas de redes em 6G<\/li>\n                      <li>Internet das Coisas (IoT) auto-organiz\u00e1vel habilitada por 6G<\/li>\n                      <li>Redes autosustent\u00e1veis habilitadas por 6G<\/li>\n                      <li>Gerenciamento de interfer\u00eancias de redes em 6G<\/li>\n                      <li>Novos conceitos de seguran\u00e7a em 6G<\/li>\n                      <li>Regula\u00e7\u00e3o de espectro para bandas 6G<\/li>\n                      <li><em>Testbeds<\/em>&nbsp;e aplica\u00e7\u00f5es de sensoriamento e imagem 3D com localiza\u00e7\u00e3o<\/li>\n                      <li>Novas arquiteturas e paradigmas de computa\u00e7\u00e3o&nbsp;<span style=\"color: rgb(77, 77, 77); font-family: &quot;Open Sans&quot;; font-size: 16px; font-weight: 400;\">de transceptores&nbsp;<\/span><\/li>\n                      <li>Novas tecnologias e materiais de componentes<\/li>\n                      <li>Telepresen\u00e7a e realidade mista<\/li>\n                      <li>Aprendizado de m\u00e1quina\/Intelig\u00eancia artificial para otimiza\u00e7\u00e3o de sistemas aut\u00f4nomos<\/li>\n                      <li>Internet das Coisas massiva em 6G<\/li>\n                      <li>Conectividade para \u00e1reas remotas<\/li>\n                      <li>Tecnologia&nbsp;<em>blockchain&nbsp;<\/em>em redes m\u00f3veis<\/li>\n                      <li>Comunica\u00e7\u00e3o qu\u00e2ntica<\/li>\n                    <\/ul>\n                    <p>\n                      <br>\n                    <\/p>\n                    <h2>Instructions for Authors<\/h2>\n                    <p>Os artigos a serem submetidos ao W6G 2025 devem ser escritos em portugu\u00eas ou ingl\u00eas, com no m\u00e1ximo <strong>8 pages<\/strong>, including summary, <em>abstract<\/em>&nbsp;para artigos em portugu\u00eas), figuras, diagramas, refer\u00eancias e\n                      anexos. Todos os artigos devem ser obrigatoriamente formatados seguindo o&nbsp;\n                      <a href=\"https:\/\/www.sbc.org.br\/wp-content\/uploads\/2024\/07\/modelosparapublicaodeartigos.zip\" class=\"customize-unpreviewable\">SBC's Article Publication Template<\/a>. \u00c9 importante ressaltar ainda que&nbsp;os artigos a serem submetidos devem seguir o&nbsp;\n                      <a href=\"https:\/\/www.sbc.org.br\/documentos-da-sbc\/summary\/245-codigo-de-etica-sbc\/1489-revisao-e-atualizacao-do-codigo-de-conduta-para-autores\"\n                        class=\"customize-unpreviewable\">SBC's Code of Conduct for Authors in Publications<\/a>, aprovado pelo Conselho da SBC em fevereiro de 2024. A submiss\u00e3o de artigos ser\u00e1 exclusivamente eletr\u00f4nica, por meio do sistema JEMS3.<\/p>\n                    <p>Todos os artigos aceitos e revisados, segundo as recomenda\u00e7\u00f5es do Comit\u00ea de Programa do W6G 2025, ser\u00e3o publicados na biblioteca digital da SBC, a\n                      <a href=\"https:\/\/sol.sbc.org.br\" target=\"_blank\" class=\"customize-unpreviewable\">SBC-OpenLibrary (SOL)<\/a>, na\n                      <a href=\"https:\/\/sol.sbc.org.br\/index.php\/w6g\" target=\"_blank\" class=\"customize-unpreviewable\">s\u00e9rie do W6G<\/a>. The publication of accepted articles requires the registration of at least one author in SBRC 2025, as well as the oral presentation of the article during the event.<\/p>\n                  <\/div>\n                <\/div>\n              <\/div>\n            <\/div>\n          <\/div>\n          <div class=\"h-column h-column-container d-flex h-col-lg-auto h-col-md-auto h-col-auto style-1210-outer style-local-6477-c10-outer\">\n            <div data-colibri-id=\"6477-c10\" class=\"d-flex h-flex-basis h-column__inner h-px-lg-2 h-px-md-2 h-px-2 v-inner-lg-2 v-inner-md-2 v-inner-2 style-1210 style-local-6477-c10 position-relative\">\n              <!---->\n              <!---->\n              <div class=\"w-100 h-y-container h-column__content h-column__v-align flex-basis-100 align-self-lg-start align-self-md-start align-self-start\">\n                <!---->\n                <div data-colibri-id=\"6477-c11\" class=\"h-text h-text-component style-1211 style-local-6477-c11 position-relative h-element\">\n                  <!---->\n                  <!---->\n                  <div class=\"\">\n                    <h2>Organized by<\/h2>\n                    <p>Antonio Carlos de Oliveira J\u00fanior (UFG &amp; Frauhofer Portugal AICOS)\n                      <br>Flavio Silva (Universidade do Minho, Portugal)\n                      <br>Luciano Leonel Mendes (Inatel)\n                      <br>Rodrigo Moreira (UFV)<\/p>\n                  <\/div>\n                <\/div>\n              <\/div>\n            <\/div>\n          <\/div>\n          <div class=\"h-column h-column-container d-flex h-col-lg-auto h-col-md-auto h-col-auto style-1212-outer style-local-6477-c12-outer\">\n            <div data-colibri-id=\"6477-c12\" class=\"d-flex h-flex-basis h-column__inner h-px-lg-2 h-px-md-2 h-px-2 v-inner-lg-2 v-inner-md-2 v-inner-2 style-1212 style-local-6477-c12 position-relative\">\n              <!---->\n              <!---->\n              <div class=\"w-100 h-y-container h-column__content h-column__v-align flex-basis-100 align-self-lg-start align-self-md-start align-self-start\">\n                <!---->\n                <div data-colibri-id=\"6477-c13\" class=\"h-text h-text-component style-1213 style-local-6477-c13 position-relative h-element\">\n                  <!---->\n                  <!---->\n                  <div class=\"\">\n                    <h2>Program Committee<\/h2>\n                    <p>In Formation<\/p>\n                  <\/div>\n                <\/div>\n              <\/div>\n            <\/div>\n          <\/div>\n        <\/div>\n      <\/div>\n    <\/div>\n  <\/div>\n<\/div>","protected":false},"excerpt":{"rendered":"<p>Datas Importantes Submiss\u00e3o de artigos:&nbsp;01\/04\/2025Comunica\u00e7\u00e3o de resultados:&nbsp;17\/04\/2025Envio de vers\u00e3o final dos artigos aceitos:&nbsp;22\/04\/2025 Apresenta\u00e7\u00e3o A quinta gera\u00e7\u00e3o do sistema de comunica\u00e7\u00e3o m\u00f3vel (5G) est\u00e1 em implanta\u00e7\u00e3o ao redor do globo e impactar\u00e1 significativamente a nossa sociedade. Este \u00e9 o momento oportuno para a pesquisa relacionada com a pr\u00f3xima gera\u00e7\u00e3o das redes m\u00f3veis, o 6G. Para [&hellip;]<\/p>\n","protected":false},"author":7,"featured_media":0,"parent":0,"menu_order":0,"comment_status":"closed","ping_status":"closed","template":"page-templates\/full-width-page.php","meta":{"footnotes":""},"class_list":["post-6477","page","type-page","status-publish","hentry"],"yoast_head":"<!-- This site is optimized with the Yoast SEO plugin v27.5 - https:\/\/yoast.com\/product\/yoast-seo-wordpress\/ -->\n<title>V Workshop de Redes 6G (W6G 2025) - SBRC 2025<\/title>\n<meta name=\"robots\" content=\"index, follow, max-snippet:-1, max-image-preview:large, max-video-preview:-1\" \/>\n<link rel=\"canonical\" href=\"https:\/\/sbrc.sbc.org.br\/2025\/en\/v-workshop-de-redes-6g-w6g-2025\/\" \/>\n<meta property=\"og:locale\" content=\"en_US\" \/>\n<meta property=\"og:type\" content=\"article\" \/>\n<meta property=\"og:title\" content=\"V Workshop de Redes 6G (W6G 2025) - SBRC 2025\" \/>\n<meta property=\"og:description\" content=\"Datas Importantes Submiss\u00e3o de artigos:&nbsp;01\/04\/2025Comunica\u00e7\u00e3o de resultados:&nbsp;17\/04\/2025Envio de vers\u00e3o final dos artigos aceitos:&nbsp;22\/04\/2025 Apresenta\u00e7\u00e3o A quinta gera\u00e7\u00e3o do sistema de comunica\u00e7\u00e3o m\u00f3vel (5G) est\u00e1 em implanta\u00e7\u00e3o ao redor do globo e impactar\u00e1 significativamente a nossa sociedade. Este \u00e9 o momento oportuno para a pesquisa relacionada com a pr\u00f3xima gera\u00e7\u00e3o das redes m\u00f3veis, o 6G. Para [&hellip;]\" \/>\n<meta property=\"og:url\" content=\"https:\/\/sbrc.sbc.org.br\/2025\/en\/v-workshop-de-redes-6g-w6g-2025\/\" \/>\n<meta property=\"og:site_name\" content=\"SBRC 2025\" \/>\n<meta property=\"article:modified_time\" content=\"2025-03-28T17:51:26+00:00\" \/>\n<meta property=\"og:image\" content=\"https:\/\/sbrc.sbc.org.br\/2025\/wp-content\/uploads\/2024\/07\/Captura-de-tela-2024-07-04-115159.png\" \/>\n\t<meta property=\"og:image:width\" content=\"821\" \/>\n\t<meta property=\"og:image:height\" content=\"466\" \/>\n\t<meta property=\"og:image:type\" content=\"image\/png\" \/>\n<meta name=\"twitter:card\" content=\"summary_large_image\" \/>\n<meta name=\"twitter:label1\" content=\"Est. reading time\" \/>\n\t<meta name=\"twitter:data1\" content=\"4 minutes\" \/>\n<script type=\"application\/ld+json\" class=\"yoast-schema-graph\">{\"@context\":\"https:\\\/\\\/schema.org\",\"@graph\":[{\"@type\":\"WebPage\",\"@id\":\"https:\\\/\\\/sbrc.sbc.org.br\\\/2025\\\/v-workshop-de-redes-6g-w6g-2025\\\/\",\"url\":\"https:\\\/\\\/sbrc.sbc.org.br\\\/2025\\\/v-workshop-de-redes-6g-w6g-2025\\\/\",\"name\":\"V Workshop de Redes 6G (W6G 2025) - SBRC 2025\",\"isPartOf\":{\"@id\":\"https:\\\/\\\/sbrc.sbc.org.br\\\/2025\\\/#website\"},\"datePublished\":\"2025-01-27T12:59:02+00:00\",\"dateModified\":\"2025-03-28T17:51:26+00:00\",\"breadcrumb\":{\"@id\":\"https:\\\/\\\/sbrc.sbc.org.br\\\/2025\\\/v-workshop-de-redes-6g-w6g-2025\\\/#breadcrumb\"},\"inLanguage\":\"en-US\",\"potentialAction\":[{\"@type\":\"ReadAction\",\"target\":[\"https:\\\/\\\/sbrc.sbc.org.br\\\/2025\\\/v-workshop-de-redes-6g-w6g-2025\\\/\"]}]},{\"@type\":\"BreadcrumbList\",\"@id\":\"https:\\\/\\\/sbrc.sbc.org.br\\\/2025\\\/v-workshop-de-redes-6g-w6g-2025\\\/#breadcrumb\",\"itemListElement\":[{\"@type\":\"ListItem\",\"position\":1,\"name\":\"In\u00edcio\",\"item\":\"https:\\\/\\\/sbrc.sbc.org.br\\\/2025\\\/\"},{\"@type\":\"ListItem\",\"position\":2,\"name\":\"V Workshop de Redes 6G (W6G 2025)\"}]},{\"@type\":\"WebSite\",\"@id\":\"https:\\\/\\\/sbrc.sbc.org.br\\\/2025\\\/#website\",\"url\":\"https:\\\/\\\/sbrc.sbc.org.br\\\/2025\\\/\",\"name\":\"SBRC 2025\",\"description\":\"43\u00ba Simp\u00f3sio Brasileiro de Redes de Computadores e Sistemas Distribu\u00eddos\",\"publisher\":{\"@id\":\"https:\\\/\\\/sbrc.sbc.org.br\\\/2025\\\/#organization\"},\"potentialAction\":[{\"@type\":\"SearchAction\",\"target\":{\"@type\":\"EntryPoint\",\"urlTemplate\":\"https:\\\/\\\/sbrc.sbc.org.br\\\/2025\\\/?s={search_term_string}\"},\"query-input\":{\"@type\":\"PropertyValueSpecification\",\"valueRequired\":true,\"valueName\":\"search_term_string\"}}],\"inLanguage\":\"en-US\"},{\"@type\":\"Organization\",\"@id\":\"https:\\\/\\\/sbrc.sbc.org.br\\\/2025\\\/#organization\",\"name\":\"SBRC 2025\",\"url\":\"https:\\\/\\\/sbrc.sbc.org.br\\\/2025\\\/\",\"logo\":{\"@type\":\"ImageObject\",\"inLanguage\":\"en-US\",\"@id\":\"https:\\\/\\\/sbrc.sbc.org.br\\\/2025\\\/#\\\/schema\\\/logo\\\/image\\\/\",\"url\":\"https:\\\/\\\/sbrc.sbc.org.br\\\/2025\\\/wp-content\\\/uploads\\\/2024\\\/04\\\/cropped-cropped-v2@4x-1.png\",\"contentUrl\":\"https:\\\/\\\/sbrc.sbc.org.br\\\/2025\\\/wp-content\\\/uploads\\\/2024\\\/04\\\/cropped-cropped-v2@4x-1.png\",\"width\":5226,\"height\":4892,\"caption\":\"SBRC 2025\"},\"image\":{\"@id\":\"https:\\\/\\\/sbrc.sbc.org.br\\\/2025\\\/#\\\/schema\\\/logo\\\/image\\\/\"},\"sameAs\":[\"https:\\\/\\\/www.instagram.com\\\/simposio.sbrc\\\/\"]}]}<\/script>\n<!-- \/ Yoast SEO plugin. -->","yoast_head_json":{"title":"V Workshop de Redes 6G (W6G 2025) - SBRC 2025","robots":{"index":"index","follow":"follow","max-snippet":"max-snippet:-1","max-image-preview":"max-image-preview:large","max-video-preview":"max-video-preview:-1"},"canonical":"https:\/\/sbrc.sbc.org.br\/2025\/en\/v-workshop-de-redes-6g-w6g-2025\/","og_locale":"en_US","og_type":"article","og_title":"V Workshop de Redes 6G (W6G 2025) - SBRC 2025","og_description":"Datas Importantes Submiss\u00e3o de artigos:&nbsp;01\/04\/2025Comunica\u00e7\u00e3o de resultados:&nbsp;17\/04\/2025Envio de vers\u00e3o final dos artigos aceitos:&nbsp;22\/04\/2025 Apresenta\u00e7\u00e3o A quinta gera\u00e7\u00e3o do sistema de comunica\u00e7\u00e3o m\u00f3vel (5G) est\u00e1 em implanta\u00e7\u00e3o ao redor do globo e impactar\u00e1 significativamente a nossa sociedade. Este \u00e9 o momento oportuno para a pesquisa relacionada com a pr\u00f3xima gera\u00e7\u00e3o das redes m\u00f3veis, o 6G. Para [&hellip;]","og_url":"https:\/\/sbrc.sbc.org.br\/2025\/en\/v-workshop-de-redes-6g-w6g-2025\/","og_site_name":"SBRC 2025","article_modified_time":"2025-03-28T17:51:26+00:00","og_image":[{"width":821,"height":466,"url":"https:\/\/sbrc.sbc.org.br\/2025\/wp-content\/uploads\/2024\/07\/Captura-de-tela-2024-07-04-115159.png","type":"image\/png"}],"twitter_card":"summary_large_image","twitter_misc":{"Est. reading time":"4 minutes"},"schema":{"@context":"https:\/\/schema.org","@graph":[{"@type":"WebPage","@id":"https:\/\/sbrc.sbc.org.br\/2025\/v-workshop-de-redes-6g-w6g-2025\/","url":"https:\/\/sbrc.sbc.org.br\/2025\/v-workshop-de-redes-6g-w6g-2025\/","name":"V Workshop de Redes 6G (W6G 2025) - SBRC 2025","isPartOf":{"@id":"https:\/\/sbrc.sbc.org.br\/2025\/#website"},"datePublished":"2025-01-27T12:59:02+00:00","dateModified":"2025-03-28T17:51:26+00:00","breadcrumb":{"@id":"https:\/\/sbrc.sbc.org.br\/2025\/v-workshop-de-redes-6g-w6g-2025\/#breadcrumb"},"inLanguage":"en-US","potentialAction":[{"@type":"ReadAction","target":["https:\/\/sbrc.sbc.org.br\/2025\/v-workshop-de-redes-6g-w6g-2025\/"]}]},{"@type":"BreadcrumbList","@id":"https:\/\/sbrc.sbc.org.br\/2025\/v-workshop-de-redes-6g-w6g-2025\/#breadcrumb","itemListElement":[{"@type":"ListItem","position":1,"name":"In\u00edcio","item":"https:\/\/sbrc.sbc.org.br\/2025\/"},{"@type":"ListItem","position":2,"name":"V Workshop de Redes 6G (W6G 2025)"}]},{"@type":"WebSite","@id":"https:\/\/sbrc.sbc.org.br\/2025\/#website","url":"https:\/\/sbrc.sbc.org.br\/2025\/","name":"SBRC 2025","description":"43\u00ba Simp\u00f3sio Brasileiro de Redes de Computadores e Sistemas Distribu\u00eddos","publisher":{"@id":"https:\/\/sbrc.sbc.org.br\/2025\/#organization"},"potentialAction":[{"@type":"SearchAction","target":{"@type":"EntryPoint","urlTemplate":"https:\/\/sbrc.sbc.org.br\/2025\/?s={search_term_string}"},"query-input":{"@type":"PropertyValueSpecification","valueRequired":true,"valueName":"search_term_string"}}],"inLanguage":"en-US"},{"@type":"Organization","@id":"https:\/\/sbrc.sbc.org.br\/2025\/#organization","name":"SBRC 2025","url":"https:\/\/sbrc.sbc.org.br\/2025\/","logo":{"@type":"ImageObject","inLanguage":"en-US","@id":"https:\/\/sbrc.sbc.org.br\/2025\/#\/schema\/logo\/image\/","url":"https:\/\/sbrc.sbc.org.br\/2025\/wp-content\/uploads\/2024\/04\/cropped-cropped-v2@4x-1.png","contentUrl":"https:\/\/sbrc.sbc.org.br\/2025\/wp-content\/uploads\/2024\/04\/cropped-cropped-v2@4x-1.png","width":5226,"height":4892,"caption":"SBRC 2025"},"image":{"@id":"https:\/\/sbrc.sbc.org.br\/2025\/#\/schema\/logo\/image\/"},"sameAs":["https:\/\/www.instagram.com\/simposio.sbrc\/"]}]}},"_links":{"self":[{"href":"https:\/\/sbrc.sbc.org.br\/2025\/en\/wp-json\/wp\/v2\/pages\/6477","targetHints":{"allow":["GET"]}}],"collection":[{"href":"https:\/\/sbrc.sbc.org.br\/2025\/en\/wp-json\/wp\/v2\/pages"}],"about":[{"href":"https:\/\/sbrc.sbc.org.br\/2025\/en\/wp-json\/wp\/v2\/types\/page"}],"author":[{"embeddable":true,"href":"https:\/\/sbrc.sbc.org.br\/2025\/en\/wp-json\/wp\/v2\/users\/7"}],"replies":[{"embeddable":true,"href":"https:\/\/sbrc.sbc.org.br\/2025\/en\/wp-json\/wp\/v2\/comments?post=6477"}],"version-history":[{"count":12,"href":"https:\/\/sbrc.sbc.org.br\/2025\/en\/wp-json\/wp\/v2\/pages\/6477\/revisions"}],"predecessor-version":[{"id":7051,"href":"https:\/\/sbrc.sbc.org.br\/2025\/en\/wp-json\/wp\/v2\/pages\/6477\/revisions\/7051"}],"wp:attachment":[{"href":"https:\/\/sbrc.sbc.org.br\/2025\/en\/wp-json\/wp\/v2\/media?parent=6477"}],"curies":[{"name":"wp","href":"https:\/\/api.w.org\/{rel}","templated":true}]}}