{"id":6331,"date":"2025-01-10T10:57:49","date_gmt":"2025-01-10T13:57:49","guid":{"rendered":"https:\/\/sbrc.sbc.org.br\/2025\/?page_id=6331"},"modified":"2025-02-21T21:31:14","modified_gmt":"2025-02-22T00:31:14","slug":"ctd","status":"publish","type":"page","link":"https:\/\/sbrc.sbc.org.br\/2025\/en\/ctd\/","title":{"rendered":"Thesis and Dissertation Competition"},"content":{"rendered":"<div data-colibri-id=\"6331-c1\" class=\"style-1117 style-local-6331-c1 position-relative\">\n  <!---->\n  <div data-colibri-component=\"section\" data-colibri-id=\"6331-c2\" id=\"custom\" class=\"h-section h-section-global-spacing d-flex align-items-lg-center align-items-md-center align-items-center style-1118 style-local-6331-c2 position-relative\">\n    <!---->\n    <!---->\n    <div class=\"h-section-grid-container h-section-boxed-container\">\n      <!---->\n      <div data-colibri-id=\"6331-c3\" class=\"h-row-container gutters-row-lg-2 gutters-row-md-2 gutters-row-0 gutters-row-v-lg-2 gutters-row-v-md-2 gutters-row-v-2 style-1122 style-local-6331-c3 position-relative\">\n        <!---->\n        <div class=\"h-row justify-content-lg-center justify-content-md-center justify-content-center align-items-lg-stretch align-items-md-stretch align-items-stretch gutters-col-lg-2 gutters-col-md-2 gutters-col-0 gutters-col-v-lg-2 gutters-col-v-md-2 gutters-col-v-2\">\n          <!---->\n          <div class=\"h-column h-column-container d-flex h-col-lg-auto h-col-md-auto h-col-auto style-1123-outer style-local-6331-c4-outer\">\n            <div data-colibri-id=\"6331-c4\" class=\"d-flex h-flex-basis h-column__inner h-px-lg-2 h-px-md-2 h-px-2 v-inner-lg-2 v-inner-md-2 v-inner-2 style-1123 style-local-6331-c4 position-relative\">\n              <!---->\n              <!---->\n              <div class=\"w-100 h-y-container h-column__content h-column__v-align flex-basis-100 align-self-lg-start align-self-md-start align-self-start\">\n                <!---->\n                <div data-colibri-id=\"6331-c5\" class=\"h-text h-text-component style-1125 style-local-6331-c5 position-relative h-element\">\n                  <!---->\n                  <!---->\n                  <div class=\"\">\n                    <h1>CALL FOR PAPERS<\/h1>\n                  <\/div>\n                <\/div>\n              <\/div>\n            <\/div>\n          <\/div>\n        <\/div>\n      <\/div>\n      <div data-colibri-id=\"6331-c6\" class=\"h-row-container gutters-row-lg-2 gutters-row-md-2 gutters-row-0 gutters-row-v-lg-2 gutters-row-v-md-2 gutters-row-v-2 style-1119 style-local-6331-c6 position-relative\">\n        <!---->\n        <div class=\"h-row justify-content-lg-center justify-content-md-center justify-content-center align-items-lg-stretch align-items-md-stretch align-items-stretch gutters-col-lg-2 gutters-col-md-2 gutters-col-0 gutters-col-v-lg-2 gutters-col-v-md-2 gutters-col-v-2\">\n          <!---->\n          <div class=\"h-column h-column-container d-flex h-col-lg-auto h-col-md-auto h-col-auto style-1120-outer style-local-6331-c7-outer\">\n            <div data-colibri-id=\"6331-c7\" class=\"d-flex h-flex-basis h-column__inner h-px-lg-2 h-px-md-2 h-px-2 v-inner-lg-2 v-inner-md-2 v-inner-2 style-1120 style-local-6331-c7 position-relative\">\n              <!---->\n              <!---->\n              <div class=\"w-100 h-y-container h-column__content h-column__v-align flex-basis-100 align-self-lg-start align-self-md-start align-self-start\">\n                <!---->\n                <div data-colibri-id=\"6331-c8\" class=\"h-text h-text-component style-1121 style-local-6331-c8 position-relative h-element\">\n                  <!---->\n                  <!---->\n                  <div class=\"\">\n                    <h2>Important Dates<\/h2>\n                    <ul>\n                      <li>Submiss\u00e3o dos trabalhos: 28\/02\/2025<\/li>\n                      <li>Notification of selected papers: 03\/31\/2025<\/li>\n                      <li>Submission of papers final versions: 04\/15\/2025<\/li>\n                      <li>Registration deadline: 04\/20\/2025<\/li>\n                    <\/ul>\n                    <p>\n                      <br>\n                    <\/p>\n                    <h2>Presentation and Goals<\/h2>\n                    <p>The eighth edition of the Thesis and Dissertation Competition of the Brazilian Symposium on Computer Networks and Distributed Systems (CTD) aims to select and award the best Doctoral theses and the best Master's dissertations in the areas of computer networks and distributed systems. The theses and dissertations that compete this year will be evaluated according to the scientific and technological results already generated by the work, as well as their potential impact on society and the state of the art in the area.<\/p>\n                    <p>We invite researchers in the areas of computer networks and distributed systems to submit articles describing, in summary form, the results obtained in their theses and dissertations completed, defended, and approved between January 1st and December 31st, 2024. The event will award prizes to the three best Doctoral theses and the three best Master's dissertations.<\/p>\n                    <p>\n                      <br>\n                    <\/p>\n                    <h2>Topics of Interest<\/h2>\n                    <p>The themes of the theses and dissertations must be related to any topic in the areas of computer networks and distributed systems, including, but not limited to, those listed in the\n                      <a href=\"https:\/\/sbrc.sbc.org.br\/2025\/en\/trilha-principal\/\">Call for Papers to the SBRC 2025 Main Track<\/a>.<\/p>\n                    <p>\n                      <br>\n                    <\/p>\n                    <h2>Instructions for Authors<\/h2>\n                    <p>Submissions must be made electronically through the\n                      <a href=\"https:\/\/jems3.sbc.org.br\/sbrc2025-ctd\" class=\"customize-unpreviewable\">JEMS3<\/a>system. Each submission must contain four files, all in PDF format, as follows:<\/p>\n                    <p>1) Extended abstract written in Portuguese or English, respecting the maximum limit of 10 pages, including text, figures, references and appendices. The text formatting must follow the&nbsp;\n                      <a href=\"https:\/\/www.sbc.org.br\/wp-content\/uploads\/2024\/07\/modelosparapublicaodeartigos.zip\"\n                        class=\"customize-unpreviewable\">SBC Model for Publication of Articles.<\/a> It is also important to emphasize that articles to be submitted must follow the\n                      <a href=\"https:\/\/www.sbc.org.br\/documentos-da-sbc\/summary\/245-codigo-de-etica-sbc\/1489-revisao-e-atualizacao-do-codigo-de-conduta-para-autores\"\n                        class=\"customize-unpreviewable\">SBC's Code of Conduct for Authors in Publications<\/a>approved by the SBC Board in February 2024. In the article, the author must clearly state the contribution of the work to the field and the possibilities of its impact. The text must include, mandatorily, the title of the thesis or dissertation, the names of the author, the faculty advisors and co-advisors with their respective affiliations, abstract, characterization of the research problem and motivation, objectives and contributions, related works, results obtained, research methodology, public or private database, as well as any other elements. When necessary, the abstract may make references to the text of the thesis or dissertation.<\/p>\n                    <p>2) Text of the by-products (such as scientific articles, patents, registered programs, as well as any other elements that allow the qualification of the work), written in Portuguese or English, which should include the main scientific productions, respecting the maximum limit of 6 pages, also using the&nbsp;\n                      <a href=\"https:\/\/www.sbc.org.br\/wp-content\/uploads\/2024\/07\/modelosparapublicaodeartigos.zip\" class=\"customize-unpreviewable\">SBC Model for Publication of Articles.<\/a> The text of the by-products will serve, essentially, as a reference source to evaluate the impact of the by-products generated by the Doctoral thesis or Master's Dissertation. Authors are asked to indicate by-products of the work, such as articles in which they are first authors, with the respective number of citations; articles in which they acted as co-authors, also indicating the number of citations (the journal's impact factor and\/or the conference acceptance rate may be mentioned); patents, registered programs, and programs in the public or free domain, with their respective URLs, and; information on the impact of the by-products, including, but not limited to, number of downloads, number of registered users, number of views, etc. It is important to note that all by-products must be registered in the Lattes Curriculum. In addition, articles that have been accepted but not yet published must include the acceptance email.<\/p>\n                    <p>3) Full text of the thesis or dissertation, which will essentially serve as a source of reference for the evaluators on the results of the work, that is, the text itself will not undergo a review process.<\/p>\n                    <p>4) A scanned copy of the diploma or document proving that the thesis or dissertation was defended and approved. If it was approved with restrictions, show that the restriction was resolved.<\/p>\n                    <p>\n                      <br>\n                    <\/p>\n                    <h2>Awards<\/h2>\n                    <p>The CTD awards will be held according to the event schedule, still to be defined. It is mandatory that the author of the thesis or dissertation be registered in SBRC 2025 in any category to have their article published in the Extended Proceedings and be able to present the work during the event.<\/p>\n                    <p>\n                      <br>\n                    <\/p>\n                    <h2>Evaluation<\/h2>\n                    <p>Each paper will be evaluated by at least three members of the Evaluation Committee, who will analyze the material submitted by the authors. After the review and analysis phase, a discussion stage will be held between members of the Evaluation Committee to select the accepted papers.<\/p>\n                    <p>The selected papers will be published in the&nbsp;\n                      <a href=\"https:\/\/sol.sbc.org.br\/index.php\/sbrc_estendido\" class=\"customize-unpreviewable\">SBRC Extended Proceedings<\/a> and the author must present their paper in person during the CTD at SBRC 2025. For award purposes, the Evaluation Committee will take into account the complete paper, including the scientific and technological results already generated and potential, as well as the impact on the areas of computer networks and distributed systems. The quality of this oral presentation will also be evaluated and authors who do not present their papers at the CTD will not compete for the awards. The awards for the three best papers in each category will be held according to the event schedule, which is still to be defined. It is mandatory that the competitors be present at the award ceremony.<\/p>\n                    <p>\n                      <br>\n                    <\/p>\n                    <h2>Publication<\/h2>\n                    <p>The proceedings of the Thesis and Dissertation Contest will be published in the\n                      <a href=\"https:\/\/sol.sbc.org.br\/index.php\/sbrc_estendido\" class=\"customize-unpreviewable\">SBRC Extended Proceedings<\/a> on SBC OpenLib (SOL), the digital library maintained by SBC, and will be freely available to the entire society. All articles will be indexed with DOI and the proceedings will have an ISSN.<\/p>\n                    <p>\n                      <br>\n                    <\/p>\n                    <h2>Evaluation Committee<\/h2>\n                    <p>TBD<\/p>\n                    <p>\n                      <br>\n                    <\/p>\n                    <h2>Coordena\u00c7\u00c3O<\/h2>\n                    <ul>\n                      <li>Denis Ros\u00e1rio (UFPA)<\/li>\n                      <li>Luciano Paschoal Gaspary (UFRGS)<\/li>\n                    <\/ul>\n                    <p>\n                      <br>\n                    <\/p>\n                  <\/div>\n                <\/div>\n              <\/div>\n            <\/div>\n          <\/div>\n        <\/div>\n      <\/div>\n    <\/div>\n  <\/div>\n<\/div>","protected":false},"excerpt":{"rendered":"<p>CHAMADA DE TRABALHOS Datas Importantes Submiss\u00e3o dos trabalhos: 28\/02\/2025 Notifica\u00e7\u00e3o dos trabalhos selecionados: 31\/03\/2025 Envio das vers\u00f5es finais dos trabalhos: 15\/04\/2025 Prazo de inscri\u00e7\u00e3o: 20\/04\/2025 Apresenta\u00e7\u00e3o e Objetivos A oitava edi\u00e7\u00e3o do Concurso de Teses e Disserta\u00e7\u00f5es do Simp\u00f3sio Brasileiro de Redes de Computadores e Sistemas Distribu\u00eddos (CTD) tem por objetivo selecionar e premiar as [&hellip;]<\/p>\n","protected":false},"author":7,"featured_media":0,"parent":0,"menu_order":0,"comment_status":"closed","ping_status":"closed","template":"page-templates\/full-width-page.php","meta":{"footnotes":""},"class_list":["post-6331","page","type-page","status-publish","hentry"],"yoast_head":"<!-- This site is optimized with the Yoast SEO plugin v27.5 - https:\/\/yoast.com\/product\/yoast-seo-wordpress\/ -->\n<title>Concurso de Teses e Disserta\u00e7\u00f5es (CTD) - SBRC 2025<\/title>\n<meta name=\"robots\" content=\"index, follow, max-snippet:-1, max-image-preview:large, max-video-preview:-1\" \/>\n<link rel=\"canonical\" href=\"https:\/\/sbrc.sbc.org.br\/2025\/en\/ctd\/\" \/>\n<meta property=\"og:locale\" content=\"en_US\" \/>\n<meta property=\"og:type\" content=\"article\" \/>\n<meta property=\"og:title\" content=\"Concurso de Teses e Disserta\u00e7\u00f5es (CTD) - SBRC 2025\" \/>\n<meta property=\"og:description\" content=\"CHAMADA DE TRABALHOS Datas Importantes Submiss\u00e3o dos trabalhos: 28\/02\/2025 Notifica\u00e7\u00e3o dos trabalhos selecionados: 31\/03\/2025 Envio das vers\u00f5es finais dos trabalhos: 15\/04\/2025 Prazo de inscri\u00e7\u00e3o: 20\/04\/2025 Apresenta\u00e7\u00e3o e Objetivos A oitava edi\u00e7\u00e3o do Concurso de Teses e Disserta\u00e7\u00f5es do Simp\u00f3sio Brasileiro de Redes de Computadores e Sistemas Distribu\u00eddos (CTD) tem por objetivo selecionar e premiar as [&hellip;]\" \/>\n<meta property=\"og:url\" content=\"https:\/\/sbrc.sbc.org.br\/2025\/en\/ctd\/\" \/>\n<meta property=\"og:site_name\" content=\"SBRC 2025\" \/>\n<meta property=\"article:modified_time\" content=\"2025-02-22T00:31:14+00:00\" \/>\n<meta property=\"og:image\" content=\"https:\/\/sbrc.sbc.org.br\/2025\/wp-content\/uploads\/2024\/07\/Captura-de-tela-2024-07-04-115159.png\" \/>\n\t<meta property=\"og:image:width\" content=\"821\" \/>\n\t<meta property=\"og:image:height\" content=\"466\" \/>\n\t<meta property=\"og:image:type\" content=\"image\/png\" \/>\n<meta name=\"twitter:card\" content=\"summary_large_image\" \/>\n<meta name=\"twitter:label1\" content=\"Est. reading time\" \/>\n\t<meta name=\"twitter:data1\" content=\"6 minutes\" \/>\n<script type=\"application\/ld+json\" class=\"yoast-schema-graph\">{\"@context\":\"https:\\\/\\\/schema.org\",\"@graph\":[{\"@type\":\"WebPage\",\"@id\":\"https:\\\/\\\/sbrc.sbc.org.br\\\/2025\\\/ctd\\\/\",\"url\":\"https:\\\/\\\/sbrc.sbc.org.br\\\/2025\\\/ctd\\\/\",\"name\":\"Concurso de Teses e Disserta\u00e7\u00f5es (CTD) - SBRC 2025\",\"isPartOf\":{\"@id\":\"https:\\\/\\\/sbrc.sbc.org.br\\\/2025\\\/#website\"},\"datePublished\":\"2025-01-10T13:57:49+00:00\",\"dateModified\":\"2025-02-22T00:31:14+00:00\",\"breadcrumb\":{\"@id\":\"https:\\\/\\\/sbrc.sbc.org.br\\\/2025\\\/ctd\\\/#breadcrumb\"},\"inLanguage\":\"en-US\",\"potentialAction\":[{\"@type\":\"ReadAction\",\"target\":[\"https:\\\/\\\/sbrc.sbc.org.br\\\/2025\\\/ctd\\\/\"]}]},{\"@type\":\"BreadcrumbList\",\"@id\":\"https:\\\/\\\/sbrc.sbc.org.br\\\/2025\\\/ctd\\\/#breadcrumb\",\"itemListElement\":[{\"@type\":\"ListItem\",\"position\":1,\"name\":\"In\u00edcio\",\"item\":\"https:\\\/\\\/sbrc.sbc.org.br\\\/2025\\\/\"},{\"@type\":\"ListItem\",\"position\":2,\"name\":\"Concurso de Teses e Disserta\u00e7\u00f5es (CTD)\"}]},{\"@type\":\"WebSite\",\"@id\":\"https:\\\/\\\/sbrc.sbc.org.br\\\/2025\\\/#website\",\"url\":\"https:\\\/\\\/sbrc.sbc.org.br\\\/2025\\\/\",\"name\":\"SBRC 2025\",\"description\":\"43\u00ba Simp\u00f3sio Brasileiro de Redes de Computadores e Sistemas Distribu\u00eddos\",\"publisher\":{\"@id\":\"https:\\\/\\\/sbrc.sbc.org.br\\\/2025\\\/#organization\"},\"potentialAction\":[{\"@type\":\"SearchAction\",\"target\":{\"@type\":\"EntryPoint\",\"urlTemplate\":\"https:\\\/\\\/sbrc.sbc.org.br\\\/2025\\\/?s={search_term_string}\"},\"query-input\":{\"@type\":\"PropertyValueSpecification\",\"valueRequired\":true,\"valueName\":\"search_term_string\"}}],\"inLanguage\":\"en-US\"},{\"@type\":\"Organization\",\"@id\":\"https:\\\/\\\/sbrc.sbc.org.br\\\/2025\\\/#organization\",\"name\":\"SBRC 2025\",\"url\":\"https:\\\/\\\/sbrc.sbc.org.br\\\/2025\\\/\",\"logo\":{\"@type\":\"ImageObject\",\"inLanguage\":\"en-US\",\"@id\":\"https:\\\/\\\/sbrc.sbc.org.br\\\/2025\\\/#\\\/schema\\\/logo\\\/image\\\/\",\"url\":\"https:\\\/\\\/sbrc.sbc.org.br\\\/2025\\\/wp-content\\\/uploads\\\/2024\\\/04\\\/cropped-cropped-v2@4x-1.png\",\"contentUrl\":\"https:\\\/\\\/sbrc.sbc.org.br\\\/2025\\\/wp-content\\\/uploads\\\/2024\\\/04\\\/cropped-cropped-v2@4x-1.png\",\"width\":5226,\"height\":4892,\"caption\":\"SBRC 2025\"},\"image\":{\"@id\":\"https:\\\/\\\/sbrc.sbc.org.br\\\/2025\\\/#\\\/schema\\\/logo\\\/image\\\/\"},\"sameAs\":[\"https:\\\/\\\/www.instagram.com\\\/simposio.sbrc\\\/\"]}]}<\/script>\n<!-- \/ Yoast SEO plugin. -->","yoast_head_json":{"title":"Concurso de Teses e Disserta\u00e7\u00f5es (CTD) - SBRC 2025","robots":{"index":"index","follow":"follow","max-snippet":"max-snippet:-1","max-image-preview":"max-image-preview:large","max-video-preview":"max-video-preview:-1"},"canonical":"https:\/\/sbrc.sbc.org.br\/2025\/en\/ctd\/","og_locale":"en_US","og_type":"article","og_title":"Concurso de Teses e Disserta\u00e7\u00f5es (CTD) - SBRC 2025","og_description":"CHAMADA DE TRABALHOS Datas Importantes Submiss\u00e3o dos trabalhos: 28\/02\/2025 Notifica\u00e7\u00e3o dos trabalhos selecionados: 31\/03\/2025 Envio das vers\u00f5es finais dos trabalhos: 15\/04\/2025 Prazo de inscri\u00e7\u00e3o: 20\/04\/2025 Apresenta\u00e7\u00e3o e Objetivos A oitava edi\u00e7\u00e3o do Concurso de Teses e Disserta\u00e7\u00f5es do Simp\u00f3sio Brasileiro de Redes de Computadores e Sistemas Distribu\u00eddos (CTD) tem por objetivo selecionar e premiar as [&hellip;]","og_url":"https:\/\/sbrc.sbc.org.br\/2025\/en\/ctd\/","og_site_name":"SBRC 2025","article_modified_time":"2025-02-22T00:31:14+00:00","og_image":[{"width":821,"height":466,"url":"https:\/\/sbrc.sbc.org.br\/2025\/wp-content\/uploads\/2024\/07\/Captura-de-tela-2024-07-04-115159.png","type":"image\/png"}],"twitter_card":"summary_large_image","twitter_misc":{"Est. reading time":"6 minutes"},"schema":{"@context":"https:\/\/schema.org","@graph":[{"@type":"WebPage","@id":"https:\/\/sbrc.sbc.org.br\/2025\/ctd\/","url":"https:\/\/sbrc.sbc.org.br\/2025\/ctd\/","name":"Concurso de Teses e Disserta\u00e7\u00f5es (CTD) - SBRC 2025","isPartOf":{"@id":"https:\/\/sbrc.sbc.org.br\/2025\/#website"},"datePublished":"2025-01-10T13:57:49+00:00","dateModified":"2025-02-22T00:31:14+00:00","breadcrumb":{"@id":"https:\/\/sbrc.sbc.org.br\/2025\/ctd\/#breadcrumb"},"inLanguage":"en-US","potentialAction":[{"@type":"ReadAction","target":["https:\/\/sbrc.sbc.org.br\/2025\/ctd\/"]}]},{"@type":"BreadcrumbList","@id":"https:\/\/sbrc.sbc.org.br\/2025\/ctd\/#breadcrumb","itemListElement":[{"@type":"ListItem","position":1,"name":"In\u00edcio","item":"https:\/\/sbrc.sbc.org.br\/2025\/"},{"@type":"ListItem","position":2,"name":"Concurso de Teses e Disserta\u00e7\u00f5es (CTD)"}]},{"@type":"WebSite","@id":"https:\/\/sbrc.sbc.org.br\/2025\/#website","url":"https:\/\/sbrc.sbc.org.br\/2025\/","name":"SBRC 2025","description":"43\u00ba Simp\u00f3sio Brasileiro de Redes de Computadores e Sistemas Distribu\u00eddos","publisher":{"@id":"https:\/\/sbrc.sbc.org.br\/2025\/#organization"},"potentialAction":[{"@type":"SearchAction","target":{"@type":"EntryPoint","urlTemplate":"https:\/\/sbrc.sbc.org.br\/2025\/?s={search_term_string}"},"query-input":{"@type":"PropertyValueSpecification","valueRequired":true,"valueName":"search_term_string"}}],"inLanguage":"en-US"},{"@type":"Organization","@id":"https:\/\/sbrc.sbc.org.br\/2025\/#organization","name":"SBRC 2025","url":"https:\/\/sbrc.sbc.org.br\/2025\/","logo":{"@type":"ImageObject","inLanguage":"en-US","@id":"https:\/\/sbrc.sbc.org.br\/2025\/#\/schema\/logo\/image\/","url":"https:\/\/sbrc.sbc.org.br\/2025\/wp-content\/uploads\/2024\/04\/cropped-cropped-v2@4x-1.png","contentUrl":"https:\/\/sbrc.sbc.org.br\/2025\/wp-content\/uploads\/2024\/04\/cropped-cropped-v2@4x-1.png","width":5226,"height":4892,"caption":"SBRC 2025"},"image":{"@id":"https:\/\/sbrc.sbc.org.br\/2025\/#\/schema\/logo\/image\/"},"sameAs":["https:\/\/www.instagram.com\/simposio.sbrc\/"]}]}},"_links":{"self":[{"href":"https:\/\/sbrc.sbc.org.br\/2025\/en\/wp-json\/wp\/v2\/pages\/6331","targetHints":{"allow":["GET"]}}],"collection":[{"href":"https:\/\/sbrc.sbc.org.br\/2025\/en\/wp-json\/wp\/v2\/pages"}],"about":[{"href":"https:\/\/sbrc.sbc.org.br\/2025\/en\/wp-json\/wp\/v2\/types\/page"}],"author":[{"embeddable":true,"href":"https:\/\/sbrc.sbc.org.br\/2025\/en\/wp-json\/wp\/v2\/users\/7"}],"replies":[{"embeddable":true,"href":"https:\/\/sbrc.sbc.org.br\/2025\/en\/wp-json\/wp\/v2\/comments?post=6331"}],"version-history":[{"count":7,"href":"https:\/\/sbrc.sbc.org.br\/2025\/en\/wp-json\/wp\/v2\/pages\/6331\/revisions"}],"predecessor-version":[{"id":6682,"href":"https:\/\/sbrc.sbc.org.br\/2025\/en\/wp-json\/wp\/v2\/pages\/6331\/revisions\/6682"}],"wp:attachment":[{"href":"https:\/\/sbrc.sbc.org.br\/2025\/en\/wp-json\/wp\/v2\/media?parent=6331"}],"curies":[{"name":"wp","href":"https:\/\/api.w.org\/{rel}","templated":true}]}}