{"id":570,"date":"2022-10-23T21:45:12","date_gmt":"2022-10-24T00:45:12","guid":{"rendered":"https:\/\/sbrc.sbc.org.br\/2025\/?page_id=570"},"modified":"2024-10-28T14:48:04","modified_gmt":"2024-10-28T17:48:04","slug":"sobre-o-evento","status":"publish","type":"page","link":"https:\/\/sbrc.sbc.org.br\/2025\/en\/sobre-o-evento\/","title":{"rendered":"About the Symposium"},"content":{"rendered":"<div data-colibri-id=\"570-c1\" class=\"style-932 style-local-570-c1 position-relative\">\n  <!---->\n  <div data-colibri-component=\"section\" data-colibri-id=\"570-c2\" id=\"initial-content\" class=\"h-section h-section-global-spacing d-flex align-items-lg-center align-items-md-center align-items-center style-933 style-local-570-c2 position-relative\">\n    <!---->\n    <!---->\n    <div class=\"h-section-grid-container h-section-boxed-container\">\n      <!---->\n      <div data-colibri-id=\"570-c3\" class=\"h-row-container gutters-row-lg-2 gutters-row-md-2 gutters-row-0 gutters-row-v-lg-2 gutters-row-v-md-2 gutters-row-v-2 style-934 style-local-570-c3 position-relative\">\n        <!---->\n        <div class=\"h-row justify-content-lg-center justify-content-md-center justify-content-center align-items-lg-stretch align-items-md-stretch align-items-stretch gutters-col-lg-2 gutters-col-md-2 gutters-col-0 gutters-col-v-lg-2 gutters-col-v-md-2 gutters-col-v-2\">\n          <!---->\n          <div class=\"h-column h-column-container d-flex h-col-lg-auto h-col-md-auto h-col-auto style-935-outer style-local-570-c4-outer\">\n            <div data-colibri-id=\"570-c4\" class=\"d-flex h-flex-basis h-column__inner h-px-lg-2 h-px-md-2 h-px-2 v-inner-lg-2 v-inner-md-2 v-inner-2 style-935 style-local-570-c4 position-relative\">\n              <!---->\n              <!---->\n              <div class=\"w-100 h-y-container h-column__content h-column__v-align flex-basis-100 align-self-lg-start align-self-md-start align-self-start\">\n                <!---->\n                <div data-colibri-id=\"570-c5\" class=\"h-text h-text-component style-937 style-local-570-c5 position-relative h-element\">\n                  <!---->\n                  <!---->\n                  <div class=\"\">\n                    <p class=\"translation-block\">The\u00a0<strong>Brazilian Symposium on Computer Networks and Distributed Systems (SBRC)<\/strong>\u00a0is an event that is held annually by the Computer Networks and Distributed Systems Special Committee (CE-RESD) of the\u00a0<a href=\"https:\/\/www.sbc.org.br\" class=\"customize-unpreviewable\" target=\"_self\"> Brazilian Computer Society (SBC)<\/a>\u00a0and the\u00a0<a href=\"http:\/\/larc.org.br\" class=\"customize-unpreviewable\" target=\"_self\"> Computer Networks Laboratory (LARC)<\/a>. Over the course of more than four decades, SBRC has established itself as the most important national scientific event in the fields of computer networks and distributed systems, reaching a broad international audience with the attendance of researchers and professionals from Latin America and other parts of the world.<\/p>\n                    <p class=\"translation-block\">The relevance of the SBRC can be observed through the number of paper submissions and attendees in its various editions. The Main Track of the Symposium has been annually receiving an average of 300 submissions, of which between 30% and 35% are accepted for publication and oral presentation. In addition to the presentation of such papers, SBRC's program typically includes lectures given by Brazilian and foreign researchers, mini-courses, discussion panels, tool demonstrations and\u00a0\u00a0<em>workshops<\/em>.<\/p>\n                    <p>In 2025, the 43rd edition of SBRC will take place&nbsp;<strong>physically<\/strong>&nbsp;from <strong>May 19th to May 23rd, 2025<\/strong>&nbsp;in&nbsp;<strong>Natal, Rio Grande do Norte<\/strong>. A organiza\u00e7\u00e3o do SBRC 2025\n                      est\u00e1 sob responsabilidade da Universidade Federal do Rio Grande do Norte (UFRN) juntamente com o Instituto Federal de Educa\u00e7\u00e3o, Ci\u00eancia e Tecnologia do Rio Grande do Norte (IFRN).<\/p>\n                  <\/div>\n                <\/div>\n              <\/div>\n            <\/div>\n          <\/div>\n        <\/div>\n      <\/div>\n    <\/div>\n  <\/div>\n<\/div>","protected":false},"excerpt":{"rendered":"<p>O&nbsp;Simp\u00f3sio Brasileiro de Redes de Computadores e Sistemas Distribu\u00eddos (SBRC)&nbsp;\u00e9 um evento realizado anualmente pela Comiss\u00e3o Especial de Redes de Computadores e Sistemas Distribu\u00eddos (CE-RESD) da&nbsp; Sociedade Brasileira de Computa\u00e7\u00e3o (SBC)&nbsp;e pelo&nbsp; Laborat\u00f3rio de Redes de Computadores (LARC). Ao longo de mais de quatro d\u00e9cadas de realiza\u00e7\u00e3o, o SBRC firmou-se como o mais importante evento [&hellip;]<\/p>\n","protected":false},"author":6,"featured_media":0,"parent":0,"menu_order":0,"comment_status":"closed","ping_status":"closed","template":"page-templates\/full-width-page.php","meta":{"footnotes":""},"class_list":["post-570","page","type-page","status-publish","hentry"],"yoast_head":"<!-- This site is optimized with the Yoast SEO plugin v27.5 - https:\/\/yoast.com\/product\/yoast-seo-wordpress\/ -->\n<title>Sobre o evento - SBRC 2025<\/title>\n<meta name=\"robots\" content=\"index, follow, max-snippet:-1, max-image-preview:large, max-video-preview:-1\" \/>\n<link rel=\"canonical\" href=\"https:\/\/sbrc.sbc.org.br\/2025\/en\/sobre-o-evento\/\" \/>\n<meta property=\"og:locale\" content=\"en_US\" \/>\n<meta property=\"og:type\" content=\"article\" \/>\n<meta property=\"og:title\" content=\"Sobre o evento - SBRC 2025\" \/>\n<meta property=\"og:description\" content=\"O&nbsp;Simp\u00f3sio Brasileiro de Redes de Computadores e Sistemas Distribu\u00eddos (SBRC)&nbsp;\u00e9 um evento realizado anualmente pela Comiss\u00e3o Especial de Redes de Computadores e Sistemas Distribu\u00eddos (CE-RESD) da&nbsp; Sociedade Brasileira de Computa\u00e7\u00e3o (SBC)&nbsp;e pelo&nbsp; Laborat\u00f3rio de Redes de Computadores (LARC). Ao longo de mais de quatro d\u00e9cadas de realiza\u00e7\u00e3o, o SBRC firmou-se como o mais importante evento [&hellip;]\" \/>\n<meta property=\"og:url\" content=\"https:\/\/sbrc.sbc.org.br\/2025\/en\/sobre-o-evento\/\" \/>\n<meta property=\"og:site_name\" content=\"SBRC 2025\" \/>\n<meta property=\"article:modified_time\" content=\"2024-10-28T17:48:04+00:00\" \/>\n<meta property=\"og:image\" content=\"https:\/\/sbrc.sbc.org.br\/2025\/wp-content\/uploads\/2024\/07\/Captura-de-tela-2024-07-04-115159.png\" \/>\n\t<meta property=\"og:image:width\" content=\"821\" \/>\n\t<meta property=\"og:image:height\" content=\"466\" \/>\n\t<meta property=\"og:image:type\" content=\"image\/png\" \/>\n<meta name=\"twitter:card\" content=\"summary_large_image\" \/>\n<meta name=\"twitter:label1\" content=\"Est. reading time\" \/>\n\t<meta name=\"twitter:data1\" content=\"2 minutes\" \/>\n<script type=\"application\/ld+json\" class=\"yoast-schema-graph\">{\"@context\":\"https:\\\/\\\/schema.org\",\"@graph\":[{\"@type\":\"WebPage\",\"@id\":\"https:\\\/\\\/sbrc.sbc.org.br\\\/2025\\\/sobre-o-evento\\\/\",\"url\":\"https:\\\/\\\/sbrc.sbc.org.br\\\/2025\\\/sobre-o-evento\\\/\",\"name\":\"Sobre o evento - SBRC 2025\",\"isPartOf\":{\"@id\":\"https:\\\/\\\/sbrc.sbc.org.br\\\/2025\\\/#website\"},\"datePublished\":\"2022-10-24T00:45:12+00:00\",\"dateModified\":\"2024-10-28T17:48:04+00:00\",\"breadcrumb\":{\"@id\":\"https:\\\/\\\/sbrc.sbc.org.br\\\/2025\\\/sobre-o-evento\\\/#breadcrumb\"},\"inLanguage\":\"en-US\",\"potentialAction\":[{\"@type\":\"ReadAction\",\"target\":[\"https:\\\/\\\/sbrc.sbc.org.br\\\/2025\\\/sobre-o-evento\\\/\"]}]},{\"@type\":\"BreadcrumbList\",\"@id\":\"https:\\\/\\\/sbrc.sbc.org.br\\\/2025\\\/sobre-o-evento\\\/#breadcrumb\",\"itemListElement\":[{\"@type\":\"ListItem\",\"position\":1,\"name\":\"In\u00edcio\",\"item\":\"https:\\\/\\\/sbrc.sbc.org.br\\\/2025\\\/\"},{\"@type\":\"ListItem\",\"position\":2,\"name\":\"Sobre o evento\"}]},{\"@type\":\"WebSite\",\"@id\":\"https:\\\/\\\/sbrc.sbc.org.br\\\/2025\\\/#website\",\"url\":\"https:\\\/\\\/sbrc.sbc.org.br\\\/2025\\\/\",\"name\":\"SBRC 2025\",\"description\":\"43\u00ba Simp\u00f3sio Brasileiro de Redes de Computadores e Sistemas Distribu\u00eddos\",\"publisher\":{\"@id\":\"https:\\\/\\\/sbrc.sbc.org.br\\\/2025\\\/#organization\"},\"potentialAction\":[{\"@type\":\"SearchAction\",\"target\":{\"@type\":\"EntryPoint\",\"urlTemplate\":\"https:\\\/\\\/sbrc.sbc.org.br\\\/2025\\\/?s={search_term_string}\"},\"query-input\":{\"@type\":\"PropertyValueSpecification\",\"valueRequired\":true,\"valueName\":\"search_term_string\"}}],\"inLanguage\":\"en-US\"},{\"@type\":\"Organization\",\"@id\":\"https:\\\/\\\/sbrc.sbc.org.br\\\/2025\\\/#organization\",\"name\":\"SBRC 2025\",\"url\":\"https:\\\/\\\/sbrc.sbc.org.br\\\/2025\\\/\",\"logo\":{\"@type\":\"ImageObject\",\"inLanguage\":\"en-US\",\"@id\":\"https:\\\/\\\/sbrc.sbc.org.br\\\/2025\\\/#\\\/schema\\\/logo\\\/image\\\/\",\"url\":\"https:\\\/\\\/sbrc.sbc.org.br\\\/2025\\\/wp-content\\\/uploads\\\/2024\\\/04\\\/cropped-cropped-v2@4x-1.png\",\"contentUrl\":\"https:\\\/\\\/sbrc.sbc.org.br\\\/2025\\\/wp-content\\\/uploads\\\/2024\\\/04\\\/cropped-cropped-v2@4x-1.png\",\"width\":5226,\"height\":4892,\"caption\":\"SBRC 2025\"},\"image\":{\"@id\":\"https:\\\/\\\/sbrc.sbc.org.br\\\/2025\\\/#\\\/schema\\\/logo\\\/image\\\/\"},\"sameAs\":[\"https:\\\/\\\/www.instagram.com\\\/simposio.sbrc\\\/\"]}]}<\/script>\n<!-- \/ Yoast SEO plugin. -->","yoast_head_json":{"title":"Sobre o evento - SBRC 2025","robots":{"index":"index","follow":"follow","max-snippet":"max-snippet:-1","max-image-preview":"max-image-preview:large","max-video-preview":"max-video-preview:-1"},"canonical":"https:\/\/sbrc.sbc.org.br\/2025\/en\/sobre-o-evento\/","og_locale":"en_US","og_type":"article","og_title":"Sobre o evento - SBRC 2025","og_description":"O&nbsp;Simp\u00f3sio Brasileiro de Redes de Computadores e Sistemas Distribu\u00eddos (SBRC)&nbsp;\u00e9 um evento realizado anualmente pela Comiss\u00e3o Especial de Redes de Computadores e Sistemas Distribu\u00eddos (CE-RESD) da&nbsp; Sociedade Brasileira de Computa\u00e7\u00e3o (SBC)&nbsp;e pelo&nbsp; Laborat\u00f3rio de Redes de Computadores (LARC). Ao longo de mais de quatro d\u00e9cadas de realiza\u00e7\u00e3o, o SBRC firmou-se como o mais importante evento [&hellip;]","og_url":"https:\/\/sbrc.sbc.org.br\/2025\/en\/sobre-o-evento\/","og_site_name":"SBRC 2025","article_modified_time":"2024-10-28T17:48:04+00:00","og_image":[{"width":821,"height":466,"url":"https:\/\/sbrc.sbc.org.br\/2025\/wp-content\/uploads\/2024\/07\/Captura-de-tela-2024-07-04-115159.png","type":"image\/png"}],"twitter_card":"summary_large_image","twitter_misc":{"Est. reading time":"2 minutes"},"schema":{"@context":"https:\/\/schema.org","@graph":[{"@type":"WebPage","@id":"https:\/\/sbrc.sbc.org.br\/2025\/sobre-o-evento\/","url":"https:\/\/sbrc.sbc.org.br\/2025\/sobre-o-evento\/","name":"Sobre o evento - SBRC 2025","isPartOf":{"@id":"https:\/\/sbrc.sbc.org.br\/2025\/#website"},"datePublished":"2022-10-24T00:45:12+00:00","dateModified":"2024-10-28T17:48:04+00:00","breadcrumb":{"@id":"https:\/\/sbrc.sbc.org.br\/2025\/sobre-o-evento\/#breadcrumb"},"inLanguage":"en-US","potentialAction":[{"@type":"ReadAction","target":["https:\/\/sbrc.sbc.org.br\/2025\/sobre-o-evento\/"]}]},{"@type":"BreadcrumbList","@id":"https:\/\/sbrc.sbc.org.br\/2025\/sobre-o-evento\/#breadcrumb","itemListElement":[{"@type":"ListItem","position":1,"name":"In\u00edcio","item":"https:\/\/sbrc.sbc.org.br\/2025\/"},{"@type":"ListItem","position":2,"name":"Sobre o evento"}]},{"@type":"WebSite","@id":"https:\/\/sbrc.sbc.org.br\/2025\/#website","url":"https:\/\/sbrc.sbc.org.br\/2025\/","name":"SBRC 2025","description":"43\u00ba Simp\u00f3sio Brasileiro de Redes de Computadores e Sistemas Distribu\u00eddos","publisher":{"@id":"https:\/\/sbrc.sbc.org.br\/2025\/#organization"},"potentialAction":[{"@type":"SearchAction","target":{"@type":"EntryPoint","urlTemplate":"https:\/\/sbrc.sbc.org.br\/2025\/?s={search_term_string}"},"query-input":{"@type":"PropertyValueSpecification","valueRequired":true,"valueName":"search_term_string"}}],"inLanguage":"en-US"},{"@type":"Organization","@id":"https:\/\/sbrc.sbc.org.br\/2025\/#organization","name":"SBRC 2025","url":"https:\/\/sbrc.sbc.org.br\/2025\/","logo":{"@type":"ImageObject","inLanguage":"en-US","@id":"https:\/\/sbrc.sbc.org.br\/2025\/#\/schema\/logo\/image\/","url":"https:\/\/sbrc.sbc.org.br\/2025\/wp-content\/uploads\/2024\/04\/cropped-cropped-v2@4x-1.png","contentUrl":"https:\/\/sbrc.sbc.org.br\/2025\/wp-content\/uploads\/2024\/04\/cropped-cropped-v2@4x-1.png","width":5226,"height":4892,"caption":"SBRC 2025"},"image":{"@id":"https:\/\/sbrc.sbc.org.br\/2025\/#\/schema\/logo\/image\/"},"sameAs":["https:\/\/www.instagram.com\/simposio.sbrc\/"]}]}},"_links":{"self":[{"href":"https:\/\/sbrc.sbc.org.br\/2025\/en\/wp-json\/wp\/v2\/pages\/570","targetHints":{"allow":["GET"]}}],"collection":[{"href":"https:\/\/sbrc.sbc.org.br\/2025\/en\/wp-json\/wp\/v2\/pages"}],"about":[{"href":"https:\/\/sbrc.sbc.org.br\/2025\/en\/wp-json\/wp\/v2\/types\/page"}],"author":[{"embeddable":true,"href":"https:\/\/sbrc.sbc.org.br\/2025\/en\/wp-json\/wp\/v2\/users\/6"}],"replies":[{"embeddable":true,"href":"https:\/\/sbrc.sbc.org.br\/2025\/en\/wp-json\/wp\/v2\/comments?post=570"}],"version-history":[{"count":16,"href":"https:\/\/sbrc.sbc.org.br\/2025\/en\/wp-json\/wp\/v2\/pages\/570\/revisions"}],"predecessor-version":[{"id":6049,"href":"https:\/\/sbrc.sbc.org.br\/2025\/en\/wp-json\/wp\/v2\/pages\/570\/revisions\/6049"}],"wp:attachment":[{"href":"https:\/\/sbrc.sbc.org.br\/2025\/en\/wp-json\/wp\/v2\/media?parent=570"}],"curies":[{"name":"wp","href":"https:\/\/api.w.org\/{rel}","templated":true}]}}