{"id":4266,"date":"2024-05-02T17:17:31","date_gmt":"2024-05-02T20:17:31","guid":{"rendered":"https:\/\/sbrc.sbc.org.br\/2025\/?page_id=4266"},"modified":"2024-05-14T11:37:46","modified_gmt":"2024-05-14T14:37:46","slug":"como-chegar","status":"publish","type":"page","link":"https:\/\/sbrc.sbc.org.br\/2025\/en\/como-chegar\/","title":{"rendered":"Travel Information"},"content":{"rendered":"<p class=\"translation-block\"><strong>Getting to Natal by plane.<\/strong>\u00a0The largest airport in the State of Rio Grande do Norte is the\u00a0<a href=\"https:\/\/natal-airport.com\/\" target=\"_self\">Natal International Airport - S\u00e3o Gon\u00e7alo do Amarante\/Governador Alu\u00edzio Alves (NAT)<\/a>, located in the municipality of S\u00e3o Gon\u00e7alo do Amarante, adjacent to Natal. Serving the capital and its metropolitan region, this new airport opened in May 2014 and is considered one of the best in Brazil. The leading domestic airlines, LATAM, Gol, Azul, and Voepass, operate at Natal airport with direct flights connecting the city to other major Brazilian cities, such as Fortaleza (45 min), Recife (50 min), Salvador (1h20), Bras\u00edlia (2h20), Belo Horizonte (2h25), Rio de Janeiro (2h45), and S\u00e3o Paulo (3h). Direct international flights also connect Natal to Lisbon, Portugal, operated by TAP Air Portugal (7h), and to Buenos Aires, Argentina, operated by Gol (5h). The domestic connections to other cities in Brazil make reaching Natal from Europe or North America easy.<\/p>\n\n\n\n<p>Natal International Airport is approximately 35 km from Via Costeira and Ponta Negra Beach, the city's main hotel and tourist areas. There are several options to facilitate travel to\/from the airport and ensure a smooth and pleasant travel experience:<\/p>\n\n\n\n<ol class=\"wp-block-list\">\n<li style=\"padding-bottom: 15px\" class=\"translation-block\"><b><em>Transfer services.<\/em><\/b> Upon arrival at the airport, there are counters from companies that offer on-demand transfer services. Sites such as <a href=\"http:\/\/transferaeroportonatal.net\/\" target=\"_self\">Transfer Aeroporto Natal<\/a> and <a href=\"https:\/\/www.transfernatalvip.com.br\/\" target=\"_self\">Transfer Natal VIP<\/a> also offer reliable and well-rated transfer services, providing comfortable and safe transport to the desired location. Another option is to use digital platforms like <a href=\"https:\/\/www.civitatis.com\/pt\/natal\/transfers\/\" target=\"_self\">Civitatis<\/a>.<\/li>\n\n\n\n<li style=\"padding-bottom: 15px\" class=\"translation-block\"><b><em>Ride apps.<\/b><\/em> The Uber and 99 platforms, widely used in Brazil, operate app-based passenger transport services, providing an efficient and convenient way to reach your destination from the airport and vice versa. To use it, request a ride in the app (taking advantage of the airport's free Wi-Fi network) and wait for the driver in the covered area outside the terminal exit.<\/li>\n\n\n\n<li style=\"padding-bottom: 15px\" class=\"translation-block\"><b><em>Taxis.<\/em><\/b> axis are readily available in the airport's departure and arrival halls, providing direct, convenient transport to your destination in Natal. <a href=\"https:\/\/coopcon.com.br\/\" target=\"_self\">Coopcon - S\u00e3o Gon\u00e7alo do Amarante Taxi Drivers Cooperative<\/a> is the only taxi company accredited to the airport and operates in Natal and S\u00e3o Gon\u00e7alo do Amarante, with trained and qualified drivers.<\/li>\n\n\n\n<li class=\"translation-block\"><b><em>Car rental.<\/em><\/b> At the airport, there are several car rental options available to travelers. The <a href=\"https:\/\/natal-airport.com\/aluguel-de-carros\" target=\"_self\">main car rental companies at the airport<\/a> are Foco, Localiza, Movida, and Unidas. These companies offer a range of vehicles and services to meet the diverse needs of travelers arriving at the airport.<\/li>\n<\/ol>\n\n\n\n<p>When choosing the most suitable transport option, it is crucial to consider factors such as cost, convenience, and the location of the arrival or departure point. Furthermore, ensuring that the service you choose is reliable and meets security standards is essential.<\/p>\n\n\n\n<p class=\"translation-block\"><strong>Getting to Natal by car.<\/strong>\u00a0The BR-101 federal highway is the most important access linking Natal to other cities along the Northeast coast and the Southeast\/South of Brazil along the north-south coast. For those from cities like Fortaleza and Teresina, another common access is the federal highway BR-304, which comes from the west of Rio Grande do Norte. Regarding the capitals of the nearest states, the average driving time between Natal and Jo\u00e3o Pessoa (181 km away) is 2h25, between Natal and Recife (291 km away) is 4h20, and between Natal and Fortaleza (521 km away) is 7h55.<\/p>\n\n\n\n<p class=\"translation-block\"><strong>Getting to Natal by bus.<\/strong>\u00a0The main ground terminal in Rio Grande do Norte is the\u00a0<a href=\"https:\/\/www.rodoviarianatal.com.br\/\" target=\"_self\">Natal Bus Terminal<\/a>, situated in the Cidade da Esperan\u00e7a neighborhood, western zone of Natal. Several bus companies operate routes within Rio Grande do Norte and to\/from all major cities in the Northeast and many other cities in Brazil. For the capitals of the nearest states, the average bus travel time between Natal and Jo\u00e3o Pessoa (193 km away) is 3h, between Natal and Recife (291 km away) is 5h45, and between Natal and Fortaleza (524 km away) is 9h45.<\/p>","protected":false},"excerpt":{"rendered":"<p>Chegando a Natal de avi\u00e3o. O maior aeroporto no Estado do Rio Grande do Norte \u00e9 o Aeroporto Internacional de Natal &#8211; S\u00e3o Gon\u00e7alo do Amarante\/Governador Alu\u00edzio Alves (NAT), localizado no munic\u00edpio de S\u00e3o Gon\u00e7alo do Amarante, vizinho a Natal. Servindo a capital e sua Regi\u00e3o Metropolitana, esse novo aeroporto foi aberto em maio de [&hellip;]<\/p>\n","protected":false},"author":7,"featured_media":0,"parent":0,"menu_order":0,"comment_status":"closed","ping_status":"closed","template":"","meta":{"footnotes":""},"class_list":["post-4266","page","type-page","status-publish","hentry"],"yoast_head":"<!-- This site is optimized with the Yoast SEO plugin v27.5 - https:\/\/yoast.com\/product\/yoast-seo-wordpress\/ -->\n<title>Como chegar - SBRC 2025<\/title>\n<meta name=\"robots\" content=\"index, follow, max-snippet:-1, max-image-preview:large, max-video-preview:-1\" \/>\n<link rel=\"canonical\" href=\"https:\/\/sbrc.sbc.org.br\/2025\/en\/como-chegar\/\" \/>\n<meta property=\"og:locale\" content=\"en_US\" \/>\n<meta property=\"og:type\" content=\"article\" \/>\n<meta property=\"og:title\" content=\"Como chegar - SBRC 2025\" \/>\n<meta property=\"og:description\" content=\"Chegando a Natal de avi\u00e3o. O maior aeroporto no Estado do Rio Grande do Norte \u00e9 o Aeroporto Internacional de Natal &#8211; S\u00e3o Gon\u00e7alo do Amarante\/Governador Alu\u00edzio Alves (NAT), localizado no munic\u00edpio de S\u00e3o Gon\u00e7alo do Amarante, vizinho a Natal. Servindo a capital e sua Regi\u00e3o Metropolitana, esse novo aeroporto foi aberto em maio de [&hellip;]\" \/>\n<meta property=\"og:url\" content=\"https:\/\/sbrc.sbc.org.br\/2025\/en\/como-chegar\/\" \/>\n<meta property=\"og:site_name\" content=\"SBRC 2025\" \/>\n<meta property=\"article:modified_time\" content=\"2024-05-14T14:37:46+00:00\" \/>\n<meta property=\"og:image\" content=\"https:\/\/sbrc.sbc.org.br\/2025\/wp-content\/uploads\/2024\/07\/Captura-de-tela-2024-07-04-115159.png\" \/>\n\t<meta property=\"og:image:width\" content=\"821\" \/>\n\t<meta property=\"og:image:height\" content=\"466\" \/>\n\t<meta property=\"og:image:type\" content=\"image\/png\" \/>\n<meta name=\"twitter:card\" content=\"summary_large_image\" \/>\n<meta name=\"twitter:label1\" content=\"Est. reading time\" \/>\n\t<meta name=\"twitter:data1\" content=\"4 minutes\" \/>\n<script type=\"application\/ld+json\" class=\"yoast-schema-graph\">{\"@context\":\"https:\\\/\\\/schema.org\",\"@graph\":[{\"@type\":\"WebPage\",\"@id\":\"https:\\\/\\\/sbrc.sbc.org.br\\\/2025\\\/como-chegar\\\/\",\"url\":\"https:\\\/\\\/sbrc.sbc.org.br\\\/2025\\\/como-chegar\\\/\",\"name\":\"Como chegar - SBRC 2025\",\"isPartOf\":{\"@id\":\"https:\\\/\\\/sbrc.sbc.org.br\\\/2025\\\/#website\"},\"datePublished\":\"2024-05-02T20:17:31+00:00\",\"dateModified\":\"2024-05-14T14:37:46+00:00\",\"breadcrumb\":{\"@id\":\"https:\\\/\\\/sbrc.sbc.org.br\\\/2025\\\/como-chegar\\\/#breadcrumb\"},\"inLanguage\":\"en-US\",\"potentialAction\":[{\"@type\":\"ReadAction\",\"target\":[\"https:\\\/\\\/sbrc.sbc.org.br\\\/2025\\\/como-chegar\\\/\"]}]},{\"@type\":\"BreadcrumbList\",\"@id\":\"https:\\\/\\\/sbrc.sbc.org.br\\\/2025\\\/como-chegar\\\/#breadcrumb\",\"itemListElement\":[{\"@type\":\"ListItem\",\"position\":1,\"name\":\"In\u00edcio\",\"item\":\"https:\\\/\\\/sbrc.sbc.org.br\\\/2025\\\/\"},{\"@type\":\"ListItem\",\"position\":2,\"name\":\"Como chegar\"}]},{\"@type\":\"WebSite\",\"@id\":\"https:\\\/\\\/sbrc.sbc.org.br\\\/2025\\\/#website\",\"url\":\"https:\\\/\\\/sbrc.sbc.org.br\\\/2025\\\/\",\"name\":\"SBRC 2025\",\"description\":\"43\u00ba Simp\u00f3sio Brasileiro de Redes de Computadores e Sistemas Distribu\u00eddos\",\"publisher\":{\"@id\":\"https:\\\/\\\/sbrc.sbc.org.br\\\/2025\\\/#organization\"},\"potentialAction\":[{\"@type\":\"SearchAction\",\"target\":{\"@type\":\"EntryPoint\",\"urlTemplate\":\"https:\\\/\\\/sbrc.sbc.org.br\\\/2025\\\/?s={search_term_string}\"},\"query-input\":{\"@type\":\"PropertyValueSpecification\",\"valueRequired\":true,\"valueName\":\"search_term_string\"}}],\"inLanguage\":\"en-US\"},{\"@type\":\"Organization\",\"@id\":\"https:\\\/\\\/sbrc.sbc.org.br\\\/2025\\\/#organization\",\"name\":\"SBRC 2025\",\"url\":\"https:\\\/\\\/sbrc.sbc.org.br\\\/2025\\\/\",\"logo\":{\"@type\":\"ImageObject\",\"inLanguage\":\"en-US\",\"@id\":\"https:\\\/\\\/sbrc.sbc.org.br\\\/2025\\\/#\\\/schema\\\/logo\\\/image\\\/\",\"url\":\"https:\\\/\\\/sbrc.sbc.org.br\\\/2025\\\/wp-content\\\/uploads\\\/2024\\\/04\\\/cropped-cropped-v2@4x-1.png\",\"contentUrl\":\"https:\\\/\\\/sbrc.sbc.org.br\\\/2025\\\/wp-content\\\/uploads\\\/2024\\\/04\\\/cropped-cropped-v2@4x-1.png\",\"width\":5226,\"height\":4892,\"caption\":\"SBRC 2025\"},\"image\":{\"@id\":\"https:\\\/\\\/sbrc.sbc.org.br\\\/2025\\\/#\\\/schema\\\/logo\\\/image\\\/\"},\"sameAs\":[\"https:\\\/\\\/www.instagram.com\\\/simposio.sbrc\\\/\"]}]}<\/script>\n<!-- \/ Yoast SEO plugin. -->","yoast_head_json":{"title":"Como chegar - SBRC 2025","robots":{"index":"index","follow":"follow","max-snippet":"max-snippet:-1","max-image-preview":"max-image-preview:large","max-video-preview":"max-video-preview:-1"},"canonical":"https:\/\/sbrc.sbc.org.br\/2025\/en\/como-chegar\/","og_locale":"en_US","og_type":"article","og_title":"Como chegar - SBRC 2025","og_description":"Chegando a Natal de avi\u00e3o. O maior aeroporto no Estado do Rio Grande do Norte \u00e9 o Aeroporto Internacional de Natal &#8211; S\u00e3o Gon\u00e7alo do Amarante\/Governador Alu\u00edzio Alves (NAT), localizado no munic\u00edpio de S\u00e3o Gon\u00e7alo do Amarante, vizinho a Natal. Servindo a capital e sua Regi\u00e3o Metropolitana, esse novo aeroporto foi aberto em maio de [&hellip;]","og_url":"https:\/\/sbrc.sbc.org.br\/2025\/en\/como-chegar\/","og_site_name":"SBRC 2025","article_modified_time":"2024-05-14T14:37:46+00:00","og_image":[{"width":821,"height":466,"url":"https:\/\/sbrc.sbc.org.br\/2025\/wp-content\/uploads\/2024\/07\/Captura-de-tela-2024-07-04-115159.png","type":"image\/png"}],"twitter_card":"summary_large_image","twitter_misc":{"Est. reading time":"4 minutes"},"schema":{"@context":"https:\/\/schema.org","@graph":[{"@type":"WebPage","@id":"https:\/\/sbrc.sbc.org.br\/2025\/como-chegar\/","url":"https:\/\/sbrc.sbc.org.br\/2025\/como-chegar\/","name":"Como chegar - SBRC 2025","isPartOf":{"@id":"https:\/\/sbrc.sbc.org.br\/2025\/#website"},"datePublished":"2024-05-02T20:17:31+00:00","dateModified":"2024-05-14T14:37:46+00:00","breadcrumb":{"@id":"https:\/\/sbrc.sbc.org.br\/2025\/como-chegar\/#breadcrumb"},"inLanguage":"en-US","potentialAction":[{"@type":"ReadAction","target":["https:\/\/sbrc.sbc.org.br\/2025\/como-chegar\/"]}]},{"@type":"BreadcrumbList","@id":"https:\/\/sbrc.sbc.org.br\/2025\/como-chegar\/#breadcrumb","itemListElement":[{"@type":"ListItem","position":1,"name":"In\u00edcio","item":"https:\/\/sbrc.sbc.org.br\/2025\/"},{"@type":"ListItem","position":2,"name":"Como chegar"}]},{"@type":"WebSite","@id":"https:\/\/sbrc.sbc.org.br\/2025\/#website","url":"https:\/\/sbrc.sbc.org.br\/2025\/","name":"SBRC 2025","description":"43\u00ba Simp\u00f3sio Brasileiro de Redes de Computadores e Sistemas Distribu\u00eddos","publisher":{"@id":"https:\/\/sbrc.sbc.org.br\/2025\/#organization"},"potentialAction":[{"@type":"SearchAction","target":{"@type":"EntryPoint","urlTemplate":"https:\/\/sbrc.sbc.org.br\/2025\/?s={search_term_string}"},"query-input":{"@type":"PropertyValueSpecification","valueRequired":true,"valueName":"search_term_string"}}],"inLanguage":"en-US"},{"@type":"Organization","@id":"https:\/\/sbrc.sbc.org.br\/2025\/#organization","name":"SBRC 2025","url":"https:\/\/sbrc.sbc.org.br\/2025\/","logo":{"@type":"ImageObject","inLanguage":"en-US","@id":"https:\/\/sbrc.sbc.org.br\/2025\/#\/schema\/logo\/image\/","url":"https:\/\/sbrc.sbc.org.br\/2025\/wp-content\/uploads\/2024\/04\/cropped-cropped-v2@4x-1.png","contentUrl":"https:\/\/sbrc.sbc.org.br\/2025\/wp-content\/uploads\/2024\/04\/cropped-cropped-v2@4x-1.png","width":5226,"height":4892,"caption":"SBRC 2025"},"image":{"@id":"https:\/\/sbrc.sbc.org.br\/2025\/#\/schema\/logo\/image\/"},"sameAs":["https:\/\/www.instagram.com\/simposio.sbrc\/"]}]}},"_links":{"self":[{"href":"https:\/\/sbrc.sbc.org.br\/2025\/en\/wp-json\/wp\/v2\/pages\/4266","targetHints":{"allow":["GET"]}}],"collection":[{"href":"https:\/\/sbrc.sbc.org.br\/2025\/en\/wp-json\/wp\/v2\/pages"}],"about":[{"href":"https:\/\/sbrc.sbc.org.br\/2025\/en\/wp-json\/wp\/v2\/types\/page"}],"author":[{"embeddable":true,"href":"https:\/\/sbrc.sbc.org.br\/2025\/en\/wp-json\/wp\/v2\/users\/7"}],"replies":[{"embeddable":true,"href":"https:\/\/sbrc.sbc.org.br\/2025\/en\/wp-json\/wp\/v2\/comments?post=4266"}],"version-history":[{"count":20,"href":"https:\/\/sbrc.sbc.org.br\/2025\/en\/wp-json\/wp\/v2\/pages\/4266\/revisions"}],"predecessor-version":[{"id":5183,"href":"https:\/\/sbrc.sbc.org.br\/2025\/en\/wp-json\/wp\/v2\/pages\/4266\/revisions\/5183"}],"wp:attachment":[{"href":"https:\/\/sbrc.sbc.org.br\/2025\/en\/wp-json\/wp\/v2\/media?parent=4266"}],"curies":[{"name":"wp","href":"https:\/\/api.w.org\/{rel}","templated":true}]}}