{"id":1374,"date":"2023-02-10T15:05:51","date_gmt":"2023-02-10T18:05:51","guid":{"rendered":"https:\/\/sbrc.sbc.org.br\/2025\/?page_id=1374"},"modified":"2024-05-08T10:32:37","modified_gmt":"2024-05-08T13:32:37","slug":"sobre-a-sbc","status":"publish","type":"page","link":"https:\/\/sbrc.sbc.org.br\/2025\/en\/sobre-a-sbc\/","title":{"rendered":"About SBC and CE-RESD"},"content":{"rendered":"<p>The <a href=\"https:\/\/www.sbc.org.br\/\">Brazilian Computer Society (SBC)<\/a>\u00a0is a non-profit scientific society founded in 1978, which brings together Computing students, lecturers, researchers, and enthusiasts from all over Brazil. The SBC's role is to promote access to information and culture through Computing, foster digital inclusion, encourage research and education in the field in Brazil, and contribute to the professional growth of individuals with social responsibility.<\/p>\n\n\n\n<p>One of the organizational structures of SBC is the <a href=\"https:\/\/www.sbc.org.br\/403-comissoes-especiais\">Special Committees (CEs)<\/a>, currently 28. Each one represents a group of associates who share common interests in one or more sub-areas of Computing. One of these CEs is the <a href=\"https:\/\/www.sbc.org.br\/14-comissoes\/397-redes-de-computadores-e-sistemas-distribuidos\">Computer Networks and Distributed Systems Special Committee (CE-RESD)<\/a>, whose leading role is to ensure and coordinate the continuity and quality of SBRC, as well as to provide means for the dissemination of the state of the art and state of practice in computer networks and distributed systems and intersections between these areas within the broader field of Computing.<\/p>\n\n\n\n<p>Individuals with a valid SBC membership can subscribe to the <em>mailing lists <\/em>of the CEs in the areas they wish to follow, including CE-RESD, and avail themselves of several other <a href=\"https:\/\/www.sbc.org.br\/associe-se-2\/269-beneficios\">benefits<\/a>. If you have not yet joined SBC or wish to renew your membership, click <a href=\"https:\/\/centraldesistemas.sbc.org.br\/mom\">here<\/a>&nbsp;to become part of the largest and most important scientific society in the field of Computing in Latin America.<\/p>","protected":false},"excerpt":{"rendered":"<p>A Sociedade Brasileira de Computa\u00e7\u00e3o (SBC)\u00a0\u00e9 uma sociedade cient\u00edfica sem fins lucrativos, fundada em 1978, que re\u00fane estudantes, professores, profissionais, pesquisadores e entusiastas da \u00e1rea de Computa\u00e7\u00e3o de todo o Brasil. A SBC tem como fun\u00e7\u00e3o fomentar o acesso \u00e0 informa\u00e7\u00e3o e cultura por meio da Computa\u00e7\u00e3o, promover a inclus\u00e3o digital, incentivar a pesquisa e [&hellip;]<\/p>\n","protected":false},"author":6,"featured_media":0,"parent":0,"menu_order":0,"comment_status":"closed","ping_status":"closed","template":"","meta":{"footnotes":""},"class_list":["post-1374","page","type-page","status-publish","hentry"],"yoast_head":"<!-- This site is optimized with the Yoast SEO plugin v27.5 - https:\/\/yoast.com\/product\/yoast-seo-wordpress\/ -->\n<title>Sobre a SBC e a CE-RESD - SBRC 2025<\/title>\n<meta name=\"robots\" content=\"index, follow, max-snippet:-1, max-image-preview:large, max-video-preview:-1\" \/>\n<link rel=\"canonical\" href=\"https:\/\/sbrc.sbc.org.br\/2025\/en\/sobre-a-sbc\/\" \/>\n<meta property=\"og:locale\" content=\"en_US\" \/>\n<meta property=\"og:type\" content=\"article\" \/>\n<meta property=\"og:title\" content=\"Sobre a SBC e a CE-RESD - SBRC 2025\" \/>\n<meta property=\"og:description\" content=\"A Sociedade Brasileira de Computa\u00e7\u00e3o (SBC)\u00a0\u00e9 uma sociedade cient\u00edfica sem fins lucrativos, fundada em 1978, que re\u00fane estudantes, professores, profissionais, pesquisadores e entusiastas da \u00e1rea de Computa\u00e7\u00e3o de todo o Brasil. A SBC tem como fun\u00e7\u00e3o fomentar o acesso \u00e0 informa\u00e7\u00e3o e cultura por meio da Computa\u00e7\u00e3o, promover a inclus\u00e3o digital, incentivar a pesquisa e [&hellip;]\" \/>\n<meta property=\"og:url\" content=\"https:\/\/sbrc.sbc.org.br\/2025\/en\/sobre-a-sbc\/\" \/>\n<meta property=\"og:site_name\" content=\"SBRC 2025\" \/>\n<meta property=\"article:modified_time\" content=\"2024-05-08T13:32:37+00:00\" \/>\n<meta property=\"og:image\" content=\"https:\/\/sbrc.sbc.org.br\/2025\/wp-content\/uploads\/2024\/07\/Captura-de-tela-2024-07-04-115159.png\" \/>\n\t<meta property=\"og:image:width\" content=\"821\" \/>\n\t<meta property=\"og:image:height\" content=\"466\" \/>\n\t<meta property=\"og:image:type\" content=\"image\/png\" \/>\n<meta name=\"twitter:card\" content=\"summary_large_image\" \/>\n<meta name=\"twitter:label1\" content=\"Est. reading time\" \/>\n\t<meta name=\"twitter:data1\" content=\"1 minute\" \/>\n<script type=\"application\/ld+json\" class=\"yoast-schema-graph\">{\"@context\":\"https:\\\/\\\/schema.org\",\"@graph\":[{\"@type\":\"WebPage\",\"@id\":\"https:\\\/\\\/sbrc.sbc.org.br\\\/2025\\\/sobre-a-sbc\\\/\",\"url\":\"https:\\\/\\\/sbrc.sbc.org.br\\\/2025\\\/sobre-a-sbc\\\/\",\"name\":\"Sobre a SBC e a CE-RESD - SBRC 2025\",\"isPartOf\":{\"@id\":\"https:\\\/\\\/sbrc.sbc.org.br\\\/2025\\\/#website\"},\"datePublished\":\"2023-02-10T18:05:51+00:00\",\"dateModified\":\"2024-05-08T13:32:37+00:00\",\"breadcrumb\":{\"@id\":\"https:\\\/\\\/sbrc.sbc.org.br\\\/2025\\\/sobre-a-sbc\\\/#breadcrumb\"},\"inLanguage\":\"en-US\",\"potentialAction\":[{\"@type\":\"ReadAction\",\"target\":[\"https:\\\/\\\/sbrc.sbc.org.br\\\/2025\\\/sobre-a-sbc\\\/\"]}]},{\"@type\":\"BreadcrumbList\",\"@id\":\"https:\\\/\\\/sbrc.sbc.org.br\\\/2025\\\/sobre-a-sbc\\\/#breadcrumb\",\"itemListElement\":[{\"@type\":\"ListItem\",\"position\":1,\"name\":\"In\u00edcio\",\"item\":\"https:\\\/\\\/sbrc.sbc.org.br\\\/2025\\\/\"},{\"@type\":\"ListItem\",\"position\":2,\"name\":\"Sobre a SBC e a CE-RESD\"}]},{\"@type\":\"WebSite\",\"@id\":\"https:\\\/\\\/sbrc.sbc.org.br\\\/2025\\\/#website\",\"url\":\"https:\\\/\\\/sbrc.sbc.org.br\\\/2025\\\/\",\"name\":\"SBRC 2025\",\"description\":\"43\u00ba Simp\u00f3sio Brasileiro de Redes de Computadores e Sistemas Distribu\u00eddos\",\"publisher\":{\"@id\":\"https:\\\/\\\/sbrc.sbc.org.br\\\/2025\\\/#organization\"},\"potentialAction\":[{\"@type\":\"SearchAction\",\"target\":{\"@type\":\"EntryPoint\",\"urlTemplate\":\"https:\\\/\\\/sbrc.sbc.org.br\\\/2025\\\/?s={search_term_string}\"},\"query-input\":{\"@type\":\"PropertyValueSpecification\",\"valueRequired\":true,\"valueName\":\"search_term_string\"}}],\"inLanguage\":\"en-US\"},{\"@type\":\"Organization\",\"@id\":\"https:\\\/\\\/sbrc.sbc.org.br\\\/2025\\\/#organization\",\"name\":\"SBRC 2025\",\"url\":\"https:\\\/\\\/sbrc.sbc.org.br\\\/2025\\\/\",\"logo\":{\"@type\":\"ImageObject\",\"inLanguage\":\"en-US\",\"@id\":\"https:\\\/\\\/sbrc.sbc.org.br\\\/2025\\\/#\\\/schema\\\/logo\\\/image\\\/\",\"url\":\"https:\\\/\\\/sbrc.sbc.org.br\\\/2025\\\/wp-content\\\/uploads\\\/2024\\\/04\\\/cropped-cropped-v2@4x-1.png\",\"contentUrl\":\"https:\\\/\\\/sbrc.sbc.org.br\\\/2025\\\/wp-content\\\/uploads\\\/2024\\\/04\\\/cropped-cropped-v2@4x-1.png\",\"width\":5226,\"height\":4892,\"caption\":\"SBRC 2025\"},\"image\":{\"@id\":\"https:\\\/\\\/sbrc.sbc.org.br\\\/2025\\\/#\\\/schema\\\/logo\\\/image\\\/\"},\"sameAs\":[\"https:\\\/\\\/www.instagram.com\\\/simposio.sbrc\\\/\"]}]}<\/script>\n<!-- \/ Yoast SEO plugin. -->","yoast_head_json":{"title":"Sobre a SBC e a CE-RESD - SBRC 2025","robots":{"index":"index","follow":"follow","max-snippet":"max-snippet:-1","max-image-preview":"max-image-preview:large","max-video-preview":"max-video-preview:-1"},"canonical":"https:\/\/sbrc.sbc.org.br\/2025\/en\/sobre-a-sbc\/","og_locale":"en_US","og_type":"article","og_title":"Sobre a SBC e a CE-RESD - SBRC 2025","og_description":"A Sociedade Brasileira de Computa\u00e7\u00e3o (SBC)\u00a0\u00e9 uma sociedade cient\u00edfica sem fins lucrativos, fundada em 1978, que re\u00fane estudantes, professores, profissionais, pesquisadores e entusiastas da \u00e1rea de Computa\u00e7\u00e3o de todo o Brasil. A SBC tem como fun\u00e7\u00e3o fomentar o acesso \u00e0 informa\u00e7\u00e3o e cultura por meio da Computa\u00e7\u00e3o, promover a inclus\u00e3o digital, incentivar a pesquisa e [&hellip;]","og_url":"https:\/\/sbrc.sbc.org.br\/2025\/en\/sobre-a-sbc\/","og_site_name":"SBRC 2025","article_modified_time":"2024-05-08T13:32:37+00:00","og_image":[{"width":821,"height":466,"url":"https:\/\/sbrc.sbc.org.br\/2025\/wp-content\/uploads\/2024\/07\/Captura-de-tela-2024-07-04-115159.png","type":"image\/png"}],"twitter_card":"summary_large_image","twitter_misc":{"Est. reading time":"1 minute"},"schema":{"@context":"https:\/\/schema.org","@graph":[{"@type":"WebPage","@id":"https:\/\/sbrc.sbc.org.br\/2025\/sobre-a-sbc\/","url":"https:\/\/sbrc.sbc.org.br\/2025\/sobre-a-sbc\/","name":"Sobre a SBC e a CE-RESD - SBRC 2025","isPartOf":{"@id":"https:\/\/sbrc.sbc.org.br\/2025\/#website"},"datePublished":"2023-02-10T18:05:51+00:00","dateModified":"2024-05-08T13:32:37+00:00","breadcrumb":{"@id":"https:\/\/sbrc.sbc.org.br\/2025\/sobre-a-sbc\/#breadcrumb"},"inLanguage":"en-US","potentialAction":[{"@type":"ReadAction","target":["https:\/\/sbrc.sbc.org.br\/2025\/sobre-a-sbc\/"]}]},{"@type":"BreadcrumbList","@id":"https:\/\/sbrc.sbc.org.br\/2025\/sobre-a-sbc\/#breadcrumb","itemListElement":[{"@type":"ListItem","position":1,"name":"In\u00edcio","item":"https:\/\/sbrc.sbc.org.br\/2025\/"},{"@type":"ListItem","position":2,"name":"Sobre a SBC e a CE-RESD"}]},{"@type":"WebSite","@id":"https:\/\/sbrc.sbc.org.br\/2025\/#website","url":"https:\/\/sbrc.sbc.org.br\/2025\/","name":"SBRC 2025","description":"43\u00ba Simp\u00f3sio Brasileiro de Redes de Computadores e Sistemas Distribu\u00eddos","publisher":{"@id":"https:\/\/sbrc.sbc.org.br\/2025\/#organization"},"potentialAction":[{"@type":"SearchAction","target":{"@type":"EntryPoint","urlTemplate":"https:\/\/sbrc.sbc.org.br\/2025\/?s={search_term_string}"},"query-input":{"@type":"PropertyValueSpecification","valueRequired":true,"valueName":"search_term_string"}}],"inLanguage":"en-US"},{"@type":"Organization","@id":"https:\/\/sbrc.sbc.org.br\/2025\/#organization","name":"SBRC 2025","url":"https:\/\/sbrc.sbc.org.br\/2025\/","logo":{"@type":"ImageObject","inLanguage":"en-US","@id":"https:\/\/sbrc.sbc.org.br\/2025\/#\/schema\/logo\/image\/","url":"https:\/\/sbrc.sbc.org.br\/2025\/wp-content\/uploads\/2024\/04\/cropped-cropped-v2@4x-1.png","contentUrl":"https:\/\/sbrc.sbc.org.br\/2025\/wp-content\/uploads\/2024\/04\/cropped-cropped-v2@4x-1.png","width":5226,"height":4892,"caption":"SBRC 2025"},"image":{"@id":"https:\/\/sbrc.sbc.org.br\/2025\/#\/schema\/logo\/image\/"},"sameAs":["https:\/\/www.instagram.com\/simposio.sbrc\/"]}]}},"_links":{"self":[{"href":"https:\/\/sbrc.sbc.org.br\/2025\/en\/wp-json\/wp\/v2\/pages\/1374","targetHints":{"allow":["GET"]}}],"collection":[{"href":"https:\/\/sbrc.sbc.org.br\/2025\/en\/wp-json\/wp\/v2\/pages"}],"about":[{"href":"https:\/\/sbrc.sbc.org.br\/2025\/en\/wp-json\/wp\/v2\/types\/page"}],"author":[{"embeddable":true,"href":"https:\/\/sbrc.sbc.org.br\/2025\/en\/wp-json\/wp\/v2\/users\/6"}],"replies":[{"embeddable":true,"href":"https:\/\/sbrc.sbc.org.br\/2025\/en\/wp-json\/wp\/v2\/comments?post=1374"}],"version-history":[{"count":9,"href":"https:\/\/sbrc.sbc.org.br\/2025\/en\/wp-json\/wp\/v2\/pages\/1374\/revisions"}],"predecessor-version":[{"id":4943,"href":"https:\/\/sbrc.sbc.org.br\/2025\/en\/wp-json\/wp\/v2\/pages\/1374\/revisions\/4943"}],"wp:attachment":[{"href":"https:\/\/sbrc.sbc.org.br\/2025\/en\/wp-json\/wp\/v2\/media?parent=1374"}],"curies":[{"name":"wp","href":"https:\/\/api.w.org\/{rel}","templated":true}]}}