{"id":927,"date":"2022-11-02T12:16:33","date_gmt":"2022-11-02T15:16:33","guid":{"rendered":"https:\/\/sbrc.sbc.org.br\/2023\/?page_id=927"},"modified":"2023-03-16T23:29:26","modified_gmt":"2023-03-17T02:29:26","slug":"local-do-evento","status":"publish","type":"page","link":"https:\/\/sbrc.sbc.org.br\/2023\/local-do-evento\/","title":{"rendered":"Local do Evento"},"content":{"rendered":"\n<h3 class=\"wp-block-heading\">Hotel Royal Tulip Bras\u00edlia Alvorada<\/h3>\n\n\n\n<p>A <strong>41\u00aa edi\u00e7\u00e3o do Simp\u00f3sio Brasileiro de Redes de Computadores e Sistemas Distribu\u00eddos (SBRC)<\/strong> ser\u00e1 realizada em Bras\u00edlia. Escolhemos o <strong>Hotel Royal Tulip Bras\u00edlia Alvorada<\/strong> na beira Lago Parano\u00e1, maior refer\u00eancia da nossa cidade, e dos principais pontos tur\u00edsticos da cidade, como a Esplanada dos Minist\u00e9rios, Catedral Metropolitana de Bras\u00edlia, Museu da Rep\u00fablica e outros pontos tur\u00edsticos.<\/p>\n\n\n\n<p>O local do evento tamb\u00e9m foi escolhido por estar pr\u00f3ximo \u00e0 Vila Planalto, n\u00facleo pioneiro brasiliense, onde hoje se concentram diversos restaurantes, que servir\u00e3o de base para almo\u00e7os e jantares, al\u00e9m da diversidade de bares e outros atrativos.<\/p>\n\n\n\n<center><iframe src=\"https:\/\/www.google.com\/maps\/embed?pb=!1m14!1m8!1m3!1d15357.296454247957!2d-47.8289996!3d-15.7868549!3m2!1i1024!2i768!4f13.1!3m3!1m2!1s0x935a3cbc400e9f7d%3A0xb49be66b2572c9e!2sRoyal%20Tulip%20Bras%C3%ADlia%20Alvorada!5e0!3m2!1spt-BR!2sbr!4v1679019863787!5m2!1spt-BR!2sbr\" width=\"800\" height=\"450\" style=\"border:0;\" allowfullscreen=\"\" loading=\"lazy\" referrerpolicy=\"no-referrer-when-downgrade\"><\/iframe><\/center>\n\n\n\n<p><br>O SBRC oferecer\u00e1 aos participantes o transporte para os restaurantes com toda comodidade que o p\u00fablico do evento merece. Al\u00e9m disso, existem diversos hot\u00e9is pr\u00f3ximos ao evento. <a href=\"https:\/\/sbrc.sbc.org.br\/2023\/hospedagens\/\">Clique aqui<\/a> e consulte algumas sugest\u00f5es de hospedagem.<\/p>\n\n\n\n<div style=\"height:20px\" aria-hidden=\"true\" class=\"wp-block-spacer\"><\/div>\n\n\n\n<p>A <a rel=\"noreferrer noopener\" href=\"http:\/\/www.rsturismoeventos.com.br\/\" target=\"_blank\">RS Turismo<\/a> foi escolhida como ag\u00eancia oficial da organiza\u00e7\u00e3o do SBRC 2023 para fornecer todo o suporte log\u00edstico necess\u00e1rio, garantindo conforto e seguran\u00e7a para sua hospedagem em Bras\u00edlia. Para maiores informa\u00e7\u00f5es, entrem em contato com a RS Turismo. Teremos muito prazer em atend\u00ea-los(as)!<\/p>\n\n\n\n<p><\/p>\n\n\n\n<p><\/p>\n\n\n\n<div class=\"wp-block-columns is-layout-flex wp-container-core-columns-is-layout-9d6595d7 wp-block-columns-is-layout-flex\">\n<div class=\"wp-block-column is-layout-flow wp-block-column-is-layout-flow\">\n<p class=\"has-text-align-left\"><strong>Contato &#8211; RS Turismo:<\/strong> <\/p>\n\n\n\n<ul class=\"wp-block-list\">\n<li><strong>Fixo: <\/strong>(61) 3039-2929 <\/li>\n\n\n\n<li><strong>Whatsapp &#8211; Rejane Saraiva:<\/strong> (61) 99613-7931<\/li>\n\n\n\n<li><strong>Whatsapp &#8211; Larissa Alvim:<\/strong> (61) 99975-7260 <\/li>\n<\/ul>\n<\/div>\n\n\n\n<div class=\"wp-block-column is-layout-flow wp-block-column-is-layout-flow\"><\/div>\n<\/div>\n\n\n\n<p><\/p>\n","protected":false},"excerpt":{"rendered":"<p>Hotel Royal Tulip Bras\u00edlia Alvorada A 41\u00aa edi\u00e7\u00e3o do Simp\u00f3sio Brasileiro de Redes de Computadores e Sistemas Distribu\u00eddos (SBRC) ser\u00e1 realizada em Bras\u00edlia. Escolhemos o Hotel Royal Tulip Bras\u00edlia Alvorada na beira Lago Parano\u00e1, maior refer\u00eancia da nossa cidade, e dos principais pontos tur\u00edsticos da cidade, como a Esplanada dos Minist\u00e9rios, Catedral Metropolitana de Bras\u00edlia, [&hellip;]<\/p>\n","protected":false},"author":3,"featured_media":0,"parent":0,"menu_order":0,"comment_status":"closed","ping_status":"closed","template":"","meta":{"footnotes":""},"class_list":["post-927","page","type-page","status-publish","hentry"],"_links":{"self":[{"href":"https:\/\/sbrc.sbc.org.br\/2023\/wp-json\/wp\/v2\/pages\/927","targetHints":{"allow":["GET"]}}],"collection":[{"href":"https:\/\/sbrc.sbc.org.br\/2023\/wp-json\/wp\/v2\/pages"}],"about":[{"href":"https:\/\/sbrc.sbc.org.br\/2023\/wp-json\/wp\/v2\/types\/page"}],"author":[{"embeddable":true,"href":"https:\/\/sbrc.sbc.org.br\/2023\/wp-json\/wp\/v2\/users\/3"}],"replies":[{"embeddable":true,"href":"https:\/\/sbrc.sbc.org.br\/2023\/wp-json\/wp\/v2\/comments?post=927"}],"version-history":[{"count":62,"href":"https:\/\/sbrc.sbc.org.br\/2023\/wp-json\/wp\/v2\/pages\/927\/revisions"}],"predecessor-version":[{"id":1641,"href":"https:\/\/sbrc.sbc.org.br\/2023\/wp-json\/wp\/v2\/pages\/927\/revisions\/1641"}],"wp:attachment":[{"href":"https:\/\/sbrc.sbc.org.br\/2023\/wp-json\/wp\/v2\/media?parent=927"}],"curies":[{"name":"wp","href":"https:\/\/api.w.org\/{rel}","templated":true}]}}