{"id":865,"date":"2022-10-27T18:20:20","date_gmt":"2022-10-27T21:20:20","guid":{"rendered":"https:\/\/sbrc.sbc.org.br\/2023\/?page_id=865"},"modified":"2023-02-01T10:09:19","modified_gmt":"2023-02-01T13:09:19","slug":"trilha-principal","status":"publish","type":"page","link":"https:\/\/sbrc.sbc.org.br\/2023\/trilha-principal\/","title":{"rendered":"Trilha Principal"},"content":{"rendered":"\n<h1 class=\"wp-block-heading\"><strong>Datas Importantes<\/strong><\/h1>\n\n\n\n<ul class=\"wp-block-list\">\n<li>Registro de artigos: <s>04\/12\/2022<\/s> <s>23\/12\/2022<\/s> 05\/01\/2023 (prazo final)<\/li>\n\n\n\n<li>Submiss\u00e3o de artigos: <s>11\/12\/2022<\/s> <s>23\/12\/2022<\/s> 05\/01\/2023 (prazo final)<\/li>\n\n\n\n<li>Comunica\u00e7\u00e3o de resultados: 26\/02\/2023&nbsp;<\/li>\n\n\n\n<li>Envio da vers\u00e3o final: 12\/03\/2023<\/li>\n<\/ul>\n\n\n\n<div style=\"height:50px\" aria-hidden=\"true\" class=\"wp-block-spacer\"><\/div>\n\n\n\n<h1 class=\"wp-block-heading\"><strong>Melhores Artigos<\/strong><\/h1>\n\n\n\n<p>Os melhores artigos selecionados pelo comit\u00ea ser\u00e3o convidados para uma vers\u00e3o estendida nas revistas <a href=\"https:\/\/www.sciencedirect.com\/journal\/ad-hoc-networks\" target=\"_blank\" rel=\"noreferrer noopener\">Ad Hoc Networks<\/a> e <a href=\"https:\/\/www.itu.int\/en\/journal\/j-fet\/Pages\/default.aspx\" target=\"_blank\" rel=\"noreferrer noopener\">ITU Journal on Future and Evolving Technologies (ITU J-FET)<\/a>.<\/p>\n\n\n\n<div style=\"height:50px\" aria-hidden=\"true\" class=\"wp-block-spacer\"><\/div>\n\n\n\n<h1 class=\"wp-block-heading\"><strong>T\u00f3picos de Interesse<\/strong><\/h1>\n\n\n\n<p>Autores s\u00e3o convidados a submeter artigos completos contendo resultados de suas pesquisas cient\u00edficas ou tecnol\u00f3gicas. Cada artigo ser\u00e1 avaliado por pelo menos tr\u00eas especialistas. A lista n\u00e3o exaustiva de t\u00f3picos de interesse inclui:<\/p>\n\n\n\n<ul class=\"wp-block-list\">\n<li>Aplica\u00e7\u00f5es Inteligentes (Cidades, Agricultura, Sa\u00fade, Ind\u00fastria, Casas, <em>Smart Grid<\/em>)<\/li>\n\n\n\n<li><em>Blockchain<\/em> e <em>distributed ledger technologies<\/em><\/li>\n\n\n\n<li>Computa\u00e7\u00e3o intensiva de dados <em>(big data)<\/em>, an\u00e1lise e minera\u00e7\u00e3o de dados<\/li>\n\n\n\n<li>Computa\u00e7\u00e3o m\u00f3vel<\/li>\n\n\n\n<li>Computa\u00e7\u00e3o na nuvem, na n\u00e9voa, na borda e orientada a servi\u00e7os<\/li>\n\n\n\n<li>Computa\u00e7\u00e3o social<\/li>\n\n\n\n<li>Computa\u00e7\u00e3o ub\u00edqua, pervasiva e sens\u00edvel ao contexto<\/li>\n\n\n\n<li>Computa\u00e7\u00e3o urbana<\/li>\n\n\n\n<li>Desempenho, escalabilidade e confiabilidade<\/li>\n\n\n\n<li>Engenharia de redes e controle de tr\u00e1fego<\/li>\n\n\n\n<li>Gerenciamento, opera\u00e7\u00e3o, projeto e an\u00e1lise de redes<\/li>\n\n\n\n<li>Internet das coisas e sistemas ciberf\u00edsicos<\/li>\n\n\n\n<li>Internet do futuro<\/li>\n\n\n\n<li>Medi\u00e7\u00e3o e monitora\u00e7\u00e3o de redes<\/li>\n\n\n\n<li>Qualidade de servi\u00e7o (QoS) e de experi\u00eancia (QoE)<\/li>\n\n\n\n<li>Redes qu\u00e2nticas e nanoredes<\/li>\n\n\n\n<li>Redes centradas na informa\u00e7\u00e3o<\/li>\n\n\n\n<li>Redes 5G\/6G e suas aplica\u00e7\u00f5es<\/li>\n\n\n\n<li>Softwariza\u00e7\u00e3o de redes (SDN, NFV, P4)<\/li>\n\n\n\n<li>Redes \u00f3pticas<\/li>\n\n\n\n<li>Redes sociais (<em>online<\/em>, m\u00f3veis e pervasivas)<\/li>\n\n\n\n<li>Redes tolerantes a atrasos\/interrup\u00e7\u00f5es<\/li>\n\n\n\n<li>Redes veiculares, rob\u00f3ticas e de drones<\/li>\n\n\n\n<li>Redes verdes <em>(green networking)<\/em><\/li>\n\n\n\n<li>Seguran\u00e7a em redes e em sistemas distribu\u00eddos<\/li>\n\n\n\n<li>Simula\u00e7\u00e3o e emula\u00e7\u00e3o de redes<\/li>\n\n\n\n<li>Toler\u00e2ncia a falhas e resili\u00eancia<\/li>\n\n\n\n<li>Virtualiza\u00e7\u00e3o de redes<\/li>\n\n\n\n<li>Aplica\u00e7\u00f5es de <em>big data<\/em> e aprendizado de m\u00e1quina em redes de computadores e sistemas distribu\u00eddos<\/li>\n\n\n\n<li>Modelos e arquiteturas de dados para <em>big data<\/em><\/li>\n<\/ul>\n\n\n\n<div style=\"height:50px\" aria-hidden=\"true\" class=\"wp-block-spacer\"><\/div>\n\n\n\n<h1 class=\"wp-block-heading\"><strong>Trilha Industrial<\/strong><\/h1>\n\n\n\n<p>O SBRC 2023 ter\u00e1 uma trilha industrial <em>(industrial track)<\/em> para artigos liderados e escritos por pesquisadores com v\u00ednculos fora da \u00e1rea acad\u00eamica (empresas, governo, terceiro setor). O objetivo \u00e9 estimular uma cultura de intera\u00e7\u00e3o e colabora\u00e7\u00e3o entre ind\u00fastria e academia nas \u00e1reas de redes de computadores e sistemas distribu\u00eddos, com benef\u00edcios potenciais a ambas.<\/p>\n\n\n\n<div style=\"height:50px\" aria-hidden=\"true\" class=\"wp-block-spacer\"><\/div>\n\n\n\n<h1 class=\"wp-block-heading\"><strong>Instru\u00e7\u00f5es<\/strong><strong> aos Autores<\/strong><\/h1>\n\n\n\n<p>Os artigos a serem submetidos ao SBRC devem representar trabalhos com conte\u00fado in\u00e9dito. N\u00e3o \u00e9 permitida a submiss\u00e3o de artigos que estejam em processo de revis\u00e3o ou que j\u00e1 tenham sido publicados em outras confer\u00eancias ou revistas. A submiss\u00e3o de artigos ser\u00e1 exclusivamente eletr\u00f4nica, por meio do <a href=\"https:\/\/jems3.sbc.org.br\/\" target=\"_blank\" rel=\"noreferrer noopener\">Sistema JEMS3<\/a>. Os artigos podem ser escritos em portugu\u00eas ou ingl\u00eas e devem ser submetidos somente no formato PDF. Cada artigo est\u00e1 limitado a 14 p\u00e1ginas, incluindo resumo, figuras, diagramas e refer\u00eancias. Os trabalhos devem ser formatados seguindo o modelo de artigos da SBC, dispon\u00edvel em <a href=\"http:\/\/www.sbc.org.br\/documentos-da-sbc\/category\/169-templates-para-artigos-e-capitulos-de-livros\" target=\"_blank\" rel=\"noreferrer noopener\">http:\/\/www.sbc.org.br\/documentos-da-sbc\/category\/169-templates-para-artigos-e-capitulos-de-livros<\/a>. Para a trilha industrial devem ser submetidos resumos estendidos at\u00e9 4 (quatro) p\u00e1ginas e as vers\u00f5es finais ter\u00e3o entre 5 (cinco) e 6 (seis) p\u00e1ginas.\u00a0<\/p>\n\n\n\n<p>O evento ir\u00e1 publicar os anais na Biblioteca Digital (<a href=\"https:\/\/sol.sbc.org.br\/index.php\/sbrc\" target=\"_blank\" rel=\"noreferrer noopener\">https:\/\/sol.sbc.org.br\/index.php\/sbrc<\/a>) da plataforma SOL da SBC.<\/p>\n\n\n\n<div style=\"height:50px\" aria-hidden=\"true\" class=\"wp-block-spacer\"><\/div>\n\n\n\n<h1 class=\"wp-block-heading\"><strong>Comit\u00ea T\u00e9cnico<\/strong><\/h1>\n\n\n\n<div class=\"wp-block-columns is-layout-flex wp-container-core-columns-is-layout-9d6595d7 wp-block-columns-is-layout-flex\">\n<div class=\"wp-block-column has-colibri-color-5-background-color has-background is-layout-flow wp-block-column-is-layout-flow\">\n<ul class=\"wp-block-list\">\n<li>Ademar Akabane (PUC-Campinas)<\/li>\n\n\n\n<li>Aldri dos Santos (UFMG)<\/li>\n\n\n\n<li>Alfredo Goldman (USP)<\/li>\n\n\n\n<li>Allan Souza (UNICAMP)<\/li>\n\n\n\n<li>Andr\u00e9 Drummond (UnB)<\/li>\n\n\n\n<li>Anelise Munaretto (UTFPR)<\/li>\n\n\n\n<li>Antonio Alfredo Ferreira Loureiro (UFMG)<\/li>\n\n\n\n<li>Antonio Tadeu Gomes (LNCC)<\/li>\n\n\n\n<li>Bruno Schulze (LNCC)<\/li>\n\n\n\n<li>Carlos Ferraz (UFPE)<\/li>\n\n\n\n<li>Carlos Mauricio Figueiredo (UFAM)<\/li>\n\n\n\n<li>Christian Esteve Rothenberg (Unicamp)<\/li>\n\n\n\n<li>Cristiano Both (UNISINOS)<\/li>\n\n\n\n<li>Daniel Batista (USP)<\/li>\n\n\n\n<li>Daniel Guidoni (UFOP)<\/li>\n\n\n\n<li>Dave Cavalcanti (Intel)<\/li>\n\n\n\n<li>Denis Ros\u00e1rio (UFPA)<\/li>\n\n\n\n<li>Diego Passos (UFF)<\/li>\n\n\n\n<li>Divanilson Campelo (UFPE)<\/li>\n\n\n\n<li>Dorgival Guedes (UFMG)<\/li>\n\n\n\n<li>Edmundo Madeira (Unicamp)<\/li>\n\n\n\n<li>Eduardo Cerqueira (UFPA)<\/li>\n\n\n\n<li>Everton Cavalcante (UFRN)<\/li>\n\n\n\n<li>Fabio Verdi (UFSCar)<\/li>\n\n\n\n<li>Fatima Duarte-Figueiredo (PUC-MG)<\/li>\n\n\n\n<li>Flavia Delicato (UFF)<\/li>\n\n\n\n<li>Francisco Brasileiro (UFCG)<\/li>\n\n\n\n<li>Glauber Gon\u00e7alves (UFPI)<\/li>\n\n\n\n<li>Gustavo Sousa Pavani (UFABC)<\/li>\n\n\n\n<li>Helder Oliveira (UFABC)<\/li>\n\n\n\n<li>Hermes Senger (UFSCar)<\/li>\n\n\n\n<li>Humberto Marques (PUC-MG)<\/li>\n\n\n\n<li>Italo Cunha (UFMG)<\/li>\n\n\n\n<li>J\u00f3 Ueyama (USP)<\/li>\n\n\n\n<li>Jo\u00e3o Paulo da Costa (Hamm-Lippstadt University)<\/li>\n\n\n\n<li>Jos\u00e9 Ferreira de Rezende (UFRJ)<\/li>\n\n\n\n<li>Jose-Marcos Nogueira (UFMG)<\/li>\n\n\n\n<li>Juliano Wickboldt (UFRGS)<\/li>\n\n\n\n<li>Keiko Fonseca (UTFPR)<\/li>\n\n\n\n<li>Leandro Villas (Unicamp)<\/li>\n\n\n\n<li>Lisandro Zambenedetti Granville (UFRGS)<\/li>\n\n\n\n<li>Luciana Arantes (Sorbonne Universit\u00e9)<\/li>\n\n\n\n<li>Luis Carlos de Bona (UFPR)<\/li>\n\n\n\n<li>Luiz Fernando Bittencourt (Unicamp)<\/li>\n\n\n\n<li>Luiz Rodrigues (UNIOESTE)<\/li>\n\n\n\n<li>Marcelo Marotta (UnB)<\/li>\n\n\n\n<li>Marco Di Felice (University of Bologna)<\/li>\n\n\n\n<li>Marcos Caetano (UnB)<\/li>\n\n\n\n<li>Markus Endler (PUC-RJ)<\/li>\n\n\n\n<li>Maycon Peixoto (UFBA)<\/li>\n\n\n\n<li>Michele Nogueira (UFMG)<\/li>\n\n\n\n<li>Miguel Elias Mitre Campista (UFRJ)<\/li>\n\n\n\n<li>Nelson Fonseca (Unicamp)<\/li>\n\n\n\n<li>Paulo Cunha (UFPE)<\/li>\n\n\n\n<li>Paulo Rego (UFC)<\/li>\n\n\n\n<li>Rafael Lopes Gomes (UECE)<\/li>\n\n\n\n<li>Raimundo Jose Macedo (UFBA)<\/li>\n\n\n\n<li>Ricardo Pfitscher (UFSC)<\/li>\n\n\n\n<li>Rodolfo Coutinho (Concordia University)<\/li>\n\n\n\n<li>Rodolfo Villaca (UFES)<\/li>\n\n\n\n<li>Rodrigo Calheiros (Western Sydney University)<\/li>\n\n\n\n<li>Rodrigo Tinini (UFABC)<\/li>\n\n\n\n<li>Rossana Andrade (UFC)<\/li>\n\n\n\n<li>Silvana Rossetto (UFRJ)<\/li>\n\n\n\n<li>Thais Vasconcelos Batista (UFRN)<\/li>\n\n\n\n<li>Tiago Ferreto (PUC-RS)<\/li>\n\n\n\n<li>Weverton Cordeiro (UFRGS)<\/li>\n<\/ul>\n<\/div>\n\n\n\n<div class=\"wp-block-column has-colibri-color-5-background-color has-background is-layout-flow wp-block-column-is-layout-flow\">\n<ul class=\"wp-block-list\">\n<li>Alberto Schaeffer-Filho (UFRGS)<\/li>\n\n\n\n<li>Alex Vieira (UFJF)<\/li>\n\n\n\n<li>Allan Freitas (IFBA)<\/li>\n\n\n\n<li>Ana Paula Couto da Silva (UFMG)<\/li>\n\n\n\n<li>Andrey Brito (UFCG)<\/li>\n\n\n\n<li>Ant\u00f4nio Abel\u00e9m (UFPA)<\/li>\n\n\n\n<li>Antonio Rocha (UFF)<\/li>\n\n\n\n<li>Atslands Rocha (UFC)<\/li>\n\n\n\n<li>Carlos Cordeiro (Intel)<\/li>\n\n\n\n<li>Carlos Kamienski (UFABC)<\/li>\n\n\n\n<li>Celio Albuquerque (UFF)<\/li>\n\n\n\n<li>Claudio Miceli (UFRJ)<\/li>\n\n\n\n<li>Cristina Dominicini (IFES)<\/li>\n\n\n\n<li>Daniel Fernandes Macedo (UFMG)<\/li>\n\n\n\n<li>Daniel Menasch\u00e9 (UFRJ)<\/li>\n\n\n\n<li>Debora Muchaluat-Saade (UFF)<\/li>\n\n\n\n<li>Dianne Medeiros (UFF)<\/li>\n\n\n\n<li>Diogo Mattos (UFF)<\/li>\n\n\n\n<li>Djamel Sadok (UFPE)<\/li>\n\n\n\n<li>Edmundo de Souza e Silva (UFRJ)<\/li>\n\n\n\n<li>Eduardo Alchieri (UnB)<\/li>\n\n\n\n<li>Elias Duarte Jr. (UFPR)<\/li>\n\n\n\n<li>Fabio Kon (USP)<\/li>\n\n\n\n<li>Fab\u00edola Greve (UFBA)<\/li>\n\n\n\n<li>Fernanda Sumika Souza (UFJS)<\/li>\n\n\n\n<li>Flavio Oliveira Silva (UFU)<\/li>\n\n\n\n<li>Geraldo Pereira (UESB)<\/li>\n\n\n\n<li>Gustavo Figueiredo (UFBA)<\/li>\n\n\n\n<li>Heitor Ramos (UFMG)<\/li>\n\n\n\n<li>Helio Waldman (Unicamp)<\/li>\n\n\n\n<li>Hor\u00e1cio Oliveira (UFAM)<\/li>\n\n\n\n<li>Igor Moraes (UFF)<\/li>\n\n\n\n<li>Jeferson Campos Nobre (UFRGS)<\/li>\n\n\n\n<li>Jo\u00e3o Henrique Kleinschmidt (UFABC)<\/li>\n\n\n\n<li>Jos\u00e9 Augusto Suruagy Monteiro (UFPE)<\/li>\n\n\n\n<li>Jos\u00e9 Neuman de Souza (UFC)<\/li>\n\n\n\n<li>Juliana de Santi (UTFPR)<\/li>\n\n\n\n<li>Jussara Almeida (UFMG)<\/li>\n\n\n\n<li>Kelvin Dias (UFPE)<\/li>\n\n\n\n<li>Leobino Sampaio (UFBA)<\/li>\n\n\n\n<li>Lourenco Pereira Jr (ITA)<\/li>\n\n\n\n<li>Luciano Paschoal Gaspary (UFRGS)<\/li>\n\n\n\n<li>Luis Henrique Costa (UFRJ)<\/li>\n\n\n\n<li>Luiz Filipe Vieira (UFMG)<\/li>\n\n\n\n<li>Marcelo Caggiani Luizelli (UNIPAMPA)<\/li>\n\n\n\n<li>Marcelo Rubinstein (UERJ)<\/li>\n\n\n\n<li>Marco Netto (Microsoft)<\/li>\n\n\n\n<li>Marcos Vieira (UFMG)<\/li>\n\n\n\n<li>Mauro Fonseca (UTFPR)<\/li>\n\n\n\n<li>Michael Stanton (UFF)<\/li>\n\n\n\n<li>Michelle Wangham (UNIVALE)<\/li>\n\n\n\n<li>Nabor Mendonca (UNIFOR)<\/li>\n\n\n\n<li>Paulo Andr\u00e9 Gon\u00e7alves (UFPE)<\/li>\n\n\n\n<li>Paulo Pires (UFF)<\/li>\n\n\n\n<li>Rafael Esteves (IFRS)<\/li>\n\n\n\n<li>Rafael Pasquini (UFU)<\/li>\n\n\n\n<li>Raquel Lopes (UFPB)<\/li>\n\n\n\n<li>Robson de Grande (Brock University)<\/li>\n\n\n\n<li>Rodolfo Meneguette (USP)<\/li>\n\n\n\n<li>Rodrigo Bortoletto (IFSP)<\/li>\n\n\n\n<li>Rodrigo de Souza Couto (UFRJ)<\/li>\n\n\n\n<li>Ronaldo Ferreira (UFMS)<\/li>\n\n\n\n<li>Sidney Lucena (UNIRIO)<\/li>\n\n\n\n<li>Stenio Fernandes (Bank of Canada)<\/li>\n\n\n\n<li>Thiago Henrique Silva (UTFPR)<\/li>\n\n\n\n<li>Vinicius Mota (UFES)<\/li>\n\n\n\n<li>William Giozza (UnB)<\/li>\n<\/ul>\n<\/div>\n<\/div>\n\n\n\n<div class=\"wp-block-columns is-layout-flex wp-container-core-columns-is-layout-9d6595d7 wp-block-columns-is-layout-flex\">\n<div class=\"wp-block-column is-layout-flow wp-block-column-is-layout-flow\" style=\"flex-basis:100%\">\n<div class=\"wp-block-columns is-layout-flex wp-container-core-columns-is-layout-9d6595d7 wp-block-columns-is-layout-flex\">\n<div class=\"wp-block-column is-layout-flow wp-block-column-is-layout-flow\" style=\"flex-basis:100%\"><\/div>\n<\/div>\n<\/div>\n<\/div>\n\n\n\n<div style=\"height:50px\" aria-hidden=\"true\" class=\"wp-block-spacer\"><\/div>\n\n\n\n<h1 class=\"wp-block-heading\"><strong>Coordena\u00e7\u00e3o<\/strong><\/h1>\n\n\n\n<ul class=\"wp-block-list\">\n<li>Carlos Kamienski (UFABC)<\/li>\n\n\n\n<li>Eduardo Cerqueira (UFPA)<\/li>\n<\/ul>\n","protected":false},"excerpt":{"rendered":"<p>Datas Importantes Melhores Artigos Os melhores artigos selecionados pelo comit\u00ea ser\u00e3o convidados para uma vers\u00e3o estendida nas revistas Ad Hoc Networks e ITU Journal on Future and Evolving Technologies (ITU J-FET). T\u00f3picos de Interesse Autores s\u00e3o convidados a submeter artigos completos contendo resultados de suas pesquisas cient\u00edficas ou tecnol\u00f3gicas. Cada artigo ser\u00e1 avaliado por pelo [&hellip;]<\/p>\n","protected":false},"author":3,"featured_media":0,"parent":0,"menu_order":0,"comment_status":"closed","ping_status":"closed","template":"","meta":{"footnotes":""},"class_list":["post-865","page","type-page","status-publish","hentry"],"_links":{"self":[{"href":"https:\/\/sbrc.sbc.org.br\/2023\/wp-json\/wp\/v2\/pages\/865","targetHints":{"allow":["GET"]}}],"collection":[{"href":"https:\/\/sbrc.sbc.org.br\/2023\/wp-json\/wp\/v2\/pages"}],"about":[{"href":"https:\/\/sbrc.sbc.org.br\/2023\/wp-json\/wp\/v2\/types\/page"}],"author":[{"embeddable":true,"href":"https:\/\/sbrc.sbc.org.br\/2023\/wp-json\/wp\/v2\/users\/3"}],"replies":[{"embeddable":true,"href":"https:\/\/sbrc.sbc.org.br\/2023\/wp-json\/wp\/v2\/comments?post=865"}],"version-history":[{"count":16,"href":"https:\/\/sbrc.sbc.org.br\/2023\/wp-json\/wp\/v2\/pages\/865\/revisions"}],"predecessor-version":[{"id":1332,"href":"https:\/\/sbrc.sbc.org.br\/2023\/wp-json\/wp\/v2\/pages\/865\/revisions\/1332"}],"wp:attachment":[{"href":"https:\/\/sbrc.sbc.org.br\/2023\/wp-json\/wp\/v2\/media?parent=865"}],"curies":[{"name":"wp","href":"https:\/\/api.w.org\/{rel}","templated":true}]}}