{"id":836,"date":"2022-10-26T14:06:15","date_gmt":"2022-10-26T17:06:15","guid":{"rendered":"https:\/\/sbrc.sbc.org.br\/2023\/?page_id=836"},"modified":"2023-05-23T10:57:16","modified_gmt":"2023-05-23T13:57:16","slug":"salao-de-ferramentas","status":"publish","type":"page","link":"https:\/\/sbrc.sbc.org.br\/2023\/salao-de-ferramentas\/","title":{"rendered":"Sal\u00e3o de Ferramentas"},"content":{"rendered":"\n<h1 class=\"wp-block-heading\">Datas Importantes<\/h1>\n\n\n\n<ul class=\"wp-block-list\">\n<li>Registro de artigos: <s>27\/02\/2023<\/s> <s>06\/03\/2023<\/s> <s>20\/03\/2023<\/s> <mark style=\"background-color:rgba(0, 0, 0, 0)\" class=\"has-inline-color has-colibri-color-6-color\">03\/04\/2023<\/mark><\/li>\n\n\n\n<li>Submiss\u00e3o de artigos: <s>06\/03\/2023<\/s> <s>20\/03\/2023<\/s><mark style=\"background-color:rgba(0, 0, 0, 0)\" class=\"has-inline-color has-colibri-color-6-color\"> 03\/04\/2023<\/mark><\/li>\n\n\n\n<li>Comunica\u00e7\u00e3o dos resultados: <s>03\/04\/2023<\/s> 17\/04\/2023<\/li>\n\n\n\n<li>Envio da vers\u00e3o final: <s>10\/04\/2023<\/s> 24\/04\/2023<\/li>\n<\/ul>\n\n\n\n<div style=\"height:50px\" aria-hidden=\"true\" class=\"wp-block-spacer\"><\/div>\n\n\n\n<p><\/p>\n\n\n\n<h1 class=\"wp-block-heading\">Apresenta\u00e7\u00e3o e Objetivos<\/h1>\n\n\n\n<p>O Sal\u00e3o de Ferramentas do SBRC \u00e9 um f\u00f3rum de encontro de desenvolvedores e pesquisadores interessados na arquitetura, implementa\u00e7\u00e3o e avalia\u00e7\u00e3o pr\u00e1tica de sistemas e ferramentas que contribuem com o avan\u00e7o do conhecimento da \u00e1rea de redes de computadores e sistemas distribu\u00eddos. Com um intuito mais pr\u00e1tico, no Sal\u00e3o de Ferramentas, h\u00e1 uma \u00eanfase na demonstra\u00e7\u00e3o de sistemas e ferramentas, na experi\u00eancia de seu desenvolvimento, em quest\u00f5es de implanta\u00e7\u00e3o e uso, e tamb\u00e9m nas perspectivas criadas por elas.<\/p>\n\n\n\n<p>A edi\u00e7\u00e3o 2023 do Sal\u00e3o de Ferramentas ser\u00e1 realizada em Bras\u00edlia-DF, fazendo parte da grade de atividades do 41\u00ba Simp\u00f3sio Brasileiro de Redes de Computadores e Sistemas Distribu\u00eddos (SBRC 2023).<\/p>\n\n\n\n<div style=\"height:50px\" aria-hidden=\"true\" class=\"wp-block-spacer\"><\/div>\n\n\n\n<h1 class=\"wp-block-heading\">T\u00f3picos de Interesse<\/h1>\n\n\n\n<p>Todos os trabalhos que apresentem sistemas e ferramentas que possam contribuir com o avan\u00e7o do conhecimento das \u00e1reas de redes de computadores e sistemas distribu\u00eddos s\u00e3o de interesse do Sal\u00e3o de Ferramentas do SBRC. De forma geral, os t\u00f3picos de interesse s\u00e3o, inicialmente, os mesmos da trilha principal do SBRC que incluem:<\/p>\n\n\n\n<ul class=\"wp-block-list\">\n<li>Algoritmos distribu\u00eddos<\/li>\n\n\n\n<li>Aplica\u00e7\u00f5es distribu\u00eddas e em redes<\/li>\n\n\n\n<li>Armazenamento e livro-raz\u00e3o distribu\u00eddos<\/li>\n\n\n\n<li>Arquitetura e caracteriza\u00e7\u00e3o de redes e servi\u00e7os<\/li>\n\n\n\n<li><em>Blockchain<\/em> e <em>distributed ledger technologies<\/em><\/li>\n\n\n\n<li>Cidades inteligentes<\/li>\n\n\n\n<li>Computa\u00e7\u00e3o intensiva de dados<em> (big data)<\/em>, an\u00e1lise e minera\u00e7\u00e3o de dados<\/li>\n\n\n\n<li>Computa\u00e7\u00e3o m\u00f3vel<\/li>\n\n\n\n<li>Computa\u00e7\u00e3o na nuvem, na n\u00e9voa e orientada a servi\u00e7os<\/li>\n\n\n\n<li>Computa\u00e7\u00e3o social<\/li>\n\n\n\n<li>Computa\u00e7\u00e3o ub\u00edqua, pervasiva e sens\u00edvel ao contexto<\/li>\n\n\n\n<li>Computa\u00e7\u00e3o urbana<\/li>\n\n\n\n<li>Desempenho, escalabilidade e confiabilidade<\/li>\n\n\n\n<li>Detec\u00e7\u00e3o e preven\u00e7\u00e3o de anomalias e ataques<\/li>\n\n\n\n<li>Engenharia de redes e controle de tr\u00e1fego<\/li>\n\n\n\n<li>Especifica\u00e7\u00e3o, valida\u00e7\u00e3o e verifica\u00e7\u00e3o de protocolos<\/li>\n\n\n\n<li>Gerenciamento de identidades, endere\u00e7os e localiza\u00e7\u00e3o<\/li>\n\n\n\n<li>Gerenciamento, opera\u00e7\u00e3o, projeto e an\u00e1lise de redes<\/li>\n\n\n\n<li>Internet das coisas e sistemas ciberf\u00edsicos<\/li>\n\n\n\n<li>Internet do futuro<\/li>\n\n\n\n<li>Medi\u00e7\u00e3o e monitora\u00e7\u00e3o de redes<\/li>\n\n\n\n<li><em>Middleware<\/em><\/li>\n\n\n\n<li>Otimiza\u00e7\u00e3o <em>cross-layer<\/em><\/li>\n\n\n\n<li>Qualidade de servi\u00e7o (QoS) e de experi\u00eancia (QoE)<\/li>\n\n\n\n<li>Redes auton\u00f4micas e auto-organiz\u00e1veis<\/li>\n\n\n\n<li>Redes celulares<\/li>\n\n\n\n<li>Redes centradas na informa\u00e7\u00e3o<\/li>\n\n\n\n<li>Redes de centros de dados <em>(data center networking)<\/em><\/li>\n\n\n\n<li>Redes de r\u00e1dios cognitivos<\/li>\n\n\n\n<li>Redes de sensores<\/li>\n\n\n\n<li>Redes definidas por <em>software<\/em><\/li>\n\n\n\n<li>Redes e sistemas P2P<\/li>\n\n\n\n<li>Redes m\u00f3veis<\/li>\n\n\n\n<li>Redes \u00f3pticas<\/li>\n\n\n\n<li>Redes sem fio infraestruturadas<\/li>\n\n\n\n<li>Redes sociais (<em>online<\/em>, m\u00f3veis e pervasivas)<\/li>\n\n\n\n<li>Redes tolerantes a atrasos\/interrup\u00e7\u00f5es<\/li>\n\n\n\n<li>Redes veiculares tripuladas e n\u00e3o tripuladas<\/li>\n\n\n\n<li>Redes verdes <em>(green networking)<\/em><\/li>\n\n\n\n<li>Roteamento, comuta\u00e7\u00e3o e endere\u00e7amento<\/li>\n\n\n\n<li>Seguran\u00e7a em redes e em sistemas distribu\u00eddos<\/li>\n\n\n\n<li>Servi\u00e7os <em>web<\/em><\/li>\n\n\n\n<li>Simula\u00e7\u00e3o e emula\u00e7\u00e3o de redes<\/li>\n\n\n\n<li>Sistemas distribu\u00eddos (auton\u00f4micos, multim\u00eddia, de tempo real)<\/li>\n\n\n\n<li><em>Smart grids<\/em><\/li>\n\n\n\n<li>Toler\u00e2ncia a falhas e resili\u00eancia<\/li>\n\n\n\n<li>Virtualiza\u00e7\u00e3o de fun\u00e7\u00f5es de rede<\/li>\n\n\n\n<li>Virtualiza\u00e7\u00e3o de redes<\/li>\n<\/ul>\n\n\n\n<p><\/p>\n\n\n\n<div style=\"height:50px\" aria-hidden=\"true\" class=\"wp-block-spacer\"><\/div>\n\n\n\n<h1 class=\"wp-block-heading\">Instru\u00e7\u00f5es aos Autores<\/h1>\n\n\n\n<p>As ferramentas dever\u00e3o ser apresentadas em um artigo que dever\u00e1 ser submetido exclusivamente de forma eletr\u00f4nica, por meio do <a rel=\"noreferrer noopener\" href=\"https:\/\/jems3.sbc.org.br\/sbrc2023-sf\" target=\"_blank\">sistema JEMS3<\/a>. Os artigos podem ser escritos em portugu\u00eas ou ingl\u00eas e submetidos somente no&nbsp;formato PDF. Cada artigo est\u00e1 limitado a 8 p\u00e1ginas, incluindo resumo, figuras, diagramas, refer\u00eancias e anexos. Os trabalhos devem ser formatados seguindo o modelo de artigos da&nbsp; SBC.<\/p>\n\n\n\n<p>O artigo deve conter as seguintes informa\u00e7\u00f5es:<\/p>\n\n\n\n<ul class=\"wp-block-list\">\n<li>Descri\u00e7\u00e3o e motiva\u00e7\u00e3o do problema tratado pela ferramenta;<\/li>\n\n\n\n<li>Arquitetura da solu\u00e7\u00e3o e descri\u00e7\u00e3o das principais funcionalidades;<\/li>\n\n\n\n<li>URL na qual a ferramenta est\u00e1 dispon\u00edvel (o c\u00f3digo-fonte com a licen\u00e7a deve estar presente nessa URL, n\u00e3o apenas o bin\u00e1rio);<\/li>\n\n\n\n<li>URL dos manuais e documenta\u00e7\u00e3o da ferramenta;<\/li>\n\n\n\n<li>URL com um v\u00eddeo explicando a instala\u00e7\u00e3o e as funcionalidades da ferramenta;<\/li>\n\n\n\n<li>Descri\u00e7\u00e3o da demonstra\u00e7\u00e3o planejada para o SBRC, informando equipamentos necess\u00e1rios para tal.<\/li>\n<\/ul>\n\n\n\n<p>As informa\u00e7\u00f5es solicitadas, bem como a efetiva exist\u00eancia das URLs indicadas, s\u00e3o indispens\u00e1veis para a avalia\u00e7\u00e3o dos trabalhos. O v\u00eddeo \u00e9 obrigat\u00f3rio, seu intuito \u00e9 auxiliar os revisores e os leitores que, por algum motivo, tenham dificuldade na instala\u00e7\u00e3o e uso da ferramenta. Recomenda-se utilizar algum site gratuito para <em>upload <\/em>de v\u00eddeos como o Youtube ou o Vimeo.<\/p>\n\n\n\n<p><\/p>\n\n\n\n<div style=\"height:50px\" aria-hidden=\"true\" class=\"wp-block-spacer\"><\/div>\n\n\n\n<h1 class=\"wp-block-heading\">Requisitos da ferramenta<\/h1>\n\n\n\n<p>O Sal\u00e3o de Ferramentas aborda resultados experimentais e sistemas\/ferramentas funcionais dispon\u00edveis para uso. Embora sejam aceitos trabalhos em andamento, deve ser poss\u00edvel que os mesmos sejam demonstrados e estejam dispon\u00edveis em uma URL junto com sua documenta\u00e7\u00e3o, j\u00e1 no momento da submiss\u00e3o do artigo.<\/p>\n\n\n\n<p>Todas as ferramentas aceitas dever\u00e3o ser demonstradas em stands e tamb\u00e9m apresentadas no formato convencional de sess\u00f5es t\u00e9cnicas do SBRC.<\/p>\n\n\n\n<p><\/p>\n\n\n\n<div style=\"height:50px\" aria-hidden=\"true\" class=\"wp-block-spacer\"><\/div>\n\n\n\n<h1 class=\"wp-block-heading\">Avalia\u00e7\u00e3o<\/h1>\n\n\n\n<p>O processo de avalia\u00e7\u00e3o levar\u00e1 em conta a qualidade, relev\u00e2ncia e inova\u00e7\u00e3o dos resultados pr\u00e1ticos, sua documenta\u00e7\u00e3o, o v\u00eddeo explicativo, o artigo submetido e a demonstra\u00e7\u00e3o proposta para o Sal\u00e3o de Ferramentas do SBRC 2023. Dentre as ferramentas aceitas, a melhor ser\u00e1 escolhida por um comit\u00ea espec\u00edfico.<\/p>\n\n\n\n<p><\/p>\n\n\n\n<div style=\"height:50px\" aria-hidden=\"true\" class=\"wp-block-spacer\"><\/div>\n\n\n\n<h1 class=\"wp-block-heading\">Comit\u00ea de Avalia\u00e7\u00e3o <\/h1>\n\n\n\n<div class=\"wp-block-columns is-layout-flex wp-container-core-columns-is-layout-9d6595d7 wp-block-columns-is-layout-flex\">\n<div class=\"wp-block-column is-layout-flow wp-block-column-is-layout-flow\">\n<ul class=\"wp-block-list\">\n<li>Ademar Takeo Akabane (Unicamp)<\/li>\n\n\n\n<li>Antonio A. de A. Rocha (IC\/UFF)<\/li>\n\n\n\n<li>Carlos Kamienski (UFABC)<\/li>\n\n\n\n<li>Carlos Raniery Paula dos Santos (UFSM)<\/li>\n\n\n\n<li>Christian Esteve Rothenberg (Unicamp)<\/li>\n\n\n\n<li>Cintia Borges Margi (USP)<\/li>\n\n\n\n<li>Cristiano Bonato Both (Unisinos)<\/li>\n\n\n\n<li>Daniel Fernandes Macedo (UFMG)<\/li>\n\n\n\n<li>Daniel Ludovico Guidoni (UFOP)<\/li>\n\n\n\n<li>Daniel Mac\u00eado Batista (USP)<\/li>\n\n\n\n<li>Denis Ros\u00e1rio (UFPA)<\/li>\n\n\n\n<li>Divanilson R. Campelo (UFPE)<\/li>\n\n\n\n<li>Eduardo Coelho Cerqueira (UFPA)<\/li>\n\n\n\n<li>Elverton Fazzion (UFSJ)<\/li>\n\n\n\n<li>Fl\u00e1vio Luiz Schiavoni (UFSJ)<\/li>\n\n\n\n<li>Felipe Domingos da Cunha (PUC Minas)<\/li>\n\n\n\n<li>Geraldo Pereira Rocha Filho (UESB)<\/li>\n\n\n\n<li>Helder Oliveira (UFABC)<\/li>\n\n\n\n<li>Jeferson Campos Nobre (UFRGS)<\/li>\n\n\n\n<li>Joberto Martins (UNIFACS)<\/li>\n\n\n\n<li>Jos\u00e9 Ferreira de Rezende (UFRJ)<\/li>\n\n\n\n<li>Jose-Marcos Nogueira (UFMG)<\/li>\n\n\n\n<li>Juliana de Santi (UTFPR)<\/li>\n\n\n\n<li>Juliana Freitag Borin (Unicamp)<\/li>\n\n\n\n<li>Leobino Nascimento Sampaio (UFBA)<\/li>\n<\/ul>\n<\/div>\n\n\n\n<div class=\"wp-block-column is-layout-flow wp-block-column-is-layout-flow\">\n<ul class=\"wp-block-list\">\n<li>Lisandro Zambenedetti Granville (UFRGS)<\/li>\n\n\n\n<li>Lourenco Alves Pereira Jr (ITA)<\/li>\n\n\n\n<li>Lucas Bondan (UFRGS)<\/li>\n\n\n\n<li>Luis Augusto Dias Knob (PUCRS)<\/li>\n\n\n\n<li>Luiz Fernando Bittencourt (Unicamp)<\/li>\n\n\n\n<li>Marcelo Antonio Marotta (UnB)<\/li>\n\n\n\n<li>Marcelo Caggiani Luizelli (Unipampa)<\/li>\n\n\n\n<li>Marcos Schwarz (RNP)<\/li>\n\n\n\n<li>Nelson Souto Rosa (UFPE)<\/li>\n\n\n\n<li>Priscila Solis (UnB)<\/li>\n\n\n\n<li>Rafael Esteves (IFRS)<\/li>\n\n\n\n<li>Rafael Kunst (Unisinos)<\/li>\n\n\n\n<li>Ricardo Jose Pfitscher (UFSC)<\/li>\n\n\n\n<li>Roben Castagna Lunardi (IFRS)<\/li>\n\n\n\n<li>Rodolfo Antunes (Unisinos)<\/li>\n\n\n\n<li>Rodolfo Ipolito Meneguette (USP)<\/li>\n\n\n\n<li>Rodolfo S Villaca (UFES)<\/li>\n\n\n\n<li>Rodrigo Brand\u00e3o Mansilha (Unipampa)<\/li>\n\n\n\n<li>Rodrigo de Souza Couto (UFRJ)<\/li>\n\n\n\n<li>Ronaldo Alves Ferreira (UFMS)<\/li>\n\n\n\n<li>Silvana Rossetto (UFRJ)<\/li>\n\n\n\n<li>Tiago Coelho Ferreto (PUCRS)<\/li>\n\n\n\n<li>Vinicius F. S. Mota (UFES)<\/li>\n\n\n\n<li>Weverton Luis da Costa Cordeiro (UFRGS)<\/li>\n<\/ul>\n<\/div>\n<\/div>\n\n\n\n<p><\/p>\n\n\n\n<div style=\"height:50px\" aria-hidden=\"true\" class=\"wp-block-spacer\"><\/div>\n\n\n\n<h1 class=\"wp-block-heading\">Organiza\u00e7\u00e3o<\/h1>\n\n\n\n<ul class=\"wp-block-list\">\n<li>Juliano Araujo Wickboldt (UFRGS)<\/li>\n<\/ul>\n","protected":false},"excerpt":{"rendered":"<p>Datas Importantes Apresenta\u00e7\u00e3o e Objetivos O Sal\u00e3o de Ferramentas do SBRC \u00e9 um f\u00f3rum de encontro de desenvolvedores e pesquisadores interessados na arquitetura, implementa\u00e7\u00e3o e avalia\u00e7\u00e3o pr\u00e1tica de sistemas e ferramentas que contribuem com o avan\u00e7o do conhecimento da \u00e1rea de redes de computadores e sistemas distribu\u00eddos. Com um intuito mais pr\u00e1tico, no Sal\u00e3o de [&hellip;]<\/p>\n","protected":false},"author":3,"featured_media":0,"parent":0,"menu_order":0,"comment_status":"closed","ping_status":"closed","template":"","meta":{"footnotes":""},"class_list":["post-836","page","type-page","status-publish","hentry"],"_links":{"self":[{"href":"https:\/\/sbrc.sbc.org.br\/2023\/wp-json\/wp\/v2\/pages\/836","targetHints":{"allow":["GET"]}}],"collection":[{"href":"https:\/\/sbrc.sbc.org.br\/2023\/wp-json\/wp\/v2\/pages"}],"about":[{"href":"https:\/\/sbrc.sbc.org.br\/2023\/wp-json\/wp\/v2\/types\/page"}],"author":[{"embeddable":true,"href":"https:\/\/sbrc.sbc.org.br\/2023\/wp-json\/wp\/v2\/users\/3"}],"replies":[{"embeddable":true,"href":"https:\/\/sbrc.sbc.org.br\/2023\/wp-json\/wp\/v2\/comments?post=836"}],"version-history":[{"count":30,"href":"https:\/\/sbrc.sbc.org.br\/2023\/wp-json\/wp\/v2\/pages\/836\/revisions"}],"predecessor-version":[{"id":3653,"href":"https:\/\/sbrc.sbc.org.br\/2023\/wp-json\/wp\/v2\/pages\/836\/revisions\/3653"}],"wp:attachment":[{"href":"https:\/\/sbrc.sbc.org.br\/2023\/wp-json\/wp\/v2\/media?parent=836"}],"curies":[{"name":"wp","href":"https:\/\/api.w.org\/{rel}","templated":true}]}}