{"id":616,"date":"2022-10-24T16:51:23","date_gmt":"2022-10-24T19:51:23","guid":{"rendered":"https:\/\/sbrc.sbc.org.br\/2023\/?page_id=616"},"modified":"2023-04-18T20:01:23","modified_gmt":"2023-04-18T23:01:23","slug":"comite-organizador","status":"publish","type":"page","link":"https:\/\/sbrc.sbc.org.br\/2023\/comite-organizador\/","title":{"rendered":"Comit\u00ea Organizador"},"content":{"rendered":"\n<h2 class=\"wp-block-heading\">Organiza\u00e7\u00e3o Geral<\/h2>\n\n\n\n<div class=\"wp-block-columns perfil is-layout-flex wp-container-core-columns-is-layout-9d6595d7 wp-block-columns-is-layout-flex\">\n<div class=\"wp-block-column is-layout-flow wp-block-column-is-layout-flow\">\n<figure class=\"wp-block-image size-full is-style-rounded\"><img loading=\"lazy\" decoding=\"async\" width=\"150\" height=\"150\" src=\"https:\/\/sbrc.sbc.org.br\/2023\/wp-content\/uploads\/2022\/10\/GeraldoPereiraRochaFilho.jpg\" alt=\"\" class=\"wp-image-617\"\/><figcaption class=\"wp-element-caption\">Geraldo Pereira Rocha Filho<br>DCET-UESB<\/figcaption><\/figure>\n<\/div>\n\n\n\n<div class=\"wp-block-column is-layout-flow wp-block-column-is-layout-flow\">\n<figure class=\"wp-block-image size-full is-style-rounded\"><img loading=\"lazy\" decoding=\"async\" width=\"225\" height=\"225\" src=\"https:\/\/sbrc.sbc.org.br\/2023\/wp-content\/uploads\/2022\/10\/MarceloAntonioMarotta.jpg\" alt=\"\" class=\"wp-image-590\" srcset=\"https:\/\/sbrc.sbc.org.br\/2023\/wp-content\/uploads\/2022\/10\/MarceloAntonioMarotta.jpg 225w, https:\/\/sbrc.sbc.org.br\/2023\/wp-content\/uploads\/2022\/10\/MarceloAntonioMarotta-150x150.jpg 150w\" sizes=\"auto, (max-width: 225px) 100vw, 225px\" \/><figcaption class=\"wp-element-caption\">Marcelo Antonio Marotta<br>CIC-UnB<\/figcaption><\/figure>\n<\/div>\n\n\n\n<div class=\"wp-block-column is-layout-flow wp-block-column-is-layout-flow\">\n<figure class=\"wp-block-image size-full is-style-rounded\"><img loading=\"lazy\" decoding=\"async\" width=\"892\" height=\"892\" src=\"https:\/\/sbrc.sbc.org.br\/2023\/wp-content\/uploads\/2022\/10\/MarcosFagundesCaetano.jpg\" alt=\"\" class=\"wp-image-591\" srcset=\"https:\/\/sbrc.sbc.org.br\/2023\/wp-content\/uploads\/2022\/10\/MarcosFagundesCaetano.jpg 892w, https:\/\/sbrc.sbc.org.br\/2023\/wp-content\/uploads\/2022\/10\/MarcosFagundesCaetano-300x300.jpg 300w, https:\/\/sbrc.sbc.org.br\/2023\/wp-content\/uploads\/2022\/10\/MarcosFagundesCaetano-150x150.jpg 150w, https:\/\/sbrc.sbc.org.br\/2023\/wp-content\/uploads\/2022\/10\/MarcosFagundesCaetano-768x768.jpg 768w\" sizes=\"auto, (max-width: 892px) 100vw, 892px\" \/><figcaption class=\"wp-element-caption\">Marcos Fagundes Caetano<br>CIC-UnB<\/figcaption><\/figure>\n<\/div>\n<\/div>\n\n\n\n<h2 class=\"wp-block-heading\">Coordena\u00e7\u00e3o do Comit\u00ea de Programa<\/h2>\n\n\n\n<div class=\"wp-block-columns perfil is-layout-flex wp-container-core-columns-is-layout-9d6595d7 wp-block-columns-is-layout-flex\">\n<div class=\"wp-block-column is-layout-flow wp-block-column-is-layout-flow\">\n<figure class=\"wp-block-image size-full\"><img loading=\"lazy\" decoding=\"async\" width=\"200\" height=\"200\" src=\"https:\/\/sbrc.sbc.org.br\/2023\/wp-content\/uploads\/2022\/10\/CarlosKamienski.jpg\" alt=\"\" class=\"wp-image-583\" srcset=\"https:\/\/sbrc.sbc.org.br\/2023\/wp-content\/uploads\/2022\/10\/CarlosKamienski.jpg 200w, https:\/\/sbrc.sbc.org.br\/2023\/wp-content\/uploads\/2022\/10\/CarlosKamienski-150x150.jpg 150w\" sizes=\"auto, (max-width: 200px) 100vw, 200px\" \/><figcaption class=\"wp-element-caption\">Carlos Kamienski<br>UFABC<\/figcaption><\/figure>\n<\/div>\n\n\n\n<div class=\"wp-block-column is-layout-flow wp-block-column-is-layout-flow\">\n<figure class=\"wp-block-image size-full\"><img loading=\"lazy\" decoding=\"async\" width=\"354\" height=\"354\" src=\"https:\/\/sbrc.sbc.org.br\/2023\/wp-content\/uploads\/2022\/10\/EduardoCerqueira.png\" alt=\"\" class=\"wp-image-585\" srcset=\"https:\/\/sbrc.sbc.org.br\/2023\/wp-content\/uploads\/2022\/10\/EduardoCerqueira.png 354w, https:\/\/sbrc.sbc.org.br\/2023\/wp-content\/uploads\/2022\/10\/EduardoCerqueira-300x300.png 300w, https:\/\/sbrc.sbc.org.br\/2023\/wp-content\/uploads\/2022\/10\/EduardoCerqueira-150x150.png 150w\" sizes=\"auto, (max-width: 354px) 100vw, 354px\" \/><figcaption class=\"wp-element-caption\">Eduardo Cerqueira<br>UFPA<\/figcaption><\/figure>\n<\/div>\n\n\n\n<div class=\"wp-block-column is-layout-flow wp-block-column-is-layout-flow\"><\/div>\n<\/div>\n\n\n\n<h2 class=\"wp-block-heading\">Coordena\u00e7\u00e3o de Workshops<\/h2>\n\n\n\n<div class=\"wp-block-columns perfil is-layout-flex wp-container-core-columns-is-layout-9d6595d7 wp-block-columns-is-layout-flex\">\n<div class=\"wp-block-column is-layout-flow wp-block-column-is-layout-flow\">\n<figure class=\"wp-block-image size-full\"><img loading=\"lazy\" decoding=\"async\" width=\"300\" height=\"300\" src=\"https:\/\/sbrc.sbc.org.br\/2023\/wp-content\/uploads\/2022\/10\/FabioVerdi.jpg\" alt=\"\" class=\"wp-image-586\" srcset=\"https:\/\/sbrc.sbc.org.br\/2023\/wp-content\/uploads\/2022\/10\/FabioVerdi.jpg 300w, https:\/\/sbrc.sbc.org.br\/2023\/wp-content\/uploads\/2022\/10\/FabioVerdi-150x150.jpg 150w\" sizes=\"auto, (max-width: 300px) 100vw, 300px\" \/><figcaption class=\"wp-element-caption\">F\u00e1bio Verdi<br>UFSCar<\/figcaption><\/figure>\n<\/div>\n\n\n\n<div class=\"wp-block-column is-layout-flow wp-block-column-is-layout-flow\"><\/div>\n\n\n\n<div class=\"wp-block-column is-layout-flow wp-block-column-is-layout-flow\"><\/div>\n<\/div>\n\n\n\n<h2 class=\"wp-block-heading\">Coordena\u00e7\u00e3o de Palestras e Tutoriais<\/h2>\n\n\n\n<div class=\"wp-block-columns perfil is-layout-flex wp-container-core-columns-is-layout-9d6595d7 wp-block-columns-is-layout-flex\">\n<div class=\"wp-block-column is-layout-flow wp-block-column-is-layout-flow\">\n<figure class=\"wp-block-image size-full\"><img loading=\"lazy\" decoding=\"async\" width=\"150\" height=\"150\" src=\"https:\/\/sbrc.sbc.org.br\/2023\/wp-content\/uploads\/2022\/10\/LeandroVillas.jpg\" alt=\"\" class=\"wp-image-589\"\/><figcaption class=\"wp-element-caption\">Leandro Villas<br>IC-UNICAMP<\/figcaption><\/figure>\n<\/div>\n\n\n\n<div class=\"wp-block-column is-layout-flow wp-block-column-is-layout-flow\">\n<figure class=\"wp-block-image size-full\"><img loading=\"lazy\" decoding=\"async\" width=\"250\" height=\"250\" src=\"https:\/\/sbrc.sbc.org.br\/2023\/wp-content\/uploads\/2022\/10\/RafaelTimoteodeSousaJr-1.jpg\" alt=\"\" class=\"wp-image-679\" srcset=\"https:\/\/sbrc.sbc.org.br\/2023\/wp-content\/uploads\/2022\/10\/RafaelTimoteodeSousaJr-1.jpg 250w, https:\/\/sbrc.sbc.org.br\/2023\/wp-content\/uploads\/2022\/10\/RafaelTimoteodeSousaJr-1-150x150.jpg 150w\" sizes=\"auto, (max-width: 250px) 100vw, 250px\" \/><figcaption class=\"wp-element-caption\">Rafael Tim\u00f3teo de Sousa J\u00fanior<br>UnB<\/figcaption><\/figure>\n<\/div>\n\n\n\n<div class=\"wp-block-column is-layout-flow wp-block-column-is-layout-flow\"><\/div>\n<\/div>\n\n\n\n<h2 class=\"wp-block-heading\">Coordena\u00e7\u00e3o de Pain\u00e9is<\/h2>\n\n\n\n<div class=\"wp-block-columns perfil is-layout-flex wp-container-core-columns-is-layout-9d6595d7 wp-block-columns-is-layout-flex\">\n<div class=\"wp-block-column is-layout-flow wp-block-column-is-layout-flow\">\n<figure class=\"wp-block-image size-full\"><img loading=\"lazy\" decoding=\"async\" width=\"220\" height=\"220\" src=\"https:\/\/sbrc.sbc.org.br\/2023\/wp-content\/uploads\/2022\/10\/JefersonCamposNobre.jpg\" alt=\"\" class=\"wp-image-587\" srcset=\"https:\/\/sbrc.sbc.org.br\/2023\/wp-content\/uploads\/2022\/10\/JefersonCamposNobre.jpg 220w, https:\/\/sbrc.sbc.org.br\/2023\/wp-content\/uploads\/2022\/10\/JefersonCamposNobre-150x150.jpg 150w\" sizes=\"auto, (max-width: 220px) 100vw, 220px\" \/><figcaption class=\"wp-element-caption\">J\u00e9ferson Campos Nobre<br>UFRGS<\/figcaption><\/figure>\n<\/div>\n\n\n\n<div class=\"wp-block-column is-layout-flow wp-block-column-is-layout-flow\"><\/div>\n\n\n\n<div class=\"wp-block-column is-layout-flow wp-block-column-is-layout-flow\"><\/div>\n<\/div>\n\n\n\n<h2 class=\"wp-block-heading\">Coordena\u00e7\u00e3o de Minicursos<\/h2>\n\n\n\n<div class=\"wp-block-columns perfil is-layout-flex wp-container-core-columns-is-layout-9d6595d7 wp-block-columns-is-layout-flex\">\n<div class=\"wp-block-column is-layout-flow wp-block-column-is-layout-flow\">\n<figure class=\"wp-block-image size-full\"><img loading=\"lazy\" decoding=\"async\" width=\"600\" height=\"600\" src=\"https:\/\/sbrc.sbc.org.br\/2023\/wp-content\/uploads\/2022\/10\/RafaelLopes.jpg\" alt=\"\" class=\"wp-image-593\" srcset=\"https:\/\/sbrc.sbc.org.br\/2023\/wp-content\/uploads\/2022\/10\/RafaelLopes.jpg 600w, https:\/\/sbrc.sbc.org.br\/2023\/wp-content\/uploads\/2022\/10\/RafaelLopes-300x300.jpg 300w, https:\/\/sbrc.sbc.org.br\/2023\/wp-content\/uploads\/2022\/10\/RafaelLopes-150x150.jpg 150w\" sizes=\"auto, (max-width: 600px) 100vw, 600px\" \/><figcaption class=\"wp-element-caption\">Rafael Lopes<br>UECE<\/figcaption><\/figure>\n<\/div>\n\n\n\n<div class=\"wp-block-column is-layout-flow wp-block-column-is-layout-flow\"><\/div>\n\n\n\n<div class=\"wp-block-column is-layout-flow wp-block-column-is-layout-flow\"><\/div>\n<\/div>\n\n\n\n<h2 class=\"wp-block-heading\">Coordena\u00e7\u00e3o do MUSAS<\/h2>\n\n\n\n<div class=\"wp-block-columns perfil is-layout-flex wp-container-core-columns-is-layout-9d6595d7 wp-block-columns-is-layout-flex\">\n<div class=\"wp-block-column is-layout-flow wp-block-column-is-layout-flow\">\n<figure class=\"wp-block-image size-full is-style-rounded\"><img loading=\"lazy\" decoding=\"async\" width=\"1000\" height=\"1000\" src=\"https:\/\/sbrc.sbc.org.br\/2023\/wp-content\/uploads\/2023\/02\/Mulheres_Ciencia_46-edited.jpg\" alt=\"\" class=\"wp-image-1347\" srcset=\"https:\/\/sbrc.sbc.org.br\/2023\/wp-content\/uploads\/2023\/02\/Mulheres_Ciencia_46-edited.jpg 1000w, https:\/\/sbrc.sbc.org.br\/2023\/wp-content\/uploads\/2023\/02\/Mulheres_Ciencia_46-edited-300x300.jpg 300w, https:\/\/sbrc.sbc.org.br\/2023\/wp-content\/uploads\/2023\/02\/Mulheres_Ciencia_46-edited-150x150.jpg 150w, https:\/\/sbrc.sbc.org.br\/2023\/wp-content\/uploads\/2023\/02\/Mulheres_Ciencia_46-edited-768x768.jpg 768w\" sizes=\"auto, (max-width: 1000px) 100vw, 1000px\" \/><figcaption class=\"wp-element-caption\">Alet\u00e9ia Patricia Favacho de Araujo<br>UnB<\/figcaption><\/figure>\n<\/div>\n\n\n\n<div class=\"wp-block-column is-layout-flow wp-block-column-is-layout-flow\"><\/div>\n\n\n\n<div class=\"wp-block-column is-layout-flow wp-block-column-is-layout-flow\"><\/div>\n<\/div>\n\n\n\n<h2 class=\"wp-block-heading\">Coordena\u00e7\u00e3o do Sal\u00e3o de Ferramentas<\/h2>\n\n\n\n<div class=\"wp-block-columns perfil is-layout-flex wp-container-core-columns-is-layout-9d6595d7 wp-block-columns-is-layout-flex\">\n<div class=\"wp-block-column is-layout-flow wp-block-column-is-layout-flow\">\n<figure class=\"wp-block-image size-full\"><img loading=\"lazy\" decoding=\"async\" width=\"195\" height=\"195\" src=\"https:\/\/sbrc.sbc.org.br\/2023\/wp-content\/uploads\/2022\/10\/JulianoWickboldt.jpg\" alt=\"\" class=\"wp-image-588\" srcset=\"https:\/\/sbrc.sbc.org.br\/2023\/wp-content\/uploads\/2022\/10\/JulianoWickboldt.jpg 195w, https:\/\/sbrc.sbc.org.br\/2023\/wp-content\/uploads\/2022\/10\/JulianoWickboldt-150x150.jpg 150w\" sizes=\"auto, (max-width: 195px) 100vw, 195px\" \/><figcaption class=\"wp-element-caption\">Juliano Wickboldt<br>UFRGS<\/figcaption><\/figure>\n<\/div>\n\n\n\n<div class=\"wp-block-column is-layout-flow wp-block-column-is-layout-flow\"><\/div>\n\n\n\n<div class=\"wp-block-column is-layout-flow wp-block-column-is-layout-flow\"><\/div>\n<\/div>\n\n\n\n<h2 class=\"wp-block-heading\">Coordena\u00e7\u00e3o do Concurso de Teses e Disserta\u00e7\u00f5es<\/h2>\n\n\n\n<div class=\"wp-block-columns perfil is-layout-flex wp-container-core-columns-is-layout-9d6595d7 wp-block-columns-is-layout-flex\">\n<div class=\"wp-block-column is-layout-flow wp-block-column-is-layout-flow\">\n<figure class=\"wp-block-image size-full\"><img loading=\"lazy\" decoding=\"async\" width=\"620\" height=\"620\" src=\"https:\/\/sbrc.sbc.org.br\/2023\/wp-content\/uploads\/2022\/10\/CristianoBonatoBoth.jpg\" alt=\"\" class=\"wp-image-584\" srcset=\"https:\/\/sbrc.sbc.org.br\/2023\/wp-content\/uploads\/2022\/10\/CristianoBonatoBoth.jpg 620w, https:\/\/sbrc.sbc.org.br\/2023\/wp-content\/uploads\/2022\/10\/CristianoBonatoBoth-300x300.jpg 300w, https:\/\/sbrc.sbc.org.br\/2023\/wp-content\/uploads\/2022\/10\/CristianoBonatoBoth-150x150.jpg 150w\" sizes=\"auto, (max-width: 620px) 100vw, 620px\" \/><figcaption class=\"wp-element-caption\">Cristiano Bonato Both<br>UNISINOS<\/figcaption><\/figure>\n<\/div>\n\n\n\n<div class=\"wp-block-column is-layout-flow wp-block-column-is-layout-flow\">\n<figure class=\"wp-block-image size-full\"><img loading=\"lazy\" decoding=\"async\" width=\"405\" height=\"405\" src=\"https:\/\/sbrc.sbc.org.br\/2023\/wp-content\/uploads\/2022\/10\/PriscilaSolis.jpg\" alt=\"\" class=\"wp-image-592\" srcset=\"https:\/\/sbrc.sbc.org.br\/2023\/wp-content\/uploads\/2022\/10\/PriscilaSolis.jpg 405w, https:\/\/sbrc.sbc.org.br\/2023\/wp-content\/uploads\/2022\/10\/PriscilaSolis-300x300.jpg 300w, https:\/\/sbrc.sbc.org.br\/2023\/wp-content\/uploads\/2022\/10\/PriscilaSolis-150x150.jpg 150w\" sizes=\"auto, (max-width: 405px) 100vw, 405px\" \/><figcaption class=\"wp-element-caption\">Priscila Solis<br>UnB<\/figcaption><\/figure>\n<\/div>\n\n\n\n<div class=\"wp-block-column is-layout-flow wp-block-column-is-layout-flow\"><\/div>\n<\/div>\n\n\n\n<h2 class=\"wp-block-heading\">Coordena\u00e7\u00e3o do Hackathon<\/h2>\n\n\n\n<div class=\"wp-block-columns perfil is-layout-flex wp-container-core-columns-is-layout-9d6595d7 wp-block-columns-is-layout-flex\">\n<div class=\"wp-block-column is-layout-flow wp-block-column-is-layout-flow\">\n<figure class=\"wp-block-image size-full\"><img loading=\"lazy\" decoding=\"async\" width=\"460\" height=\"460\" src=\"https:\/\/sbrc.sbc.org.br\/2023\/wp-content\/uploads\/2022\/10\/AntonioMarcosAlberti.jpg\" alt=\"\" class=\"wp-image-582\" srcset=\"https:\/\/sbrc.sbc.org.br\/2023\/wp-content\/uploads\/2022\/10\/AntonioMarcosAlberti.jpg 460w, https:\/\/sbrc.sbc.org.br\/2023\/wp-content\/uploads\/2022\/10\/AntonioMarcosAlberti-300x300.jpg 300w, https:\/\/sbrc.sbc.org.br\/2023\/wp-content\/uploads\/2022\/10\/AntonioMarcosAlberti-150x150.jpg 150w\" sizes=\"auto, (max-width: 460px) 100vw, 460px\" \/><figcaption class=\"wp-element-caption\">Ant\u00f4nio Marcos Alberti<br>Inatel<\/figcaption><\/figure>\n<\/div>\n\n\n\n<div class=\"wp-block-column is-layout-flow wp-block-column-is-layout-flow\">\n<figure class=\"wp-block-image size-full\"><img loading=\"lazy\" decoding=\"async\" width=\"400\" height=\"400\" src=\"https:\/\/sbrc.sbc.org.br\/2023\/wp-content\/uploads\/2022\/12\/S-Rodrigo-Righi_RODRIGO-DA-ROSA-RIGH-1.jpg\" alt=\"\" class=\"wp-image-1051\" srcset=\"https:\/\/sbrc.sbc.org.br\/2023\/wp-content\/uploads\/2022\/12\/S-Rodrigo-Righi_RODRIGO-DA-ROSA-RIGH-1.jpg 400w, https:\/\/sbrc.sbc.org.br\/2023\/wp-content\/uploads\/2022\/12\/S-Rodrigo-Righi_RODRIGO-DA-ROSA-RIGH-1-300x300.jpg 300w, https:\/\/sbrc.sbc.org.br\/2023\/wp-content\/uploads\/2022\/12\/S-Rodrigo-Righi_RODRIGO-DA-ROSA-RIGH-1-150x150.jpg 150w\" sizes=\"auto, (max-width: 400px) 100vw, 400px\" \/><figcaption class=\"wp-element-caption\">Rodrigo da Rosa Righi<br>UNISINOS<\/figcaption><\/figure>\n<\/div>\n\n\n\n<div class=\"wp-block-column is-layout-flow wp-block-column-is-layout-flow\"><\/div>\n<\/div>\n\n\n\n<h2 class=\"wp-block-heading\">Comit\u00ea Local<\/h2>\n\n\n\n<ul class=\"wp-block-list\">\n<li>Andr\u00e9 Drummond (UnB)<\/li>\n\n\n\n<li>Eduardo Alchieri (UnB)<\/li>\n\n\n\n<li>Geraldo Pereira Rocha Filho (UESB)<\/li>\n\n\n\n<li>Jacir Luiz Bordim (UnB)<\/li>\n\n\n\n<li>Jo\u00e3o Costa Gondim (UnB)<\/li>\n\n\n\n<li>Marcelo Antonio Marotta (CIC-UnB)<\/li>\n\n\n\n<li>Marcos Fagundes Caetano (CIC-UnB)<\/li>\n\n\n\n<li>Marcus Lamar (UnB)<\/li>\n\n\n\n<li>Priscila Solis (UnB)<\/li>\n\n\n\n<li>Vinicius da Cunha Martins Borges (UFG)<\/li>\n\n\n\n<li>Vin\u00edcius Pereira Gon\u00e7alves (UnB)<\/li>\n\n\n\n<li>Ulisses Afonseca (IFG)<\/li>\n<\/ul>\n","protected":false},"excerpt":{"rendered":"<p>Organiza\u00e7\u00e3o Geral Coordena\u00e7\u00e3o do Comit\u00ea de Programa Coordena\u00e7\u00e3o de Workshops Coordena\u00e7\u00e3o de Palestras e Tutoriais Coordena\u00e7\u00e3o de Pain\u00e9is Coordena\u00e7\u00e3o de Minicursos Coordena\u00e7\u00e3o do MUSAS Coordena\u00e7\u00e3o do Sal\u00e3o de Ferramentas Coordena\u00e7\u00e3o do Concurso de Teses e Disserta\u00e7\u00f5es Coordena\u00e7\u00e3o do Hackathon Comit\u00ea Local<\/p>\n","protected":false},"author":3,"featured_media":0,"parent":0,"menu_order":0,"comment_status":"closed","ping_status":"closed","template":"","meta":{"footnotes":""},"class_list":["post-616","page","type-page","status-publish","hentry"],"_links":{"self":[{"href":"https:\/\/sbrc.sbc.org.br\/2023\/wp-json\/wp\/v2\/pages\/616","targetHints":{"allow":["GET"]}}],"collection":[{"href":"https:\/\/sbrc.sbc.org.br\/2023\/wp-json\/wp\/v2\/pages"}],"about":[{"href":"https:\/\/sbrc.sbc.org.br\/2023\/wp-json\/wp\/v2\/types\/page"}],"author":[{"embeddable":true,"href":"https:\/\/sbrc.sbc.org.br\/2023\/wp-json\/wp\/v2\/users\/3"}],"replies":[{"embeddable":true,"href":"https:\/\/sbrc.sbc.org.br\/2023\/wp-json\/wp\/v2\/comments?post=616"}],"version-history":[{"count":49,"href":"https:\/\/sbrc.sbc.org.br\/2023\/wp-json\/wp\/v2\/pages\/616\/revisions"}],"predecessor-version":[{"id":2432,"href":"https:\/\/sbrc.sbc.org.br\/2023\/wp-json\/wp\/v2\/pages\/616\/revisions\/2432"}],"wp:attachment":[{"href":"https:\/\/sbrc.sbc.org.br\/2023\/wp-json\/wp\/v2\/media?parent=616"}],"curies":[{"name":"wp","href":"https:\/\/api.w.org\/{rel}","templated":true}]}}