{"id":611,"date":"2022-10-24T15:59:12","date_gmt":"2022-10-24T18:59:12","guid":{"rendered":"https:\/\/sbrc.sbc.org.br\/2023\/?page_id=611"},"modified":"2023-03-28T08:25:20","modified_gmt":"2023-03-28T11:25:20","slug":"minicursos","status":"publish","type":"page","link":"https:\/\/sbrc.sbc.org.br\/2023\/minicursos\/","title":{"rendered":"Minicursos"},"content":{"rendered":"\n<h1 class=\"wp-block-heading\">Datas Importantes<\/h1>\n\n\n\n<ul class=\"wp-block-list\">\n<li>Registro e Envio das propostas: <s>16\/12\/2022<\/s> 08\/01\/2023<\/li>\n\n\n\n<li>Comunica\u00e7\u00e3o dos resultados: 17\/02\/2023<\/li>\n\n\n\n<li>Entrega dos cap\u00edtulos: 14\/04\/2023<\/li>\n<\/ul>\n\n\n\n<h1 class=\"wp-block-heading\">&nbsp;<\/h1>\n\n\n\n<h1 class=\"wp-block-heading\">Apresenta\u00e7\u00e3o e Objetivos<\/h1>\n\n\n\n<p>O Simp\u00f3sio Brasileiro de Redes de Computadores e Sistemas Distribu\u00eddos (SBRC) \u00e9 o f\u00f3rum mais importante da comunidade de pesquisa e desenvolvimento em Redes de Computadores e Sistemas Distribu\u00eddos no Brasil. Dentre as principais atividades do SBRC, encontram-se os minicursos. Eles permitem \u00e0 comunidade a oportunidade de atualiza\u00e7\u00e3o em temas que, normalmente, n\u00e3o s\u00e3o cobertos por estruturas curriculares ou que despertam grande interesse entre acad\u00eamicos e profissionais. S\u00e3o bem-vindas propostas em \u00e1reas recentes ou ainda pouco exploradas e em temas com grande potencial para atrair o interesse de estudantes e profissionais, de forma a melhor qualific\u00e1-los para suas pesquisas e\/ou mercado de trabalho. Poder\u00e3o ser submetidos minicursos sobre os temas sugeridos na Chamada de Trabalhos da Trilha Principal do SBRC 2023 ou mesmo sobre outros temas que os autores julguem relevantes \u00e0 \u00e1rea de redes de computadores e sistemas distribu\u00eddos.<\/p>\n\n\n\n<p>Cada proposta submetida ser\u00e1 avaliada por tr\u00eas ou mais membros do comit\u00ea de avalia\u00e7\u00e3o. Ser\u00e3o considerados, na avalia\u00e7\u00e3o, os seguintes crit\u00e9rios: relev\u00e2ncia e atualidade do tema para o evento, qualidade t\u00e9cnica da proposta e experi\u00eancia dos proponentes no tema proposto e abrang\u00eancia do perfil do p\u00fablico-alvo. As propostas mais bem avaliadas em temas distintos ser\u00e3o aceitas para apresenta\u00e7\u00e3o e publica\u00e7\u00e3o.<\/p>\n\n\n\n<h1 class=\"wp-block-heading\">&nbsp;<\/h1>\n\n\n\n<h1 class=\"wp-block-heading\">Livro Texto<\/h1>\n\n\n\n<p>Os autores dos minicursos selecionados dever\u00e3o produzir um cap\u00edtulo para publica\u00e7\u00e3o no livro \u201cMinicursos SBRC 2023\u201d. O cap\u00edtulo deve ser redigido em Portugu\u00eas ou em Ingl\u00eas e deve conter entre 40 e 50 p\u00e1ginas, seguindo o formato da SBC, dispon\u00edvel em&nbsp;<a href=\"https:\/\/www.sbc.org.br\/documentos-da-sbc\">https:\/\/www.sbc.org.br\/documentos-da-sbc<\/a>, na se\u00e7\u00e3o Publica\u00e7\u00f5es-&gt;Templates para Artigos e Cap\u00edtulos de Livros.<\/p>\n\n\n\n<p>Os livros do Minicursos ser\u00e3o publicados na Plataforma SBC OpenLib (SOL), a biblioteca digital mantida pela Sociedade Brasileira de Computa\u00e7\u00e3o (SBC) e estar\u00e3o dispon\u00edveis gratuitamente para toda sociedade.<\/p>\n\n\n\n<h1 class=\"wp-block-heading\">&nbsp;<\/h1>\n\n\n\n<h1 class=\"wp-block-heading\">Submiss\u00e3o das Propostas<\/h1>\n\n\n\n<p>Professores e pesquisadores interessados em ministrar um minicurso devem submeter uma proposta contendo de 6 a 8 p\u00e1ginas (excluindo-se os CVs &#8211; item 6 abaixo), com as informa\u00e7\u00f5es enumeradas a seguir.<\/p>\n\n\n\n<ol class=\"wp-block-list\">\n<li>Dados de Identifica\u00e7\u00e3o<\/li>\n<\/ol>\n\n\n\n<p>&nbsp;&nbsp;&nbsp;1.1. T\u00edtulo do minicurso<\/p>\n\n\n\n<p>&nbsp;&nbsp;&nbsp;1.2. Autor(es): institui\u00e7\u00e3o(\u00e7\u00f5es), endere\u00e7o(s), telefone(s), e-mail(s)<\/p>\n\n\n\n<p>&nbsp;&nbsp;&nbsp;1.3. Indica\u00e7\u00e3o do(s) autor(es) que apresentar\u00e1(\u00e3o) o minicurso<\/p>\n\n\n\n<ol class=\"wp-block-list\" start=\"2\">\n<li>Dados Gerais<\/li>\n<\/ol>\n\n\n\n<p>&nbsp;&nbsp;&nbsp;2.1. Objetivos do curso e tratamento dado ao tema (por exemplo, te\u00f3rico ou pr\u00e1tico, apanhado geral ou aprofundamento de aspectos espec\u00edficos, apresenta\u00e7\u00e3o ou compara\u00e7\u00e3o de tecnologias, forma\u00e7\u00e3o de novas habilidades ou informa\u00e7\u00e3o, resultados de pesquisas etc.)<\/p>\n\n\n\n<p>&nbsp;&nbsp;&nbsp;2.2. Perfil do p\u00fablico-alvo<\/p>\n\n\n\n<ol class=\"wp-block-list\" start=\"3\">\n<li>Estrutura prevista do texto (esbo\u00e7o do curso, t\u00f3picos\/se\u00e7\u00f5es cobertas)<\/li>\n\n\n\n<li>Para cada t\u00f3pico\/se\u00e7\u00e3o prevista no item 3, informar um resumo do conte\u00fado a ser abordado e a previs\u00e3o do n\u00famero de p\u00e1ginas<\/li>\n\n\n\n<li>Bibliografia principal utilizada na prepara\u00e7\u00e3o do minicurso (m\u00e1ximo de 1 p\u00e1gina)<\/li>\n\n\n\n<li>Curriculum Vitae resumido dos autores (m\u00e1ximo de 1 p\u00e1gina por autor)<\/li>\n<\/ol>\n\n\n\n<h1 class=\"wp-block-heading\">&nbsp;<\/h1>\n\n\n\n<h1 class=\"wp-block-heading\">Instru\u00e7\u00f5es aos Autores<\/h1>\n\n\n\n<p>A submiss\u00e3o de propostas ser\u00e1 exclusivamente eletr\u00f4nica, por meio do sistema JEMS (<a href=\"https:\/\/jems3.sbc.org.br\/events\/42\">https:\/\/jems3.sbc.org.br\/events\/42<\/a>). A proposta deve constar em um \u00fanico arquivo no formato PDF. Cada minicurso deve ser estruturado para ser apresentado durante o SBRC 2023 em um per\u00edodo de tempo de tr\u00eas a quatro horas.<\/p>\n\n\n\n<p>Pelo menos um dos autores de cada minicurso selecionado deve se inscrever no SBRC 2023, bem como apresentar o minicurso durante o evento.<\/p>\n\n\n\n<h1 class=\"wp-block-heading\">&nbsp;<\/h1>\n\n\n\n<h1 class=\"wp-block-heading\">Comit\u00ea de Avalia\u00e7\u00e3o<\/h1>\n\n\n\n<ul class=\"wp-block-list\">\n<li>Alberto Egon Schaeffer-Filho &#8211; UNIVERSIDADE FEDERAL DO RIO GRANDE DO SUL<\/li>\n\n\n\n<li>Aldri Luiz dos Santos &#8211; UNIVERSIDADE FEDERAL DE MINAS GERAIS<\/li>\n\n\n\n<li>Alex Borges Vieira &#8211; UNIVERSIDADE FEDERAL DE JUIZ DE FORA<\/li>\n\n\n\n<li>Alfredo Goldman &#8211; UNIVERSIDADE DE S\u00c3O PAULO<\/li>\n\n\n\n<li>Christian Esteve Rothenberg &#8211; UNIVERSIDADE ESTADUAL DE CAMPINAS<\/li>\n\n\n\n<li>Daniel de Oliveira Cunha &#8211; UNIVERSIDADE FEDERAL DO RIO DE JANEIRO<\/li>\n\n\n\n<li>Daniel Fernandes Macedo &#8211; UNIVERSIDADE FEDERAL DE MINAS GERAIS<\/li>\n\n\n\n<li>Daniel Ludovico Guidoni &#8211; UNIVERSIDADE FEDERAL DE OURO PRETO<\/li>\n\n\n\n<li>Daniel Menasch\u00e9 &#8211; UNIVERSIDADE FEDERAL DO RIO DE JANEIRO<\/li>\n\n\n\n<li>Denis Ros\u00e1rio &#8211; Federal University of Para<\/li>\n\n\n\n<li>Dianne de Medeiros &#8211; UNIVERSIDADE FEDERAL FLUMINENSE<\/li>\n\n\n\n<li>Edmundo Madeira &#8211; UNIVERSIDADE ESTADUAL DE CAMPINAS<\/li>\n\n\n\n<li>Eduardo Coelho Cerqueira &#8211; UNIVERSIDADE FEDERAL DO PAR\u00c1<\/li>\n\n\n\n<li>Helder Oliveira &#8211; UNIVERSIDADE FEDERAL DO ABC<\/li>\n\n\n\n<li>Igor Monteiro Moraes &#8211; UNIVERSIDADE FEDERAL FLUMINENSE<\/li>\n\n\n\n<li>Juliano Fischer Naves &#8211; Instituto Federal de Educa\u00e7\u00e3o<\/li>\n\n\n\n<li>Kelvin Dias &#8211; UNIVERSIDADE FEDERAL DE PERNAMBUCO<\/li>\n\n\n\n<li>Leobino Nascimento Sampaio &#8211; UNIVERSIDADE FEDERAL DA BAHIA<\/li>\n\n\n\n<li>Luis Carlos Erpen De Bona &#8211; Federal University of Parana<\/li>\n\n\n\n<li>Marcelo Dias de Amorim &#8211; CNRS<\/li>\n\n\n\n<li>Mauro Fonseca &#8211; UNIVERSIDADE TECNOL\u00d3GICA FEDERAL DO PARAN\u00c1<\/li>\n\n\n\n<li>Rodrigo de Souza Couto &#8211; UNIVERSIDADE FEDERAL DO RIO DE JANEIRO<\/li>\n\n\n\n<li>Ronaldo Alves Ferreira &#8211; Federal University of Mato Grosso do Sul<\/li>\n\n\n\n<li>Weverton Luis da Costa Cordeiro &#8211; UNIVERSIDADE FEDERAL DO RIO GRANDE DO SUL<\/li>\n<\/ul>\n\n\n\n<h1 class=\"wp-block-heading\"><\/h1>\n\n\n\n<h1 class=\"wp-block-heading\">Coordenador de Minicursos<\/h1>\n\n\n\n<ul class=\"wp-block-list\">\n<li>Rafael Lopes Gomes (UECE)<\/li>\n<\/ul>\n","protected":false},"excerpt":{"rendered":"<p>Datas Importantes &nbsp; Apresenta\u00e7\u00e3o e Objetivos O Simp\u00f3sio Brasileiro de Redes de Computadores e Sistemas Distribu\u00eddos (SBRC) \u00e9 o f\u00f3rum mais importante da comunidade de pesquisa e desenvolvimento em Redes de Computadores e Sistemas Distribu\u00eddos no Brasil. Dentre as principais atividades do SBRC, encontram-se os minicursos. Eles permitem \u00e0 comunidade a oportunidade de atualiza\u00e7\u00e3o em [&hellip;]<\/p>\n","protected":false},"author":3,"featured_media":0,"parent":0,"menu_order":0,"comment_status":"closed","ping_status":"closed","template":"","meta":{"footnotes":""},"class_list":["post-611","page","type-page","status-publish","hentry"],"_links":{"self":[{"href":"https:\/\/sbrc.sbc.org.br\/2023\/wp-json\/wp\/v2\/pages\/611","targetHints":{"allow":["GET"]}}],"collection":[{"href":"https:\/\/sbrc.sbc.org.br\/2023\/wp-json\/wp\/v2\/pages"}],"about":[{"href":"https:\/\/sbrc.sbc.org.br\/2023\/wp-json\/wp\/v2\/types\/page"}],"author":[{"embeddable":true,"href":"https:\/\/sbrc.sbc.org.br\/2023\/wp-json\/wp\/v2\/users\/3"}],"replies":[{"embeddable":true,"href":"https:\/\/sbrc.sbc.org.br\/2023\/wp-json\/wp\/v2\/comments?post=611"}],"version-history":[{"count":4,"href":"https:\/\/sbrc.sbc.org.br\/2023\/wp-json\/wp\/v2\/pages\/611\/revisions"}],"predecessor-version":[{"id":2119,"href":"https:\/\/sbrc.sbc.org.br\/2023\/wp-json\/wp\/v2\/pages\/611\/revisions\/2119"}],"wp:attachment":[{"href":"https:\/\/sbrc.sbc.org.br\/2023\/wp-json\/wp\/v2\/media?parent=611"}],"curies":[{"name":"wp","href":"https:\/\/api.w.org\/{rel}","templated":true}]}}