{"id":575,"date":"2022-10-23T21:52:47","date_gmt":"2022-10-24T00:52:47","guid":{"rendered":"https:\/\/sbrc.sbc.org.br\/2023\/?page_id=575"},"modified":"2023-03-22T12:28:23","modified_gmt":"2023-03-22T15:28:23","slug":"chamada-de-workshops","status":"publish","type":"page","link":"https:\/\/sbrc.sbc.org.br\/2023\/chamada-de-workshops\/","title":{"rendered":"Workshops"},"content":{"rendered":"\n<h1 class=\"wp-block-heading\">Workshops Aceitos<\/h1>\n\n\n\n<ul class=\"wp-block-list\">\n<li><a href=\"https:\/\/sbrc.sbc.org.br\/2023\/workshop-courb\/\"><strong>CoUrb &#8211; VII Workshop de Computa\u00e7\u00e3o Urbana<\/strong><\/a><br>Coordenadores: Leandro Villas (Unicamp), Thiago Henrique Silva (UTFPR), Daniel Ludovico Guidoni (UFOP), Helder Oliveira (UFABC), Denis Ros\u00e1rio (UFPA)<\/li>\n<\/ul>\n\n\n\n<ul class=\"wp-block-list\">\n<li><a href=\"https:\/\/sbrc.sbc.org.br\/2023\/workshop-6g\"><strong>W6G &#8211; III Workshop de Redes 6G<\/strong><\/a><br>Coordenadores: Flavio de Oliveira Silva (UFU), Antonio Oliveira-Jr (Fraunhofer Portugal AICOS), Rodrigo Moreira (UFU), Luciano Leonel Mendes (Inatel)<\/li>\n<\/ul>\n\n\n\n<ul class=\"wp-block-list\">\n<li><a href=\"https:\/\/sbrc.sbc.org.br\/2023\/workshop-wblockchain\/\"><strong>WBlockchain &#8211; VI Workshop Blockchain: Teoria, Tecnologia e Aplica\u00e7\u00f5es<\/strong><\/a><br>Coordenadores: Luis Carlos Erpen De Bona (UFPR), Roben Castagna Lunardi (IFRS)<\/li>\n<\/ul>\n\n\n\n<ul class=\"wp-block-list\">\n<li><a href=\"https:\/\/sbrc.sbc.org.br\/2023\/workshop-wgrs\/\"><strong>WGRS &#8211; XXVIII Workshop de Ger\u00eancia e Opera\u00e7\u00e3o de Redes e Servi\u00e7os<\/strong><\/a><br>Coordenadores: Ricardo Jose Pfitscher (UFSC) e Rodolfo Ipolito Meneguette (USP)<\/li>\n<\/ul>\n\n\n\n<ul class=\"wp-block-list\">\n<li><a href=\"https:\/\/sbrc.sbc.org.br\/2023\/workshop-internet-do-futuro\/\"><strong>WPEIF &#8211; XIV Workshop de Pesquisa Experimental da Internet do Futuro<\/strong><\/a><br>Coordenadores: Flavio de Oliveira Silva (UFU), Ant\u00f4nio Jorge Gomes Abel\u00e9m (UFPA), Jos\u00e9 Rezende (UFRJ)<\/li>\n<\/ul>\n\n\n\n<ul class=\"wp-block-list\">\n<li><a href=\"https:\/\/sbrc.sbc.org.br\/2023\/workshop-wtf\/\"><strong>WTF &#8211; XXIV Workshop de Testes e Toler\u00e2ncia a Falhas<\/strong><\/a><br>Coordenadores: Odorico M. Mendizabal (UFSC)<\/li>\n<\/ul>\n\n\n\n<ul class=\"wp-block-list\">\n<li><a href=\"https:\/\/sbrc.sbc.org.br\/2023\/workshop-wtg\/\"><strong>WTG &#8211; VI Workshop de Trabalhos de Inicia\u00e7\u00e3o Cient\u00edfica e de Gradua\u00e7\u00e3o<\/strong><\/a><br>Coordenadores: Rodolfo Ipolito Meneguette (USP) e Louren\u00e7o Pereira Jr (ITA)<\/li>\n<\/ul>\n\n\n\n<ul class=\"wp-block-list\">\n<li><a href=\"https:\/\/sbrc.sbc.org.br\/2023\/workshop-wrnp\/\"><strong>WRNP &#8211; Workshop RNP<\/strong><\/a><br>Coordena\u00e7\u00e3o Geral: Iara Machado, Coordena\u00e7\u00e3o Executiva: Lucas Bondan, Coordena\u00e7\u00e3o do Comit\u00ea de Programa: Lisandro Zambenedetti Granville, Coordena\u00e7\u00e3o de Exposi\u00e7\u00e3o e Demonstra\u00e7\u00f5es: Felipe Nascimento, Coordena\u00e7\u00e3o de Comunica\u00e7\u00e3o &amp; Marketing: Rafael Horigome, Coordena\u00e7\u00e3o da infraestrutura de TI: Edivan Custodio<\/li>\n<\/ul>\n\n\n\n<p><\/p>\n\n\n\n<p><\/p>\n\n\n\n<div style=\"height:50px\" aria-hidden=\"true\" class=\"wp-block-spacer\"><\/div>\n\n\n\n<h1 class=\"wp-block-heading\">Datas Importantes<\/h1>\n\n\n\n<ul class=\"wp-block-list\">\n<li>Prazo para submiss\u00e3o de propostas de workshops: 25\/11\/2022<\/li>\n\n\n\n<li>Notifica\u00e7\u00e3o dos workshops aceitos: 15\/12\/2022<\/li>\n\n\n\n<li>A submiss\u00e3o deve ser feita via JEMS:&nbsp;<a href=\"https:\/\/jems3.sbc.org.br\/events\/29.\" target=\"_blank\" rel=\"noreferrer noopener\">https:\/\/jems3.sbc.org.br\/events\/29<\/a><\/li>\n<\/ul>\n\n\n\n<h1 class=\"wp-block-heading\">&nbsp;<\/h1>\n\n\n\n<h1 class=\"wp-block-heading\">Apresenta\u00e7\u00e3o<\/h1>\n\n\n\n<p>Os Workshops do SBRC s\u00e3o eventos sat\u00e9lites que oferecem oportunidades para discuss\u00f5es focadas em t\u00f3picos selecionados, adotando din\u00e2micas de trabalho alternativas \u00e0 trilha principal do SBRC (podendo incluir apresenta\u00e7\u00e3o de artigos, tutoriais, palestras e\/ou pain\u00e9is, etc.). Os workshops enriquecem e complementam o SBRC possibilitando o tratamento de t\u00f3picos emergentes, a submiss\u00e3o e troca de ideias sobre trabalhos de pesquisa em andamento, assim como a discuss\u00e3o mais aprofundada sobre temas j\u00e1 consolidados das \u00e1reas de Redes de Computadores e Sistemas Distribu\u00eddos.<\/p>\n\n\n\n<p>Para a sua quadrag\u00e9sima primeira edi\u00e7\u00e3o, a comiss\u00e3o organizadora do SBRC convida pesquisadores a submeterem propostas de workshops a serem realizados em conjunto com o simp\u00f3sio abrangendo t\u00f3picos de interesse da comunidade de Redes de Computadores e Sistemas Distribu\u00eddos.<\/p>\n\n\n\n<p>As propostas de workshops dever\u00e3o ser submetidas via JEMS. Como nos anos anteriores, os workshops poder\u00e3o ter dura\u00e7\u00e3o de um dia inteiro ou de metade de um dia, favorecendo a estrutura\u00e7\u00e3o mais conveniente de acordo com o tema abordado. A decis\u00e3o sobre a dura\u00e7\u00e3o do workshop \u00e9 realizada de acordo com o hist\u00f3rico de participantes e submiss\u00f5es dos workshops, bem como da disponibilidade f\u00edsica alocada para o SBRC.<\/p>\n\n\n\n<h1 class=\"wp-block-heading\">&nbsp;<\/h1>\n\n\n\n<h1 class=\"wp-block-heading\">Instru\u00e7\u00f5es para Submiss\u00e3o de Propostas<\/h1>\n\n\n\n<p>Propostas de workshops dever\u00e3o incluir os seguintes itens:<\/p>\n\n\n\n<ul class=\"wp-block-list\">\n<li>T\u00edtulo do workshop.<\/li>\n\n\n\n<li>Nome, e-mail e institui\u00e7\u00e3o de v\u00ednculo de cada um dos organizadores do workshop.<\/li>\n\n\n\n<li>Breve descri\u00e7\u00e3o t\u00e9cnica do workshop, foco e justificativa para que o tema abordado seja tratado no contexto de um workshop do SBRC (m\u00e1x. uma p\u00e1gina).<\/li>\n\n\n\n<li>Descri\u00e7\u00e3o da din\u00e2mica do workshop, incluindo previs\u00e3o de palestras, pain\u00e9is, tutoriais e n\u00famero de artigos aceitos.<\/li>\n<\/ul>\n\n\n\n<p>No caso de proposta de nova edi\u00e7\u00e3o de um workshop j\u00e1 realizado anteriormente no SBRC, favor incluir:<\/p>\n\n\n\n<ul class=\"wp-block-list\">\n<li>Breve hist\u00f3rico das edi\u00e7\u00f5es anteriores e Qualis (se possuir);<\/li>\n\n\n\n<li>N\u00famero de artigos submetidos e aceitos nas \u00faltimas edi\u00e7\u00f5es; e<\/li>\n\n\n\n<li>N\u00famero de participantes nas \u00faltimas edi\u00e7\u00f5es.<\/li>\n<\/ul>\n\n\n\n<p>A avalia\u00e7\u00e3o das propostas levar\u00e1 em conta o potencial do workshop de atrair participantes, produzir bons resultados e abordar t\u00f3picos emergentes e transversais \u00e0 trilha principal do SBRC que interessam a uma parcela substancial da comunidade.<\/p>\n\n\n\n<p>O evento ir\u00e1 publicar os anais na Biblioteca Digital (<a href=\"https:\/\/sol.sbc.org.br\/\" target=\"_blank\" rel=\"noreferrer noopener\">https:\/\/sol.sbc.org.br\/<\/a>) da plataforma SOL da SBC.<\/p>\n\n\n\n<h1 class=\"wp-block-heading\">&nbsp;<\/h1>\n\n\n\n<h1 class=\"wp-block-heading\">Comit\u00ea de Avalia\u00e7\u00e3o<\/h1>\n\n\n\n<ul class=\"wp-block-list\">\n<li>Ant\u00f4nio Jorge Gomes Abel\u00e9m (UFPA)<\/li>\n\n\n\n<li>Ronaldo Alves Ferreira (UFMS)<\/li>\n\n\n\n<li>Paulo Ditarso (IFPB)<\/li>\n\n\n\n<li>Fab\u00edola Greve (UFBA)<\/li>\n\n\n\n<li>Weverton Cordeiro (UFRGS)<\/li>\n\n\n\n<li>Daniel Batista (USP)<\/li>\n\n\n\n<li>Rodolfo Villa\u00e7a (UFES)<\/li>\n\n\n\n<li>Silvana Rossetto (UFRJ)<\/li>\n\n\n\n<li>Nabor Mendonca (UNIFOR)<\/li>\n<\/ul>\n\n\n\n<h1 class=\"wp-block-heading\">&nbsp;<\/h1>\n\n\n\n<h1 class=\"wp-block-heading\">Coordena\u00e7\u00e3o<\/h1>\n\n\n\n<ul class=\"wp-block-list\">\n<li>F\u00e1bio Luciano Verdi (UFSCar)<\/li>\n<\/ul>\n","protected":false},"excerpt":{"rendered":"<p>Workshops Aceitos Datas Importantes &nbsp; Apresenta\u00e7\u00e3o Os Workshops do SBRC s\u00e3o eventos sat\u00e9lites que oferecem oportunidades para discuss\u00f5es focadas em t\u00f3picos selecionados, adotando din\u00e2micas de trabalho alternativas \u00e0 trilha principal do SBRC (podendo incluir apresenta\u00e7\u00e3o de artigos, tutoriais, palestras e\/ou pain\u00e9is, etc.). Os workshops enriquecem e complementam o SBRC possibilitando o tratamento de t\u00f3picos emergentes, [&hellip;]<\/p>\n","protected":false},"author":3,"featured_media":0,"parent":0,"menu_order":0,"comment_status":"closed","ping_status":"closed","template":"","meta":{"footnotes":""},"class_list":["post-575","page","type-page","status-publish","hentry"],"_links":{"self":[{"href":"https:\/\/sbrc.sbc.org.br\/2023\/wp-json\/wp\/v2\/pages\/575","targetHints":{"allow":["GET"]}}],"collection":[{"href":"https:\/\/sbrc.sbc.org.br\/2023\/wp-json\/wp\/v2\/pages"}],"about":[{"href":"https:\/\/sbrc.sbc.org.br\/2023\/wp-json\/wp\/v2\/types\/page"}],"author":[{"embeddable":true,"href":"https:\/\/sbrc.sbc.org.br\/2023\/wp-json\/wp\/v2\/users\/3"}],"replies":[{"embeddable":true,"href":"https:\/\/sbrc.sbc.org.br\/2023\/wp-json\/wp\/v2\/comments?post=575"}],"version-history":[{"count":26,"href":"https:\/\/sbrc.sbc.org.br\/2023\/wp-json\/wp\/v2\/pages\/575\/revisions"}],"predecessor-version":[{"id":1739,"href":"https:\/\/sbrc.sbc.org.br\/2023\/wp-json\/wp\/v2\/pages\/575\/revisions\/1739"}],"wp:attachment":[{"href":"https:\/\/sbrc.sbc.org.br\/2023\/wp-json\/wp\/v2\/media?parent=575"}],"curies":[{"name":"wp","href":"https:\/\/api.w.org\/{rel}","templated":true}]}}