{"id":570,"date":"2022-10-23T21:45:12","date_gmt":"2022-10-24T00:45:12","guid":{"rendered":"https:\/\/sbrc.sbc.org.br\/2023\/?page_id=570"},"modified":"2023-03-28T10:17:35","modified_gmt":"2023-03-28T13:17:35","slug":"sobre-o-evento","status":"publish","type":"page","link":"https:\/\/sbrc.sbc.org.br\/2023\/sobre-o-evento\/","title":{"rendered":"Sobre o Evento"},"content":{"rendered":"\n<p>O\u00a0<strong>Simp\u00f3sio Brasileiro de Redes de Computadores e Sistemas Distribu\u00eddos (SBRC)<\/strong>\u00a0\u00e9 um evento anual realizado pela\u00a0<a rel=\"noreferrer noopener\" href=\"https:\/\/www.sbc.org.br\/\" target=\"_blank\">Sociedade Brasileira de Computa\u00e7\u00e3o (SBC)<\/a>\u00a0e pelo\u00a0<a rel=\"noreferrer noopener\" href=\"http:\/\/www.larc.org.br\/\" target=\"_blank\">Laborat\u00f3rio de Redes de Computadores (LARC)<\/a>. Ao longo de mais de quatro d\u00e9cadas de realiza\u00e7\u00e3o, o SBRC firmou-se como o mais importante evento cient\u00edfico nacional em redes de computadores e sistemas distribu\u00eddos, alcan\u00e7ando abrang\u00eancia internacional com a presen\u00e7a de pesquisadores, t\u00e9cnicos e cientistas da Am\u00e9rica Latina e do mundo. A import\u00e2ncia do SBRC pode ser observada pelo n\u00famero de submiss\u00f5es de trabalhos e de participantes nas suas diversas edi\u00e7\u00f5es.\u00a0Sua trilha principal tem recebido anualmente uma m\u00e9dia de 300 submiss\u00f5es, das quais entre 30% e 35% s\u00e3o aceitas para publica\u00e7\u00e3o e apresenta\u00e7\u00e3o oral no simp\u00f3sio.<\/p>\n\n\n\n<p>Outras caracter\u00edsticas como a diversidade e a abrang\u00eancia de atividades realizadas, a atualidade dos temas abordados e o profissionalismo de sua organiza\u00e7\u00e3o contribu\u00edram para que o SBRC se consolidasse no calend\u00e1rio de eventos cient\u00edficos nacionais e \u00e9 o evento mais importante na \u00e1rea na Am\u00e9rica do Sul.<\/p>\n\n\n\n<p>Tradicionalmente, o evento \u00e9 composto de sess\u00f5es t\u00e9cnicas, minicursos, pain\u00e9is e debates,&nbsp;<em>workshops<\/em>, sal\u00e3o de ferramentas, palestras e tutoriais proferidos por convidados de renome internacional. Al\u00e9m disso, o&nbsp;evento ter\u00e1 papel estrat\u00e9gico e atender\u00e1 a demanda de grande p\u00fablico da \u00e1rea por eventos dessa natureza e desse porte, principalmente com foco nas \u00e1reas tem\u00e1ticas de desenvolvimento tecnol\u00f3gico e extens\u00e3o inovadora definidas pelo MCTIC na Portaria 1.122\/2020 (com texto alterado pela Portaria MCTIC no 1.329\/2020), como por exemplo Tecnologias Digitais e Tecnologias de Produ\u00e7\u00e3o Industrial e de Servi\u00e7os.<\/p>\n\n\n\n<p>A 41\u00aa edi\u00e7\u00e3o do Simp\u00f3sio ser\u00e1 realizada de 22 a 26 de maio de 2023 no formato PRESENCIAL. A coordena\u00e7\u00e3o do evento est\u00e1 sob a responsabilidade da&nbsp;<a rel=\"noreferrer noopener\" href=\"https:\/\/www.unb.br\/\" target=\"_blank\">Universidade&nbsp;de Bras\u00edlia (UnB)<\/a> junto com a <a href=\"http:\/\/www.uesb.br\/\">Universidade Estadual Do Sudoeste Da Bahia (UESB)<\/a>. Tradicionalmente, o evento \u00e9 composto de sess\u00f5es t\u00e9cnicas, minicursos, pain\u00e9is e debates,&nbsp;<em>workshops<\/em>, sal\u00e3o de ferramentas, palestras e tutoriais proferidos por convidados de renome internacional. Este ano o evento contar\u00e1 novamente com um&nbsp;<em>Hackathon<\/em>&nbsp;e tamb\u00e9m com um Concurso de Teses e Disserta\u00e7\u00f5es.<\/p>\n","protected":false},"excerpt":{"rendered":"<p>O\u00a0Simp\u00f3sio Brasileiro de Redes de Computadores e Sistemas Distribu\u00eddos (SBRC)\u00a0\u00e9 um evento anual realizado pela\u00a0Sociedade Brasileira de Computa\u00e7\u00e3o (SBC)\u00a0e pelo\u00a0Laborat\u00f3rio de Redes de Computadores (LARC). Ao longo de mais de quatro d\u00e9cadas de realiza\u00e7\u00e3o, o SBRC firmou-se como o mais importante evento cient\u00edfico nacional em redes de computadores e sistemas distribu\u00eddos, alcan\u00e7ando abrang\u00eancia internacional com [&hellip;]<\/p>\n","protected":false},"author":3,"featured_media":0,"parent":0,"menu_order":0,"comment_status":"closed","ping_status":"closed","template":"","meta":{"footnotes":""},"class_list":["post-570","page","type-page","status-publish","hentry"],"_links":{"self":[{"href":"https:\/\/sbrc.sbc.org.br\/2023\/wp-json\/wp\/v2\/pages\/570","targetHints":{"allow":["GET"]}}],"collection":[{"href":"https:\/\/sbrc.sbc.org.br\/2023\/wp-json\/wp\/v2\/pages"}],"about":[{"href":"https:\/\/sbrc.sbc.org.br\/2023\/wp-json\/wp\/v2\/types\/page"}],"author":[{"embeddable":true,"href":"https:\/\/sbrc.sbc.org.br\/2023\/wp-json\/wp\/v2\/users\/3"}],"replies":[{"embeddable":true,"href":"https:\/\/sbrc.sbc.org.br\/2023\/wp-json\/wp\/v2\/comments?post=570"}],"version-history":[{"count":4,"href":"https:\/\/sbrc.sbc.org.br\/2023\/wp-json\/wp\/v2\/pages\/570\/revisions"}],"predecessor-version":[{"id":2124,"href":"https:\/\/sbrc.sbc.org.br\/2023\/wp-json\/wp\/v2\/pages\/570\/revisions\/2124"}],"wp:attachment":[{"href":"https:\/\/sbrc.sbc.org.br\/2023\/wp-json\/wp\/v2\/media?parent=570"}],"curies":[{"name":"wp","href":"https:\/\/api.w.org\/{rel}","templated":true}]}}