{"id":3650,"date":"2023-05-23T10:55:38","date_gmt":"2023-05-23T13:55:38","guid":{"rendered":"https:\/\/sbrc.sbc.org.br\/2023\/?page_id=3650"},"modified":"2023-05-23T11:07:23","modified_gmt":"2023-05-23T14:07:23","slug":"programacao-salao-de-ferramentas","status":"publish","type":"page","link":"https:\/\/sbrc.sbc.org.br\/2023\/programacao-salao-de-ferramentas\/","title":{"rendered":"Sal\u00e3o de Ferramentas"},"content":{"rendered":"\n<p class=\"has-text-color has-background\" style=\"color:#004190;background-color:#dee7f3\">\n\n<span class=\"has-text-color has-background\" style=\"color:#004190;background-color:#dee7f3\"><strong>Data\/Hor\u00e1rio: <\/strong>Quarta-feira (24\/05) e Quinta-feira (25\/05) &#8211; Das 08:30 \u00e0s 18:30<\/span>\n<br><br>\n<span class=\"has-text-color\" style=\"color:#004190\"><strong>Local:<\/strong> Foyer (Ambiente de Exposi\u00e7\u00e3o)<\/span>\n<\/p>\n\n\n\n<p><\/p>\n\n\n\n<p><strong>CACIC-DevKit: Constru\u00e7\u00e3o de Sistemas IoT com Pol\u00edticas de Acesso Customiz\u00e1veis e Seguran\u00e7a por Hardware<\/strong><\/p>\n\n\n\n<ul class=\"wp-block-list\">\n<li>Guilherme Thomaz<\/li>\n\n\n\n<li>Matheus Guerra<\/li>\n\n\n\n<li>Matteo Sammarco<\/li>\n\n\n\n<li>Miguel Elias Mitre Campista<\/li>\n<\/ul>\n\n\n\n<div style=\"height:50px\" aria-hidden=\"true\" class=\"wp-block-spacer\"><\/div>\n\n\n\n<p><strong>WAVE &#8211; Um gerador de cargas m\u00faltiplas para experimenta\u00e7\u00e3o em redes de computadores<br><\/strong><\/p>\n\n\n\n<ul class=\"wp-block-list\">\n<li>Leandro C. de Almeida<\/li>\n\n\n\n<li>Jefferson L. F. da Silva<\/li>\n\n\n\n<li>Ricardo P. Lins<\/li>\n\n\n\n<li>Paulo Ditarso Maciel Jr.<\/li>\n\n\n\n<li>Rafael Pasquini<\/li>\n\n\n\n<li>F\u00e1bio Luciano Verdi<\/li>\n<\/ul>\n\n\n\n<div style=\"height:50px\" aria-hidden=\"true\" class=\"wp-block-spacer\"><\/div>\n\n\n\n<p><strong>API (Interface de Programa\u00e7\u00e3o de Aplica\u00e7\u00e3o) do Servi\u00e7o FileSender@RNP<\/strong><\/p>\n\n\n\n<ul class=\"wp-block-list\">\n<li>Jonathan Welley da Silva Pereira<\/li>\n\n\n\n<li>Jacob Nogueira Cabral<\/li>\n<\/ul>\n\n\n\n<div style=\"height:50px\" aria-hidden=\"true\" class=\"wp-block-spacer\"><\/div>\n\n\n\n<p><strong>ns3-ORAN: Implementa\u00e7\u00e3o e Integra\u00e7\u00e3o do Protocolo Open-RAN no Simulador NS-3<\/strong><\/p>\n\n\n\n<ul class=\"wp-block-list\">\n<li>Gabriel Ferreira<\/li>\n\n\n\n<li>Priscila Solis<\/li>\n\n\n\n<li>Eduardo Alchieri<\/li>\n\n\n\n<li>Paulo Carvalho<\/li>\n<\/ul>\n\n\n\n<div style=\"height:50px\" aria-hidden=\"true\" class=\"wp-block-spacer\"><\/div>\n\n\n\n<p><strong>PathsViewer: Uma Interface para Explora\u00e7\u00e3o de Dados Espa\u00e7o-Temporais<\/strong><\/p>\n\n\n\n<ul class=\"wp-block-list\">\n<li>Arthur J Simas<\/li>\n\n\n\n<li>William Quintas de Melo<\/li>\n\n\n\n<li>Leonardo Henrique Guimar\u00e3es<\/li>\n\n\n\n<li>Christian Esteve Rothenberg<\/li>\n<\/ul>\n\n\n\n<div style=\"height:50px\" aria-hidden=\"true\" class=\"wp-block-spacer\"><\/div>\n\n\n\n<p><strong>Network Emulation with P7: A P4 Programmable Patch Panel on Tofino-based Hardware<\/strong><\/p>\n\n\n\n<ul class=\"wp-block-list\">\n<li>Fabricio Eduardo Rodriguez Cesen<\/li>\n\n\n\n<li>Francisco Vogt<\/li>\n\n\n\n<li>Ariel G\u00f3es de Castro<\/li>\n\n\n\n<li>Marcos Felipe Schwarz<\/li>\n\n\n\n<li>Christian Esteve Rothenberg<\/li>\n<\/ul>\n\n\n\n<div style=\"height:50px\" aria-hidden=\"true\" class=\"wp-block-spacer\"><\/div>\n\n\n\n<p><strong>Uma Extens\u00e3o do ns-3 para Simula\u00e7\u00e3o de Transfer\u00eancia Simult\u00e2nea de Informa\u00e7\u00e3o e Energia Sem Fio (SWIPT) em Redes IEEE 802.11<\/strong><\/p>\n\n\n\n<ul class=\"wp-block-list\">\n<li>Jos\u00e9 Ant\u00f4nio Fran\u00e7a Junior<\/li>\n\n\n\n<li>Marcelo M. Carvalho<\/li>\n<\/ul>\n\n\n\n<div style=\"height:50px\" aria-hidden=\"true\" class=\"wp-block-spacer\"><\/div>\n\n\n\n<p><strong>IDIT-SDN: Intrusion Detection Framework for Software-defined Wireless Sensor Networks<\/strong><\/p>\n\n\n\n<ul class=\"wp-block-list\">\n<li>Gustavo N\u00fa\u00f1ez Segura<\/li>\n\n\n\n<li>Arsenia Chorti<\/li>\n\n\n\n<li>Cintia Borges Margi<\/li>\n<\/ul>\n\n\n\n<div style=\"height:50px\" aria-hidden=\"true\" class=\"wp-block-spacer\"><\/div>\n\n\n\n<p><strong>Prot\u00f3tipo PIPA: Uma solu\u00e7\u00e3o integradora de pol\u00edticas de acesso a recursos<\/strong><\/p>\n\n\n\n<ul class=\"wp-block-list\">\n<li>Junia Maisa de Oliveira<\/li>\n\n\n\n<li>Emanuella Ferraz<\/li>\n\n\n\n<li>Vinicius Oliveira<\/li>\n\n\n\n<li>Daniel Fernandes Macedo<\/li>\n\n\n\n<li>Dorgival Guedes<\/li>\n\n\n\n<li>Jose-Marcos Nogueira<\/li>\n<\/ul>\n","protected":false},"excerpt":{"rendered":"<p>Data\/Hor\u00e1rio: Quarta-feira (24\/05) e Quinta-feira (25\/05) &#8211; Das 08:30 \u00e0s 18:30 Local: Foyer (Ambiente de Exposi\u00e7\u00e3o) CACIC-DevKit: Constru\u00e7\u00e3o de Sistemas IoT com Pol\u00edticas de Acesso Customiz\u00e1veis e Seguran\u00e7a por Hardware WAVE &#8211; Um gerador de cargas m\u00faltiplas para experimenta\u00e7\u00e3o em redes de computadores API (Interface de Programa\u00e7\u00e3o de Aplica\u00e7\u00e3o) do Servi\u00e7o FileSender@RNP ns3-ORAN: Implementa\u00e7\u00e3o e [&hellip;]<\/p>\n","protected":false},"author":3,"featured_media":0,"parent":0,"menu_order":0,"comment_status":"closed","ping_status":"closed","template":"","meta":{"footnotes":""},"class_list":["post-3650","page","type-page","status-publish","hentry"],"_links":{"self":[{"href":"https:\/\/sbrc.sbc.org.br\/2023\/wp-json\/wp\/v2\/pages\/3650","targetHints":{"allow":["GET"]}}],"collection":[{"href":"https:\/\/sbrc.sbc.org.br\/2023\/wp-json\/wp\/v2\/pages"}],"about":[{"href":"https:\/\/sbrc.sbc.org.br\/2023\/wp-json\/wp\/v2\/types\/page"}],"author":[{"embeddable":true,"href":"https:\/\/sbrc.sbc.org.br\/2023\/wp-json\/wp\/v2\/users\/3"}],"replies":[{"embeddable":true,"href":"https:\/\/sbrc.sbc.org.br\/2023\/wp-json\/wp\/v2\/comments?post=3650"}],"version-history":[{"count":8,"href":"https:\/\/sbrc.sbc.org.br\/2023\/wp-json\/wp\/v2\/pages\/3650\/revisions"}],"predecessor-version":[{"id":3660,"href":"https:\/\/sbrc.sbc.org.br\/2023\/wp-json\/wp\/v2\/pages\/3650\/revisions\/3660"}],"wp:attachment":[{"href":"https:\/\/sbrc.sbc.org.br\/2023\/wp-json\/wp\/v2\/media?parent=3650"}],"curies":[{"name":"wp","href":"https:\/\/api.w.org\/{rel}","templated":true}]}}