{"id":3469,"date":"2023-05-20T20:34:23","date_gmt":"2023-05-20T23:34:23","guid":{"rendered":"https:\/\/sbrc.sbc.org.br\/2023\/?page_id=3469"},"modified":"2023-05-25T23:25:52","modified_gmt":"2023-05-26T02:25:52","slug":"programacao","status":"publish","type":"page","link":"https:\/\/sbrc.sbc.org.br\/2023\/programacao\/","title":{"rendered":"Programa\u00e7\u00e3o"},"content":{"rendered":"\n<h3 class=\"wp-block-heading\"><strong>Programa\u00e7\u00e3o Geral<\/strong><\/h3>\n\n\n\n<div style=\"height:100px\" aria-hidden=\"true\" class=\"wp-block-spacer\"><\/div>\n\n\n\n<style>\ntable {\n  border-collapse: collapse;\n  margin-bottom: 50px;\n}\n\ntable, th, td {\n  border: 1px solid black;\n}\n\nth, td {\n  display: normal;\n  padding: 5px;\n}\n\nth.show, td.show {\n  display: table-cell;\n}\n\n.toggles {\n  display: flex;\n  flex-direction: column;\n}\n<\/style>\n\n\n\n<script src=\"https:\/\/cdnjs.cloudflare.com\/ajax\/libs\/jquery\/3.3.1\/jquery.min.js\"><\/script>\n<script>\n$(document).ready(function() {\n\n  let $form = $('.toggles');\n  \n  function toggleColumn(event) {\n    let $checkbox = $(event.target);\n    let value = $checkbox.val();\n    let $target = $(`.${value}`);\n    if (!$checkbox.is(':checked')) {\n      $target.addClass('hide');\n    } else {\n      $target.removeClass('hide');\n    }\n  }\n  \n  $form.on('change', toggleColumn);\n\n});\n<\/script>\n\n\n\n<form class=\"toggles\">\n<div class=\"wp-block-group is-layout-constrained\" style=\"color:#575860\">\n  <div class=\"wp-block-group__inner-container\">\n    <div class=\"wp-block-columns is-layout-flex wp-container-6\">\n\n      <div class=\"is-layout-flow\">\n        <span><strong>Exibir\/Ocultar:<\/strong><\/span>\n      <\/div>\n      \n      <div class=\"is-layout-flow\">\n        <span>Segunda-feira<\/span>\n        <input type=\"checkbox\" name=\"toggle[]\" value=\"seg\" checked>\n      <\/div>\n\n      <div class=\"is-layout-flow\">\n        <span>Ter\u00e7a-feira<\/span>\n        <input type=\"checkbox\" name=\"toggle[]\" value=\"ter\" checked>\n      <\/div>\n\n      <div class=\"is-layout-flow\">\n        <span>Quarta-feira<\/span>\n        <input type=\"checkbox\" name=\"toggle[]\" value=\"qua\" checked>\n      <\/div>\n\n      <div class=\"is-layout-flow\">\n        <span>Quinta-feira<\/span>\n        <input type=\"checkbox\" name=\"toggle[]\" value=\"qui\" checked>\n      <\/div>\n\n      <div class=\"is-layout-flow\">\n        <span>Sexta-feira<\/span>\n        <input type=\"checkbox\" name=\"toggle[]\" value=\"sex\" checked>\n      <\/div>\n    \n    <\/div>\n  <\/div>\n<\/div>\n<\/form>\n\n\n\n<div class=\"wp-block-columns is-layout-flex wp-container-core-columns-is-layout-9d6595d7 wp-block-columns-is-layout-flex\">\n<div class=\"wp-block-column is-layout-flow wp-block-column-is-layout-flow\" style=\"flex-basis:100%\">\n<figure class=\"wp-block-table table table-rolagem table-bordered is-style-stripes table-center-td\">\n\n<table>\n\t<thead>\n\t\t<tr>\n\t\t\t<td class=\"hora\"><strong>Hor\u00e1rio<\/strong><\/td>\n\t\t\t<td class=\"sala\" style=\"text-align:center\"><strong>Salas<\/strong><\/td>\n\t\t\t<td class=\"seg\"><strong>Segunda-feira<br>(22\/05)<\/strong><\/td>\n\t\t\t<td class=\"ter\"><strong>Ter\u00e7a-feira<br>(23\/05)<\/strong><\/td>\n\t\t\t<td class=\"qua\"><strong>Quarta&nbsp;-feira<br>(24\/05)<\/strong><\/td>\n\t\t\t<td class=\"qui\"><strong>Quinta-feira<br>(25\/05)<\/strong><\/td>\n\t\t\t<td class=\"sex\"><strong>Sexta-feira<br>(26\/05)<\/strong><\/td>\n\t\t<\/tr>\n\t<\/thead>\n\t<tbody>\n\t\t<tr>\n\t\t\t<td class=\"hora\" rowspan=\"9\" style=\"background:#e1e1e1\">08:30 \u00e0s 10:00<\/td>\n\t\t\t<td class=\"sala\">A<\/td>\n\t\t\t<td class=\"seg\">&#8211;<\/td>\n\t\t\t<td class=\"ter\"><a href=\"https:\/\/sbrc.sbc.org.br\/2023\/sessoes-tecnicas\/#st1\"><b>ST1:<\/b> Aprendizado Federado<\/a><\/td>\n\t\t\t<td class=\"qua\"><a href=\"https:\/\/sbrc.sbc.org.br\/2023\/sessoes-tecnicas\/#st6\"><b>ST6:<\/b> Softwariza\u00e7\u00e3o de redes<\/a><\/td>\n\t\t\t<td class=\"qui\"><a href=\"https:\/\/sbrc.sbc.org.br\/2023\/sessoes-tecnicas\/#st11\"><b>ST11:<\/b> Internet das Coisas<\/a><\/td>\n\t\t\t<td class=\"sex\"><a href=\"https:\/\/sbrc.sbc.org.br\/2023\/workshop-internet-do-futuro\/\">WPEIF<\/a><\/td>\n\t\t<\/tr>\n\t\t<tr>\n\t\t\t<td class=\"sala\">B<\/td>\n\t\t\t<td class=\"seg\"><a href=\"https:\/\/sbrc.sbc.org.br\/2023\/workshop-6g\/\">W6G<\/a><\/td>\n\t\t\t<td class=\"ter\"><a href=\"https:\/\/sbrc.sbc.org.br\/2023\/sessoes-tecnicas\/#st2\"><b>ST2:<\/b> Blockchain e Distributed Ledger 1<\/a><\/td>\n\t\t\t<td class=\"qua\"><a href=\"https:\/\/sbrc.sbc.org.br\/2023\/sessoes-tecnicas\/#st7\"><b>ST7:<\/b> Detec\u00e7\u00e3o e preven\u00e7\u00e3o de anomalias e ataques 2<\/a><\/td>\n\t\t\t<td class=\"qui\"><a href=\"https:\/\/sbrc.sbc.org.br\/2023\/sessoes-tecnicas\/#st12\"><b>ST12:<\/b> Desempenho e gerenciamento de redes de computadores e sistemas distribu\u00eddos<\/a><\/td>\n\t\t\t<td class=\"sex\"><a href=\"https:\/\/sbrc.sbc.org.br\/2023\/workshop-wtf\/\">WTF<\/a><\/td>\n\t\t<\/tr>\n\t\t<tr>\n\t\t\t<td class=\"sala\">C<\/td>\n\t\t\t<td class=\"seg\"><a href=\"https:\/\/sbrc.sbc.org.br\/2023\/workshop-courb\">CoUrb<\/a><\/td>\n\t\t\t<td class=\"ter\">&#8211;<\/td>\n\t\t\t<td class=\"qua\">&#8211;<\/td>\n\t\t\t<td class=\"qui\">Reuni\u00e3o CT-Mon<\/td>\n\t\t\t<td class=\"sex\"><a href=\"https:\/\/sbrc.sbc.org.br\/2023\/workshop-wgrs\/\">WGRS<\/a><\/td>\n\t\t<\/tr>\n\t\t<tr>\n\t\t\t<td class=\"sala\">D<\/td>\n\t\t\t<td class=\"seg\">&#8211;<\/td>\n\t\t\t<td class=\"ter\">&#8211;<\/td>\n\t\t\t<td class=\"qua\">&#8211;<\/td>\n\t\t\t<td class=\"qui\">CPE SMARTNESS<\/td>\n\t\t\t<td class=\"sex\"><a href=\"https:\/\/sbrc.sbc.org.br\/2023\/minicurso3\">Minicurso 3<\/a><\/td>\n\t\t<\/tr>\n\t\t<tr>\n\t\t\t<td class=\"sala\">E<\/td>\n\t\t\t<td class=\"seg\"><a href=\"https:\/\/sbrc.sbc.org.br\/2023\/minicurso2\">Minicurso 2<\/a><\/td>\n\t\t\t<td class=\"ter\">&#8211;<\/td>\n\t\t\t<td class=\"qua\">&#8211;<\/td>\n\t\t\t<td class=\"qui\"><a href=\"https:\/\/sbrc.sbc.org.br\/2023\/hackathon\/\">Hackathon<\/a><\/td>\n\t\t\t<td class=\"sex\"><a href=\"https:\/\/sbrc.sbc.org.br\/2023\/minicurso4\">Minicurso 4<\/a><\/td>\n\t\t<\/tr>\n\t\t<tr>\n\t\t\t<td class=\"sala\">F<\/td>\n\t\t\t<td class=\"seg\">WRNP<\/td>\n\t\t\t<td class=\"ter\">WRNP<\/td>\n\t\t\t<td class=\"qua\">STAFF<\/td>\n\t\t\t<td class=\"qui\">STAFF<\/td>\n\t\t\t<td class=\"sex\">STAFF<\/td>\n\t\t<\/tr>\n\t\t<tr>\n\t\t\t<td class=\"sala\">G\/H<\/td>\n\t\t\t<td class=\"seg\">&#8211;<\/td>\n\t\t\t<td class=\"ter\">&#8211;<\/td>\n\t\t\t<td class=\"qua\">&#8211;<\/td>\n\t\t\t<td class=\"qui\">&#8211;<\/td>\n\t\t\t<td class=\"sex\">WTG<\/td>\n\t\t<\/tr>\n\t\t<tr>\n\t\t\t<td class=\"sala\">I J K L<\/td>\n\t\t\t<td class=\"seg\">WRNP<\/td>\n\t\t\t<td class=\"ter\">WRNP<\/td>\n\t\t\t<td class=\"qua\">&#8211;<\/td>\n\t\t\t<td class=\"qui\">&#8211;<\/td>\n\t\t\t<td class=\"sex\">&#8211;<\/td>\n\t\t<\/tr>\n        <tr>\n\t\t\t<td class=\"sala\">Foyer<\/td>\n\t\t\t<td class=\"seg\">&#8211;<\/td>\n\t\t\t<td class=\"ter\">&#8211;<\/td>\n\t\t\t<td class=\"qua\"><a href=\"https:\/\/sbrc.sbc.org.br\/2023\/programacao-salao-de-ferramentas\">Sal\u00e3o de Ferramentas<\/a><\/td>\n\t\t\t<td class=\"qui\"><a href=\"https:\/\/sbrc.sbc.org.br\/2023\/programacao-salao-de-ferramentas\">Sal\u00e3o de Ferramentas<\/a><\/td>\n\t\t\t<td class=\"sex\">&#8211;<\/td>\n\t\t<\/tr>\n\t\t<tr>\n\t\t\t<td class=\"c_coffee\"><b>10:00 \u00e0s 10:30<\/b><\/td>\n\t\t\t<td class=\"c_coffee\" colspan=\"6\">Intervalo<\/td>\n\t\t<\/tr>\n\t\t<tr>\n\t\t\t<td rowspan=\"9\" style=\"background:#e1e1e1\">10:30 \u00e0s 12:00<\/td>\n\t\t\t<td class=\"sala\">A<\/td>\n\t\t\t<td class=\"seg\"><a href=\"https:\/\/sbrc.sbc.org.br\/2023\/workshop-wblockchain\/\">WBlockChain<\/a><\/td>\n\t\t\t<td class=\"ter\">&#8211;<\/td>\n\t\t\t<td class=\"qua\">&#8211;<\/td>\n\t\t\t<td class=\"qui\">&#8211;<\/td>\n\t\t\t<td class=\"sex\"><a href=\"https:\/\/sbrc.sbc.org.br\/2023\/workshop-internet-do-futuro\/\">WPEIF<\/a><\/td>\n\t\t<\/tr>\n\t\t<tr>\n\t\t\t<td class=\"sala\">B<\/td>\n\t\t\t<td class=\"seg\"><a href=\"https:\/\/sbrc.sbc.org.br\/2023\/workshop-6g\/\">W6G<\/a><\/td>\n\t\t\t<td class=\"ter\">&#8211;<\/td>\n\t\t\t<td class=\"qua\">&#8211;<\/td>\n\t\t\t<td class=\"qui\">&#8211;<\/td>\n\t\t\t<td class=\"sex\"><a href=\"https:\/\/sbrc.sbc.org.br\/2023\/workshop-wtf\/\">WTF<\/a><\/td>\n\t\t<\/tr>\n\t\t<tr>\n\t\t\t<td class=\"sala\">C<\/td>\n\t\t\t<td class=\"seg\"><a href=\"https:\/\/sbrc.sbc.org.br\/2023\/workshop-courb\">CoUrb<\/a><\/td>\n\t\t\t<td class=\"ter\">&#8211;<\/td>\n\t\t\t<td class=\"qua\"><a href=\"https:\/\/sbrc.sbc.org.br\/2023\/programacao-cdt\/\">CTD<\/a><\/td>\n\t\t\t<td class=\"qui\"><a href=\"https:\/\/sbrc.sbc.org.br\/2023\/programacao-cdt\/\">CTD<\/a><\/td>\n\t\t\t<td class=\"sex\"><a href=\"https:\/\/sbrc.sbc.org.br\/2023\/workshop-wgrs\/\">WGRS<\/a><\/td>\n\t\t<\/tr>\n\t\t<tr>\n\t\t\t<td class=\"sala\">D<\/td>\n\t\t\t<td class=\"seg\">&#8211;<\/td>\n\t\t\t<td class=\"ter\">&#8211;<\/td>\n\t\t\t<td class=\"qua\">&#8211;<\/td>\n\t\t\t<td class=\"qui\">CPE SMARTNESS<\/td>\n\t\t\t<td class=\"sex\"><a href=\"https:\/\/sbrc.sbc.org.br\/2023\/minicurso3\">Minicurso 3<\/a><\/td>\n\t\t<\/tr>\n\t\t<tr>\n\t\t\t<td class=\"sala\">E<\/td>\n\t\t\t<td class=\"seg\"><a href=\"https:\/\/sbrc.sbc.org.br\/2023\/minicurso2\">Minicurso 2<\/a><\/td>\n\t\t\t<td class=\"ter\">&#8211;<\/td>\n\t\t\t<td class=\"qua\">&#8211;<\/td>\n\t\t\t<td class=\"qui\"><a href=\"https:\/\/sbrc.sbc.org.br\/2023\/hackathon\/\">Hackathon<\/a><\/td>\n\t\t\t<td class=\"sex\"><a href=\"https:\/\/sbrc.sbc.org.br\/2023\/minicurso4\">Minicurso 4<\/a><\/td>\n\t\t<\/tr>\n\t\t<tr>\n\t\t\t<td class=\"sala\">F<\/td>\n\t\t\t<td class=\"seg\">WRNP<\/td>\n\t\t\t<td class=\"ter\">WRNP<\/td>\n\t\t\t<td class=\"qua\">STAFF<\/td>\n\t\t\t<td class=\"qui\">STAFF<\/td>\n\t\t\t<td class=\"sex\">STAFF<\/td>\n\t\t<\/tr>\n\t\t<tr>\n\t\t\t<td class=\"sala\">G\/H<\/td>\n\t\t\t<td class=\"seg\">&#8211;<\/td>\n\t\t\t<td class=\"ter\"><a href=\"https:\/\/sbrc.sbc.org.br\/2023\/palestra-turgut\/\"><b>Keynote 1: Damla Turgut<\/b><\/br>When homes are too smart for their own good: physical and computational modeling of smart homes<\/a><\/td>\n\t\t\t<td class=\"qua\"><a href=\"https:\/\/sbrc.sbc.org.br\/2023\/palestra-dasilva\/\"><b>Keynote 2: Luiz A. DaSilva<\/b><\/br>Looking at 6G through a techno-social lens<\/a><\/td>\n\t\t\t<td class=\"qui\"><a href=\"https:\/\/sbrc.sbc.org.br\/2023\/palestra-aruba\/\"><b>Keynote 3: Andr\u00e9 Rizzo<\/b><\/br>A evolu\u00e7\u00e3o das redes Wi-Fi: tecnologia e aplica\u00e7\u00f5es<\/a><\/td>\n\t\t\t<td class=\"sex\">WTG<\/td>\n\t\t<\/tr>\n\t\t<tr>\n\t\t\t<td class=\"sala\">I J K L<\/td>\n\t\t\t<td class=\"seg\">WRNP<\/td>\n\t\t\t<td class=\"ter\">WRNP<\/td>\n\t\t\t<td class=\"qua\">&#8211;<\/td>\n\t\t\t<td class=\"qui\">&#8211;<\/td>\n\t\t\t<td class=\"sex\">&#8211;<\/td>\n\t\t<\/tr>\n        <tr>\n\t\t\t<td class=\"sala\">Foyer<\/td>\n\t\t\t<td class=\"seg\">&#8211;<\/td>\n\t\t\t<td class=\"ter\">&#8211;<\/td>\n\t\t\t<td class=\"qua\"><a href=\"https:\/\/sbrc.sbc.org.br\/2023\/programacao-salao-de-ferramentas\">Sal\u00e3o de Ferramentas<\/a><\/td>\n\t\t\t<td class=\"qui\"><a href=\"https:\/\/sbrc.sbc.org.br\/2023\/programacao-salao-de-ferramentas\">Sal\u00e3o de Ferramentas<\/a><\/td>\n\t\t\t<td class=\"sex\">&#8211;<\/td>\n\t\t<\/tr>\n\t\t<tr>\n\t\t\t<td rowspan=\"2\" class=\"c_coffee\"><b>12:00 \u00e0s 14:00<\/b><\/td>\n\t\t\t<td class=\"c_coffee\" colspan=\"6\">Almo\u00e7o<\/td>\n                      \n\t\t<\/tr>\n                <tr>\n\t\t\t<td class=\"sala c_coffee\" >G\/H<\/td>\n\t\t\t<td class=\"seg c_coffee\" >&#8211;<\/td>\n\t\t\t<td class=\"ter c_coffee\" >&#8211;<\/td>\n\t\t\t<td class=\"qua c_coffee\" >&#8211;<\/td>\n\t\t\t<td class=\"qui c_coffee\" >Reuni\u00e3o LARC\/SBC<\/td>\n\t\t\t<td class=\"sex c_coffee\" >&#8211;<\/td>\n\t\t<\/tr>\n\t\t<tr>\n\t\t\t<td rowspan=\"9\" style=\"background:#e1e1e1\">14:00 \u00e0s 15:30<\/td>\n\t\t\t<td class=\"sala\">A<\/td>\n\t\t\t<td class=\"seg\"><a href=\"https:\/\/sbrc.sbc.org.br\/2023\/workshop-wblockchain\/\">WBlockChain<\/a><\/td>\n\t\t\t<td class=\"ter\"><a href=\"https:\/\/sbrc.sbc.org.br\/2023\/sessoes-tecnicas\/#st3\"><b>ST3:<\/b> Redes veiculares, rob\u00f3ticas e de drones<\/a><\/td>\n\t\t\t<td class=\"qua\"><a href=\"https:\/\/sbrc.sbc.org.br\/2023\/sessoes-tecnicas\/#st8\"><b>ST8:<\/b> Redes \u00d3pticas<\/a><\/td>\n\t\t\t<td class=\"qui\"><a href=\"https:\/\/sbrc.sbc.org.br\/2023\/sessoes-tecnicas\/#st13\"><b>ST13:<\/b> Computa\u00e7\u00e3o Urbana e em Nuvem<\/a><\/td>\n\t\t\t<td class=\"sex\"><a href=\"https:\/\/sbrc.sbc.org.br\/2023\/workshop-internet-do-futuro\/\">WPEIF<\/a><\/td>\n\t\t<\/tr>\n\t\t<tr>\n\t\t\t<td class=\"sala\">B<\/td>\n\t\t\t<td class=\"seg\"><a href=\"https:\/\/sbrc.sbc.org.br\/2023\/workshop-6g\/\">W6G<\/a><\/td>\n\t\t\t<td class=\"ter\"><a href=\"https:\/\/sbrc.sbc.org.br\/2023\/sessoes-tecnicas\/#st4\"><b>ST4:<\/b> Blockchain e Distributed Ledger 2<\/a><\/td>\n\t\t\t<td class=\"qua\"><a href=\"https:\/\/sbrc.sbc.org.br\/2023\/sessoes-tecnicas\/#st9\"><b>ST9:<\/b> Computa\u00e7\u00e3o intensiva de dados (big data), an\u00e1lise e minera\u00e7\u00e3o de dados<\/a><\/td>\n\t\t\t<td class=\"qui\"><a href=\"https:\/\/sbrc.sbc.org.br\/2023\/sessoes-tecnicas\/#st14\"><b>ST14:<\/b> Internet das Coisas, Sistemas Ciberf\u00edsicos e Computa\u00e7\u00e3o de Borda<\/a><\/td>\n\t\t\t<td class=\"sex\"><a href=\"https:\/\/sbrc.sbc.org.br\/2023\/workshop-wtf\/\">WTF<\/a><\/td>\n\t\t<\/tr>\n\t\t<tr>\n\t\t\t<td class=\"sala\">C<\/td>\n\t\t\t<td class=\"seg\"><a href=\"https:\/\/sbrc.sbc.org.br\/2023\/workshop-courb\">CoUrb<\/a><\/td>\n\t\t\t<td class=\"ter\"><\/td>\n\t\t\t<td class=\"qua\">&#8211;<\/td>\n\t\t\t<td class=\"qui\"><a href=\"https:\/\/sbrc.sbc.org.br\/2023\/programacao-cdt\/\">CTD<\/a><\/td>\n\t\t\t<td class=\"sex\"><a href=\"https:\/\/sbrc.sbc.org.br\/2023\/workshop-wgrs\/\">WGRS<\/a><\/td>\n\t\t<\/tr>\n\t\t<tr>\n\t\t\t<td class=\"sala\">D<\/td>\n\t\t\t<td class=\"seg\"><a href=\"https:\/\/sbrc.sbc.org.br\/2023\/minicurso1\">Minicurso 1<\/a><\/td>\n\t\t\t<td class=\"ter\">&#8211;<\/td>\n\t\t\t<td class=\"qua\">&#8211;<\/td>\n\t\t\t<td class=\"qui\"><a href=\"https:\/\/sbrc.sbc.org.br\/2023\/musas\/\"><b>MUSAS<\/b> \u2013 MUlheres em redeS de computadores e sistemAs diStribu\u00eddos<\/a><\/td>\n\t\t\t<td class=\"sex\"><a href=\"https:\/\/sbrc.sbc.org.br\/2023\/minicurso3\">Minicurso 3<\/a><\/td>\n\t\t<\/tr>\n\t\t<tr>\n\t\t\t<td class=\"sala\">E<\/td>\n\t\t\t<td class=\"seg\"><a href=\"https:\/\/sbrc.sbc.org.br\/2023\/minicurso2\">Minicurso 2<\/a><\/td>\n\t\t\t<td class=\"ter\">&#8211;<\/td>\n\t\t\t<td class=\"qua\">Reuni\u00e3o interna RNP (DACCA)<\/td>\n\t\t\t<td class=\"qui\"><a href=\"https:\/\/sbrc.sbc.org.br\/2023\/hackathon\/\">Hackathon<\/a><\/td>\n\t\t\t<td class=\"sex\">&#8211;<\/td>\n\t\t<\/tr>\n\t\t<tr>\n\t\t\t<td class=\"sala\">F<\/td>\n\t\t\t<td class=\"seg\">WRNP<\/td>\n\t\t\t<td class=\"ter\">WRNP<\/td>\n\t\t\t<td class=\"qua\">STAFF<\/td>\n\t\t\t<td class=\"qui\">STAFF<\/td>\n\t\t\t<td class=\"sex\">STAFF<\/td>\n\t\t<\/tr>\n\t\t<tr>\n\t\t\t<td class=\"sala\">G\/H<\/td>\n\t\t\t<td class=\"seg\">Reuni\u00e3o dos GTs de Sa\u00fade<\/td>\n\t\t\t<td class=\"ter\">&#8211;<\/td>\n\t\t\t<td class=\"qua\">&#8211;<\/td>\n\t\t\t<td class=\"qui\">Reuni\u00e3o LARC\/SBC<\/td>\n\t\t\t<td class=\"sex\">&#8211;<\/td>\n\t\t<\/tr>\n\t\t<tr>\n\t\t\t<td class=\"sala\">I J K L<\/td>\n\t\t\t<td class=\"seg\">WRNP<\/td>\n\t\t\t<td class=\"ter\">WRNP<\/td>\n\t\t\t<td class=\"qua\">&#8211;<\/td>\n\t\t\t<td class=\"qui\">&#8211;<\/td>\n\t\t\t<td class=\"sex\">&#8211;<\/td>\n\t\t<\/tr>\n        <tr>\n\t\t\t<td class=\"sala\">Foyer<\/td>\n\t\t\t<td class=\"seg\">&#8211;<\/td>\n\t\t\t<td class=\"ter\">&#8211;<\/td>\n\t\t\t<td class=\"qua\"><a href=\"https:\/\/sbrc.sbc.org.br\/2023\/programacao-salao-de-ferramentas\">Sal\u00e3o de Ferramentas<\/a><\/td>\n\t\t\t<td class=\"qui\"><a href=\"https:\/\/sbrc.sbc.org.br\/2023\/programacao-salao-de-ferramentas\">Sal\u00e3o de Ferramentas<\/a><\/td>\n\t\t\t<td class=\"sex\">&#8211;<\/td>\n\t\t<\/tr>\n\t\t<tr>\n\t\t\t<td class=\"c_coffee\">15:30 \u00e0s 16:00<\/td>\n            <td class=\"c_coffee\" colspan=\"6\">Intervalo<\/td>\n\t\t<\/tr>\n\t\t<tr>\n\t\t\t<td rowspan=\"9\" style=\"background:#e1e1e1\">16:00 \u00e0s 17:30<\/td>\n\t\t\t<td class=\"sala\">A<\/td>\n\t\t\t<td class=\"seg\"><a href=\"https:\/\/sbrc.sbc.org.br\/2023\/workshop-wblockchain\/\">WBlockChain<\/a><\/td>\n\t\t\t<td class=\"ter\"><a href=\"https:\/\/sbrc.sbc.org.br\/2023\/sessoes-tecnicas\/#st5\"><b>ST5:<\/b> Detec\u00e7\u00e3o e preven\u00e7\u00e3o de anomalias e ataques 1<\/a><\/td>\n\t\t\t<td class=\"qua\"><a href=\"https:\/\/sbrc.sbc.org.br\/2023\/sessoes-tecnicas\/#st10\"><b>ST10:<\/b> Redes 5G\/6G e suas aplica\u00e7\u00f5es<\/a><\/td>\n\t\t\t<td class=\"qui\">&#8211;<\/td>\n\t\t\t<td class=\"sex\">WPEIF<\/td>\n\t\t<\/tr>\n\t\t<tr>\n\t\t\t<td class=\"sala\">B<\/td>\n\t\t\t<td class=\"seg\">&#8211;<\/td>\n\t\t\t<td class=\"ter\">&#8211;<\/td>\n\t\t\t<td class=\"qua\">&#8211;<\/td>\n\t\t\t<td class=\"qui\">&#8211;<\/td>\n\t\t\t<td class=\"sex\"><a href=\"https:\/\/sbrc.sbc.org.br\/2023\/workshop-wtf\/\">WTF<\/a><\/td>\n\t\t<\/tr>\n\t\t<tr>\n\t\t\t<td class=\"sala\">C<\/td>\n\t\t\t<td class=\"seg\"><a href=\"https:\/\/sbrc.sbc.org.br\/2023\/workshop-courb\">CoUrb<\/a><\/td>\n\t\t\t<td class=\"ter\"><\/td>\n\t\t\t<td class=\"qua\">&#8211;<\/td>\n\t\t\t<td class=\"qui\">&#8211;<\/td>\n\t\t\t<td class=\"sex\"><a href=\"https:\/\/sbrc.sbc.org.br\/2023\/workshop-wgrs\/\">WGRS<\/a><\/td>\n\t\t<\/tr>\n\t\t<tr>\n\t\t\t<td class=\"sala\">D<\/td>\n\t\t\t<td class=\"seg\"><a href=\"https:\/\/sbrc.sbc.org.br\/2023\/minicurso1\">Minicurso 1<\/a><\/td>\n\t\t\t<td class=\"ter\">&#8211;<\/td>\n\t\t\t<td class=\"qua\">&#8211;<\/td>\n\t\t\t<td class=\"qui\"><a href=\"https:\/\/sbrc.sbc.org.br\/2023\/musas\/\"><b>MUSAS<\/b> \u2013 MUlheres em redeS de computadores e sistemAs diStribu\u00eddos<\/a><\/td>\n\t\t\t<td class=\"sex\"><a href=\"https:\/\/sbrc.sbc.org.br\/2023\/minicurso3\">Minicurso 3<\/a><\/td>\n\t\t<\/tr>\n\t\t<tr>\n\t\t\t<td class=\"sala\">E<\/td>\n\t\t\t<td class=\"seg\"><a href=\"https:\/\/sbrc.sbc.org.br\/2023\/minicurso2\">Minicurso 2<\/a><\/td>\n\t\t\t<td class=\"ter\">&#8211;<\/td>\n\t\t\t<td class=\"qua\">Reuni\u00e3o interna RNP (DACCA)<\/td>\n\t\t\t<td class=\"qui\"><a href=\"https:\/\/sbrc.sbc.org.br\/2023\/hackathon\/\">Hackathon<\/a><\/td>\n\t\t\t<td class=\"sex\">&#8211;<\/td>\n\t\t<\/tr>\n\t\t<tr>\n\t\t\t<td class=\"sala\">F<\/td>\n\t\t\t<td class=\"seg\">WRNP<\/td>\n\t\t\t<td class=\"ter\">WRNP<\/td>\n\t\t\t<td class=\"qua\">STAFF<\/td>\n\t\t\t<td class=\"qui\">STAFF<\/td>\n\t\t\t<td class=\"sex\">STAFF<\/td>\n\t\t<\/tr>\n\t\t<tr>\n\t\t\t<td class=\"sala\">G\/H<\/td>\n\t\t\t<td class=\"seg\">&#8211;<\/td>\n\t\t\t<td class=\"ter\">&#8211;<\/td>\n\t\t\t<td class=\"qua\">&#8211;<\/td>\n\t\t\t<td class=\"qui\">Reuni\u00e3o LARC\/SBC<\/td>\n\t\t\t<td class=\"sex\">&#8211;<\/td>\n\t\t<\/tr>\n\t\t<tr>\n\t\t\t<td class=\"sala\">I J K L<\/td>\n\t\t\t<td class=\"seg\">WRNP<\/td>\n\t\t\t<td class=\"ter\">WRNP<\/td>\n\t\t\t<td class=\"qua\">&#8211;<\/td>\n\t\t\t<td class=\"qui\">&#8211;<\/td>\n\t\t\t<td class=\"sex\">&#8211;<\/td>\n\t\t<\/tr>\n        <tr>\n\t\t\t<td class=\"sala\">Foyer<\/td>\n\t\t\t<td class=\"seg\">&#8211;<\/td>\n\t\t\t<td class=\"ter\">&#8211;<\/td>\n\t\t\t<td class=\"qua\"><a href=\"https:\/\/sbrc.sbc.org.br\/2023\/programacao-salao-de-ferramentas\">Sal\u00e3o de Ferramentas<\/a><\/td>\n\t\t\t<td class=\"qui\"><a href=\"https:\/\/sbrc.sbc.org.br\/2023\/programacao-salao-de-ferramentas\">Sal\u00e3o de Ferramentas<\/a><\/td>\n\t\t\t<td class=\"sex\">&#8211;<\/td>\n\t\t<\/tr>\n\t\t<tr>\n\t\t\t<td rowspan=\"9\" style=\"background:#e1e1e1\">17:30 \u00e0s 18:30<\/td>\n\t\t\t<td class=\"sala\">A<\/td>\n\t\t\t<td class=\"seg\">&#8211;<\/td>\n\t\t\t<td class=\"ter\">&#8211;<\/td>\n\t\t\t<td class=\"qua\">&#8211;<\/td>\n\t\t\t<td class=\"qui\">&#8211;<\/td>\n\t\t\t<td class=\"sex\">&#8211;<\/td>\n\t\t<\/tr>\n\t\t<tr>\n\t\t\t<td class=\"sala\">B<\/td>\n\t\t\t<td class=\"seg\">&#8211;<\/td>\n\t\t\t<td class=\"ter\">&#8211;<\/td>\n\t\t\t<td class=\"qua\">&#8211;<\/td>\n\t\t\t<td class=\"qui\">&#8211;<\/td>\n\t\t\t<td class=\"sex\">&#8211;<\/td>\n\t\t<\/tr>\n\t\t<tr>\n\t\t\t<td class=\"sala\">C<\/td>\n\t\t\t<td class=\"seg\">&#8211;<\/td>\n\t\t\t<td class=\"ter\">&#8211;<\/td>\n\t\t\t<td class=\"qua\">&#8211;<\/td>\n\t\t\t<td class=\"qui\">&#8211;<\/td>\n\t\t\t<td class=\"sex\">&#8211;<\/td>\n\t\t<\/tr>\n\t\t<tr>\n\t\t\t<td class=\"sala\">D<\/td>\n\t\t\t<td class=\"seg\">&#8211;<\/td>\n\t\t\t<td class=\"ter\">&#8211;<\/td>\n\t\t\t<td class=\"qua\">&#8211;<\/td>\n\t\t\t<td class=\"qui\">&#8211;<\/td>\n\t\t\t<td class=\"sex\">&#8211;<\/td>\n\t\t<\/tr>\n\t\t<tr>\n\t\t\t<td class=\"sala\">E<\/td>\n\t\t\t<td class=\"seg\">&#8211;<\/td>\n\t\t\t<td class=\"ter\">&#8211;<\/td>\n\t\t\t<td class=\"qua\">Reuni\u00e3o interna RNP (DACCA)<\/td>\n\t\t\t<td class=\"qui\"><a href=\"https:\/\/sbrc.sbc.org.br\/2023\/hackathon\/\">Hackathon<\/a><\/td>\n\t\t\t<td class=\"sex\">&#8211;<\/td>\n\t\t<\/tr>\n\t\t<tr>\n\t\t\t<td class=\"sala\">F<\/td>\n\t\t\t<td class=\"seg\">WRNP<\/td>\n\t\t\t<td class=\"ter\">WRNP<\/td>\n\t\t\t<td class=\"qua\">STAFF<\/td>\n\t\t\t<td class=\"qui\">STAFF<\/td>\n\t\t\t<td class=\"sex\">STAFF<\/td>\n\t\t<\/tr>\n\t\t<tr>\n\t\t\t<td class=\"sala\">G\/H<\/td>\n\t\t\t<td class=\"seg\">&#8211;<\/td>\n\t\t\t<td class=\"ter\"><a href=\"https:\/\/sbrc.sbc.org.br\/2023\/paineis\/\"><b>Painel 1:<\/b><br> AI\/ML in Computer Networks: Myths, Facts, and Future<\/a><\/td>\n\t\t\t<td class=\"qua\"><a href=\"https:\/\/sbrc.sbc.org.br\/2023\/paineis\/\"><b>Painel 2:<\/b><br>6G Technologies and the Wireless Communications Research<\/a><\/td><\/td>\n\t\t\t<td class=\"qui\"><a href=\"https:\/\/sbrc.sbc.org.br\/2023\/paineis\/\"><b>Painel 3:<\/b><br>Challenges for Computer Networking Research in a Post-Pandemic Future<\/a><\/td><\/td>\n\t\t\t<td class=\"sex\">&#8211;<\/td>\n\t\t<\/tr>\n\t\t<tr>\n\t\t\t<td class=\"sala\">I J K L<\/td>\n\t\t\t<td class=\"seg\">WRNP<\/td>\n\t\t\t<td class=\"ter\">WRNP<\/td>\n\t\t\t<td class=\"qua\">&#8211;<\/td>\n\t\t\t<td class=\"qui\">&#8211;<\/td>\n\t\t\t<td class=\"sex\">&#8211;<\/td>\n\t\t<\/tr>\n        <tr>\n\t\t\t<td class=\"sala\">Foyer<\/td>\n\t\t\t<td class=\"seg\">&#8211;<\/td>\n\t\t\t<td class=\"ter\">&#8211;<\/td>\n\t\t\t<td class=\"qua\"><a href=\"https:\/\/sbrc.sbc.org.br\/2023\/programacao-salao-de-ferramentas\">Sal\u00e3o de Ferramentas<\/a><\/td>\n\t\t\t<td class=\"qui\"><a href=\"https:\/\/sbrc.sbc.org.br\/2023\/programacao-salao-de-ferramentas\">Sal\u00e3o de Ferramentas<\/a><\/td>\n\t\t\t<td class=\"sex\">&#8211;<\/td>\n\t\t<\/tr>\n\t\t<tr>\n\t\t\t<td class=\"hora\"style=\"background:#e1e1e1\">18:45 \u00e0s 20:00<\/td>\n\t\t\t<td class=\"sala\">Teatro\/Audit\u00f3rio<\/td>\n\t\t\t<td class=\"seg c_coffee\" rowspan=\"2\">Coquetel WRNP<\/td>\n\t\t\t<td class=\"ter\">Abertura do SBRC<\/td>\n\t\t\t<td class=\"qua\">&#8211;<\/td>\n\t\t\t<td class=\"qui\">&#8211;<\/td>\n\t\t\t<td class=\"sex\">&#8211;<\/td>\n\t\t<\/tr>\n\t\t<tr>\n\t\t\t<td class=\"hora\" style=\"background:#e1e1e1\">20:00 \u00e0s 22:00<\/td>\n\t\t\t<td class=\"sala\">\u00c1rea Aberta<\/td>\n\t\t\t<td class=\"ter c_coffee\">Coquetel SBRC<\/td>\n\t\t\t<td class=\"qua\">&#8211;<\/td>\n\t\t\t<td class=\"qui c_coffee\">Jantar do SBRC<\/td>\n\t\t\t<td class=\"sex\">&#8211;<\/td>\n\t\t<\/tr>\n\t\t<tr>\n\t<\/tbody>\n<\/table>\n\n<\/figure>\n<\/div>\n<\/div>\n\n\n\n<p class=\"has-text-color\" style=\"color:#575860\"><strong>\u00daltima atualiza\u00e7\u00e3o:<\/strong> 24\/05\/2023 | 22h40<\/p>\n","protected":false},"excerpt":{"rendered":"<p>Programa\u00e7\u00e3o Geral Exibir\/Ocultar: Segunda-feira Ter\u00e7a-feira Quarta-feira Quinta-feira Sexta-feira Hor\u00e1rio Salas Segunda-feira(22\/05) Ter\u00e7a-feira(23\/05) Quarta&nbsp;-feira(24\/05) Quinta-feira(25\/05) Sexta-feira(26\/05) 08:30 \u00e0s 10:00 A &#8211; ST1: Aprendizado Federado ST6: Softwariza\u00e7\u00e3o de redes ST11: Internet das Coisas WPEIF B W6G ST2: Blockchain e Distributed Ledger 1 ST7: Detec\u00e7\u00e3o e preven\u00e7\u00e3o de anomalias e ataques 2 ST12: Desempenho e gerenciamento de redes [&hellip;]<\/p>\n","protected":false},"author":3,"featured_media":0,"parent":0,"menu_order":0,"comment_status":"closed","ping_status":"closed","template":"","meta":{"footnotes":""},"class_list":["post-3469","page","type-page","status-publish","hentry"],"_links":{"self":[{"href":"https:\/\/sbrc.sbc.org.br\/2023\/wp-json\/wp\/v2\/pages\/3469","targetHints":{"allow":["GET"]}}],"collection":[{"href":"https:\/\/sbrc.sbc.org.br\/2023\/wp-json\/wp\/v2\/pages"}],"about":[{"href":"https:\/\/sbrc.sbc.org.br\/2023\/wp-json\/wp\/v2\/types\/page"}],"author":[{"embeddable":true,"href":"https:\/\/sbrc.sbc.org.br\/2023\/wp-json\/wp\/v2\/users\/3"}],"replies":[{"embeddable":true,"href":"https:\/\/sbrc.sbc.org.br\/2023\/wp-json\/wp\/v2\/comments?post=3469"}],"version-history":[{"count":91,"href":"https:\/\/sbrc.sbc.org.br\/2023\/wp-json\/wp\/v2\/pages\/3469\/revisions"}],"predecessor-version":[{"id":3716,"href":"https:\/\/sbrc.sbc.org.br\/2023\/wp-json\/wp\/v2\/pages\/3469\/revisions\/3716"}],"wp:attachment":[{"href":"https:\/\/sbrc.sbc.org.br\/2023\/wp-json\/wp\/v2\/media?parent=3469"}],"curies":[{"name":"wp","href":"https:\/\/api.w.org\/{rel}","templated":true}]}}