{"id":2815,"date":"2023-05-10T22:52:17","date_gmt":"2023-05-11T01:52:17","guid":{"rendered":"https:\/\/sbrc.sbc.org.br\/2023\/?page_id=2815"},"modified":"2023-05-16T22:27:08","modified_gmt":"2023-05-17T01:27:08","slug":"programacao-cdt","status":"publish","type":"page","link":"https:\/\/sbrc.sbc.org.br\/2023\/programacao-cdt\/","title":{"rendered":"CTD &#8211; Concurso de Teses e Disserta\u00e7\u00f5es"},"content":{"rendered":"\n<h4 class=\"wp-block-heading\"><strong>Sess\u00e3o<\/strong> <strong>CTD<\/strong>&#8211;<strong>1: Quarta<strong>-feira<\/strong> (24\/05) \u2013 10:15 \u00e0s 11:15<\/strong><\/h4>\n\n\n\n<p class=\"has-text-color\" style=\"color:#004190\"><strong>Local:<\/strong> Sala C<\/p>\n\n\n\n<p>Mestrado:<\/p>\n\n\n\n<ul class=\"wp-block-list\">\n<li><strong>Dynamic allocation of microservices for virtual reality content delivery to provide quality of experience support in a fog computing architecture<\/strong>\n<ul class=\"wp-block-list\">\n<li>Derian Fernando Alves de Alencar (Universidade Federal do Par\u00e1 \u2013 UFPA)<\/li>\n<\/ul>\n<\/li>\n<\/ul>\n\n\n\n<p>Doutorado:<\/p>\n\n\n\n<ul class=\"wp-block-list\">\n<li><strong>Medium Access Control Techniques for Massive Machine-Type Communications in Cellular Networks<\/strong>\n<ul class=\"wp-block-list\">\n<li>Carlos A. Astudillo (Universidade Estadual de Campinas \u2013 UNICAMP)<\/li>\n<\/ul>\n<\/li>\n<\/ul>\n\n\n\n<div style=\"height:50px\" aria-hidden=\"true\" class=\"wp-block-spacer\"><\/div>\n\n\n\n<h4 class=\"wp-block-heading\"><strong>Sess\u00e3o<\/strong> <strong>CTD-2: Quarta<strong>-feira<\/strong> (24\/05) \u2013 11:30 \u00e0s 12:30<\/strong><\/h4>\n\n\n\n<p class=\"has-text-color\" style=\"color:#004190\"><strong>Local:<\/strong> Sala C<\/p>\n\n\n\n<p>Mestrado:<\/p>\n\n\n\n<ul class=\"wp-block-list\">\n<li><strong>Um Algoritmo de Clusteriza\u00e7\u00e3o Espectral para Agrupamento Inteligente em Redes sem Fio Densas<\/strong>\n<ul class=\"wp-block-list\">\n<li>Bruna Guedes (Universidade Federal Fluminense \u2013 UFF)<\/li>\n<\/ul>\n<\/li>\n<\/ul>\n\n\n\n<p>Doutorado:<\/p>\n\n\n\n<ul class=\"wp-block-list\">\n<li><strong>Enabling Self-Driving Networks with Machine Learning<\/strong>\n<ul class=\"wp-block-list\">\n<li>Arthur Selle Jacobs (Universidade Federal do Rio Grande do Sul \u2013 UFRGS)<\/li>\n<\/ul>\n<\/li>\n<\/ul>\n\n\n\n<div style=\"height:50px\" aria-hidden=\"true\" class=\"wp-block-spacer\"><\/div>\n\n\n\n<h4 class=\"wp-block-heading\"><strong>Sess\u00e3o<\/strong> <strong>CTD-3: Quinta<strong>-feira<\/strong> (25\/05) \u2013 10:15 \u00e0s 11:15<\/strong><\/h4>\n\n\n\n<p class=\"has-text-color\" style=\"color:#004190\"><strong>Local:<\/strong> Sala C<\/p>\n\n\n\n<p>Mestrado:<\/p>\n\n\n\n<ul class=\"wp-block-list\">\n<li><strong>Resource Allocation for Long Range Wide-Area Network<\/strong>\n<ul class=\"wp-block-list\">\n<li>Eduardo Lima (Universidade Federal do Par\u00e1 \u2013 UFPA)<\/li>\n<\/ul>\n<\/li>\n<\/ul>\n\n\n\n<p>Doutorado:<\/p>\n\n\n\n<ul class=\"wp-block-list\">\n<li><strong>Advancing Network Monitoring and Operation with In-band Network Telemetry and Data Plane Programmability<\/strong>\n<ul class=\"wp-block-list\">\n<li>Jonatas Marques (Universidade Federal do Rio Grande do Sul \u2013 UFRGS)<\/li>\n<\/ul>\n<\/li>\n<\/ul>\n\n\n\n<div style=\"height:50px\" aria-hidden=\"true\" class=\"wp-block-spacer\"><\/div>\n\n\n\n<h4 class=\"wp-block-heading\"><strong>Sess\u00e3o<\/strong> <strong>CTD-4: Quinta<strong>-feira<\/strong> (25\/05) \u2013 11:30 \u00e0s 12:30<\/strong><\/h4>\n\n\n\n<p class=\"has-text-color\" style=\"color:#004190\"><strong>Local:<\/strong> Sala C<\/p>\n\n\n\n<p>Mestrado:<\/p>\n\n\n\n<ul class=\"wp-block-list\">\n<li><strong>Solu\u00e7\u00f5es otimizadas para implanta\u00e7\u00e3o de redes militarizadas 4G\/LTE com m\u00e1xima cobertura e m\u00ednima interfer\u00eancia<\/strong>\n<ul class=\"wp-block-list\">\n<li>Emerson de Oliveira Antunes (Universidade Estadual do Sudoeste da Bahia \u2013 UESB)<\/li>\n<\/ul>\n<\/li>\n<\/ul>\n\n\n\n<p>Doutorado:<\/p>\n\n\n\n<ul class=\"wp-block-list\">\n<li><strong>The Fog Node Location Problem<\/strong>\n<ul class=\"wp-block-list\">\n<li>Rodrigo Augusto Cardoso da Silva (Universidade Estadual de Campinas \u2013 UNICAMP)<\/li>\n<\/ul>\n<\/li>\n<\/ul>\n\n\n\n<div style=\"height:50px\" aria-hidden=\"true\" class=\"wp-block-spacer\"><\/div>\n\n\n\n<h4 class=\"wp-block-heading\"><strong>Sess\u00e3o<\/strong> <strong>CTD-5: Quinta-feira (25\/05) \u2013 13:30 \u00e0s 14:30<\/strong><\/h4>\n\n\n\n<p class=\"has-text-color\" style=\"color:#004190\"><strong>Local:<\/strong> Sala C<\/p>\n\n\n\n<p>Mestrado:<\/p>\n\n\n\n<ul class=\"wp-block-list\">\n<li><strong>Modelagem Computacional para Avalia\u00e7\u00e3o da Age of Information (AoI) em Sistemas Ciberf\u00edsicos<\/strong>\n<ul class=\"wp-block-list\">\n<li>Paulo C. Prandel (Universidade de Bras\u00edlia \u2013 UnB)<\/li>\n<\/ul>\n<\/li>\n<\/ul>\n\n\n\n<p>Doutorado:<\/p>\n\n\n\n<ul class=\"wp-block-list\">\n<li><strong>Sistema de Comunica\u00e7\u00e3o Molecular Multiportadora para Nanorredes Multiusu\u00e1rio<\/strong>\n<ul class=\"wp-block-list\">\n<li>Ligia Francielle Borges (Universidade Federal do Paran\u00e1 \u2013 UFPR)<\/li>\n<\/ul>\n<\/li>\n<\/ul>\n","protected":false},"excerpt":{"rendered":"<p>Sess\u00e3o CTD&#8211;1: Quarta-feira (24\/05) \u2013 10:15 \u00e0s 11:15 Local: Sala C Mestrado: Doutorado: Sess\u00e3o CTD-2: Quarta-feira (24\/05) \u2013 11:30 \u00e0s 12:30 Local: Sala C Mestrado: Doutorado: Sess\u00e3o CTD-3: Quinta-feira (25\/05) \u2013 10:15 \u00e0s 11:15 Local: Sala C Mestrado: Doutorado: Sess\u00e3o CTD-4: Quinta-feira (25\/05) \u2013 11:30 \u00e0s 12:30 Local: Sala C Mestrado: Doutorado: Sess\u00e3o CTD-5: Quinta-feira [&hellip;]<\/p>\n","protected":false},"author":3,"featured_media":0,"parent":0,"menu_order":0,"comment_status":"closed","ping_status":"closed","template":"","meta":{"footnotes":""},"class_list":["post-2815","page","type-page","status-publish","hentry"],"_links":{"self":[{"href":"https:\/\/sbrc.sbc.org.br\/2023\/wp-json\/wp\/v2\/pages\/2815","targetHints":{"allow":["GET"]}}],"collection":[{"href":"https:\/\/sbrc.sbc.org.br\/2023\/wp-json\/wp\/v2\/pages"}],"about":[{"href":"https:\/\/sbrc.sbc.org.br\/2023\/wp-json\/wp\/v2\/types\/page"}],"author":[{"embeddable":true,"href":"https:\/\/sbrc.sbc.org.br\/2023\/wp-json\/wp\/v2\/users\/3"}],"replies":[{"embeddable":true,"href":"https:\/\/sbrc.sbc.org.br\/2023\/wp-json\/wp\/v2\/comments?post=2815"}],"version-history":[{"count":18,"href":"https:\/\/sbrc.sbc.org.br\/2023\/wp-json\/wp\/v2\/pages\/2815\/revisions"}],"predecessor-version":[{"id":3174,"href":"https:\/\/sbrc.sbc.org.br\/2023\/wp-json\/wp\/v2\/pages\/2815\/revisions\/3174"}],"wp:attachment":[{"href":"https:\/\/sbrc.sbc.org.br\/2023\/wp-json\/wp\/v2\/media?parent=2815"}],"curies":[{"name":"wp","href":"https:\/\/api.w.org\/{rel}","templated":true}]}}