{"id":2750,"date":"2023-05-05T15:48:22","date_gmt":"2023-05-05T18:48:22","guid":{"rendered":"https:\/\/sbrc.sbc.org.br\/2023\/?page_id=2750"},"modified":"2023-05-08T12:35:41","modified_gmt":"2023-05-08T15:35:41","slug":"alimentacao","status":"publish","type":"page","link":"https:\/\/sbrc.sbc.org.br\/2023\/alimentacao\/","title":{"rendered":"Alimenta\u00e7\u00e3o"},"content":{"rendered":"\n<p>A RS Eventos negociou com o <strong>Hotel Golden Tulip<\/strong> <strong>(Restaurante)<\/strong> uma tarifa especial para a alimenta\u00e7\u00e3o, de 22 a 26 maio, para comodidade dos participantes do SBRC 2023.<\/p>\n\n\n\n<p><\/p>\n\n\n\n<h3 class=\"wp-block-heading\"><br><strong>Almo\u00e7o e Jantar<\/strong><\/h3>\n\n\n\n<p>Valor de R$ 55,00 por pessoa, incluindo:<\/p>\n\n\n\n<ul class=\"wp-block-list\">\n<li>Buffet \u00e0 vontade<\/li>\n\n\n\n<li>Sobremesa 2 sabores<\/li>\n\n\n\n<li>Bebida n\u00e3o alco\u00f3lica (suco de laranja, acerola ou \u00e1gua)<\/li>\n\n\n\n<li><em>Refrigerante e caf\u00e9 expresso pagos \u00e0 parte<\/em><\/li>\n<\/ul>\n\n\n\n<div style=\"height:50px\" aria-hidden=\"true\" class=\"wp-block-spacer\"><\/div>\n\n\n\n<h3 class=\"wp-block-heading\"><strong>Transporte para Almo\u00e7o na Vila Planalto<\/strong><\/h3>\n\n\n\n<p>O Evento disponibilizar\u00e1, aos participantes que n\u00e3o quiserem utilizar os restaurantes do local do evento, um \u00f4nibus para <strong>transfer do Hotel \\ Restaurante \\ Hotel<\/strong>. A Vila Planalto, bairro o lado do Hotel do Evento, tem v\u00e1rios restaurantes de valores populares com estilo <em>self-service<\/em>.<\/p>\n\n\n\n<p>Segue uma lista de sugest\u00f5es de restaurantes da Vila Planalto:<\/p>\n\n\n\n<p><\/p>\n\n\n\n<ul class=\"wp-block-list\">\n<li><a href=\"https:\/\/www.instagram.com\/figueiradavilladf\/\" target=\"_blank\" rel=\"noreferrer noopener\">Figueira da Villa<\/a><\/li>\n\n\n\n<li>Gastro Brasilia<\/li>\n\n\n\n<li><a href=\"https:\/\/www.tripadvisor.com.br\/Restaurant_Review-g303322-d6852005-Reviews-Churrascaria_Tche_Garoto-Brasilia_Federal_District.html\" target=\"_blank\" rel=\"noreferrer noopener\">Restaurante e Churrascaria Tch\u00ea Garoto<\/a><\/li>\n\n\n\n<li><a href=\"https:\/\/www.instagram.com\/bistronavila\/\" target=\"_blank\" rel=\"noreferrer noopener\">Bistr\u00f4 Na Vila &#8211; Restaurante<\/a><\/li>\n<\/ul>\n","protected":false},"excerpt":{"rendered":"<p>A RS Eventos negociou com o Hotel Golden Tulip (Restaurante) uma tarifa especial para a alimenta\u00e7\u00e3o, de 22 a 26 maio, para comodidade dos participantes do SBRC 2023. Almo\u00e7o e Jantar Valor de R$ 55,00 por pessoa, incluindo: Transporte para Almo\u00e7o na Vila Planalto O Evento disponibilizar\u00e1, aos participantes que n\u00e3o quiserem utilizar os restaurantes [&hellip;]<\/p>\n","protected":false},"author":3,"featured_media":0,"parent":0,"menu_order":0,"comment_status":"closed","ping_status":"closed","template":"","meta":{"footnotes":""},"class_list":["post-2750","page","type-page","status-publish","hentry"],"_links":{"self":[{"href":"https:\/\/sbrc.sbc.org.br\/2023\/wp-json\/wp\/v2\/pages\/2750","targetHints":{"allow":["GET"]}}],"collection":[{"href":"https:\/\/sbrc.sbc.org.br\/2023\/wp-json\/wp\/v2\/pages"}],"about":[{"href":"https:\/\/sbrc.sbc.org.br\/2023\/wp-json\/wp\/v2\/types\/page"}],"author":[{"embeddable":true,"href":"https:\/\/sbrc.sbc.org.br\/2023\/wp-json\/wp\/v2\/users\/3"}],"replies":[{"embeddable":true,"href":"https:\/\/sbrc.sbc.org.br\/2023\/wp-json\/wp\/v2\/comments?post=2750"}],"version-history":[{"count":18,"href":"https:\/\/sbrc.sbc.org.br\/2023\/wp-json\/wp\/v2\/pages\/2750\/revisions"}],"predecessor-version":[{"id":2781,"href":"https:\/\/sbrc.sbc.org.br\/2023\/wp-json\/wp\/v2\/pages\/2750\/revisions\/2781"}],"wp:attachment":[{"href":"https:\/\/sbrc.sbc.org.br\/2023\/wp-json\/wp\/v2\/media?parent=2750"}],"curies":[{"name":"wp","href":"https:\/\/api.w.org\/{rel}","templated":true}]}}