{"id":2467,"date":"2023-04-18T20:37:58","date_gmt":"2023-04-18T23:37:58","guid":{"rendered":"https:\/\/sbrc.sbc.org.br\/2023\/?page_id=2467"},"modified":"2023-04-20T17:58:25","modified_gmt":"2023-04-20T20:58:25","slug":"palestra-aruba","status":"publish","type":"page","link":"https:\/\/sbrc.sbc.org.br\/2023\/palestra-aruba\/","title":{"rendered":"Palestra &#8211; Andr\u00e9 Rizzo"},"content":{"rendered":"<div class=\"wp-block-image is-style-rounded perfil\">\n<figure class=\"aligncenter size-full is-resized\"><img loading=\"lazy\" decoding=\"async\" src=\"https:\/\/sbrc.sbc.org.br\/2023\/wp-content\/uploads\/2023\/04\/palestrante_AndreRizzo.jpeg\" alt=\"\" class=\"wp-image-2633\" width=\"220\" height=\"220\" srcset=\"https:\/\/sbrc.sbc.org.br\/2023\/wp-content\/uploads\/2023\/04\/palestrante_AndreRizzo.jpeg 464w, https:\/\/sbrc.sbc.org.br\/2023\/wp-content\/uploads\/2023\/04\/palestrante_AndreRizzo-300x300.jpeg 300w, https:\/\/sbrc.sbc.org.br\/2023\/wp-content\/uploads\/2023\/04\/palestrante_AndreRizzo-150x150.jpeg 150w\" sizes=\"auto, (max-width: 220px) 100vw, 220px\" \/><\/figure>\n<\/div>\n\n\n<h3 class=\"wp-block-heading has-text-align-center\">Andr\u00e9 Rizzo<\/h3>\n\n\n\n<p class=\"has-text-align-center\">Consulting Systems Engineer &#8211; Aruba Networks<\/p>\n\n\n\n<div style=\"height:50px\" aria-hidden=\"true\" class=\"wp-block-spacer\"><\/div>\n\n\n\n<h3 class=\"wp-block-heading has-text-align-center has-colibri-color-6-color has-text-color\"><em>T\u00edtulo: A evolu\u00e7\u00e3o das redes Wi-Fi: tecnologia e aplica\u00e7\u00f5es<\/em><\/h3>\n\n\n\n<div style=\"height:70px\" aria-hidden=\"true\" class=\"wp-block-spacer\"><\/div>\n\n\n\n<h3 class=\"wp-block-heading\">Abstract<\/h3>\n\n\n\n<p>Hoje em dia, as rede Wi-Fi s\u00e3o onipresentes, encontradas em praticamente todas as casas e empresas, e t\u00eam sido utilizadas de forma crescente como a forma preferencial de acesso \u00e0 rede. Nesta sess\u00e3o abordaremos como novas tecnologias como Wi-Fi 6E\/7, seguran\u00e7a no modelo zero-trust e utiliza\u00e7\u00e3o de intelig\u00eancia artificial proporcionam a utiliza\u00e7\u00e3o de aplica\u00e7\u00f5es inovadoras e dispositivos IoT sobre as redes Wi-Fi, com maior seguran\u00e7a e melhor experi\u00eancia do usu\u00e1rio.<\/p>\n\n\n\n<div style=\"height:70px\" aria-hidden=\"true\" class=\"wp-block-spacer\"><\/div>\n\n\n\n<h3 class=\"wp-block-heading\">Bio<\/h3>\n\n\n\n<p>Formado em Engenharia El\u00e9trica pela Universidade de Campinas (UNICAMP), possui 15 anos de experi\u00eancia em telecomunica\u00e7\u00f5es, infraestrutura de comunica\u00e7\u00e3o e seguran\u00e7a de redes. Atuou em empresas como Siemens, Nokia Siemens, Ericsson e Aruba. Atualmente, exerce a fun\u00e7\u00e3o de Consulting Systems Engineer na Aruba Networks, uma empresa da Hewlett-Packard Enterprise.<\/p>\n","protected":false},"excerpt":{"rendered":"<p>Andr\u00e9 Rizzo Consulting Systems Engineer &#8211; Aruba Networks T\u00edtulo: A evolu\u00e7\u00e3o das redes Wi-Fi: tecnologia e aplica\u00e7\u00f5es Abstract Hoje em dia, as rede Wi-Fi s\u00e3o onipresentes, encontradas em praticamente todas as casas e empresas, e t\u00eam sido utilizadas de forma crescente como a forma preferencial de acesso \u00e0 rede. Nesta sess\u00e3o abordaremos como novas tecnologias [&hellip;]<\/p>\n","protected":false},"author":3,"featured_media":0,"parent":0,"menu_order":0,"comment_status":"closed","ping_status":"closed","template":"","meta":{"footnotes":""},"class_list":["post-2467","page","type-page","status-publish","hentry"],"_links":{"self":[{"href":"https:\/\/sbrc.sbc.org.br\/2023\/wp-json\/wp\/v2\/pages\/2467","targetHints":{"allow":["GET"]}}],"collection":[{"href":"https:\/\/sbrc.sbc.org.br\/2023\/wp-json\/wp\/v2\/pages"}],"about":[{"href":"https:\/\/sbrc.sbc.org.br\/2023\/wp-json\/wp\/v2\/types\/page"}],"author":[{"embeddable":true,"href":"https:\/\/sbrc.sbc.org.br\/2023\/wp-json\/wp\/v2\/users\/3"}],"replies":[{"embeddable":true,"href":"https:\/\/sbrc.sbc.org.br\/2023\/wp-json\/wp\/v2\/comments?post=2467"}],"version-history":[{"count":12,"href":"https:\/\/sbrc.sbc.org.br\/2023\/wp-json\/wp\/v2\/pages\/2467\/revisions"}],"predecessor-version":[{"id":2642,"href":"https:\/\/sbrc.sbc.org.br\/2023\/wp-json\/wp\/v2\/pages\/2467\/revisions\/2642"}],"wp:attachment":[{"href":"https:\/\/sbrc.sbc.org.br\/2023\/wp-json\/wp\/v2\/media?parent=2467"}],"curies":[{"name":"wp","href":"https:\/\/api.w.org\/{rel}","templated":true}]}}