{"id":2412,"date":"2023-04-18T19:39:04","date_gmt":"2023-04-18T22:39:04","guid":{"rendered":"https:\/\/sbrc.sbc.org.br\/2023\/?page_id=2412"},"modified":"2023-05-11T10:58:34","modified_gmt":"2023-05-11T13:58:34","slug":"palestras","status":"publish","type":"page","link":"https:\/\/sbrc.sbc.org.br\/2023\/palestras\/","title":{"rendered":"Palestras"},"content":{"rendered":"\n<div class=\"wp-block-columns perfil is-layout-flex wp-container-core-columns-is-layout-9d6595d7 wp-block-columns-is-layout-flex\">\n<div class=\"wp-block-column is-layout-flow wp-block-column-is-layout-flow\">\n<figure class=\"wp-block-image size-full is-resized is-style-rounded\"><img loading=\"lazy\" decoding=\"async\" src=\"https:\/\/sbrc.sbc.org.br\/2023\/wp-content\/uploads\/2023\/04\/palestrante_turgut.jpg\" alt=\"\" class=\"wp-image-2433\" width=\"220\" height=\"220\" srcset=\"https:\/\/sbrc.sbc.org.br\/2023\/wp-content\/uploads\/2023\/04\/palestrante_turgut.jpg 199w, https:\/\/sbrc.sbc.org.br\/2023\/wp-content\/uploads\/2023\/04\/palestrante_turgut-150x150.jpg 150w\" sizes=\"auto, (max-width: 220px) 100vw, 220px\" \/><figcaption class=\"wp-element-caption\"><strong>Damla Turgut<\/strong><br><br><strong>T\u00edtulo: <\/strong><a href=\"https:\/\/sbrc.sbc.org.br\/2023\/palestra-turgut\"><strong>When homes are too smart for their own good: physical and computational modeling of smart homes<\/strong><\/a><\/figcaption><\/figure>\n<\/div>\n\n\n\n<div class=\"wp-block-column is-layout-flow wp-block-column-is-layout-flow\">\n<figure class=\"wp-block-image size-full is-resized is-style-rounded\"><img loading=\"lazy\" decoding=\"async\" src=\"https:\/\/sbrc.sbc.org.br\/2023\/wp-content\/uploads\/2023\/04\/palestrante_AndreRizzo.jpeg\" alt=\"\" class=\"wp-image-2633\" width=\"220\" height=\"220\" srcset=\"https:\/\/sbrc.sbc.org.br\/2023\/wp-content\/uploads\/2023\/04\/palestrante_AndreRizzo.jpeg 464w, https:\/\/sbrc.sbc.org.br\/2023\/wp-content\/uploads\/2023\/04\/palestrante_AndreRizzo-300x300.jpeg 300w, https:\/\/sbrc.sbc.org.br\/2023\/wp-content\/uploads\/2023\/04\/palestrante_AndreRizzo-150x150.jpeg 150w\" sizes=\"auto, (max-width: 220px) 100vw, 220px\" \/><figcaption class=\"wp-element-caption\"><strong>Andr\u00e9 Rizzo<\/strong><br><br><strong>T\u00edtulo: <\/strong><a href=\"https:\/\/sbrc.sbc.org.br\/2023\/palestra-aruba\"><strong>A evolu\u00e7\u00e3o das redes Wi-Fi: tecnologia e aplica\u00e7\u00f5es<\/strong><\/a><\/figcaption><\/figure>\n<\/div>\n\n\n\n<div class=\"wp-block-column is-layout-flow wp-block-column-is-layout-flow\">\n<figure class=\"wp-block-image size-full is-resized is-style-rounded\"><img loading=\"lazy\" decoding=\"async\" src=\"https:\/\/sbrc.sbc.org.br\/2023\/wp-content\/uploads\/2023\/04\/palestrante-DaSilva.jpg\" alt=\"\" class=\"wp-image-2680\" width=\"220\" height=\"220\" srcset=\"https:\/\/sbrc.sbc.org.br\/2023\/wp-content\/uploads\/2023\/04\/palestrante-DaSilva.jpg 900w, https:\/\/sbrc.sbc.org.br\/2023\/wp-content\/uploads\/2023\/04\/palestrante-DaSilva-300x300.jpg 300w, https:\/\/sbrc.sbc.org.br\/2023\/wp-content\/uploads\/2023\/04\/palestrante-DaSilva-150x150.jpg 150w, https:\/\/sbrc.sbc.org.br\/2023\/wp-content\/uploads\/2023\/04\/palestrante-DaSilva-768x768.jpg 768w\" sizes=\"auto, (max-width: 220px) 100vw, 220px\" \/><figcaption class=\"wp-element-caption\"><strong><mark style=\"background-color:rgba(0, 0, 0, 0)\" class=\"has-inline-color has-colibri-color-6-color\">Luiz A. DaSilva<\/mark><\/strong><br><br><strong>T\u00edtulo: <\/strong><a href=\"https:\/\/sbrc.sbc.org.br\/2023\/palestra-dasilva\/\"><strong>Looking at 6G through a techno-social lens<\/strong><\/a><\/figcaption><\/figure>\n<\/div>\n<\/div>\n\n\n\n<h2 class=\"wp-block-heading\"><\/h2>\n","protected":false},"excerpt":{"rendered":"","protected":false},"author":3,"featured_media":0,"parent":0,"menu_order":0,"comment_status":"closed","ping_status":"closed","template":"","meta":{"footnotes":""},"class_list":["post-2412","page","type-page","status-publish","hentry"],"_links":{"self":[{"href":"https:\/\/sbrc.sbc.org.br\/2023\/wp-json\/wp\/v2\/pages\/2412","targetHints":{"allow":["GET"]}}],"collection":[{"href":"https:\/\/sbrc.sbc.org.br\/2023\/wp-json\/wp\/v2\/pages"}],"about":[{"href":"https:\/\/sbrc.sbc.org.br\/2023\/wp-json\/wp\/v2\/types\/page"}],"author":[{"embeddable":true,"href":"https:\/\/sbrc.sbc.org.br\/2023\/wp-json\/wp\/v2\/users\/3"}],"replies":[{"embeddable":true,"href":"https:\/\/sbrc.sbc.org.br\/2023\/wp-json\/wp\/v2\/comments?post=2412"}],"version-history":[{"count":39,"href":"https:\/\/sbrc.sbc.org.br\/2023\/wp-json\/wp\/v2\/pages\/2412\/revisions"}],"predecessor-version":[{"id":2848,"href":"https:\/\/sbrc.sbc.org.br\/2023\/wp-json\/wp\/v2\/pages\/2412\/revisions\/2848"}],"wp:attachment":[{"href":"https:\/\/sbrc.sbc.org.br\/2023\/wp-json\/wp\/v2\/media?parent=2412"}],"curies":[{"name":"wp","href":"https:\/\/api.w.org\/{rel}","templated":true}]}}