{"id":2318,"date":"2023-05-16T14:58:25","date_gmt":"2023-05-16T17:58:25","guid":{"rendered":"https:\/\/sbrc.sbc.org.br\/2023\/?page_id=2318"},"modified":"2023-05-22T12:39:00","modified_gmt":"2023-05-22T15:39:00","slug":"home-2","status":"publish","type":"page","link":"https:\/\/sbrc.sbc.org.br\/2023\/","title":{"rendered":"Home"},"content":{"rendered":"\n<figure class=\"wp-block-image size-full\"><img loading=\"lazy\" decoding=\"async\" width=\"479\" height=\"74\" src=\"https:\/\/sbrc.sbc.org.br\/2023\/wp-content\/uploads\/2022\/11\/Titulo_Datas-Importantes.png\" alt=\"\" class=\"wp-image-985\" srcset=\"https:\/\/sbrc.sbc.org.br\/2023\/wp-content\/uploads\/2022\/11\/Titulo_Datas-Importantes.png 479w, https:\/\/sbrc.sbc.org.br\/2023\/wp-content\/uploads\/2022\/11\/Titulo_Datas-Importantes-300x46.png 300w\" sizes=\"auto, (max-width: 479px) 100vw, 479px\" \/><\/figure>\n\n\n\n<figure class=\"wp-block-image size-full is-style-default\"><img loading=\"lazy\" decoding=\"async\" width=\"2100\" height=\"280\" src=\"https:\/\/sbrc.sbc.org.br\/2023\/wp-content\/uploads\/2022\/11\/Banner_Datas-Importantes-1.png\" alt=\"\" class=\"wp-image-986\" srcset=\"https:\/\/sbrc.sbc.org.br\/2023\/wp-content\/uploads\/2022\/11\/Banner_Datas-Importantes-1.png 2100w, https:\/\/sbrc.sbc.org.br\/2023\/wp-content\/uploads\/2022\/11\/Banner_Datas-Importantes-1-300x40.png 300w, https:\/\/sbrc.sbc.org.br\/2023\/wp-content\/uploads\/2022\/11\/Banner_Datas-Importantes-1-1024x137.png 1024w, https:\/\/sbrc.sbc.org.br\/2023\/wp-content\/uploads\/2022\/11\/Banner_Datas-Importantes-1-768x102.png 768w, https:\/\/sbrc.sbc.org.br\/2023\/wp-content\/uploads\/2022\/11\/Banner_Datas-Importantes-1-1536x205.png 1536w, https:\/\/sbrc.sbc.org.br\/2023\/wp-content\/uploads\/2022\/11\/Banner_Datas-Importantes-1-2048x273.png 2048w\" sizes=\"auto, (max-width: 2100px) 100vw, 2100px\" \/><\/figure>\n\n\n<div class=\"style-204 style-local-9-c1 position-relative\" data-colibri-id=\"9-c1\">\n<section class=\"sessao1\">\n<div class=\"l-section-h i-cf\">\n<div class=\"g-cols vc_row type_default valign_top\">\n<ul>\n<li>\n<p style=\"text-align: left;\">Registro de artigos: <s>04\/12\/2022<\/s> <s>23\/12\/2022<\/s> 05\/01\/2023 (prazo final)<\/p>\n<\/li>\n<li style=\"text-align: left;\">\n<p>Submiss\u00e3o de artigos: <s>11\/12\/2022<\/s> <s>23\/12\/2022<\/s> 05\/01\/2023 (prazo final)<\/p>\n<\/li>\n<li style=\"text-align: left;\">\n<p>Comunica\u00e7\u00e3o de resultados: 26\/02\/2023<\/p>\n<\/li>\n<li>\n<p style=\"text-align: left;\">Envio da vers\u00e3o final: 12\/03\/2023<\/p>\n<\/li>\n<\/ul>\n<\/div>\n<\/div>\n<\/section>\n<section class=\"sessao2\">\n<h1 class=\"vc_column-inner\">&nbsp;<\/h1>\n<\/section>\n<p style=\"text-align: left;\">\n<\/p><\/div>\n\n\n<figure class=\"wp-block-image size-full\"><img loading=\"lazy\" decoding=\"async\" width=\"477\" height=\"74\" src=\"https:\/\/sbrc.sbc.org.br\/2023\/wp-content\/uploads\/2022\/11\/Titulo_Melhores-Artigos.png\" alt=\"\" class=\"wp-image-994\" srcset=\"https:\/\/sbrc.sbc.org.br\/2023\/wp-content\/uploads\/2022\/11\/Titulo_Melhores-Artigos.png 477w, https:\/\/sbrc.sbc.org.br\/2023\/wp-content\/uploads\/2022\/11\/Titulo_Melhores-Artigos-300x47.png 300w\" sizes=\"auto, (max-width: 477px) 100vw, 477px\" \/><\/figure>\n\n\n\n<figure class=\"wp-block-image size-full\"><img loading=\"lazy\" decoding=\"async\" width=\"2100\" height=\"280\" src=\"https:\/\/sbrc.sbc.org.br\/2023\/wp-content\/uploads\/2022\/11\/Banner_Melhores-Artigos.png\" alt=\"\" class=\"wp-image-995\" srcset=\"https:\/\/sbrc.sbc.org.br\/2023\/wp-content\/uploads\/2022\/11\/Banner_Melhores-Artigos.png 2100w, https:\/\/sbrc.sbc.org.br\/2023\/wp-content\/uploads\/2022\/11\/Banner_Melhores-Artigos-300x40.png 300w, https:\/\/sbrc.sbc.org.br\/2023\/wp-content\/uploads\/2022\/11\/Banner_Melhores-Artigos-1024x137.png 1024w, https:\/\/sbrc.sbc.org.br\/2023\/wp-content\/uploads\/2022\/11\/Banner_Melhores-Artigos-768x102.png 768w, https:\/\/sbrc.sbc.org.br\/2023\/wp-content\/uploads\/2022\/11\/Banner_Melhores-Artigos-1536x205.png 1536w, https:\/\/sbrc.sbc.org.br\/2023\/wp-content\/uploads\/2022\/11\/Banner_Melhores-Artigos-2048x273.png 2048w\" sizes=\"auto, (max-width: 2100px) 100vw, 2100px\" \/><\/figure>\n\n\n\n<p>Os melhores artigos selecionados pelo comit\u00ea ser\u00e3o convidados para uma vers\u00e3o estendida nas revistas&nbsp;<em>Ad Hoc Networks e ITU Journal on Future and Evolving Technologies (ITU J-FET).<\/em><\/p>\n\n\n\n<p><\/p>\n\n\n\n<div style=\"height:100px\" aria-hidden=\"true\" class=\"wp-block-spacer\"><\/div>\n\n\n\n<p><\/p>\n\n\n\n<figure class=\"wp-block-image size-full\"><img loading=\"lazy\" decoding=\"async\" width=\"479\" height=\"74\" src=\"https:\/\/sbrc.sbc.org.br\/2023\/wp-content\/uploads\/2022\/11\/Titulo_Topicos-de-Interesse.png\" alt=\"\" class=\"wp-image-997\" srcset=\"https:\/\/sbrc.sbc.org.br\/2023\/wp-content\/uploads\/2022\/11\/Titulo_Topicos-de-Interesse.png 479w, https:\/\/sbrc.sbc.org.br\/2023\/wp-content\/uploads\/2022\/11\/Titulo_Topicos-de-Interesse-300x46.png 300w\" sizes=\"auto, (max-width: 479px) 100vw, 479px\" \/><\/figure>\n\n\n\n<figure class=\"wp-block-image size-full\"><img loading=\"lazy\" decoding=\"async\" width=\"2100\" height=\"280\" src=\"https:\/\/sbrc.sbc.org.br\/2023\/wp-content\/uploads\/2022\/11\/Banner_Topicos-de-Interesse.png\" alt=\"\" class=\"wp-image-998\" srcset=\"https:\/\/sbrc.sbc.org.br\/2023\/wp-content\/uploads\/2022\/11\/Banner_Topicos-de-Interesse.png 2100w, https:\/\/sbrc.sbc.org.br\/2023\/wp-content\/uploads\/2022\/11\/Banner_Topicos-de-Interesse-300x40.png 300w, https:\/\/sbrc.sbc.org.br\/2023\/wp-content\/uploads\/2022\/11\/Banner_Topicos-de-Interesse-1024x137.png 1024w, https:\/\/sbrc.sbc.org.br\/2023\/wp-content\/uploads\/2022\/11\/Banner_Topicos-de-Interesse-768x102.png 768w, https:\/\/sbrc.sbc.org.br\/2023\/wp-content\/uploads\/2022\/11\/Banner_Topicos-de-Interesse-1536x205.png 1536w, https:\/\/sbrc.sbc.org.br\/2023\/wp-content\/uploads\/2022\/11\/Banner_Topicos-de-Interesse-2048x273.png 2048w\" sizes=\"auto, (max-width: 2100px) 100vw, 2100px\" \/><\/figure>\n\n\n\n<p>Autores s\u00e3o convidados a submeter artigos completos contendo resultados de suas pesquisas cient\u00edficas ou tecnol\u00f3gicas. Cada artigo ser\u00e1 avaliado por pelo menos tr\u00eas especialistas. A lista n\u00e3o exaustiva de t\u00f3picos de interesse inclui:<\/p>\n\n\n\n<ul class=\"wp-block-list\">\n<li>Aplica\u00e7\u00f5es Inteligentes (Cidades, Agricultura, Sa\u00fade, Ind\u00fastria, Casas,&nbsp;<em>Smart Grid<\/em>)<\/li>\n\n\n\n<li><em>Blockchain<\/em>&nbsp;e&nbsp;<em>distributed ledger technologies<\/em><\/li>\n\n\n\n<li>Computa\u00e7\u00e3o intensiva de dados&nbsp;<em>(big data)<\/em>, an\u00e1lise e minera\u00e7\u00e3o de dados<\/li>\n\n\n\n<li>Computa\u00e7\u00e3o m\u00f3vel<\/li>\n\n\n\n<li>Computa\u00e7\u00e3o na nuvem, na n\u00e9voa, na borda e orientada a servi\u00e7os<\/li>\n\n\n\n<li>Computa\u00e7\u00e3o social<\/li>\n\n\n\n<li>Computa\u00e7\u00e3o ub\u00edqua, pervasiva e sens\u00edvel ao contexto<\/li>\n\n\n\n<li>Computa\u00e7\u00e3o urbana<\/li>\n\n\n\n<li>Desempenho, escalabilidade e confiabilidade<\/li>\n\n\n\n<li>Engenharia de redes e controle de tr\u00e1fego<\/li>\n\n\n\n<li>Gerenciamento, opera\u00e7\u00e3o, projeto e an\u00e1lise de redes<\/li>\n\n\n\n<li>Internet das coisas e sistemas ciberf\u00edsicos<\/li>\n\n\n\n<li>Internet do futuro<\/li>\n\n\n\n<li>Medi\u00e7\u00e3o e monitora\u00e7\u00e3o de redes<\/li>\n\n\n\n<li>Qualidade de servi\u00e7o (QoS) e de experi\u00eancia (QoE)<\/li>\n\n\n\n<li>Redes qu\u00e2nticas e nanoredes<\/li>\n\n\n\n<li>Redes centradas na informa\u00e7\u00e3o<\/li>\n\n\n\n<li>Redes 5G\/6G e suas aplica\u00e7\u00f5es<\/li>\n\n\n\n<li><em>Softwariza\u00e7\u00e3o<\/em>&nbsp;de redes (SDN, NFV, P4)<\/li>\n\n\n\n<li>Redes \u00f3pticas<\/li>\n\n\n\n<li>Redes sociais (<em>online<\/em>, m\u00f3veis e pervasivas)<\/li>\n\n\n\n<li>Redes tolerantes a atrasos\/interrup\u00e7\u00f5es<\/li>\n\n\n\n<li>Redes veiculares, rob\u00f3ticas e de drones<\/li>\n\n\n\n<li>Redes verdes&nbsp;<em>(green networking)<\/em><\/li>\n\n\n\n<li>Seguran\u00e7a em redes e em sistemas distribu\u00eddos<\/li>\n\n\n\n<li>Simula\u00e7\u00e3o e emula\u00e7\u00e3o de redes<\/li>\n\n\n\n<li>Toler\u00e2ncia a falhas e resili\u00eancia<\/li>\n\n\n\n<li>Virtualiza\u00e7\u00e3o de redes<\/li>\n\n\n\n<li>Aplica\u00e7\u00f5es de big data e aprendizado de m\u00e1quina em redes de computadores e sistemas distribu\u00eddos<\/li>\n\n\n\n<li>Modelos e arquiteturas de dados para&nbsp;<em>big data<\/em><\/li>\n<\/ul>\n\n\n\n<h1 class=\"wp-block-heading\">&nbsp;<\/h1>\n\n\n\n<figure class=\"wp-block-image size-full\"><img loading=\"lazy\" decoding=\"async\" width=\"479\" height=\"74\" src=\"https:\/\/sbrc.sbc.org.br\/2023\/wp-content\/uploads\/2022\/11\/Titulo_Trilha-Industrial.png\" alt=\"\" class=\"wp-image-1004\" srcset=\"https:\/\/sbrc.sbc.org.br\/2023\/wp-content\/uploads\/2022\/11\/Titulo_Trilha-Industrial.png 479w, https:\/\/sbrc.sbc.org.br\/2023\/wp-content\/uploads\/2022\/11\/Titulo_Trilha-Industrial-300x46.png 300w\" sizes=\"auto, (max-width: 479px) 100vw, 479px\" \/><\/figure>\n\n\n\n<figure class=\"wp-block-image size-full\"><img loading=\"lazy\" decoding=\"async\" width=\"2100\" height=\"280\" src=\"https:\/\/sbrc.sbc.org.br\/2023\/wp-content\/uploads\/2022\/11\/Banner_Trilha-Industrial.png\" alt=\"\" class=\"wp-image-1005\" srcset=\"https:\/\/sbrc.sbc.org.br\/2023\/wp-content\/uploads\/2022\/11\/Banner_Trilha-Industrial.png 2100w, https:\/\/sbrc.sbc.org.br\/2023\/wp-content\/uploads\/2022\/11\/Banner_Trilha-Industrial-300x40.png 300w, https:\/\/sbrc.sbc.org.br\/2023\/wp-content\/uploads\/2022\/11\/Banner_Trilha-Industrial-1024x137.png 1024w, https:\/\/sbrc.sbc.org.br\/2023\/wp-content\/uploads\/2022\/11\/Banner_Trilha-Industrial-768x102.png 768w, https:\/\/sbrc.sbc.org.br\/2023\/wp-content\/uploads\/2022\/11\/Banner_Trilha-Industrial-1536x205.png 1536w, https:\/\/sbrc.sbc.org.br\/2023\/wp-content\/uploads\/2022\/11\/Banner_Trilha-Industrial-2048x273.png 2048w\" sizes=\"auto, (max-width: 2100px) 100vw, 2100px\" \/><\/figure>\n\n\n\n<p>O SBRC 2023 ter\u00e1 uma trilha industrial&nbsp;<em>(industrial track)<\/em>&nbsp;para artigos liderados e escritos por pesquisadores com v\u00ednculos fora da \u00e1rea acad\u00eamica (empresas, governo, terceiro setor). O objetivo \u00e9 estimular uma cultura de intera\u00e7\u00e3o e colabora\u00e7\u00e3o entre ind\u00fastria e academia nas \u00e1reas de redes de computadores e sistemas distribu\u00eddos, com benef\u00edcios potenciais a ambas.<\/p>\n\n\n\n<div style=\"height:100px\" aria-hidden=\"true\" class=\"wp-block-spacer\"><\/div>\n\n\n\n<figure class=\"wp-block-image size-full\"><img loading=\"lazy\" decoding=\"async\" width=\"479\" height=\"74\" src=\"https:\/\/sbrc.sbc.org.br\/2023\/wp-content\/uploads\/2022\/11\/Titulo_Instrucoes-aos-Autores.png\" alt=\"\" class=\"wp-image-1007\" srcset=\"https:\/\/sbrc.sbc.org.br\/2023\/wp-content\/uploads\/2022\/11\/Titulo_Instrucoes-aos-Autores.png 479w, https:\/\/sbrc.sbc.org.br\/2023\/wp-content\/uploads\/2022\/11\/Titulo_Instrucoes-aos-Autores-300x46.png 300w\" sizes=\"auto, (max-width: 479px) 100vw, 479px\" \/><\/figure>\n\n\n\n<figure class=\"wp-block-image size-large\"><img loading=\"lazy\" decoding=\"async\" width=\"1024\" height=\"137\" src=\"https:\/\/sbrc.sbc.org.br\/2023\/wp-content\/uploads\/2022\/11\/Banner_Instrucoes-aos-Autores-1024x137.png\" alt=\"\" class=\"wp-image-1008\" srcset=\"https:\/\/sbrc.sbc.org.br\/2023\/wp-content\/uploads\/2022\/11\/Banner_Instrucoes-aos-Autores-1024x137.png 1024w, https:\/\/sbrc.sbc.org.br\/2023\/wp-content\/uploads\/2022\/11\/Banner_Instrucoes-aos-Autores-300x40.png 300w, https:\/\/sbrc.sbc.org.br\/2023\/wp-content\/uploads\/2022\/11\/Banner_Instrucoes-aos-Autores-768x102.png 768w, https:\/\/sbrc.sbc.org.br\/2023\/wp-content\/uploads\/2022\/11\/Banner_Instrucoes-aos-Autores-1536x205.png 1536w, https:\/\/sbrc.sbc.org.br\/2023\/wp-content\/uploads\/2022\/11\/Banner_Instrucoes-aos-Autores-2048x273.png 2048w\" sizes=\"auto, (max-width: 1024px) 100vw, 1024px\" \/><\/figure>\n\n\n\n<p>Os artigos a serem submetidos ao SBRC devem representar trabalhos com conte\u00fado in\u00e9dito. N\u00e3o \u00e9 permitida a submiss\u00e3o de artigos que estejam em processo de revis\u00e3o ou que j\u00e1 tenham sido publicados em outras confer\u00eancias ou revistas. A submiss\u00e3o de artigos ser\u00e1 exclusivamente eletr\u00f4nica, por meio do&nbsp;<a href=\"https:\/\/jems3.sbc.org.br\/\" target=\"_blank\" rel=\"noreferrer noopener\">Sistema JEMS3<\/a>.&nbsp;<\/p>\n\n\n\n<p>Os artigos podem ser escritos em portugu\u00eas ou ingl\u00eas e devem ser submetidos somente no formato PDF. Cada artigo est\u00e1 limitado a 14 p\u00e1ginas, incluindo resumo, figuras, diagramas e refer\u00eancias.<\/p>\n\n\n\n<p>Os trabalhos devem ser formatados seguindo o modelo de artigos da SBC, dispon\u00edvel em&nbsp;<a href=\"http:\/\/www.sbc.org.br\/documentos-da-sbc\/category\/169-templates-para-artigos-e-capitulos-de-livros\" target=\"_blank\" rel=\"noreferrer noopener\">http:\/\/www.sbc.org.br\/documentos-da-sbc\/category\/169-templates-para-artigos-e-capitulos-de-livros<\/a>.<\/p>\n\n\n\n<p>Para a trilha industrial devem ser submetidos resumos estendidos at\u00e9 4 (quatro) p\u00e1ginas e as vers\u00f5es finais ter\u00e3o entre 5 (cinco) e 6 (seis) p\u00e1ginas.&nbsp;<\/p>\n\n\n\n<p>O evento ir\u00e1 publicar os anais na Biblioteca Digital (<a href=\"https:\/\/sol.sbc.org.br\/index.php\/sbrc\" target=\"_blank\" rel=\"noreferrer noopener\">https:\/\/sol.sbc.org.br\/index.php\/sbrc<\/a>) da plataforma SOL da SBC.<\/p>\n\n\n\n<div style=\"height:30px\" aria-hidden=\"true\" class=\"wp-block-spacer\"><\/div>\n\n\n\n<div class=\"wp-block-buttons is-content-justification-center is-layout-flex wp-container-core-buttons-is-layout-16018d1d wp-block-buttons-is-layout-flex\">\n<div class=\"wp-block-button\"><a class=\"wp-block-button__link wp-element-button\" href=\"https:\/\/jems3.sbc.org.br\/\" target=\"_blank\" rel=\"noreferrer noopener\">Submeter um Artigo<\/a><\/div>\n<\/div>\n\n\n\n<p class=\"has-text-align-left\"><\/p>\n\n\n\n<div style=\"height:200px\" aria-hidden=\"true\" class=\"wp-block-spacer\"><\/div>\n\n\n\n<div class=\"wp-block-columns is-layout-flex wp-container-core-columns-is-layout-9d6595d7 wp-block-columns-is-layout-flex\">\n<div class=\"wp-block-column is-layout-flow wp-block-column-is-layout-flow\">\n<h3 class=\"wp-block-heading\">Organiza\u00e7\u00e3o:<\/h3>\n\n\n\n<div class=\"wp-block-columns is-layout-flex wp-container-core-columns-is-layout-9d6595d7 wp-block-columns-is-layout-flex\">\n<div class=\"wp-block-column is-vertically-aligned-top is-layout-flow wp-block-column-is-layout-flow\">\n<figure class=\"wp-block-image size-full is-resized\"><a href=\"https:\/\/unb.br\/\" target=\"_blank\" rel=\"noreferrer noopener\"><img decoding=\"async\" src=\"https:\/\/sbrc.sbc.org.br\/2023\/wp-content\/uploads\/2023\/05\/as_vert_cor.jpg\" alt=\"\" class=\"wp-image-3308\" width=\"100\" srcset=\"https:\/\/sbrc.sbc.org.br\/2023\/wp-content\/uploads\/2023\/05\/as_vert_cor.jpg 709w, https:\/\/sbrc.sbc.org.br\/2023\/wp-content\/uploads\/2023\/05\/as_vert_cor-300x276.jpg 300w\" sizes=\"(max-width: 709px) 100vw, 709px\" \/><\/a><\/figure>\n<\/div>\n\n\n\n<div class=\"wp-block-column is-layout-flow wp-block-column-is-layout-flow\">\n<figure class=\"wp-block-image size-full is-resized\"><a href=\"http:\/\/www.uesb.br\/\" target=\"_blank\" rel=\"noreferrer noopener\"><img decoding=\"async\" src=\"https:\/\/sbrc.sbc.org.br\/2023\/wp-content\/uploads\/2022\/12\/Captura-de-Tela-2022-12-26-a\u0300s-09.13.21-1.png\" alt=\"\" class=\"wp-image-1074\" width=\"120\" srcset=\"https:\/\/sbrc.sbc.org.br\/2023\/wp-content\/uploads\/2022\/12\/Captura-de-Tela-2022-12-26-a\u0300s-09.13.21-1.png 397w, https:\/\/sbrc.sbc.org.br\/2023\/wp-content\/uploads\/2022\/12\/Captura-de-Tela-2022-12-26-a\u0300s-09.13.21-1-253x300.png 253w\" sizes=\"(max-width: 397px) 100vw, 397px\" \/><\/a><\/figure>\n<\/div>\n<\/div>\n<\/div>\n\n\n\n<div class=\"wp-block-column is-layout-flow wp-block-column-is-layout-flow\">\n<h3 class=\"wp-block-heading\">Realiza\u00e7\u00e3o:<\/h3>\n\n\n\n<div class=\"wp-block-columns is-layout-flex wp-container-core-columns-is-layout-9d6595d7 wp-block-columns-is-layout-flex\">\n<div class=\"wp-block-column is-layout-flow wp-block-column-is-layout-flow\">\n<figure class=\"wp-block-image size-full is-resized\"><a href=\"https:\/\/www.sbc.org.br\/\" target=\"_blank\" rel=\"noreferrer noopener\"><img decoding=\"async\" src=\"https:\/\/sbrc.sbc.org.br\/2023\/wp-content\/uploads\/2022\/11\/Logo-portal_SBC-2.png\" alt=\"\" class=\"wp-image-969\" width=\"80\"\/><\/a><\/figure>\n<\/div>\n\n\n\n<div class=\"wp-block-column is-layout-flow wp-block-column-is-layout-flow\">\n<figure class=\"wp-block-image size-large is-resized\"><a href=\"http:\/\/www.larc.org.br\/\" target=\"_blank\" rel=\"noreferrer noopener\"><img decoding=\"async\" src=\"https:\/\/sbrc.sbc.org.br\/2023\/wp-content\/uploads\/2022\/11\/Logo-portal_Larc-preto-3-1024x312.png\" alt=\"\" class=\"wp-image-970\" width=\"200\" srcset=\"https:\/\/sbrc.sbc.org.br\/2023\/wp-content\/uploads\/2022\/11\/Logo-portal_Larc-preto-3-1024x312.png 1024w, https:\/\/sbrc.sbc.org.br\/2023\/wp-content\/uploads\/2022\/11\/Logo-portal_Larc-preto-3-300x92.png 300w, https:\/\/sbrc.sbc.org.br\/2023\/wp-content\/uploads\/2022\/11\/Logo-portal_Larc-preto-3-768x234.png 768w, https:\/\/sbrc.sbc.org.br\/2023\/wp-content\/uploads\/2022\/11\/Logo-portal_Larc-preto-3-1536x469.png 1536w, https:\/\/sbrc.sbc.org.br\/2023\/wp-content\/uploads\/2022\/11\/Logo-portal_Larc-preto-3-2048x625.png 2048w\" sizes=\"(max-width: 1024px) 100vw, 1024px\" \/><\/a><\/figure>\n<\/div>\n<\/div>\n<\/div>\n<\/div>\n\n\n\n<div style=\"height:100px\" aria-hidden=\"true\" class=\"wp-block-spacer\"><\/div>\n\n\n\n<div class=\"wp-block-columns is-layout-flex wp-container-core-columns-is-layout-9d6595d7 wp-block-columns-is-layout-flex\">\n<div class=\"wp-block-column is-layout-flow wp-block-column-is-layout-flow\">\n<h3 class=\"wp-block-heading\">Patroc\u00ednio:<\/h3>\n\n\n\n<figure class=\"wp-block-image size-medium is-resized\"><a href=\"https:\/\/www.fap.df.gov.br\" target=\"_blank\" rel=\"noreferrer noopener\"><img loading=\"lazy\" decoding=\"async\" src=\"https:\/\/sbrc.sbc.org.br\/2023\/wp-content\/uploads\/2023\/05\/fap-df-300x193.png\" alt=\"\" class=\"wp-image-2770\" width=\"205\" height=\"128\"\/><\/a><\/figure>\n\n\n\n<div style=\"height:30px\" aria-hidden=\"true\" class=\"wp-block-spacer\"><\/div>\n\n\n\n<figure class=\"wp-block-image size-large is-resized\"><a href=\"https:\/\/www.cgi.br\/\" target=\"_blank\" rel=\"noreferrer noopener\"><img decoding=\"async\" src=\"https:\/\/sbrc.sbc.org.br\/2023\/wp-content\/uploads\/2023\/05\/logo_cgi_nic-1-1024x298.png\" alt=\"\" class=\"wp-image-3302\" width=\"198\" srcset=\"https:\/\/sbrc.sbc.org.br\/2023\/wp-content\/uploads\/2023\/05\/logo_cgi_nic-1-1024x298.png 1024w, https:\/\/sbrc.sbc.org.br\/2023\/wp-content\/uploads\/2023\/05\/logo_cgi_nic-1-300x87.png 300w, https:\/\/sbrc.sbc.org.br\/2023\/wp-content\/uploads\/2023\/05\/logo_cgi_nic-1-768x223.png 768w, https:\/\/sbrc.sbc.org.br\/2023\/wp-content\/uploads\/2023\/05\/logo_cgi_nic-1.png 1497w\" sizes=\"(max-width: 1024px) 100vw, 1024px\" \/><\/a><\/figure>\n\n\n\n<div style=\"height:30px\" aria-hidden=\"true\" class=\"wp-block-spacer\"><\/div>\n\n\n\n<figure class=\"wp-block-image size-medium is-resized\"><a href=\"http:\/\/www.cnpq.br\/\" target=\"_blank\" rel=\"noreferrer noopener\"><img loading=\"lazy\" decoding=\"async\" src=\"https:\/\/sbrc.sbc.org.br\/2023\/wp-content\/uploads\/2022\/12\/logo-cnpq-300x92.png\" alt=\"\" class=\"wp-image-1027\" width=\"199\" height=\"61\" srcset=\"https:\/\/sbrc.sbc.org.br\/2023\/wp-content\/uploads\/2022\/12\/logo-cnpq-300x92.png 300w, https:\/\/sbrc.sbc.org.br\/2023\/wp-content\/uploads\/2022\/12\/logo-cnpq-1024x315.png 1024w, https:\/\/sbrc.sbc.org.br\/2023\/wp-content\/uploads\/2022\/12\/logo-cnpq-768x236.png 768w, https:\/\/sbrc.sbc.org.br\/2023\/wp-content\/uploads\/2022\/12\/logo-cnpq-1536x473.png 1536w, https:\/\/sbrc.sbc.org.br\/2023\/wp-content\/uploads\/2022\/12\/logo-cnpq-2048x631.png 2048w\" sizes=\"auto, (max-width: 199px) 100vw, 199px\" \/><\/a><\/figure>\n\n\n\n<div style=\"height:30px\" aria-hidden=\"true\" class=\"wp-block-spacer\"><\/div>\n\n\n\n<figure class=\"wp-block-image size-full is-resized\"><a href=\"https:\/\/www.arubanetworks.com\/br\/\" target=\"_blank\" rel=\"noreferrer noopener\"><img loading=\"lazy\" decoding=\"async\" src=\"https:\/\/sbrc.sbc.org.br\/2023\/wp-content\/uploads\/2023\/01\/logo_aruba.png\" alt=\"\" class=\"wp-image-1327\" width=\"198\" height=\"97\"\/><\/a><\/figure>\n\n\n\n<div style=\"height:30px\" aria-hidden=\"true\" class=\"wp-block-spacer\"><\/div>\n\n\n\n<figure class=\"wp-block-image size-full is-resized\"><a href=\"https:\/\/www.calriz.com\/\" target=\"_blank\" rel=\"noreferrer noopener\"><img loading=\"lazy\" decoding=\"async\" src=\"https:\/\/sbrc.sbc.org.br\/2023\/wp-content\/uploads\/2023\/03\/calriz-1.png\" alt=\"\" class=\"wp-image-1974\" width=\"200\" height=\"72\"\/><\/a><\/figure>\n\n\n\n<div style=\"height:50px\" aria-hidden=\"true\" class=\"wp-block-spacer\"><\/div>\n<\/div>\n\n\n\n<div class=\"wp-block-column is-layout-flow wp-block-column-is-layout-flow\">\n<h3 class=\"wp-block-heading\">Apoio:<\/h3>\n\n\n\n<figure class=\"wp-block-image size-medium is-resized\"><a href=\"https:\/\/www.rnp.br\/\" target=\"_blank\" rel=\"noreferrer noopener\"><img decoding=\"async\" src=\"https:\/\/sbrc.sbc.org.br\/2023\/wp-content\/uploads\/2022\/12\/logo-rnp-1-300x137.png\" alt=\"\" class=\"wp-image-1033\" width=\"170\" srcset=\"https:\/\/sbrc.sbc.org.br\/2023\/wp-content\/uploads\/2022\/12\/logo-rnp-1-300x137.png 300w, https:\/\/sbrc.sbc.org.br\/2023\/wp-content\/uploads\/2022\/12\/logo-rnp-1-1024x468.png 1024w, https:\/\/sbrc.sbc.org.br\/2023\/wp-content\/uploads\/2022\/12\/logo-rnp-1-768x351.png 768w, https:\/\/sbrc.sbc.org.br\/2023\/wp-content\/uploads\/2022\/12\/logo-rnp-1.png 1412w\" sizes=\"(max-width: 300px) 100vw, 300px\" \/><\/a><\/figure>\n\n\n\n<div style=\"height:30px\" aria-hidden=\"true\" class=\"wp-block-spacer\"><\/div>\n\n\n\n<figure class=\"wp-block-image size-medium is-resized\"><a href=\"https:\/\/gigacandanga.net.br\/\" target=\"_blank\" rel=\"noreferrer noopener\"><img decoding=\"async\" src=\"https:\/\/sbrc.sbc.org.br\/2023\/wp-content\/uploads\/2023\/03\/logo-giga-candanga-1-300x184.png\" alt=\"\" class=\"wp-image-1482\" width=\"170\" srcset=\"https:\/\/sbrc.sbc.org.br\/2023\/wp-content\/uploads\/2023\/03\/logo-giga-candanga-1-300x184.png 300w, https:\/\/sbrc.sbc.org.br\/2023\/wp-content\/uploads\/2023\/03\/logo-giga-candanga-1-1024x627.png 1024w, https:\/\/sbrc.sbc.org.br\/2023\/wp-content\/uploads\/2023\/03\/logo-giga-candanga-1-768x470.png 768w, https:\/\/sbrc.sbc.org.br\/2023\/wp-content\/uploads\/2023\/03\/logo-giga-candanga-1-1536x941.png 1536w, https:\/\/sbrc.sbc.org.br\/2023\/wp-content\/uploads\/2023\/03\/logo-giga-candanga-1.png 1829w\" sizes=\"(max-width: 300px) 100vw, 300px\" \/><\/a><\/figure>\n\n\n\n<div style=\"height:100px\" aria-hidden=\"true\" class=\"wp-block-spacer\"><\/div>\n\n\n\n<h3 class=\"wp-block-heading\">Ag\u00eancia Oficial:<\/h3>\n\n\n\n<figure class=\"wp-block-image size-full is-resized\"><a href=\"http:\/\/www.rsturismoeventos.com.br\" target=\"_blank\" rel=\"noreferrer noopener\"><img decoding=\"async\" src=\"https:\/\/sbrc.sbc.org.br\/2023\/wp-content\/uploads\/2023\/03\/logoRSTurismo-9.png\" alt=\"\" class=\"wp-image-1620\" width=\"170\"\/><\/a><\/figure>\n<\/div>\n<\/div>\n","protected":false},"excerpt":{"rendered":"<p>Registro de artigos: 04\/12\/2022 23\/12\/2022 05\/01\/2023 (prazo final) Submiss\u00e3o de artigos: 11\/12\/2022 23\/12\/2022 05\/01\/2023 (prazo final) Comunica\u00e7\u00e3o de resultados: 26\/02\/2023 Envio da vers\u00e3o final: 12\/03\/2023 &nbsp; Os melhores artigos selecionados pelo comit\u00ea ser\u00e3o convidados para uma vers\u00e3o estendida nas revistas&nbsp;Ad Hoc Networks e ITU Journal on Future and Evolving Technologies (ITU J-FET). Autores s\u00e3o convidados [&hellip;]<\/p>\n","protected":false},"author":3,"featured_media":502,"parent":0,"menu_order":0,"comment_status":"closed","ping_status":"closed","template":"","meta":{"footnotes":""},"class_list":["post-2318","page","type-page","status-publish","has-post-thumbnail","hentry"],"_links":{"self":[{"href":"https:\/\/sbrc.sbc.org.br\/2023\/wp-json\/wp\/v2\/pages\/2318","targetHints":{"allow":["GET"]}}],"collection":[{"href":"https:\/\/sbrc.sbc.org.br\/2023\/wp-json\/wp\/v2\/pages"}],"about":[{"href":"https:\/\/sbrc.sbc.org.br\/2023\/wp-json\/wp\/v2\/types\/page"}],"author":[{"embeddable":true,"href":"https:\/\/sbrc.sbc.org.br\/2023\/wp-json\/wp\/v2\/users\/3"}],"replies":[{"embeddable":true,"href":"https:\/\/sbrc.sbc.org.br\/2023\/wp-json\/wp\/v2\/comments?post=2318"}],"version-history":[{"count":20,"href":"https:\/\/sbrc.sbc.org.br\/2023\/wp-json\/wp\/v2\/pages\/2318\/revisions"}],"predecessor-version":[{"id":3604,"href":"https:\/\/sbrc.sbc.org.br\/2023\/wp-json\/wp\/v2\/pages\/2318\/revisions\/3604"}],"wp:featuredmedia":[{"embeddable":true,"href":"https:\/\/sbrc.sbc.org.br\/2023\/wp-json\/wp\/v2\/media\/502"}],"wp:attachment":[{"href":"https:\/\/sbrc.sbc.org.br\/2023\/wp-json\/wp\/v2\/media?parent=2318"}],"curies":[{"name":"wp","href":"https:\/\/api.w.org\/{rel}","templated":true}]}}