{"id":2198,"date":"2023-04-12T21:13:38","date_gmt":"2023-04-13T00:13:38","guid":{"rendered":"https:\/\/sbrc.sbc.org.br\/2023\/?page_id=2198"},"modified":"2023-05-22T12:23:20","modified_gmt":"2023-05-22T15:23:20","slug":"sessoes-tecnicas","status":"publish","type":"page","link":"https:\/\/sbrc.sbc.org.br\/2023\/sessoes-tecnicas\/","title":{"rendered":"ST &#8211; Sess\u00f5es T\u00e9cnicas"},"content":{"rendered":"\n<p id=\"st1\"><\/p>\n\n\n\n<h3 class=\"wp-block-heading\"><\/h3>\n\n\n\n<div style=\"height:20px\" aria-hidden=\"true\" class=\"wp-block-spacer\"><\/div>\n\n\n\n<h4 class=\"wp-block-heading has-text-color has-background\" style=\"color:#004190;background-color:#dee7f3;font-size:26px;padding: 1.25em 1.375em\"><strong>ST1: Aprendizado Federado<\/strong><\/h4>\n\n\n\n<p class=\"has-text-color has-background\" style=\"color:#004190;background-color:#dee7f3\"><strong>Data\/Hor\u00e1rio: <\/strong>Ter\u00e7a-feira (23\/05) \u2013  08:30 \u00e0s 10:00<strong><br>Local: <\/strong>Sala A<strong><br>Chair: Igor Monteiro Moraes (UFF)<\/strong><\/p>\n\n\n\n<ul class=\"wp-block-list\">\n<li><strong>Dispositivos, Eu Escolho Voc\u00eas: Sele\u00e7\u00e3o de Clientes Adaptativa para Comunica\u00e7\u00e3o Eficiente em Aprendizado Federado<\/strong>\n<ul class=\"wp-block-list\">\n<li>Allan Mariano de Souza (Unicamp)<\/li>\n\n\n\n<li>Luiz Fernando Bittencourt (Unicamp)<\/li>\n\n\n\n<li>Eduardo Coelho Cerqueira (UFPA)<\/li>\n\n\n\n<li>Antonio Loureiro (UFMG)<\/li>\n\n\n\n<li>Leandro Villas (Unicamp)<\/li>\n<\/ul>\n<\/li>\n<\/ul>\n\n\n\n<p><\/p>\n\n\n\n<ul class=\"wp-block-list\" start=\"2\">\n<li><strong>A Federated Learning Approach for Authentication and User Identification based on Behavioral Biometrics<\/strong>\n<ul class=\"wp-block-list\">\n<li>Rafael Silva (UFPA)<\/li>\n\n\n\n<li>Cristiano Bonato Both (Unisinos)<\/li>\n\n\n\n<li>Iago Medeiros (UFPA)<\/li>\n\n\n\n<li>Eduardo Coelho Cerqueira (UFPA)<\/li>\n\n\n\n<li>Denis Ros\u00e1rio (UFPA)<\/li>\n<\/ul>\n<\/li>\n<\/ul>\n\n\n\n<p><\/p>\n\n\n\n<ul class=\"wp-block-list\">\n<li><strong>F-NIDS &#8211; Sistema de Detec\u00e7\u00e3o de Intrus\u00e3o descentralizado com base em Aprendizado Federado<\/strong> \n<ul class=\"wp-block-list\">\n<li>Jonathas Oliveira (UnB)<\/li>\n\n\n\n<li>Rodolfo Ipolito Meneguette (USP)<\/li>\n\n\n\n<li>Vin\u00edcius Gon\u00e7alves (UnB)<\/li>\n\n\n\n<li>Rafael Sousa Jr. (UnB)<\/li>\n\n\n\n<li>Daniel Ludovico Guidoni (UFOP)<\/li>\n\n\n\n<li>Jos\u00e9 C. M. Oliveira (UESB)<\/li>\n\n\n\n<li>Geraldo Rocha (UESB)<\/li>\n<\/ul>\n<\/li>\n<\/ul>\n\n\n\n<p id=\"st2\"><\/p>\n\n\n\n<div style=\"height:100px\" aria-hidden=\"true\" class=\"wp-block-spacer\"><\/div>\n\n\n\n<h4 class=\"wp-block-heading has-background\" style=\"background-color:#dee7f3;font-size:26px;padding: 1.25em 1.375em\"><strong>ST2: Blockchain e Distributed Ledger 1<\/strong><\/h4>\n\n\n\n<p class=\"has-text-color has-background\" style=\"color:#004190;background-color:#dee7f3\"><strong>Data\/<strong>Hor\u00e1rio<\/strong>: <\/strong>Ter\u00e7a-feira (23\/05) \u2013 08:30 \u00e0s 10:00<strong><br>Local: <\/strong>Sala B<strong><br>Chair: Allan Edgard Silva Freitas (IFBA)<\/strong><\/p>\n\n\n\n<p><\/p>\n\n\n\n<ul class=\"wp-block-list\">\n<li><strong>Execu\u00e7\u00e3o Paralela de Transa\u00e7\u00f5es Baseada em An\u00e1lise Din\u00e2mica e Auto-Verific\u00e1vel de Conflitos<\/strong>\n<ul class=\"wp-block-list\">\n<li>Jefferson Silva (UnB)<\/li>\n\n\n\n<li>Eduardo Alchieri (UnB)<\/li>\n\n\n\n<li>Fernando Lu\u00eds Dotti (PUCRS)<\/li>\n<\/ul>\n<\/li>\n<\/ul>\n\n\n\n<ul class=\"wp-block-list\">\n<li><strong>Posicionamento Lucrativo de N\u00f3s e Cria\u00e7\u00e3o de Rotas de Baixo Custo na Rede Rel\u00e2mpago<\/strong>\n<ul class=\"wp-block-list\">\n<li>Gustavo Camilo (UFRJ)<\/li>\n\n\n\n<li>Gabriel Rebello (UFRJ)<\/li>\n\n\n\n<li>Lucas Airam C. de Souza (UFRJ)<\/li>\n\n\n\n<li>Miguel Elias Mitre Campista (UFRJ)<\/li>\n\n\n\n<li>Luis Henrique Maciel Kosmalski Costa (UFRJ)<\/li>\n<\/ul>\n<\/li>\n<\/ul>\n\n\n\n<ul class=\"wp-block-list\">\n<li><strong>Avalia\u00e7\u00e3o de Desempenho de Blockchains Permissionadas Hyperledger Orientada ao Planejamento de Capacidade de Recursos Computacionais<\/strong>\n<ul class=\"wp-block-list\">\n<li>Francisco Airton Silva (UFPI)<\/li>\n\n\n\n<li>Glauber Dias Goncalves (UFPI)<\/li>\n\n\n\n<li>Iure de Sousa F\u00e9 (UFPI)<\/li>\n\n\n\n<li>Leonel Feitosa Correia (UFPI)<\/li>\n\n\n\n<li>Andr\u00e9 C. B. Soares (UFPI)<\/li>\n<\/ul>\n<\/li>\n<\/ul>\n\n\n\n<p id=\"st3\"><\/p>\n\n\n\n<div style=\"height:100px\" aria-hidden=\"true\" class=\"wp-block-spacer\"><\/div>\n\n\n\n<h4 class=\"wp-block-heading has-background\" style=\"background-color:#dee7f3;font-size:26px;padding: 1.25em 1.375em\"><strong>ST3: Redes veiculares, rob\u00f3ticas e de drones<\/strong><\/h4>\n\n\n\n<p class=\"has-text-color has-background\" style=\"color:#004190;background-color:#dee7f3\"><strong>Data\/Hor\u00e1rio: <\/strong>Ter\u00e7a-feira (23\/05) \u2013 14:00 \u00e0s 15:30<strong><br>Local: <\/strong>Sala A<strong><br>Chair: Jos\u00e9 Marcos Nogueira (UFMG)<\/strong><\/p>\n\n\n\n<ul class=\"wp-block-list\">\n<li><strong>NDN-Waze: Um Sistema Distribu\u00eddo para Gerenciamento de Tr\u00e1fego Veicular via Redes de Dados Nomeados<\/strong>\n<ul class=\"wp-block-list\">\n<li>Guilherme Braga Araujo (UFRB)<\/li>\n\n\n\n<li>Leobino Nascimento Sampaio (UFBA)<\/li>\n<\/ul>\n<\/li>\n<\/ul>\n\n\n\n<ul class=\"wp-block-list\">\n<li><strong>Arquitetura de Simula\u00e7\u00e3o de Miss\u00f5es com Drones com Aspectos Mais Realistas de Comunica\u00e7\u00e3o Ar-Terra<\/strong>\n<ul class=\"wp-block-list\">\n<li>Bruno Hilario (UFF)<\/li>\n\n\n\n<li>Raphael Guerra (UFF)<\/li>\n\n\n\n<li>Diego Passos (UFF)<\/li>\n<\/ul>\n<\/li>\n<\/ul>\n\n\n\n<ul class=\"wp-block-list\">\n<li><strong>Analysis of the Influence of Information Flow Topology in Platoon Applications<\/strong>\n<ul class=\"wp-block-list\">\n<li>Arthur Freitas (UFPE)<\/li>\n\n\n\n<li>Francisco Jonatas Siqueira Coelho (UFPE)<\/li>\n\n\n\n<li>Divanilson R. Campelo (UFPE)<\/li>\n\n\n\n<li>Abel Guilhermino Silva-Filho (UFPE)<\/li>\n<\/ul>\n<\/li>\n<\/ul>\n\n\n\n<p id=\"st4\"><\/p>\n\n\n\n<div style=\"height:100px\" aria-hidden=\"true\" class=\"wp-block-spacer\"><\/div>\n\n\n\n<h4 class=\"wp-block-heading has-background\" style=\"background-color:#dee7f3;font-size:26px;padding: 1.25em 1.375em\"><strong>ST4: Blockchain e Distributed Ledger 2<\/strong><\/h4>\n\n\n\n<p class=\"has-text-color has-background\" style=\"color:#004190;background-color:#dee7f3\"><strong>Data\/<strong>Hor\u00e1rio<\/strong>: <\/strong>Ter\u00e7a-feira (23\/05) \u2013 14:00 \u00e0s 15:30<strong><br>Local: <\/strong>Sala B<strong><br>Chair: Mauro Fonseca (UTFPR)<\/strong><\/p>\n\n\n\n<ul class=\"wp-block-list\">\n<li><strong>vCubeChain: Uma Blockchain Permissionada Escal\u00e1vel<\/strong>\n<ul class=\"wp-block-list\">\n<li>Allan Edgard Silva Freitas (IFBA)<\/li>\n\n\n\n<li>Luiz A. Rodrigues (Unioeste)<\/li>\n\n\n\n<li>Elias P. Duarte Jr. (UFPR)<\/li>\n<\/ul>\n<\/li>\n<\/ul>\n\n\n\n<ul class=\"wp-block-list\">\n<li><strong>Compara\u00e7\u00e3o e An\u00e1lise de Custo e Desempenho entre N\u00f3s de Redes Blockchain Permissionadas e P\u00fablicas<\/strong>\n<ul class=\"wp-block-list\">\n<li>Ronan Dutra Mendon\u00e7a (UFV)<\/li>\n\n\n\n<li>Ericksulino Moura (UFPI)<\/li>\n\n\n\n<li>Glauber Dias Goncalves (UFPI)<\/li>\n\n\n\n<li>Alex Borges Vieira (UFJF)<\/li>\n\n\n\n<li>Jos\u00e9 Augusto Miranda Nacif (UFV)<\/li>\n<\/ul>\n<\/li>\n<\/ul>\n\n\n\n<ul class=\"wp-block-list\">\n<li><strong>Solu\u00e7\u00e3o de Monitoramento e Conformidade de SLA Baseada em Blockchain para Fatiamento de Recursos<\/strong>\n<ul class=\"wp-block-list\">\n<li>Jeffson Celeiro Sousa (UFPA)<\/li>\n\n\n\n<li>Andr\u00e9 Defr\u00e9mont (UFPA)<\/li>\n\n\n\n<li>Billy Anderson Pinheiro (Amaz\u00f4nia Blockchain Solutions)<\/li>\n\n\n\n<li>Alan Tony Souza Veloso (UFPA)<\/li>\n\n\n\n<li>Elder Bruno Evaristo Correa (Funda\u00e7\u00e3o CPqD)<\/li>\n\n\n\n<li>Ant\u00f4nio Jorge Gomes Abel\u00e9m (UFPA)<\/li>\n\n\n\n<li>Rafael Pasquini (UFU)<\/li>\n<\/ul>\n<\/li>\n<\/ul>\n\n\n\n<p id=\"st5\"><\/p>\n\n\n\n<div style=\"height:100px\" aria-hidden=\"true\" class=\"wp-block-spacer\"><\/div>\n\n\n\n<h4 class=\"wp-block-heading has-background\" style=\"background-color:#dee7f3;font-size:26px;padding: 1.25em 1.375em\"><strong>ST5: Detec\u00e7\u00e3o e preven\u00e7\u00e3o de anomalias e ataques 1<\/strong><\/h4>\n\n\n\n<p class=\"has-text-color has-background\" style=\"color:#004190;background-color:#dee7f3\"><strong>Data\/<strong>Hor\u00e1rio<\/strong>: <\/strong>Ter\u00e7a-feira (23\/05) \u2013  16:00 \u00e0s 17:30<strong><br>Local: <\/strong>Sala A<strong><br>Chair: Louren\u00e7o Pereira Jr (ITA)<\/strong><\/p>\n\n\n\n<ul class=\"wp-block-list\">\n<li><strong>Sele\u00e7\u00e3o de Caracter\u00edsticas com Alta Quantidade de Informa\u00e7\u00e3o para Sistemas de Detec\u00e7\u00e3o de Intrus\u00e3o baseada no Conjunto de Domin\u00e2ncia de Pareto<\/strong>\n<ul class=\"wp-block-list\">\n<li>Guilherme Nunes Nasseh Barbosa (UFF)<\/li>\n\n\n\n<li>Diogo Menezes Ferrazani Mattos (UFF)<\/li>\n<\/ul>\n<\/li>\n<\/ul>\n\n\n\n<ul class=\"wp-block-list\">\n<li><strong>Caracteriza\u00e7\u00e3o das vulnerabilidades dos roteadores Wi-Fi no mercado brasileiro<\/strong>\n<ul class=\"wp-block-list\">\n<li>Osmany Freitas (ITA)<\/li>\n\n\n\n<li>Fran\u00e7oa Taffarel (ITA)<\/li>\n\n\n\n<li>Aldri Luiz dos Santos (UFMG)<\/li>\n\n\n\n<li>Lourenco Alves Pereira Jr (ITA)<\/li>\n<\/ul>\n<\/li>\n<\/ul>\n\n\n\n<ul class=\"wp-block-list\">\n<li><strong>Multi-Criteria Optimized Deep Learning-based Intrusion Detection System for Detecting Cyberattacks in Automotive Ethernet Networks<\/strong>\n<ul class=\"wp-block-list\">\n<li>Luigi Marques da Luz (UFPE)<\/li>\n\n\n\n<li>Paulo Freitas de Araujo Filho (UFPE)<\/li>\n\n\n\n<li>Divanilson R. Campelo (UFPE)<\/li>\n<\/ul>\n<\/li>\n<\/ul>\n\n\n\n<p id=\"st6\"><\/p>\n\n\n\n<div style=\"height:100px\" aria-hidden=\"true\" class=\"wp-block-spacer\"><\/div>\n\n\n\n<h4 class=\"wp-block-heading has-background\" style=\"background-color:#dee7f3;font-size:26px;padding: 1.25em 1.375em\"><strong>ST6: Softwariza\u00e7\u00e3o de redes<\/strong><\/h4>\n\n\n\n<p class=\"has-text-color has-background\" style=\"color:#004190;background-color:#dee7f3\"><strong>Data\/<strong>Hor\u00e1rio<\/strong>:<\/strong> Quarta-feira (24\/05) \u2013 08:30 \u00e0s 10:00<strong><br>Local:<\/strong> Sala A<strong><br>Chair: Ricardo Jose Pfitscher (UFSC)<\/strong><\/p>\n\n\n\n<ul class=\"wp-block-list\">\n<li><strong>Telemetria Adaptativa Usando Aprendizado por Refor\u00e7o Profundo em Redes Definidas por Software<\/strong>\n<ul class=\"wp-block-list\">\n<li>D\u00e9bora Job (UNIRIO)<\/li>\n\n\n\n<li>Sidney Cunha de Lucena (UNIRIO)<\/li>\n\n\n\n<li>Pedro Nuno Moura (UNIRIO)<\/li>\n<\/ul>\n<\/li>\n<\/ul>\n\n\n\n<ul class=\"wp-block-list\">\n<li><strong>DINT: A Dynamic Algorithm for In-band Network Telemetry<\/strong>\n<ul class=\"wp-block-list\">\n<li>Henrique Becker Brum (PUCRS)<\/li>\n\n\n\n<li>Carlos Raniery Paula dos Santos (UFSM)<\/li>\n\n\n\n<li>Tiago Coelho Ferreto (PUCRS)<\/li>\n<\/ul>\n<\/li>\n<\/ul>\n\n\n\n<ul class=\"wp-block-list\">\n<li><strong>Otimiza\u00e7\u00e3o de Tr\u00e1fego IoT-LoRaWAN Usando Programa\u00e7\u00e3o de Plano de Dados em P4<\/strong>\n<ul class=\"wp-block-list\">\n<li>Alexandre Heideker (UFABC)<\/li>\n\n\n\n<li>Dener Ottolini Silva (UFABC)<\/li>\n\n\n\n<li>Jo\u00e3o Henrique Kleinschmidt (UFABC)<\/li>\n\n\n\n<li>Carlos Kamienski (UFABC)<\/li>\n<\/ul>\n<\/li>\n<\/ul>\n\n\n\n<p id=\"st7\"><\/p>\n\n\n\n<div style=\"height:100px\" aria-hidden=\"true\" class=\"wp-block-spacer\"><\/div>\n\n\n\n<h4 class=\"wp-block-heading has-background\" style=\"background-color:#dee7f3;font-size:26px;padding: 1.25em 1.375em\"><strong>ST7: Detec\u00e7\u00e3o e preven\u00e7\u00e3o de anomalias e ataques 2<\/strong><\/h4>\n\n\n\n<p class=\"has-text-color has-background\" style=\"color:#004190;background-color:#dee7f3\"><strong>Data\/<strong>Hor\u00e1rio<\/strong>:<\/strong> Quarta-feira (24\/05) \u2013 08:30 \u00e0s 10:00<strong><br>Local:<\/strong> Sala B<strong><br>Chair: Rodrigo de Souza Couto (UFRJ)<\/strong><\/p>\n\n\n\n<ul class=\"wp-block-list\">\n<li><strong>Floresta de Decis\u00e3o Distribu\u00edda: Um Sistema de Aprendizado de M\u00e1quina Colaborativo Par-a-Par para Detec\u00e7\u00e3o de Intrus\u00e3o em Redes<\/strong>\n<ul class=\"wp-block-list\">\n<li>Lucas Fauster Leite Pereira (UFF)<\/li>\n\n\n\n<li>Igor Monteiro Moraes (UFF)<\/li>\n\n\n\n<li>Diogo Menezes Ferrazani Mattos (UFF)<\/li>\n<\/ul>\n<\/li>\n<\/ul>\n\n\n\n<ul class=\"wp-block-list\">\n<li><strong>Detec\u00e7\u00e3o Eficiente de Anomalias em Redes de Data Centers Apoiada por Aprendizado de M\u00e1quina e Otimizador do Lobo Cinzento para Sele\u00e7\u00e3o de Atributos<\/strong>\n<ul class=\"wp-block-list\">\n<li>Henrique Gon\u00e7alves Salvador (USP)<\/li>\n\n\n\n<li>Daniel Mac\u00eado Batista (USP)<\/li>\n\n\n\n<li>Aldri Luiz dos Santos (UFMG)<\/li>\n\n\n\n<li>Michele Nogueira Lima (UFMG)<\/li>\n<\/ul>\n<\/li>\n<\/ul>\n\n\n\n<ul class=\"wp-block-list\">\n<li><strong>Investigando o Impacto de Amostras Advers\u00e1rias na Detec\u00e7\u00e3o de Intrus\u00f5es em um Sistema Ciberf\u00edsico<\/strong>\n<ul class=\"wp-block-list\">\n<li>Gabriel Henrique Nascimento Espindola da Silva (UEL)<\/li>\n\n\n\n<li>Rodrigo Miani (UFU)<\/li>\n\n\n\n<li>Bruno Bogaz Zarpel\u00e3o (UEL)<\/li>\n<\/ul>\n<\/li>\n<\/ul>\n\n\n\n<p id=\"st8\"><\/p>\n\n\n\n<div style=\"height:100px\" aria-hidden=\"true\" class=\"wp-block-spacer\"><\/div>\n\n\n\n<h4 class=\"wp-block-heading has-background\" style=\"background-color:#dee7f3;font-size:26px;padding: 1.25em 1.375em\"><strong>ST8: Redes \u00d3pticas<\/strong><\/h4>\n\n\n\n<p class=\"has-text-color has-background\" style=\"color:#004190;background-color:#dee7f3\"><strong>Data\/<strong>Hor\u00e1rio<\/strong>:<\/strong> Quarta-feira (24\/05) \u2013 14:00 \u00e0s 15:30<strong><br>Local:<\/strong> Sala A<strong><br>Chair: Marcelo Antonio Marotta (UnB)<\/strong><\/p>\n\n\n\n<ul class=\"wp-block-list\">\n<li><strong>Physical Layer-Aware Circuit Reallocation to Prevent Request Blocking in Elastic Optical Networks<\/strong>\n<ul class=\"wp-block-list\">\n<li>Selles Araujo (UFPI)<\/li>\n\n\n\n<li>Jurandir Cavalcante Lacerda Jr (IFPI)<\/li>\n\n\n\n<li>Alexandre Cardoso Fontinele (UFPE)<\/li>\n\n\n\n<li>Jos\u00e9 Valdemir dos Reis Junior (UFPI)<\/li>\n\n\n\n<li>Andr\u00e9 C. B. Soares (UFPI)<\/li>\n\n\n\n<li>Erico Meneses Le\u00e3o (UFPI)<\/li>\n<\/ul>\n<\/li>\n<\/ul>\n\n\n\n<ul class=\"wp-block-list\">\n<li><strong>Pol\u00edtica de Roteamento Ciente das \u00c1reas e dos Clusteres em Redes \u00d3pticas Metropolitanas<\/strong>\n<ul class=\"wp-block-list\">\n<li>L\u00e9ia Sousa de Sousa (UnB)<\/li>\n\n\n\n<li>Lucas Rodrigues Costa (UnB)<\/li>\n\n\n\n<li>Andr\u00e9 Costa Drummond (UnB)<\/li>\n<\/ul>\n<\/li>\n<\/ul>\n\n\n\n<ul class=\"wp-block-list\">\n<li><strong>Janela de Desfragmenta\u00e7\u00e3o de Espectro em Redes SDM-EON<\/strong>\n<ul class=\"wp-block-list\">\n<li>Paulo Jose Souza Junior (UnB)<\/li>\n\n\n\n<li>Marcelo Antonio Marotta (UnB)<\/li>\n\n\n\n<li>Lucas Rodrigues Costa (UnB)<\/li>\n\n\n\n<li>Andr\u00e9 Costa Drummond (UnB)<\/li>\n<\/ul>\n<\/li>\n<\/ul>\n\n\n\n<p id=\"st9\"><\/p>\n\n\n\n<div style=\"height:70px\" aria-hidden=\"true\" class=\"wp-block-spacer\"><\/div>\n\n\n\n<h4 class=\"wp-block-heading has-background\" style=\"background-color:#dee7f3;font-size:26px;padding: 1.25em 1.375em\"><strong>ST9: Computa\u00e7\u00e3o intensiva de dados (big data), an\u00e1lise e minera\u00e7\u00e3o de dados<\/strong><\/h4>\n\n\n\n<p class=\"has-text-color has-background\" style=\"color:#004190;background-color:#dee7f3\"><strong>Data\/Hor\u00e1rio: <\/strong>Quarta-feira (24\/05) \u2013 14:00 \u00e0s 15:30<strong><br>Local:<\/strong> Sala B<strong><br>Chair: Edmundo Madeira (Unicamp)<\/strong><\/p>\n\n\n\n<ul class=\"wp-block-list\">\n<li><strong>Redu\u00e7\u00e3o do Erro de Representa\u00e7\u00e3o em Sensoriamento Compressivo com Modelos Generativos Usando Ajuste por Piv\u00f4<\/strong>\n<ul class=\"wp-block-list\">\n<li>Jo\u00e3o Sobrinho UFRJ)<\/li>\n\n\n\n<li>Igor Alvarenga (UFRJ)<\/li>\n\n\n\n<li>Miguel Elias Mitre Campista (UFRJ)<\/li>\n<\/ul>\n<\/li>\n<\/ul>\n\n\n\n<ul class=\"wp-block-list\">\n<li><strong>SAXJS: an online change point detection for wearable sensor data<\/strong>\n<ul class=\"wp-block-list\">\n<li>Giovanna Riqueti (UFMG)<\/li>\n\n\n\n<li>Heitor S. Ramos (UFMG)<\/li>\n\n\n\n<li>Pedro Henrique Silva Barros (UFMG)<\/li>\n\n\n\n<li>Jo\u00e3o Borges (UFRN)<\/li>\n\n\n\n<li>Felipe Domingos da Cunha (PUC Minas)<\/li>\n\n\n\n<li>Osvaldo Rosso (Universidad de Buenos Aires)<\/li>\n<\/ul>\n<\/li>\n<\/ul>\n\n\n\n<ul class=\"wp-block-list\">\n<li><strong>Detec\u00e7\u00e3o de Falhas em um Aplicativo M\u00f3vel Banc\u00e1rio<\/strong>\n<ul class=\"wp-block-list\">\n<li>Daniel Schulz (UnB)<\/li>\n\n\n\n<li>Marcelo Antonio Marotta (UnB)<\/li>\n\n\n\n<li>Lucas Bondan (UFRGS)<\/li>\n\n\n\n<li>Marcos F. Caetano (UnB)<\/li>\n\n\n\n<li>Geraldo Pereira Rocha Filho (UESB)<\/li>\n\n\n\n<li>Alet\u00e9ia de Ara\u00fajo (UnB)<\/li>\n<\/ul>\n<\/li>\n<\/ul>\n\n\n\n<p id=\"st10\"><\/p>\n\n\n\n<div style=\"height:70px\" aria-hidden=\"true\" class=\"wp-block-spacer\"><\/div>\n\n\n\n<h4 class=\"wp-block-heading has-background\" style=\"background-color:#dee7f3;font-size:26px;padding: 1.25em 1.375em\"><strong>ST10: Redes 5G\/6G e suas aplica\u00e7\u00f5es<\/strong><\/h4>\n\n\n\n<p class=\"has-text-color has-background\" style=\"color:#004190;background-color:#dee7f3\"><strong>Data\/<strong>Hor\u00e1rio<\/strong>: <\/strong>Quarta-feira (24\/05) \u2013 16:00 \u00e0s 17:30<strong><br>Local:<\/strong> Sala A<strong><br>Chair: Ant\u00f4nio Jorge Gomes Abel\u00e9m (UFPA<\/strong>)<\/p>\n\n\n\n<ul class=\"wp-block-list\">\n<li><strong>Heur\u00edstica Escal\u00e1vel Para o Problema de Aloca\u00e7\u00e3o de vBBU e Comprimento de Onda em Cloud-Fog RAN<\/strong>\n<ul class=\"wp-block-list\">\n<li>Matias R. P. dos Santos (UFBA)<\/li>\n\n\n\n<li>Rodrigo I. Tinini (USP)<\/li>\n\n\n\n<li>Tiago Januario (UFBA)<\/li>\n\n\n\n<li>Gustavo B. Figueiredo (UFBA)<\/li>\n<\/ul>\n<\/li>\n<\/ul>\n\n\n\n<ul class=\"wp-block-list\">\n<li><strong>CAONS: Controle de Admiss\u00e3o On-line para RAN Slicing Baseado na Converg\u00eancia de Comunica\u00e7\u00e3o e Computa\u00e7\u00e3o<\/strong>\n<ul class=\"wp-block-list\">\n<li>Henrique Valle Lima (UFG)<\/li>\n\n\n\n<li>Kleber Vieira Cardoso (UFG)<\/li>\n\n\n\n<li>Sand Luz Correa (UFG)<\/li>\n<\/ul>\n<\/li>\n<\/ul>\n\n\n\n<ul class=\"wp-block-list\">\n<li><strong>Implementa\u00e7\u00e3o de Estrat\u00e9gias de Handover em um Ambiente de Simula\u00e7\u00e3o para Open RAN<\/strong>\n<ul class=\"wp-block-list\">\n<li>Gabriel Ferreira (UnB)<\/li>\n\n\n\n<li>Priscila Solis (UnB)<\/li>\n\n\n\n<li>Eduardo Alchieri (UnB)<\/li>\n\n\n\n<li>Paulo Carvalho (UnB)<\/li>\n<\/ul>\n<\/li>\n<\/ul>\n\n\n\n<p id=\"st11\"><\/p>\n\n\n\n<div style=\"height:70px\" aria-hidden=\"true\" class=\"wp-block-spacer\"><\/div>\n\n\n\n<h4 class=\"wp-block-heading has-background\" style=\"background-color:#dee7f3;font-size:26px;padding: 1.25em 1.375em\"><strong>ST11: Internet das Coisas<\/strong><\/h4>\n\n\n\n<p class=\"has-text-color has-background\" style=\"color:#004190;background-color:#dee7f3\"><strong>Data\/Hor\u00e1rio:<\/strong> Quinta-feira (25\/05) \u2013 08:30 \u00e0s 10:00<strong><br>Local:<\/strong> Sala A<strong><br>Chair: Alexandre Heideker (UFABC)<\/strong><\/p>\n\n\n\n<ul class=\"wp-block-list\">\n<li><strong>Autoencoders Assim\u00e9tricos para a Compress\u00e3o de Dados IoT<\/strong>\n<ul class=\"wp-block-list\">\n<li>Mateus da Silva Gilbert (UFRJ)<\/li>\n\n\n\n<li>Marcello Campos (UFRJ)<\/li>\n\n\n\n<li>Miguel Elias Mitre Campista (UFRJ)<\/li>\n<\/ul>\n<\/li>\n<\/ul>\n\n\n\n<ul class=\"wp-block-list\">\n<li><strong>DNNET-Ensemble approach to detecting and identifying attacks in IoT environments<\/strong>\n<ul class=\"wp-block-list\">\n<li>Cristiano Antonio Souza (UFSC)<\/li>\n\n\n\n<li>Carlos Becker Westphall (UFSC)<\/li>\n\n\n\n<li>Jean Douglas Val\u00eancio Unioeste)<\/li>\n\n\n\n<li>Renato Bobsin Machado (Unioeste)<\/li>\n\n\n\n<li>Wesley dos Reis Bezerra (UFSC)<\/li>\n<\/ul>\n<\/li>\n<\/ul>\n\n\n\n<ul class=\"wp-block-list\">\n<li><strong>Uma Heur\u00edstica para Ofusca\u00e7\u00e3o de Tr\u00e1fego em Internet das Coisas.<\/strong>\n<ul class=\"wp-block-list\">\n<li>Francisco Thiago Santos Gon\u00e7alves (UFC)<\/li>\n\n\n\n<li>Jeandro Mesquita Bezerra (UFC)<\/li>\n\n\n\n<li>Criston de Souza (UFC)<\/li>\n\n\n\n<li>Ant\u00f4nio Janael Pinheiro (CESAR)<\/li>\n<\/ul>\n<\/li>\n<\/ul>\n\n\n\n<p id=\"st12\"><\/p>\n\n\n\n<div style=\"height:70px\" aria-hidden=\"true\" class=\"wp-block-spacer\"><\/div>\n\n\n\n<h4 class=\"wp-block-heading has-background\" style=\"background-color:#dee7f3;font-size:26px;padding: 1.25em 1.375em\"><strong>ST12: Desempenho e gerenciamento de redes de computadores e sistemas distribu\u00eddos<\/strong><\/h4>\n\n\n\n<p class=\"has-text-color has-background\" style=\"color:#004190;background-color:#dee7f3\"><strong>Data\/<strong>Hor\u00e1rio<\/strong>: <\/strong>Quinta-feira (25\/05) \u2013 08:30 \u00e0s 10:00<strong><br>Local: <\/strong>Sala B<strong><br>Chair: Flavio Silva (UFU)<\/strong><\/p>\n\n\n\n<ul class=\"wp-block-list\">\n<li><strong>Sincroniza\u00e7\u00e3o Eficiente de CRDTs em Escala Utilizando uma Solu\u00e7\u00e3o Hier\u00e1rquica de Publish\u2013Subscribe<\/strong>\n<ul class=\"wp-block-list\">\n<li>Leonardo Galesky (Unioeste)<\/li>\n\n\n\n<li>Luiz A. Rodrigues (Unioeste)<\/li>\n<\/ul>\n<\/li>\n<\/ul>\n\n\n\n<ul class=\"wp-block-list\">\n<li><strong>HyperPaxos: Uma Vers\u00e3o Hier\u00e1quica do Algoritmo de Consenso Paxos<\/strong>\n<ul class=\"wp-block-list\">\n<li>Fernando M. Kiotheka (UFPR)<\/li>\n\n\n\n<li>Djenifer R. Pereira (UFPR)<\/li>\n\n\n\n<li>Edson Tavares de Camargo (UTFPR)<\/li>\n\n\n\n<li>Elias P. Duarte Jr. (UFPR)<\/li>\n<\/ul>\n<\/li>\n<\/ul>\n\n\n\n<ul class=\"wp-block-list\">\n<li><strong>Aplicando Redes Neurais e An\u00e1lise Temporal para Predi\u00e7\u00e3o Adaptativa de Desempenho de Rede<\/strong>\n<ul class=\"wp-block-list\">\n<li>Silvio Ribeiro (UECE)<\/li>\n\n\n\n<li>Rafael Menezes (UECE)<\/li>\n\n\n\n<li>Ariel Portela (UECE)<\/li>\n\n\n\n<li>Thelmo P. de Araujo (UECE)<\/li>\n\n\n\n<li>Rafael Lopes Gomes (UECE)<\/li>\n<\/ul>\n<\/li>\n<\/ul>\n\n\n\n<p id=\"st13\"><\/p>\n\n\n\n<div style=\"height:70px\" aria-hidden=\"true\" class=\"wp-block-spacer\"><\/div>\n\n\n\n<h4 class=\"wp-block-heading has-background\" style=\"background-color:#dee7f3;font-size:26px;padding: 1.25em 1.375em\"><strong>ST13: Computa\u00e7\u00e3o Urbana e em Nuvem<\/strong><\/h4>\n\n\n\n<p class=\"has-text-color has-background\" style=\"color:#004190;background-color:#dee7f3\"><strong>Data\/<strong>Hor\u00e1rio:<\/strong> <\/strong>Quinta-feira (25\/05) \u2013  14:00 \u00e0s 15:30<strong><br>Local: <\/strong>Sala A<strong><br>Chair: Christian Esteve Rothenberg (Unicamp)<\/strong><\/p>\n\n\n\n<ul class=\"wp-block-list\">\n<li><strong>Personalized Experience-aware Multi-criteria Route Selection for Smart Mobility<\/strong>\n<ul class=\"wp-block-list\">\n<li>Matheus Brito (UFPA)<\/li>\n\n\n\n<li>Bruno Martins (UFPA)<\/li>\n\n\n\n<li>Camilo Henrique Martins dos Santos (UFPA)<\/li>\n\n\n\n<li>Iago Medeiros (UFPA)<\/li>\n\n\n\n<li>Felipe Rocha de Ara\u00fajo (UFPA)<\/li>\n\n\n\n<li>Marcos C\u00e9sar da Rocha Seruffo (UFPA)<\/li>\n\n\n\n<li>Helder Oliveira (UFABC)<\/li>\n\n\n\n<li>Eduardo Coelho Cerqueira (UFPA)<\/li>\n\n\n\n<li>Denis Ros\u00e1rio (UFPA)<\/li>\n<\/ul>\n<\/li>\n<\/ul>\n\n\n\n<ul class=\"wp-block-list\">\n<li><strong>Covid19-Fast-Check: Uma abordagem Internet das Coisas Aplicada \u00e0 Sa\u00fade para pr\u00e9-triagem hospitalar do coronav\u00edrus<\/strong>\n<ul class=\"wp-block-list\">\n<li>Tiago Antonio de Araujo (UNESC)<\/li>\n\n\n\n<li>Iran F. Ribeiro (UFES)<\/li>\n\n\n\n<li>Vinicius F. S. Mota (UFES)<\/li>\n<\/ul>\n<\/li>\n<\/ul>\n\n\n\n<ul class=\"wp-block-list\">\n<li><strong>Redes Neurais Profundas com Sa\u00eddas Antecipadas para Imagens com Distor\u00e7\u00e3o em Ambientes de Nuvem<\/strong>\n<ul class=\"wp-block-list\">\n<li>Roberto Gon\u00e7alves Pacheco (UFRJ)<\/li>\n\n\n\n<li>Fernanda Oliveira (UFRJ)<\/li>\n\n\n\n<li>Rodrigo de Souza Couto (UFRJ)<\/li>\n<\/ul>\n<\/li>\n<\/ul>\n\n\n\n<p id=\"st14\"><\/p>\n\n\n\n<div style=\"height:70px\" aria-hidden=\"true\" class=\"wp-block-spacer\"><\/div>\n\n\n\n<h4 class=\"wp-block-heading has-background\" style=\"background-color:#dee7f3;font-size:26px;padding: 1.25em 1.375em\"><strong>ST14: Internet das Coisas, Sistemas Ciberf\u00edsicos e Computa\u00e7\u00e3o de Borda<\/strong><\/h4>\n\n\n\n<p class=\"has-text-color has-background\" style=\"color:#004190;background-color:#dee7f3\"><strong>Data\/<strong><strong>Hor\u00e1rio<\/strong><\/strong>:<\/strong> Quinta-feira (25\/05) \u2013 14:00 \u00e0s 15:30<strong><br>Local:<\/strong> Sala B<strong><br>Chair: Dianne Medeiros (UFF)<\/strong><\/p>\n\n\n\n<ul class=\"wp-block-list\">\n<li><strong>An\u00e1lise de estrat\u00e9gias de multi-hop em protocolos baseados em aprendizagem de m\u00e1quina n\u00e3o supervisionada<\/strong>\n<ul class=\"wp-block-list\">\n<li>Diego Lima Pinheiro (IFCE)<\/li>\n\n\n\n<li>Ot\u00e1vio Alc\u00e2ntara de Lima J\u00fanior (IFCE)<\/li>\n<\/ul>\n<\/li>\n<\/ul>\n\n\n\n<ul class=\"wp-block-list\">\n<li><strong>Um Protocolo Multicast para Comunica\u00e7\u00e3o por Luz Vis\u00edvel (VLC)<\/strong>\n<ul class=\"wp-block-list\">\n<li>Samuel Sena (UFV)<\/li>\n\n\n\n<li>Luiz Filipe Menezes Vieira (UFMG)<\/li>\n\n\n\n<li>Marcos Augusto Menezes Vieira (UFMG)<\/li>\n\n\n\n<li>Alex Borges Vieira (UFJF)<\/li>\n\n\n\n<li>Edelberto Franco Silva (UFJF)<\/li>\n\n\n\n<li>Jos\u00e9 Augusto Miranda Nacif (UFV)<\/li>\n<\/ul>\n<\/li>\n<\/ul>\n\n\n\n<ul class=\"wp-block-list\">\n<li><strong>Gaming On The Edge: Uma arquitetura de computa\u00e7\u00e3o na borda para jogos em dispositivos m\u00f3veis<\/strong>\n<ul class=\"wp-block-list\">\n<li>Gabriel Pimenta Robaina (UDESC)<\/li>\n\n\n\n<li>Adriano Fiorese (UDESC)<\/li>\n<\/ul>\n<\/li>\n<\/ul>\n","protected":false},"excerpt":{"rendered":"<p>ST1: Aprendizado Federado Data\/Hor\u00e1rio: Ter\u00e7a-feira (23\/05) \u2013 08:30 \u00e0s 10:00Local: Sala AChair: Igor Monteiro Moraes (UFF) ST2: Blockchain e Distributed Ledger 1 Data\/Hor\u00e1rio: Ter\u00e7a-feira (23\/05) \u2013 08:30 \u00e0s 10:00Local: Sala BChair: Allan Edgard Silva Freitas (IFBA) ST3: Redes veiculares, rob\u00f3ticas e de drones Data\/Hor\u00e1rio: Ter\u00e7a-feira (23\/05) \u2013 14:00 \u00e0s 15:30Local: Sala AChair: Jos\u00e9 Marcos Nogueira [&hellip;]<\/p>\n","protected":false},"author":3,"featured_media":0,"parent":0,"menu_order":0,"comment_status":"closed","ping_status":"closed","template":"","meta":{"footnotes":""},"class_list":["post-2198","page","type-page","status-publish","hentry"],"_links":{"self":[{"href":"https:\/\/sbrc.sbc.org.br\/2023\/wp-json\/wp\/v2\/pages\/2198","targetHints":{"allow":["GET"]}}],"collection":[{"href":"https:\/\/sbrc.sbc.org.br\/2023\/wp-json\/wp\/v2\/pages"}],"about":[{"href":"https:\/\/sbrc.sbc.org.br\/2023\/wp-json\/wp\/v2\/types\/page"}],"author":[{"embeddable":true,"href":"https:\/\/sbrc.sbc.org.br\/2023\/wp-json\/wp\/v2\/users\/3"}],"replies":[{"embeddable":true,"href":"https:\/\/sbrc.sbc.org.br\/2023\/wp-json\/wp\/v2\/comments?post=2198"}],"version-history":[{"count":136,"href":"https:\/\/sbrc.sbc.org.br\/2023\/wp-json\/wp\/v2\/pages\/2198\/revisions"}],"predecessor-version":[{"id":3592,"href":"https:\/\/sbrc.sbc.org.br\/2023\/wp-json\/wp\/v2\/pages\/2198\/revisions\/3592"}],"wp:attachment":[{"href":"https:\/\/sbrc.sbc.org.br\/2023\/wp-json\/wp\/v2\/media?parent=2198"}],"curies":[{"name":"wp","href":"https:\/\/api.w.org\/{rel}","templated":true}]}}