{"id":2148,"date":"2023-03-28T11:50:59","date_gmt":"2023-03-28T14:50:59","guid":{"rendered":"https:\/\/sbrc.sbc.org.br\/2023\/?page_id=2148"},"modified":"2023-03-28T12:04:51","modified_gmt":"2023-03-28T15:04:51","slug":"minicurso4","status":"publish","type":"page","link":"https:\/\/sbrc.sbc.org.br\/2023\/minicurso4\/","title":{"rendered":"Minicurso 4"},"content":{"rendered":"\n<h3 class=\"wp-block-heading\">T\u00edtulo: Aplica\u00e7\u00f5es Cr\u00edticas Habilitadas pela Tecnologia 5G: Oportunidades, Tend\u00eancias e Desafios<\/h3>\n\n\n\n<div style=\"height:50px\" aria-hidden=\"true\" class=\"wp-block-spacer\"><\/div>\n\n\n\n<h5 class=\"wp-block-heading\"><strong>Resumo:<\/strong><\/h5>\n\n\n\n<p>O objetivo deste minicurso \u00e9 apresentar as principais aplica\u00e7\u00f5es cr\u00edticas que vislumbram a rede 5G como habilitadora, discutindo os desafios relacionados a essas aplica\u00e7\u00f5es e como a rede 5G pode suprir as necessidades dessas aplica\u00e7\u00f5es. As aplica\u00e7\u00f5es cr\u00edticas se destacam por serem cruciais para a seguran\u00e7a e desenvolvimento de diversos setores produtivos, como agricultura, servi\u00e7os, ind\u00fastria e tecnologia, al\u00e9m de possu\u00edrem requisitos de desempenho estritos que, caso n\u00e3o sejam atendidos, podem provocar cat\u00e1strofes sociais ou ambientais. A relev\u00e2ncia deste minicurso reside no fato de o avan\u00e7o tecnol\u00f3gico das redes m\u00f3veis celulares fomentar a prolifera\u00e7\u00e3o de novas aplica\u00e7\u00f5es que possibilitam a automatiza\u00e7\u00e3o de fun\u00e7\u00f5es executadas majoritariamente de forma manual ou que necessitam de alguma interfer\u00eancia humana, mas que n\u00e3o t\u00eam seus requisitos de desempenho atendidos pelas redes m\u00f3veis celulares atuais. Dessa forma, \u00e9 importante compreender como a pr\u00f3xima gera\u00e7\u00e3o de redes m\u00f3veis celulares permitir\u00e1 a implementa\u00e7\u00e3o dessas aplica\u00e7\u00f5es. Este minicurso foca em aplica\u00e7\u00f5es cr\u00edticas, apresentando os conceitos essenciais e principais requisitos t\u00e9cnicos dessas aplica\u00e7\u00f5es e apontando os principais desafios existentes, porque a rede 5G soluciona esses desafios, e as principais tend\u00eancias de pesquisa. O minicurso tem vi\u00e9s te\u00f3rico e pr\u00e1tico buscando apresentar as principais aplica\u00e7\u00f5es cr\u00edticas habilitadas pelo 5G, discutindo as tecnologias habilitadoras descritas nas releases 15, 16, 17 e 18 do 5G, al\u00e9m de discutir os desafios relacionados a cada tecnologia e \u00e0s pesquisas realizadas internacionalmente relacionadas a aplica\u00e7\u00f5es cr\u00edticas e 5G. Ademais, discute as principais tend\u00eancias e desafios de pesquisa associados a tecnologias em ascens\u00e3o para o desenvolvimento e implanta\u00e7\u00e3o da rede 6G.<\/p>\n\n\n\n<div style=\"height:50px\" aria-hidden=\"true\" class=\"wp-block-spacer\"><\/div>\n\n\n\n<h5 class=\"wp-block-heading\"><strong>Autores:<\/strong><\/h5>\n\n\n\n<ul class=\"wp-block-list\">\n<li>Francisco Carvalho Neto &#8211; UFF<\/li>\n\n\n\n<li>Alessandro Aparecido Milan &#8211; UFF<\/li>\n\n\n\n<li>Natalia Castro Fernandes &#8211; UFF<\/li>\n\n\n\n<li>Alberto G. Guimar\u00e3es &#8211; IME<\/li>\n<\/ul>\n","protected":false},"excerpt":{"rendered":"<p>T\u00edtulo: Aplica\u00e7\u00f5es Cr\u00edticas Habilitadas pela Tecnologia 5G: Oportunidades, Tend\u00eancias e Desafios Resumo: O objetivo deste minicurso \u00e9 apresentar as principais aplica\u00e7\u00f5es cr\u00edticas que vislumbram a rede 5G como habilitadora, discutindo os desafios relacionados a essas aplica\u00e7\u00f5es e como a rede 5G pode suprir as necessidades dessas aplica\u00e7\u00f5es. As aplica\u00e7\u00f5es cr\u00edticas se destacam por serem cruciais [&hellip;]<\/p>\n","protected":false},"author":3,"featured_media":0,"parent":0,"menu_order":0,"comment_status":"closed","ping_status":"closed","template":"","meta":{"footnotes":""},"class_list":["post-2148","page","type-page","status-publish","hentry"],"_links":{"self":[{"href":"https:\/\/sbrc.sbc.org.br\/2023\/wp-json\/wp\/v2\/pages\/2148","targetHints":{"allow":["GET"]}}],"collection":[{"href":"https:\/\/sbrc.sbc.org.br\/2023\/wp-json\/wp\/v2\/pages"}],"about":[{"href":"https:\/\/sbrc.sbc.org.br\/2023\/wp-json\/wp\/v2\/types\/page"}],"author":[{"embeddable":true,"href":"https:\/\/sbrc.sbc.org.br\/2023\/wp-json\/wp\/v2\/users\/3"}],"replies":[{"embeddable":true,"href":"https:\/\/sbrc.sbc.org.br\/2023\/wp-json\/wp\/v2\/comments?post=2148"}],"version-history":[{"count":2,"href":"https:\/\/sbrc.sbc.org.br\/2023\/wp-json\/wp\/v2\/pages\/2148\/revisions"}],"predecessor-version":[{"id":2157,"href":"https:\/\/sbrc.sbc.org.br\/2023\/wp-json\/wp\/v2\/pages\/2148\/revisions\/2157"}],"wp:attachment":[{"href":"https:\/\/sbrc.sbc.org.br\/2023\/wp-json\/wp\/v2\/media?parent=2148"}],"curies":[{"name":"wp","href":"https:\/\/api.w.org\/{rel}","templated":true}]}}